{"id":12865,"date":"2024-09-17T00:02:43","date_gmt":"2024-09-17T00:02:43","guid":{"rendered":"https:\/\/travelshelper.com\/staging\/?page_id=12865"},"modified":"2026-03-12T23:49:44","modified_gmt":"2026-03-12T23:49:44","slug":"isvec","status":"publish","type":"page","link":"https:\/\/travelshelper.com\/tr\/destinations\/europe\/sweden\/","title":{"rendered":"\u0130sve\u00e7"},"content":{"rendered":"<p>Resmen \u0130sve\u00e7 Krall\u0131\u011f\u0131 olarak bilinen \u0130sve\u00e7, Kuzey Avrupa&#039;daki \u0130skandinav Yar\u0131madas\u0131&#039;n\u0131n do\u011fu k\u0131sm\u0131n\u0131 i\u015fgal eder, 450.295 kilometrekarelik bir alan\u0131 kaplar ve yakla\u015f\u0131k 10,6 milyonluk bir n\u00fcfusa sahiptir; n\u00fcfusun &#039;i \u00fclkenin orta ve g\u00fcney yar\u0131s\u0131nda k\u00fcmelenmi\u015f kent merkezlerinde ya\u015famaktad\u0131r. Bat\u0131 ve kuzeyde Norve\u00e7, do\u011fuda Finlandiya ile s\u0131n\u0131r kom\u015fusu olan \u0130sve\u00e7, hem kara k\u00fctlesi ve demografi a\u00e7\u0131s\u0131ndan en b\u00fcy\u00fck \u0130skandinav \u00fclkesi hem de Avrupa k\u0131tas\u0131n\u0131n be\u015finci b\u00fcy\u00fck \u00fclkesidir. Ba\u015fkenti Stokholm, M\u00e4laren G\u00f6l\u00fc ve Balt\u0131k Denizi&#039;nin birle\u015fti\u011fi noktada bir ada tak\u0131my\u0131ld\u0131z\u0131na yay\u0131lm\u0131\u015f olup, onuncu y\u00fczy\u0131l\u0131n sonlar\u0131ndaki konsolidasyonundan bu yana denizcilik becerisi, b\u00f6lgesel \u00fcst\u00fcnl\u00fck ve ilerici sosyal politika konusunda kal\u0131c\u0131 bir anlat\u0131 \u00f6ren bir devlet i\u00e7in siyasi, ekonomik ve k\u00fclt\u00fcrel ya\u015fam\u0131n dayanak noktas\u0131 olarak hizmet vermektedir.<\/p>\n<p>G\u00fcn\u00fcm\u00fczde \u0130sve\u00e7 olarak bilinen yerdeki en erken insan varl\u0131\u011f\u0131, M\u00d6 12.000 civar\u0131na, \u00f6nc\u00fc avc\u0131 ve toplay\u0131c\u0131lar\u0131n geri \u00e7ekilen buz tabakalar\u0131n\u0131n ard\u0131ndan kuzeye do\u011fru ilerledi\u011fi zamana dayan\u0131r. Sonraki bin y\u0131llar boyunca, bu farkl\u0131 gruplar Geats ve Svear halklar\u0131 olarak birle\u015ftiler; denizcilik becerileri zamanla Kuzey Atlantik&#039;i haritalayan \u0130skandinav denizcileri aras\u0131nda yerlerini sa\u011flamla\u015ft\u0131racakt\u0131. Onuncu y\u00fczy\u0131l\u0131n sonuna do\u011fru, birle\u015fik bir \u0130sve\u00e7 siyasi yap\u0131s\u0131 ortaya \u00e7\u0131kmaya ba\u015flad\u0131, otoritesi daha sonra \u00fclkeyi Danimarka ve Norve\u00e7&#039;in yan\u0131 s\u0131ra Kalmar Birli\u011fi (1397-1523) ve ard\u0131ndan Otuz Y\u0131l Sava\u015flar\u0131&#039;n\u0131n karga\u015fas\u0131 boyunca y\u00f6nlendirecek bir monar\u015fi alt\u0131nda sa\u011flamla\u015ft\u0131r\u0131ld\u0131. Bu \u00e7at\u0131\u015fma, imparatorluk h\u0131rs\u0131 d\u00f6nemini ba\u015flatt\u0131; \u0130sve\u00e7 bayraklar\u0131, yeni do\u011fan imparatorluk on sekizinci y\u00fczy\u0131l\u0131n ba\u015flar\u0131na kadar kendini bir Avrupa b\u00fcy\u00fck g\u00fcc\u00fc olarak iddia ederken Balt\u0131k k\u0131y\u0131lar\u0131n\u0131n \u00e7o\u011funda dalgaland\u0131. Her ne kadar do\u011fudaki Finlandiya eyaleti 1809&#039;da Rus \u0130mparatorlu\u011fu&#039;na devredilmi\u015f ve \u0130sve\u00e7&#039;in son askeri giri\u015fimi (1814&#039;te Norve\u00e7&#039;le zorunlu birlik) k\u0131sa \u00f6m\u00fcrl\u00fc olmu\u015fsa da, \u00fclke bundan sonra modern kimli\u011finin habercisi olan tarafs\u0131zl\u0131k ve sosyal reform s\u00fcrecini benimsedi.<\/p>\n<p>Mevcut anayasal monar\u015fi ve parlamenter demokraside, yasama yetkisi, 21 il\u00e7e ve 290 belediyeye b\u00f6l\u00fcnm\u00fc\u015f \u00fcniter bir devleti temsil etmek \u00fczere se\u00e7ilen 349 \u00fcyeden olu\u015fan tek meclisli Riksdag&#039;da bulunmaktad\u0131r. On dokuzuncu y\u00fczy\u0131ldan beri \u0130sve\u00e7 y\u00f6netiminin bir \u00f6zelli\u011fi, evrensel sosyal refah\u0131n geni\u015fletilmesi olmu\u015ftur: sa\u011fl\u0131k hizmeti ve \u00fc\u00e7\u00fcnc\u00fcl e\u011fitim kamu taraf\u0131ndan finanse edilmektedir ve \u0130nsani Geli\u015fme Endeksi&#039;nde k\u00fcresel olarak be\u015finci s\u0131rada yer alan ve cinsiyet e\u015fitli\u011fi, gelir e\u015fitli\u011fi ve medeni \u00f6zg\u00fcrl\u00fckler gibi \u00e7e\u015fitli alanlarda m\u00fckemmelli\u011fiyle dikkat \u00e7eken bir toplumun temelini olu\u015fturmaktad\u0131r. 1 Ocak 1995&#039;te Avrupa Birli\u011fi&#039;ne ve 7 Mart 2024&#039;te NATO&#039;ya kat\u0131lan \u0130sve\u00e7, Birle\u015fmi\u015f Milletler, Schengen B\u00f6lgesi, Avrupa Konseyi, \u0130skandinav Konseyi, DT\u00d6 ve OECD&#039;de aktif \u00fcyeli\u011fini s\u00fcrd\u00fcr\u00fcrken ayn\u0131 zamanda silahl\u0131 \u00e7at\u0131\u015fmaya kar\u015f\u0131 tarihi ikircikli\u011fini korumaktad\u0131r.<\/p>\n<p>Co\u011frafi olarak \u0130sve\u00e7, 55\u00b0 ila 69\u00b0 K enlemleri ve esas olarak 11\u00b0 ila 25\u00b0 D boylamlar\u0131 aras\u0131nda uzan\u0131r ve dikkate de\u011fer topografik \u00e7e\u015fitlili\u011fe sahip bir toprak olu\u015fturur. \u0130skandinav da\u011f zinciri, Norve\u00e7 ile bat\u0131 s\u0131n\u0131r\u0131n\u0131 belirler ve yerel olarak \u00e4lvar olarak bilinen, en geni\u015f yolu olan Klar\u00e4lven-G\u00f6ta \u00e4lv sistemi olan ve merkezi Norve\u00e7&#039;ten ba\u015flay\u0131p G\u00f6teborg&#039;da denize ula\u015fmadan \u00f6nce 1.160 kilometreden fazla uzanan m\u00fcthi\u015f geni\u015flikteki nehirleri do\u011furur. Buna kar\u015f\u0131l\u0131k, g\u00fcney yar\u0131s\u0131ndaki de\u011firmenler, yo\u011fun bir kentsel ve tar\u0131msal yerle\u015fim a\u011f\u0131na hizmet etmek i\u00e7in daha dar \u00e5ar&#039;\u0131 kullan\u0131r. \u0130\u00e7 kesimlerde, ormanlar arazinin yakla\u015f\u0131k &#039;ini kaplar ve hidroelektrik ve demir cevherinin yan\u0131 s\u0131ra, m\u00fchendisli\u011fin \u00fcretimin ve d\u0131\u015f sat\u0131\u015flar\u0131n yar\u0131s\u0131n\u0131 olu\u015fturdu\u011fu ihracata y\u00f6nelik bir ekonominin temelini olu\u015fturan kereste kaynaklar\u0131 \u00fcretir. Avrupa&#039;n\u0131n \u00fc\u00e7\u00fcnc\u00fc b\u00fcy\u00fck g\u00f6l\u00fc olan V\u00e4nern, V\u00e4ttern, M\u00e4laren ve Hj\u00e4lmaren ile birlikte G\u00f6taland ve Svealand&#039;\u0131n ovalar\u0131n\u0131 \u015fekillendirirken, Kuzey Kutup Dairesi&#039;nin kuzeyinde fj\u00e4ll ve boreal vah\u015fi do\u011fas\u0131, ren geyi\u011fi s\u00fcr\u00fclerinin dola\u015ft\u0131\u011f\u0131 ve aurora borealis&#039;in gece yar\u0131s\u0131 g\u00f6ky\u00fcz\u00fcnde dans etti\u011fi geni\u015f alanlara d\u00f6n\u00fc\u015f\u00fcyor.<\/p>\n<p>\u0130klimsel olarak \u0130sve\u00e7, kuzey enlemlerinin basit beklentilerine meydan okuyor, \u0131l\u0131man b\u00f6lgeleri K\u00f6rfez Ak\u0131nt\u0131s\u0131 ve hakim bat\u0131 r\u00fczgarlar\u0131 taraf\u0131ndan yumu\u015fat\u0131l\u0131yor; yazlar g\u00fcnd\u00fczleri 19 \u00b0C ila 24 \u00b0C aras\u0131nda y\u00fcksek s\u0131cakl\u0131klar veriyor, k\u0131\u015flar -9 \u00b0C ila 3 \u00b0C aras\u0131nda ortalamalar g\u00f6r\u00fcyor ve en g\u00fcneyde s\u00fcrekli kar \u00f6rt\u00fcs\u00fc tamamen ortadan kalkabiliyor. G\u00fcn \u0131\u015f\u0131\u011f\u0131 saatleri \u00f6nemli \u00f6l\u00e7\u00fcde dalgalan\u0131yor: Stockholm yaz ortas\u0131nda 18 saatten fazla g\u00fcne\u015fe maruz kal\u0131yor, ancak Aral\u0131k ay\u0131nda yaln\u0131zca alt\u0131 saat kadar g\u00fcn \u0131\u015f\u0131\u011f\u0131 g\u00f6r\u00fcyor. Y\u0131ll\u0131k ya\u011f\u0131\u015f miktar\u0131 \u00e7o\u011fu b\u00f6lgede 500 ila 800 milimetre aras\u0131nda de\u011fi\u015fiyor, g\u00fcneybat\u0131da 1.200 milimetreye kadar \u00e7\u0131k\u0131yor ve se\u00e7ili da\u011fl\u0131k yerlerde 2.000 milimetreyi a\u015f\u0131yor; uzun vadeli e\u011filimler ise Barents Denizi&#039;ndeki deniz buzunun azalmas\u0131n\u0131n \u0130skandinavya genelinde gelecekteki kar ya\u011f\u0131\u015f\u0131n\u0131 art\u0131rabilece\u011fini g\u00f6steriyor.<\/p>\n<p>\u0130sve\u00e7&#039;in k\u00fclt\u00fcrel miras\u0131 da ayn\u0131 derecede \u00e7e\u015fitlidir. Mimari soyu, erken Orta \u00c7a\u011f&#039;\u0131n ah\u015fap yap\u0131lar\u0131ndan Lund Katedrali (on birinci y\u00fczy\u0131l) ve tu\u011fla Skara Katedrali (on d\u00f6rd\u00fcnc\u00fc y\u00fczy\u0131l) ile \u00f6rneklenen Romanesk ve Gotik ta\u015f kiliselere ve oradan da Karlskrona&#039;n\u0131n (UNESCO D\u00fcnya Miras\u0131 Alan\u0131) deniz kalesi ve Eker\u00f6&#039;deki kraliyet Drottningholm Saray\u0131 da dahil olmak \u00fczere on yedi y\u00fczy\u0131l\u0131n Barok kalelerine ve rokoko \u015fehir manzaralar\u0131na kadar uzan\u0131r. 1930&#039;daki i\u015flevselci &#034;Stockholm sergisi&#034;, sonraki on y\u0131llarda Milyon Program\u0131&#039;n\u0131n geni\u015f konut geli\u015ftirmelerinde kendini g\u00f6steren funkis olarak bilinen modernist bir dalgay\u0131 h\u0131zland\u0131rd\u0131. \u00c7a\u011fda\u015f d\u00f6n\u00fcm noktalar\u0131 aras\u0131nda, Stockholm&#039;deki Avicii Arena, kubbesi 110 metre uzunlu\u011funda olan d\u00fcnyan\u0131n en b\u00fcy\u00fck yar\u0131m k\u00fcre yap\u0131s\u0131 olarak dikkat \u00e7ekmektedir.<\/p>\n<p>Tarihsel olarak sade ve bal\u0131k, et, patates ve s\u00fct \u00fcr\u00fcnleriyle \u015fekillenen \u0130sve\u00e7 mutfa\u011f\u0131, rafine bir gelene\u011fe d\u00f6n\u00fc\u015fm\u00fc\u015ft\u00fcr. Soslu k\u00f6fte ve k\u0131z\u0131lc\u0131k re\u00e7eli, pyttipanna ha\u015flamas\u0131 ve mevsimlik surstr\u00f6mming fermentasyonu gibi ikonik yemekler, ne\u015feli sm\u00f6rg\u00e5sbord ve snaps ve aquavit e\u015fli\u011finde yap\u0131lan t\u00f6rensel kadeh kald\u0131rmalar\u0131n\u0131n yan\u0131nda yer al\u0131r. Crispbread&#039;ler art\u0131k \u00e7e\u015fitlilik a\u00e7\u0131s\u0131ndan atalar\u0131ndan kalma d\u00fcz formlar\u0131yla rekabet ediyor ve g\u00fcneyde y\u0131lan bal\u0131\u011f\u0131 ve kuzeyde fermente ringa bal\u0131\u011f\u0131 gibi b\u00f6lgesel spesiyaliteler co\u011frafya ve gastronomi aras\u0131ndaki kal\u0131c\u0131 bir ba\u011fa tan\u0131kl\u0131k ediyor.<\/p>\n<p>\u00dclkenin ula\u015f\u0131m altyap\u0131s\u0131, ba\u011flant\u0131 ve \u00e7evre y\u00f6netimine olan ikili ba\u011fl\u0131l\u0131\u011f\u0131n\u0131 yans\u0131t\u0131r. 162.000 kilometreden fazla asfalt yol, 1.428 kilometrelik ekspres yol ve \u00d6resund K\u00f6pr\u00fcs\u00fc \u0130sve\u00e7&#039;i hem i\u00e7eride hem de Danimarka ile birbirine ba\u011flar; \u00f6zel olarak i\u015fletilen demir yolu hatlar\u0131, Trafikverket kapsam\u0131nda b\u00fcy\u00fck \u00f6l\u00e7\u00fcde devlet m\u00fclkiyetinde kal\u0131r ve tek yeralt\u0131 sistemi olan Stockholm metrosu 100 istasyona hizmet verir. Arlanda, Landvetter ve Skavsta&#039;daki b\u00fcy\u00fck havaalanlar\u0131 uluslararas\u0131 seyahati kolayla\u015ft\u0131r\u0131rken, geni\u015f bir araba feribotu ve deniz nakliye yollar\u0131 a\u011f\u0131 \u0130sve\u00e7&#039;i Balt\u0131k kom\u015fular\u0131na ve Kuzey Denizi&#039;nin deniz alan\u0131na ba\u011flar. Sadece Stockholm tak\u0131madalar\u0131 i\u00e7inde, ziyaret\u00e7iler adalarda ve su yollar\u0131nda dola\u015fmak, belirlenmi\u015f yerlerde kamp yapmak ve y\u00fczy\u0131llard\u0131r \u0130sve\u00e7 kimli\u011fini \u015fekillendiren bir deniz ortam\u0131yla samimi kar\u015f\u0131la\u015fmalar olu\u015fturmak i\u00e7in kamu eri\u015fim hakk\u0131n\u0131 kullanabilirler.<\/p>\n<p>\u0130dari ve k\u00fclt\u00fcrel olarak \u0130sve\u00e7, \u00fc\u00e7 tarihi toprakta varl\u0131\u011f\u0131n\u0131 s\u00fcrd\u00fcr\u00fcyor: Kuzeyde Norrland, merkezde Svealand ve g\u00fcneyde G\u00f6taland, her biri resmi h\u00fck\u00fcmet otoritesinden yoksun olmalar\u0131na ra\u011fmen halk\u0131n hayal g\u00fcc\u00fcnde varl\u0131\u011f\u0131n\u0131 s\u00fcrd\u00fcren eyaletlerden olu\u015fuyor. Be\u015f il\u00e7eden olu\u015fan Norrland, kara alan\u0131n\u0131n yakla\u015f\u0131k &#039;\u0131n\u0131 kaps\u0131yor ancak seyrek yerle\u015fimli, ormanlar\u0131, nehirleri ve alpin platolar\u0131 hem k\u0131\u015f sporlar\u0131 hem de ekoturizm f\u0131rsatlar\u0131 sunuyor. \u00dclkenin siyasi ve dini kurumlar\u0131n\u0131n merkezi olan Svealand, Stockholm, Uppsala ve \u00d6rebro&#039;yu i\u00e7eriyor ve k\u00f6kenini \u0130sve\u00e7&#039;in Otuz Y\u0131l Sava\u015flar\u0131 kampanyalar\u0131n\u0131 ilerleten erken metalurji merkezlerine dayand\u0131r\u0131yor. Geats&#039;lar\u0131n atalar\u0131n\u0131n diyar\u0131 olan G\u00f6taland, orta\u00e7a\u011f katedrallerine, ata mezar an\u0131tlar\u0131na ve modern e\u011flence tesislerine tan\u0131kl\u0131k ederken, verimli topraklar\u0131 ve geni\u015f su yollar\u0131, G\u00f6teborg ve Malm\u00f6 gibi \u015fehirlerin end\u00fcstriyel y\u00fckseli\u015fine \u00f6nc\u00fcl\u00fck eden ticaret a\u011flar\u0131n\u0131 s\u00fcrd\u00fcrm\u00fc\u015ft\u00fcr.<\/p>\n<p>\u0130sve\u00e7&#039;teki kentsel ya\u015fam, ba\u015fl\u0131ca \u015fehirleri etraf\u0131nda birle\u015fir. Stockholm&#039;\u00fcn barok saraylar\u0131 ve \u00e7a\u011fda\u015f sanat m\u00fczeleri tarihi \u00e7ekirde\u011fini \u00e7er\u00e7eveler; bir zamanlar \u00fclkenin en \u00f6nemli liman\u0131 olan G\u00f6teborg, end\u00fcstriyel miras\u0131 \u00fcnl\u00fc bir botanik bah\u00e7esiyle harmanlar; Kopenhag&#039;a k\u00f6pr\u00fcyle ba\u011flanan Malm\u00f6, kozmopolit yenilenmeyi \u00f6rneklendirir; \u0130sve\u00e7 ba\u015fpiskoposlar\u0131n\u0131n eski merkezi olan Uppsala, k\u0131tan\u0131n en b\u00fcy\u00fck orta\u00e7a\u011f katedralini korur; Lund, \u00fcniversitesinin canl\u0131l\u0131\u011f\u0131 ve Viking temellerinin yank\u0131lar\u0131yla titre\u015fir; Visby&#039;nin surlarla \u00e7evrili b\u00f6lgesi Hanseatik zenginli\u011fi hat\u0131rlat\u0131r; ve en kuzeydeki \u015fehir olan Ume\u00e5, g\u00fcm\u00fc\u015f hu\u015f ormanlar\u0131 ve e\u011fitim inovasyonu aras\u0131nda geli\u015fir. Bunlar\u0131n \u00f6tesinde, Link\u00f6ping&#039;in havac\u0131l\u0131k kamp\u00fcs\u00fc, Karlskrona&#039;n\u0131n ah\u015fap r\u0131ht\u0131mlar\u0131 ve Kiruna&#039;n\u0131n demir cevheri madeni ve Icehotel&#039;i, ulusal hikayeye her biri ayr\u0131 b\u00f6l\u00fcmler katmaktad\u0131r.<\/p>\n<p>\u0130sve\u00e7&#039;in k\u00fclt\u00fcrel manzaralar\u0131, kentsel alanlar\u0131n \u00f6tesine, engebeli vah\u015fi do\u011fa ve folklorik gelenek alanlar\u0131na kadar uzan\u0131r. Uzun zamand\u0131r Avrupa&#039;n\u0131n son vah\u015fi do\u011fas\u0131 olarak selamlanan Sarek&#039;in subarktik geni\u015fli\u011finden Kosterhavet&#039;in su alt\u0131ndaki resiflerine kadar yirmi dokuz ulusal park, geyik ve kurtlar\u0131n \u00f6zg\u00fcrce dola\u015ft\u0131\u011f\u0131 ve deniz ya\u015fam\u0131n\u0131n dalgalar\u0131n alt\u0131nda geli\u015fti\u011fi ya\u015fam alanlar\u0131n\u0131 korur. Topra\u011f\u0131n bereketi mevsimsel u\u011fra\u015flar\u0131 destekler: k\u0131\u015f\u0131n kros kaya\u011f\u0131 ve sayg\u0131de\u011fer Vasaloppet maratonu; yaz\u0131n Kungsleden patikas\u0131 boyunca y\u00fcr\u00fcy\u00fc\u015f; nehir koridorlar\u0131nda kano; tak\u0131mada adac\u0131klar\u0131 aras\u0131nda yelken; ve as\u0131rlard\u0131r s\u00fcregelen meyve ve mantar aray\u0131\u015f\u0131. Kayak, ko\u015fu, bisiklet ve y\u00fczmeden olu\u015fan bir dayan\u0131kl\u0131l\u0131k d\u00f6rtl\u00fcs\u00fc olan \u0130sve\u00e7 Klasik Devresi, ulusal ya\u015fam\u0131 saran a\u00e7\u0131k hava vatanda\u015fl\u0131\u011f\u0131 ruhunu temsil eder.<\/p>\n<p>\u0130sve\u00e7&#039;in kurumlar\u0131, toplumsal alanda kolektif refah ve e\u015fitlik\u00e7i vaat ahlak\u0131n\u0131 yans\u0131t\u0131r. Ki\u015fi ba\u015f\u0131na d\u00fc\u015fen GSY\u0130H&#039;nin d\u00fcnyan\u0131n en y\u00fcksekleri aras\u0131nda olmas\u0131 ve on ikinci en zengin \u00fclke konumunda olmas\u0131yla, Volvo, Ericsson, SAAB ve IKEA taraf\u0131ndan \u00f6rneklendirilen end\u00fcstriyel beceriyi, halk k\u00fclt\u00fcr\u00fcn\u00fc, el sanatlar\u0131n\u0131 ve toplumsal ya\u015fam\u0131 koruyan dernekler arac\u0131l\u0131\u011f\u0131yla sivil toplumun idaresiyle dengeler. Skansen gibi a\u00e7\u0131k hava m\u00fczeleri, yerel mimariyi ve geleneksel el sanatlar\u0131n\u0131 korur; hembygdsf\u00f6reningar (yerel miras topluluklar\u0131) k\u00fclt\u00fcrel s\u00fcreklili\u011fi destekler; ve kamusal eri\u015fim hakk\u0131 (allemansr\u00e4tten), do\u011fal hazineler i\u00e7in payla\u015f\u0131lan bir sorumlulu\u011fu kutsalla\u015ft\u0131r\u0131r.<\/p>\n<p>\u0130sve\u00e7&#039;i ge\u00e7mek, buzul topografyas\u0131n\u0131n metropol ya\u015fam\u0131n\u0131n u\u011fultusuyla bulu\u015ftu\u011fu, as\u0131rl\u0131k ta\u015f kulelerin \u00e7am ormanlar\u0131n\u0131 noktalad\u0131\u011f\u0131 ve a\u00e7\u0131kl\u0131k ethosunun kamusal ve \u00f6zel \u00e7aban\u0131n her y\u00f6n\u00fcn\u00fc etkiledi\u011fi bir diyara tan\u0131k olmakt\u0131r. Lapland&#039;\u0131n donmu\u015f da\u011flar\u0131ndan Malm\u00f6&#039;n\u00fcn Arnavut kald\u0131r\u0131ml\u0131 r\u0131ht\u0131mlar\u0131na kadar, \u00fclkenin katmanl\u0131 tarihi\u2014Viking \u015fefleri ve imparatorluk kurucular\u0131, end\u00fcstriyel yenilik\u00e7iler ve sosyal reformcular\u2014hem fiziksel \u00e7evrede hem de kolektif hayal g\u00fcc\u00fcnde elle tutulur halde kal\u0131r. Hem s\u00fcreklilik hem de de\u011fi\u015fimle tan\u0131mlanan, do\u011fan\u0131n temel g\u00fc\u00e7lerinin edebiyat\u0131n, tasar\u0131m\u0131n ve medeni d\u00fczenin rafine ifadeleriyle bir arada var oldu\u011fu, k\u00fclt\u00fcrel ve \u00e7evresel yank\u0131n\u0131n kal\u0131c\u0131 bir anlat\u0131s\u0131n\u0131 olu\u015fturan bir \u00fclkedir.<\/p>","protected":false},"excerpt":{"rendered":"<p>\u0130sve\u00e7, resmen \u0130sve\u00e7 Krall\u0131\u011f\u0131 olarak an\u0131l\u0131r, Kuzey Avrupa&#039;daki \u0130skandinav Yar\u0131madas\u0131&#039;nda bulunan ve yakla\u015f\u0131k 10,6 milyonluk bir n\u00fcfusa sahip bir \u0130skandinav \u00fclkesidir. Bat\u0131 ve kuzeyde Norve\u00e7 ile do\u011fuda Finlandiya aras\u0131nda stratejik olarak \u0130sve\u00e7 yer al\u0131r. \u00c7e\u015fitli arazilere sahip 450.295 kilometrekarelik (173.656 mil kare) inan\u0131lmaz bir alan\u0131 kaplayan \u00fclke, en b\u00fcy\u00fck \u0130skandinav \u00fclkesi olmas\u0131n\u0131n yan\u0131 s\u0131ra Avrupa&#039;n\u0131n be\u015finci b\u00fcy\u00fck \u00fclkesidir. Bu topraklar\u0131n b\u00fcy\u00fck geni\u015fli\u011fi ve olduk\u00e7a k\u00fc\u00e7\u00fck n\u00fcfusuyla birle\u015fen kilometrekare ba\u015f\u0131na yakla\u015f\u0131k 25,5 ki\u015filik d\u00fc\u015f\u00fck n\u00fcfus yo\u011funlu\u011fu, \u0130skandinav b\u00f6lgesini tan\u0131mlar.<\/p>","protected":false},"author":1,"featured_media":3377,"parent":24078,"menu_order":0,"comment_status":"closed","ping_status":"closed","template":"elementor_theme","meta":{"_eb_attr":"","footnotes":""},"class_list":["post-12865","page","type-page","status-publish","has-post-thumbnail"],"_links":{"self":[{"href":"https:\/\/travelshelper.com\/tr\/wp-json\/wp\/v2\/pages\/12865","targetHints":{"allow":["GET"]}}],"collection":[{"href":"https:\/\/travelshelper.com\/tr\/wp-json\/wp\/v2\/pages"}],"about":[{"href":"https:\/\/travelshelper.com\/tr\/wp-json\/wp\/v2\/types\/page"}],"author":[{"embeddable":true,"href":"https:\/\/travelshelper.com\/tr\/wp-json\/wp\/v2\/users\/1"}],"replies":[{"embeddable":true,"href":"https:\/\/travelshelper.com\/tr\/wp-json\/wp\/v2\/comments?post=12865"}],"version-history":[{"count":0,"href":"https:\/\/travelshelper.com\/tr\/wp-json\/wp\/v2\/pages\/12865\/revisions"}],"up":[{"embeddable":true,"href":"https:\/\/travelshelper.com\/tr\/wp-json\/wp\/v2\/pages\/24078"}],"wp:featuredmedia":[{"embeddable":true,"href":"https:\/\/travelshelper.com\/tr\/wp-json\/wp\/v2\/media\/3377"}],"wp:attachment":[{"href":"https:\/\/travelshelper.com\/tr\/wp-json\/wp\/v2\/media?parent=12865"}],"curies":[{"name":"wp","href":"https:\/\/api.w.org\/{rel}","templated":true}]}}