{"id":12822,"date":"2024-09-16T23:08:31","date_gmt":"2024-09-16T23:08:31","guid":{"rendered":"https:\/\/travelshelper.com\/staging\/?page_id=12822"},"modified":"2026-03-13T12:12:03","modified_gmt":"2026-03-13T12:12:03","slug":"blackpool","status":"publish","type":"page","link":"https:\/\/travelshelper.com\/tr\/destinations\/europe\/united-kingdom\/blackpool\/","title":{"rendered":"Blackpool"},"content":{"rendered":"<p>\u0130ngiltere&#039;nin g\u00fcney k\u0131y\u0131lar\u0131nda, Londra&#039;n\u0131n 47 mil g\u00fcneyinde yer alan Brighton, antik \u00e7a\u011f ile modern canl\u0131l\u0131\u011f\u0131n birle\u015fti\u011fi bir yer olarak kar\u015f\u0131m\u0131za \u00e7\u0131k\u0131yor. 13,2 km\u00b2&#039;lik kentsel yay\u0131l\u0131m\u0131, kuzeyinde South Downs&#039;un engebeli tebe\u015fir tabakas\u0131 ve g\u00fcneyinde Man\u015f Denizi&#039;nin sakin k\u0131vr\u0131mlar\u0131yla \u00e7evrelenmi\u015f. Brighton ve Hove b\u00f6lgesinde yakla\u015f\u0131k 277.965 ki\u015filik bir yerle\u015fik n\u00fcfusa sahip olan ve 2011 n\u00fcfus say\u0131m\u0131na g\u00f6re daha geni\u015f kentsel alanda yakla\u015f\u0131k 474.485&#039;e y\u00fckselen bu \u015fehrin anlat\u0131s\u0131, Bronz \u00c7a\u011f\u0131 yerle\u015fiminden, Roma ve Anglo-Sakson yerle\u015fimlerine ve 1086 tarihli Domesday Kitab\u0131&#039;nda Brighthelmstone olarak ilk kaydedilen s\u00f6ze kadar uzan\u0131yor. Bug\u00fcn, Brighton&#039;\u0131n demografik profili a\u011f\u0131rl\u0131kl\u0131 olarak yirmi ila k\u0131rk d\u00f6rt ya\u015f aras\u0131ndaki yeti\u015fkinlere do\u011fru kay\u0131yor; \u00e7ok gen\u00e7 ve ya\u015fl\u0131lar\u0131n g\u00f6receli k\u0131tl\u0131\u011f\u0131, \u015fehrin Birle\u015fik Krall\u0131k&#039;\u0131n gayri resmi e\u015fcinsel ba\u015fkenti olarak \u00fcn\u00fcn\u00fc destekleyen, varl\u0131\u011f\u0131yla yirmili ya\u015flardaki b\u00fcy\u00fck bir kozmopolit grup taraf\u0131ndan dengeleniyor; 2021 n\u00fcfus say\u0131m\u0131na g\u00f6re on sekiz ya\u015f \u00fcst\u00fc sakinlerinin ,7&#039;si e\u015fcinsel, lezbiyen veya biseks\u00fcel olarak tan\u0131mlan\u0131yor.<\/p>\n<p>Mevsimlik Wellesbourne&#039;un (Whalesbone olarak da bilinir) yan\u0131nda ilk ortaya \u00e7\u0131k\u0131\u015f\u0131ndan bu yana, bir zamanlar Do\u011fu Kayal\u0131\u011f\u0131&#039;n\u0131n alt\u0131ndan k\u0131vr\u0131larak akan ve 1793&#039;te menfezlerin alt\u0131nda kaybolan bir nehir olan Brighton&#039;\u0131n kaderi kara ve denizin bulu\u015fmas\u0131yla \u015fekillenmi\u015ftir. Durgun bir orta\u00e7a\u011f g\u00f6leti olan Pool veya Poole, eskiden \u015fu anda Pool Vadisi&#039;nin bir \u00f6zelli\u011fiydi, on sekizinci y\u00fczy\u0131l geli\u015fimi alt\u0131nda kaybolmu\u015f ve geriye yaln\u0131zca soka\u011f\u0131n ad\u0131, \u00e7oktan kaybolmu\u015f bir manzaran\u0131n kan\u0131t\u0131 olarak kalm\u0131\u015ft\u0131r. Do\u011fuya do\u011fru, tarihsel olarak The Steine \u200b\u200bolarak bilinen batakl\u0131k d\u00fczl\u00fckler bal\u0131k\u00e7\u0131lara a\u011flar\u0131n\u0131 kurutacaklar\u0131 ge\u00e7ici bir tuval sa\u011flam\u0131\u015ft\u0131r; bu Eski Steine \u200b\u200bdaha sonra zarif bir gezinti alan\u0131na, uzun s\u00fcren ya\u011fmurlar s\u0131ras\u0131nda gizli Wellesbourne&#039;un ara s\u0131ra yeniden y\u00fczeye \u00e7\u0131kt\u0131\u011f\u0131 bir alana d\u00f6n\u00fc\u015fm\u00fc\u015ft\u00fcr, bu da on dokuzuncu y\u00fczy\u0131l\u0131n ba\u015flar\u0131nda al\u0131\u015f\u0131lmad\u0131k sularla \u00e7evrili Kraliyet K\u00f6\u015fk\u00fc&#039;n\u00fcn tasvirinde kan\u0131tlanm\u0131\u015ft\u0131r.<\/p>\n<p>Orta \u00c7a\u011f boyunca, Brighthelmstone&#039;un denizcilik potansiyeli kom\u015fusu Shoreham&#039;\u0131n \u00e7evresinde kald\u0131, ancak &#034;Brighthelmston Liman\u0131&#034; ve &#034;Brighton Liman\u0131&#034; etiketleri, k\u0131y\u0131 cephesi su bask\u0131n\u0131 ve a\u015f\u0131nma d\u00f6nemlerine maruz kalsa bile, g\u00fcmr\u00fck ama\u00e7lar\u0131 i\u00e7in on d\u00f6rd\u00fcnc\u00fc ve on dokuzuncu y\u00fczy\u0131llar aras\u0131nda aral\u0131kl\u0131 olarak kullan\u0131ld\u0131. Al\u00fcvyon, kil, \u00e7akmakta\u015f\u0131 ve ye\u015fil kum tabakalar\u0131n\u0131n alt\u0131nda yatan tebe\u015firden olu\u015fan Do\u011fu Kayal\u0131\u011f\u0131, y\u00fczy\u0131llar boyunca geriledi -sadece on d\u00f6rd\u00fcnc\u00fc y\u00fczy\u0131lda k\u0131rk d\u00f6n\u00fcml\u00fck k\u0131y\u0131 \u015feridi yok oldu- ve \u00f6zellikle 1703 ve 1896&#039;daki ard\u0131\u015f\u0131k f\u0131rt\u0131nalar, kum setlerinde ve ilkel deniz savunmalar\u0131nda y\u0131k\u0131ma yol a\u00e7t\u0131. 1723&#039;te in\u015fa edilen ilk deniz duvar\u0131, y\u00fcz y\u0131l sonra etkileyici bir duvar \u00f6rg\u00fcs\u00fcyle de\u011fi\u015ftirildi, Brighton&#039;\u0131 Kanal&#039;\u0131n k\u0131\u015f f\u0131rt\u0131nalar\u0131n\u0131n kaprislerine kar\u015f\u0131 demirleyecek kal\u0131c\u0131 bir siper.<\/p>\n<p>Ancak, Londra&#039;ya giden daha d\u00fczg\u00fcn yollar\u0131n geli\u015fi ve Frans\u0131z ge\u00e7i\u015fi ihtimali Brighton&#039;\u0131 erken modern \u00e7a\u011f\u0131n yozla\u015fm\u0131\u015fl\u0131\u011f\u0131ndan diriltti. O zamanlar zihin ve beden rahats\u0131zl\u0131klar\u0131na \u015fifa olarak duyurulan deniz banyosu, kaderleri kasaban\u0131n bir sa\u011fl\u0131k tesisi olarak geli\u015fen kimli\u011fine ayr\u0131lmaz bir \u015fekilde ba\u011fl\u0131 olan ziyaret\u00e7ilerin s\u00fcrekli ak\u0131\u015f\u0131n\u0131 \u00e7ekti. G\u00fcrc\u00fc d\u00f6neminde, Prens Regent&#039;in Brighthelmstone&#039;a olan hayranl\u0131\u011f\u0131 hem sil\u00fcetini hem de toplumsal adetlerini d\u00f6n\u00fc\u015ft\u00fcrd\u00fc: John Nash&#039;in y\u00f6netimi alt\u0131nda Kraliyet K\u00f6\u015fk\u00fc&#039;n\u00fcn in\u015fas\u0131, sahile bir Hint-Sarazen fantezisi bah\u015fetti, so\u011fan kubbeleri, yald\u0131zl\u0131 tavanlar\u0131 ve Do\u011fu i\u00e7 mekan\u0131 G\u00fcrc\u00fc k\u0131s\u0131tlamas\u0131na bir kar\u015f\u0131 nokta olu\u015fturdu.<\/p>\n<p>1841&#039;de Londra-Brighton demir yolunun geli\u015fi bu d\u00f6n\u00fc\u015f\u00fcm\u00fc h\u0131zland\u0131rd\u0131, iki g\u00fcnl\u00fck bir araba yolculu\u011funu h\u0131zl\u0131 doksan dakikal\u0131k bir yolculu\u011fa d\u00f6n\u00fc\u015ft\u00fcrd\u00fc ve varl\u0131klar\u0131 yeni konaklama ve e\u011flenceler talep eden g\u00fcn\u00fcbirlik gezginlerin \u00e7o\u011falmas\u0131n\u0131 te\u015fvik etti. Viktorya d\u00f6nemi mimari d\u00f6n\u00fcm noktalar\u0131n\u0131n bollu\u011funu miras b\u0131rakt\u0131: Cephesi art\u0131k m\u00fcrekkep mavisi \u0131\u015f\u0131kla ayd\u0131nlat\u0131lm\u0131\u015f olan Grand Hotel (1864); Hilton Brighton Metropole; Palace Pier (aslen Brighton Marine Palace and Pier, 1899); ve 2003&#039;teki yang\u0131nlar\u0131n ve amans\u0131z Atlantik&#039;in kurban\u0131 olan iskelet kal\u0131nt\u0131lar\u0131n\u0131n bir deniz kenar\u0131 g\u00f6sterisi \u00e7a\u011f\u0131n\u0131n hayalet gibi bir vasiyeti olarak durdu\u011fu West Pier (1866).<\/p>\n<p>Bu iskeleler aras\u0131ndaki bo\u015fluklarda bir zamanlar Dieppe&#039;ye giden bir paket tekne iskelesi olan ve 1896&#039;da f\u0131rt\u0131nada y\u0131k\u0131lan Zincir \u0130skelesi bulunuyordu; bug\u00fcn, par\u00e7alar\u0131 yaln\u0131zca gelgit s\u0131ras\u0131nda y\u00fczeye \u00e7\u0131k\u0131yor. Yirminci y\u00fczy\u0131l\u0131n sonlar\u0131nda sahil \u015feridinin daha da yeniden \u015fekillendi\u011fi g\u00f6r\u00fcld\u00fc: Brighton i360 g\u00f6zlem kulesi A\u011fustos 2016&#039;da a\u00e7\u0131ld\u0131, ince s\u00fctunu 162 m&#039;ye kadar y\u00fckseliyor ve 138 m&#039;ye kadar y\u00fckselen cam bir b\u00f6lmeyle kendini Londra d\u0131\u015f\u0131ndaki en y\u00fcksek Britanya yap\u0131s\u0131 ilan ediyor. Bunun yan\u0131nda, 1883&#039;te kurulan ve hala Palace Pier ile Black Rock aras\u0131nda yolcu ta\u015f\u0131yan Volk&#039;un Elektrikli Demiryolu, hen\u00fcz g\u00f6lgede kalmam\u0131\u015f bir sahil ta\u015f\u0131mac\u0131l\u0131\u011f\u0131 soyunu \u00e7a\u011fr\u0131\u015ft\u0131r\u0131yor.<\/p>\n<p>Brighton&#039;\u0131n topografik ikili\u011fi - deniz seviyesinden Newhaven u\u00e7urumlar\u0131nda 100 metrenin \u00fczerindeki bir tepeye do\u011fru kademeli y\u00fckseli\u015fi - ana caddelerinin yerle\u015fimini dikte etmi\u015ftir. A23, Londra ve Gatwick&#039;e do\u011fru kuzeye do\u011fru uzan\u0131rken, A259 ve A27 do\u011fu-bat\u0131 eksenlerini izler, ikincisi art\u0131k kentsel s\u0131k\u0131\u015f\u0131kl\u0131\u011f\u0131 hafifletmek i\u00e7in Brighton Baypas\u0131 (1992&#039;de tamamland\u0131) boyunca y\u00f6nlendirilmi\u015ftir. Bu ana arter a\u011f\u0131n\u0131n alt\u0131nda atl\u0131 tramvaylar\u0131n, troleyb\u00fcslerin ve su alt\u0131 kanatl\u0131 u\u00e7aklar\u0131n kal\u0131nt\u0131lar\u0131 yatmaktad\u0131r - hepsi de ba\u011flant\u0131 i\u00e7in s\u00fcregelen bir aray\u0131\u015f\u0131n kan\u0131tlar\u0131d\u0131r. G\u00fcn\u00fcm\u00fczde, \u00e7o\u011fu kamusal bini\u015f, Thameslink operat\u00f6rlerinin St Pancras&#039;a giden trenlerinde veya West ve East Coastway hatlar\u0131 \u00fczerinden ger\u00e7ekle\u015fmektedir, London Road viyad\u00fc\u011f\u00fc yolculara hem \u00e7at\u0131lar\u0131n hem de iskele ba\u015flar\u0131n\u0131n etkileyici bir panoramas\u0131n\u0131 sunmaktad\u0131r.<\/p>\n<p>\u015eehrin iklimi -K\u00f6ppen &#039;Cfb&#039; tan\u0131m\u0131- s\u0131k s\u0131k bulut ve ya\u011fmur \u00f6rt\u00fcs\u00fc alt\u0131nda serin yazlar ve \u0131l\u0131man k\u0131\u015flar sunar. Deniz k\u0131y\u0131s\u0131nda 740 mm ve Downs&#039;un tepesinde 1.000 mm&#039;ye yakla\u015fan y\u0131ll\u0131k ya\u011f\u0131\u015f, hem topra\u011f\u0131 hem de ani f\u0131rt\u0131nalara al\u0131\u015fk\u0131n bir yerin ruhunu \u015fekillendirmi\u015ftir; yo\u011fun kar ya\u011f\u0131\u015f\u0131 nadirdir, ancak 1881 ve 1967&#039;deki kar f\u0131rt\u0131nalar\u0131 yerel geleneklere dokunmu\u015ftur.<\/p>\n<p>Brighton&#039;\u0131n sosyok\u00fclt\u00fcrel kartografisi, bireyselcilikle dolu b\u00f6lgeleri ortaya koyuyor. Ad\u0131, Anglosakson dilinde &#034;tarlalar&#034; anlam\u0131na gelen kelimeden bozulmu\u015f olan North Laine, Lanes&#039;in kuzeyinde, d\u00f6rt y\u00fczden fazla avangard i\u015fletmenin antika ticareti yapt\u0131\u011f\u0131, sanat\u00e7\u0131 st\u00fcdyolar\u0131, bit pazarlar\u0131 ve kafelerin \u00e7o\u011falmas\u0131yla elle tutulur bir topluluk duygusunun alt\u0131n\u0131 \u00e7izdi\u011fi yayala\u015ft\u0131r\u0131lm\u0131\u015f sokaklar\u0131n bir b\u00f6lgesi olarak ortaya \u00e7\u0131k\u0131yor. G\u00fcneyde, Lanes eski bal\u0131k\u00e7\u0131 k\u00f6y\u00fcn\u00fcn k\u0131vr\u0131ml\u0131 sokak plan\u0131n\u0131 koruyor, dar sokaklar\u0131 kuyumcular, butikler, restoranlar ve publarla s\u0131ralanm\u0131\u015f ve ziyaret\u00e7iyi canl\u0131 bir palimpsestte y\u00f6nlendiren mekansal bir koreografiye sahip. Churchill Meydan\u0131&#039;nda toptan bir kar\u015f\u0131 nokta bulunuyor. 1960&#039;larda a\u00e7\u0131k hava perakende katedrali olarak tasarlanan ve 1998&#039;de yeni duvarlar\u0131n ard\u0131nda yeniden ke\u015ffedilen, 80 ma\u011fazas\u0131 ve 1.600 park yeri bulunan al\u0131\u015fveri\u015f merkezi, Brighton&#039;\u0131n modern ticari anlay\u0131\u015f\u0131n\u0131 benimsedi\u011finin sembol\u00fc.<\/p>\n<p>Haftada iki kez, \u015fehir bit pazarlar\u0131yla dolup ta\u015f\u0131yor - Pazar sabahlar\u0131 Marina&#039;n\u0131n \u00e7at\u0131 otopark\u0131nda ve Brighton Hipodromu&#039;nda - eski Prens Regent&#039;in saray\u0131, Regency ihti\u015fam\u0131n\u0131n I. Derece listelenmi\u015f bir amblemi olan Kraliyet K\u00f6\u015fk\u00fc olarak varl\u0131\u011f\u0131n\u0131 s\u00fcrd\u00fcr\u00fcyor. Yak\u0131nlarda, ak\u015fam yeme\u011fi kul\u00fcb\u00fc olarak yeniden i\u015flevlendirilen Sassoon Mozolesi ve say\u0131s\u0131z kilise ve ibadet yeri - Anglo-Sakson k\u00f6kenleri Domesday&#039;den \u00f6nceye dayanan Ana Kilise St Nicholas; St Bartholomew&#039;un y\u00fckselen tu\u011fladan yap\u0131lm\u0131\u015f nefi; St Peter&#039;s, St Martin&#039;in s\u00fcsl\u00fc i\u00e7 mekan\u0131; Friends Meeting House; Unitarian \u015fapeli; Kemptown&#039;daki St John the Baptist&#039;s dahil alt\u0131 Roma Katolik tap\u0131na\u011f\u0131; be\u015f sinagog; birka\u00e7 cami; Budist merkezleri - Brighton&#039;\u0131n \u00e7o\u011fulcu ahlak\u0131na tan\u0131kl\u0131k ediyor.<\/p>\n<p>K\u0131y\u0131 boyunca e\u011flence, adland\u0131r\u0131lm\u0131\u015f b\u00f6l\u00fcmleri (Boundary to Black Rock) belirleyen dalgak\u0131ranlarla noktalanan 5,4 mil geni\u015fli\u011findeki \u00e7ak\u0131l plaj\u0131ndan ve gelgit s\u0131ras\u0131nda ortaya \u00e7\u0131kan kumlu k\u0131y\u0131 \u015feridinden, 600 m&#039;lik bir tahta kald\u0131r\u0131mla ge\u00e7ilen Black Rock&#039;taki bitki \u00f6rt\u00fcl\u00fc \u00e7ak\u0131l ya\u015fam alan\u0131na kadar uzan\u0131r. Britanya&#039;n\u0131n ilk belirlenmi\u015f nat\u00fcrist yerle\u015fim yeri olan Cliff Beach, \u015fehir s\u0131n\u0131rlar\u0131n\u0131n \u00f6tesinde, 2000&#039;den beri periyodik u\u00e7urum d\u00fc\u015fmelerine kar\u015f\u0131 koyan bir Undercliff Walk ile birbirine ba\u011flanan \u00fc\u00e7 k\u00fc\u00e7\u00fck koy aras\u0131nda yer al\u0131r. Mart 2007&#039;de yenilenen Madeira Drive&#039;\u0131n do\u011fu k\u0131s\u0131mlar\u0131 oyun alanlar\u0131, mini golf, saunalar ve voleybol sahalar\u0131 sunarken, 2014&#039;ten beri kapal\u0131 olan ancak II. Derece* listesinde yer alan 865 m&#039;lik Madeira Terrace kemerleri, yeni bir a\u00e7\u0131k y\u00fczme merkezi ve 50 m&#039;lik havuzunun yan\u0131nda restore edilmeyi bekliyor. Black Rock lidosunun 1978 y\u0131l\u0131nda y\u0131k\u0131lmas\u0131yla olu\u015fan bo\u015flukta \u015fu anda marina alanlar\u0131, kaykay parklar\u0131, otel, spor arenas\u0131 ve konut kuleleri i\u00e7in yap\u0131lan teklifler yer al\u0131yor.<\/p>\n<p>Bu kentsel koreografinin ortas\u0131nda, yeti\u015ftirilmi\u015f bir biyolojik \u00e7e\u015fitlilik cebi yer al\u0131r: Dan Danahar taraf\u0131ndan 2006 ve 2007 y\u0131llar\u0131 aras\u0131nda Ulusal Piyango ve BBC fonuyla kurulan Liz Williams Kelebek Cenneti, ad\u0131n\u0131 ald\u0131\u011f\u0131 botanik\u00e7iyi, tebe\u015fir tepesi ve Adonis mavisinden ye\u015fil sa\u00e7 \u00e7izgisine kadar yirmi yedi kelebek t\u00fcr\u00fcn\u00fc \u00e7eken yabani \u00e7i\u00e7ekler ve otlar yeti\u015ftirerek anmaktad\u0131r. Dorothy Stringer ve Varndean kolejleri aras\u0131nda bulunan bu cennet, \u015fehrin daha geni\u015f dokusu i\u00e7inde ekolojik bir kesit sunmaktad\u0131r.<\/p>\n<p>Brighton&#039;da ak\u015fam karanl\u0131\u011f\u0131, yemek ve e\u011flencenin \u00e7i\u00e7ek a\u00e7mas\u0131n\u0131 beraberinde getiriyor: yakla\u015f\u0131k 250 restoran, \u00e7ok say\u0131da ba\u011f\u0131ms\u0131z kahvehane ve 2022&#039;de ulusal d\u00fczeyde \u00fcn kazanan vegan ve vejetaryen i\u015fletmelerinin m\u00fcthi\u015f yo\u011funlu\u011fu. Gece kul\u00fcpleri, barlar ve pasajlar sahil \u015feridini s\u00fcsl\u00fcyor; Concorde 2, Brighton Centre ve ABBA&#039;n\u0131n 1974&#039;teki Eurovision zaferinin y\u00fckseli\u015flerini h\u0131zland\u0131rd\u0131\u011f\u0131 Brighton Dome gibi m\u00fczik mekanlar\u0131 orkestra resitallerinden elektronik dans etkinliklerine kadar uzanan performanslara ev sahipli\u011fi yap\u0131yor. Brighton&#039;\u0131n Britanya&#039;n\u0131n en kalabal\u0131k elektronik m\u00fczik bulu\u015fmalar\u0131na ev sahipli\u011fi yapma iddias\u0131, her may\u0131s ay\u0131nda d\u00fczenlenen y\u0131ll\u0131k Great Escape festivali ve \u015fehrin Fatboy Slim ve the Kooks&#039;tan Royal Blood ve Lovejoy&#039;a kadar bir\u00e7ok sanat\u00e7\u0131n\u0131n sahnelerinde deneyim kazand\u0131\u011f\u0131 bir sanat\u00e7\u0131 panteonu \u00fcretmesiyle destekleniyor.<\/p>\n<p>Ula\u015f\u0131m altyap\u0131s\u0131 Brighton&#039;\u0131n geli\u015fen taleplerine uyum sa\u011flam\u0131\u015ft\u0131r. 1993&#039;ten beri Go-Ahead&#039;in bir yan kurulu\u015fu olan Brighton &amp; Hove Bus Company, daha k\u00fc\u00e7\u00fck operat\u00f6rlerin yan\u0131 s\u0131ra 280 otob\u00fcsl\u00fck bir filo i\u015fletmektedir; 1.184&#039;ten fazla durak \u015fehir manzaras\u0131n\u0131 noktalamaktad\u0131r ve bunlardan 456&#039;s\u0131 bar\u0131nak ve ger\u00e7ek zamanl\u0131 bilgi ekranlar\u0131ndan yararlanmaktad\u0131r. Park et ve bin, \u00f6zel servis hizmeti olmadan Withdean Stadyumu ile s\u0131n\u0131rl\u0131 olarak embriyonik olarak kalmaktad\u0131r; bu, mali a\u00e7\u0131dan ihtiyats\u0131z oldu\u011fu gerek\u00e7esiyle daha fazla plan\u0131 reddeden 2013 \u015eehir Plan\u0131&#039;n\u0131n bir sonucudur. Dokuz mil bat\u0131daki Shoreham Havaalan\u0131 hafif u\u00e7ak kiralamalar\u0131n\u0131 kolayla\u015ft\u0131r\u0131rken, 30 metre kuzeydeki Gatwick Havaalan\u0131, Brighton&#039;\u0131 d\u00fczenli tren ve otob\u00fcs ba\u011flant\u0131lar\u0131yla k\u00fcresel a\u011flara ba\u011flamaktad\u0131r.<\/p>\n<p>1997&#039;de Hove ile birle\u015ferek Brighton ve Hove birle\u015fik otoritesini olu\u015fturmas\u0131ndan ve 2000&#039;de \u015fehir stat\u00fcs\u00fcne ula\u015fmas\u0131ndan bu yana Brighton, dinlenme ve durmaks\u0131z\u0131n yeniden icat etme yeri olarak ikili miras\u0131n\u0131 kararl\u0131l\u0131kla benimsedi. Burada, gelgitlerin ritmi, ok\u015fad\u0131\u011f\u0131 manzaralar kadar \u00e7e\u015fitli bir toplumsal ritmi destekler; tebe\u015firden \u00e7ak\u0131la, Regency ihti\u015fam\u0131ndan avangard alt k\u00fclt\u00fcre, her d\u00f6nem bir \u00f6ncekinin \u00fczerine katmanlar halinde yerle\u015ferek, ayn\u0131 anda hem tarihsel olarak yank\u0131lanan hem de canl\u0131 bir \u015fekilde \u00e7a\u011fda\u015f bir \u015fehir ortaya \u00e7\u0131kar\u0131r.<\/p>","protected":false},"excerpt":{"rendered":"<p>\u0130ngiltere&#039;nin Lancashire b\u00f6lgesindeki, muhte\u015fem Fylde k\u0131y\u0131s\u0131nda yer alan canl\u0131 tatil beldesi Blackpool, \u0130ngiliz k\u0131y\u0131 destinasyonlar\u0131n\u0131n turistler i\u00e7in devam eden \u00e7ekicili\u011finin ba\u015fl\u0131ca bir \u00f6rne\u011fidir. Liverpool&#039;un yakla\u015f\u0131k 27 mil (43 km) kuzeyinde ve Preston&#039;\u0131n 14 mil (23 km) bat\u0131s\u0131nda bulunan Blackpool, \u0130rlanda Denizi k\u0131y\u0131s\u0131nda birinci s\u0131n\u0131f bir konumda yer al\u0131r ve ad\u0131n\u0131 ta\u015f\u0131yan il\u00e7enin ana kasabas\u0131d\u0131r. 2021 say\u0131m\u0131na g\u00f6re 141.000 ki\u015filik kasaban\u0131n n\u00fcfusu, \u00f6nceki on y\u0131ldaki 1.100.000&#039;den biraz d\u00fc\u015ft\u00fc. K\u00fc\u00e7\u00fck de olsa bu demografik de\u011fi\u015fim, Blackpool&#039;un Birle\u015fik Krall\u0131k&#039;taki en tan\u0131nan ve sevilen sahil beldelerinden biri olarak itibar\u0131n\u0131n zarar g\u00f6rmesine yard\u0131mc\u0131 olmad\u0131.<\/p>","protected":false},"author":1,"featured_media":2771,"parent":12648,"menu_order":0,"comment_status":"closed","ping_status":"closed","template":"elementor_theme","meta":{"_eb_attr":"","footnotes":""},"class_list":["post-12822","page","type-page","status-publish","has-post-thumbnail"],"_links":{"self":[{"href":"https:\/\/travelshelper.com\/tr\/wp-json\/wp\/v2\/pages\/12822","targetHints":{"allow":["GET"]}}],"collection":[{"href":"https:\/\/travelshelper.com\/tr\/wp-json\/wp\/v2\/pages"}],"about":[{"href":"https:\/\/travelshelper.com\/tr\/wp-json\/wp\/v2\/types\/page"}],"author":[{"embeddable":true,"href":"https:\/\/travelshelper.com\/tr\/wp-json\/wp\/v2\/users\/1"}],"replies":[{"embeddable":true,"href":"https:\/\/travelshelper.com\/tr\/wp-json\/wp\/v2\/comments?post=12822"}],"version-history":[{"count":0,"href":"https:\/\/travelshelper.com\/tr\/wp-json\/wp\/v2\/pages\/12822\/revisions"}],"up":[{"embeddable":true,"href":"https:\/\/travelshelper.com\/tr\/wp-json\/wp\/v2\/pages\/12648"}],"wp:featuredmedia":[{"embeddable":true,"href":"https:\/\/travelshelper.com\/tr\/wp-json\/wp\/v2\/media\/2771"}],"wp:attachment":[{"href":"https:\/\/travelshelper.com\/tr\/wp-json\/wp\/v2\/media?parent=12822"}],"curies":[{"name":"wp","href":"https:\/\/api.w.org\/{rel}","templated":true}]}}