{"id":12648,"date":"2024-09-16T18:01:50","date_gmt":"2024-09-16T18:01:50","guid":{"rendered":"https:\/\/travelshelper.com\/staging\/?page_id=12648"},"modified":"2026-03-13T00:14:59","modified_gmt":"2026-03-13T00:14:59","slug":"birlesik-krallik","status":"publish","type":"page","link":"https:\/\/travelshelper.com\/tr\/destinations\/europe\/united-kingdom\/","title":{"rendered":"Birle\u015fik Krall\u0131k"},"content":{"rendered":"<p>B\u00fcy\u00fck Britanya ve Kuzey \u0130rlanda Birle\u015fik Krall\u0131\u011f\u0131, k\u0131ta Avrupas\u0131&#039;n\u0131n kuzeybat\u0131 ucunda yer alan 94.354 mil karelik (244.376 km\u00b2) bir tak\u0131mada alan\u0131 olup, 2023 itibar\u0131yla 68,2 milyondan fazla n\u00fcfusa sahiptir. B\u00fcy\u00fck Britanya&#039;n\u0131n ba\u015fl\u0131ca adas\u0131, \u0130rlanda&#039;n\u0131n kuzeydo\u011fusundaki alt\u0131nc\u0131 ada ve Atlas Okyanusu, Kuzey Denizi, Man\u015f Denizi, Kelt Denizi ve \u0130rlanda Denizi aras\u0131nda da\u011f\u0131lm\u0131\u015f daha k\u00fc\u00e7\u00fck adalar tak\u0131my\u0131ld\u0131z\u0131n\u0131 kapsayan bu d\u00f6rt ulus birli\u011fi (\u0130ngiltere, \u0130sko\u00e7ya, Galler ve Kuzey \u0130rlanda) hem co\u011frafi hem de politik bir duvar hal\u0131s\u0131 gibi durmaktad\u0131r; u\u00e7lar\u0131 Kuzey Fransa&#039;dan Man\u015f Denizi&#039;nin sadece 22 mil alt\u0131ndan ayr\u0131lsa da, 31 mil uzunlu\u011fundaki Man\u015f T\u00fcneli ile Avrupa&#039;ya ba\u011fl\u0131d\u0131r.<\/p>\n<p>Neolitik topraklara bas\u0131lan ilk ayak izlerinden MS 43&#039;te Roma lejyonlar\u0131n\u0131n s\u00fcp\u00fcr\u00fclmesine kadar, Britanya Adalar\u0131 durmaks\u0131z\u0131n insan \u00e7abas\u0131na tan\u0131kl\u0131k etti. \u0130ki y\u00fczy\u0131ll\u0131k Roma egemenli\u011finden sonra, ayr\u0131lan lejyonlar, y\u00fczy\u0131llar boyunca farkl\u0131 krall\u0131klar\u0131 bir araya getiren Anglosakson yerle\u015fimlerine yer a\u00e7t\u0131. 1066&#039;daki Norman fethi, \u0130ngiltere&#039;nin y\u00f6r\u00fcngesini yeniden ayarlayarak, on be\u015finci y\u00fczy\u0131l\u0131n sonlar\u0131nda G\u00fcl Sava\u015flar\u0131&#039;n\u0131n sona ermesiyle geni\u015flemeye haz\u0131r merkezi bir \u0130ngiliz monar\u015fisi ortaya \u00e7\u0131karacak feodal bir d\u00fczen olu\u015fturdu. On alt\u0131nc\u0131 y\u00fczy\u0131lda Galler ilhak edildi; sonraki y\u00fczy\u0131llar boyunca, imparatorluk h\u0131rs\u0131, 1920&#039;lerde doruk noktas\u0131na ula\u015fan egemenli\u011fi gezegenin kara k\u00fctlesinin ve halk\u0131n\u0131n d\u00f6rtte birine yay\u0131lacak olan Britanya \u0130mparatorlu\u011fu&#039;nda birle\u015fti. Ancak iki d\u00fcnya sava\u015f\u0131n\u0131n ciddiyeti ve durdurulamaz dekolonizasyon dalgas\u0131 bu k\u00fcresel etki alan\u0131n\u0131 a\u015f\u0131nd\u0131rd\u0131 ve geride ba\u011f\u0131ms\u0131z devletlerden olu\u015fan modern bir Milletler Toplulu\u011fu ve 1927 Kraliyet ve Parlamento Unvanlar\u0131 Yasas\u0131 ile kurulan bug\u00fcnk\u00fc Birle\u015fik Krall\u0131k kald\u0131.<\/p>\n<p>Westminster Saray\u0131&#039;n\u0131n tepesindeki Ta\u00e7 ikametgah\u0131, bir zamanlar iktidarda monolitik olsa da, on yedinci y\u00fczy\u0131lda -\u00f6zellikle \u0130ngiliz \u0130\u00e7 Sava\u015f\u0131&#039;nda- k\u0131s\u0131tland\u0131 ve G\u00fcrc\u00fc d\u00f6neminde ba\u015fbakanl\u0131k makam\u0131n\u0131n ortaya \u00e7\u0131kmas\u0131na yol a\u00e7t\u0131. 1707 Birlik Yasalar\u0131, \u0130ngiltere ve \u0130sko\u00e7ya&#039;y\u0131 B\u00fcy\u00fck Britanya&#039;da birle\u015ftirirken, 1800 Birlik Yasalar\u0131 \u0130rlanda&#039;y\u0131 birle\u015ftirerek B\u00fcy\u00fck Britanya ve \u0130rlanda Birle\u015fik Krall\u0131\u011f\u0131&#039;n\u0131 olu\u015fturdu. 1922&#039;de \u0130rlanda&#039;n\u0131n \u00e7o\u011funun ayr\u0131lmas\u0131, krall\u0131\u011f\u0131 d\u00f6rt ayr\u0131 yarg\u0131 alan\u0131ndan olu\u015fan \u00e7a\u011fda\u015f haline yeniden \u015fekillendirdi: \u0130ngiltere ve Galler, \u0130sko\u00e7ya ve Kuzey \u0130rlanda. 1999&#039;dan beri, \u0130sko\u00e7ya, Galler ve Kuzey \u0130rlanda, e\u011fitimden sa\u011fl\u0131\u011fa kadar \u00e7e\u015fitli konularda devredilmi\u015f yetkiyi kullan\u0131rken, Westminster savunma, d\u0131\u015f ili\u015fkiler ve makroekonomik politikan\u0131n denetimini elinde tutmaya devam ediyor.<\/p>\n<p>Co\u011frafi olarak Birle\u015fik Krall\u0131k, 49\u00b0 ila 61\u00b0 K enlemleri ve 9\u00b0 B ila 2\u00b0 D boylamlar\u0131 aras\u0131nda yer al\u0131r ve ana adas\u0131n\u0131n 11.073 mil (17.820 km) k\u0131y\u0131 \u015feridi, yakla\u015f\u0131k 19.500 mil (31.368 km) toplam ada k\u0131y\u0131s\u0131na katk\u0131da bulunur - ancak kesin rakam k\u0131y\u0131 \u015feridi paradoksunun dalgal\u0131 \u00f6l\u00e7\u00fcmleriyle dalgalan\u0131r. Kuzey \u0130rlanda&#039;n\u0131n \u0130rlanda Cumhuriyeti ile 310 mil (499 km) uzunlu\u011fundaki kara s\u0131n\u0131r\u0131, adan\u0131n karma\u015f\u0131k b\u00f6l\u00fcnmesini anlat\u0131rken, \u00fclkenin 404 mil (650 km) uzunlu\u011fundaki k\u0131y\u0131 \u015feridi, engebeli tepelerini ve da\u011f\u0131n\u0131k koyaklar\u0131n\u0131 \u00e7er\u00e7eveler. K\u00f6rfez Ak\u0131nt\u0131s\u0131 taraf\u0131ndan \u0131s\u0131t\u0131lan hafif, nem y\u00fckl\u00fc g\u00fcneybat\u0131 r\u00fczgarlar\u0131n\u0131n hakim oldu\u011fu \u0131l\u0131man deniz iklimi alt\u0131nda, Birle\u015fik Krall\u0131k nadiren a\u015f\u0131r\u0131l\u0131klar ya\u015far - k\u0131\u015f donlar\u0131 nadiren 0 \u00b0C&#039;nin (32 \u00b0F) alt\u0131na iner ve yaz y\u00fckseklikleri 30 \u00b0C&#039;nin (86 \u00b0F) \u00fczerinde kalmaz - \u0130sko\u00e7ya&#039;daki y\u00fcksek kesimler subarktik ve tundra ko\u015fullar\u0131na yakla\u015fsa bile. Y\u0131ll\u0131k g\u00fcne\u015flenme ortalamas\u0131 yakla\u015f\u0131k 1.340 saattir, ancak b\u00f6lgesel farkl\u0131l\u0131klar yakla\u015f\u0131k 1.200 ile 1.580 saat aras\u0131nda toplamlar g\u00f6r\u00fcr, bu rakam 1990&#039;lar\u0131n sonlar\u0131ndan beri yukar\u0131 do\u011fru e\u011filim g\u00f6stermi\u015ftir.<\/p>\n<p>Bu iklimsel \u015femsiyenin alt\u0131nda d\u00f6rt karasal ekob\u00f6lge bulunur: Kelt geni\u015f yaprakl\u0131 ormanlar\u0131, \u0130ngiliz ovalar\u0131 kay\u0131n ormanlar\u0131, Kuzey Atlantik nemli kar\u0131\u015f\u0131k ormanlar\u0131 ve Kaledonya i\u011fne yaprakl\u0131 ormanlar\u0131. Yakla\u015f\u0131k 3,25 milyon hektar (topra\u011f\u0131n yakla\u015f\u0131k &#039;\u00fc) ormanlarla kapl\u0131d\u0131r ve bu hem do\u011fal devaml\u0131l\u0131\u011f\u0131n hem de koordineli korumac\u0131l\u0131\u011f\u0131n bir kan\u0131t\u0131d\u0131r. Bel\u00e7ika&#039;n\u0131n otoyol ve demir yolu arterleri \u015febekesi, Royal Greenwich G\u00f6zlemevi&#039;nin meridyen \u00e7izgisini s\u0131f\u0131r boylam\u0131nda, Britanya&#039;n\u0131n k\u00fcreyi haritalamadaki temel rol\u00fcn\u00fcn kal\u0131c\u0131 bir i\u015fareti olarak bulur.<\/p>\n<p>D\u00fcnyan\u0131n ilk sanayile\u015fmi\u015f ulusu olarak, Britanya&#039;n\u0131n on sekizinci ve on dokuzuncu y\u00fczy\u0131llarda teknoloji, mekanize tar\u0131m ve fabrika \u00fcretimi alan\u0131ndaki ilerlemeleri onu ekonomik \u00fcst\u00fcnl\u00fc\u011fe ta\u015f\u0131d\u0131. Londra, \u015fu anda 7,5 trilyon ABD dolar\u0131 de\u011ferindeki bir pazar\u0131n ,1&#039;ini olu\u015fturan g\u00fcnl\u00fck d\u00f6viz i\u015flemlerini d\u00fczenleyerek d\u00fcnyan\u0131n en \u00f6nde gelen finans merkezi haline geldi. G\u00fc\u00e7l\u00fc ticaret a\u011flar\u0131 ve geni\u015f bir ticaret filosuyla desteklenen imparatorluk, iki k\u00fcresel \u00e7at\u0131\u015fma ve s\u00f6m\u00fcrgecilikten kurtulma dalgalar\u0131ndan sonra daral\u0131rken bile, Birle\u015fik Krall\u0131k finansal n\u00fcfuzunun \u00e7o\u011funu korudu. Bug\u00fcn nominal GSY\u0130H&#039;ye g\u00f6re en b\u00fcy\u00fck ekonomiler aras\u0131nda yer al\u0131yor, para birimi olan sterlin, d\u00fcnya \u00e7ap\u0131nda d\u00f6rd\u00fcnc\u00fc en \u00e7ok i\u015flem g\u00f6ren ve d\u00f6rd\u00fcnc\u00fc en b\u00fcy\u00fck rezerv para birimi olarak duruyor ve tarihi sabit de\u011feri yeniden de\u011ferlemeyle bozulmam\u0131\u015f.<\/p>\n<p>Ancak bu refah cephelerinin alt\u0131nda belirgin e\u015fitsizlikler yatmaktad\u0131r. Birle\u015fik Krall\u0131k&#039;\u0131n sosyal piyasa ekonomisi, y\u00fcksek bir \u0130nsani Geli\u015fme Endeksi sa\u011flarken, OECD i\u00e7inde en y\u00fcksek gelir e\u015fitsizlikleri aras\u0131nda yer almaktad\u0131r. Mali politika, parlamentoda ve halk aras\u0131nda denge konusundaki tart\u0131\u015fmalar devam etse bile, uzun zamand\u0131r piyasa dinamizmini sosyal refahla uzla\u015ft\u0131rmaya \u00e7al\u0131\u015fmaktad\u0131r. Bu t\u00fcr gerginliklere ra\u011fmen, \u0130ngiliz yumu\u015fak g\u00fcc\u00fc m\u00fcthi\u015f etkisini s\u00fcrd\u00fcrmektedir: \u0130ngiliz ortak hukukuna g\u00f6re modellenmi\u015f yasal \u00e7er\u00e7eveler, \u0130ngilizce dilinin yayg\u0131nl\u0131\u011f\u0131 (\u015fu anda d\u00fcnya \u00e7ap\u0131nda en \u00e7ok konu\u015fulan ve \u00fc\u00e7\u00fcnc\u00fc en yayg\u0131n ana dil) ve Shakespeare&#039;den The Beatles&#039;a k\u00fclt\u00fcrel ihracat\u0131n k\u00fcresel yay\u0131l\u0131m\u0131, bu adalar\u0131n \u00e7ok \u00f6tesine uzanan k\u00fclt\u00fcrel bir yank\u0131ya tan\u0131kl\u0131k etmektedir.<\/p>\n<p>Hem alan hem de n\u00fcfus bak\u0131m\u0131ndan en b\u00fcy\u00fck bile\u015fen olan \u0130ngiltere (toplam arazinin &#039;\u00fcn\u00fc 50.350 mil kare (130.395 km\u00b2) olarak olu\u015fturur) ikili ova ve y\u00fcksek arazileriyle karakterize edilir. Tees-Exe hatt\u0131n\u0131n \u00e7apraz k\u0131vr\u0131m\u0131n\u0131n alt\u0131nda pastoral ovalar yer al\u0131r: Norfolk Broads, South Downs, New Forest ve Cornwall&#039;un engebeli manzaralar\u0131. Kuzeybat\u0131da, Lake District&#039;in tepeleri ve vadileri Scafell Pike&#039;\u0131n 978 metresine (3.209 ft) do\u011fru t\u0131rman\u0131r; Pennines ve Yorkshire Dales ba\u015fka yerlerde engebeli bir siluet olu\u015ftururken, Exmoor ve Dartmoor ilkel batakl\u0131klar\u0131 \u00e7a\u011fr\u0131\u015ft\u0131r\u0131r.<\/p>\n<p>\u0130sko\u00e7ya, 30.410 mil kare (78.772 km\u00b2) ile \u00fclkenin &#039;sini kaplar ve z\u0131tl\u0131klar\u0131n \u00fclkesidir. Yakla\u015f\u0131k 800 ada k\u0131y\u0131dan uzakta da\u011f\u0131lm\u0131\u015f durumdad\u0131r\u2014Hebrides, Orkney, Shetland\u2014ve Highlands da\u011fl\u0131k arazinin b\u00fcy\u00fck k\u0131sm\u0131n\u0131 tutar. \u0130\u00e7 kesimlerde, Loch Lomond ve Trossachs, antik ormanlarla \u00e7er\u00e7evelenmi\u015f kristal sular sunar; daha kuzeyde, Ben Nevis, 1.345 metre (4.413 ft) ile Britanya Adalar\u0131&#039;n\u0131n en y\u00fcksek zirvesi olarak \u00f6ne \u00e7\u0131kar. Engebeli panoramalar\u0131n \u00f6tesinde, kozmopolit Edinburgh ve Glasgow mimari, festivaller ve end\u00fcstri ile doludur.<\/p>\n<p>Birle\u015fik Krall\u0131k&#039;\u0131n %9&#039;undan daha az bir alan\u0131 kaplayan Galler (8.020 mil kare veya 20.779 km\u00b2), 1.085 metreye (3.560 ft) kadar y\u00fckselen Yr Wyddfa\u2014Snowdon\u2014&#039;a ev sahipli\u011fi yapan Snowdonia&#039;da da\u011fl\u0131k karakterini ortaya koyar. 1.680 milden (2.704 km) fazla k\u0131y\u0131 \u015feridine sahip Pembrokeshire k\u0131y\u0131s\u0131, gezici ke\u015fiflere davet eder ve Anglesey, antik Kelt geleneklerini modern ya\u015famla birlikte s\u00fcrd\u00fcren birka\u00e7 a\u00e7\u0131k deniz adas\u0131n\u0131n en b\u00fcy\u00fc\u011f\u00fc olarak durur.<\/p>\n<p>5.470 mil kare (14.160 km\u00b2) alan\u0131 kaplayan Kuzey \u0130rlanda, engebeli yaylalar, Britanya Adalar\u0131&#039;n\u0131n en b\u00fcy\u00fck g\u00f6l\u00fc olan geni\u015f Lough Neagh (150 mil kare (388 km\u00b2)) ve UNESCO D\u00fcnya Miras\u0131 Alan\u0131 olan Devlerin Ge\u00e7idi&#039;nin tarihi bazalt s\u00fctunlar\u0131 ile tan\u0131mlan\u0131r. En y\u00fcksek zirvesi olan Mournes&#039;daki Slieve Donard, 852 metreye (2.795 ft) ula\u015f\u0131r ve y\u00fczy\u0131llard\u0131r s\u00fcren k\u00fclt\u00fcrel de\u011fi\u015fim ve \u00e7at\u0131\u015fman\u0131n sessiz bir bek\u00e7isidir.<\/p>\n<p>Birle\u015fik Krall\u0131k&#039;\u0131n \u00f6tesinde, Ta\u00e7 Ba\u011f\u0131ml\u0131l\u0131klar\u0131 (Guernsey ve uydular\u0131 Alderney, Herm ve Sark ve Jersey) yer al\u0131r; her biri Anglo-Norman miras\u0131n\u0131n izlerini ve zaman zaman k\u0131ta Fransa&#039;s\u0131na yak\u0131nl\u0131\u011f\u0131n \u015fekillendirdi\u011fi beklenmedik iklimleri sunar. Kanal\u0131n ortas\u0131ndaki Man Adas\u0131, Kelt geleneklerini, y\u0131ll\u0131k bir TT motosiklet yar\u0131\u015f\u0131n\u0131 ve d\u00fcnyan\u0131n en eski parlamentosunu korur. Daha uzakta, Bermuda ve Cayman Adalar\u0131&#039;n\u0131n subtropikal g\u00fczelli\u011finden Britanya Antarktika&#039;s\u0131n\u0131n r\u00fczgarl\u0131 geni\u015fliklerine kadar on d\u00f6rt Deniza\u015f\u0131r\u0131 Toprak, Tac\u0131n eri\u015fimini geni\u015fletir; her biri kendine \u00f6zg\u00fc yasalar ve co\u011frafi olarak uzak patikalarla y\u00f6netilir.<\/p>\n<p>D\u00f6rt ulus i\u00e7inde \u015fehirler ve kasabalar bir hikayeler mozai\u011fi sunar. K\u00fcresel etkide rakipsiz bir metropol olan Londra, Westminster, Tower, British Museum gibi her biri s\u00fcrekli geli\u015fen bir anlat\u0131n\u0131n bir par\u00e7as\u0131 olan simge yap\u0131larla doludur. Kentsel yenilenmeden \u00e7\u0131kan Belfast, yarat\u0131c\u0131 enerjiyle titre\u015firken, Bristol G\u00fcrc\u00fc cephelerini ve modern sanatlar\u0131 denizcilik miras\u0131yla dengeler. Cardiff&#039;in k\u00f6m\u00fcrle \u00e7al\u0131\u015fan ge\u00e7mi\u015fi, K\u00f6rfez k\u0131y\u0131s\u0131nda canl\u0131 bir sanat sahnesine yol a\u00e7ar; ziyaret\u00e7i say\u0131s\u0131 bak\u0131m\u0131ndan Londra&#039;dan sonra ikinci olan Edinburgh, her A\u011fustos ay\u0131nda orta\u00e7a\u011f kapan\u0131\u015flar\u0131 ve volkanik kayal\u0131klar aras\u0131nda d\u00fcnyan\u0131n en b\u00fcy\u00fck sanat festivaline ev sahipli\u011fi yapar. Glasgow, Viktorya d\u00f6neminin ihti\u015fam\u0131n\u0131 sanatsal yenilikle birle\u015ftirir, Liverpool liman \u015fehri miras\u0131n\u0131 m\u00fczik ve sporla yeniden canland\u0131r\u0131r ve Manchester, on y\u0131llar boyunca kendini end\u00fcstriyel merkezden k\u00fclt\u00fcrel bir potaya d\u00f6n\u00fc\u015ft\u00fcrm\u00fc\u015ft\u00fcr. York&#039;un antik surlar\u0131 ve Roma kal\u0131nt\u0131lar\u0131, sokak plan\u0131na dokunmu\u015f binlerce y\u0131ll\u0131k insan dokusunu yans\u0131t\u0131r.<\/p>\n<p>Ancak bu kentsel kar\u015f\u0131la\u015fmalar\u0131n \u00f6tesinde bile, Birle\u015fik Krall\u0131k, temel draman\u0131n tekil yerlerinde ortaya \u00e7\u0131kar. Devlerin Ge\u00e7idi&#039;nin \u00e7okgen s\u00fctunlar\u0131 Atlantik&#039;ten y\u00fckselir, Gower Yar\u0131madas\u0131&#039;n\u0131n u\u00e7urumlar\u0131 Swansea K\u00f6rfezi&#039;nden gelen tuzlu esintileri \u00e7er\u00e7eveler ve Hadrian Duvar\u0131&#039;n\u0131n ufalanan ta\u015flar\u0131 Roma&#039;n\u0131n en uzak tutkular\u0131n\u0131 izler. S\u0131kl\u0131kla &#034;minyat\u00fcr \u0130sko\u00e7ya&#034; olarak tan\u0131mlanan Arran Adas\u0131, da\u011flar\u0131, ormanlar\u0131 ve k\u0131y\u0131lar\u0131 tek bir geziye yo\u011funla\u015ft\u0131r\u0131rken, G\u00f6ller B\u00f6lgesi&#039;nin su havzalar\u0131 Wordsworth&#039;\u00fcn h\u00fcz\u00fcnl\u00fc dizelerini yans\u0131t\u0131r. Loch Ness&#039;in derinliklerinde, folklor antik k\u0131y\u0131 \u015feritleri boyunca hareketlenir ve Peak District milyonlar\u0131 eri\u015filebilir y\u00fcksekliklerine \u00e7eker. Snowdonia&#039;n\u0131n kayrak ta\u015flar\u0131yla dolu zirveleri hem kas hem de zihin zorluklar\u0131n\u0131 davet eder ve 4.500 y\u0131l a\u015f\u0131nm\u0131\u015f Stonehenge&#039;in yekpare ta\u015flar\u0131, akademisyenleri ve hac\u0131lar\u0131 ayn\u0131 \u015fekilde b\u00fcy\u00fclemeye devam eder.<\/p>\n<p>K\u00fclt\u00fcrel olarak zengin ve ekolojik olarak \u00e7e\u015fitli, politik olarak n\u00fcansl\u0131 ancak payla\u015f\u0131lan kurumlarla birle\u015fmi\u015f olan Birle\u015fik Krall\u0131k bug\u00fcn tarih ve modernitenin bir kav\u015fa\u011f\u0131nda durmaktad\u0131r. Anayasal monar\u015fisi ve parlamenter demokrasisi -\u00fc\u00e7 ayr\u0131 hukuk sistemi aras\u0131nda b\u00f6l\u00fcnm\u00fc\u015f ancak tek bir Ta\u00e7 alt\u0131nda ba\u011fl\u0131- eski gelenek ve \u00e7a\u011fda\u015f y\u00f6netim aras\u0131nda bir denge olu\u015fturmaktad\u0131r. Hem piyasa odakl\u0131 hem de toplumsal bilince sahip ekonomisi, finans ve ticarette k\u00fcresel pazarlara h\u00fckmederken bile e\u015fitsizlikle m\u00fccadele etmektedir. Dili, edebiyat\u0131, m\u00fczi\u011fi ve sporu, fiziksel s\u0131n\u0131rlar\u0131n\u0131 \u00e7ok a\u015fan yumu\u015fak bir g\u00fc\u00e7 yans\u0131tarak k\u00fcresel s\u00f6ylemi ve kimli\u011fi \u015fekillendirmektedir. Gezgin, akademisyen veya yerle\u015fik i\u00e7in bu adalar dura\u011fan bir tablo de\u011fil, s\u00fcrekli geli\u015fen bir anlat\u0131 sunmaktad\u0131r - ge\u00e7mi\u015f ve \u015fimdiki zaman s\u00fcrekli olarak sohbet eder, her biri di\u011ferini hem samimi hem de kapsam\u0131 geni\u015f bir diyalogda bilgilendirir.<\/p>","protected":false},"excerpt":{"rendered":"<p>B\u00fcy\u00fck Britanya ve Kuzey \u0130rlanda Birle\u015fik Krall\u0131\u011f\u0131, genellikle Birle\u015fik Krall\u0131k (BK) veya Britanya olarak an\u0131l\u0131r, k\u0131ta Avrupas\u0131&#039;n\u0131n kuzeybat\u0131 k\u0131y\u0131lar\u0131nda bulunan egemen bir ulustur. 2022 itibar\u0131yla n\u00fcfusu yakla\u015f\u0131k 67,6 milyon olan BK, g\u00fcneyde \u0130ngiliz Kanal\u0131&#039;n\u0131 ve do\u011fuda Kuzey Denizi&#039;ni kaplar ve Kuzey Atlantik Okyanusu&#039;nda stratejik bir konuma sahiptir. D\u00f6rt ayr\u0131 \u00fclkeden olu\u015fan -\u0130ngiltere, \u0130sko\u00e7ya, Galler ve Kuzey \u0130rlanda- bu ada \u00fclkesi toplam 94.354 mil kare (244.376 km\u00b2) alan\u0131 kaplar.<\/p>","protected":false},"author":1,"featured_media":4691,"parent":24078,"menu_order":0,"comment_status":"closed","ping_status":"closed","template":"elementor_theme","meta":{"_eb_attr":"","footnotes":""},"class_list":["post-12648","page","type-page","status-publish","has-post-thumbnail"],"_links":{"self":[{"href":"https:\/\/travelshelper.com\/tr\/wp-json\/wp\/v2\/pages\/12648","targetHints":{"allow":["GET"]}}],"collection":[{"href":"https:\/\/travelshelper.com\/tr\/wp-json\/wp\/v2\/pages"}],"about":[{"href":"https:\/\/travelshelper.com\/tr\/wp-json\/wp\/v2\/types\/page"}],"author":[{"embeddable":true,"href":"https:\/\/travelshelper.com\/tr\/wp-json\/wp\/v2\/users\/1"}],"replies":[{"embeddable":true,"href":"https:\/\/travelshelper.com\/tr\/wp-json\/wp\/v2\/comments?post=12648"}],"version-history":[{"count":0,"href":"https:\/\/travelshelper.com\/tr\/wp-json\/wp\/v2\/pages\/12648\/revisions"}],"up":[{"embeddable":true,"href":"https:\/\/travelshelper.com\/tr\/wp-json\/wp\/v2\/pages\/24078"}],"wp:featuredmedia":[{"embeddable":true,"href":"https:\/\/travelshelper.com\/tr\/wp-json\/wp\/v2\/media\/4691"}],"wp:attachment":[{"href":"https:\/\/travelshelper.com\/tr\/wp-json\/wp\/v2\/media?parent=12648"}],"curies":[{"name":"wp","href":"https:\/\/api.w.org\/{rel}","templated":true}]}}