{"id":12625,"date":"2024-09-16T17:29:54","date_gmt":"2024-09-16T17:29:54","guid":{"rendered":"https:\/\/travelshelper.com\/staging\/?page_id=12625"},"modified":"2026-03-13T00:15:36","modified_gmt":"2026-03-13T00:15:36","slug":"kiev","status":"publish","type":"page","link":"https:\/\/travelshelper.com\/tr\/destinations\/europe\/ukraine\/kiev\/","title":{"rendered":"Kiev"},"content":{"rendered":"<p>Ukrayna&#039;n\u0131n ba\u015fkenti ve en kalabal\u0131k \u015fehri olan Kiev, 1 Ocak 2022 itibar\u0131yla yakla\u015f\u0131k 2.952.301 n\u00fcfusa sahip bir metropol olarak kendini g\u00f6steriyor, \u00fclkenin kuzey-orta kesimlerine yay\u0131lm\u0131\u015f ve Dinyeper Nehri&#039;nin her iki yakas\u0131na yay\u0131lm\u0131\u015f; bug\u00fcn Avrupa&#039;n\u0131n yedinci b\u00fcy\u00fck \u015fehri olarak duruyor, end\u00fcstriyel canl\u0131l\u0131\u011f\u0131n, bilimsel ara\u015ft\u0131rman\u0131n, e\u011fitim ba\u015far\u0131s\u0131n\u0131n ve k\u00fclt\u00fcrel derinli\u011fin i\u00e7 i\u00e7e ge\u00e7ti\u011fi bir yer. \u015eehrin kendi ad\u0131n\u0131 miras b\u0131rakan Kyi fig\u00fcr\u00fc taraf\u0131ndan efsanevi kurulu\u015fundan, g\u00fcn\u00fcm\u00fczde hem i\u00e7 g\u00f6\u00e7 hem de uluslararas\u0131 turizm i\u00e7in bir m\u0131knat\u0131s rol\u00fc \u00fcstlenmesine kadar, Kiev&#039;in \u00f6nemi tarihin gelgitleriyle birlikte dalgalanm\u0131\u015f, \u0131ss\u0131zl\u0131k d\u00f6nemlerinden yenilenen \u00f6nem d\u00f6nemlerine tekrar tekrar \u00e7\u0131km\u0131\u015ft\u0131r.<\/p>\n<p>Kiev Rus&#039;un ba\u015fkenti olarak orta\u00e7a\u011f zirvesinden \u00e7ok \u00f6nce, Kiev, \u0130skandinavya ve Konstantinopolis&#039;i birbirine ba\u011flayan b\u00fcy\u00fck koridorun \u00fczerinde konumlanarak be\u015finci y\u00fczy\u0131lda bir ticaret merkezine d\u00f6n\u00fc\u015fmeye ba\u015flam\u0131\u015ft\u0131. Erken d\u00f6nem Slav sakinleri, Varangian macerac\u0131lar\u0131n (daha sonraki kroniklerin Vikingler olarak adland\u0131raca\u011f\u0131) \u015fehri ele ge\u00e7irip, onu yeni do\u011fan Do\u011fu Slav siyasi yap\u0131lar\u0131n\u0131n dayanak noktas\u0131na y\u00fckseltti\u011fi dokuzuncu y\u00fczy\u0131l\u0131n ortalar\u0131na kadar Hazarlara hara\u00e7 \u00f6d\u00fcyorlard\u0131. Varangian y\u00f6netimi alt\u0131nda, ta\u015f kilise ve m\u00fcstahkem palisad, ilk Slav devletinin ba\u015fkentini \u00e7er\u00e7evelemek i\u00e7in y\u00fckseldi, ancak bu \u00e7i\u00e7eklenme 1240&#039;taki Mo\u011fol sald\u0131r\u0131s\u0131yla par\u00e7alanacak ve Kiev&#039;i harabeye \u00e7evirecek ve etkisi bundan sonraki y\u00fczy\u0131llar boyunca zay\u0131flayacakt\u0131.<\/p>\n<p>Sonraki y\u00fczy\u0131llarda Kiev, Litvanya, Polonya ve Rusya&#039;n\u0131n hakimiyetleri aras\u0131nda ge\u00e7ti, her ard\u0131\u015f\u0131k g\u00fc\u00e7 \u015fehre kendi idari ve dini d\u00fczenini yerle\u015ftirdi. On alt\u0131nc\u0131 y\u00fczy\u0131lda, Ortodoks bir bilim merkezi olarak \u00fcn kazand\u0131; on dokuzuncu y\u00fczy\u0131lda, Rus \u0130mparatorlu\u011fu&#039;nun mekanize \u00fcretim \u00e7a\u011f\u0131nda end\u00fcstriyel ve ticari bir merkez haline geldi. Zanaatkar at\u00f6lyelerinin nabz\u0131 ve demirhanelerin \u00e7\u0131nlamas\u0131, Kiev&#039;in b\u00fcy\u00fcmesini tan\u0131mlayacak olan ikili karakterin simgesi olan manast\u0131r k\u00fct\u00fcphanelerinin tefekk\u00fcrl\u00fc sessizli\u011finin yan\u0131nda yank\u0131land\u0131: maddi ve manevi emeklerin birle\u015fimi.<\/p>\n<p>Yirminci y\u00fczy\u0131l\u0131n \u00e7alkant\u0131lar\u0131 Kiev&#039;i bir ba\u015fka zorlu s\u0131nava daha s\u00fcr\u00fckledi. 1918&#039;de Ukrayna Halk Cumhuriyeti da\u011f\u0131lan Rus Cumhuriyeti&#039;nden ba\u011f\u0131ms\u0131zl\u0131\u011f\u0131n\u0131 ilan ederken, \u015fehir ulusal ba\u015fkent rol\u00fcn\u00fc \u00fcstlendi. 1921&#039;de Ukrayna-Sovyet ve Polonya-Sovyet \u00e7at\u0131\u015fmalar\u0131n\u0131n ard\u0131ndan Kiev, Ukrayna Sovyet Sosyalist Cumhuriyeti&#039;nin i\u00e7ine s\u0131k\u0131\u015fm\u0131\u015f halde buldu ve 1934&#039;te SSR&#039;nin ba\u015fkenti olarak stat\u00fcs\u00fcn\u00fc resmile\u015ftirdi. II. D\u00fcnya Sava\u015f\u0131, yap\u0131lar\u0131na ve halk\u0131na b\u00fcy\u00fck bir y\u0131k\u0131m getirdi; ancak sava\u015f sonras\u0131 on y\u0131llar, Kiev&#039;i Sovyetler Birli\u011fi&#039;ndeki \u00fc\u00e7\u00fcnc\u00fc b\u00fcy\u00fck kentsel merkez konumuna geri d\u00f6nd\u00fcren h\u0131zl\u0131 bir yeniden yap\u0131lanmaya tan\u0131k oldu.<\/p>\n<p>Sovyetler Birli\u011fi&#039;nin 1991&#039;de da\u011f\u0131lmas\u0131yla Ukrayna egemenli\u011fi Kiev&#039;i bir kez daha ba\u011f\u0131ms\u0131z bir devletin kalbi haline getirdi. Sonraki on y\u0131llar boyunca \u015fehir, \u00fclkenin d\u00f6rt bir yan\u0131ndan belirgin bir etnik Ukraynal\u0131 g\u00f6\u00e7men ak\u0131n\u0131na u\u011frad\u0131 ve bu da \u00fclkenin demografik ve ekonomik dayanak noktas\u0131 rol\u00fcn\u00fc g\u00fc\u00e7lendirdi. Kiev, silah \u00fcretiminin hakim oldu\u011fu bir komuta ekonomisi modelinden piyasa ekonomisine ge\u00e7erken, end\u00fcstriyel taban\u0131 darald\u0131, ancak hizmet ve finans alan\u0131ndaki yeni sekt\u00f6rler artan \u00fccretleri te\u015fvik etti, yat\u0131r\u0131m\u0131 cezbetti ve kapsaml\u0131 konut ve altyap\u0131 projelerini finanse etti. Siyasi olarak, Kiev se\u00e7menleri tutarl\u0131 bir \u015fekilde Bat\u0131 yanl\u0131s\u0131 olduklar\u0131n\u0131 kan\u0131tlad\u0131 ve Avrupa Birli\u011fi ile daha s\u0131k\u0131 entegrasyonu savunan partileri destekledi.<\/p>\n<p>Modern Kiev, ge\u00e7mi\u015finin izlerini g\u00fcn\u00fcm\u00fcz\u00fcn dinamizmiyle bir araya getiriyor. 1907 ile 1914 y\u0131llar\u0131 aras\u0131nda in\u015fa edilen binalar\u0131n yakla\u015f\u0131k y\u00fczde yetmi\u015fi hala duruyor, soluk sar\u0131lar\u0131, mavileri ve grileri son in\u015faatlar\u0131n \u015f\u0131k cam ve \u00e7eli\u011fi aras\u0131nda serpi\u015ftirilmi\u015f. Ukrayna SSR ba\u015fkenti Harkov&#039;dan Kiev&#039;e ta\u015f\u0131nd\u0131\u011f\u0131nda, devlet planlamac\u0131lar\u0131 \u015fehre metropol bir parlakl\u0131k kazand\u0131rmay\u0131 \u00f6ng\u00f6rd\u00fcler; g\u00f6rkemli \u00f6neriler (ister devasa Lenin ister Stalin an\u0131tlar\u0131 olsun) mali k\u0131s\u0131tlamalar ve \u015fehrin engebeli topografyas\u0131 nedeniyle nihayetinde rafa kald\u0131r\u0131lm\u0131\u015f olsa da, bu de\u011fi\u015fim \u00f6zellikle \u015fehrin ana caddesi ve meydan\u0131 olan Khreshchatyk ve Maidan Nezalezhnosti \u00e7evresinde yeni belediye yap\u0131lar\u0131n\u0131n in\u015fa edilmesine yol a\u00e7t\u0131.<\/p>\n<p>Ukrayna&#039;n\u0131n ba\u011f\u0131ms\u0131zl\u0131\u011f\u0131ndan bu yana, Bat\u0131 tarz\u0131 konut kompleksleri, kozmopolit incelikte gece hayat\u0131 mekanlar\u0131 ve l\u00fcks oteller merkezde \u00e7o\u011fald\u0131. 2005&#039;te vize d\u00fczenlemelerinin serbestle\u015ftirilmesi, yabanc\u0131 ziyaret\u00e7ilerde istikrarl\u0131 bir art\u0131\u015fa yol a\u00e7t\u0131: 2009&#039;da y\u0131ll\u0131k otel konaklamalar\u0131 1,6 milyona ula\u015ft\u0131 ve bunlar\u0131n yakla\u015f\u0131k y\u00fczde on alt\u0131s\u0131 Ukraynal\u0131 de\u011fildi. Bu ivme, Kiev&#039;in 2,5 milyona yakla\u015fan yerli ziyaret\u00e7ilerle desteklenen rekor say\u0131da 1,8 milyon yabanc\u0131 turisti \u00e7ekti\u011fi UEFA Euro 2012&#039;den sonra daha da h\u0131zland\u0131. 2018&#039;e gelindi\u011finde, May\u0131s&#039;tan Eyl\u00fcl&#039;e kadar ortalama otel doluluk oranlar\u0131 y\u00fczde k\u0131rk be\u015f ile elli aras\u0131nda seyretti ve pansiyonlar ve \u00fc\u00e7 y\u0131ld\u0131zl\u0131 tesisler genellikle y\u00fczde doksan doluydu.<\/p>\n<p>Kiev&#039;in miras mimarisi en b\u00fcy\u00fck \u00e7ekicilikleri aras\u0131nda yer al\u0131r: UNESCO taraf\u0131ndan tescilli St. Sophia Katedrali ve Kiev Pechersk Lavra, \u015fehrin Rus&#039;un Hristiyanla\u015ft\u0131r\u0131lmas\u0131n\u0131n be\u015fi\u011fi ve Do\u011fu Ortodoks \u00f6\u011freniminin kalesi olarak ge\u00e7irdi\u011fi d\u00f6nemi temsil eder; Eyl\u00fcl 2023&#039;te UNESCO D\u00fcnya Miras\u0131 Komitesi&#039;nin sava\u015f tehditleri aras\u0131nda bu alanlar\u0131 &#034;tehlike alt\u0131nda&#034; olarak belirlemesiyle stat\u00fcleri tehlikeye girse bile, uzun zamand\u0131r hem hac\u0131lar\u0131 hem de tarih\u00e7ileri cezbetmektedirler. Di\u011fer sayg\u0131de\u011fer simge yap\u0131lar aras\u0131nda on sekizinci y\u00fczy\u0131ldan kalma Mariinskyi Saray\u0131, yeniden in\u015fa edilen Alt\u0131n Kap\u0131, St. Michael Katedrali, St. Andrew Kilisesi, St. Volodymyr Katedrali ve St. Cyril Kilisesi yer almaktad\u0131r. Sava\u015f sonras\u0131 d\u00f6nemi demirleyen, \u0130kinci D\u00fcnya Sava\u015f\u0131&#039;nda Ukrayna Tarihi Ulusal M\u00fczesi, y\u00fckselen titanyum Ana Ukrayna heykeline ev sahipli\u011fi yaparken, yak\u0131ndaki Bilinmeyen Asker Mezar\u0131 ve Kimeral\u0131 Ev modern kahramanl\u0131k ve sanatsal duyarl\u0131l\u0131klar\u0131 yans\u0131t\u0131r.<\/p>\n<p>\u015eehrin d\u00f6rt bir yan\u0131ndaki an\u0131tlar, kurucu mitlerini ve tarihi \u015fahsiyetlerini anlat\u0131r: Bohdan Hmelnitski at s\u0131rt\u0131nda Ayasofya&#039;n\u0131n \u00e7evresini inceler; B\u00fcy\u00fck Vladimir, Aziz Volodymyr Tepesi&#039;nden Dinyeper&#039;e bakar; karde\u015fler Kyi, Shchek, Khoryv ve Lybid nehir k\u0131y\u0131s\u0131nda n\u00f6bet tutar; ve Maidan Nezalezhnosti&#039;de Ba\u015fmelek Mikail ve koruyucu tanr\u0131\u00e7a Berehynia g\u00f6rkemli s\u00fctunlara ba\u015fkanl\u0131k eder. Kiev&#039;in k\u00fclt\u00fcrel hayat\u0131 ta\u015f ve metalin \u00f6tesine, etkileyici bir tiyatro tak\u0131my\u0131ld\u0131z\u0131na uzan\u0131r; bunlar\u0131n aras\u0131nda Kiev Opera Binas\u0131, Ivan Franko Ulusal Akademik Drama Tiyatrosu ve Lesya Ukrainka Ulusal Akademik Tiyatrosu vard\u0131r; ayr\u0131ca konser salonlar\u0131, film st\u00fcdyolar\u0131, sirkler ve k\u0131rktan fazla m\u00fcze vard\u0131r. Ulusal Sanat M\u00fczesi, Bat\u0131 ve Do\u011fu Sanatlar\u0131 M\u00fczesi, Pinchuk Sanat Merkezi, \u00c7ernobil M\u00fczesi ve Dovzhenko Film St\u00fcdyolar\u0131, \u015fehrin \u00e7ok y\u00f6nl\u00fc sanatsal ve tarihi etkile\u015fimlerine \u00f6rnektir.<\/p>\n<p>\u015eehrin yaprakl\u0131 karakteri, Avrupa&#039;n\u0131n en ye\u015fil ba\u015fkentlerinden biri olarak \u00fcn\u00fcn\u00fc destekler. \u0130ki botanik bah\u00e7esi ve \u00e7ok say\u0131da park\u2014Darnytsia istasyonunun yak\u0131n\u0131ndaki Zafer Park\u0131, saray\u0131n yan\u0131ndaki Mariinskyi Park\u0131, sava\u015f m\u00fczesini \u00e7evreleyen park alanlar\u0131\u2014at kestanesi g\u00f6lgeliklerinin yaz ortas\u0131nda bile g\u00f6lge sa\u011flad\u0131\u011f\u0131 gezinti yollar\u0131yla i\u00e7 i\u00e7edir. Kiev&#039;in adalar\u0131 aras\u0131nda, Hydropark (Venetsiiskyi), metro veya arabayla ula\u015f\u0131labilen plajlar\u0131, e\u011flence parkurlar\u0131, tekne gezileri ve gece hayat\u0131yla \u00f6ne \u00e7\u0131kar; Trukhaniv, Muromets ve Dolobetskyi Adalar\u0131 daha sessiz inzivalar sunar. K\u0131\u015f\u0131n, Dinyeper k\u0131y\u0131lar\u0131 buz bal\u0131k\u00e7\u0131l\u0131\u011f\u0131 ve pateni i\u00e7in mekanlara d\u00f6n\u00fc\u015f\u00fcr; yaz\u0131n, vatanda\u015flar nehrin \u0131l\u0131k kesimlerinde y\u00fczmek i\u00e7in ak\u0131n eder.<\/p>\n<p>Pazarlar, kentsel ya\u015fam\u0131n bir di\u011fer \u00f6nemli y\u00f6n\u00fcn\u00fc olu\u015fturur. \u015eehir merkezindeki Bessarabskyi Pazar\u0131 ve d\u00fczinelerce b\u00f6lgesel rynok, \u00e7iftlik \u00fcr\u00fcnleri, et, bal\u0131k, s\u00fct \u00fcr\u00fcnleri, havyar, \u00e7i\u00e7ek, alet ve giyim satan sat\u0131c\u0131larla doludur. Her pazar kendi karakterini yans\u0131t\u0131r - baz\u0131lar\u0131 otomobillerde, di\u011ferleri evcil hayvanlarda veya tekstillerde uzmanla\u015fm\u0131\u015ft\u0131r - ve her biri hayati bir toplumsal ritmi s\u00fcrd\u00fcr\u00fcr. Bunlar\u0131n \u00f6tesinde, Kiev&#039;in g\u00fcney eteklerindeki Ukrayna Halk Mimarisi ve Ya\u015fam\u0131 A\u00e7\u0131k Hava M\u00fczesi, 1,5 kilometrekarelik bir alanda geleneksel k\u0131rsal konutlar\u0131 yeniden yaratarak b\u00f6lgesel yerel geleneklere somut bir ba\u011flant\u0131 sunar.<\/p>\n<p>E\u011flence i\u00e7in Kiev bilardo salonlar\u0131, go-kart pistleri, paintball arenalar\u0131, bowling salonlar\u0131 ve hatta at\u0131\u015f poligonlar\u0131 sunar. K\u0131rk hektarl\u0131k bir alana kurulmu\u015f olan y\u00fczy\u0131ll\u0131k Kiev Hayvanat Bah\u00e7esi, 328 t\u00fcrde yakla\u015f\u0131k 2.600 hayvana ev sahipli\u011fi yapar ve hem bilimsel hem de e\u011flence kurumu olarak hizmet verir. Dahas\u0131, \u015fehre m\u00fczikal ve edebi \u00f6vg\u00fcler - &#034;Seni Nas\u0131l Sevmem, Kiev&#039;im?&#034; ve &#034;Kiev Valsi&#034; gibi \u015fark\u0131lar ve Oleksandr Bilash&#039;\u0131n &#034;Kiev Efsanesi&#034; opereti - kal\u0131c\u0131 duygusal yank\u0131s\u0131n\u0131 kan\u0131tlar.<\/p>\n<p>Ula\u015f\u0131m altyap\u0131s\u0131 kentsel dokuyu destekler. 66,1 kilometre uzunlu\u011funda \u00fc\u00e7 hattan ve 51 istasyondan olu\u015fan Kiev Metrosu (baz\u0131lar\u0131 mimari harikalar) her g\u00fcn yakla\u015f\u0131k 1,422 milyon yolcu ta\u015f\u0131yor ve toplu ta\u015f\u0131ma kullan\u0131m\u0131n\u0131n &#039;ini olu\u015fturuyor. Bir zamanlar Avrupa&#039;n\u0131n en eski elektrikli sistemlerinden biri olan tarihi tramvay a\u011f\u0131, art\u0131k 21 rotada yakla\u015f\u0131k 140 kilometreye yay\u0131l\u0131yor, ancak yava\u015f yava\u015f otob\u00fcslere ve troleyb\u00fcslere yerini b\u0131rak\u0131yor. 1905&#039;ten beri Yukar\u0131 Kent&#039;i Podil&#039;e ba\u011flayan Kiev F\u00fcnik\u00fcleri, Saint Volodymyr Tepesi&#039;nin e\u011fimini iki istasyonla a\u015f\u0131yor. T\u00fcm belediye kara ta\u015f\u0131mac\u0131l\u0131\u011f\u0131 (belirli minib\u00fcsler hari\u00e7) \u015fehrin kamu \u015firketi Kyivpastrans taraf\u0131ndan sabit \u00fccret rejimi alt\u0131nda i\u015fletiliyor; metroda dijital bilet sistemi tan\u0131t\u0131ld\u0131 ve di\u011fer modlar i\u00e7in de geni\u015fletilmesi planlan\u0131yor.<\/p>\n<p>Ana yol a\u011f\u0131nda, sekiz k\u00f6pr\u00fc Dinyeper&#039;i kaplayarak \u015fehrin \u00e7atall\u0131 b\u00f6l\u00fcmlerini birbirine ba\u011flarken, Avrupa rotalar\u0131 ulusal bir ba\u011flant\u0131 noktas\u0131 olarak Kiev&#039;de birle\u015fiyor. Yol ko\u015fullar\u0131 ve t\u0131kan\u0131kl\u0131k zorluklar yaratsa da, devam eden kademeli kav\u015faklar\u0131n in\u015fas\u0131 ve \u00f6nerilen y\u00f6r\u00fcngesel \u00e7evre yolu gelecekte rahatlama vaat ediyor. Havac\u0131l\u0131k ba\u011flant\u0131lar\u0131 aras\u0131nda, yakla\u015f\u0131k 30 kilometre do\u011fuda bulunan Boryspil Uluslararas\u0131 Havaalan\u0131; g\u00fcneyde bulunan daha k\u00fc\u00e7\u00fck Zhuliany Havaalan\u0131; ayr\u0131ca Hostomel kargo ve Antonov&#039;a ba\u011fl\u0131 havaalanlar\u0131 yer al\u0131yor. Uzun mesafeli Kiev-Pasazhyrskyi istasyonuna odaklanan ve alt\u0131 kargo terminaliyle desteklenen demir yolu sistemi, canl\u0131l\u0131\u011f\u0131n\u0131 korusa da gerginli\u011fini koruyor ve Darnytsia merkezindeki geni\u015fleme \u00e7abalar\u0131n\u0131 ve Dinyeper \u00fczerinde birle\u015fik bir demir yolu-kara yolu k\u00f6pr\u00fcs\u00fcn\u00fcn in\u015fas\u0131n\u0131 te\u015fvik ediyor. 2011&#039;de hizmete giren Kentsel Tren, metro ve tramvayla d\u00f6n\u00fc\u015f\u00fcml\u00fc s\u0131k dairesel hizmet sunarken, banliy\u00f6 elektrychka trenleri dakiklik ve kapasite k\u0131s\u0131tlamalar\u0131na ra\u011fmen b\u00f6lgesel ba\u011flant\u0131 sa\u011fl\u0131yor.<\/p>\n<p>Bu dinamik kentsel dokuda, be\u015f mahalle deneyimi Kiev&#039;in \u00e7e\u015fitlili\u011fini \u00f6zetliyor. \u015eehir merkezinde, 2004 ile 2013 y\u0131llar\u0131 aras\u0131nda \u00f6nemli bulu\u015fmalar\u0131n ger\u00e7ekle\u015fti\u011fi Maidan Nezalezhnosti, siyasi ve toplumsal haf\u0131zayla dolup ta\u015f\u0131yor. Hafta sonlar\u0131, Khreshchatyk Caddesi trafi\u011fe kapal\u0131 ve sanat\u00e7\u0131lar ve ailelerle canlanan b\u00fcy\u00fck bulvar\u0131yla bir yaya gezinti yoluna d\u00f6n\u00fc\u015f\u00fcyor. Yukar\u0131 \u015eehir ile Podil&#039;i birbirine ba\u011flayan Arnavut kald\u0131r\u0131ml\u0131 ana arter olan Andrew&#039;s Descent, tepesinde St. Andrew Kilisesi ve otantik bir havay\u0131 koruyan tezgahlar, galeriler ve lokantalar alay\u0131yla sizi \u00e7a\u011f\u0131r\u0131yor. A\u015fa\u011f\u0131da, Podil, on dokuzuncu y\u00fczy\u0131l sokaklar\u0131ndan olu\u015fan bir \u015febeke arac\u0131l\u0131\u011f\u0131yla t\u00fcccar mahallesi miras\u0131n\u0131 ortaya koyuyor, \u015f\u0131k restoranlar ve soylula\u015ft\u0131rma ile canland\u0131r\u0131l\u0131yor, ancak yine de f\u00fcnik\u00fclerin Poshtova Ploshcha&#039;ya ini\u015fiyle sabitleniyor. Son olarak Arsenalna, d\u00fcnyan\u0131n en derin metro istasyonunun hemen yan\u0131nda bulunan tarihi bir meydanda \u00e7e\u015fitli yemek se\u00e7eneklerine ev sahipli\u011fi yap\u0131yor; bu, Kiev&#039;in katmanl\u0131 tarihi derinliklerini anlatan yerinde bir metafor.<\/p>\n<p>Refah, y\u0131k\u0131m ve yenilenme d\u00f6nemleri boyunca Kiev, dayan\u0131kl\u0131l\u0131\u011f\u0131n ve yeniden icat etmenin bir kan\u0131t\u0131 olmaya devam ediyor. Nehir k\u0131y\u0131s\u0131ndaki konumu, tarihi mimarisi, k\u00fclt\u00fcrel kurumlar\u0131 ve modern dinamizmi, hem ge\u00e7mi\u015fini onurland\u0131ran hem de Avrupa sahnesindeki geli\u015fen rol\u00fcn\u00fc benimseyen bir metropolde bir araya geliyor. Kiev&#039;de, yaln\u0131zca bir ba\u015fkentle de\u011fil, Do\u011fu Avrupa&#039;n\u0131n kal\u0131c\u0131 ruhunun ya\u015fayan bir kroni\u011fiyle kar\u015f\u0131la\u015f\u0131yorsunuz.<\/p>","protected":false},"excerpt":{"rendered":"<p>Ukrayna&#039;n\u0131n ba\u015fkenti ve en b\u00fcy\u00fck \u015fehri olan Kiev, \u00fclkenin kuzey-orta b\u00f6lgesinde Dinyeper Nehri k\u0131y\u0131s\u0131nda yer almaktad\u0131r. 1 Ocak 2022 itibar\u0131yla 2.952.301 sakini olan bu \u015fehir, Avrupa&#039;n\u0131n yedinci en kalabal\u0131k \u015fehridir. Bir bin y\u0131ldan fazla bir s\u00fcredir, Do\u011fu Avrupa&#039;n\u0131n en eskilerinden biri olan bu antik \u015fehir, b\u00f6lgenin tarihi, k\u00fclt\u00fcr\u00fc ve ekonomisinde merkezi bir rol oynam\u0131\u015ft\u0131r.<\/p>","protected":false},"author":1,"featured_media":2772,"parent":12613,"menu_order":0,"comment_status":"closed","ping_status":"closed","template":"elementor_theme","meta":{"_eb_attr":"","footnotes":""},"class_list":["post-12625","page","type-page","status-publish","has-post-thumbnail"],"_links":{"self":[{"href":"https:\/\/travelshelper.com\/tr\/wp-json\/wp\/v2\/pages\/12625","targetHints":{"allow":["GET"]}}],"collection":[{"href":"https:\/\/travelshelper.com\/tr\/wp-json\/wp\/v2\/pages"}],"about":[{"href":"https:\/\/travelshelper.com\/tr\/wp-json\/wp\/v2\/types\/page"}],"author":[{"embeddable":true,"href":"https:\/\/travelshelper.com\/tr\/wp-json\/wp\/v2\/users\/1"}],"replies":[{"embeddable":true,"href":"https:\/\/travelshelper.com\/tr\/wp-json\/wp\/v2\/comments?post=12625"}],"version-history":[{"count":0,"href":"https:\/\/travelshelper.com\/tr\/wp-json\/wp\/v2\/pages\/12625\/revisions"}],"up":[{"embeddable":true,"href":"https:\/\/travelshelper.com\/tr\/wp-json\/wp\/v2\/pages\/12613"}],"wp:featuredmedia":[{"embeddable":true,"href":"https:\/\/travelshelper.com\/tr\/wp-json\/wp\/v2\/media\/2772"}],"wp:attachment":[{"href":"https:\/\/travelshelper.com\/tr\/wp-json\/wp\/v2\/media?parent=12625"}],"curies":[{"name":"wp","href":"https:\/\/api.w.org\/{rel}","templated":true}]}}