{"id":12613,"date":"2024-09-16T17:14:40","date_gmt":"2024-09-16T17:14:40","guid":{"rendered":"https:\/\/travelshelper.com\/staging\/?page_id=12613"},"modified":"2026-03-13T00:17:05","modified_gmt":"2026-03-13T00:17:05","slug":"ukrayna","status":"publish","type":"page","link":"https:\/\/travelshelper.com\/tr\/destinations\/europe\/ukraine\/","title":{"rendered":"Ukrayna"},"content":{"rendered":"<p>Avrupa&#039;n\u0131n ikinci b\u00fcy\u00fck \u00fclkesi olan Ukrayna, \u00e7o\u011funlukla s\u0131n\u0131rlanmam\u0131\u015f ovalardan olu\u015fan 603.550 kilometrekarelik bir alana yay\u0131lm\u0131\u015f olup, platolar, ormanlar ve iki m\u00fctevaz\u0131 da\u011f s\u0131ras\u0131 ile noktalanm\u0131\u015ft\u0131r. 44\u00b0 ila 53\u00b0 kuzey enlemleri ve 22\u00b0 ila 41\u00b0 do\u011fu boylamlar\u0131 aras\u0131nda yer alan \u00fclke, kuzeyde Belarus, bat\u0131da Polonya ve Slovakya, g\u00fcneybat\u0131da Macaristan, Romanya ve Moldova ve do\u011fu ve kuzeydo\u011fuda Rusya olmak \u00fczere yedi \u00fclkeye kom\u015fudur ve g\u00fcneyinde ve g\u00fcneydo\u011fusunda Karadeniz ve Azak Denizi&#039;ne k\u0131y\u0131s\u0131 vard\u0131r. Ba\u015fkenti Kiev, son y\u0131llardaki \u00e7alkant\u0131lardan \u00f6nce bir zamanlar k\u0131rk milyonu a\u015fan bir n\u00fcfusa ev sahipli\u011fi yapmaktad\u0131r ve \u00fclkenin resmi dili olan Ukraynaca, Karpatlar&#039;\u0131n eteklerinden K\u0131r\u0131m k\u0131y\u0131lar\u0131na kadar yank\u0131lanmaktad\u0131r.<\/p>\n<p>\u0130nsanlar bu geni\u015f alana ilk olarak otuz iki bin y\u0131l \u00f6nce ayak bast\u0131lar, varl\u0131klar\u0131 zaman zaman kara topraktan \u00e7\u0131kan Paleolitik eserlerle kan\u0131tland\u0131. Dokuzuncu y\u00fczy\u0131lda, daha sonra Kievan Rus\u2032 ad\u0131n\u0131 alacak bir siyasi yap\u0131 ortaya \u00e7\u0131kt\u0131, onuncu ve on birinci y\u00fczy\u0131llarda Avrupa&#039;n\u0131n b\u00fcy\u00fck g\u00fc\u00e7leri aras\u0131nda yer ald\u0131, ba\u015fl\u0131ca \u015fehirleri yald\u0131zl\u0131 kubbelerle parlad\u0131 ve ticaret yollar\u0131 bozk\u0131r boyunca uzan\u0131yordu. Ancak i\u00e7 rekabetler bu diyar\u0131 par\u00e7alad\u0131 ve 1240&#039;ta ilerleyen Mo\u011follar son kal\u0131nt\u0131lar\u0131n\u0131 yok etti, hayatta kalanlar\u0131 Litvanya, Polonya, Osmanl\u0131 ve Avusturya \u0130mparatorluklar\u0131 veya Moskova \u00e7arl\u0131\u011f\u0131 y\u00f6netimi alt\u0131nda do\u011fuya veya bat\u0131ya g\u00f6nderdi.<\/p>\n<p>On yedinci y\u00fczy\u0131lda Kazak Hetmanate, Rusya ve Polonya aras\u0131nda b\u00f6l\u00fcnmesinden ve nihai olarak Rus \u0130mparatorlu\u011fu taraf\u0131ndan emilmesinden \u00f6nce ge\u00e7ici bir \u00f6zy\u00f6netim tad\u0131 vererek merkez bozk\u0131rlarda ortaya \u00e7\u0131kt\u0131. Yirminci y\u00fczy\u0131l\u0131n \u015fafa\u011f\u0131 Ukrayna milliyet\u00e7ili\u011finin canlanmas\u0131na tan\u0131k oldu. 1917&#039;deki \u00e7alkant\u0131lar aras\u0131nda Ukrayna kendini cumhuriyet ilan etti, ancak 1922&#039;de Ukrayna Sovyet Sosyalist Cumhuriyeti olarak Sovyetler Birli\u011fi&#039;ne dahil edildi. 1930&#039;lar\u0131n ba\u015flar\u0131nda insan yap\u0131m\u0131 bir k\u0131tl\u0131k olan Holodomor milyonlarca can ald\u0131 ve \u0130kinci D\u00fcnya Sava\u015f\u0131 s\u0131ras\u0131nda b\u00f6lge iki i\u015fgal ve Yahudi n\u00fcfusunun \u00e7o\u011fu da dahil olmak \u00fczere \u015fa\u015f\u0131rt\u0131c\u0131 sivil kay\u0131plar ya\u015fad\u0131.<\/p>\n<p>Sovyetler Birli\u011fi 1991&#039;de da\u011f\u0131ld\u0131\u011f\u0131nda, Ukrayna ba\u011f\u0131ms\u0131zl\u0131\u011f\u0131n\u0131 ilan etti ve 1996&#039;da demokratik y\u00f6netime ve piyasa ekonomisine kendini adam\u0131\u015f yeni bir anayasa kabul etti; bu, yayg\u0131n yolsuzluk ve devlet merkezli miraslar\u0131n devam etmesiyle engellenen bir h\u0131rst\u0131. 2004-2005 Turuncu Devrimi se\u00e7im reformlar\u0131 getirdi, 2014&#039;te ise kitlesel g\u00f6steriler Kremlin&#039;in K\u0131r\u0131m&#039;\u0131 ilhak etmesi ve Donbas&#039;ta \u00e7at\u0131\u015fman\u0131n patlak vermesiyle sonu\u00e7land\u0131. 2022&#039;deki tam \u00f6l\u00e7ekli bir i\u015fgal hem ulusal kararl\u0131l\u0131\u011f\u0131 hem de k\u00fcresel endi\u015feyi derinle\u015ftirdi.<\/p>\n<p>Bug\u00fcn Ukrayna, gezegendeki alt\u0131nc\u0131 b\u00fcy\u00fck orduya ve d\u00fcnyan\u0131n en iyi on savunma b\u00fct\u00e7esinden birine sahip, \u00fcniter, yar\u0131 ba\u015fkanl\u0131k cumhuriyeti stat\u00fcs\u00fcn\u00fc koruyor. Verimli kara topraklar, k\u00fcresel g\u0131da g\u00fcvenli\u011fi i\u00e7in uzun s\u00fcredir elzem olan muazzam tah\u0131l hasatlar\u0131 sa\u011fl\u0131yor, ancak bu hasatlar \u00e7at\u0131\u015fmalar nedeniyle tehlikeye girdi. Ekonomisi, Avrupa&#039;da nominal ki\u015fi ba\u015f\u0131na d\u00fc\u015fen gelir a\u00e7\u0131s\u0131ndan en d\u00fc\u015f\u00fck s\u0131rada yer al\u0131yor, Avrupa Birli\u011fi ile ba\u011flar\u0131n\u0131 geni\u015fletirken ve 2022&#039;de NATO&#039;ya kat\u0131lmak i\u00e7in ba\u015fvururken bile yolsuzlukla bo\u011fu\u015fuyor.<\/p>\n<p>\u00dclkenin co\u011frafyas\u0131, Dinyeper, Dinyester, G\u00fcney Bug ve Seversky Donets nehirlerinin g\u00fcneye do\u011fru Karadeniz&#039;e ve daha k\u00fc\u00e7\u00fck Azak Denizi&#039;ne do\u011fru yolculuklar\u0131nda bozk\u0131rlar\u0131 b\u00f6ld\u00fc\u011f\u00fc geni\u015f Do\u011fu Avrupa Ovas\u0131&#039;ndan ba\u015flar. G\u00fcneybat\u0131da Tuna Deltas\u0131, batakl\u0131klar aras\u0131nda \u00f6r\u00fclm\u00fc\u015f kanallar\u0131yla Romanya ile su s\u0131n\u0131r\u0131 olu\u015fturur ve daha g\u00fcneyde K\u0131r\u0131m Da\u011flar\u0131 m\u00fctevaz\u0131, sert s\u0131rtlar halinde y\u00fckselir, en y\u00fcksek zirveleri deniz seviyesinden sadece iki bin metre y\u00fcksekliktedir. Bat\u0131da Karpatlar, de\u011fi\u015fen mevsimleri m\u00fcjdeleyen ormanlar\u0131n \u00fczerindeki g\u00f6ky\u00fcz\u00fcn\u00fc d\u00fc\u011f\u00fcmleyen Hoverla&#039;n\u0131n 2.061 metresine y\u00fckselir. Bu yaylalar aras\u0131nda, ovaya ince bir dalgalanma katan Volyn-Podillia, Yak\u0131n-Dnipro, Donets S\u0131rt\u0131, Yak\u0131n-Azov yaylalar\u0131 bulunur.<\/p>\n<p>Topra\u011f\u0131n alt\u0131nda \u00f6nemli do\u011fal zenginlikler yat\u0131yor: yeni talep g\u00f6ren lityum, kaolin ve kereste, geni\u015f do\u011fal gaz depolar\u0131 ve hepsinden \u00f6nemlisi, \u00e7alkalanm\u0131\u015f verimlili\u011fi Ukrayna&#039;ya tarihi lakab\u0131n\u0131, &#034;Avrupa&#039;n\u0131n ekmek sepeti&#034;ni kazand\u0131ran toprak. Yine de end\u00fcstriyel kirlilik, ormans\u0131zla\u015fma, baz\u0131 b\u00f6lgelerdeki su k\u0131tl\u0131\u011f\u0131 ve \u00c7ernobil \u00e7evresindeki kal\u0131c\u0131 radyasyon kirlili\u011fi, 1986 reakt\u00f6r felaketinin kal\u0131nt\u0131lar\u0131 olan \u00e7evresel zorluklar art\u0131yor. Sava\u015f taze ekolojik yaralar a\u00e7t\u0131: Kakhovka Baraj\u0131&#039;n\u0131n kas\u0131tl\u0131 y\u0131k\u0131m\u0131 ve milyonlarca ton kirlenmi\u015f moloz, uzmanlar\u0131n bir ekosid olarak adland\u0131rd\u0131\u011f\u0131, kurtarma maliyetlerinin onlarca milyar dolar olarak \u00f6l\u00e7\u00fcld\u00fc\u011f\u00fc bir \u015feye yol a\u00e7t\u0131.<\/p>\n<p>\u0130klimsel olarak, Ukrayna&#039;n\u0131n orta enlem ayar\u0131, yay\u0131l\u0131m\u0131n\u0131n \u00e7o\u011funda k\u0131tasal bir rejim olu\u015fturur. Kuzeydeki ortalama y\u0131ll\u0131k s\u0131cakl\u0131klar 5,5 \u00b0C ile 7 \u00b0C aras\u0131nda seyrederken, g\u00fcney k\u0131y\u0131s\u0131 11 \u00b0C ile 13 \u00b0C aras\u0131nda daha \u0131l\u0131man okumalar\u0131n tad\u0131n\u0131 \u00e7\u0131kar\u0131r. Ya\u011f\u0131\u015f bat\u0131dan do\u011fuya do\u011fru azal\u0131r, Karpatlar&#039;\u0131 y\u0131lda yakla\u015f\u0131k 1,2 metre ya\u011fmurla besler ve Karadeniz k\u0131y\u0131s\u0131n\u0131 zar zor 0,4 metre b\u0131rak\u0131r. K\u0131\u015flar nehirleri buza \u00e7evirir, deniz ticaretini k\u0131s\u0131tlar; yazlar, baz\u0131 sekt\u00f6rlerde, iklim de\u011fi\u015fimleri yo\u011funla\u015ft\u0131k\u00e7a tar\u0131m ekonomisini tehlikeye atan daralan su ak\u0131\u015flar\u0131 taraf\u0131ndan tehdit edilir.<\/p>\n<p>\u00dclkeyi ula\u015f\u0131m arterleri s\u00fcsl\u00fcyor. 1.600 km&#039;den fazla seyredilebilir nehir yolu, yedi nehri birbirine ba\u011fl\u0131yor -\u00e7o\u011funlukla Tuna, Dinyeper ve Pripyat- ancak buz her k\u0131\u015f onlar\u0131 birbirine ba\u011fl\u0131yor. Sanayi Donbas&#039;ta en yo\u011fun olan demiryollar\u0131, liman \u015fehirlerinden fabrikalara ve tarlalara uzan\u0131yor ve Ukrayna&#039;n\u0131n d\u00fcnyan\u0131n en \u00e7ok demir yoluna ba\u011f\u0131ml\u0131 \u00fclkelerinden biri olma konumunu koruyor. \u00dclkenin bayrak ta\u015f\u0131y\u0131c\u0131s\u0131 olan Ukraine International Airlines, sava\u015f zaman\u0131 s\u0131k\u0131nt\u0131lar\u0131 sivil u\u00e7u\u015flar\u0131 k\u0131s\u0131tlayana kadar Kiev&#039;in Boryspil merkezini Avrupa, Orta Do\u011fu, Kuzey Amerika ve Asya&#039;ya ba\u011fl\u0131yordu.<\/p>\n<p>2022&#039;den \u00f6nce, her y\u0131l sekiz milyondan fazla gezgin Ukrayna&#039;ya ula\u015ft\u0131 ve bu da Ukrayna&#039;y\u0131 Avrupa&#039;n\u0131n en \u00e7ok ziyaret edilen sekizinci destinasyonu yapt\u0131. Ba\u015fl\u0131ca m\u0131knat\u0131slar aras\u0131nda yald\u0131zl\u0131 Ortodoks hazineleriyle Kiev; denizin \u00fczerindeki Odessa teraslar\u0131; Kharkiv&#039;in geni\u015f caddeleri; Dnipro&#039;nun k\u0131y\u0131 \u015feritleri vard\u0131. Bat\u0131n\u0131n m\u00fccevheri Lviv, UNESCO korumas\u0131 alt\u0131nda orta\u00e7a\u011f sokak manzaralar\u0131n\u0131 bozulmadan koruyor. Korniakt Saray\u0131 ve freskli kiliseleri b\u00f6lgenin \u00e7ok y\u00f6nl\u00fc etkisini \u00e7a\u011fr\u0131\u015ft\u0131r\u0131rken, Ulusal Sanat Galerisi hem Barok hem de modernist miraslar\u0131 koruyor. Kiev&#039;in St. Sophia Katedrali ve Pechersk Lavra manast\u0131rlar\u0131, sanat\u00e7\u0131lar\u0131n ve zanaatkarlar\u0131n bir renk ve zanaat ak\u0131\u015f\u0131nda bir araya geldi\u011fi Andriyivsky Uzviz&#039;e ba\u015fkanl\u0131k ederek masmavi kubbelerin tepesinde parl\u0131yor. Ziyaret\u00e7iler bir zamanlar Odessa liman\u0131ndan \u0130stanbul veya Varna&#039;ya do\u011fru yola \u00e7\u0131k\u0131yordu ve feribotlar Ukrferry bayra\u011f\u0131 alt\u0131nda Karadeniz&#039;de sefer yap\u0131yordu.<\/p>\n<p>Ukrayna&#039;n\u0131n do\u011fal zenginlikleri, orman ge\u00e7itlerinden panoramik y\u00fcksekliklere giden patikalar\u0131n bulundu\u011fu yuvarlak Karpat zirvelerinden, su ku\u015flar\u0131yla dolu sazl\u0131klarla kapl\u0131 kanallar\u0131n bulundu\u011fu Tuna Deltas\u0131 Biyosfer Rezervi&#039;ne kadar uzan\u0131r. &#034;Ukrayna&#039;n\u0131n Venedik&#039;i&#034; olan Vylkovo&#039;da dar kanallar, s\u00f6\u011f\u00fctlerin ve mart\u0131lar\u0131n alt\u0131ndan tahta kay\u0131klar\u0131 y\u00f6nlendirirken, k\u0131\u015f sporlar\u0131 daha bat\u0131daki karla kapl\u0131 yama\u00e7larda geli\u015fir.<\/p>\n<p>2022 \u00e7at\u0131\u015fmas\u0131ndan \u00f6nceki n\u00fcfus rakamlar\u0131 k\u0131rk bir milyonun \u00fczerindeydi ve bunlar\u0131n yakla\u015f\u0131k y\u00fczde altm\u0131\u015f yedisi \u015fehirlerde, \u00f6zellikle sanayi do\u011fu ve g\u00fcneydo\u011fuda ikamet ediyordu. Kilometrekare ba\u015f\u0131na 69,5 ki\u015filik m\u00fctevaz\u0131 bir kentsel yo\u011funluk Avrupa ortalamas\u0131yla tezat olu\u015fturuyor, ancak demografik bask\u0131lar artt\u0131k\u00e7a say\u0131s\u0131z k\u00f6y azal\u0131yor. Do\u011fumda beklenen ya\u015fam s\u00fcresi genel olarak yetmi\u015f \u00fc\u00e7 y\u0131la ula\u015ft\u0131 ve cinsiyet fark\u0131 vard\u0131: kad\u0131nlar i\u00e7in yetmi\u015f sekiz ve erkekler i\u00e7in altm\u0131\u015f sekiz.<\/p>\n<p>\u0130nan\u00e7 ve gelenek i\u00e7 i\u00e7e ge\u00e7er. Ukrayna, d\u00fcnyan\u0131n ikinci b\u00fcy\u00fck Do\u011fu Ortodoks cemaatine ev sahipli\u011fi yapar, ayinleri hem katedral koridorlar\u0131nda hem de k\u00f6y kiliselerinde yank\u0131lan\u0131r. 2021 anketi, kat\u0131l\u0131mc\u0131lar\u0131n y\u00fczde seksen ikisinde inan\u00e7 oldu\u011funu kaydetti, Bat\u0131 b\u00f6lgeleri en dindar, Donbas ve do\u011fu eyaletleri ise en az dindard\u0131. Halk gelenekleri devam eder: b\u00fcy\u00fckanne ve b\u00fcy\u00fckbabalar genellikle \u00e7ocuklar i\u00e7in ba\u015fl\u0131ca sorumlulu\u011fu \u00fcstlenir ve Ortodoks takvimi \u015fenlikleri \u015fekillendirir. Petrykivka resmi ve Kosiv seramikleri gibi dekoratif sanatlar y\u00fczy\u0131llard\u0131r s\u00fcren k\u0131rsal zanaatlar\u0131 takip ederken, Kazak \u015fark\u0131lar\u0131 d\u00f6v\u00fc\u015f koreografilerini ve destans\u0131 dizeleri korur.<\/p>\n<p>Edebi ve sanatsal ifade, siyasi \u00e7alkant\u0131n\u0131n izlerini ta\u015f\u0131m\u0131\u015ft\u0131r. Stalin&#039;in 1932 tarihli sosyalist ger\u00e7ek\u00e7ilik kararnamesi uyar\u0131nca, yarat\u0131c\u0131 sesler k\u0131s\u0131tlanm\u0131\u015ft\u0131, ancak 1980&#039;lerde glasnost, ba\u011f\u0131ms\u0131z y\u00f6netim alt\u0131nda devam eden bir r\u00f6nesans yaratarak deney yapma \u00f6zg\u00fcrl\u00fc\u011f\u00fcn\u00fc geri kazand\u0131rd\u0131. UNESCO, sekiz Ukrayna b\u00f6lgesini tan\u0131d\u0131 ve 2023&#039;te sava\u015f s\u0131ras\u0131nda iki y\u00fczden fazla k\u00fclt\u00fcrel m\u00fclke verilen zarar\u0131 do\u011frulad\u0131. Odessa&#039;n\u0131n tarihi \u00e7ekirde\u011fi art\u0131k Tehlike Alt\u0131ndaki D\u00fcnya Miras\u0131 Listesi&#039;ne, \u00e7at\u0131\u015fma nedeniyle tehlikeye at\u0131lan miras\u0131n bir kan\u0131t\u0131 olarak kaydedildi.<\/p>\n<p>Paskalya yumurtalar\u0131 veya pysanky, bu ovalarda Hristiyanl\u0131ktan daha eski bir sanat\u0131 \u00f6rneklemektedir. Balmumu direnci ve boya katmanlar\u0131n\u0131n karma\u015f\u0131k bir s\u00fcreci, her yumurtay\u0131 sembol ve renk tonlar\u0131n\u0131n minyat\u00fcr bir kroni\u011fi haline getirir. 2000 y\u0131l\u0131nda a\u00e7\u0131lan Pysanka Kolomyia M\u00fczesi, kendisi modern bir Ukrayna simgesi olarak kabul edilen bu miras\u0131 b\u00fcnyesinde bar\u0131nd\u0131rmaktad\u0131r.<\/p>\n<p>2012&#039;den beri devletin K\u00fclt\u00fcr Bakanl\u0131\u011f\u0131, Temmuz 2024&#039;e kadar s\u00f6zl\u00fc geleneklerden rit\u00fcel uygulamalara kadar her biri ulusal yap\u0131n\u0131n bir par\u00e7as\u0131 olan 103 \u00f6\u011feyi sayan somut olmayan miras\u0131n bir envanterini derledi. Mimarl\u0131k tarihi yans\u0131t\u0131r: Kiev Rus&#039;unun Bizans kubbeleri, Gali\u00e7ya&#039;daki Polonya R\u00f6nesans\u0131, Lviv&#039;deki Avusturya-Macaristan s\u00fcslemesi, Kiev&#039;deki Rus Barok&#039;u, Sovyet d\u00f6nemi Kru\u015f\u00e7ovkalar\u0131 kentsel \u00e7evrelere yay\u0131l\u0131yor. G\u00fcn\u00fcm\u00fcz\u00fcn sil\u00fcetleri Sovyet kemer s\u0131kmac\u0131l\u0131\u011f\u0131n\u0131 \u00e7a\u011fda\u015f m\u00fcdahalelerle yan yana getirerek ge\u00e7mi\u015f ile \u015fimdiki zaman aras\u0131ndaki \u00e7\u00f6z\u00fclmemi\u015f diyalo\u011fu ima ediyor.<\/p>\n<p>Mutfak uygulamalar\u0131 toprak ve gelene\u011fin birle\u015fmesini yans\u0131t\u0131r. Tavuk et t\u00fcketiminde bask\u0131nd\u0131r, onu domuz eti ve s\u0131\u011f\u0131r eti takip eder; sebzeler (patates, lahana, mantar ve pancar) temel besinleri sa\u011flar. Tur\u015fu \u00e7e\u015fitleri lezzetler olarak \u00f6ne \u00e7\u0131karken, salo, tuzlanm\u0131\u015f domuz ya\u011f\u0131 ulusal be\u011feniye sahiptir. Her ikisi de verimli \u00e7ernozemde geli\u015fen \u00e7avdar ve bu\u011fdaydan yap\u0131lan ekmek yemeklerin temelini olu\u015fturur ve repertuarda varenyky (k\u00f6fte), nalysnyky (krep), kapusnyak (lahana \u00e7orbas\u0131), bor\u015f (ek\u015fi pancar \u00e7orbas\u0131) ve holubtsi (lahana rulolar\u0131) bulunur. Paska ve korovai Paskalya&#039;y\u0131 ve evlilik t\u00f6renlerini i\u015faretler ve tatl\u0131 Kiev pastas\u0131 ba\u015fkent gelene\u011fini anar. \u0130\u00e7ecekler uzvardan (kurutulmu\u015f meyve kompostosu) ve ryazhanka&#039;dan (fermente krema) horilkaya kadar \u00e7e\u015fitlilik g\u00f6steriyor ve ki\u015fi ba\u015f\u0131na d\u00fc\u015fen i\u00e7ki t\u00fcketimi, son d\u00f6nemdeki d\u00fc\u015f\u00fc\u015flere ra\u011fmen k\u00fcresel olarak en y\u00fcksek seviyelerde yer al\u0131yor.<\/p>\n<p>Ukrayna&#039;n\u0131n end\u00fcstriyel canl\u0131l\u0131\u011f\u0131, tar\u0131msal a\u011f\u0131rl\u0131\u011f\u0131 ve k\u00fclt\u00fcrel miras\u0131, d\u00fcnya meselelerinde bir orta g\u00fcc\u00fc tan\u0131mlamak i\u00e7in bir araya geliyor, Avrupa yap\u0131lar\u0131yla ba\u011flar\u0131n\u0131 derinle\u015ftirirken d\u0131\u015f sald\u0131rganl\u0131kla m\u00fccadele eden bir Birle\u015fmi\u015f Milletler kurucu \u00fcyesi. Bol miktarda do\u011fal kaynaklar\u0131 ve tarihi ge\u00e7mi\u015fi, \u00e7alkant\u0131lar\u0131n ortas\u0131nda diren\u00e7li bir halk \u015fekillendirdi. Dinyeper&#039;in donmu\u015f k\u0131y\u0131lar\u0131ndan Karpatlar&#039;\u0131n yemye\u015fil yama\u00e7lar\u0131na, Kiev&#039;in yald\u0131zl\u0131 kulelerinden Vylkovo kanallar\u0131na kadar, Ukrayna&#039;n\u0131n \u00e7e\u015fitli diyarlar\u0131, ovalar\u0131n kendisi kadar geni\u015f ve verimli bir anlat\u0131y\u0131 takip ediyor.<\/p>","protected":false},"excerpt":{"rendered":"<p>Do\u011fu Avrupa&#039;da bulunan Ukrayna, 2021 itibar\u0131yla yakla\u015f\u0131k 44 milyonluk n\u00fcfusuyla Rusya&#039;dan sonra ikinci b\u00fcy\u00fck Avrupa \u00fclkesidir. Stratejik olarak Avrupa ve Asya&#039;n\u0131n birle\u015fti\u011fi noktada bulunan Ukrayna, 603.548 kilometrekarelik bir alan\u0131 kaplar ve bu nedenle b\u00f6lgenin jeopolitik sahnesinde \u00f6nemli bir akt\u00f6rd\u00fcr. Do\u011fu ve kuzeydo\u011fuda Rusya; kuzeyde Belarus; bat\u0131da Polonya ve Slovakya; g\u00fcneybat\u0131da Macaristan, Romanya ve Moldova; \u00fclke birka\u00e7 \u00fclkeyle s\u0131n\u0131r kom\u015fusudur. Dahas\u0131, Ukrayna&#039;ya \u00f6nemli deniz eri\u015fimi sa\u011flayan \u015fey, g\u00fcneyde ve g\u00fcneydo\u011fuda Karadeniz ve Azak Denizi boyunca uzanan \u00f6nemli k\u0131y\u0131 \u015ferididir.<\/p>","protected":false},"author":1,"featured_media":3198,"parent":24078,"menu_order":0,"comment_status":"closed","ping_status":"closed","template":"elementor_theme","meta":{"_eb_attr":"","footnotes":""},"class_list":["post-12613","page","type-page","status-publish","has-post-thumbnail"],"_links":{"self":[{"href":"https:\/\/travelshelper.com\/tr\/wp-json\/wp\/v2\/pages\/12613","targetHints":{"allow":["GET"]}}],"collection":[{"href":"https:\/\/travelshelper.com\/tr\/wp-json\/wp\/v2\/pages"}],"about":[{"href":"https:\/\/travelshelper.com\/tr\/wp-json\/wp\/v2\/types\/page"}],"author":[{"embeddable":true,"href":"https:\/\/travelshelper.com\/tr\/wp-json\/wp\/v2\/users\/1"}],"replies":[{"embeddable":true,"href":"https:\/\/travelshelper.com\/tr\/wp-json\/wp\/v2\/comments?post=12613"}],"version-history":[{"count":0,"href":"https:\/\/travelshelper.com\/tr\/wp-json\/wp\/v2\/pages\/12613\/revisions"}],"up":[{"embeddable":true,"href":"https:\/\/travelshelper.com\/tr\/wp-json\/wp\/v2\/pages\/24078"}],"wp:featuredmedia":[{"embeddable":true,"href":"https:\/\/travelshelper.com\/tr\/wp-json\/wp\/v2\/media\/3198"}],"wp:attachment":[{"href":"https:\/\/travelshelper.com\/tr\/wp-json\/wp\/v2\/media?parent=12613"}],"curies":[{"name":"wp","href":"https:\/\/api.w.org\/{rel}","templated":true}]}}