{"id":12406,"date":"2024-09-16T00:39:00","date_gmt":"2024-09-16T00:39:00","guid":{"rendered":"https:\/\/travelshelper.com\/staging\/?page_id=12406"},"modified":"2026-03-12T18:32:52","modified_gmt":"2026-03-12T18:32:52","slug":"karadag","status":"publish","type":"page","link":"https:\/\/travelshelper.com\/tr\/destinations\/europe\/montenegro\/","title":{"rendered":"Karada\u011f"},"content":{"rendered":"<p>13.883 km\u00b2&#039;lik bir alana yay\u0131lm\u0131\u015f 623.633 n\u00fcfuslu Karada\u011f, G\u00fcneydo\u011fu Avrupa&#039;daki Balkan Yar\u0131madas\u0131&#039;n\u0131n ince bir b\u00f6l\u00fcm\u00fcn\u00fc kaplar. G\u00fcneybat\u0131da Adriyatik Denizi ile \u00e7evrili ve H\u0131rvatistan, Bosna-Hersek, S\u0131rbistan, Kosova ve Arnavutluk ile s\u0131n\u0131rlanan 25 belediyeden olu\u015fan bu cumhuriyet, binlerce y\u0131ll\u0131k katmanl\u0131 tarihi ve dikkate de\u011fer co\u011frafi \u00e7e\u015fitlili\u011fi b\u00fcnyesinde bar\u0131nd\u0131r\u0131r. Y\u00fckselen Alp zirvelerinden dar bir k\u0131y\u0131 ovas\u0131na, orta\u00e7a\u011f kiliselerinden Osmanl\u0131 d\u00f6nemi surlar\u0131na kadar Karada\u011f&#039;\u0131n kompakt topraklar\u0131 yak\u0131ndan, tefekk\u00fcrl\u00fc bir bak\u0131\u015f\u0131 davet ediyor.<\/p>\n<p>MS alt\u0131nc\u0131 ve yedinci y\u00fczy\u0131llardaki Slav g\u00f6\u00e7lerinden \u00e7ok \u00f6nce, \u0130liryal\u0131 kabileler, \u015fu anda kuzey Karada\u011f&#039;\u0131n \u00e7o\u011funu tan\u0131mlayan engebeli yaylalar\u0131 \u015fekillendirdi. Sonraki y\u00fczy\u0131llarda, \u00fc\u00e7 orta\u00e7a\u011f prensli\u011fi\u2014g\u00fcneyde Duklja, bat\u0131da Travunia ve kuzeyde Ra\u0161ka\u2014on d\u00f6rd\u00fcnc\u00fc y\u00fczy\u0131lda Zeta adl\u0131 yeni bir siyasi yap\u0131n\u0131n temellerini att\u0131. Venedikli t\u00fcccarlar ve donanma komutanlar\u0131, on d\u00f6rd\u00fcnc\u00fc y\u00fczy\u0131l\u0131n sonlar\u0131nda k\u0131y\u0131 boyunca izlerini b\u0131rakarak g\u00fcney k\u0131y\u0131lar\u0131n\u0131 Venedik Arnavutluk&#039;u olarak bilinen b\u00f6lgeye entegre ettiler. Osmanl\u0131 ak\u0131nlar\u0131 on be\u015finci y\u00fczy\u0131l\u0131n sonlar\u0131nda b\u00f6lgeye ula\u015ft\u0131, ancak yayla klanlar\u0131 Petrovi\u0107-Njego\u0161 hanedan\u0131 alt\u0131nda bir dereceye kadar \u00f6zerkliklerini korudular. 1878&#039;de Berlin Kongresi Karada\u011f&#039;\u0131n ba\u011f\u0131ms\u0131zl\u0131\u011f\u0131n\u0131 resmen tan\u0131d\u0131; 1910&#039;da Karada\u011f Krall\u0131\u011f\u0131 haline geldi. Yirminci y\u00fczy\u0131l, S\u0131rplar, H\u0131rvatlar ve Slovenler Krall\u0131\u011f\u0131 (daha sonra Yugoslavya) ile birle\u015fmeyi, S\u0131rbistan ile daha sonra federal bir d\u00fczenlemeyi ve son olarak Haziran 2006&#039;da referandum yoluyla egemen devlet stat\u00fcs\u00fcn\u00fcn yeniden tesis edilmesini ve \u00fclkenin bug\u00fcnk\u00fc haline getirilmesini beraberinde getirdi.<\/p>\n<p>Karada\u011f&#039;\u0131n ekonomisi art\u0131k \u00fcst-orta gelir olarak s\u0131n\u0131fland\u0131r\u0131l\u0131yor ve a\u011f\u0131rl\u0131kl\u0131 olarak hizmetlere dayan\u0131yor, turizm son on y\u0131llarda giderek daha fazla \u00f6ne \u00e7\u0131k\u0131yor. Euro, tek tarafl\u0131 kabul ile ulusal para birimi i\u015flevi g\u00f6r\u00fcrken, altyap\u0131 geli\u015ftirme (\u00f6zellikle otoyollar\u0131n tamamlanmas\u0131 ve Belgrad-Bar demir yolunun modernizasyonu) dengeli b\u00fcy\u00fcmeyi te\u015fvik etmek i\u00e7in belirtilen bir \u00f6ncelik olmaya devam ediyor. Podgorica ve Tivat&#039;taki iki uluslararas\u0131 havaalan\u0131, Adriyatik k\u0131y\u0131s\u0131n\u0131n plajlar\u0131 ve tarihi kasabalar\u0131 taraf\u0131ndan \u00e7ekilen ziyaret\u00e7i ak\u0131n\u0131na kar\u015f\u0131 koyuyor; sava\u015f zaman\u0131 y\u0131k\u0131m\u0131ndan sonra yeniden in\u015fa edilen Bar Liman\u0131, tasarlanan kapasitesinin \u00e7ok alt\u0131nda kargo hacimlerini kar\u015f\u0131l\u0131yor.<\/p>\n<p>Co\u011frafi olarak Karada\u011f z\u0131tl\u0131klar\u0131n bir incelemesidir. Sadece kilometrelerce geni\u015flikteki k\u0131y\u0131 ovas\u0131, aniden yerini, aralar\u0131nda Lov\u0107en ve Orjen Da\u011flar\u0131&#039;n\u0131n da bulundu\u011fu, Kotor K\u00f6rfezi&#039;ne do\u011fru uzanan kire\u00e7ta\u015f\u0131 masiflerine b\u0131rak\u0131r. \u0130\u00e7 kesimlerde, karst olu\u015fumlar\u0131 2.000 m&#039;yi a\u015fan y\u00fcksekliklere \u00e7\u0131kar: 1.894 m&#039;deki Orjen Da\u011f\u0131, Durmitor s\u0131rada\u011flar\u0131ndaki Bobotov Kuk 2.522 m&#039;de ve 2018 \u00fc\u00e7genlemesi itibar\u0131yla, Prokletije s\u0131rada\u011flar\u0131ndaki Zla Kolata 2.534 m&#039;de. UNESCO listesindeki Tara Nehri ge\u00e7idi gibi buzullarla a\u015f\u0131nm\u0131\u015f vadiler ve dik kanyonlar kuzeydeki yaylalar\u0131 \u015fekillendirirken, Arnavutluk ile payla\u015f\u0131lan ve milli park olarak korunan Skadar G\u00f6l\u00fc, g\u00fcneybat\u0131daki ovalar\u0131 g\u00f6\u00e7men ku\u015flarla dolu sulak alanlarla noktalamaktad\u0131r.<\/p>\n<p>Hem kent merkezlerinde hem de k\u00fc\u00e7\u00fck kasabalarda mimari kal\u0131nt\u0131lar Karada\u011f&#039;\u0131n \u00e7e\u015fitli y\u00f6neticilerini izler. Kotor&#039;un orta\u00e7a\u011f merkezinde, kumlu sokaklar Venedik saraylar\u0131 ve Romanesk kiliseler aras\u0131nda k\u0131vr\u0131l\u0131r: on ikinci y\u00fczy\u0131ldan kalma Aziz Tryphon Katedrali ana meydanda dururken, Aziz Luke Kilisesi su kenar\u0131ndaki sessiz bir meydana bakar. Adriyatik turizminin be\u015fi\u011fi olan Budva, kumlu k\u0131y\u0131s\u0131 boyunca modern geli\u015fmelerin fonunda, dokuz y\u00fczy\u0131ll\u0131k dini an\u0131tlarla \u00e7evrili antik bir kaleyi korur. K\u00f6rfezin giri\u015findeki Herceg Novi, Ceneviz tasar\u0131m\u0131 kalelere ve Akdeniz ye\u015filli\u011finin kademeli bir amfitiyatrosuna sahiptir.<\/p>\n<p>Bir zamanlar kraliyet ba\u015fkenti ve \u015fimdi ulusal miras\u0131n deposu olan Cetinje, Lov\u0107en Da\u011f\u0131&#039;n\u0131n alt\u0131nda yer al\u0131r. Sokaklar\u0131nda m\u00fczeler, diplomatik d\u00f6nem el\u00e7ilikleri ve Karada\u011f&#039;\u0131n manevi geleneklerine tan\u0131kl\u0131k eden kal\u0131nt\u0131lar\u0131n ve ikonografinin koruyucusu olan Ortodoks Cetinje Manast\u0131r\u0131 bulunur. Kuzeyde \u017dabljak, Kara G\u00f6l&#039;\u00fcn y\u00fcr\u00fcme mesafesinde oldu\u011fu Durmitor Milli Park\u0131&#039;n\u0131n kap\u0131s\u0131 olarak hizmet verir ve k\u0131\u015f karlar\u0131 spor turizmini e\u015fit \u00f6l\u00e7\u00fcde te\u015fvik eder.<\/p>\n<p>Karada\u011f&#039;\u0131n demografik mozai\u011fi, kav\u015fak konumunu yans\u0131t\u0131r. Hi\u00e7bir etnik grup tek ba\u015f\u0131na mutlak \u00e7o\u011funlu\u011fu olu\u015fturmaz; Karada\u011fl\u0131lar n\u00fcfusun yakla\u015f\u0131k &#039;ini, S\u0131rplar &#039;\u00fcn\u00fc, Bo\u015fnaklar %9&#039;unu, Arnavutlar %5&#039;ini ve Ruslar %2&#039;sini temsil eder ve di\u011fer daha k\u00fc\u00e7\u00fck topluluklar da \u00f6yle. \u00c7o\u011funlukla S\u0131rp Ortodoks Kilisesi&#039;ne ba\u011fl\u0131 olan Do\u011fu Ortodoks Hristiyanlar\u0131, dini ba\u011fl\u0131l\u0131\u011f\u0131n &#039;ini olu\u015fturur; M\u00fcsl\u00fcmanlar (\u00e7o\u011funlukla Sand\u017eak b\u00f6lgesinde) ve Roma Katolikleri (\u00e7o\u011funlukla k\u0131y\u0131 boyunca) ba\u015fl\u0131ca dini az\u0131nl\u0131klar\u0131 olu\u015fturur. Y\u00fczy\u0131llar boyunca inan\u00e7lar\u0131n bir arada var olmas\u0131, hem rit\u00fcel ya\u015famda hem de \u015fenlikli toplant\u0131larda y\u00fczeye \u00e7\u0131kan k\u00fclt\u00fcrel bir ritim sa\u011flam\u0131\u015ft\u0131r.<\/p>\n<p>\u010cojstvo i Juna\u0161tvo kavram\u0131\u2014geni\u015f bir \u015fekilde \u201cinsanl\u0131k ve yi\u011fitlik\u201d olarak ifade edilir\u2014klan temelli geleneklerden modern vatanda\u015f kimli\u011fine kadar b\u00f6lgenin etik ve sosyal de\u011ferlerinin temelini olu\u015fturur. Halk gelenekleri, dans\u00e7\u0131lar\u0131n e\u015fmerkezli daireler olu\u015fturdu\u011fu ve aralara serpi\u015ftirilmi\u015f \u00e7iftlerin hem hayvan zarafetini hem de toplumsal dayan\u0131\u015fmay\u0131 \u00e7a\u011fr\u0131\u015ft\u0131ran bir tabloda birbirlerinin omuzlar\u0131na \u00e7\u0131kt\u0131\u011f\u0131 \u201ckartal dans\u0131\u201d Oro&#039;da ifadesini bulur.<\/p>\n<p>Karada\u011f sofras\u0131nda gastronomik ak\u0131mlar Do\u011fu&#039;dan Bat\u0131&#039;ya do\u011fru ak\u0131yor. Osmanl\u0131 etkileri sarma (et ve pilav\u0131n etraf\u0131na sar\u0131lm\u0131\u015f asma yapraklar\u0131), musaka, pilav, pide ve \u0107evapi gibi yemeklerde varl\u0131\u011f\u0131n\u0131 s\u00fcrd\u00fcr\u00fcyor. Orta Avrupa lezzetleri kreplerde ve donutlarda, re\u00e7ellerde, bisk\u00fcvilerde ve zengin keklerde kar\u015f\u0131m\u0131za \u00e7\u0131k\u0131yor. Deniz \u00fcr\u00fcnlerinin bol oldu\u011fu Adriyatik k\u0131y\u0131s\u0131 boyunca Akdeniz sadeli\u011fi hakim: \u0131zgara bal\u0131k, kabuklu deniz \u00fcr\u00fcnleri ve b\u00f6lgenin karakteristik k\u0131rm\u0131z\u0131 \u015farab\u0131 Vranac. \u0130\u00e7 kesimlerde, yayla yemekleri s\u00fct ve kuzu etini y\u00fcceltiyor: cicvara (peynir ve krema ile zenginle\u015ftirilmi\u015f m\u0131s\u0131r unu), s\u00fctl\u00fc ha\u015flanm\u0131\u015f kuzu eti ve pljevaljski ve njegu\u0161ki peynirleri. Njegu\u0161ki pr\u0161ut\u2014Njegu\u0161i k\u00f6y\u00fcnden t\u00fcts\u00fclenmi\u015f bir jambon\u2014Lov\u0107en Da\u011f\u0131&#039;n\u0131n yama\u00e7lar\u0131nda uygulanan as\u0131rl\u0131k k\u00fcrleme tekniklerinin bir kan\u0131t\u0131.<\/p>\n<p>Karada\u011f ba\u011fc\u0131l\u0131\u011f\u0131, ba\u011flar\u0131nda Krsta\u010d beyazlar\u0131 ve Cabernet&#039;in yan\u0131 s\u0131ra Vranac ve Pro Corde k\u0131rm\u0131z\u0131lar\u0131 \u00fcreten Podgorica yak\u0131nlar\u0131ndaki Planta\u017ee arazilerine odaklan\u0131yor. Golubovci&#039;deki Kne\u017eevi\u0107 ve Monte Grande etiketi gibi butik i\u015fletmeler bu teklifleri tamaml\u0131yor. Yerel bir restoranda bir litre Vranac sekiz ila on be\u015f avro aras\u0131nda; s\u00fcpermarket fiyatlar\u0131 iki avrodan ba\u015fl\u0131yor ve bu da \u015farab\u0131n eri\u015filebilirli\u011fini vurguluyor.<\/p>\n<p>Etik davran\u0131\u015f yemek vaktinin \u00f6tesine uzan\u0131r. Kamu kurumlar\u0131 genellikle m\u00fctevaz\u0131 k\u0131yafetler ister; hastanelerde, h\u00fck\u00fcmet binalar\u0131nda ve ibadethanelerde \u015fortlar ho\u015f kar\u015f\u0131lanmayabilir. Plajlarda, dipsiz g\u00fcne\u015flenme belirlenmi\u015f nat\u00fcrist alanlarla s\u0131n\u0131rl\u0131d\u0131r. Kadeh kald\u0131rma gelenekleri do\u011frudan g\u00f6z temas\u0131 gerektirir, aksi takdirde hareket yanl\u0131\u015f yorumlanma riski ta\u015f\u0131r. Hacimce yakla\u015f\u0131k y\u00fczde elli \u00fc\u00e7 alkol kaydeden g\u00fc\u00e7l\u00fc erik brendisi olan Rakija, \u00f6l\u00e7\u00fcl\u00fc bir sayg\u0131 gerektirir: ev sahipleri \u00e7ok say\u0131da tur teklif edebilir, ancak misafirin dikkatli bir \u015fekilde yudumlamas\u0131 beklenir.<\/p>\n<p>Son sezonlarda turist var\u0131\u015flar\u0131 iki milyonu a\u015ft\u0131, Kotor K\u00f6rfezi&#039;nin UNESCO listesindeki panoramas\u0131, neredeyse dikey bir u\u00e7urum y\u00fcz\u00fcne oyulmu\u015f on yedinci y\u00fczy\u0131l Ostrog Manast\u0131r\u0131 ve bir zamanlar The New York Times taraf\u0131ndan &#034;2010&#039;da Gidilecek En \u0130yi 31 Yer&#034; aras\u0131nda \u00f6v\u00fclen Ulcinj G\u00fcney Sahili&#039;nin 12 kilometrelik kumlar\u0131 taraf\u0131ndan \u00e7ekildi. National Geographic Traveler, Karada\u011f&#039;\u0131 on y\u0131lda bir yay\u0131nlanan &#034;Bir \u00d6m\u00fcr Boyu Unutulmaz 50 Yer&#034; listesine dahil etti ve Sveti Stefan&#039;\u0131n adac\u0131k oteli bir kapak say\u0131s\u0131n\u0131 s\u00fcsledi. Ancak \u00f6nemli cazibe merkezlerinin \u00f6tesinde Karada\u011f samimi kar\u015f\u0131la\u015fmalar sunuyor: Budva&#039;n\u0131n kalesinde ay \u0131\u015f\u0131\u011f\u0131nda bir y\u00fcr\u00fcy\u00fc\u015f, \u015fafak vakti Perast&#039;\u0131n k\u0131rm\u0131z\u0131 \u00e7at\u0131lar\u0131n\u0131 tutu\u015fturan \u0131\u015f\u0131k veya Orjen&#039;in bulutlarla kapl\u0131 zirvelerinin alt\u0131nda bir kano gezisi.<\/p>\n<p>Altyap\u0131 zorluklar\u0131 devam ediyor. Yollar nadiren Bat\u0131 Avrupa standartlar\u0131n\u0131 kar\u015f\u0131l\u0131yor ve otoyol ba\u011flant\u0131lar\u0131n\u0131 tamamlama iste\u011fi hem ekonomik zorunluluktan hem de turizmi cumhuriyet genelinde daha e\u015fit bir \u015fekilde da\u011f\u0131tma arzusundan kaynaklan\u0131yor. Da\u011f ge\u00e7itleri ve t\u00fcneller arac\u0131l\u0131\u011f\u0131yla bir m\u00fchendislik harikas\u0131 olan Belgrad-Bar demiryolu, y\u00fck trafi\u011fini ama\u00e7lanan verimine geri d\u00f6nd\u00fcrmeye \u00e7al\u0131\u015f\u0131yor. Bar liman\u0131nda s\u0131v\u0131la\u015ft\u0131r\u0131lm\u0131\u015f do\u011fal gaza yer verme \u00f6nerileri, enerji \u00e7e\u015fitlili\u011fine ve b\u00f6lgesel ba\u011flant\u0131ya do\u011fru bir d\u00f6n\u00fcm noktas\u0131 sinyali veriyor.<\/p>\n<p>Kuzeyde, Durmitor&#039;un k\u0131\u015f karlar\u0131 ve alpin \u00e7ay\u0131rlar\u0131 y\u0131l boyunca a\u00e7\u0131k hava merakl\u0131lar\u0131n\u0131 cezbeder. K\u0131y\u0131lar\u0131nda 1.300 metreden fazla derinli\u011fe inen Tara Nehri kanyonu, d\u00fcnyan\u0131n en uzun ve en derin kanyonlar\u0131 aras\u0131nda yer al\u0131r ve buz ve su taraf\u0131ndan yontulmu\u015f kire\u00e7 ta\u015f\u0131 duvarlar\u0131n\u0131n sessiz tefekk\u00fcr\u00fcn\u00fc adrenalinle harmanlayan rafting gezileri sunar. Skadar G\u00f6l\u00fc Milli Park\u0131 ise aksine daha yumu\u015fak bir g\u00fcndem sunar: ku\u015f g\u00f6zlemcileri sazl\u0131k yataklar\u0131 aras\u0131nda pelikanlar\u0131 ve bal\u0131k\u00e7\u0131llar\u0131 takip ederken, geleneksel bal\u0131k\u00e7\u0131 tekneleri cam gibi sular\u0131n \u00fczerinde kayar.<\/p>\n<p>Koruman\u0131n tarihi ve k\u00fclt\u00fcrel paylar\u0131 Karada\u011f&#039;\u0131n manzaras\u0131nda yank\u0131lan\u0131yor. Herceg Novi yak\u0131nlar\u0131ndaki Savina, Kotor&#039;un \u00fczerindeki St. Luke bazilikas\u0131 ve Budimlja ve Nik\u0161i\u0107&#039;in Ortodoks yerle\u015fim b\u00f6lgeleri gibi eski manast\u0131rlar, orta\u00e7a\u011f maneviyat\u0131n\u0131 dile getiren freskleri koruyor. Perast&#039;taki Venedik barok saraylar\u0131, bu k\u0131y\u0131y\u0131 daha geni\u015f Akdeniz&#039;e ba\u011flayan deniz yolculuklar\u0131 yapan denizci kaptanlar\u0131n talihlerini anlat\u0131yor. Ostrog Da\u011f\u0131&#039;nda hac\u0131lar, on yedinci y\u00fczy\u0131lda Ostrog Piskoposu Basil&#039;in yaln\u0131zl\u0131\u011f\u0131 ve daha sonra kutsall\u0131\u011f\u0131 arad\u0131\u011f\u0131 h\u00fccrelere ula\u015fmak i\u00e7in dar patikalar\u0131 a\u015f\u0131yor; kal\u0131nt\u0131lar\u0131 art\u0131k her y\u0131l Balkanlar&#039;\u0131n d\u00f6rt bir yan\u0131ndan m\u00fcritler \u00e7ekiyor.<\/p>\n<p>Modern ba\u015fkent ve Karada\u011f&#039;\u0131n en b\u00fcy\u00fck \u015fehri olan Podgorica, kendi yenilenme anlat\u0131s\u0131n\u0131 \u015fekillendiriyor. Yugoslav himayesinde bir zamanlar Titograd olarak bilinen Podgorica, art\u0131k Osmanl\u0131 d\u00f6nemi camileri ve Roma yollar\u0131n\u0131n kal\u0131nt\u0131lar\u0131n\u0131n yan\u0131nda \u00e7a\u011fda\u015f mimari ve k\u00fclt\u00fcrel mekanlar sergiliyor. \u00dclkenin ba\u015fl\u0131ca \u00fcniversitesine ev sahipli\u011fi yap\u0131yor ve k\u0131rsal belediyeler klan ve b\u00f6lgesel ba\u011fl\u0131l\u0131\u011fa dayanan belirgin kimliklerini korurken idari bir merkez olarak hizmet veriyor.<\/p>\n<p>Karada\u011f&#039;\u0131n \u00e7ok etnikli yap\u0131s\u0131 boyutuna ra\u011fmen homojenle\u015fmeye direniyor. S\u0131rp-Karada\u011f gerginlikleri g\u00fcnl\u00fck hayatta bast\u0131r\u0131lm\u0131\u015f olsa da kilise y\u00f6netimi ve dilsel \u00f6z kimliklendirme konusundaki tart\u0131\u015fmalarda y\u00fczeye \u00e7\u0131k\u0131yor. Tan\u0131nmayan Karada\u011f Ortodoks Kilisesi baz\u0131lar\u0131 i\u00e7in ulusal egemenli\u011fin tart\u0131\u015fmal\u0131 bir sembol\u00fc olmaya devam ederken, di\u011ferleri S\u0131rp Ortodoks Kilisesi ile kanonik ba\u011flar\u0131 dini devaml\u0131l\u0131\u011f\u0131n ayr\u0131lmaz bir par\u00e7as\u0131 olarak g\u00f6r\u00fcyor. Dilsel olarak, Karada\u011fl\u0131, S\u0131rp\u00e7a, Bo\u015fnak\u00e7a ve Arnavut\u00e7a dola\u015f\u0131mlar dil bilgisi ve kelime bilgisi meseleleri kadar toplumsal ba\u011fl\u0131l\u0131klar\u0131 da yans\u0131t\u0131yor.<\/p>\n<p>\u00d6zetle, Karada\u011f ge\u00e7mi\u015f ve gelece\u011fin kesi\u015fti\u011fi noktada duruyor. \u015eehirleri ve vah\u015fi yerleri, katedralleri ve klan gelenekleri, koruma ve yenilik aras\u0131ndaki bir diyalogda birle\u015fiyor. Beklenti veya aciliyet olmadan yakla\u015fan, yayla \u00e7ay\u0131rlar\u0131ndaki c\u0131rc\u0131r b\u00f6ceklerinin ritmini dinleyen ve \u015fafak vakti bal\u0131k\u00e7\u0131lar\u0131n a\u011flar\u0131n\u0131 \u00e7ekmesini izleyen ziyaret\u00e7iler i\u00e7in cumhuriyet, Adriyatik g\u00fcne\u015f \u0131\u015f\u0131\u011f\u0131na a\u00e7\u0131lan bir koridordan daha fazlas\u0131 olarak kendini g\u00f6steriyor. Bunun yerine, insan \u00e7abas\u0131n\u0131n kompakt bir kroni\u011fini sunuyor: dayan\u0131kl\u0131, kendine \u00f6zg\u00fc ve salt co\u011frafyay\u0131 a\u015fan kal\u0131c\u0131 bir yer duygusuyla dolu. Karada\u011f&#039;da, her a\u015f\u0131nm\u0131\u015f ta\u015f ve k\u0131vr\u0131ml\u0131 fiyort benzeri koy, zaman\u0131n ge\u00e7i\u015fi ve toprak ile i\u00e7inde ya\u015fayan insanlar aras\u0131ndaki kal\u0131c\u0131 ba\u011f \u00fczerine d\u00fc\u015f\u00fcnmeye davet ediyor.<\/p>","protected":false},"excerpt":{"rendered":"<p>G\u00fcneydo\u011fu Avrupa&#039;da Balkan Yar\u0131madas\u0131&#039;nda bulunan Karada\u011f, 25 belediyeye da\u011f\u0131lm\u0131\u015f 633.158 ki\u015filik bir n\u00fcfusa sahiptir ve 13.812 kilometrekarelik (5.333 mil kare) bir alan\u0131 kapsar. Bu kompakt ve \u00e7e\u015fitli \u00fclke stratejik bir konuma sahiptir ve kuzeybat\u0131da Bosna-Hersek, kuzeydo\u011fuda S\u0131rbistan, do\u011fuda Kosova ve g\u00fcneydo\u011fuda Arnavutluk ile s\u0131n\u0131rlar\u0131n\u0131 payla\u015f\u0131r. Bat\u0131 s\u0131n\u0131r\u0131 H\u0131rvatistan ile s\u0131n\u0131r kom\u015fusudur ve g\u00fcneybat\u0131 k\u0131y\u0131s\u0131 Adriyatik Denizi&#039;nin g\u00fczel masmavi sular\u0131 boyunca uzan\u0131r ve bu da\u011fl\u0131k b\u00f6lgeye nefes kesici bir deniz g\u00f6r\u00fcn\u00fcm\u00fc sunar.<\/p>","protected":false},"author":1,"featured_media":4896,"parent":24078,"menu_order":0,"comment_status":"closed","ping_status":"closed","template":"elementor_theme","meta":{"_eb_attr":"","footnotes":""},"class_list":["post-12406","page","type-page","status-publish","has-post-thumbnail"],"_links":{"self":[{"href":"https:\/\/travelshelper.com\/tr\/wp-json\/wp\/v2\/pages\/12406","targetHints":{"allow":["GET"]}}],"collection":[{"href":"https:\/\/travelshelper.com\/tr\/wp-json\/wp\/v2\/pages"}],"about":[{"href":"https:\/\/travelshelper.com\/tr\/wp-json\/wp\/v2\/types\/page"}],"author":[{"embeddable":true,"href":"https:\/\/travelshelper.com\/tr\/wp-json\/wp\/v2\/users\/1"}],"replies":[{"embeddable":true,"href":"https:\/\/travelshelper.com\/tr\/wp-json\/wp\/v2\/comments?post=12406"}],"version-history":[{"count":0,"href":"https:\/\/travelshelper.com\/tr\/wp-json\/wp\/v2\/pages\/12406\/revisions"}],"up":[{"embeddable":true,"href":"https:\/\/travelshelper.com\/tr\/wp-json\/wp\/v2\/pages\/24078"}],"wp:featuredmedia":[{"embeddable":true,"href":"https:\/\/travelshelper.com\/tr\/wp-json\/wp\/v2\/media\/4896"}],"wp:attachment":[{"href":"https:\/\/travelshelper.com\/tr\/wp-json\/wp\/v2\/media?parent=12406"}],"curies":[{"name":"wp","href":"https:\/\/api.w.org\/{rel}","templated":true}]}}