{"id":12330,"date":"2024-09-15T22:56:36","date_gmt":"2024-09-15T22:56:36","guid":{"rendered":"https:\/\/travelshelper.com\/staging\/?page_id=12330"},"modified":"2026-03-12T18:39:35","modified_gmt":"2026-03-12T18:39:35","slug":"hollanda","status":"publish","type":"page","link":"https:\/\/travelshelper.com\/tr\/destinations\/europe\/netherlands\/","title":{"rendered":"Hollanda"},"content":{"rendered":"<p>Hollanda, y\u00fczy\u0131llar \u00f6nce denizin alt\u0131nda kalan topraklarda 18 milyondan fazla insan\u0131n ya\u015fad\u0131\u011f\u0131 kuzeybat\u0131 Avrupa&#039;da 41.850 km\u00b2&#039;lik bir alan\u0131 kaplar. 50\u00b0 ve 54\u00b0 K enlemleri ile 3\u00b0 ve 8\u00b0 D boylamlar\u0131 aras\u0131nda kalan \u00fclke, Birle\u015fik Krall\u0131k, Almanya ve Bel\u00e7ika ile deniz s\u0131n\u0131rlar\u0131n\u0131 payla\u015f\u0131r. 1815&#039;ten beri anayasal monar\u015fi ve modern haliyle 1848&#039;den beri parlamenter demokrasi olan \u00fclke, her biri ince k\u00fclt\u00fcrel farkl\u0131l\u0131klarla i\u015faretlenmi\u015f on iki eyaletten olu\u015fur: d\u00f6rd\u00fc bat\u0131da, \u00fc\u00e7\u00fc kuzeyde, ikisi do\u011fuda ve \u00fc\u00e7\u00fc g\u00fcneyde. Felemenk\u00e7e, Avrupa topraklar\u0131n\u0131n tamam\u0131nda resmi dildir; Bat\u0131 Frizcesi ise Friesland&#039;da e\u015f resmi stat\u00fcye sahiptir. Karayipler&#039;e da\u011f\u0131lm\u0131\u015f olan Bonaire, Sint Eustatius ve Saba&#039;n\u0131n \u00f6zel belediyeleri, Krall\u0131\u011f\u0131n eri\u015fimini tropikal iklimlere kadar geni\u015fletir; volkanik zirveleri kobalt denizlerinden y\u00fckselirken anakara Hollanda nehirleri Kuzey Denizi&#039;ne do\u011fru sakin bir \u015fekilde akar.<\/p>\n<p>Anakaran\u0131n neredeyse d\u00f6rtte biri deniz seviyesinin alt\u0131nda yer al\u0131r, topraklar\u0131 setlerle uzak tutulur ve karma\u015f\u0131k bir pompa ve kanal sistemiyle verimli tutulur. Baz\u0131lar\u0131 on d\u00f6rd\u00fcnc\u00fc y\u00fczy\u0131l kadar erken bir tarihte geri kazan\u0131lm\u0131\u015f olan bu polderler, kal\u0131c\u0131 yarat\u0131c\u0131l\u0131\u011fa tan\u0131kl\u0131k eder: yel de\u011firmenleri bir zamanlar batakl\u0131klar\u0131 kuruturdu ve yirminci y\u00fczy\u0131lda devasa m\u00fchendislik \u00e7al\u0131\u015fmalar\u0131 k\u0131y\u0131 sular\u0131n\u0131 tatl\u0131 su IJsselmeer&#039;ine d\u00f6n\u00fc\u015ft\u00fcrd\u00fc. Modern pompa istasyonlar\u0131n\u0131n sabit u\u011fultusunun alt\u0131nda, toprak her y\u0131l milimetrelerce yerle\u015ferek sakinlerine g\u00fcnl\u00fck rutinlerinin yer\u00e7ekimiyle sessiz bir m\u00fccadeleye ba\u011fl\u0131 oldu\u011funu hat\u0131rlat\u0131r. \u00c7ift\u00e7iler, topra\u011f\u0131n zenginli\u011fi ve \u0131l\u0131man deniz ikliminin Hollanda&#039;y\u0131 de\u011fer a\u00e7\u0131s\u0131ndan d\u00fcnyan\u0131n ikinci b\u00fcy\u00fck g\u0131da ihracat\u00e7\u0131s\u0131 haline getirdi\u011fi geri kazan\u0131lm\u0131\u015f yataklarda lale ve nergis so\u011fanl\u0131 tarlalara bakarlar.<\/p>\n<p>Kent ya\u015fam\u0131 \u00fclkenin d\u00f6rt ana \u015fehrinde en canl\u0131 \u015fekilde ortaya \u00e7\u0131kar. Yakla\u015f\u0131k 900.000 sakine ev sahipli\u011fi yapan Amsterdam, kanallarla \u00e7evrilidir ve cepheleri suya do\u011fru hafif\u00e7e e\u011filmi\u015f dar, \u00fc\u00e7gen \u00e7at\u0131l\u0131 evlerle tan\u0131mlanm\u0131\u015ft\u0131r. \u015eehrin sokaklar\u0131 ve su yollar\u0131 bisikletlerle doludur -\u00fclkede 18 milyondan fazla, her erkek, kad\u0131n ve \u00e7ocuk i\u00e7in bir tane- ancak tramvaylar ve feribotlar yolcular\u0131 dakik bir s\u0131kl\u0131kla ta\u015f\u0131r. Buna kar\u015f\u0131l\u0131k Rotterdam, sava\u015f zaman\u0131 yeniden yap\u0131lanmas\u0131n\u0131n yaralar\u0131n\u0131 ve zaferlerini ta\u015f\u0131r: sil\u00fceti, avangard mimariyi, Avrupa&#039;n\u0131n en b\u00fcy\u00fc\u011f\u00fc olan geni\u015f liman tesisleriyle birle\u015ftirir. H\u00fck\u00fcmet merkezi olan Lahey, yaprakl\u0131 caddelerin, g\u00f6rkemli el\u00e7iliklerin ve k\u00fcresel sonu\u00e7lar\u0131 olan anla\u015fmazl\u0131klar\u0131n ortaya \u00e7\u0131kt\u0131\u011f\u0131 uluslararas\u0131 mahkemelerin \u015fehridir. Orta \u00c7a\u011f&#039;dan kalma bir katedral kulesinin merkezinde bulunan Utrecht, daha sakin bir \u00e7ekicili\u011fe sahiptir; r\u0131ht\u0131mlar\u0131, Oudegracht kanal\u0131 boyunca s\u0131ralanan kafelere ve kitap\u00e7\u0131lara d\u00f6n\u00fc\u015ft\u00fcr\u00fclm\u00fc\u015ft\u00fcr.<\/p>\n<p>Sosyal ilerleme uzun zamand\u0131r Hollanda kamu ya\u015fam\u0131n\u0131n temel ta\u015flar\u0131ndan birini olu\u015fturuyor. Kad\u0131nlar\u0131n oy hakk\u0131 1919&#039;da geldi ve 2001&#039;de Hollanda parlamentosu e\u015fcinsel \u00e7iftlere evlili\u011fi a\u00e7t\u0131 ve bunu yapan ilk \u00fclke oldu. D\u00fczenlenmi\u015f fuhu\u015f, \u00f6tanazi ve yumu\u015fak uyu\u015fturucu kullan\u0131m\u0131na y\u00f6nelik liberal yakla\u015f\u0131m, g\u00fc\u00e7l\u00fc sosyal g\u00fcvenlik a\u011flar\u0131 ve derinden yerle\u015fmi\u015f bir uzla\u015fma ruhuyla bir arada var oluyor; bu, fikir birli\u011fi siyasetinden sel kontrol\u00fcnden sorumlu yerel su kurullar\u0131na kadar uzanan bir ethos. S\u00fctunla\u015fma, toplumun dini ve ideolojik bloklara tarihsel olarak b\u00f6l\u00fcnmesi b\u00fcy\u00fck \u00f6l\u00e7\u00fcde azald\u0131, ancak ho\u015fg\u00f6r\u00fc miras\u0131 g\u00fcneydeki dindar Katolikler, do\u011fudaki Protestan topluluklar, bat\u0131daki laik \u015fehirliler ve kuzeydeki Frizce konu\u015fan \u00e7ift\u00e7iler aras\u0131ndaki g\u00fcnl\u00fck kar\u015f\u0131la\u015fmalarda devam ediyor.<\/p>\n<p>\u015eehirlerin d\u0131\u015f\u0131nda, yirmi bir ulusal park ve y\u00fczlerce rezerv, Atlantik karma ormanlar\u0131n\u0131n, fundal\u0131klar\u0131n ve k\u0131y\u0131 kumullar\u0131n\u0131n par\u00e7alar\u0131n\u0131 koruyor. Ulusal ormanc\u0131l\u0131k hizmeti olan Staatsbosbeheer ve \u00f6zel bir koruma vakf\u0131 olan Natuurmonumenten, g\u00f6\u00e7men ku\u015flar\u0131 ve geyik s\u00fcr\u00fclerini destekleyen ormanlar\u0131 y\u00f6netiyor. Yine de \u00fclkenin orman b\u00fct\u00fcnl\u00fc\u011f\u00fc k\u00fcresel standartlara g\u00f6re d\u00fc\u015f\u00fck puan al\u0131yor, bakir ormanlar\u0131n son kal\u0131nt\u0131lar\u0131 on dokuzuncu y\u00fczy\u0131l\u0131n sonlar\u0131nda kesilmi\u015f durumda. Tar\u0131msal yo\u011funla\u015fma ve azot kirlili\u011fi, b\u00f6cek pop\u00fclasyonlar\u0131ndaki d\u00fc\u015f\u00fc\u015f\u00fc daha da k\u00f6t\u00fcle\u015ftirdi - 1990&#039;lardan bu yana d\u00f6rtte \u00fc\u00e7 oran\u0131nda azald\u0131\u011f\u0131 tahmin ediliyor - \u00e7ift\u00e7ilik y\u00f6ntemlerini uyarlama ve yabani \u00e7i\u00e7ek s\u0131n\u0131rlar\u0131n\u0131 geri kazanma y\u00f6n\u00fcnde yenilenen \u00e7abalar\u0131 te\u015fvik etti.<\/p>\n<p>On alt\u0131nc\u0131 y\u00fczy\u0131ldan beri denizci bir ulus olan Hollanda, servetini denizcilik ve ticaret \u00fczerine kurdu. 1602&#039;de kurulan Hollanda Do\u011fu Hindistan \u015eirketi, \u015firket yap\u0131lar\u0131na ve k\u00fcresel ticarete \u00f6nc\u00fcl\u00fck etti, gemileri Amsterdam&#039;\u0131 Asya&#039;ya ba\u011flad\u0131. Bug\u00fcn, KLM ve Heineken gibi uluslararas\u0131 firmalar \u00fclkenin havac\u0131l\u0131k ve birac\u0131l\u0131k alan\u0131ndaki varl\u0131\u011f\u0131n\u0131 s\u00fcrd\u00fcr\u00fcrken, Randstad d\u00fcnyan\u0131n en b\u00fcy\u00fck personel ajanslar\u0131ndan biri olmaya devam ediyor. Kimyasal rafineriler ve y\u00fcksek hassasiyetli makine fabrikalar\u0131 Rotterdam&#039;\u0131n r\u0131ht\u0131mlar\u0131n\u0131n yak\u0131n\u0131nda k\u00fcmeleniyor ve uydu navigasyon sistemleri Hollanda m\u00fchendisli\u011finin teknolojik \u00f6zelliklerini ta\u015f\u0131yor. \u0130svi\u00e7re Y\u00f6netim Geli\u015ftirme Enstit\u00fcs\u00fc, ekonomiyi d\u00fcnyan\u0131n en rekabet\u00e7i ekonomileri aras\u0131nda s\u0131ral\u0131yor ve K\u00fcresel Etkinle\u015ftirici Ticaret Raporu \u00fclkenin lojistik becerisini vurguluyor.<\/p>\n<p>Ula\u015f\u0131m, Hollanda ya\u015fam\u0131n\u0131n her y\u00f6n\u00fcne dikkat \u00e7ekici bir yo\u011funlukla n\u00fcfuz eder. Arabalar t\u00fcm yolculuklar\u0131n yar\u0131s\u0131n\u0131 ve seyahat mesafesinin y\u00fczde yetmi\u015f be\u015fini olu\u015fturur, ancak d\u00f6rt i\u015fe gidi\u015f geli\u015ften yaln\u0131zca biri bisikletle gider; bu, yol altyap\u0131s\u0131n\u0131n \u00f6l\u00e7e\u011fini yalanlayan kal\u0131c\u0131 bir sembold\u00fcr. \u00d6zel bisiklet yollar\u0131, genellikle motorlu ara\u00e7 trafi\u011finden fiziksel olarak ayr\u0131lm\u0131\u015f \u015fekilde 22.000 km&#039;den fazla uzan\u0131r; \u00fclke, 2019&#039;da Avrupa Birli\u011fi&#039;nin elektrikli ara\u00e7 \u015farj istasyonlar\u0131n\u0131n neredeyse \u00fc\u00e7te birine ev sahipli\u011fi yapt\u0131. Trenler, en yo\u011fun koridorlarda saatte sekiz kalk\u0131\u015fa ula\u015fabilen frekanslarla 400&#039;den fazla istasyonu birbirine ba\u011flayarak yakla\u015f\u0131k 3.013 km ray uzunlu\u011funu kaplar. \u0130\u00e7 su yollar\u0131, y\u00fck ta\u015f\u0131mac\u0131l\u0131\u011f\u0131 i\u00e7in hayati \u00f6nem ta\u015f\u0131yan ana arterler olmaya devam ediyor ve Rotterdam Liman\u0131, Do\u011fu Asya&#039;n\u0131n bat\u0131s\u0131nda e\u015fi benzeri olmayan bir \u00f6l\u00e7ekte petrokimyasallar ve genel kargo elle\u00e7liyor.<\/p>\n<p>Amsterdam&#039;\u0131n \u015fehir merkezinin g\u00fcneybat\u0131s\u0131ndaki Schiphol Havaalan\u0131, yolcu hacmi bak\u0131m\u0131ndan Avrupa&#039;n\u0131n \u00fc\u00e7\u00fcnc\u00fc en yo\u011fun havaalan\u0131d\u0131r. Karayipler&#039;de her ada kendi hava \u015feridine sahiptir, bunlar\u0131n aras\u0131nda Saba&#039;daki d\u00fcnyan\u0131n en k\u0131sa ticari pisti de vard\u0131r. K\u00fc\u00e7\u00fck feribotlar, korunakl\u0131 \u00e7amur d\u00fczl\u00fcklerinin kumul s\u0131rtl\u0131 plajlarla bulu\u015ftu\u011fu Texel gibi Wadden Denizi adalar\u0131 ile ana kara aras\u0131nda yerel halk\u0131 ta\u015f\u0131r. Bir\u00e7ok ki\u015fi i\u00e7in ula\u015f\u0131m ara\u00e7lar\u0131 deneyimin bir par\u00e7as\u0131 haline gelir: Zeeland&#039;\u0131n setleri boyunca bir bisiklet turu, Zuid-Kennemerland&#039;\u0131n kumullar\u0131 aras\u0131nda bir tren yolculu\u011fu veya Amsterdam&#039;\u0131n bin \u00fc\u00e7 y\u00fcz k\u00f6pr\u00fcs\u00fcn\u00fcn alt\u0131ndan bir kanal gezisi.<\/p>\n<p>Hollanda mutfa\u011f\u0131, tar\u0131m ya\u015fam\u0131n\u0131n yank\u0131lar\u0131n\u0131 korur: zengin s\u00fct \u00fcr\u00fcnleri, doyurucu ekmekler ve patates, et ve sebzelerden olu\u015fan basit ana yemekler. Kahvalt\u0131lar \u00e7o\u011funlukla peynir veya t\u00fcts\u00fclenmi\u015f etlerle kapl\u0131 ekmeklerden olu\u015fur, kahvalt\u0131l\u0131k gevrekler \u00f6ncelikli olarak kentsel evlerde g\u00f6r\u00fcl\u00fcr. Ak\u015fam yeme\u011fi, evde aileyle veya yerel \u015feflerin k\u00f6yl\u00fc yemeklerini mevsimlik \u00fcr\u00fcnlerle yeniden yorumlad\u0131\u011f\u0131 restoranlarda yenen g\u00fcn\u00fcn ana yeme\u011fi olmaya devam eder. B\u00f6lgesel farkl\u0131l\u0131klar ortaya \u00e7\u0131kar: Friesland&#039;daki y\u0131lan bal\u0131\u011f\u0131 g\u00fcve\u00e7leri, Limburg&#039;un doldurulmu\u015f krepleri ve Brabantine sosisleri her biri yerel tarihin ve topra\u011f\u0131n izlerini ta\u015f\u0131r.<\/p>\n<p>Sanat ve mimari, Hollanda k\u00fclt\u00fcr\u00fcne dair ba\u015fka bir bak\u0131\u015f a\u00e7\u0131s\u0131 sunar. Amsterdam&#039;daki Rijksmuseum ve Van Gogh M\u00fczesi, Rembrandt, Vermeer ve Van Gogh&#039;un \u015faheserlerine ev sahipli\u011fi yaparken, Utrecht&#039;teki Rietveld Schr\u00f6der Evi gibi daha k\u00fc\u00e7\u00fck kurumlar erken Modern tasar\u0131ma \u00f6rnek te\u015fkil eder. Delft gibi \u015fehirler, kanal k\u0131y\u0131s\u0131ndaki t\u00fcccar mahallelerini ve kobalt mavisi \u00e7inilerin hala elle boyand\u0131\u011f\u0131 Royal Delft seramik at\u00f6lyesini korur. Her kasabada, \u015fehir devletlerinin ticaret yollar\u0131 ve sanatsal himaye i\u00e7in rekabet etti\u011fi bir zaman\u0131n kal\u0131nt\u0131lar\u0131 olan, y\u00fczy\u0131llard\u0131r var olan bir kilise kulesi veya belediye binas\u0131yla kar\u015f\u0131la\u015f\u0131l\u0131r.<\/p>\n<p>Festivaller takvimi noktal\u0131yor ve topluluklar\u0131 a\u00e7\u0131k havaya \u00e7ekiyor. 27 Nisan&#039;da \u00fclke, sokak pazarlar\u0131, bando tak\u0131mlar\u0131 ve turuncu k\u0131yafetler deniziyle Kral G\u00fcn\u00fc&#039;n\u00fc kutluyor, g\u00fcney eyaletlerinde ise Karnaval, Oru\u00e7 \u00d6ncesi Orta \u00c7a\u011f g\u00f6steri\u015fini canland\u0131r\u0131yor. M\u00fczik festivalleri, Rotterdam&#039;daki Kuzey Denizi Caz \u200b\u200bFestivali&#039;nden Dance Valley ve Defqon&#039;daki elektronik dans toplant\u0131lar\u0131na kadar uzan\u0131yor ve her biri Hollandal\u0131lar\u0131n hem ciddiyet hem de co\u015fkuya olan i\u015ftah\u0131n\u0131 yans\u0131t\u0131yor. Futbol turnuvalar\u0131 ve Nijmegen D\u00f6rt G\u00fcn Y\u00fcr\u00fcy\u00fc\u015fleri\u2014on binlerce ki\u015fiyi \u00e7eken \u00e7ok g\u00fcnl\u00fck bir y\u00fcr\u00fcy\u00fc\u015f etkinli\u011fi\u2014halk\u0131n kat\u0131l\u0131m\u0131na y\u00f6nelik kolektif bir co\u015fkuyu vurguluyor.<\/p>\n<p>Avrupa&#039;n\u0131n d\u00fcz nehir deltas\u0131n\u0131n \u00f6tesinde, \u00fc\u00e7 Hollanda Karayip adas\u0131 farkl\u0131 bir duyarl\u0131l\u0131k uyand\u0131r\u0131r. Aruba ve Cura\u00e7ao kurak manzaralar ve Afro-Karayip, Latin ve Avrupa etkilerinin bir kar\u0131\u015f\u0131m\u0131yla \u00f6v\u00fcn\u00fcr. Sint Maarten, Frans\u0131z deniza\u015f\u0131r\u0131 toplulu\u011fu Saint-Martin ile bir aday\u0131 payla\u015f\u0131r, Hollanda taraf\u0131 pastel villalar ve g\u00fcmr\u00fcks\u00fcz ma\u011fazalarla tan\u0131mlan\u0131r. Saba ve Sint Eustatius volkanik konturlar\u0131n\u0131 korur, zirveleri ya\u011fmur ormanlar\u0131yla \u00f6rt\u00fcl\u00fcd\u00fcr ve plajlar\u0131 mercan resifleriyle \u00e7evrilidir. Su alt\u0131nda, Klein Bonaire&#039;nin deniz park\u0131 deniz kaplumba\u011falar\u0131na ve papa\u011fan bal\u0131klar\u0131na ev sahipli\u011fi yapar; Hollanda&#039;n\u0131n yar\u0131mk\u00fcreler boyunca y\u00f6neticili\u011finin bir uzant\u0131s\u0131d\u0131r.<\/p>\n<p>Bu kadar s\u0131k\u0131\u015f\u0131k bir \u00fclkede b\u00f6ylesi \u00e7e\u015fitlili\u011fe al\u0131\u015fk\u0131n olmayan bir gezgin i\u00e7in, polderler ile palmiyeler, bisiklet yollar\u0131 ile mercan resifleri aras\u0131ndaki kar\u015f\u0131tl\u0131k hem \u00f6l\u00e7ek ekonomisini hem de yere olan ba\u011fl\u0131l\u0131\u011f\u0131 ortaya koyuyor. Hollandal\u0131lar\u0131n su \u00fczerindeki hakimiyeti - suyun evcille\u015ftirilmesi, enerji ve ula\u015f\u0131m i\u00e7in kullan\u0131m\u0131 ve devam eden tehdidi - ulusal ruha n\u00fcfuz ediyor. Her set bir hikaye, her kanal bir ticaret ve topluluk an\u0131s\u0131na sahip. Hatta para birimi, sentlere b\u00f6l\u00fcnen ve iki avroya kadar madeni paralarla da\u011f\u0131t\u0131lan avro bile pragmatik bir sadeli\u011fi yans\u0131t\u0131yor: \u00fclke yasad\u0131\u015f\u0131 ak\u0131\u015flar\u0131 engellemek i\u00e7in y\u00fcksek de\u011ferli banknotlardan ka\u00e7\u0131nd\u0131 ve ATM&#039;ler nadiren elli avrodan fazla banknot sunuyor.<\/p>\n<p>Kredi ve banka kartlar\u0131 i\u015flemlerin &#039;\u00fcn\u00fc ele al\u0131yor, \u00e7o\u011fu temass\u0131z; nakit ise \u00e7o\u011funlukla me\u015frubat otomatlar\u0131nda ve pazar g\u00fcnlerinde sokak sat\u0131c\u0131lar\u0131n\u0131n elinde hayatta kal\u0131yor. Restoran ve otellerdeki fiyatlara katma de\u011fer ve turist vergileri dahil ve bah\u015fi\u015f vermek bir y\u00fck\u00fcml\u00fcl\u00fckten ziyade bir takdir ifadesi olmaya devam ediyor. Geri d\u00f6n\u00fc\u015f\u00fcm istasyonlar\u0131 bo\u015f \u015fi\u015feleri ve kutular\u0131 birka\u00e7 avro sent kar\u015f\u0131l\u0131\u011f\u0131nda kabul ediyor ve s\u00fcpermarket iade kutular\u0131ndan titizlikle ayr\u0131lm\u0131\u015f evsel at\u0131klara kadar uzanan k\u00fclt\u00fcrel bir yeniden kullan\u0131m ethosunu g\u00fc\u00e7lendiriyor.<\/p>\n<p>\u0130nsan ilerlemesi ve \u00e7evre y\u00f6netimi burada gerginlik i\u00e7indedir. Yo\u011fun tar\u0131m, havaya ve suya azot salarken d\u00fcnyay\u0131 besler; kentsel yay\u0131lma, parklar ve kumullar yeni konutlar \u00f6n\u00fcnde geri \u00e7ekilirken bile do\u011fal rezervlere bask\u0131 yapar. Yine de Hollanda&#039;n\u0131n yarat\u0131c\u0131l\u0131\u011f\u0131 devam ediyor: eski ta\u015fk\u0131n yataklar\u0131n\u0131 yeniden vah\u015file\u015ftirmek, daha vah\u015fi otlayan s\u00fcr\u00fcleri tan\u0131tmak ve d\u00fc\u015f\u00fck azotlu g\u00fcbreleri pilot olarak kullanmak i\u00e7in yap\u0131lan deneysel planlar, g\u0131da \u00fcretimini ekosistem sa\u011fl\u0131\u011f\u0131yla uzla\u015ft\u0131rmay\u0131 ama\u00e7l\u0131yor. \u00dcniversitelerinde ve ara\u015ft\u0131rma enstit\u00fclerinde, Hollandal\u0131 bilim insanlar\u0131 iklim adaptasyonu ve hidrolik m\u00fchendisli\u011finde uluslararas\u0131 sayg\u0131 g\u00f6ren \u00e7\u00f6z\u00fcmlere \u00f6nc\u00fcl\u00fck ediyor.<\/p>\n<p>Bu k\u00fc\u00e7\u00fck ulusun kalbinde belirli bir ama\u00e7 netli\u011fi yatar: co\u011frafyayla uyum i\u00e7inde ya\u015famak, inat\u00e7\u0131 bir muhalefet i\u00e7inde olmaktan ziyade. Ge\u00e7mi\u015f nesiller denizi uzak tutmak i\u00e7in yel de\u011firmenlerini ve pompalar\u0131 kullan\u0131rken, g\u00fcn\u00fcm\u00fcz vatanda\u015flar\u0131 daha s\u00fcrd\u00fcr\u00fclebilir ya\u015fam bi\u00e7imleri olu\u015fturmak i\u00e7in verileri ve tasar\u0131m\u0131 kullan\u0131r. Ya\u015fam ritmi mevsim ve e\u011fik g\u00fcne\u015f \u0131\u015f\u0131\u011f\u0131, ilkbaharda \u00e7i\u00e7ek so\u011fanlar\u0131n\u0131n \u00e7\u0131kmas\u0131 ve k\u0131\u015f\u0131n erken g\u00fcn bat\u0131mlar\u0131yla belirlenir. Bu d\u00f6ng\u00fcler i\u00e7inde Hollanda, bir halk\u0131n uzun zamand\u0131r denge sanat\u0131nda nas\u0131l ustala\u015ft\u0131\u011f\u0131n\u0131 g\u00f6zlemlemenin bir yolunu sunar: kara ve su aras\u0131nda, gelenek ve yenilik aras\u0131nda, bireysel haklar ve kolektif sorumluluk aras\u0131nda.<\/p>\n<p>\u015eehirlerinde ve tarlalar\u0131nda, k\u0131y\u0131lar\u0131nda ve adalar\u0131nda, \u00fclke hem tarihin a\u011f\u0131rl\u0131\u011f\u0131n\u0131 hem de modernitenin ivmesini ortaya koyuyor. Kendini bir cennet ilan etmiyor, ancak topluluklar\u0131n \u00e7at\u0131\u015fman\u0131n \u00fcst\u00fcne i\u015fbirli\u011fini koyduklar\u0131nda nas\u0131l dayand\u0131klar\u0131 \u00fczerine d\u00fc\u015f\u00fcnmeye davet ediyor. Sadece g\u00f6steriden fazlas\u0131n\u0131 arayan herhangi bir ziyaret\u00e7i i\u00e7in - bunun yerine su, ticaret ve bilin\u00e7li bir ho\u015fg\u00f6r\u00fc taraf\u0131ndan \u015fekillendirilmi\u015f bir toplumun hatlar\u0131n\u0131 arayanlar i\u00e7in - Hollanda, bir olas\u0131l\u0131k laboratuvar\u0131 olarak ortaya \u00e7\u0131k\u0131yor, bir zamanlar deniz olan topraklarda gelece\u011fini sessizce tan\u0131mlayan bir ulus.<\/p>","protected":false},"excerpt":{"rendered":"<p>Kuzeybat\u0131 Avrupa&#039;da bulunan Hollanda, 41.850 kilometrekarelik (16.160 mil kare) bir alanda 18 milyondan fazla n\u00fcfusa sahiptir. Yo\u011fun n\u00fcfuslu bu \u00fclke, kilometrekare ba\u015f\u0131na 535 birey (mil kare ba\u015f\u0131na 1.390 birey) bar\u0131nd\u0131rarak n\u00fcfus yo\u011funlu\u011fu bak\u0131m\u0131ndan d\u00fcnya \u00e7ap\u0131nda 33. s\u0131rada yer almaktad\u0131r. 33.500 kilometrekarelik (12.900 mil kare) m\u00fctevaz\u0131 kara alan\u0131na ra\u011fmen Hollanda, \u00f6zellikle tar\u0131m, siyaset ve sosyal ilerlemede k\u00fcresel olarak \u00f6nemli bir varl\u0131k olarak ortaya \u00e7\u0131km\u0131\u015ft\u0131r.<\/p>","protected":false},"author":1,"featured_media":3415,"parent":24078,"menu_order":0,"comment_status":"closed","ping_status":"closed","template":"elementor_theme","meta":{"_eb_attr":"","footnotes":""},"class_list":["post-12330","page","type-page","status-publish","has-post-thumbnail"],"_links":{"self":[{"href":"https:\/\/travelshelper.com\/tr\/wp-json\/wp\/v2\/pages\/12330","targetHints":{"allow":["GET"]}}],"collection":[{"href":"https:\/\/travelshelper.com\/tr\/wp-json\/wp\/v2\/pages"}],"about":[{"href":"https:\/\/travelshelper.com\/tr\/wp-json\/wp\/v2\/types\/page"}],"author":[{"embeddable":true,"href":"https:\/\/travelshelper.com\/tr\/wp-json\/wp\/v2\/users\/1"}],"replies":[{"embeddable":true,"href":"https:\/\/travelshelper.com\/tr\/wp-json\/wp\/v2\/comments?post=12330"}],"version-history":[{"count":0,"href":"https:\/\/travelshelper.com\/tr\/wp-json\/wp\/v2\/pages\/12330\/revisions"}],"up":[{"embeddable":true,"href":"https:\/\/travelshelper.com\/tr\/wp-json\/wp\/v2\/pages\/24078"}],"wp:featuredmedia":[{"embeddable":true,"href":"https:\/\/travelshelper.com\/tr\/wp-json\/wp\/v2\/media\/3415"}],"wp:attachment":[{"href":"https:\/\/travelshelper.com\/tr\/wp-json\/wp\/v2\/media?parent=12330"}],"curies":[{"name":"wp","href":"https:\/\/api.w.org\/{rel}","templated":true}]}}