{"id":12305,"date":"2024-09-15T22:10:07","date_gmt":"2024-09-15T22:10:07","guid":{"rendered":"https:\/\/travelshelper.com\/staging\/?page_id=12305"},"modified":"2026-03-12T18:44:28","modified_gmt":"2026-03-12T18:44:28","slug":"kuzey-makedonya","status":"publish","type":"page","link":"https:\/\/travelshelper.com\/tr\/destinations\/europe\/north-macedonia\/","title":{"rendered":"Kuzey Makedonya"},"content":{"rendered":"<p>Kuzey Makedonya Cumhuriyeti, Balkan Yar\u0131madas\u0131&#039;n\u0131n g\u00fcney kesimlerinde yakla\u015f\u0131k 25.436 kilometrekarelik bir alan\u0131 kaplayan, denize k\u0131y\u0131s\u0131 olmayan bir alan\u0131 kaplar. 40\u00b0 ila 43\u00b0 K enlemleri ile 20\u00b0 ila 23\u00b0 D boylamlar\u0131 aras\u0131nda yer alan \u00fclke, tarihi olarak Makedonya olarak bilinen daha geni\u015f co\u011frafi b\u00f6lgenin kuzeydeki \u00fc\u00e7te birini olu\u015fturur. \u00dclke kuzeyde S\u0131rbistan, kuzeybat\u0131da Kosova, bat\u0131da Arnavutluk, g\u00fcneyde Yunanistan ve do\u011fuda Bulgaristan ile \u00e7evrilidir ve toplam kara s\u0131n\u0131r\u0131 yakla\u015f\u0131k 748 kilometredir. \u00dclkenin ba\u015fkenti ve en b\u00fcy\u00fck kentsel merkezi olan \u00dcsk\u00fcp, 1,83 milyonu a\u015fan n\u00fcfusuyla n\u00fcfusunun yakla\u015f\u0131k d\u00f6rtte birini bar\u0131nd\u0131rmaktad\u0131r. Demografik \u00e7o\u011funluk, G\u00fcney Slav bir halk olan etnik Makedonlardan olu\u015furken, Arnavutlar n\u00fcfusun yakla\u015f\u0131k d\u00f6rtte birini olu\u015fturmaktad\u0131r; daha k\u00fc\u00e7\u00fck topluluklar aras\u0131nda T\u00fcrkler, Romanlar, S\u0131rplar, Bo\u015fnaklar, Aromanyal\u0131lar ve di\u011fer gruplar yer almaktad\u0131r.<\/p>\n<p>G\u00fcn\u00fcm\u00fczde Kuzey Makedonya olarak bilinen b\u00f6lgedeki insan yerle\u015fiminin kayd\u0131 antik Paeonia krall\u0131\u011f\u0131na kadar uzanmaktad\u0131r. M\u00d6 6. y\u00fczy\u0131l\u0131n sonlar\u0131nda b\u00f6lge Ahameni\u015f Perslerinin egemenli\u011fine girdi ve M\u00d6 4. y\u00fczy\u0131lda geli\u015fen Makedonya Krall\u0131\u011f\u0131&#039;na dahil edildi. Roma Cumhuriyeti M\u00d6 2. y\u00fczy\u0131lda b\u00f6lgeyi ilhak ederek Makedonya eyaletine dahil etti. Roma krall\u0131\u011f\u0131n\u0131n b\u00f6l\u00fcnmesinin ard\u0131ndan b\u00f6lge, MS 6. y\u00fczy\u0131ldan itibaren Slav kabilelerinin tekrarlanan ak\u0131nlar\u0131na ve yerle\u015fimlerine ra\u011fmen Bizans otoritesi alt\u0131nda kald\u0131. Sonraki y\u00fczy\u0131llarda kontrol, Osmanl\u0131 \u0130mparatorlu\u011fu b\u00f6lgeyi 14. y\u00fczy\u0131l\u0131n ortalar\u0131nda ele ge\u00e7irene kadar rekabet eden Bulgar, Bizans ve S\u0131rp devletleri aras\u0131nda gidip geldi. Osmanl\u0131 y\u00f6netimi, 1912 ve 1913 Balkan Sava\u015flar\u0131&#039;n\u0131n Kuzey Makedonya&#039;n\u0131n modern s\u0131n\u0131rlar\u0131n\u0131 S\u0131rp egemenli\u011fi alt\u0131na ald\u0131\u011f\u0131 20. y\u00fczy\u0131l\u0131n ba\u015flar\u0131na kadar s\u00fcrd\u00fc.<\/p>\n<p>Yirminci y\u00fczy\u0131ldaki \u00e7alkant\u0131lar y\u00f6netimde daha fazla kaymaya yol a\u00e7t\u0131. Birinci D\u00fcnya Sava\u015f\u0131 s\u0131ras\u0131nda Bulgaristan b\u00f6lgeyi y\u00f6netti, ancak sava\u015f\u0131n sona ermesiyle S\u0131rp y\u00f6netimi yeni kurulan S\u0131rp, H\u0131rvat ve Sloven Krall\u0131\u011f\u0131 i\u00e7inde yeniden tesis edildi. \u0130kinci D\u00fcnya Sava\u015f\u0131&#039;nda kontrol tekrar Bulgaristan&#039;a ge\u00e7ti ve 1945&#039;te Yugoslavya Sosyalist Federal Cumhuriyeti&#039;nin kurulmas\u0131yla b\u00f6lge alt\u0131 kurucu cumhuriyetten biri oldu. 1991&#039;deki bar\u0131\u015f\u00e7\u0131l bir ayr\u0131l\u0131k tam ba\u011f\u0131ms\u0131zl\u0131k getirdi ve \u00fclke 1993&#039;te Yunanistan ile isim anla\u015fmazl\u0131\u011f\u0131 nedeniyle ge\u00e7ici olarak &#034;Eski Yugoslav Makedonya Cumhuriyeti&#034; (FYR Makedonya) unvan\u0131 alt\u0131nda Birle\u015fmi\u015f Milletlere kat\u0131ld\u0131. Uzun s\u00fcren m\u00fczakerelerin ard\u0131ndan 2018 Prespa Anla\u015fmas\u0131, 2019&#039;un ba\u015flar\u0131nda y\u00fcr\u00fcrl\u00fc\u011fe giren resmi Kuzey Makedonya Cumhuriyeti unvan\u0131n\u0131 \u015fart ko\u015farak bu anla\u015fmazl\u0131\u011f\u0131 \u00e7\u00f6zd\u00fc.<\/p>\n<p>Ba\u011f\u0131ms\u0131zl\u0131\u011f\u0131ndan bu yana Kuzey Makedonya, Avrupa-Atlantik yap\u0131lar\u0131na entegrasyonu s\u00fcrd\u00fcrd\u00fc. 2020&#039;de NATO&#039;ya kat\u0131ld\u0131 ve Avrupa Konseyi, D\u00fcnya Bankas\u0131, Avrupa G\u00fcvenlik ve \u0130\u015fbirli\u011fi Te\u015fkilat\u0131 (AG\u0130T), Orta Avrupa Serbest Ticaret Anla\u015fmas\u0131 (CEFTA), Karadeniz Ekonomik \u0130\u015fbirli\u011fi \u00d6rg\u00fct\u00fc (BSEC) ve D\u00fcnya Ticaret \u00d6rg\u00fct\u00fc&#039;nde (DT\u00d6) \u00fcyeli\u011fe sahip. 2005&#039;ten beri Avrupa Birli\u011fi \u00fcyeli\u011fine aday olan \u00fclke, sosyalist, merkezi olarak planlanm\u0131\u015f bir sistemden a\u00e7\u0131k piyasa ekonomisine ge\u00e7i\u015f i\u00e7in kapsaml\u0131 ekonomik reformlar y\u00fcr\u00fcrl\u00fc\u011fe koydu. D\u00fcnya Bankas\u0131 taraf\u0131ndan \u00fcst-orta gelirli bir \u00fclke olarak s\u0131n\u0131fland\u0131r\u0131lan Kuzey Makedonya, \u00e7ok y\u00fcksek bir \u0130nsani Geli\u015fme Endeksi, d\u00fc\u015f\u00fck gelir e\u015fitsizli\u011fi ve kamu taraf\u0131ndan finanse edilen sosyal g\u00fcvenlik, evrensel sa\u011fl\u0131k hizmeti ve \u00fccretsiz ilk ve orta \u00f6\u011fretim ile geli\u015fmekte olan bir \u00fclke profili sergiliyor.<\/p>\n<p>Kuzey Makedonya&#039;n\u0131n topografyas\u0131, Vardar Nehri taraf\u0131ndan oyulmu\u015f ve da\u011f s\u0131ralar\u0131yla \u00e7evrili merkezi bir vadi taraf\u0131ndan y\u00f6netilir. Kuzeybat\u0131daki \u0160ar Da\u011flar\u0131 ile g\u00fcneydo\u011fudaki Osogovo-Belasica zinciri aras\u0131nda uzanan arazi b\u00fcy\u00fck \u00f6l\u00e7\u00fcde engebelidir. \u00dc\u00e7 b\u00fcy\u00fck g\u00f6l\u2014Ohrid, Prespa ve Dojran\u2014\u00fclkenin g\u00fcney s\u0131n\u0131rlar\u0131n\u0131n iki yakas\u0131n\u0131 kaplar ve k\u0131smen Arnavutluk ve Yunanistan ile payla\u015f\u0131l\u0131r. Ohrid G\u00f6l\u00fc, benzersiz su ekosistemiyle birlikte d\u00fcnyan\u0131n en eski g\u00f6lleri aras\u0131nda yer al\u0131r. B\u00f6lge aktif bir sismik b\u00f6lgede yer al\u0131r; en \u00f6nemlisi, 1963&#039;teki y\u0131k\u0131c\u0131 bir deprem \u00dcsk\u00fcp&#039;e ciddi hasar vermi\u015f ve 1.000&#039;den fazla \u00f6l\u00fcme neden olmu\u015ftur.<\/p>\n<p>\u00dclkenin r\u00f6lyefini iki ana da\u011f sistemi tan\u0131mlar. Baba Da\u011f\u0131, Nid\u017ee, Ko\u017euf ve Jakupica gibi zirveleri i\u00e7eren \u015ear Da\u011flar\u0131 ve Bat\u0131 Vardar\/Pelagonia s\u0131rada\u011flar\u0131, Dinar sisteminin bir par\u00e7as\u0131d\u0131r ve jeolojik olarak Osogovo-Belasica (Rodop) zincirinden daha gen\u00e7 ve daha y\u00fcksektir. Arnavutluk s\u0131n\u0131r\u0131nda 2.764 metreye ula\u015fan Korab Da\u011f\u0131, \u00fclkenin en y\u00fcksek zirvesini temsil eder. Hidrolojik olarak, Kuzey Makedonya&#039;n\u0131n su yollar\u0131 \u00fc\u00e7 havzaya akar: Ege, Adriyatik ve Karadeniz. Ege havzas\u0131 yakla\u015f\u0131k 22.075 kilometrekarelik bir alan\u0131 kaplar -topra\u011f\u0131n yakla\u015f\u0131k &#039;si- ve Vardar Nehri tek ba\u015f\u0131na kara alan\u0131n\u0131n &#039;inden gelen suyu y\u00f6nlendirir. Kara Drin Nehri taraf\u0131ndan tan\u0131mlanan ve Prespa ve Ohrid g\u00f6llerinden beslenen Adriyatik havzas\u0131, 3.320 kilometrekarelik bir alan\u0131 veya \u00fclkenin &#039;\u00fcn\u00fc kapsar. Karadeniz havzas\u0131 en k\u00fc\u00e7\u00fc\u011f\u00fcd\u00fcr ve Bina\u010dka Morava ve Morava-Tuna sistemi \u00fczerinden Skopska Crna Gora Da\u011f\u0131&#039;n\u0131n kuzeyinde sadece 37 kilometrekarelik bir alan\u0131 bo\u015falt\u0131r. \u00dclke, \u00fc\u00e7 do\u011fal g\u00f6le ek olarak yakla\u015f\u0131k elli insan yap\u0131m\u0131 g\u00f6let i\u00e7erir ve mineral sular\u0131yla \u00fcnl\u00fc dokuz spa kasabas\u0131 ve tatil beldesine ev sahipli\u011fi yapar.<\/p>\n<p>Kuzey Makedonya iklimsel olarak d\u00f6rt belirgin mevsim ya\u015far. Yazlar s\u0131cak ve kurak olma e\u011filimindedir, s\u0131cakl\u0131klar zaman zaman 40 \u00b0C&#039;ye y\u00fckselir, \u00f6zellikle Ege&#039;den gelen subtropikal bas\u0131n\u00e7lar\u0131n ve Orta Do\u011fu&#039;dan gelen etkilerin uzun s\u00fcreli s\u0131cak d\u00f6nemlerine neden oldu\u011fu Demir Kap\u0131 ve Gevgelija&#039;n\u0131n g\u00fcney b\u00f6lgelerinde. K\u0131\u015flar orta derecede so\u011fuk ve karl\u0131d\u0131r, d\u00fc\u015f\u00fck s\u0131cakl\u0131klar kuzey r\u00fczgarlar\u0131n\u0131n etkisi alt\u0131nda -20 \u00b0C&#039;ye d\u00fc\u015fer. \u0130klim \u00fc\u00e7 ana b\u00f6lgeye ayr\u0131l\u0131r: kuzeyde \u0131l\u0131ml\u0131 karasal rejim, g\u00fcneyde \u0131l\u0131man Akdeniz modeli ve daha y\u00fcksek rak\u0131mlarda da\u011fl\u0131k iklim. Y\u0131ll\u0131k ya\u011f\u0131\u015f miktar\u0131 \u00f6nemli \u00f6l\u00e7\u00fcde de\u011fi\u015fir, bat\u0131 da\u011flar\u0131nda 1.700 mm&#039;den do\u011fu ovalar\u0131nda 500 mm&#039;ye kadar; Vardar vadisi de benzer \u015fekilde y\u0131lda yakla\u015f\u0131k 500 mm kaydeder. Bu iklim ve sulama farkl\u0131l\u0131klar\u0131 bu\u011fday, m\u0131s\u0131r, patates, ha\u015fha\u015f, f\u0131st\u0131k ve pirin\u00e7 gibi \u00e7e\u015fitli \u00fcr\u00fcnlerin yeti\u015ftirilmesini destekler. \u00dclke genelindeki otuz ana meteoroloji istasyonu hava durumunu ve iklimi izler.<\/p>\n<p>Kuzey Makedonya, idari olarak, yaln\u0131zca yasal ve istatistiksel ama\u00e7lar i\u00e7in tasarlanm\u0131\u015f sekiz istatistiksel b\u00f6lgeye ayr\u0131lm\u0131\u015ft\u0131r: Do\u011fu, Kuzeydo\u011fu, Pelagonya, Polog, \u00dcsk\u00fcp, G\u00fcneydo\u011fu, G\u00fcneybat\u0131 ve Vardar. A\u011fustos 2004&#039;te yap\u0131lan bir reform, 10&#039;u \u00dcsk\u00fcp \u015eehri&#039;ni olu\u015fturan 84 belediye kurdu; ayr\u0131 bir \u00f6zerk birim ve ulusal ba\u015fkent. Reform, 1996&#039;dan beri var olan 123 belediyenin \u00e7o\u011funu konsolide etti, s\u0131n\u0131rlar\u0131 revize etti ve gerekti\u011finde daha k\u00fc\u00e7\u00fck birimleri birle\u015ftirdi. Belediyelerin tan\u0131t\u0131lmas\u0131ndan \u00f6nce, yerel y\u00f6netim 34 idari b\u00f6lge veya kom\u00fcn arac\u0131l\u0131\u011f\u0131yla i\u015fletiliyordu.<\/p>\n<p>Turizm, \u00fclke ekonomisinin \u00f6nemli bir b\u00f6l\u00fcm\u00fcn\u00fc olu\u015fturuyor, 2016 y\u0131l\u0131nda gayri safi yurt i\u00e7i has\u0131lan\u0131n %6,7&#039;sini olu\u015fturuyor ve yakla\u015f\u0131k 38,5 milyar dinar (616 milyon avro) gelir elde ediyor. 2001&#039;deki silahl\u0131 \u00e7at\u0131\u015fma, ba\u011f\u0131ms\u0131zl\u0131ktan sonra turizme gelen en ciddi darbeyi temsil etti; ancak ziyaret\u00e7i say\u0131lar\u0131 o zamandan beri toparlanarak 2011&#039;de ,6 artt\u0131. 2019&#039;da \u00fclke, 1.184.963 turist var\u0131\u015f\u0131n\u0131 a\u011f\u0131rlad\u0131 ve bunlar\u0131n 757.593&#039;\u00fc ba\u015fta T\u00fcrkiye olmak \u00fczere kom\u015fu S\u0131rbistan, Yunanistan ve Bulgaristan ile Polonya ve di\u011fer Bat\u0131 Avrupa \u00fclkelerinden gelen yabanc\u0131 konuklard\u0131. Ziyaret\u00e7ilerin yakla\u015f\u0131k &#039;\u0131 k\u00fclt\u00fcrel miras, kentsel olanaklar ve do\u011fal manzaralar taraf\u0131ndan cezbedilen \u00dcsk\u00fcp ve g\u00fcneybat\u0131 b\u00f6lgesinde yo\u011funla\u015f\u0131yor. Ohri, Prespa ve Doyran merkezli g\u00f6l turizmi, elliden fazla k\u00fc\u00e7\u00fck buzul g\u00f6l\u00fc taraf\u0131ndan desteklenen en \u00f6nemli kolu olu\u015fturuyor. Da\u011f turizmi de 2.000 metreyi a\u015fan on alt\u0131 zirveyle olduk\u00e7a geli\u015fmi\u015ftir; gastronomi, geleneksel m\u00fczik, festivaller ve miras alanlar\u0131 arac\u0131l\u0131\u011f\u0131yla k\u0131rsal ve ekoturizm, \u015fehir turizmi ve k\u00fclt\u00fcrel turizm de geli\u015fmektedir.<\/p>\n<p>Kuzey Makedonya&#039;n\u0131n ekonomik geli\u015fimi i\u00e7in ula\u015f\u0131m altyap\u0131s\u0131 hayati \u00f6neme sahip olmaya devam ediyor. Balkanlar\u0131n kalbinde denize k\u0131y\u0131s\u0131 olmayan bir devlet olarak \u00fclke, Yunanistan&#039;daki Selanik liman\u0131ndan Balkan i\u00e7 kesimleri boyunca Bat\u0131, Orta ve Do\u011fu Avrupa&#039;ya ve ayr\u0131ca Bulgaristan \u00fczerinden do\u011fuya ta\u015f\u0131nan mallar i\u00e7in bir ge\u00e7i\u015f koridoru g\u00f6revi g\u00f6r\u00fcyor. 2019 itibar\u0131yla karayolu a\u011f\u0131 yakla\u015f\u0131k 10.591 kilometreye ula\u015ft\u0131 ve bunun yakla\u015f\u0131k 6.000 kilometresi asfaltland\u0131. Ana arter g\u00fczergah\u0131 Vardar vadisinin kuzey-g\u00fcney eksenini, \u00f6zellikle Yunanistan&#039;\u0131 S\u0131rbistan&#039;a ve \u00f6tesine ba\u011flayan Avrupa yolu E75&#039;i takip ediyor. Makedonski \u017deleznici taraf\u0131ndan i\u015fletilen demiryolu a\u011f\u0131 922 kilometreye yay\u0131l\u0131yor; ana hatt\u0131 S\u0131rbistan s\u0131n\u0131r\u0131ndan Kumanovo, \u00dcsk\u00fcp ve Veles&#039;ten ge\u00e7erek Yunanistan s\u0131n\u0131r\u0131ndaki Gevgelija&#039;ya kadar uzan\u0131yor. 2001&#039;den beri Kuzey Makedonya&#039;y\u0131 Beljakovci&#039;de Bulgaristan&#039;a ba\u011flayan bir hat, olas\u0131 \u00dcsk\u00fcp-Sofya ba\u011flant\u0131s\u0131n\u0131 kolayla\u015ft\u0131rd\u0131. \u00dcsk\u00fcp, ana demiryolu merkezi konumunda olup, Veles ve Kumanovo ise ikincil kav\u015faklard\u0131r.<\/p>\n<p>Posta hizmetleri, 1992&#039;de PTT Makedonya olarak kurulan ve 1993&#039;te Evrensel Posta Birli\u011fi&#039;ne kabul edilen devlet i\u015fletmesi Kuzey Makedonya Postas\u0131 taraf\u0131ndan sa\u011flan\u0131r; 1997&#039;de posta ve telekom\u00fcnikasyon i\u015flevleri ayr\u0131larak Makedonya Telekom ve Kuzey Makedonya Postas\u0131 ortaya \u00e7\u0131kt\u0131. Su ta\u015f\u0131mac\u0131l\u0131\u011f\u0131, \u00f6ncelikli olarak turizm i\u00e7in Ohrid ve Prespa&#039;daki g\u00f6l trafi\u011fiyle s\u0131n\u0131rl\u0131d\u0131r. Havac\u0131l\u0131k altyap\u0131s\u0131, on biri asfalt pistli on yedi havaalan\u0131 ve iki uluslararas\u0131 havaalan\u0131 i\u00e7erir: \u00dcsk\u00fcp Uluslararas\u0131 Havaalan\u0131 ve Ohrid St. Paul the Apostle Havaalan\u0131.<\/p>\n<p>2021 ulusal n\u00fcfus say\u0131m\u0131na g\u00f6re, Kuzey Makedonya&#039;n\u0131n n\u00fcfusu 1.836.713 olup, kilometrekare ba\u015f\u0131na 72,2 ki\u015filik bir yo\u011funlu\u011fa ve 40,08 y\u0131ll\u0131k ortalama bir ya\u015fa sahiptir. N\u00fcfus say\u0131m\u0131nda, her biri ortalama 3,06 \u00fcyeye sahip 598.632 hane ve ,4 kad\u0131n ve ,6 erkek olmak \u00fczere neredeyse e\u015fit bir cinsiyet dengesi kaydedilmi\u015ftir. Etnik olarak, Makedonlar bask\u0131nd\u0131r, ard\u0131ndan kuzeybat\u0131da yo\u011funla\u015fan Arnavutlar gelir; resmi olarak say\u0131lar\u0131 yakla\u015f\u0131k 70.000 olan ancak gayri resmi tahminlere g\u00f6re 200.000&#039;e kadar \u00e7\u0131kan ve baz\u0131 de\u011ferlendirmelere g\u00f6re muhtemelen 260.000&#039;e kadar \u00e7\u0131kan Romanlar. Daha k\u00fc\u00e7\u00fck gruplar aras\u0131nda S\u0131rplar, Bo\u015fnaklar ve Aromanlar yer almaktad\u0131r.<\/p>\n<p>Kuzey Makedonya&#039;daki k\u00fclt\u00fcrel ya\u015fam, sanat, mimari, edebiyat ve m\u00fczikte zengin bir miras\u0131 yans\u0131t\u0131r ve \u00e7ok say\u0131da antik dini an\u0131t ulusal hazineler olarak korunur. Kilise mimarisi, on birinci ila on alt\u0131nc\u0131 y\u00fczy\u0131llardan kalma Bizans freskleriyle doludur; bu resimlerin birka\u00e7 bin metrekaresi m\u00fckemmel durumda korunmu\u015ftur ve Makedon ikonografi okuluna \u00f6rnek te\u015fkil eder. Y\u0131ll\u0131k etkinlikler aras\u0131nda klasik m\u00fczik ve draman\u0131n Ohri Yaz Festivali, elliden fazla \u00fclkeden \u015fairleri bir araya getiren Struga \u015eiir Ak\u015famlar\u0131, Bitola&#039;daki Uluslararas\u0131 Kamera Festivali, A\u00e7\u0131k Gen\u00e7lik Tiyatrosu Festivali ve \u00dcsk\u00fcp Caz Festivali yer al\u0131r. 1947&#039;de Makedonya Operas\u0131 olarak a\u00e7\u0131lan Ulusal Opera, \u015fef Branko Pomori\u0161ac y\u00f6netiminde Cavalleria rusticana&#039;n\u0131n ilk prod\u00fcksiyonunu sahneledi; 1972&#039;den beri, \u00dcsk\u00fcp&#039;teki May\u0131s Opera Ak\u015famlar\u0131, Kiril Makedonski&#039;nin \u00c7ar Samuil&#039;iyle ba\u015flayarak iki ila \u00fc\u00e7 hafta boyunca her gece performanslar sunmaktad\u0131r.<\/p>\n<p>Mutfak gelenekleri \u00fclkenin Balkan, Akdeniz ve Orta Do\u011fu etkilerinin kav\u015fa\u011f\u0131nda yer almas\u0131n\u0131 yans\u0131t\u0131r. S\u0131cak iklim bol miktarda sebze, ot ve meyve verirken, yerel mand\u0131ralar ve \u00fcz\u00fcm ba\u011flar\u0131 de\u011ferli peynirler ve \u015faraplar \u00fcretir. Meyve brendisi olan Rakija, yayg\u0131n olarak ulusal yemek olarak kabul edilen tav\u010de grav\u010de&#039;ye (k\u0131rm\u0131z\u0131 biberli pi\u015fmi\u015f fasulye) e\u015flik eder. Anason aromal\u0131 bir lik\u00f6r olan Mastika, ulusal i\u00e7ecektir. Di\u011fer pop\u00fcler spesiyaliteler aras\u0131nda \u0160opska salatas\u0131, ajvar (kavrulmu\u015f k\u0131rm\u0131z\u0131 biber ezmesi), dolma biber ve pastrmajlija (bir t\u00fcr etli b\u00f6rek) bulunur.<\/p>\n<p>Kentsel merkezler, yar\u0131m milyondan fazla sakine ev sahipli\u011fi yapan ve Osmanl\u0131 camileri, neoklasik cepheler, orta\u00e7a\u011f Kale kalesi ve Vardar&#039;\u0131n \u00fczerindeki ikonik Ta\u015f K\u00f6pr\u00fc ile dolu olan geni\u015fleyen \u00dcsk\u00fcp metropol alan\u0131ndan, eski \u015fehir surlar\u0131, Osmanl\u0131 \u00e7ar\u015f\u0131lar\u0131 ve \u00e7a\u011fda\u015f kafeleriyle Bitola gibi daha k\u00fc\u00e7\u00fck kasabalara, s\u00f6nm\u00fc\u015f bir volkanik kraterin i\u00e7ine t\u00fcnemi\u015f Kratovo&#039;ya ve \u00fclkenin en y\u00fcksek \u015fehri ve 1878 ayaklanmas\u0131n\u0131n yeri olan Kru\u0161evo&#039;ya kadar uzan\u0131r. K\u00fclt\u00fcrel an\u0131tlar\u0131 ve do\u011fal \u00e7evresiyle UNESCO D\u00fcnya Miras\u0131 Alan\u0131 olan g\u00f6l k\u0131y\u0131s\u0131ndaki Ohrid \u015fehri, \u00e7ok say\u0131da Bizans kilisesine, suyun \u00fczerindeki bir u\u00e7uruma tutunmu\u015f Kaneo&#039;daki St. John Kilisesi&#039;ne ve d\u00fcnyan\u0131n en iyi Slav ikon koleksiyonlar\u0131ndan birine sahiptir. Karde\u015f \u015fehri Struga, daha sessiz bir ambiyansla benzer bir \u00e7ekicilik sunar.<\/p>\n<p>Kentsel alanlar\u0131n \u00f6tesinde, k\u0131rsal alanlar cazibe merkezleriyle doludur. \u00dclkenin en eskisi olan Pelister Milli Park\u0131, endemik bitki ve hayvan t\u00fcrlerine ve iki buzul &#034;Da\u011f G\u00f6z\u00fc&#034; g\u00f6l\u00fcne ev sahipli\u011fi yapar. Mavrovo Milli Park\u0131, \u00fclkenin en y\u00fcksek zirvesi olan Golem Korab&#039;\u0131, Debar nehrinin derin ge\u00e7idini ve Sveti Jovan Bigorski Manast\u0131r\u0131&#039;n\u0131 kapsar. \u00dcsk\u00fcp yak\u0131nlar\u0131ndaki nadiren ziyaret edilen Jasen rezervi, yaban hayat\u0131 ve bozulmam\u0131\u015f ormanlar i\u00e7in ya\u015fam alan\u0131 sa\u011flar. Di\u011fer ilgi \u00e7ekici yerler aras\u0131nda Kratovo yak\u0131nlar\u0131ndaki Kuklica Ta\u015f Kenti, Prilep&#039;in Markovi Kuli orta\u00e7a\u011f kuleleri ve Helenistik, Roma ve Erken Hristiyanl\u0131k d\u00f6nemlerinden kal\u0131nt\u0131lar\u0131 koruyan Stobi arkeolojik alan\u0131 yer al\u0131r.<\/p>\n<p>\u00d6zetle, Kuzey Makedonya tarihi katmanlar\u0131n, \u00e7e\u015fitli manzaralar\u0131n, iklim b\u00f6lgelerinin ve k\u00fclt\u00fcrel geleneklerin bir goblenini sunar. \u00dclke, antik k\u00f6kenlerinden ard\u0131\u015f\u0131k imparatorluklara, sosyalist federasyona ve bar\u0131\u015f\u00e7\u0131l ba\u011f\u0131ms\u0131zl\u0131\u011fa kadar, Balkanlar\u0131n kalbinde belirgin bir kimlik olu\u015fturmu\u015ftur. Da\u011fl\u0131k arazisi, sismik olarak aktif vadileri, kristal g\u00f6lleri ve kentsel simgeleri karma\u015f\u0131k bir fiziksel co\u011frafyaya tan\u0131kl\u0131k ederken, demografik mozai\u011fi, mutfak spesiyaliteleri ve canl\u0131 festivalleri \u00e7o\u011ful bir miras\u0131 yans\u0131t\u0131r. Bir ge\u00e7i\u015f merkezi ve Avrupa Birli\u011fi \u00fcyeli\u011fi aday\u0131 olarak Kuzey Makedonya, ekonomik reform ve k\u00fclt\u00fcrel koruma aras\u0131nda denge kurmaya devam ederek ziyaret\u00e7ileri ve akademisyenleri kal\u0131c\u0131 miraslar\u0131n\u0131 ve geli\u015fen gelece\u011fini ke\u015ffetmeye davet ediyor.<\/p>","protected":false},"excerpt":{"rendered":"<p>Resmen Kuzey Makedonya Cumhuriyeti olarak bilinen Kuzey Makedonya, G\u00fcneydo\u011fu Avrupa&#039;da bulunan ve yakla\u015f\u0131k 1,83 milyonluk bir n\u00fcfusa sahip, denize k\u0131y\u0131s\u0131 olmayan bir \u00fclkedir. Balkanlar\u0131n kav\u015fa\u011f\u0131nda bulunan bu k\u00fc\u00e7\u00fck \u00fclkenin g\u00fcneyde Yunanistan, bat\u0131da Arnavutluk, do\u011fuda Bulgaristan, kuzeybat\u0131da Kosova ve kuzeyde S\u0131rbistan ile s\u0131n\u0131r\u0131 vard\u0131r. \u00dclkenin stratejik konumu, zengin ve \u00e7e\u015fitli tarihi, k\u00fclt\u00fcr\u00fc ve n\u00fcfusunu olu\u015fturmada \u00e7ok \u00f6nemli olmu\u015ftur.<\/p>","protected":false},"author":1,"featured_media":2831,"parent":24078,"menu_order":0,"comment_status":"closed","ping_status":"closed","template":"elementor_theme","meta":{"_eb_attr":"","footnotes":""},"class_list":["post-12305","page","type-page","status-publish","has-post-thumbnail"],"_links":{"self":[{"href":"https:\/\/travelshelper.com\/tr\/wp-json\/wp\/v2\/pages\/12305","targetHints":{"allow":["GET"]}}],"collection":[{"href":"https:\/\/travelshelper.com\/tr\/wp-json\/wp\/v2\/pages"}],"about":[{"href":"https:\/\/travelshelper.com\/tr\/wp-json\/wp\/v2\/types\/page"}],"author":[{"embeddable":true,"href":"https:\/\/travelshelper.com\/tr\/wp-json\/wp\/v2\/users\/1"}],"replies":[{"embeddable":true,"href":"https:\/\/travelshelper.com\/tr\/wp-json\/wp\/v2\/comments?post=12305"}],"version-history":[{"count":0,"href":"https:\/\/travelshelper.com\/tr\/wp-json\/wp\/v2\/pages\/12305\/revisions"}],"up":[{"embeddable":true,"href":"https:\/\/travelshelper.com\/tr\/wp-json\/wp\/v2\/pages\/24078"}],"wp:featuredmedia":[{"embeddable":true,"href":"https:\/\/travelshelper.com\/tr\/wp-json\/wp\/v2\/media\/2831"}],"wp:attachment":[{"href":"https:\/\/travelshelper.com\/tr\/wp-json\/wp\/v2\/media?parent=12305"}],"curies":[{"name":"wp","href":"https:\/\/api.w.org\/{rel}","templated":true}]}}