{"id":12252,"date":"2024-09-15T20:08:02","date_gmt":"2024-09-15T20:08:02","guid":{"rendered":"https:\/\/travelshelper.com\/staging\/?page_id=12252"},"modified":"2026-03-12T19:24:46","modified_gmt":"2026-03-12T19:24:46","slug":"norvec","status":"publish","type":"page","link":"https:\/\/travelshelper.com\/tr\/destinations\/europe\/norway\/","title":{"rendered":"Norve\u00e7"},"content":{"rendered":"<p>Norve\u00e7 Krall\u0131\u011f\u0131, Kuzey Avrupa&#039;daki \u0130skandinav Yar\u0131madas\u0131&#039;n\u0131n bat\u0131 ve en kuzey k\u0131sm\u0131n\u0131 i\u015fgal eder ve Jan Mayen ve Svalbard tak\u0131madalar\u0131n\u0131n uzak Arktik adalar\u0131n\u0131 kapsar. Subantarktika&#039;daki Bouvet Adas\u0131 bir ba\u011f\u0131ml\u0131l\u0131kt\u0131r, Norve\u00e7 ise Peter I Adas\u0131 ve Krali\u00e7e Maud Topraklar\u0131&#039;n\u0131n Antarktika topraklar\u0131 \u00fczerinde hak iddia etmektedir. 2024&#039;\u00fcn d\u00f6rd\u00fcnc\u00fc \u00e7eyre\u011fi itibar\u0131yla n\u00fcfusu 5.585.044&#039;t\u00fcr ve Oslo hem ba\u015fkent hem de en b\u00fcy\u00fck \u015fehir olarak hizmet vermektedir. Krall\u0131\u011f\u0131n toplam alan\u0131, Svalbard ve Jan Mayen dahil 385.207 kilometrekare veya bunlar hari\u00e7 323.808 kilometrekaredir.<\/p>\n<p>57\u00b0 ve 81\u00b0 K enlemleri ile 4\u00b0 ve 32\u00b0 D boylamlar\u0131 aras\u0131nda uzanan Norve\u00e7, \u0130sve\u00e7 ile 1.619 kilometrelik, Finlandiya ile 727 kilometrelik ve Rusya ile 196 kilometrelik kara s\u0131n\u0131r\u0131n\u0131 payla\u015f\u0131yor. Geni\u015f k\u0131y\u0131 \u015feridi Skagerrak Bo\u011faz\u0131, Kuzey Denizi, Norve\u00e7 Denizi ve Barents Denizi&#039;ne bak\u0131yor. Ana kara k\u0131y\u0131 taban \u00e7izgisi 2.532 kilometreyi \u00f6l\u00e7erken, toplam k\u0131y\u0131 \u015feridi (fiyortlar hesaba kat\u0131ld\u0131\u011f\u0131nda) 28.953 kilometreye kadar uzan\u0131yor. Adalar\u0131 da dahil edersek, bu rakam tahmini olarak 100.915 kilometreye \u00e7\u0131k\u0131yor. \u0130skandinav Da\u011flar\u0131, \u0130sve\u00e7 ile do\u011fu s\u0131n\u0131r\u0131n\u0131n \u00e7o\u011funu olu\u015fturuyor.<\/p>\n<p>Norve\u00e7&#039;in arazisinin b\u00fcy\u00fck k\u0131sm\u0131 binlerce y\u0131ll\u0131k buzul heykeltra\u015fl\u0131\u011f\u0131n\u0131 yans\u0131t\u0131r. Fiyortlar, \u00f6zellikle 204 kilometre uzunlu\u011fundaki ve d\u00fcnyan\u0131n en derin ikinci fiyortu olan Sognefjorden, k\u0131y\u0131ya derin koylar oymaktad\u0131r. Avrupa&#039;n\u0131n en derin g\u00f6l\u00fc olan Hornindalsvatnet, 500 metreden fazla derinli\u011fe ula\u015f\u0131r. Norve\u00e7 yakla\u015f\u0131k 400.000 g\u00f6l ve 239.057 kay\u0131tl\u0131 ada i\u00e7erir. Permafrost, y\u00fcksek da\u011fl\u0131k b\u00f6lgelerde ve Finnmark il\u00e7esinin i\u00e7 kesimlerinde y\u0131l boyunca varl\u0131\u011f\u0131n\u0131 s\u00fcrd\u00fcr\u00fcrken, yaylalarda buzullar \u00e7ok say\u0131dad\u0131r. Temel kaya\u00e7 a\u011f\u0131rl\u0131kl\u0131 olarak sert granit ve gnays, daha d\u00fc\u015f\u00fck rak\u0131mlarda arduvaz, kumta\u015f\u0131 ve kire\u00e7ta\u015f\u0131 ve k\u0131y\u0131 ovalar\u0131 boyunca deniz birikintilerinden olu\u015fur.<\/p>\n<p>Norve\u00e7&#039;in iklimi k\u0131y\u0131dan i\u00e7 kesimlerdeki yaylalara do\u011fru belirgin \u015fekilde de\u011fi\u015fir. K\u00f6rfez Ak\u0131nt\u0131s\u0131 ve hakim bat\u0131 r\u00fczgarlar\u0131 k\u0131y\u0131 s\u0131cakl\u0131klar\u0131n\u0131 bu t\u00fcr kuzey enlemleri i\u00e7in beklentilerin \u00fczerine \u00e7\u0131kar\u0131r ve ya\u011f\u0131\u015f\u0131 art\u0131r\u0131r. Oslo \u00e7evresindeki ovalar en s\u0131cak yazlar\u0131 ya\u015far ancak yine de kar ve so\u011fuk k\u0131\u015flara dayan\u0131r. Atlantik f\u0131rt\u0131nalar\u0131na maruz kalan k\u0131y\u0131 b\u00f6lgeleri bol ya\u011f\u0131\u015f al\u0131rken, k\u0131y\u0131 da\u011flar\u0131n\u0131n r\u00fczg\u00e2r alt\u0131 taraflar\u0131 ya\u011fmur g\u00f6lgesinde kal\u0131r ve daha d\u00fc\u015f\u00fck ya\u011f\u0131\u015f kaydeder. Kuzey Kutbu&#039;ndaki Troms\u00f8, bir ayda 430 saat g\u00fcne\u015f \u0131\u015f\u0131\u011f\u0131 kaydetti. Kuzey Kutup Dairesi&#039;nin \u00fczerinde, gece yar\u0131s\u0131 g\u00fcne\u015fi May\u0131s sonundan Temmuz sonuna kadar hakimdir; alt\u0131nda ise g\u00fcn \u0131\u015f\u0131\u011f\u0131 g\u00fcnde 20 saate kadar ula\u015fabilir. Tersine, kutup gecesi kuzey b\u00f6lgelerinde Kas\u0131m sonundan Ocak sonuna kadar s\u00fcrer ve di\u011fer yerlerde minimum g\u00fcn \u0131\u015f\u0131\u011f\u0131 vard\u0131r. \u0130klim b\u00f6lgeleri k\u0131y\u0131lar boyunca okyanus ve kutup alt\u0131 okyanusundan, g\u00fcneydo\u011funun baz\u0131 k\u0131s\u0131mlar\u0131nda nemli k\u0131taya, en kuzeyde ve Svalbard&#039;da deniz subarktik ve Arktik tundras\u0131na kadar uzan\u0131r.<\/p>\n<p>Birle\u015fik Norve\u00e7 Krall\u0131\u011f\u0131 k\u00f6kenlerini 872&#039;de k\u00fc\u00e7\u00fck krall\u0131klar\u0131n birle\u015ftirilmesine kadar g\u00f6t\u00fcr\u00fcr. 1537&#039;den 1814&#039;e kadar Danimarka-Norve\u00e7 birli\u011finin bir par\u00e7as\u0131yd\u0131 ve ard\u0131ndan 1905&#039;e kadar \u0130sve\u00e7 ile ki\u015fisel bir birli\u011fe girdi. Norve\u00e7, Birinci D\u00fcnya Sava\u015f\u0131&#039;nda ve ba\u015flang\u0131\u00e7ta \u0130kinci D\u00fcnya Sava\u015f\u0131&#039;nda, Nisan 1940&#039;taki Alman i\u015fgaline kadar tarafs\u0131z kald\u0131 ve i\u015fgal 1945&#039;e kadar s\u00fcrd\u00fc.<\/p>\n<p>Norve\u00e7, 1814 anayasas\u0131 uyar\u0131nca anayasal monar\u015fiye sahip \u00fcniter bir devlet olarak i\u015flev g\u00f6rmektedir. Gl\u00fccksburg Hanedan\u0131&#039;ndan Kral Harald V tahtta otururken, Jonas Gahr St\u00f8re 2021&#039;den beri ba\u015fbakanl\u0131k g\u00f6revini y\u00fcr\u00fctmektedir. Yasama yetkisi tek meclisli parlamentoda (Storting), y\u00fcr\u00fctme yetkisi kabinede ve yarg\u0131 yetkisi Y\u00fcksek Mahkeme&#039;de bulunmaktad\u0131r. \u0130dari b\u00f6l\u00fcmler il\u00e7elerden (fylker) ve belediyelerden (kommuner) olu\u015fmaktad\u0131r. Finnmark Yasas\u0131 taraf\u0131ndan desteklenen S\u00e1mi Parlamentosu, yerli S\u00e1mi halk\u0131na geleneksel topraklar \u00fczerinde s\u0131n\u0131rl\u0131 bir \u00f6zy\u00f6netim hakk\u0131 vermektedir.<\/p>\n<p>Norve\u00e7, Avrupa Ekonomik Alan\u0131 arac\u0131l\u0131\u011f\u0131yla Avrupa Birli\u011fi ile yak\u0131n diplomatik ve ekonomik ba\u011flar s\u00fcrd\u00fcr\u00fcyor, Schengen Alan\u0131&#039;na kat\u0131l\u0131yor ve Amerika Birle\u015fik Devletleri ile kapsaml\u0131 bir \u015fekilde i\u015f birli\u011fi yap\u0131yor. Birle\u015fmi\u015f Milletler, NATO, Avrupa Serbest Ticaret Birli\u011fi, Avrupa Konseyi, Antarktika Antla\u015fmas\u0131 ve \u0130skandinav Konseyi&#039;nde kurucu \u00fcyeli\u011fe sahip ve D\u00fcnya Ticaret \u00d6rg\u00fct\u00fc ve OECD&#039;ye \u00fcye. Norve\u00e7 leh\u00e7eleri Danimarka ve \u0130sve\u00e7 leh\u00e7eleriyle kar\u015f\u0131l\u0131kl\u0131 olarak anla\u015f\u0131labilirli\u011fini s\u00fcrd\u00fcr\u00fcyor.<\/p>\n<p>Norve\u00e7 refah modeli, e\u015fitlik\u00e7i ilkelere dayal\u0131 evrensel sa\u011fl\u0131k hizmeti ve kapsaml\u0131 sosyal g\u00fcvenlik sa\u011flar. Devlet, petrol, do\u011fal gaz, mineraller, kereste, deniz \u00fcr\u00fcnleri ve hidroelektrik gibi stratejik sekt\u00f6rlerde \u00e7o\u011funluk veya \u00f6nemli m\u00fclkiyete sahiptir. Petrol ve gaz \u00e7\u0131kar\u0131m\u0131 gayri safi yurti\u00e7i has\u0131lan\u0131n yakla\u015f\u0131k d\u00f6rtte birine katk\u0131da bulunur ve Norve\u00e7, Orta Do\u011fu d\u0131\u015f\u0131nda bu kaynaklar\u0131n ki\u015fi ba\u015f\u0131na d\u00fc\u015fen en b\u00fcy\u00fck \u00fcreticisi olarak yer al\u0131r. Ki\u015fi ba\u015f\u0131na d\u00fc\u015fen gelir, Norve\u00e7&#039;i k\u00fcresel olarak en y\u00fcksekler aras\u0131na yerle\u015ftirir - D\u00fcnya Bankas\u0131 \u00f6l\u00e7\u00fctlerine g\u00f6re d\u00f6rd\u00fcnc\u00fc ve IMF&#039;ye g\u00f6re sekizinci. Egemen servet fonu varl\u0131klar\u0131 yakla\u015f\u0131k 1,3 trilyon ABD dolar\u0131d\u0131r ve d\u00fcnyan\u0131n en b\u00fcy\u00fc\u011f\u00fcd\u00fcr.<\/p>\n<p>Ki\u015fi ba\u015f\u0131na d\u00fc\u015fen GSY\u0130H&#039;ye g\u00f6re \u00f6l\u00e7\u00fcld\u00fc\u011f\u00fcnde, Norve\u00e7 Avrupa \u00fclkeleri aras\u0131nda L\u00fcksemburg&#039;un ard\u0131ndan ikinci, sat\u0131n alma g\u00fcc\u00fc paritesi baz\u0131nda ise d\u00fcnya \u00e7ap\u0131nda alt\u0131nc\u0131 s\u0131rada yer almaktad\u0131r. \u00dclke, net d\u0131\u015f bor\u00e7 alacakl\u0131s\u0131 olarak i\u015flev g\u00f6rm\u00fc\u015f ve 2009&#039;da BM Kalk\u0131nma Program\u0131&#039;n\u0131n \u0130nsani Geli\u015fim Endeksi&#039;nde en \u00fcst s\u0131ray\u0131 geri alm\u0131\u015ft\u0131r. Norve\u00e7&#039;in istikrar\u0131 ve kurumsal b\u00fct\u00fcnl\u00fc\u011f\u00fc, ona hem 2009&#039;da hem de 2023&#039;te Ba\u015far\u0131s\u0131z Devletler Endeksi&#039;nde en d\u00fc\u015f\u00fck s\u0131ray\u0131 kazand\u0131rm\u0131\u015ft\u0131r.<\/p>\n<p>Karma ekonomi, \u00f6nemli devlet kat\u0131l\u0131m\u0131n\u0131n yan\u0131 s\u0131ra sa\u011flam \u00f6zel te\u015febb\u00fcs\u00fc de i\u00e7eriyor. Kamu sa\u011fl\u0131k hizmeti, 16 ya\u015f \u00fcst\u00fc yeti\u015fkinler i\u00e7in m\u00fctevaz\u0131 bir y\u0131ll\u0131k \u00fccret getiriyor ve ebeveyn izni \u00fccretli olarak 46 haftaya kadar uzan\u0131yor. \u015eubat 2025&#039;te i\u015fsizlik %3,9&#039;dayd\u0131 ve 15-74 ya\u015f aras\u0131 bireylerin ,7&#039;si istihdamdayd\u0131. Engellilik yard\u0131mlar\u0131 18-67 ya\u015f aras\u0131 ki\u015filerin ,6&#039;s\u0131na ula\u015ft\u0131 ve h\u00fck\u00fcmet istihdam\u0131 i\u015f g\u00fcc\u00fcn\u00fcn &#039;unu olu\u015fturuyordu. Ortalama saatlik \u00fcretkenlik ve \u00fccretler d\u00fcnyan\u0131n en y\u00fcksekleri aras\u0131nda yer al\u0131yor.<\/p>\n<p>Co\u011frafi da\u011f\u0131l\u0131m ve engebeli arazi ula\u015f\u0131m altyap\u0131s\u0131n\u0131 \u015fekillendirmi\u015ftir. Toplu ta\u015f\u0131ma, \u00f6zellikle kent merkezlerinin \u00f6tesinde, di\u011fer Avrupa devletlerine k\u0131yasla az geli\u015fmi\u015ftir. Norve\u00e7&#039;in demir yolu a\u011f\u0131, y\u00fczde 62&#039;si 15 kV 16,7 Hz AC&#039;de elektrikli olan 4.114 kilometrelik standart \u00f6l\u00e7\u00fcl\u00fc hattan olu\u015fmaktad\u0131r; 64 kilometresi 210 km\/saate kadar h\u0131zlar\u0131 desteklemektedir. 2023 y\u0131l\u0131nda demiryollar\u0131, 3.153 milyon yolcu kilometresinde 78,22 milyon yolcu ta\u015f\u0131m\u0131\u015f ve 3.928 milyon ton kilometrede 32,23 milyon ton kargo ta\u015f\u0131m\u0131\u015ft\u0131r. A\u011f\u0131n sahibi Bane NOR&#039;dur; operat\u00f6rler aras\u0131nda yolcu hizmetleri i\u00e7in Vy, SJ, Go-Ahead ve Flytoget ile y\u00fck hizmetleri i\u00e7in CargoNet ve OnRail bulunmaktad\u0131r. Devlet b\u00fct\u00e7eleri, operasyonel s\u00fcbvansiyonlarla desteklenen yat\u0131r\u0131m ve bak\u0131m\u0131 finanse etmektedir.<\/p>\n<p>Kamu yol a\u011f\u0131 95 120 kilometre uzunlu\u011funda olup, 72 033 kilometre asfalt ve 664 kilometre belirlenmi\u015f otoyola sahiptir. Ulusal ve birincil il\u00e7e yollar\u0131 olarak s\u0131n\u0131fland\u0131r\u0131lan rotalar, \u00f6zellikle \u00fclkenin kuzey-g\u00fcney y\u00f6n\u00fcnde uzanan E6 ve bat\u0131 k\u0131y\u0131s\u0131n\u0131 \u00e7evreleyen E39 olmak \u00fczere Avrupa E-yol \u015femas\u0131na entegre olur. Norve\u00e7 Kamu Yollar\u0131 \u0130daresi ulusal ve il\u00e7e yollar\u0131n\u0131 denetler.<\/p>\n<p>Norve\u00e7, ki\u015fi ba\u015f\u0131na d\u00fc\u015fen elektrikli ara\u00e7 say\u0131s\u0131nda d\u00fcnyada lider konumdad\u0131r; Mart 2014 itibar\u0131yla yollardaki 100 binek ara\u00e7tan birinden fazlas\u0131 elektrikle \u00e7al\u0131\u015f\u0131yordu. Elektrikli modellerin temsil etti\u011fi yeni ara\u00e7 sat\u0131\u015flar\u0131n\u0131n pay\u0131 k\u00fcresel olarak en y\u00fcksek seviyede kalmaya devam ediyor. Yasama \u00f6nerileri, 2025 gibi erken bir tarihte benzinli ve dizel ara\u00e7lar\u0131n yeni sat\u0131\u015flar\u0131n\u0131n yasaklanmas\u0131n\u0131 hedefliyor.<\/p>\n<p>Havac\u0131l\u0131k, 52&#039;si kamuya ait ve 43&#039;\u00fc devlete ait Avinor taraf\u0131ndan i\u015fletilen yakla\u015f\u0131k 146 havaliman\u0131n\u0131 kapsar. Yedi havaliman\u0131 y\u0131lda bir milyondan fazla yolcuya hizmet verir; toplam yolcu hacmi 2007&#039;de 41 milyonu a\u015ft\u0131. Oslo Havaliman\u0131, Gardermoen, ba\u015fkentin 35 kilometre kuzeydo\u011fusunda yer al\u0131r ve ba\u015fl\u0131ca uluslararas\u0131 ge\u00e7it g\u00f6revi g\u00f6r\u00fcr. Scandinavian Airlines, Norwegian Air Shuttle ve b\u00f6lgesel ta\u015f\u0131y\u0131c\u0131lar i\u00e7in bir merkez g\u00f6revi g\u00f6rerek Avrupa genelinde ve belirli k\u0131talararas\u0131 var\u0131\u015f noktalar\u0131na do\u011frudan ba\u011flant\u0131lar sunar. Y\u00fcksek h\u0131zl\u0131 bir tren, havaliman\u0131n\u0131 20 dakikal\u0131k bir yolculuk boyunca her on dakikada bir Oslo Merkez \u0130stasyonu&#039;na ba\u011flar.<\/p>\n<p>Turizm, 2016 y\u0131l\u0131nda GSY\u0130H&#039;n\u0131n %4,2&#039;sine katk\u0131da bulunmu\u015f ve her on be\u015f Norve\u00e7liden biri bu sekt\u00f6rde istihdam edilmi\u015ftir. Mevsimsellik, t\u00fcm ziyaret\u00e7ilerin yar\u0131s\u0131ndan fazlas\u0131n\u0131n geldi\u011fi May\u0131s ve A\u011fustos aylar\u0131 aras\u0131nda zirve yapar. \u00c7e\u015fitli manzaralar (fiyortlar, da\u011flar, kayak merkezleri, g\u00f6ller ve ormanlar) Norve\u00e7&#039;in \u00e7ekicili\u011fini destekler. \u00d6nemli kentsel destinasyonlar aras\u0131nda Oslo, \u00c5lesund, Bergen, Stavanger, Trondheim, Kristiansand, Troms\u00f8, Fredrikstad ve T\u00f8nsberg bulunur. Ziyaret\u00e7iler ayr\u0131ca Atlantik Okyanusu Yolu, Hardangervidda platosu, Jostedalsbreen buzulu, Jotunheimen da\u011flar\u0131, Lofoten adalar\u0131 ve Nordkapp&#039;taki u\u00e7urum gibi do\u011fal alanlar\u0131 da s\u0131k s\u0131k ziyaret eder. K\u00fclt\u00fcrel d\u00f6n\u00fcm noktalar\u0131 aras\u0131nda Oslo&#039;daki Holmenkollen kayak atlama ve Vigeland tesisinden Bergen&#039;deki Bryggen R\u0131ht\u0131m\u0131, Trondheim&#039;daki Nidaros Katedrali ve T\u00f8nsberg ve Fredrikstad&#039;daki kale kal\u0131nt\u0131lar\u0131 yer al\u0131r.<\/p>\n<p>Etnik Norve\u00e7liler, Kuzey Cermen bir halkt\u0131r. 2023&#039;teki toplam do\u011furganl\u0131k oran\u0131, 2,1&#039;lik yenileme seviyesinin alt\u0131nda ve 1877&#039;deki 4,69&#039;luk zirveden d\u00fc\u015f\u00fck olarak kad\u0131n ba\u015f\u0131na 1,40 \u00e7ocuktu. Ortanca ya\u015f 2024&#039;te 40&#039;a ula\u015ft\u0131. Norve\u00e7, \u0130sve\u00e7, Finlandiya ve Rusya&#039;n\u0131n Kola Yar\u0131madas\u0131&#039;n\u0131n Arktik b\u00f6lgelerine \u00f6zg\u00fc olan Samiler ve Fin g\u00f6\u00e7menlerin torunlar\u0131 olan Kvenler, tan\u0131nan az\u0131nl\u0131klar\u0131 olu\u015fturur. On dokuzuncu ve yirminci y\u00fczy\u0131llardaki devlet Norve\u00e7le\u015ftirme politikalar\u0131, Sami veya Kven k\u00f6kenli bir\u00e7ok ki\u015finin etnik Norve\u00e7li olarak tan\u0131mlanmas\u0131na yol a\u00e7t\u0131.<\/p>\n<p>Norve\u00e7 k\u00fclt\u00fcr\u00fc, tar\u0131msal ge\u00e7mi\u015fiyle g\u00fc\u00e7l\u00fc ba\u011flar\u0131n\u0131 korumaktad\u0131r. \u00c7iftlik gelenekleri etraf\u0131nda ortaya \u00e7\u0131kan on dokuzuncu y\u00fczy\u0131l romantik milliyet\u00e7ili\u011fi, dil, edebiyat, sanat ve m\u00fczi\u011fi \u015fekillendirmi\u015ftir; bu etki, bug\u00fcn bile k\u00fclt\u00fcrel kurumlar ve projeler i\u00e7in h\u00fck\u00fcmet deste\u011fiyle belirgindir. Mimari miras, orta\u00e7a\u011f \u00e7\u0131tal\u0131 kiliselerinden (Urnes \u00c7\u0131tal\u0131 Kilisesi UNESCO D\u00fcnya Miras\u0131 stat\u00fcs\u00fcne sahiptir) Bryggen R\u0131ht\u0131m\u0131&#039;n\u0131n ah\u015fap cephelerine kadar uzan\u0131r. Ta\u015f katedraller, Kongsberg&#039;deki Barok kiliseler ve R\u00f8ros&#039;taki ah\u015fap madenci konutlar\u0131 ard\u0131\u015f\u0131k d\u00f6nemlere tan\u0131kl\u0131k eder. Christian H. Grosch&#039;un on dokuzuncu y\u00fczy\u0131l\u0131n ba\u015flar\u0131ndaki tasar\u0131mlar\u0131 aras\u0131nda Oslo \u00dcniversitesi ve Oslo Borsas\u0131 yer al\u0131r. 1904&#039;te \u00c5lesund&#039;un yeniden in\u015fas\u0131 Norve\u00e7&#039;e Art Nouveau&#039;yu tan\u0131t\u0131rken, i\u015flevselcilik 1930&#039;larda \u00f6ne \u00e7\u0131kt\u0131. Yirminci y\u00fczy\u0131l\u0131n sonlar\u0131ndaki mimarlar uluslararas\u0131 \u00fcn kazand\u0131; K\u00e1r\u00e1\u0161johka yak\u0131nlar\u0131ndaki S\u00e1mi Parlamentosu&#039;nun ah\u015fap kapl\u0131 tart\u0131\u015fma odas\u0131 geleneksel lavvoyu \u00e7a\u011fr\u0131\u015ft\u0131r\u0131r.<\/p>\n<p>Mutfak, deniz ve tar\u0131m kaynaklar\u0131n\u0131 yans\u0131t\u0131r. Somon, ringa bal\u0131\u011f\u0131, alabal\u0131k ve morina bal\u0131\u011f\u0131 gibi deniz \u00fcr\u00fcnleri, brunost, Jarlsberg ve gamalost gibi peynirlerin, s\u00fct \u00fcr\u00fcnlerinin ve yo\u011fun ekmeklerin yan\u0131nda yer al\u0131r. Mevsimsel spesiyaliteler aras\u0131nda tereya\u011f\u0131 ve \u015fekerle servis edilen bir patates ekme\u011fi olan lefse; lutefisk, smalahove, pinnekj\u00f8tt, raspeball, f\u00e5rik\u00e5l ve rakefisk gibi korunmu\u015f ve fermente edilmi\u015f yemekler; ve yayg\u0131n olarak kullan\u0131lan vaffel bulunur.<\/p>\n<p>Norve\u00e7&#039;in alt\u0131 ana kara b\u00f6lgesi\u2014Oslo&#039;yu \u00e7evreleyen \u00d8stlandet; Tr\u00f8ndelag; Kuzey Norve\u00e7; Agder; Bat\u0131 Norve\u00e7; ve i\u00e7 kesimlerdeki il\u00e7eler\u2014\u00e7e\u015fitli arazi ve k\u00fclt\u00fcrel gelenekler sunar. Svalbard&#039;\u0131n Arktik ortam\u0131 kutup ay\u0131lar\u0131na ve uydu tesislerine ev sahipli\u011fi yaparken, Jan Mayen \u00f6zel izin olmadan b\u00fcy\u00fck \u00f6l\u00e7\u00fcde eri\u015filemez durumdad\u0131r.<\/p>\n<p>Norve\u00e7, 872&#039;deki birle\u015fmesinden bu yana on bir as\u0131rdan fazla bir s\u00fcredir s\u00fcrekli devletli\u011fini s\u00fcrd\u00fcr\u00fcyor. Anayasal monar\u015fi, parlamenter demokrasi ve kapsaml\u0131 refah h\u00fck\u00fcmlerinin kar\u0131\u015f\u0131m\u0131, y\u00fcksek ya\u015fam standartlar\u0131n\u0131, ekonomik dayan\u0131kl\u0131l\u0131\u011f\u0131 ve siyasi istikrar\u0131 destekliyor. Petrol rezervlerinden hidroelektrik ve bal\u0131k\u00e7\u0131l\u0131\u011fa kadar zengin do\u011fal kaynaklar, karma bir ekonomiyi ve d\u00fcnyan\u0131n en b\u00fcy\u00fck egemen servet fonunu destekliyor. \u00c7e\u015fitli iklimler ve manzaralar, Kuzey Kutup Dairesi&#039;nin \u00fczerindeki gece yar\u0131s\u0131 g\u00fcne\u015fi deneyimlerinden Bat\u0131 Norve\u00e7&#039;teki fiyort gezilerine kadar \u00f6nemli bir turist \u00e7ekicili\u011fi sa\u011fl\u0131yor. \u00c7iftlik geleneklerinin, edebi ve mimari ba\u015far\u0131lar\u0131n ve canl\u0131 kent merkezlerinin kal\u0131c\u0131 k\u00fclt\u00fcrel izi, co\u011frafya, tarih ve toplumsal e\u015fitlik\u00e7ilik taraf\u0131ndan \u015fekillendirilen ulusal bir kimli\u011fi \u015fekillendiriyor.<\/p>","protected":false},"excerpt":{"rendered":"<p>Norve\u00e7, resmen Norve\u00e7 Krall\u0131\u011f\u0131 olarak bilinir, 2024 itibar\u0131yla 5.576.660 n\u00fcfusa sahip, Kuzey Avrupa&#039;da \u0130skandinav Yar\u0131madas\u0131&#039;nda bulunan bir \u0130skandinav \u00fclkesidir. Norve\u00e7 Krall\u0131\u011f\u0131&#039;n\u0131n bir par\u00e7as\u0131 olarak izole edilmi\u015f Arktika adas\u0131 Jan Mayen ve Svalbard tak\u0131madalar\u0131 da yer almaktad\u0131r. Krall\u0131\u011f\u0131n bir par\u00e7as\u0131 olmayan, Subantarktika&#039;daki Bouvet Adas\u0131 bir ba\u011f\u0131ml\u0131l\u0131kt\u0131r; Norve\u00e7 ayr\u0131ca Peter I Adas\u0131 ve Krali\u00e7e Maud Topraklar\u0131&#039;n\u0131n Antarktika topraklar\u0131n\u0131 da talep etmektedir. Oslo, Norve\u00e7&#039;in hem ba\u015fkenti hem de en b\u00fcy\u00fck \u015fehridir.<\/p>","protected":false},"author":1,"featured_media":3041,"parent":24078,"menu_order":0,"comment_status":"closed","ping_status":"closed","template":"elementor_theme","meta":{"_eb_attr":"","footnotes":""},"class_list":["post-12252","page","type-page","status-publish","has-post-thumbnail"],"_links":{"self":[{"href":"https:\/\/travelshelper.com\/tr\/wp-json\/wp\/v2\/pages\/12252","targetHints":{"allow":["GET"]}}],"collection":[{"href":"https:\/\/travelshelper.com\/tr\/wp-json\/wp\/v2\/pages"}],"about":[{"href":"https:\/\/travelshelper.com\/tr\/wp-json\/wp\/v2\/types\/page"}],"author":[{"embeddable":true,"href":"https:\/\/travelshelper.com\/tr\/wp-json\/wp\/v2\/users\/1"}],"replies":[{"embeddable":true,"href":"https:\/\/travelshelper.com\/tr\/wp-json\/wp\/v2\/comments?post=12252"}],"version-history":[{"count":0,"href":"https:\/\/travelshelper.com\/tr\/wp-json\/wp\/v2\/pages\/12252\/revisions"}],"up":[{"embeddable":true,"href":"https:\/\/travelshelper.com\/tr\/wp-json\/wp\/v2\/pages\/24078"}],"wp:featuredmedia":[{"embeddable":true,"href":"https:\/\/travelshelper.com\/tr\/wp-json\/wp\/v2\/media\/3041"}],"wp:attachment":[{"href":"https:\/\/travelshelper.com\/tr\/wp-json\/wp\/v2\/media?parent=12252"}],"curies":[{"name":"wp","href":"https:\/\/api.w.org\/{rel}","templated":true}]}}