{"id":12137,"date":"2024-09-15T15:14:54","date_gmt":"2024-09-15T15:14:54","guid":{"rendered":"https:\/\/travelshelper.com\/staging\/?page_id=12137"},"modified":"2026-03-12T18:45:26","modified_gmt":"2026-03-12T18:45:26","slug":"polonya","status":"publish","type":"page","link":"https:\/\/travelshelper.com\/tr\/destinations\/europe\/poland\/","title":{"rendered":"Polonya"},"content":{"rendered":"<p>Polonya, Avrupa k\u0131tas\u0131n\u0131n tam kalbinde yer al\u0131r ve 38 milyonun biraz \u00fczerinde bir n\u00fcfusa sahip olup, kuzeyde Balt\u0131k Denizi&#039;nin kumlu k\u0131y\u0131lar\u0131ndan g\u00fcneyde Karpat ve S\u00fcdet Da\u011flar\u0131&#039;n\u0131n engebeli y\u00fcksekliklerine kadar uzanan yakla\u015f\u0131k 312.700 km\u00b2&#039;lik bir alana yay\u0131lm\u0131\u015ft\u0131r. Bat\u0131da Almanya, kuzeydo\u011fuda Litvanya ve Rusya&#039;n\u0131n Kaliningrad Oblast\u0131, do\u011fuda Belarus ve Ukrayna ve g\u00fcneyde Slovakya ve \u00c7ek Cumhuriyeti aras\u0131nda yer alan \u00fclkenin manzaras\u0131, d\u00fcz ovalar, engebeli tepeler, yo\u011fun ormanlar, binlerce g\u00f6l ve y\u00fckselen zirvelerden olu\u015fan bir patchwork&#039;t\u00fcr; hepsi de kuzeybat\u0131daki hafif okyanus esintilerinden g\u00fcneydo\u011fudaki serin karasal havaya ge\u00e7i\u015f yapan \u0131l\u0131man bir iklimde yer almaktad\u0131r.<\/p>\n<p>Alt Paleolitik&#039;teki ilk insan faaliyeti k\u0131v\u0131lc\u0131mlar\u0131ndan modern Var\u015fova&#039;daki sokak lambalar\u0131n\u0131n par\u0131lt\u0131s\u0131na kadar, Polonya&#039;n\u0131n hikayesi Avrupa tarihinin daha geni\u015f ak\u0131mlar\u0131ndan ayr\u0131lamaz. Son Buzul \u00c7a\u011f\u0131&#039;ndan sonra, ard\u0131\u015f\u0131k yerle\u015fimci dalgalar\u0131 bu topraklar\u0131 yuva yapt\u0131, ancak Bat\u0131 Slav Polonyal\u0131lar\u0131 Piast hanedan\u0131 alt\u0131nda bir siyasi yap\u0131da bir araya gelmeleri erken orta \u00e7a\u011f d\u00f6nemindeydi. 966&#039;da D\u00fck Mieszko I, Hristiyanl\u0131\u011f\u0131 benimsedi; bu karar, 1025&#039;te Polonya Krall\u0131\u011f\u0131 olacak olan \u015feyin manevi ve siyasi temellerini att\u0131. Y\u00fczy\u0131llar sonra, 1569&#039;da Lublin Birli\u011fi taraf\u0131ndan olu\u015fturulan Polonya-Litvanya Birli\u011fi&#039;nin se\u00e7meli monar\u015fisi, g\u00f6receli dini ho\u015fg\u00f6r\u00fcs\u00fc ve 1791&#039;deki \u00f6nc\u00fc anayasas\u0131yla \u00fcnlendi, ancak Alt\u0131n \u00c7a\u011f&#039;\u0131n ihti\u015fam\u0131, Polonya&#039;y\u0131 123 y\u0131l boyunca haritadan silen kom\u015fu imparatorluklar taraf\u0131ndan 18. y\u00fczy\u0131l\u0131n sonlar\u0131nda yap\u0131lan b\u00f6l\u00fcnmelerin gelgitini durduramad\u0131.<\/p>\n<p>A\u011fustos 1914&#039;teki silahlar sustu\u011funda ve ard\u0131ndan 1918&#039;de imparatorluklar\u0131n \u00e7\u00f6k\u00fc\u015f\u00fcyle \u200b\u200bbirlikte Polonya, s\u0131n\u0131r \u00e7at\u0131\u015fmalar\u0131, toplumsal \u00e7alkant\u0131lar ve modern bir ulus-devlet kurma h\u0131rs\u0131yla i\u015faretlenen tehlikeli bir iki sava\u015f aras\u0131 d\u00f6nemde yol alarak \u0130kinci Cumhuriyet olarak yeniden ortaya \u00e7\u0131kt\u0131. Bu k\u0131r\u0131lgan ba\u011f\u0131ms\u0131zl\u0131k, Eyl\u00fcl 1939&#039;da Almanya ve Sovyetler Birli\u011fi&#039;nin birlikte i\u015fgal etmesiyle ve Polonya topraklar\u0131nda II. D\u00fcnya Sava\u015f\u0131&#039;n\u0131 ba\u015flatmas\u0131yla bir felaketle kar\u015f\u0131la\u015ft\u0131. Holokost, Polonya&#039;n\u0131n canl\u0131 Yahudi toplulu\u011funu yok etti ve sava\u015f milyonlarca Polonyal\u0131n\u0131n hayat\u0131na mal oldu. Sonras\u0131nda Polonya, kendisini Sovyet etki alan\u0131nda Halk Cumhuriyeti olarak buldu, k\u00fclt\u00fcr\u00fc 1980&#039;lerde Dayan\u0131\u015fma hareketinin y\u00fckseli\u015fine ve 1989&#039;daki \u00f6nemli m\u00fczakerelerin liberal demokrasiyi geri getirmesine kadar Demir Perde alt\u0131nda bast\u0131r\u0131lm\u0131\u015ft\u0131 - b\u00f6ylece Polonya \u00f6zg\u00fcrl\u00fc\u011f\u00fcne kavu\u015fan ilk Sovyet uydusu oldu ve 1999&#039;da NATO&#039;ya ve 2004&#039;te Avrupa Birli\u011fi&#039;ne kat\u0131l\u0131m\u0131n\u0131n sahnesini haz\u0131rlad\u0131.<\/p>\n<p>Polonya bug\u00fcn, bir ba\u015fkan ve ba\u015fbakan taraf\u0131ndan dengelenmi\u015f iki meclisli bir parlamentoya sahip yar\u0131 ba\u015fkanl\u0131k cumhuriyetidir -se\u00e7ilmi\u015f bir Sejm ve Senato. Piyasa ekonomisi, nominal GSY\u0130H&#039;ye g\u00f6re AB&#039;de alt\u0131nc\u0131, sat\u0131n alma g\u00fcc\u00fc paritesine g\u00f6re be\u015finci s\u0131rada yer almaktad\u0131r, ancak b\u00fcy\u00fcmesi son on y\u0131llarda bir\u00e7ok benzerini geride b\u0131rakm\u0131\u015ft\u0131r. \u0130\u015fsizlik, %3 civar\u0131ndaki tarihi d\u00fc\u015f\u00fck seviyelere yak\u0131n seyrediyor ve \u00e7e\u015fitlendirilmi\u015f bir i\u015f g\u00fcc\u00fc, &#039;\u0131n \u00fczerinde bir oran\u0131 hizmetlerde, \u00fc\u00e7te biri imalatta ve geli\u015fen bir tar\u0131m sekt\u00f6r\u00fcnde yer al\u0131yor. Var\u015fova, Krak\u00f3w ve Wroc\u0142aw&#039;da yenilik\u00e7i k\u00fcmeler geli\u015firken, \u00fccretsiz \u00fcniversite e\u011fitimi ve evrensel sa\u011fl\u0131k hizmeti y\u00fcksek bir ya\u015fam standard\u0131na ve sa\u011flam bir ekonomik \u00f6zg\u00fcrl\u00fc\u011fe katk\u0131da bulunuyor.<\/p>\n<p>Co\u011frafi olarak \u00fclke, nehirlerle (bunlar\u0131n aras\u0131nda g\u00f6rkemli Vistula, Oder, Warta ve Bug bulunur) \u00f6r\u00fclm\u00fc\u015f d\u00fcz bir merkezi ve kuzey ovas\u0131 ile engebeli ve da\u011fl\u0131k bir g\u00fcney olmak \u00fczere d\u00fczg\u00fcn bir \u015fekilde ayr\u0131l\u0131r. Balt\u0131k k\u0131y\u0131 \u015feridi, r\u00fczgarla \u015fekillendirilmi\u015f kumullar, k\u0131y\u0131 s\u0131rtlar\u0131 ve girintili \u00e7\u0131k\u0131nt\u0131l\u0131 koylarla (en dikkat \u00e7ekenleri Rusya ile payla\u015f\u0131lan Hel Yar\u0131madas\u0131 ve Vistula Lag\u00fcn\u00fc) noktalanm\u0131\u015f yakla\u015f\u0131k 770 km uzan\u0131r. \u0130\u00e7 kesimlerde, Masuria&#039;n\u0131n G\u00f6ller B\u00f6lgesi binlerce kristal g\u00f6le ev sahipli\u011fi yapar; en b\u00fcy\u00fc\u011f\u00fc \u015aniardwy ve Mamry iken, Ha\u0144cza G\u00f6l\u00fc gibi derin \u00e7atlaklar y\u00fczeyin 100 metreden daha alt\u0131na iner. G\u00fcney ucunda, Sudetes ve Karpatlar en y\u00fcksek noktalar\u0131na ula\u015f\u0131r ve Mount Rysy (2.501 m) ve \u015anie\u017cka (1.603 m) zorlu t\u0131rman\u0131\u015flar ve panoramik \u00f6d\u00fcl sunar. Polonya&#039;n\u0131n ortalama y\u00fcksekli\u011fi m\u00fctevaz\u0131 bir 173 m&#039;dir, ancak iklim aral\u0131\u011f\u0131 kuzeybat\u0131da okyanus serinli\u011finden, \u0131l\u0131man ge\u00e7i\u015f b\u00f6lgelerinden Tatralar&#039;\u0131n y\u00fckseklerindeki alpin ko\u015fullara kadar uzan\u0131r. Yazlar Temmuz ay\u0131nda yakla\u015f\u0131k 20 \u00b0C&#039;ye kadar \u0131s\u0131n\u0131r, k\u0131\u015flar Aral\u0131k ay\u0131nda -1 \u00b0C&#039;ye d\u00fc\u015fer ve ya\u011f\u0131\u015f Haziran&#039;dan Eyl\u00fcl&#039;e kadar zirve yapar - ancak iklim de\u011fi\u015fikli\u011fi son on y\u0131lda ortalama y\u0131ll\u0131k s\u0131cakl\u0131klar\u0131 9 \u00b0C&#039;nin \u00fczerine \u00e7\u0131kararak yazlar\u0131 uzatm\u0131\u015f ve karl\u0131 k\u0131\u015flar\u0131 k\u0131saltm\u0131\u015ft\u0131r.<\/p>\n<p>\u0130dari olarak, on alt\u0131 voyvodal\u0131k (il) tarihi b\u00f6lgeleri yans\u0131t\u0131r: Mazowieckie, Var\u015fova ve \u0141\u00f3dzkie&#039;nin end\u00fcstriyel Lod\u017a \u00e7evresinde merkezlenir; K\u00fc\u00e7\u00fck Polonya, Krak\u00f3w ve da\u011flar\u0131 kucaklar; A\u015fa\u011f\u0131 Silezya, Wroc\u0142aw&#039;\u0131n k\u00fclt\u00fcrel kav\u015fa\u011f\u0131na yay\u0131l\u0131r. Her voyvodal\u0131kta, h\u00fck\u00fcmet taraf\u0131ndan atanan bir voyvoda, se\u00e7ilmi\u015f bir b\u00f6lgesel meclis ve o meclis taraf\u0131ndan se\u00e7ilen bir mare\u015fal yetkiyi payla\u015f\u0131rken, bunlar\u0131n alt\u0131nda 380 il\u00e7e ve 2 477 belediye bulunur. Polonya&#039;n\u0131n canl\u0131 d\u00fc\u011f\u00fcm noktalar\u0131 olan b\u00fcy\u00fck \u015fehirler, geni\u015fleyen kentsel ihtiya\u00e7lar\u0131n\u0131 y\u00f6netmek i\u00e7in genellikle hem il\u00e7e hem de belediye stat\u00fcs\u00fcne sahiptir.<\/p>\n<p>Polonya&#039;n\u0131n do\u011fal cazibesi korunan alanlar\u0131nda parl\u0131yor: Avrupa&#039;n\u0131n son bakir orman\u0131 ve \u00f6zg\u00fcrce dola\u015fan bizonlar\u0131n evi olan Bia\u0142owie\u017ca gibi yirmi \u00fc\u00e7 milli park; Morskie Oko gibi buzul g\u00f6llerinin engebeli zirvelerin alt\u0131nda par\u0131ldad\u0131\u011f\u0131 Tatra Milli Park\u0131; Avrupa&#039;n\u0131n en b\u00fcy\u00fck kumullar\u0131yla \u00fcnl\u00fc S\u0142owi\u0144ski; ve \u00e7a\u011flayan \u015felaleleriyle Karkonoski. Manzara parklar\u0131 ve tampon b\u00f6lgeler y\u00fcr\u00fcy\u00fc\u015f\u00e7\u00fclere, kanoculara ve ku\u015f g\u00f6zlemcilerine davet sunarken, Masurian g\u00f6lleri denizcileri sakin y\u00fczeylerinde kaymaya \u00e7a\u011f\u0131r\u0131yor. Bir zamanlar \u00f6nemli ticaret arterleri olan Oder ve Vistula art\u0131k tarih y\u00fckl\u00fc \u015fehirlerde sakin yolculuklar sunuyor.<\/p>\n<p>Polonya&#039;daki \u015fehir manzaralar\u0131 Gotik kuleleri, Barok cepheleri ve avangart modernli\u011fi i\u00e7 i\u00e7e ge\u00e7iriyor. Var\u015fova&#039;n\u0131n titizlikle yeniden in\u015fa edilen Eski Kenti\u20141944&#039;te y\u0131k\u0131l\u0131p ar\u015fiv resimlerinden yeniden do\u011fmu\u015f\u2014ba\u015fkentin Kraliyet Yolu&#039;nu sabitliyor ve saraylar\u0131, katedralleri ve \u015fehir parklar\u0131n\u0131 birbirine ba\u011fl\u0131yor. Krak\u00f3w&#039;un orta\u00e7a\u011f merkezi, geni\u015f Pazar Meydan\u0131&#039;n\u0131n etraf\u0131ndaki kafe hayat\u0131yla, R\u00f6nesans ticaretinin bir kan\u0131t\u0131 olan Kuma\u015f Salonu ve yak\u0131nlardaki Polonya krallar\u0131n\u0131n koruyucusu olan Wawel Kalesi ile nab\u0131z at\u0131yor. Eski Hanse liman\u0131 Gda\u0144sk, Mot\u0142awa Nehri&#039;ni kehribar renkli t\u00fcccar evleriyle \u00e7evreliyor; Wroc\u0142aw, k\u00f6pr\u00fclerle ve k\u00f6\u015felerine s\u0131k\u0131\u015ft\u0131r\u0131lm\u0131\u015f dost canl\u0131s\u0131 &#034;c\u00fcce&#034; \u200b\u200bheykellerle dolu on iki adadan olu\u015fan bir a\u011f\u0131n \u00fczerinde yer al\u0131yor. Toru\u0144&#039;un bozulmam\u0131\u015f Gotik sil\u00fceti, Zamo\u015b\u0107&#039;un &#034;ideal kent&#034; \u015febekesi ve \u0141\u00f3d\u017a&#039;un end\u00fcstriyel miras loftlar\u0131, kentsel evrimin farkl\u0131 bir b\u00f6l\u00fcm\u00fcn\u00fc anlat\u0131yor.<\/p>\n<p>Kaleler ve k\u0131rsal an\u0131tlar, yuvarlanan tarlalar\u0131n ortas\u0131nda m\u00fccevherler gibi k\u0131rsal\u0131 s\u00fcsl\u00fcyor. Malbork&#039;un tu\u011fla surlar\u0131, kara alan\u0131na g\u00f6re d\u00fcnyan\u0131n en b\u00fcy\u00fck kalesi unvan\u0131n\u0131 talep ediyor. Kartal Yuvalar\u0131 Yolu, Orla Per\u0107&#039;ten ge\u00e7iyor\u2014ve ovalara t\u00fcnemi\u015f Krzy\u017ctop\u00f3r kal\u0131nt\u0131lar\u0131\u2014g\u00fcney K\u00fc\u00e7\u00fck Polonya&#039;n\u0131n ah\u015fap kiliseleri ve Jawor ve \u015awidnica&#039;daki Bar\u0131\u015f Kiliseleri, Polonya&#039;n\u0131n senkretik manevi miras\u0131n\u0131 yans\u0131t\u0131yor. Hac\u0131lar, Kara Meryem&#039;in beyaz ve k\u0131rm\u0131z\u0131 ulusal renklerle kalabal\u0131klar\u0131 \u00e7ekti\u011fi Cz\u0119stochowa&#039;daki Jasna G\u00f3ra manast\u0131r\u0131na t\u0131rman\u0131yor, Horde benzeri alaylar \u00fclkenin m\u00fccadelelerini ve zaferlerini yeniden anlat\u0131yor.<\/p>\n<p>Polonya&#039;n\u0131n mutfa\u011f\u0131, tarihi gibi, i\u00e7ten gelene\u011fi yarat\u0131c\u0131 canlanmayla dengeler. Pierogi patates, peynir veya yabani mantarlarla dolgun bir \u015fekilde gelir; bigos lahana tur\u015fusu, av eti ve domuz etiyle kaynat\u0131l\u0131r; \u017curek (ek\u015fi bir \u00e7avdar \u00e7orbas\u0131) sosis ve ha\u015flanm\u0131\u015f yumurta ile \u0131s\u0131t\u0131l\u0131r. T\u00fcts\u00fclenmi\u015f bir da\u011f peyniri olan Oscypek yerel balla iyi gider; ha\u015fha\u015f tohumlu bir rulo olan makowiec her \u015fenlik masas\u0131nda bulunur. Votkan\u0131n yaz\u0131l\u0131 tarihi burada ortaya \u00e7\u0131kar - orta\u00e7a\u011f kay\u0131tlar\u0131nda ilk kez f\u0131s\u0131ldanan &#034;votka&#034; kelimesi - ancak bug\u00fcn kehribar Grodziskie lager&#039;\u0131ndan meyveli b\u00f6lgesel \u015faraplara kadar bira ve \u015farap sosyal toplant\u0131lara hakimdir. \u00c7ay saati 19. y\u00fczy\u0131ldan beri zarif bir olay olmaya devam ederken, kahvehaneler barok i\u00e7 mekanlar aras\u0131nda aromatik bir dinlenme sunarak 18. y\u00fczy\u0131la geri d\u00f6n\u00fcyor.<\/p>\n<p>Polonya&#039;daki k\u00fclt\u00fcrel ya\u015fam y\u0131l boyunca festivaller ve geleneklerle u\u011fultulu ge\u00e7er. Noel Arifesi -Wigilia- samanla kapl\u0131 masa \u00f6rt\u00fclerinin alt\u0131nda etsiz on iki tabakl\u0131k bir ziyafet etraf\u0131nda d\u00f6ner, op\u0142atek gofretleri payla\u015f\u0131l\u0131r ve uzaktaki sevdikleriniz i\u00e7in bo\u015f koltuklar ayr\u0131l\u0131r. \u015ei\u015fman Per\u015fembe&#039;nin paczki&#039;leri \u015fekerle par\u0131ldayarak Oru\u00e7&#039;u m\u00fcjdeler; Paskalya Pazartesi&#039;nin \u0131slak dyngus kutlamalar\u0131 gen\u00e7ler aras\u0131nda e\u011flenceli su sava\u015flar\u0131na neden olur. Azizler G\u00fcn\u00fc&#039;nde aileler, \u00f6lenlere \u0131\u015f\u0131kl\u0131 bir sayg\u0131 duru\u015fu olarak mezar ta\u015flar\u0131n\u0131n tepesine mum yakarlar. Resmi tatiller -toplamda 13 tane- May\u0131s Anayasa G\u00fcn\u00fc&#039;nden Kas\u0131m Ba\u011f\u0131ms\u0131zl\u0131k G\u00fcn\u00fc&#039;ne kadar takvimi i\u015faretler ve her biri ge\u00e7it t\u00f6renleri, konserler ve sessiz d\u00fc\u015f\u00fcncelerle toplumsal haf\u0131zay\u0131 yerle\u015ftirir.<\/p>\n<p>G\u00fczel sanatlar ve mimari Polonya&#039;n\u0131n katmanl\u0131 etkilerini haritaland\u0131r\u0131r: Romanesk rotundalar k\u0131rm\u0131z\u0131 tu\u011flal\u0131 Gotik kiliselere yol verir; \u0130talyan R\u00f6nesans manast\u0131rlar\u0131 Polonya Manierist kemerlerinin yan\u0131nda durur; Barok saraylar ve Neoklasik cepheler krallar\u0131n ve soylular\u0131n h\u0131rslar\u0131n\u0131 yans\u0131t\u0131r. Tatra eteklerindeki Goral zanaatkarlar\u0131 aras\u0131nda ortaya \u00e7\u0131kan Zakopane Stili, oyma ah\u015fap s\u00fcslemelerini da\u011f duyarl\u0131l\u0131klar\u0131yla birle\u015ftirir. Halk mimarisi, k\u00fct\u00fck evlerin, ambarlar\u0131n ve m\u00fcstahkem kiliselerin modernle\u015fmenin neredeyse yok etti\u011fi k\u0131rsal ya\u015fam bi\u00e7imlerini korudu\u011fu a\u00e7\u0131k hava m\u00fczelerinde varl\u0131\u011f\u0131n\u0131 s\u00fcrd\u00fcrmektedir.<\/p>\n<p>Dil ve kimlik, vatanda\u015flar\u0131n &#039;sinin ana dili olarak Leh\u00e7e konu\u015fmas\u0131yla i\u00e7 i\u00e7e ge\u00e7iyor ve bu, Slav dilbilgisi ve zengin bir s\u00f6zl\u00fckle birle\u015fiyor. Az\u0131nl\u0131k ve yard\u0131mc\u0131 diller (aralar\u0131nda Ka\u015fubyan da var) ceplerde geli\u015firken, iki dilli tabelalar Almanya ve Litvanya&#039;n\u0131n ortak miras\u0131na sayg\u0131 g\u00f6steriyor. G\u00fcn\u00fcm\u00fcz\u00fcn \u00e7ok y\u00f6nl\u00fc nesli \u0130ngilizce, Almanca ve Rus\u00e7a konu\u015fuyor ve Polonya&#039;n\u0131n okullar\u0131 ve \u00fcniversiteleri, demografik e\u011filimler kad\u0131n ba\u015f\u0131na 1,33 \u00e7ocuk ve 42&#039;nin \u00fczerinde bir medyan ya\u015f gibi d\u00fc\u015f\u00fck bir do\u011furganl\u0131k oran\u0131 kaydederken bile dilsel \u00e7o\u011fulculu\u011fu g\u00fc\u00e7lendiriyor; bu da ya\u015flanan bir toplumun kan\u0131t\u0131.<\/p>\n<p>Ula\u015f\u0131m a\u011flar\u0131 \u00fclkenin bir kav\u015fak noktas\u0131 olarak oynad\u0131\u011f\u0131 rol\u00fc izler. E30 ve E40 otoyollar\u0131 k\u0131tasal arterleri ay\u0131r\u0131rken, 5.000 km&#039;den fazla otoyol ve ekspres yol ticareti h\u0131zland\u0131r\u0131r. Polonya&#039;n\u0131n demiryollar\u0131 (uzunluk bak\u0131m\u0131ndan AB&#039;de \u00fc\u00e7\u00fcnc\u00fc s\u0131rada olan yakla\u015f\u0131k 19.400 km&#039;lik hat) b\u00f6lgesel merkezleri ve ba\u015fkent banliy\u00f6 sistemlerini, PKP ve yerel operat\u00f6rlerin dikkatli y\u00f6netimi alt\u0131nda birbirine ba\u011flar. Var\u015fova Chopin Havaalan\u0131, Krak\u00f3w-Balice ve Gda\u0144sk Lech Wa\u0142\u0119sa havaalanlar\u0131 Avrupa ve \u00f6tesine g\u00fcnl\u00fck u\u00e7u\u015flar d\u00fczenlerken, LOT Polish Airlines i\u00e7 hat pistlerinden modern jetler u\u00e7urur. Balt\u0131k Denizi boyunca uzanan deniz ge\u00e7itleri (Gda\u0144sk, Gdynia, Szczecin) k\u00fcresel pazarlara y\u00fckleri y\u00f6netir ve feribotlar deniz yoluyla \u0130skandinavya&#039;ya ara\u00e7 ve vagonlar\u0131 ta\u015f\u0131r.<\/p>\n<p>Polonya&#039;daki turizm, ke\u015fif ve yeniden ke\u015fif aras\u0131nda bir d\u00f6n\u00fcm noktas\u0131nda duruyor. 2021&#039;de uluslararas\u0131 var\u0131\u015flar, turizmin GSY\u0130H&#039;n\u0131n %4&#039;\u00fcnden fazlas\u0131n\u0131 olu\u015fturmas\u0131 ve yakla\u015f\u0131k 200.000 ki\u015finin misafirperverlik sekt\u00f6r\u00fcnde istihdam edilmesiyle Polonya&#039;y\u0131 d\u00fcnyan\u0131n en \u00e7ok ziyaret edilen 12. \u00fclkesi yapt\u0131. Ziyaret\u00e7iler, Vistula&#039;n\u0131n setlerini a\u015fmak, Wawel Katedrali&#039;nin tonozlu tavanlar\u0131n\u0131n alt\u0131nda dola\u015fmak, Wieliczka&#039;n\u0131n tuz madenindeki ha\u00e7 bi\u00e7imli koridorlara g\u00f6z atmak veya Bieszczady&#039;nin k\u0131rsal\u0131nda sinematik bir yaln\u0131zl\u0131k bulmak i\u00e7in geliyorlar. Her d\u00f6n\u00fc\u015f ziyareti, Var\u015fova&#039;n\u0131n \u00e7a\u011fda\u015f sanat b\u00f6lgelerinde veya \u0141\u00f3d\u017a&#039;un yeniden i\u015flevlendirilen fabrika \u00e7at\u0131 katlar\u0131nda nab\u0131z atan yeni festivalleri, m\u00fczeleri, galerileri ve son teknoloji k\u00fclt\u00fcrel kurumlar\u0131 ortaya \u00e7\u0131kar\u0131yor.<\/p>\n<p>Ancak simge yap\u0131lar\u0131n \u00f6tesinde Polonya&#039;n\u0131n en b\u00fcy\u00fck cazibesi yat\u0131yor: insanlar\u0131. S\u0131cakkanl\u0131, diren\u00e7li ve yarat\u0131c\u0131 Polonyal\u0131lar, bin y\u0131ll\u0131k tarihlerini g\u00fcnl\u00fck ya\u015famlar\u0131nda ta\u015f\u0131yor, ge\u00e7mi\u015f m\u00fccadeleleri an\u0131yor ve \u015fimdiki zaferleri kutluyor. Balkonlarda beyaz ve k\u0131rm\u0131z\u0131 bayraklar dalgalan\u0131yor, \u00e7ocuklar kasaba meydanlar\u0131nda geleneksel danslar \u00f6\u011freniyor, zanaatkarlar ah\u015fap, seramik ve g\u00fcm\u00fc\u015fte y\u00fczy\u0131llard\u0131r s\u00fcregelen el sanatlar\u0131n\u0131 uyguluyor. Kafelerde ve bira bah\u00e7elerinde, ev yap\u0131m\u0131 g\u00fcve\u00e7 tabaklar\u0131n\u0131n \u00fczerinde sesler y\u00fckseliyor, tutkulu tart\u0131\u015fmalar siyaseti ve \u015fiiri canland\u0131r\u0131yor. Haf\u0131za ve modernli\u011fin bu etkile\u015fimi Polonya&#039;ya elektrik y\u00fck\u00fcn\u00fc veriyor; hem zamans\u0131z hem de s\u00fcrekli geli\u015fen bir \u00fclke.<\/p>\n<p>Son hesapla\u015fmada, Polonya tekil kategorilere meydan okuyor. Orta\u00e7a\u011f kaleleri ve avangard \u015fehir manzaralar\u0131, ciddi anma ve ne\u015feli halk rit\u00fcelleri, derin ormanlar ve a\u00e7\u0131k g\u00f6ky\u00fcz\u00fc \u00fclkesi. Ge\u00e7mi\u015fi kalelerle kaz\u0131nm\u0131\u015f, bug\u00fcn\u00fc kentsel yeniliklerle u\u011fulduyor ve gelece\u011fi b\u00f6l\u00fcnmeleri, sava\u015flar\u0131 ve otoriter y\u00f6netimi a\u015fm\u0131\u015f bir toplumun iyimserli\u011finde par\u0131ld\u0131yor. Polonya, gezginlere yaln\u0131zca UNESCO alanlar\u0131 ve da\u011f zirvelerinin bir listesini sunmakla kalm\u0131yor, ayn\u0131 zamanda Avrupa&#039;n\u0131n dinamik kalbine ad\u0131m atmaya davet ediyor: Arnavut kald\u0131r\u0131ml\u0131 sokaklarda ve orman a\u00e7\u0131kl\u0131klar\u0131nda hikayelerini dinlemek, mum \u0131\u015f\u0131\u011f\u0131nda tavernalarda ruh dolu mutfa\u011f\u0131n\u0131 tatmak ve her el s\u0131k\u0131\u015fmada, tarihin bilgilendirdi\u011fi ancak \u00f6nlerinde ne oldu\u011funu tan\u0131mlamad\u0131\u011f\u0131 insanlar\u0131n dayan\u0131kl\u0131l\u0131\u011f\u0131 ve s\u0131cakl\u0131\u011f\u0131yla kar\u015f\u0131la\u015fmak.<\/p>","protected":false},"excerpt":{"rendered":"<p>Polonya, resmen Polonya Cumhuriyeti olarak bilinir, Orta Avrupa&#039;da yer al\u0131r ve 38 milyonu a\u015fan bir n\u00fcfusa sahiptir. K\u0131tan\u0131n merkezine kas\u0131tl\u0131 olarak yerle\u015ftirilen Polonya, kuzey Balt\u0131k Denizi k\u0131y\u0131s\u0131ndan g\u00fcneydeki S\u00fcdet ve Karpat Da\u011flar\u0131&#039;na kadar uzan\u0131r. Co\u011frafyas\u0131, tarihini, k\u00fclt\u00fcr\u00fcn\u00fc ve ekonomik b\u00fcy\u00fcmesini olu\u015fturmada \u00e7ok \u00f6nemli olmu\u015ftur. \u00dclke bat\u0131da Almanya, do\u011fuda Belarus ve Ukrayna, g\u00fcneyde Slovakya ve \u00c7ek Cumhuriyeti, kuzeydo\u011fuda Litvanya ve Rusya&#039;n\u0131n Kaliningrad Oblast\u0131 ile kom\u015fudur. Polonya&#039;n\u0131n \u00f6zel konumu, onu tarihi boyunca Do\u011fu ve Bat\u0131 Avrupa aras\u0131nda hayati bir kav\u015fak haline getirmi\u015ftir.<\/p>","protected":false},"author":1,"featured_media":2996,"parent":24078,"menu_order":0,"comment_status":"closed","ping_status":"closed","template":"elementor_theme","meta":{"_eb_attr":"","footnotes":""},"class_list":["post-12137","page","type-page","status-publish","has-post-thumbnail"],"_links":{"self":[{"href":"https:\/\/travelshelper.com\/tr\/wp-json\/wp\/v2\/pages\/12137","targetHints":{"allow":["GET"]}}],"collection":[{"href":"https:\/\/travelshelper.com\/tr\/wp-json\/wp\/v2\/pages"}],"about":[{"href":"https:\/\/travelshelper.com\/tr\/wp-json\/wp\/v2\/types\/page"}],"author":[{"embeddable":true,"href":"https:\/\/travelshelper.com\/tr\/wp-json\/wp\/v2\/users\/1"}],"replies":[{"embeddable":true,"href":"https:\/\/travelshelper.com\/tr\/wp-json\/wp\/v2\/comments?post=12137"}],"version-history":[{"count":0,"href":"https:\/\/travelshelper.com\/tr\/wp-json\/wp\/v2\/pages\/12137\/revisions"}],"up":[{"embeddable":true,"href":"https:\/\/travelshelper.com\/tr\/wp-json\/wp\/v2\/pages\/24078"}],"wp:featuredmedia":[{"embeddable":true,"href":"https:\/\/travelshelper.com\/tr\/wp-json\/wp\/v2\/media\/2996"}],"wp:attachment":[{"href":"https:\/\/travelshelper.com\/tr\/wp-json\/wp\/v2\/media?parent=12137"}],"curies":[{"name":"wp","href":"https:\/\/api.w.org\/{rel}","templated":true}]}}