{"id":12128,"date":"2024-09-15T14:54:55","date_gmt":"2024-09-15T14:54:55","guid":{"rendered":"https:\/\/travelshelper.com\/staging\/?page_id=12128"},"modified":"2026-03-12T19:45:46","modified_gmt":"2026-03-12T19:45:46","slug":"braga","status":"publish","type":"page","link":"https:\/\/travelshelper.com\/tr\/destinations\/europe\/portugal\/braga\/","title":{"rendered":"Braga"},"content":{"rendered":"<p>Braga, eski temelleri ve modern h\u0131rslar\u0131 hem \u00e7e\u015fitli hem de samimi bir manzarada bir araya gelen bir \u015fehir olarak Portekiz&#039;in yemye\u015fil Minho b\u00f6lgesinin kalbinde yer almaktad\u0131r. 2023 y\u0131l\u0131nda 183,40 kilometrekarelik bir alanda 201.583 n\u00fcfusa sahip olan \u015fehir, Portekiz&#039;in yedinci en kalabal\u0131k belediyesini olu\u015fturur ve kentsel yay\u0131l\u0131m\u0131 C\u00e1vado Nehri k\u0131y\u0131lar\u0131ndan ba\u015flayarak yuvarlanan tepeleri, kutsal mabetleri ve geli\u015fen bir teknoloji sekt\u00f6r\u00fcn\u00fcn makinelerini kucaklayacak \u015fekilde geni\u015fler. Hem Braga b\u00f6lgesinin hem de atalar\u0131n\u0131n eyaleti olan Minho&#039;nun ba\u015fkenti olan \u015fehir, uzun zamand\u0131r dini bir \u00f6ncelik ve ticari bir kav\u015fak olarak ikili rolleriyle tan\u0131mlanm\u0131\u015ft\u0131r ve yirmi birinci y\u00fczy\u0131lda Portekiz St James Yolu boyunca bir yenilik merkezi olarak \u00e7i\u00e7ek a\u00e7madan \u00f6nce Gallaecia&#039;n\u0131n Roma eyaletine ve daha sonra Suebi Krall\u0131\u011f\u0131&#039;na demir atm\u0131\u015ft\u0131r.<\/p>\n<p>Braga&#039;ya vard\u0131\u011f\u0131n\u0131z andan itibaren, ister Porto&#039;dan kuzeye do\u011fru uzanan b\u00f6lgesel demir yolu hatt\u0131yla, ister Serra dos Carvalhos ve Serra dos Picos&#039;un hatlar\u0131n\u0131 izleyen k\u0131vr\u0131ml\u0131 yol a\u011f\u0131yla olsun, \u015fehrin topografik \u00e7e\u015fitlili\u011fi a\u00e7\u0131k\u00e7a g\u00f6r\u00fcl\u00fcr. Kuzeyde, belediye C\u00e1vado&#039;nun yar\u0131 d\u00fczlemsel ta\u015fk\u0131n yata\u011f\u0131yla kucakla\u015f\u0131r, geni\u015f yolu Atlantik etkisindeki bir g\u00f6ky\u00fcz\u00fcn\u00fcn alt\u0131nda sabah sislerini yans\u0131t\u0131r. Do\u011fuda, arazi h\u0131zla y\u00fckselir, Serra do Carvalho&#039;nun 479 metrelik zirvesine ve Monte do Sameiro (572 metre) ve Monte de Santa Marta&#039;n\u0131n (562 metre) ikiz y\u00fckseltilerine \u00e7\u0131kan yama\u00e7larda \u00e7am ve me\u015fe a\u011fa\u00e7lar\u0131yla noktalan\u0131r. Bu y\u00fckseltiler aras\u0131nda, Este Nehri, daha geni\u015f C\u00e1vado havzas\u0131na inerken a\u015fa\u011f\u0131 ak\u0131\u015fta Veiga Nehri ve Labriosca Nehri ile birle\u015fen Vale d&#039;Este&#039;yi oymaktad\u0131r. Deniz seviyesinden 20 metre y\u00fckseklikteki nehir vadilerinden ba\u015flayarak 570 metreye yakla\u015fan zirvelere kadar uzanan bu fizyografik zenginlik, hem Braga \u00e7evresindeki ekili tarlalar\u0131 hem de orta\u00e7a\u011f ta\u015flar\u0131na yap\u0131\u015fan sabah havas\u0131n\u0131 \u015fekillendiriyor.<\/p>\n<p>Burada mevsimsellik belirgin, ancak \u0131l\u0131ml\u0131. Okyanusun etkisi a\u015f\u0131r\u0131l\u0131klar\u0131 yumu\u015fat\u0131yor, nemli bat\u0131 r\u00fczgarlar\u0131n\u0131 vadilerden ge\u00e7irerek \u015fafak vakti ba\u011f\u0131l nemin y\u0131l boyunca yakla\u015f\u0131k &#039;de kalmas\u0131n\u0131 sa\u011fl\u0131yor. Yaz g\u00fcnleri mutlak maksimum 42,2 \u00b0C&#039;ye t\u0131rmanabilirken, k\u0131\u015f geceleri -7 \u00b0C&#039;ye d\u00fc\u015f\u00fcyor, ancak don y\u0131lda otuz g\u00fcnden az g\u00fcnde meydana geliyor ve ya\u011f\u0131\u015f (toplamda yakla\u015f\u0131k 1.450 milimetre) \u00f6ncelikle sonbahar, k\u0131\u015f ve ilkbaharda da\u011f\u0131l\u0131yor. Bu iklimsel ritimler hem \u015fehrin \u00fczerindeki yama\u00e7lardaki asma teraslar\u0131n\u0131 hem de S\u00e9 Katedrali&#039;nin kiremitli \u00e7at\u0131lar\u0131ndan y\u00fckselen buhar\u0131n k\u0131\u015f\u0131n sessiz g\u00f6r\u00fcnt\u00fcs\u00fcn\u00fc destekliyor.<\/p>\n<p>Braga&#039;n\u0131n &#034;ba\u015fpiskoposlar \u015fehri&#034; kimli\u011fi, Portekiz&#039;in ba\u015fka hi\u00e7bir yerinde benzeri olmayan bir dini mirasa dayanmaktad\u0131r. \u0130mparator Augustus d\u00f6neminde Bracara Augusta olarak kuruldu\u011fundan beri yerle\u015fim, Gallaecia&#039;n\u0131n ba\u015fkenti olarak hizmet etmek \u00fczere planlanm\u0131\u015ft\u0131r; forumu ve hamamlar\u0131 (\u00f6rne\u011fin Maximinos&#039;un Roma Thermae&#039;si) MS 1. y\u00fczy\u0131ldan 3. y\u00fczy\u0131la kadar kentsel ya\u015fama tan\u0131kl\u0131k etmektedir. \u00dclkedeki en eskisi olarak kurulan Braga Ba\u015fpiskoposlu\u011fu, \u0130spanya Ba\u015fpiskoposlu\u011fu&#039;nun merkezini elinde bulundurmaktad\u0131r; bu da inan\u00e7 konular\u0131ndaki \u00fcst\u00fcnl\u00fc\u011f\u00fcn\u00fcn bir kan\u0131t\u0131d\u0131r. Kararm\u0131\u015f granit cephesi, i\u00e7 k\u0131sm\u0131n\u0131n karma\u015f\u0131k Barok detaylar\u0131yla tezat olu\u015fturan Braga Katedrali, Romanesk ba\u015flang\u0131c\u0131ndan bu yana say\u0131s\u0131z alay, konsey ve ayine ba\u015fkanl\u0131k etmi\u015ftir. Yak\u0131nlarda, antik Via Romana XVIII boyunca uzanan Roma d\u00f6n\u00fcm noktas\u0131 XXIX, Asturica Augusta&#039;ya giden imparatorluk yolunu i\u015faretler ve t\u00fcm Hispania&#039;n\u0131n bu nehir kav\u015fa\u011f\u0131nda birle\u015fti\u011fi bir d\u00f6nemi hat\u0131rlat\u0131r.<\/p>\n<p>Orta\u00e7a\u011f d\u00f6neminde, Braga&#039;n\u0131n dini g\u00fc\u00e7 kulesi dini i\u015flevlerin \u00f6tesine uzan\u0131yordu. Be\u015finci y\u00fczy\u0131lda \u015fehir, \u0130berya&#039;daki Roma hakimiyetini gev\u015feten ilk halef krall\u0131klardan biri olan Suebi krall\u0131\u011f\u0131n\u0131n ba\u015fkenti oldu. Kral Denis d\u00f6neminde in\u015fa edilen ve bir zamanlar katedral b\u00f6lgesi etraf\u0131ndaki savunma ama\u00e7l\u0131 bir muhafazan\u0131n par\u00e7as\u0131 olan Braga Kalesi&#039;nin kalan kulesi, bu katmanl\u0131 egemenliklere sessiz bir n\u00f6bet\u00e7i olarak hizmet ediyor. G\u00f6lgesinin hemen \u00f6tesinde, Andr\u00e9 Soares taraf\u0131ndan on sekizinci y\u00fczy\u0131l\u0131n sonlar\u0131nda tasarlanan Porta Nova Kemeri, eski \u015fehrin bat\u0131 giri\u015fini \u00e7er\u00e7eveliyor. 1512&#039;de a\u00e7\u0131lan bu Barok ve Neoklasik zafer tak\u0131, bir zamanlar ileri gelenleri a\u011f\u0131rlam\u0131\u015f ve \u015fimdi kafelerin g\u00fcne yay\u0131ld\u0131\u011f\u0131 ve yerel ya\u015fam\u0131n temel ta\u015flar\u0131n\u0131n alt\u0131nda ortaya \u00e7\u0131kt\u0131\u011f\u0131 Rua de Souto&#039;ya ba\u015fkanl\u0131k ediyor.<\/p>\n<p>\u015eehrin orta\u00e7a\u011f ve erken modern canl\u0131l\u0131\u011f\u0131, dini ve sivil an\u0131tlar\u0131n bir tak\u0131my\u0131ld\u0131z\u0131nda korunmaktad\u0131r. Yedinci y\u00fczy\u0131ldan kalma, Yunan ha\u00e7\u0131 \u015feklinde bir Vizigot yap\u0131s\u0131 olan Mont\u00e9lios S\u00e3o Frutuoso \u015eapeli, yar\u0131madan\u0131n en eski Hristiyan yap\u0131lar\u0131 aras\u0131nda yer almaktad\u0131r. On yedinci ve on sekizinci y\u00fczy\u0131llarda yeniden in\u015fa edilen Tib\u00e3es Manast\u0131r\u0131, Benediktin manast\u0131rc\u0131l\u0131\u011f\u0131n\u0131n hem yerel k\u00fclt\u00fcr\u00fc hem de Kilise&#039;nin daha geni\u015f kapsam\u0131n\u0131 \u015fekillendirdi\u011fi bir an\u0131 an\u0131msatan yald\u0131zl\u0131 sunaklar\u0131 ve dikkatlice oyulmu\u015f ah\u015fap i\u015f\u00e7ili\u011fiyle g\u00f6z kama\u015ft\u0131r\u0131r. Bu arada, Andr\u00e9 Soares&#039;in mavi azulejo cephesiyle Raio Saray\u0131 ve Carlos Amarante taraf\u0131ndan tasarlanan S\u00e3o Marcos Hastanesi, Braga&#039;n\u0131n 18. y\u00fczy\u0131ldaki Barok R\u00f6nesans&#039;\u0131na tan\u0131kl\u0131k ediyor. Bu d\u00f6nem ayn\u0131 zamanda \u015fehre, birinci y\u00fczy\u0131lda yerel bir tanr\u0131ya adanm\u0131\u015f bir t\u00fcrbe olan \u0130dol \u00c7e\u015fmesi&#039;ni ve bir zamanlar Frai\u00e3o&#039;dan gelen demir a\u00e7\u0131s\u0131ndan zengin kaynaklar\u0131 kent merkezine ta\u015f\u0131yan tonozlu kemerleri olan ikonik Yedi Kaynak Su Kemeri&#039;ni miras b\u0131rakt\u0131.<\/p>\n<p>Antikalar\u0131n\u0131n ciddiyetine ra\u011fmen, Braga yirmi birinci y\u00fczy\u0131l\u0131n f\u0131rsatlar\u0131n\u0131 dikkate de\u011fer bir giri\u015fimcilik co\u015fkusuyla kucaklad\u0131. Portekiz ve \u0130spanya h\u00fck\u00fcmetleri taraf\u0131ndan ortakla\u015fa kurulan Uluslararas\u0131 \u0130ber Nanoteknoloji Laboratuvar\u0131, \u015fehrin d\u0131\u015f mahallelerinde bir ara\u015ft\u0131rma koridoru olu\u015ftururken, Braga&#039;da do\u011fan ve \u015fu anda \u00e7ok uluslu bir kurumsal proje y\u00f6netim yaz\u0131l\u0131m\u0131 tedarik\u00e7isi olan PRIMAVERA BSS, dijital ekonomiyi ileriye ta\u015f\u0131yor. Otomotiv sekt\u00f6r\u00fc de burada bir yuva buluyor: Aptiv&#039;in teknik merkezi, 2012&#039;de Minho \u00dcniversitesi ile ba\u015flayan bir ortakl\u0131\u011f\u0131n ard\u0131ndan geli\u015fen Bosch&#039;un sens\u00f6r ve elektronik kamp\u00fcs\u00fcn\u00fcn yan\u0131 s\u0131ra eski Grundig binalar\u0131nda bilgi-e\u011flence sistemleri tasarl\u0131yor. Ger\u00e7ekten de \u00fcniversitenin kendisi - kamp\u00fcsleri \u015fehir merkezi, Braga Parque ve Gualtar kamp\u00fcs\u00fc boyunca uzan\u0131yor - mahalleleri canland\u0131ran ve yerel olarak Silikon Vadisi ile kar\u015f\u0131la\u015ft\u0131rmalar yap\u0131lmas\u0131n\u0131 sa\u011flayan barlar ve \u00f6\u011frenci dostu restoranlarla kataliz\u00f6r, kulu\u00e7ka makinesi ve sosyal ba\u011flant\u0131 noktas\u0131 g\u00f6revi g\u00f6r\u00fcyor. \u015eehir, 2018 y\u0131l\u0131nda yeni bir teknoloji kamp\u00fcs\u00fcn\u00fcn a\u00e7\u0131l\u0131\u015f\u0131nda Almanya Ba\u015fbakan\u0131 Angela Merkel ve Portekiz Ba\u015fbakan\u0131 Ant\u00f3nio Costa&#039;y\u0131 a\u011f\u0131rlayarak Braga&#039;n\u0131n Avrupa ara\u015ft\u0131rma ve geli\u015ftirme alan\u0131nda odak noktas\u0131 rol\u00fcn\u00fc vurgulad\u0131.<\/p>\n<p>Ula\u015f\u0131m altyap\u0131s\u0131 bu hedeflerle uyumlu bir \u015fekilde b\u00fcy\u00fcd\u00fc. Palmeira&#039;daki m\u00fctevaz\u0131 bir havaalan\u0131 hafif u\u00e7aklara ev sahipli\u011fi yap\u0131yor, ancak uluslararas\u0131 seyahat i\u00e7in sakinler g\u00fcneybat\u0131ya yakla\u015f\u0131k elli kilometre uzakl\u0131ktaki Porto&#039;nun S\u00e1 Carneiro Havaalan\u0131&#039;na g\u00fcveniyor, y\u00fcksek h\u0131zl\u0131 bir tren ba\u011flant\u0131s\u0131 veya bir saatten k\u0131sa s\u00fcrede kentsel koridordan ge\u00e7en bir aerobus ile eri\u015filebilir. Braga&#039;n\u0131n i\u00e7inde, TUB otob\u00fcs a\u011f\u0131 \u00fc\u00e7 y\u00fcz kilometre boyunca yetmi\u015f alt\u0131 hat i\u015fletiyor, tarihi mahalleleri, sanayi parklar\u0131n\u0131 ve banliy\u00f6 yurtlar\u0131n\u0131 birbirine ba\u011fl\u0131yor. B\u00f6lgesel ve \u015eehirleraras\u0131 trenler Lizbon, Coimbra ve \u00f6tesine ba\u011flanarak Braga&#039;n\u0131n nabz\u0131n\u0131n \u00fclkenin ba\u015fkenti ve k\u0131y\u0131 metropolleriyle senkronize kalmas\u0131n\u0131 sa\u011fl\u0131yor.<\/p>\n<p>Braga&#039;n\u0131n k\u00fclt\u00fcrel takvimi, akademik sorgulamay\u0131 pop\u00fcler \u015fenliklerle dengeler. Her May\u0131s veya Haziran, Bracara Augusta festivali \u015fehir merkezini Roma ya\u015fam\u0131n\u0131n bir tablosuna d\u00f6n\u00fc\u015ft\u00fcr\u00fcr: vatanda\u015flar tunik ve sandalet giyer, canland\u0131rmac\u0131lar Pra\u00e7a da Rep\u00fablica boyunca bir araya gelir ve zanaatkarlar metal i\u015f\u00e7ili\u011fi ve mozaik sergilerken havada k\u0131zarm\u0131\u015f yaban domuzu kokusu yay\u0131l\u0131r. G\u00fcn\u00fcm\u00fcz\u00fcn e\u011flence d\u00fc\u015fk\u00fcnleri soylar\u0131n\u0131 iki bin y\u0131l \u00f6ncesine dayand\u0131rsalar da festival, dura\u011fan bir sergiden ziyade ya\u015fayan bir miras\u0131n sembol\u00fcd\u00fcr; yeni anlat\u0131lar olu\u015ftururken ge\u00e7mi\u015fini kabul eden bir \u015fehir.<\/p>\n<p>Braga m\u00fczelerinde bulunan sanatsal miras, sokaklar\u0131n\u0131n eklektizmini yans\u0131t\u0131r. Biscainhos M\u00fczesi, ayn\u0131 ad\u0131 ta\u015f\u0131yan on yedinci y\u00fczy\u0131l saray\u0131n\u0131 i\u015fgal eder ve s\u0131va tavanlar\u0131 sa\u011flam kalan odalarda porselen, mobilya ve cam i\u015fleri sunar. Arco da Porta Nova&#039;n\u0131n yak\u0131n\u0131ndaki G\u00f6r\u00fcnt\u00fc M\u00fczesi, kuzey Portekiz&#039;in foto\u011frafik tarihini sergilerken, Medina M\u00fczesi Henrique Medina&#039;n\u0131n seksen \u00fc\u00e7 ya\u011fl\u0131 boya tablosunu ve yirmi bir \u00e7izimini sergiler. B\u00f6lgeden gelen arkeolojik ke\u015fifler\u2014Roma d\u00f6n\u00fcm noktalar\u0131, Paleolitik aletler ve Luso-Roma \u00e7anak \u00e7\u00f6mlekleri\u2014Paleolitik&#039;ten Orta \u00c7a\u011f&#039;a kadar insan yerle\u015fimini izleyen kaz\u0131lardan esinlenen sergileriyle Dom Diogo de Sousa M\u00fczesi&#039;nde yerlerini bulur. S\u00e9 Katedrali&#039;nin Hazine M\u00fczesi, bir zamanlar kasaban\u0131n manast\u0131rlar\u0131na da\u011f\u0131lm\u0131\u015f olan ayin g\u00fcm\u00fc\u015flerini, azulejo kabartmalar\u0131n\u0131 ve kutsal emanetleri korurken, Yayl\u0131 \u00c7alg\u0131lar M\u00fczesi, orta\u00e7a\u011f d\u00f6nemine ait cavaquinhos, gitar ve banjolar\u0131 ile Portekizli lut\u00e7ular\u0131 onurland\u0131r\u0131yor.<\/p>\n<p>Kutsal mimari, bir\u00e7ok ziyaret\u00e7inin birincil odak noktas\u0131 olmaya devam ediyor ve bunun iyi bir nedeni var. Temmuz 2019&#039;da D\u00fcnya Miras\u0131 Listesi&#039;ne eklenen Bom Jesus do Monte hac kompleksi, \u015fehrin yukar\u0131s\u0131ndaki ormanl\u0131k bir yama\u00e7ta yer almaktad\u0131r. Ha\u00e7 Yolu&#039;nu tasvir eden \u00e7e\u015fmelerle vurgulanan Barok merdivenleri, revak\u0131 kiremitli \u00e7at\u0131lar\u0131n ve uzaktaki \u00fcz\u00fcm ba\u011flar\u0131n\u0131n panoramik manzaras\u0131n\u0131 sunan Neoklasik bir kiliseye \u00e7\u0131kar. \u0130ber Yar\u0131madas\u0131&#039;ndaki en eski su g\u00fcc\u00fcyle \u00e7al\u0131\u015fan e\u011fimli demir yolu olan f\u00fcnik\u00fcler, hem hac\u0131lar\u0131 hem de turistleri yoku\u015f yukar\u0131 ta\u015f\u0131yarak hem gelene\u011fi hem de t\u0131rmanma hissini korur. Kom\u015fu bir zirvede, Nossa Senhora do Sameiro kutsal alan\u0131, on dokuzuncu y\u00fczy\u0131ldan kalma kubbesi ve s\u00fctunlu ge\u00e7idiyle Meryem&#039;e adanm\u0131\u015f, g\u00f6ky\u00fcz\u00fcne kar\u015f\u0131 klasik bir siluet olu\u015fturur. Hatta S\u00e3o Br\u00e1s&#039;taki Ferreiros&#039;taki Alminhalar gibi ikincil yol kenar\u0131 tap\u0131naklar\u0131 bile her tarlaya ve arka yola kaz\u0131nm\u0131\u015f olan inanc\u0131n hatlar\u0131n\u0131 g\u00fc\u00e7lendiriyor.<\/p>\n<p>Bu an\u0131tlar\u0131n aras\u0131nda, g\u00fcnl\u00fck ya\u015fam tela\u015fs\u0131zca ak\u0131p gidiyor. Rua do Souto boyunca sabah\u0131n erken saatlerinde kurulan pazar, Amares ve Braga&#039;n\u0131n i\u00e7 kesimlerinden gelen, lahana, m\u0131s\u0131r sap\u0131 ve Minho&#039;nun kendine \u00f6zg\u00fc ye\u015fil \u015farap \u00fcz\u00fcmleriyle dolu yeti\u015ftiricileri bir araya getiriyor. Minho \u00dcniversitesi&#039;ndeki \u00f6\u011frenciler, yald\u0131zl\u0131 Barok balkonlar\u0131n alt\u0131ndaki kafelerde espresso i\u00e7erken vakit ge\u00e7iriyorlar. Aileler, \u0131\u015f\u0131kland\u0131r\u0131lm\u0131\u015f a\u011fa\u00e7lar\u0131n nehrin ak\u0131nt\u0131s\u0131na yans\u0131d\u0131\u011f\u0131 C\u00e1vado k\u0131y\u0131lar\u0131nda alacakaranl\u0131kta y\u00fcr\u00fcy\u00fc\u015fe \u00e7\u0131k\u0131yorlar. \u0130lkbaharda, jakaranda \u00e7i\u00e7eklerinin aromas\u0131 S\u00e9 mahallesine yay\u0131l\u0131yor ve sonbaharda do\u011fudaki yama\u00e7lar kestane bah\u00e7elerinin alt\u0131n ve k\u0131z\u0131l renkleriyle parl\u0131yor.<\/p>\n<p>Portekiz St James Yolu&#039;nda bir durak olarak Braga, Porto&#039;dan y\u00fcr\u00fcyerek veya bisikletle gelen, deniz tara\u011f\u0131 kabu\u011fu amblemleri g\u00fcne\u015f \u0131\u015f\u0131\u011f\u0131nda parlayan hac\u0131lar\u0131n s\u00fcrekli ak\u0131\u015f\u0131n\u0131 kabul eder. \u015eehir, yenilenmi\u015f manast\u0131rlarda bulunan butik otellerin yan\u0131 s\u0131ra albergue&#039;lerde de s\u0131\u011f\u0131nak sunar. Ancak bu ziyaret\u00e7iler dinlendirici konaklama yerlerinden daha fazlas\u0131yla kar\u015f\u0131la\u015f\u0131rlar: zaman\u0131 yaln\u0131zca azizlerin g\u00fcnleri ve ayin \u015f\u00f6lenleriyle de\u011fil, Uluslararas\u0131 \u0130berya Nanoteknoloji Laboratuvar\u0131&#039;ndaki ara\u015ft\u0131rma seminerlerinin ritmiyle, Primavera merkezindeki lansman etkinlikleriyle ve her may\u0131s ay\u0131nda kamp\u00fcs alan\u0131n\u0131 canland\u0131ran \u00f6\u011frenci festivalleriyle \u00f6l\u00e7en bir \u015fehir bulurlar.<\/p>\n<p>Braga&#039;n\u0131n \u00e7ok y\u00f6nl\u00fcl\u00fc\u011f\u00fc en b\u00fcy\u00fck miras\u0131 olabilir. Sabah\u0131n erken saatlerinde ayinlerin ve \u00fcniversite derslerinin, Roma ta\u015flar\u0131n\u0131n ve \u00e7a\u011fda\u015f \u00e7elik ve cam laboratuvarlar\u0131n\u0131n, hac\u0131 alaylar\u0131n\u0131n ve kod hackathon&#039;lar\u0131n\u0131n \u015fehri olmaya devam ediyor. Vale d&#039;Este&#039;nin dalgalanan tarlalar\u0131ndan Monte do Sameiro&#039;nun y\u00fcksek tara\u00e7alar\u0131na kadar uzanan manzaras\u0131, ayn\u0131 anda hem dalgal\u0131 hem de kesin bir yer duygusu olu\u015fturuyor. Tarih katmanlar\u0131\u2014Roma \u00d6ncesi, Roma, Suebi, Orta\u00e7a\u011f, Barok, modern\u2014birbirlerinin \u00fczerine sanki b\u00fcy\u00fck bir stratigrafik s\u00fctun gibi bindirilmi\u015f, ancak zanaatkar f\u0131r\u0131nlar\u0131n yaz\u0131l\u0131m kulu\u00e7ka makinelerinin yan\u0131nda yer ald\u0131\u011f\u0131 sokak manzaralar\u0131yla canland\u0131r\u0131l\u0131yorlar.<\/p>\n<p>Bellek ve yenilik aras\u0131ndaki kal\u0131c\u0131 diyalo\u011fuyla Braga, Portekiz&#039;in kuzeyinin zenginli\u011fini \u00f6rnekliyor: inanc\u0131n bilgiyle evlendi\u011fi, ge\u00e7mi\u015fin olas\u0131l\u0131klar\u0131n\u0131 k\u0131s\u0131tlamadan gelece\u011fi bilgilendirdi\u011fi bir arazi. G\u00fcne\u015f kiremitli \u00e7at\u0131lar\u0131n \u00fczerinden batarken ve ak\u015fam dualar\u0131n\u0131n u\u011fultusu meydan\u0131 kaplarken, Braga&#039;n\u0131n an\u0131tlar ve end\u00fcstrilerden olu\u015fan bir topluluktan daha fazlas\u0131 oldu\u011fu alg\u0131lan\u0131yor. \u0130nsan s\u00fcreklili\u011finin bir kan\u0131t\u0131, bir \u015fehrin hem k\u00f6klerini hem de \u00f6zlemlerini e\u015fit \u00f6l\u00e7\u00fcde nas\u0131l besleyebilece\u011fi \u00fczerine d\u00fc\u015f\u00fcnmeye davet ediyor; ta\u015f ve ruh aras\u0131nda kal\u0131c\u0131 bir sohbet.<\/p>","protected":false},"excerpt":{"rendered":"<p>Portekiz&#039;in kuzeybat\u0131s\u0131nda bulunan Braga, Braga b\u00f6lgesinin ve tarihi Minho Eyaletinin ba\u015fkenti olarak hizmet vermektedir. 2023 itibar\u0131yla 201.583 sakiniyle bu, n\u00fcfusa g\u00f6re Portekiz&#039;in dokuzuncu b\u00fcy\u00fck belediyesi haline gelmektedir. Portekiz&#039;in \u00fc\u00e7\u00fcnc\u00fc en kalabal\u0131k kentsel alan\u0131 olan Braga&#039;n\u0131n kentsel aglomerasyonu 183,40 kilometrekarelik bir alan\u0131 kaplar ve Lizbon ve Porto \u015fehirlerinden sonra C\u00e1vado Nehri&#039;ne ula\u015f\u0131r.<\/p>","protected":false},"author":1,"featured_media":4534,"parent":12065,"menu_order":0,"comment_status":"closed","ping_status":"closed","template":"elementor_theme","meta":{"_eb_attr":"","footnotes":""},"class_list":["post-12128","page","type-page","status-publish","has-post-thumbnail"],"_links":{"self":[{"href":"https:\/\/travelshelper.com\/tr\/wp-json\/wp\/v2\/pages\/12128","targetHints":{"allow":["GET"]}}],"collection":[{"href":"https:\/\/travelshelper.com\/tr\/wp-json\/wp\/v2\/pages"}],"about":[{"href":"https:\/\/travelshelper.com\/tr\/wp-json\/wp\/v2\/types\/page"}],"author":[{"embeddable":true,"href":"https:\/\/travelshelper.com\/tr\/wp-json\/wp\/v2\/users\/1"}],"replies":[{"embeddable":true,"href":"https:\/\/travelshelper.com\/tr\/wp-json\/wp\/v2\/comments?post=12128"}],"version-history":[{"count":0,"href":"https:\/\/travelshelper.com\/tr\/wp-json\/wp\/v2\/pages\/12128\/revisions"}],"up":[{"embeddable":true,"href":"https:\/\/travelshelper.com\/tr\/wp-json\/wp\/v2\/pages\/12065"}],"wp:featuredmedia":[{"embeddable":true,"href":"https:\/\/travelshelper.com\/tr\/wp-json\/wp\/v2\/media\/4534"}],"wp:attachment":[{"href":"https:\/\/travelshelper.com\/tr\/wp-json\/wp\/v2\/media?parent=12128"}],"curies":[{"name":"wp","href":"https:\/\/api.w.org\/{rel}","templated":true}]}}