{"id":12118,"date":"2024-09-15T14:33:35","date_gmt":"2024-09-15T14:33:35","guid":{"rendered":"https:\/\/travelshelper.com\/staging\/?page_id=12118"},"modified":"2026-03-12T19:45:22","modified_gmt":"2026-03-12T19:45:22","slug":"cascais","status":"publish","type":"page","link":"https:\/\/travelshelper.com\/tr\/destinations\/europe\/portugal\/cascais\/","title":{"rendered":"Cascais"},"content":{"rendered":"<p>Portekiz Rivieras\u0131&#039;nda 97,40 kilometrekarelik bir alan\u0131 kaplayan 214.158 n\u00fcfuslu bir belediye olan Cascais, Tagus hali\u00e7inin bat\u0131 k\u0131y\u0131s\u0131n\u0131n Atlas Okyanusu ile bulu\u015ftu\u011fu yerde yer al\u0131r. Lizbon&#039;un k\u0131rk kilometre bat\u0131s\u0131nda yer alan bu kasaba, Sintra da\u011flar\u0131 ile a\u00e7\u0131k deniz aras\u0131nda stratejik bir k\u0131y\u0131 konumuna sahiptir. Portekiz ve \u0130ber Yar\u0131madas\u0131&#039;n\u0131n en zenginleri aras\u0131nda say\u0131lan bu kasaba, sakin bir bal\u0131k\u00e7\u0131 liman\u0131ndan birinci s\u0131n\u0131f bir sahil beldesi ve k\u00fclt\u00fcr merkezine d\u00f6n\u00fc\u015fm\u00fc\u015f olup hem mevsimlik ziyaret\u00e7ileri hem de y\u0131l boyunca uluslararas\u0131 bir toplulu\u011fu \u00e7ekmektedir. \u00dcn\u00fc, kal\u0131c\u0131 bir \u00e7ekicili\u011fe sahip bir destinasyonu tan\u0131mlayan tarihi yank\u0131, do\u011fal g\u00fczellik ve modern olanaklar\u0131n bir kar\u0131\u015f\u0131m\u0131na dayanmaktad\u0131r.<\/p>\n<p>Cascais&#039;in aranan bir inziva yeri olarak modern anlat\u0131s\u0131, 1870&#039;lerde Portekiz Kral\u0131 I. Lu\u00eds&#039;in Eyl\u00fcl ay\u0131ndaki ikametgah\u0131n\u0131 burada kurmas\u0131yla ba\u015flad\u0131. Onun se\u00e7imi, Portekiz soylular\u0131n\u0131 yazl\u0131k villalar in\u015fa etmeye ve tutarl\u0131 bir aristokrat yerle\u015fim yeri yaratmaya te\u015fvik etti. Sonraki on y\u0131llarda, kasaban\u0131n k\u0131y\u0131lar\u0131 yabanc\u0131 kraliyet mensuplar\u0131n\u0131 \u00e7ekti - Windsor D\u00fck\u00fc, daha sonra Birle\u015fik Krall\u0131k Kral\u0131 VIII. Edward; \u0130spanya Kral\u0131 I. Juan Carlos; ve \u0130talya Kral\u0131 II. Umberto dahil - ve K\u00fcba ba\u015fkan\u0131 Fulgencio Batista gibi s\u00fcrg\u00fcndeki \u015fahsiyetler. Bu t\u00fcr se\u00e7kin sakinlerin varl\u0131\u011f\u0131 Cascais&#039;in aristokrat bir s\u0131\u011f\u0131nak olarak stat\u00fcs\u00fcn\u00fc peki\u015ftirdi. Estoril&#039;deki yerel kumarhanesi, Ian Fleming&#039;in ilk James Bond roman\u0131 Casino Royale&#039;e ilham kayna\u011f\u0131 oldu ve b\u00f6lgeyi k\u00fcresel k\u00fclt\u00fcr haritas\u0131na daha da yerle\u015ftirdi.<\/p>\n<p>Cascais&#039;in belediye s\u0131n\u0131rlar\u0131 kraliyet ili\u015fkilerinin \u00f6tesinde d\u00f6rt sivil mahalleyi kapsar: Alcabideche; Carcavelos e Parede; Cascais e Estoril; ve S\u00e3o Domingos de Rana. Bu idari b\u00f6l\u00fcmler, Arnavut kald\u0131r\u0131ml\u0131 sokaklar\u0131 ve kale kal\u0131nt\u0131lar\u0131yla Cascais&#039;in tarihi merkezinden daha i\u00e7 kesimlerdeki daha sessiz yerle\u015fim b\u00f6lgelerine kadar \u00e7e\u015fitli kentsel ve k\u0131rsal ortamlar\u0131 yans\u0131t\u0131r. Belediye, n\u00fcfus yo\u011funlu\u011fu a\u00e7\u0131s\u0131ndan Portekiz belediyeleri aras\u0131nda dokuzuncu, resmi istihdamda bulunan n\u00fcfusun oran\u0131nda ise alt\u0131nc\u0131 s\u0131rada yer al\u0131r; bu, s\u00fcrd\u00fcr\u00fclebilir ekonomik canl\u0131l\u0131\u011f\u0131n\u0131n ve ya\u015famak ve \u00e7al\u0131\u015fmak i\u00e7in bir yer olarak \u00e7ekicili\u011finin g\u00f6stergesidir.<\/p>\n<p>Cascais k\u0131y\u0131 \u015feridi yakla\u015f\u0131k yirmi kilometre boyunca uzan\u0131r ve her biri kendine \u00f6zg\u00fc karakter ve himaye ta\u015f\u0131yan on yedi plaj\u0131 destekler. Do\u011fudaki daha sakin sular, g\u00fcne\u015flenenleri Praia da Concei\u00e7\u00e3o ve Praia da Rainha gibi noktalara \u00e7eker; burada ak\u015fam \u0131\u015f\u0131\u011f\u0131 eski kalenin burunlar\u0131n\u0131 yumu\u015fat\u0131r. Bat\u0131da, Praia do Guincho ve Praia de Carcavelos, Atlantik dalgalar\u0131 ve sabit k\u0131y\u0131 esintileriyle beslenen s\u00f6rf molalar\u0131yla \u00fcnl\u00fcd\u00fcr. Praia do Guincho&#039;nun biti\u015fi\u011finde, kum, deniz ve g\u00f6ky\u00fcz\u00fcn\u00fcn dinamik etkile\u015fimini \u00f6rnekleyen, s\u00fcrekli de\u011fi\u015fen bir s\u0131rt olan Cresmina Kumulu yer al\u0131r. K\u0131y\u0131 boyunca daha ileride, dramatik u\u00e7urumlar, f\u0131rt\u0131na kaynakl\u0131 dalgalar\u0131n olu\u015fumlara kar\u015f\u0131 g\u00fcrledi\u011fi ve bir zamanlar Aleister Crowley&#039;nin 1930&#039;daki me\u015fhur yaramaz sahte \u00e7\u00f6k\u00fc\u015f\u00fcn\u00fcn sahnesi olarak hizmet verdi\u011fi Boca do Inferno olarak bilinen kayal\u0131k koya yol a\u00e7ar.<\/p>\n<p>Cascais&#039;in iklimi, s\u0131cak, kuru yazlar ve serin, ya\u011f\u0131\u015fl\u0131 k\u0131\u015flar ile Akdeniz iklimi olarak s\u0131n\u0131fland\u0131r\u0131l\u0131r. Denizle \u0131l\u0131manla\u015fan s\u0131cakl\u0131klar nadiren 5 \u00b0C&#039;nin alt\u0131na d\u00fc\u015fer veya 30 \u00b0C&#039;yi a\u015far, \u015fehir merkezindeki kentsel \u0131s\u0131 adas\u0131 etkisi ise y\u0131l\u0131n b\u00fcy\u00fck b\u00f6l\u00fcm\u00fcnde \u0131l\u0131man k\u0131\u015flar ve rahat \u0131l\u0131man g\u00fcnler sa\u011flar. Bu iklimsel tutarl\u0131l\u0131k, b\u00f6lgenin her mevsimde a\u00e7\u0131k hava etkinlikleri i\u00e7in cazibesinin temelini olu\u015fturur.<\/p>\n<p>Lizbon&#039;dan ula\u015f\u0131m A5 otoyolu veya manzaral\u0131 k\u0131y\u0131 \u015feridi &#034;marjinal&#034; yolu \u00fczerinden kolayd\u0131r. Bir alternatif, Cais do Sodr\u00e9 istasyonundan s\u0131k s\u0131k yap\u0131lan banliy\u00f6 tren hizmetidir; bu hizmet, Haziran 2018 itibar\u0131yla be\u015f avro olan gidi\u015f-d\u00f6n\u00fc\u015f \u00fccretiyle mesafeyi yakla\u015f\u0131k k\u0131rk dakikada kat eder. \u0130stasyonlardaki bilet makineleri, bas\u0131l\u0131 son kullanma tarihlerine kadar ge\u00e7erli olan elli sentlik kartlar verir. Taksiler ve belediye otob\u00fcs a\u011f\u0131 bu birincil ba\u011flant\u0131lar\u0131 tamamlar. 27 numaral\u0131 yol, kasabay\u0131 \u00e7evreler ve hem sakinlere hem de ziyaret\u00e7ilere yolculuk ba\u015f\u0131na iki avroluk bir \u00fccret kar\u015f\u0131l\u0131\u011f\u0131nda hizmet verir. Daha uzun mesafeler i\u00e7in, tren istasyonunun kar\u015f\u0131s\u0131ndaki al\u0131\u015fveri\u015f merkezinin alt\u0131nda geni\u015f bir \u015fehirleraras\u0131 otob\u00fcs terminali \u00e7al\u0131\u015f\u0131r. Lizbon&#039;un Humberto Delgado Havaalan\u0131&#039;na karayolu transferleri, trafi\u011fe ba\u011fl\u0131 olarak otuz dakikadan bir saat on be\u015f dakikaya kadar de\u011fi\u015firken, Tires&#039;teki Cascais Belediye Havaalan\u0131, Bragan\u00e7a, Portim\u00e3o, Vila Real ve Viseu gibi yerlere hafif u\u00e7aklar ve Sevenair taraf\u0131ndan d\u00fczenlenen tarifeli seferlere ev sahipli\u011fi yapar.<\/p>\n<p>Cascais&#039;in tarihi merkezi, y\u00fcr\u00fcyerek ke\u015ffe davet ediyor. Dar, Arnavut kald\u0131r\u0131ml\u0131 yollardan olu\u015fan bir a\u011f, marinan\u0131n \u00f6tesinde, d\u00f6nem mimarisinin subtropikal ye\u015filliklerle harmanland\u0131\u011f\u0131 yerle\u015fim b\u00f6lgelerine do\u011fru y\u00fckseliyor. \u0130ki tekerlekli hareketlili\u011fi tercih edenler i\u00e7in, \u00f6zel bir bisiklet yolu, Avenida Rei Humberto II de It\u00e1lia&#039;dan Praia do Guincho&#039;ya kadar yakla\u015f\u0131k on kilometrelik bir mesafeyi takip ediyor. Kuzeybat\u0131dan esen r\u00fczgarlar d\u00f6n\u00fc\u015f etab\u0131n\u0131 zorla\u015ft\u0131rabilir ancak g\u00fczel havalarda h\u0131zl\u0131 bir geri d\u00f6n\u00fc\u015f sa\u011flar. Belediye BiCas bisiklet payla\u015f\u0131m plan\u0131, kimlik ve konaklama adresi kan\u0131t\u0131 kar\u015f\u0131l\u0131\u011f\u0131nda \u00fccretsiz kiralamalar sunuyor, ancak yerel talep ve ara s\u0131ra mekanik sorunlar kullan\u0131labilirli\u011fi s\u0131n\u0131rlayabilir. \u00d6zel kiralama noktalar\u0131 ve ulusal operat\u00f6rler de Cascais istasyonunun yak\u0131n\u0131nda renkli kiral\u0131k bisikletler sa\u011fl\u0131yor.<\/p>\n<p>Kasaban\u0131n k\u00fclt\u00fcrel altyap\u0131s\u0131, yirmi be\u015f binden fazla ciltlik kapsaml\u0131 bir koleksiyona ve Duarte Galv\u00e3o&#039;nun on be\u015finci y\u00fczy\u0131ldan kalma resimli kitab\u0131 gibi nadir el yazmalar\u0131na ev sahipli\u011fi yapan romantik bir yirminci y\u00fczy\u0131l ba\u015f\u0131 ikametgah\u0131 olan Pal\u00e1cio de Conde de Castro Guimar\u00e3es&#039;i i\u00e7erir. Museu do Mar Rei D. Carlos, Cascais&#039;in denizcilik miras\u0131n\u0131 ve bir bal\u0131k\u00e7\u0131 liman\u0131 olarak eski ya\u015fam\u0131n\u0131 belgelendirirken, Santa Marta Deniz Feneri M\u00fczesi, k\u0131y\u0131 ayd\u0131nlatmas\u0131n\u0131n operasyonel ayg\u0131t\u0131n\u0131 koruyan eski bir kalenin arazisini i\u015fgal eder. Biti\u015fikteki park alan\u0131nda yer alan \u00e7arp\u0131c\u0131 bir modern m\u00fcze olan Casa das Hist\u00f3rias Paula Rego, Portekiz do\u011fumlu sanat\u00e7\u0131 Paula Rego ve kocas\u0131n\u0131n \u00e7al\u0131\u015fmalar\u0131na adanm\u0131\u015ft\u0131r ve d\u00f6n\u00fc\u015f\u00fcml\u00fc sergiler sunmaktad\u0131r. Belediye Binas\u0131 binas\u0131, giri\u015f \u00fccreti olmadan kaleden tesise kadar kasaban\u0131n evrimini ba\u011flamland\u0131ran kompakt bir belediye m\u00fczesine ev sahipli\u011fi yapmaktad\u0131r.<\/p>\n<p>Cascais&#039;te spor hayat\u0131 \u00e7e\u015fitli ve canl\u0131d\u0131r. 1999&#039;da alt\u0131 y\u00fcz elli r\u0131ht\u0131mla tamamlanan marina, 2007 ISAF Yelken D\u00fcnya \u015eampiyonas\u0131 gibi dingiler ve yar\u0131\u015f yatlar\u0131 i\u00e7in \u00f6nemli etkinliklere ev sahipli\u011fi yapm\u0131\u015ft\u0131r. D\u00fczenli tenis ve motosiklet yar\u0131\u015fmalar\u0131 daha fazla boyut katar ve yak\u0131nlardaki Estoril Circuit uzun y\u0131llar FIA Formula 1 Portekiz Grand Prix&#039;sine ev sahipli\u011fi yapm\u0131\u015ft\u0131r. Yan\u0131ndaki Estoril Casino, Avrupa&#039;n\u0131n en b\u00fcy\u00fck oyun tesislerinden biri olarak durmaktad\u0131r ve yak\u0131ndaki Hotel Pal\u00e1cio, James Bond filmi On Her Majesty&#039;s Secret Service&#039;de yer alm\u0131\u015ft\u0131r. Su tutkunlar\u0131 yelken okullar\u0131, su kaya\u011f\u0131 kiralama ve u\u00e7urtma s\u00f6rf\u00fc i\u00e7in k\u00f6rfezi s\u0131k s\u0131k ziyaret ederken, Guincho, Grande ve Ribeira d&#039;Ilhas plajlar\u0131nda s\u00f6rf ve r\u00fczgar s\u00f6rf\u00fc yar\u0131\u015fmalar\u0131 d\u00fczenlenmektedir. Karada, Estoril Praia futbol kul\u00fcb\u00fc Portekiz&#039;in en \u00fcst liginde Est\u00e1dio Ant\u00f3nio Coimbra da Mota&#039;da m\u00fccadele ediyor ve b\u00f6lge, ayn\u0131 seviyede yeni geli\u015fen bir kad\u0131n tak\u0131m\u0131n\u0131 destekliyor.<\/p>\n<p>Golf\u00e7\u00fcler \u00f6nde gelen mimarlar taraf\u0131ndan tasarlanm\u0131\u015f yo\u011fun bir saha k\u00fcmesiyle kar\u015f\u0131la\u015f\u0131rlar. Belas Country Club, Belas Clube de Campo ve Lisbon Sports Club kuzeyde yer al\u0131r ve her biri be\u015f bin metreyi a\u015fan uzunluklarda on sekiz delik ve akademilerden restoranlara kadar uzanan olanaklar sunar. Sintra taraf\u0131ndaki Penha Longa Golf Resort, hem bir Atlantik sahas\u0131 hem de manast\u0131r arazisi i\u00e7inde yer alan dokuz delikli bir d\u00fczen sunar. Her biri deniz \u00e7am\u0131 ve kumul sistemleri aras\u0131nda yer alan Quinta da Marinha ve Oitavos Golf Sahas\u0131 yerel portf\u00f6y\u00fc tamamlar; ilki \u00e7ok say\u0131da yemek mekan\u0131, tenis kortu ve havuz sunarken, ikincisi Atlantik k\u0131y\u0131 \u015feridi boyunca on sekiz zorlu delik sunar. Arabalar, sopalar ve e\u011fitim evrensel olarak mevcuttur ve \u0131l\u0131man iklim boyunca her seviyedeki golf\u00e7\u00fcn\u00fcn eri\u015fimini garanti eder.<\/p>\n<p>Binicilik faaliyetleri yerle\u015fik bir varl\u0131\u011fa sahiptir ve Estoril Coast Riding Centre, Quinta da Marinha Riding Centre ve Manuel Possolo Equestrian Centre gibi binicilik okullar\u0131 ve binicilik merkezleri biti\u015fik ormanl\u0131k alanlarda dersler ve patika gezileri sunmaktad\u0131r. Manuel Possolo hipodromu her bahar, profesyonel ve amat\u00f6r binicileri yar\u0131\u015fma ve sosyal etkinlikler i\u00e7in bir araya getiren be\u015f y\u0131ld\u0131zl\u0131 bir engel atlama etkinli\u011fi olan Global Champions Tour&#039;a ev sahipli\u011fi yapmaktad\u0131r.<\/p>\n<p>Miras ilgi alanlar\u0131, on dokuzuncu y\u00fczy\u0131l\u0131n sonlar\u0131nda ke\u015ffedilen ve Neolitik d\u00f6neme tarihlenen tarih \u00f6ncesi ma\u011fara sistemleri olan Grutas de Alapraia ve Grutos do Po\u00e7o Velho&#039;ya kadar uzanmaktad\u0131r. Eserler ve iskelet kal\u0131nt\u0131lar\u0131, Estremadura k\u0131y\u0131s\u0131ndaki erken yerle\u015fim d\u00fczenlerine dair i\u00e7g\u00f6r\u00fcler sa\u011flam\u0131\u015ft\u0131r ve se\u00e7ilmi\u015f par\u00e7alar yerel m\u00fcze koleksiyonlar\u0131nda sergilenmektedir. Ma\u011fara turlar\u0131 d\u00fczenli olarak planlanmasa da, alanlar\u0131n kendileri akademik ilgi ve ara s\u0131ra rehberli ke\u015fif noktalar\u0131 olmaya devam etmektedir.<\/p>\n<p>Cascais&#039;teki mutfak gelenekleri deniz \u00fcr\u00fcnlerine dayan\u0131r. Tuzlu morina yemekleri -bacalhau- y\u00fczlerce geleneksel tarifte \u00e7o\u011fal\u0131rken, \u0131zgara levrek ve kalamar m\u00fctevaz\u0131 aile i\u015fletmesi tascalarda temel yiyeceklerdir. Ziyaret\u00e7ilere, kalite ve de\u011ferin genellikle daha iyi bilinen uluslararas\u0131 zincirleri geride b\u0131rakt\u0131\u011f\u0131 yerle\u015fim b\u00f6lgelerinde veya \u015fehir merkezinin do\u011fusundaki k\u0131y\u0131 \u015feridinde yerel favorileri aramalar\u0131 \u00f6nerilir. Negrais&#039;ten k\u0131zarm\u0131\u015f s\u00fct domuzu ve Merc\u00eas tarz\u0131nda haz\u0131rlanan domuz eti gibi et bazl\u0131 spesiyaliteler, denizcilik \u00fcr\u00fcnlerini tamamlar. Sintra travesseiros, Queijadas de Sintra, Fofos de Belas, Areias de Cascais ve Trouxas de Malveira gibi yumurta sar\u0131s\u0131ndan elde edilen \u015fekerlemeler, yerel port veya b\u00f6lgenin Carcavelos ve Colares&#039;ten gelen hafif \u015faraplar\u0131yla m\u00fckemmel bir \u015fekilde e\u015fle\u015ftirildi\u011finde, bir yeme\u011fin uygun bir sonunu sa\u011flar. Di\u011fer yerlerde, Vinho Verde ve Douro, D\u00e3o ve Alentejo&#039;nun yerle\u015fik k\u0131rm\u0131z\u0131 isimleri hem deniz \u00fcr\u00fcnlerinin hem de etin yan\u0131nda kolayl\u0131kla bulunabiliyor.<\/p>\n<p>2017&#039;de, ziyaret\u00e7i say\u0131lar\u0131 tarihi rekorlar\u0131 a\u015ft\u0131\u011f\u0131nda (2016&#039;da yakla\u015f\u0131k 1,2 milyon otel konaklamas\u0131 kaydedildi) belediye kamu hizmetlerini ve koruma \u00e7abalar\u0131n\u0131 desteklemek i\u00e7in m\u00fctevaz\u0131 bir turist vergisi getirdi. Bu \u00f6nlem, Cascais&#039;in hem bir yerle\u015fim toplulu\u011fu hem de k\u00fcresel bir seyahat noktas\u0131 olarak ikili kimli\u011finin tan\u0131nmas\u0131n\u0131 yans\u0131t\u0131yor. \u0130ster A5 boyunca arabayla, ister Lizbon&#039;dan trenle, ister yerel havaalan\u0131na u\u00e7akla veya modern marinaya yatla gelin, Cascais kraliyet miras\u0131n\u0131n, canl\u0131 spor k\u00fclt\u00fcr\u00fcn\u00fcn, \u00e7e\u015fitli do\u011fal ortamlar\u0131n ve sosyal ancak rafine bir ambiyans\u0131n bir kar\u0131\u015f\u0131m\u0131n\u0131 sunuyor.<\/p>\n<p>Cascais&#039;in kal\u0131c\u0131 g\u00fcc\u00fc, gelene\u011fi yenilikle uzla\u015ft\u0131rma kapasitesinde yatmaktad\u0131r. Neolitik ma\u011faralar\u0131n ve Bourbon tarz\u0131 saraylar\u0131n \u00e7a\u011fda\u015f sanat alanlar\u0131 ve l\u00fcks marinalarla bir arada var oldu\u011fu k\u0131y\u0131 tatil beldesi ya\u015fam\u0131 i\u00e7in bir laboratuvar olmaya devam etmektedir. Do\u011fal ve in\u015fa edilmi\u015f varl\u0131klar\u0131n\u0131n dikkatli bir \u015fekilde y\u00f6netilmesi sayesinde, kasaba se\u00e7ici ziyaret\u00e7ileri \u00e7ekmeye devam eden bir \u00f6zg\u00fcnl\u00fc\u011f\u00fc korurken, sakinleri i\u00e7in y\u00fcksek bir ya\u015fam kalitesi te\u015fvik etmektedir. Her dar sokakta ve her kumlu k\u0131y\u0131 \u015feridinde Cascais, d\u00fcnyadan uzakla\u015fmak i\u00e7in de\u011fil, y\u00fczy\u0131llard\u0131r s\u00fcren insan \u00e7abas\u0131 ve do\u011fal harikalarla \u015fekillenen bir ortamda onunla etkile\u015fime ge\u00e7mek i\u00e7in bir davet sunmaktad\u0131r.<\/p>","protected":false},"excerpt":{"rendered":"<p>Cascais, a town and municipality in the Lisbon District of Portugal, is located along the Portuguese Riviera. Covering an area of 97.40 km\u00b2 and home to 214,158 people, this coastal treasure has grown to be a major travel destination and center of international events. Pressed as [k\u0250\u0283\u02c8kaj\u0283] in European Portuguese, the town&#8217;s name conjures visions of sun-soaked beaches, old elegance, and opulent living.<\/p>\n","protected":false},"author":1,"featured_media":3582,"parent":12065,"menu_order":0,"comment_status":"closed","ping_status":"closed","template":"elementor_theme","meta":{"_eb_attr":"","footnotes":""},"class_list":["post-12118","page","type-page","status-publish","has-post-thumbnail"],"_links":{"self":[{"href":"https:\/\/travelshelper.com\/tr\/wp-json\/wp\/v2\/pages\/12118","targetHints":{"allow":["GET"]}}],"collection":[{"href":"https:\/\/travelshelper.com\/tr\/wp-json\/wp\/v2\/pages"}],"about":[{"href":"https:\/\/travelshelper.com\/tr\/wp-json\/wp\/v2\/types\/page"}],"author":[{"embeddable":true,"href":"https:\/\/travelshelper.com\/tr\/wp-json\/wp\/v2\/users\/1"}],"replies":[{"embeddable":true,"href":"https:\/\/travelshelper.com\/tr\/wp-json\/wp\/v2\/comments?post=12118"}],"version-history":[{"count":0,"href":"https:\/\/travelshelper.com\/tr\/wp-json\/wp\/v2\/pages\/12118\/revisions"}],"up":[{"embeddable":true,"href":"https:\/\/travelshelper.com\/tr\/wp-json\/wp\/v2\/pages\/12065"}],"wp:featuredmedia":[{"embeddable":true,"href":"https:\/\/travelshelper.com\/tr\/wp-json\/wp\/v2\/media\/3582"}],"wp:attachment":[{"href":"https:\/\/travelshelper.com\/tr\/wp-json\/wp\/v2\/media?parent=12118"}],"curies":[{"name":"wp","href":"https:\/\/api.w.org\/{rel}","templated":true}]}}