{"id":12087,"date":"2024-09-15T14:06:03","date_gmt":"2024-09-15T14:06:03","guid":{"rendered":"https:\/\/travelshelper.com\/staging\/?page_id=12087"},"modified":"2026-03-12T19:43:17","modified_gmt":"2026-03-12T19:43:17","slug":"porto","status":"publish","type":"page","link":"https:\/\/travelshelper.com\/tr\/destinations\/europe\/portugal\/porto\/","title":{"rendered":"Porto"},"content":{"rendered":"<p>Porto, kuzey Portekiz&#039;deki Douro Nehri a\u011fz\u0131 boyunca antik k\u00f6kenlerin \u00e7a\u011fda\u015f tutkularla birle\u015fti\u011fi, kal\u0131c\u0131 z\u0131tl\u0131klar ve \u00f6l\u00e7\u00fcl\u00fc canl\u0131l\u0131\u011f\u0131n \u015fehri olarak kendini sunar. Tam olarak 41,42 kilometrekarelik belediye topraklar\u0131nda bulunan ve yakla\u015f\u0131k 248.769 sakini bulunan Porto&#039;nun m\u00fctevaz\u0131 \u015fehri, yakla\u015f\u0131k 1.319.151 ki\u015fiyi bar\u0131nd\u0131ran 2.395 kilometrekarelik bir metropol alan\u0131n\u0131 yans\u0131t\u0131r. Lizbon&#039;un 280 kilometre kuzeyinde konumlanan ve bat\u0131s\u0131nda Atlantik k\u0131y\u0131 \u015feridini s\u00fcsleyen Porto, UNESCO D\u00fcnya Miras\u0131 Alan\u0131 olarak belirlenen tarihi bir \u00e7ekirde\u011fi, K\u00fcreselle\u015fme ve D\u00fcnya \u015eehirleri Ara\u015ft\u0131rma A\u011f\u0131 taraf\u0131ndan Gamma+ olarak derecelendirilen k\u00fcresel \u015fehir stat\u00fcs\u00fcyle birle\u015ftirir.<\/p>\n<p>Porto&#039;nun en eski yerle\u015fim yerinin hat\u0131ras\u0131 isminde ya\u015famaktad\u0131r. Kelt-Latin bir isim olan Portus Cale&#039;den, \u015fehir M\u00d6 2. y\u00fczy\u0131lda bir Roma karakolu olarak ortaya \u00e7\u0131km\u0131\u015ft\u0131r. Y\u00fczy\u0131llar boyunca, bu tan\u0131mlama &#034;Portekiz&#034;e d\u00f6n\u00fc\u015fm\u00fc\u015ft\u00fcr, ancak Porto&#039;nun kendisi denizcilik i\u015fletmeleri ve k\u00fclt\u00fcrel al\u0131\u015fveri\u015fle \u015fekillenen kimli\u011fini korumu\u015ftur. 1996&#039;da D\u00fcnya Miras\u0131 Alan\u0131 ilan edilen tarihi merkezi, Orta \u00c7a\u011f duvarlar\u0131n\u0131, Romanesk \u015fapelleri ve Gotik tonozlar\u0131 an\u0131msatan Lu\u00eds I K\u00f6pr\u00fcs\u00fc ve Serra do Pilar Manast\u0131r\u0131&#039;n\u0131 kapsamaktad\u0131r. Bu ta\u015f kal\u0131nt\u0131lar, barok yald\u0131zl\u0131 i\u00e7 mekanlarla (Aziz Francis ve Santa Clara Kilisesi ayr\u0131nt\u0131l\u0131 oymalarla) ve Borsa Saray\u0131 ile elle boyanm\u0131\u015f azulejo fayanslar\u0131yla s\u00fcslenmi\u015f S\u00e3o Bento tren istasyonundaki neoklasik s\u00fcslemelerle birlikte varl\u0131\u011f\u0131n\u0131 s\u00fcrd\u00fcrmektedir.<\/p>\n<p>\u015eehrin en \u00fcnl\u00fc ihracat\u0131 olan port \u015farab\u0131, Porto ile Yukar\u0131 Douro Vadisi aras\u0131ndaki simbiyozu yans\u0131t\u0131r. Nehrin kar\u015f\u0131s\u0131ndaki Vila Nova de Gaia&#039;n\u0131n amfi tiyatro \u015feklindeki yama\u00e7lar\u0131ndan, g\u00fc\u00e7lendirilmi\u015f \u015farap f\u0131\u00e7\u0131lar\u0131 uzak pazarlara do\u011fru yola \u00e7\u0131kar ve uluslararas\u0131 \u00fcne kavu\u015fur. G\u00fc\u00e7lendirilmi\u015f \u015faraplar\u0131n paketlenmesi, ta\u015f\u0131nmas\u0131 ve sertifikasyon s\u00fcre\u00e7leri, ziyaret\u00e7ilerin rehberli tad\u0131mlar arac\u0131l\u0131\u011f\u0131yla \u00fcz\u00fcm\u00fcn \u015fi\u015feye d\u00f6n\u00fc\u015f\u00fcm\u00fcn\u00fc izleyebilece\u011fi Port Wine Institute ve Museu do Vinho do Porto gibi kurumlarda devam eder. Porto, son y\u0131llarda Food and Travel dergisinin 2023&#039;teki Y\u0131l\u0131n \u015eehri ve World Travel Awards&#039;\u0131n 2024&#039;teki \u00d6nde Gelen Deniz Kenar\u0131 Metropol Destinasyonu \u00f6d\u00fcllerini alarak Avrupa&#039;n\u0131n kentsel destinasyonlar\u0131 aras\u0131ndaki yerini sa\u011flamla\u015ft\u0131rd\u0131.<\/p>\n<p>Mimari \u00e7e\u015fitlilik Porto sokaklar\u0131n\u0131 canland\u0131r\u0131r. Katedral ve Cedofeita Kilisesi erken Romanesk hayatta kalmay\u0131 temsil ederken, 15. y\u00fczy\u0131ldan kalma ev cepheleri ve \u015fehir duvarlar\u0131n\u0131n kal\u0131nt\u0131lar\u0131 Portekiz&#039;in orta\u00e7a\u011f d\u00f6nemini \u00e7a\u011fr\u0131\u015ft\u0131r\u0131r. Miseric\u00f3rdia ve Cl\u00e9rigos&#039;un barok kiliseleri ve Episcopal Saray\u0131, i\u00e7 mekanlar\u0131 alt\u0131n varakla par\u0131ldayan 17. ve 18. y\u00fczy\u0131l zenginli\u011fine tan\u0131kl\u0131k eder. 19. y\u00fczy\u0131ldaki geni\u015fleme, Avenida dos Aliados&#039;un g\u00f6rkemli belediye binalar\u0131, Saint Anthony Hastanesi ve Kristal Saray bah\u00e7eleriyle \u00f6rneklenen romantik ve neoklasik formlar\u0131 tan\u0131tt\u0131. Pal\u00e1cio da Bolsa&#039;daki Arap Odas\u0131, Ma\u011fribi R\u00f6nesans dekorasyonuna tan\u0131kl\u0131k etmek isteyen rehberli ziyaret\u00e7ileri \u00e7eken bir mimari tur de force olmaya devam ediyor.<\/p>\n<p>Porto&#039;nun iklimi, onu Akdeniz s\u0131cakl\u0131\u011f\u0131 ile Atlantik nemi aras\u0131nda bir meteorolojik kav\u015fak noktas\u0131na yerle\u015ftirir. Yazlar genellikle kuru ve g\u00fcne\u015flidir, ortalama en y\u00fcksek s\u0131cakl\u0131klar 26 \u00b0C&#039;dir ve ara s\u0131ra 38 \u00b0C&#039;ye yakla\u015fan zirveler, Foz do Douro k\u0131y\u0131 \u015feridi boyunca d\u00fc\u015f\u00fck nem ve okyanus esintileriyle dengelenir. Yine de beklenmedik yaz sa\u011fanaklar\u0131 \u00f6\u011fleden sonralar\u0131n\u0131 yakla\u015f\u0131k 20 \u00b0C&#039;ye kadar so\u011futabilir. K\u0131\u015flar s\u0131k \u200b\u200bs\u0131k ya\u011f\u0131\u015f getirir ve \u0131l\u0131man s\u0131cakl\u0131klar nadiren donma noktas\u0131n\u0131n alt\u0131na iner, g\u00fcnl\u00fck en d\u00fc\u015f\u00fck s\u0131cakl\u0131klar 6 \u00b0C&#039;ye yak\u0131n ve g\u00fcnd\u00fcz ortalamalar\u0131 15 \u00b0C&#039;dir. \u015eehrin y\u0131ll\u0131k ortalama ya\u011f\u0131\u015f\u0131, b\u00fcy\u00fck kent merkezleri aras\u0131nda Avrupa&#039;n\u0131n en y\u00fcksekleri aras\u0131nda yer al\u0131r, ancak uzun s\u00fcreli g\u00fcne\u015f \u0131\u015f\u0131\u011f\u0131 hala bir\u00e7ok k\u0131\u015f d\u00f6nemini s\u00fcsler.<\/p>\n<p>Demografik olarak Porto hem s\u00fcreklili\u011fi hem de de\u011fi\u015fimi yans\u0131t\u0131r. Belediye n\u00fcfusu, sakinlerin uydu kasabalara ve banliy\u00f6lere ta\u015f\u0131nmas\u0131yla 1980&#039;lerden beri yakla\u015f\u0131k 100.000 ki\u015fi azald\u0131, ancak daha geni\u015f metropol alan\u0131 sa\u011flam bir \u015fekilde b\u00fcy\u00fcd\u00fc. Sakinlerin \u00e7o\u011fu 60-69 ya\u015f aral\u0131\u011f\u0131nda yer al\u0131rken, bunu 50-59 ya\u015f aral\u0131\u011f\u0131ndakiler yak\u0131ndan takip ediyor. Kad\u0131nlar n\u00fcfusun &#039;ini, erkekler ise &#039;ini olu\u015fturuyor. \u00c7o\u011funluk Portekiz s\u0131n\u0131rlar\u0131 i\u00e7inde do\u011fmu\u015f olsa da, Angola, Brezilya, Cape Verde ve di\u011fer Avrupa \u00fclkelerinden gelen \u00f6nemli topluluklar \u015fehrin \u00e7ok k\u00fclt\u00fcrl\u00fc yap\u0131s\u0131n\u0131 zenginle\u015ftiriyor. Katoliklik bask\u0131n olsa da, sakinlerin d\u00f6rtte \u00fc\u00e7\u00fc inanca ba\u011fl\u0131 olsa da, n\u00fcfusun yakla\u015f\u0131k be\u015fte biri kendini dinsiz olarak tan\u0131ml\u0131yor ve k\u00fc\u00e7\u00fck az\u0131nl\u0131klar Protestanl\u0131k, \u0130slam, Yahudilik veya di\u011fer dinleri uyguluyor.<\/p>\n<p>Porto&#039;nun finans ve sanayi merkezi olarak rol\u00fc, daha geni\u015f \u0130ber Yar\u0131madas\u0131&#039;na kadar uzan\u0131yor. Bankac\u0131l\u0131ktan imalata kadar b\u00fcy\u00fck Portekiz \u015firketlerinin genel merkezleri Maia, Matosinhos, Vila Nova de Gaia ve Porto&#039;nun metropol merkezinde yer al\u0131yor. Eski Bolsa do Porto, Portekiz&#039;in ana t\u00fcrev borsas\u0131n\u0131n bir par\u00e7as\u0131 haline geldi ve Lizbon borsas\u0131yla birle\u015ferek Bolsa de Valores de Lisboa e Porto&#039;yu olu\u015fturdu. Jornal de Not\u00edcias gibi medya kurumlar\u0131 ve Porto Editora gibi yay\u0131nevleri \u015fehirde varl\u0131\u011f\u0131n\u0131 s\u00fcrd\u00fcr\u00fcyor ve Porto&#039;nun kal\u0131c\u0131 entelekt\u00fcel ve ticari dinamizmini kan\u0131tl\u0131yor.<\/p>\n<p>Ula\u015f\u0131m altyap\u0131s\u0131 Porto&#039;nun gelenek ve modernlik aras\u0131ndaki ikili kimli\u011fini ortaya koyuyor. 1886&#039;da a\u00e7\u0131l\u0131\u015f\u0131 yap\u0131lan sayg\u0131de\u011fer Dom Lu\u00eds I K\u00f6pr\u00fcs\u00fc, Douro&#039;yu d\u00f6vme demir zarafetiyle kapl\u0131yor ve \u00fcst g\u00fcvertesinde hafif rayl\u0131 sistem ta\u015f\u0131yor. 20. y\u00fczy\u0131l daha fazla ge\u00e7i\u015f noktas\u0131 getirdi: bat\u0131daki Arr\u00e1bida K\u00f6pr\u00fcs\u00fc, S\u00e3o Jo\u00e3o K\u00f6pr\u00fcs\u00fc ve 2003&#039;te Infante Dom Henrique K\u00f6pr\u00fcs\u00fc. \u00d6n\u00fcm\u00fczdeki on y\u0131lda iki k\u00f6pr\u00fc daha yap\u0131lmas\u0131 planlan\u0131yor. 2004 Euro&#039;ya yenilenen ve 2024&#039;te yakla\u015f\u0131k 16 milyon yolcuya hizmet verecek olan Francisco de S\u00e1 Carneiro Havaalan\u0131, Avrupa, Brezilya ve Kuzey Amerika&#039;ya uzun mesafeli u\u00e7u\u015flarla birlikte hava yolculu\u011funu da destekliyor. Metronun alt\u0131 hatt\u0131, havaalan\u0131n\u0131 ve banliy\u00f6 b\u00f6lgelerini \u015fehir merkezine ba\u011flayan seksen be\u015f istasyonla 70 kilometreyi kat ediyor; STCP ise \u00e7evre dostu bir otob\u00fcs a\u011f\u0131n\u0131 ve turistik nehir k\u0131y\u0131s\u0131 g\u00fczergahlar\u0131na hizmet veren miras tramvaylar\u0131n\u0131 denetliyor.<\/p>\n<p>Campanh\u00e3 ve S\u00e3o Bento istasyonlar\u0131ndan gelen demir yolu ba\u011flant\u0131lar\u0131 Porto&#039;yu ulusal ve uluslararas\u0131 a\u011flara entegre ediyor. Y\u00fcksek h\u0131zl\u0131 Alfa Pendular trenleri Lizbon&#039;a 2 saat 42 dakikada ula\u015f\u0131yor ve intercidades&#039;ler biraz daha yava\u015f. Celta servisi Porto&#039;yu \u0130spanya&#039;n\u0131n Vigo \u015fehrine sadece iki saatten biraz fazla bir s\u00fcrede ba\u011fl\u0131yor, b\u00f6lgesel hatlar ise Douro Nehri&#039;ni takip ederek do\u011fuya do\u011fru R\u00e9gua ve Pocinho&#039;ya gidiyor. Urbanos banliy\u00f6 trenleri Braga, Guimar\u00e3es ve Aveiro&#039;ya kadar uzan\u0131yor. Biletleme, hem b\u00f6lge sakinlerine hem de ziyaret\u00e7ilere uygun g\u00fcnl\u00fck ve \u00e7ok g\u00fcnl\u00fck ge\u00e7i\u015flerle metro, otob\u00fcs ve banliy\u00f6 treni aras\u0131nda sorunsuz seyahat imkan\u0131 sa\u011flayan Andante kart\u0131na dayan\u0131yor.<\/p>\n<p>Porto mutfa\u011f\u0131, i\u00e7ten gelenekle deniz bereketini bir araya getirir. \u0130mza yemekleri aras\u0131nda, y\u00fczy\u0131llard\u0131r s\u00fcregelen gelenekleri yans\u0131tan bir i\u015fkembe yahnisi olan Tripas \u00e0 Moda do Porto ve Portekiz&#039;in tuzlanm\u0131\u015f bal\u0131kla olan k\u00f6kl\u00fc ili\u015fkisini kutlayan bir morina bal\u0131\u011f\u0131 g\u00fcveci olan Bacalhau \u00e0 Gomes de S\u00e1 yer al\u0131r. Francesinha sandvi\u00e7i, eritilmi\u015f peynirin alt\u0131na k\u00fcrlenmi\u015f etleri katmanlar halinde yerle\u015ftirir ve bunlar\u0131 bira bazl\u0131 bir sosla kaplayarak Porto&#039;nun zengin lezzetlere olan d\u00fc\u015fk\u00fcnl\u00fc\u011f\u00fcn\u00fc \u00f6zetler. Roj\u00f5es olarak k\u00fcp \u015feklinde do\u011franm\u0131\u015f k\u0131zarm\u0131\u015f domuz eti, domuz kan\u0131 i\u00e7eren sarrabulho giri\u015fleri ve nehir k\u0131y\u0131s\u0131nda taze \u0131zgara sardalyalar men\u00fcleri zenginle\u015ftirir. Restoranlarda ve meyhanelerde, Port \u015farab\u0131 her zaman mevcuttur, tatl\u0131 bir \u015farap olarak saklan\u0131r ancak ayn\u0131 zamanda fado ak\u015famlar\u0131n\u0131 vurgulamak i\u00e7in de kullan\u0131l\u0131r.<\/p>\n<p>K\u00fclt\u00fcrel ya\u015fam, Porto&#039;nun m\u00fczeleri, konser salonlar\u0131 ve performans mekanlar\u0131nda geli\u015fir. Casa de Serralves, modern ve \u00e7a\u011fda\u015f sanat\u0131, Art Deco tarz\u0131 villas\u0131n\u0131 ve Serralves Vakf\u0131&#039;ndaki sergilerle tamamlanan geni\u015f bah\u00e7elerini bar\u0131nd\u0131r\u0131r. Ulusal M\u00fcze Soares dos Reis, on dokuzuncu y\u00fczy\u0131la ait Portekiz resim ve heykellerini sergilerken, \u00c7a\u011fda\u015f Sanat M\u00fczesi avangart temalar\u0131 benimser. Theatre Nacional S\u00e3o Jo\u00e3o, opera ve dramatik prod\u00fcksiyonlar sahneler, tarihi sahnesi yarat\u0131c\u0131 ifade i\u00e7in bir yer. Janet Echelman&#039;\u0131n Matosinhos K\u00f6rfezi&#039;nin \u00fczerinde as\u0131l\u0131 duran She Changes gibi kamusal heykeller, nehir ve g\u00f6ky\u00fcz\u00fcyle diyalog kuran b\u00fcy\u00fck \u00f6l\u00e7ekli enstalasyonlar\u0131n benimsendi\u011finin sinyalini verir.<\/p>\n<p>Y\u0131ll\u0131k festivaller Porto vatanda\u015flar\u0131n\u0131 eski geleneklere ve akademik hayata ba\u011flar. 23 ve 24 Haziran&#039;da St. John Festivali, \u015fenlik ate\u015fleri, \u015fiirler yazan fesle\u011fenle s\u00fcslenmi\u015f vazolar ve nehir boyunca havai fi\u015feklerle sokaklar\u0131 canland\u0131r\u0131r. \u0130lkbaharda, Queima das Fitas yakla\u015f\u0131k 50.000 \u00fcniversite \u00f6\u011frencisini Belediye Binas\u0131&#039;na giden bir alayda ve Queim\u00f3dromo&#039;daki gece konserlerinde bir araya getirir. Spor takvimleri, FC Porto ve Boavista&#039;n\u0131n Est\u00e1dio do Drag\u00e3o ve Est\u00e1dio do Bessa&#039;da yar\u0131\u015ft\u0131\u011f\u0131 futboldan, her Ekim ay\u0131nda tarihi merkezden ge\u00e7en Porto Maratonu&#039;na kadar uzan\u0131r. Buz hokeyi, HC Porto&#039;nun Portekiz i\u00e7in bir ilk olarak \u0130spanya ulusal ligine kat\u0131lmas\u0131yla 2023&#039;te Porto&#039;ya geldi ve kriket, Anglo-Portekiz miras\u0131n\u0131 koruyarak Oporto Kriket ve \u00c7im Tenisi Kul\u00fcb\u00fc&#039;nde devam ediyor.<\/p>\n<p>E\u011fitim ve ara\u015ft\u0131rma, Porto&#039;nun akademik kurumlar\u0131 i\u00e7inde geli\u015fir. Porto \u00dcniversitesi, yakla\u015f\u0131k 28.000 \u00f6\u011frenciye kay\u0131t yapt\u0131rarak \u00fclkenin ikinci b\u00fcy\u00fck \u00fcniversitesi olarak \u00f6ne \u00e7\u0131kar ve Avrupa&#039;n\u0131n en iyi y\u00fcz \u00fcniversitesi aras\u0131nda yer al\u0131r. Tamamlay\u0131c\u0131 okullar aras\u0131nda Porto Politeknik Enstit\u00fcs\u00fc, Lus\u00edada ve Fernando Pessoa gibi \u00f6zel \u00fcniversiteler ve Katolik \u00dcniversitesi kamp\u00fcs\u00fc yer al\u0131r. Uluslararas\u0131 okulla\u015fma, Frans\u0131z ve Alman okullar\u0131n\u0131n yan\u0131 s\u0131ra 1894&#039;te kurulan Oporto \u0130ngiliz Okulu&#039;na dayan\u0131r. Dil \u00f6\u011frenenler ve de\u011fi\u015fim \u00f6\u011frencileri i\u00e7in, Fast Forward Dil Enstit\u00fcs\u00fc ve \u00fcniversiteye ba\u011fl\u0131 programlar, k\u0131sa s\u00fcreli konaklamalara veya yo\u011fun deneyimlere g\u00f6re uyarlanm\u0131\u015f Portekizce e\u011fitimi sunar.<\/p>\n<p>Porto&#039;da gezinmek, katmanl\u0131 topografyas\u0131na ve geli\u015fen ula\u015f\u0131m se\u00e7eneklerine uyum sa\u011flamay\u0131 gerektirir. Ribeira ve Baixa b\u00f6lgelerindeki dar, k\u0131vr\u0131ml\u0131 sokaklar, daha geni\u015f caddelere al\u0131\u015fk\u0131n s\u00fcr\u00fcc\u00fcleri test eder ve y\u00fcr\u00fcmeyi veya toplu ta\u015f\u0131may\u0131 genellikle daha verimli hale getirir. Taksiler, ara\u00e7 \u00e7a\u011f\u0131rma hizmetleri ve bisiklet kiralamalar\u0131 metro ve otob\u00fcs a\u011flar\u0131n\u0131 tamamlarken, feribot ge\u00e7i\u015fleri ve nehir gezileri Douro&#039;nun y\u00fczeyinden perspektifler sunar. Funicular dos Guindais teleferi\u011fi ve Ascensor da Ribeira asans\u00f6r\u00fc gibi yeni cazibe merkezleri, gezginleri fayansl\u0131 cephelerin ve teknelerle benekli sular\u0131n panoramik manzaralar\u0131yla \u00f6d\u00fcllendirir. Hava panoramalar\u0131 arayanlar i\u00e7in, nehrin yak\u0131n\u0131ndaki bir helikopter pisti \u015fehir kuleleri ve k\u00f6pr\u00fcler \u00fczerinde \u00f6zel u\u00e7u\u015flar sa\u011flar.<\/p>\n<p>Porto&#039;nun canl\u0131l\u0131\u011f\u0131, koruma ve ilerlemeyi dengeleme kapasitesinden kaynaklanmaktad\u0131r. Tarihi meyhaneler, yeni kurulan \u015firketler ve ara\u015ft\u0131rma merkezleri ekonomisini canland\u0131r\u0131rken, Porto kadehlerinin \u015f\u0131k\u0131rt\u0131s\u0131yla yank\u0131lan\u0131r. As\u0131rl\u0131k fado melodileri, modern sanat enstalasyonlar\u0131yla i\u00e7 i\u00e7e ge\u00e7er. Barok s\u00fcslemeler, Casa da M\u00fasica&#039;da ve yeniden yap\u0131lan Leix\u00f5es kruvaziyer terminalinde \u00e7a\u011fda\u015f mimarinin yan\u0131nda yer al\u0131r. Tekstil ve metalurjideki k\u00f6kl\u00fc end\u00fcstriler, finansal t\u00fcrev ticareti ve k\u00fclt\u00fcrel turizmle bir arada bulunur. \u015eehrin Cidade Invicta ve Capital do Norte adlar\u0131nda somutla\u015fan dayan\u0131kl\u0131l\u0131\u011f\u0131, kimli\u011fi korurken de\u011fi\u015fimi \u00f6z\u00fcmseme becerisini kan\u0131tlar.<\/p>\n<p>Sonu\u00e7 olarak Porto, zamansal katmanlar\u0131n birle\u015fti\u011fi bir yer olarak ortaya \u00e7\u0131k\u0131yor. Romanesk kiliseleri, barok i\u00e7 mekanlar\u0131, neoklasik caddeleri ve modern hafif rayl\u0131 sistemi, Douro&#039;nun ak\u0131\u015f\u0131yla tan\u0131mlanan bir kentsel doku i\u00e7inde bir arada ya\u015f\u0131yor. Demografik de\u011fi\u015fimlerinden iklimsel ritimlerine, gastronomik zenginliklerinden end\u00fcstriyel yeteneklerine kadar \u015fehir, s\u00fcreklilik ve yenili\u011fin n\u00fcansl\u0131 bir portresini sunuyor. Panoramik bak\u0131\u015f a\u00e7\u0131lar\u0131n\u0131n \u00f6tesinde oyalanan ziyaret\u00e7iler, Porto&#039;nun Avrupa&#039;n\u0131n en ilgi \u00e7ekici metropol merkezleri aras\u0131ndaki yerini do\u011frulayan bir anlat\u0131 olan uyum, yarat\u0131c\u0131l\u0131k ve k\u00f6kl\u00fcl\u00fck hakk\u0131nda kolektif bir anlat\u0131y\u0131 fark edecekler.<\/p>","protected":false},"excerpt":{"rendered":"<p>Portekiz&#039;in ikinci b\u00fcy\u00fck \u015fehri olan Porto, \u00fclkenin kuzey b\u00f6lgesinde Douro Nehri&#039;nin a\u011fz\u0131nda bulunan aktif bir kentsel merkezdir. 41,42 kilometrekarelik k\u00fc\u00e7\u00fck belediye s\u0131n\u0131rlar\u0131 i\u00e7erisinde yakla\u015f\u0131k 248.769 ki\u015filik n\u00fcfusu g\u00f6z \u00f6n\u00fcne al\u0131nd\u0131\u011f\u0131nda, Porto&#039;nun etkisi \u015fehir s\u0131n\u0131rlar\u0131n\u0131n \u00e7ok \u00f6tesine ge\u00e7mektedir. 2.395 kilometrekareye yay\u0131lm\u0131\u015f yakla\u015f\u0131k 1,8 milyon insanla, Portekiz&#039;in daha b\u00fcy\u00fck metropol alan\u0131, Portekiz&#039;deki t\u00fcm kentsel alanlar aras\u0131nda a\u00e7\u0131k\u00e7a ikinci s\u0131radad\u0131r ve \u0130ber Yar\u0131madas\u0131&#039;nda \u00f6nemli bir oyuncudur.<\/p>","protected":false},"author":1,"featured_media":2816,"parent":12065,"menu_order":0,"comment_status":"closed","ping_status":"closed","template":"elementor_theme","meta":{"_eb_attr":"","footnotes":""},"class_list":["post-12087","page","type-page","status-publish","has-post-thumbnail"],"_links":{"self":[{"href":"https:\/\/travelshelper.com\/tr\/wp-json\/wp\/v2\/pages\/12087","targetHints":{"allow":["GET"]}}],"collection":[{"href":"https:\/\/travelshelper.com\/tr\/wp-json\/wp\/v2\/pages"}],"about":[{"href":"https:\/\/travelshelper.com\/tr\/wp-json\/wp\/v2\/types\/page"}],"author":[{"embeddable":true,"href":"https:\/\/travelshelper.com\/tr\/wp-json\/wp\/v2\/users\/1"}],"replies":[{"embeddable":true,"href":"https:\/\/travelshelper.com\/tr\/wp-json\/wp\/v2\/comments?post=12087"}],"version-history":[{"count":0,"href":"https:\/\/travelshelper.com\/tr\/wp-json\/wp\/v2\/pages\/12087\/revisions"}],"up":[{"embeddable":true,"href":"https:\/\/travelshelper.com\/tr\/wp-json\/wp\/v2\/pages\/12065"}],"wp:featuredmedia":[{"embeddable":true,"href":"https:\/\/travelshelper.com\/tr\/wp-json\/wp\/v2\/media\/2816"}],"wp:attachment":[{"href":"https:\/\/travelshelper.com\/tr\/wp-json\/wp\/v2\/media?parent=12087"}],"curies":[{"name":"wp","href":"https:\/\/api.w.org\/{rel}","templated":true}]}}