{"id":12053,"date":"2024-09-15T12:59:22","date_gmt":"2024-09-15T12:59:22","guid":{"rendered":"https:\/\/travelshelper.com\/staging\/?page_id=12053"},"modified":"2026-03-12T21:52:09","modified_gmt":"2026-03-12T21:52:09","slug":"yekaterinburg","status":"publish","type":"page","link":"https:\/\/travelshelper.com\/tr\/destinations\/europe\/russian-federation\/yekaterinburg\/","title":{"rendered":"Yekaterinburg"},"content":{"rendered":"<p>Ural Da\u011flar\u0131&#039;n\u0131n do\u011fu ucundaki Iset Nehri k\u0131y\u0131s\u0131nda yer alan Yekaterinburg, Rusya&#039;n\u0131n d\u00f6rd\u00fcnc\u00fc b\u00fcy\u00fck \u015fehri ve Sverdlovsk Oblast\u0131 ve Ural Federal B\u00f6lgesi&#039;nin idari merkezidir. 2021 n\u00fcfus say\u0131m\u0131na g\u00f6re 1.111 kilometrekarelik bir alan\u0131 kaplayan ve 1.544.376 n\u00fcfusa ev sahipli\u011fi yapan \u015fehir, Avrupa ve Sibirya aras\u0131nda stratejik bir konuma sahiptir. 1723&#039;te kurulan ve 1924&#039;ten 1991&#039;e kadar k\u0131sa bir s\u00fcre Sverdlovsk olarak yeniden adland\u0131r\u0131lan \u015fehir, hem end\u00fcstriyel bir g\u00fc\u00e7 merkezi hem de k\u00fclt\u00fcrel bir merkezdir; sil\u00fceti art\u0131k modern g\u00f6kdelenlerle ve \u00e7arp\u0131c\u0131 yap\u0131land\u0131rmac\u0131 mimariyle karakterize edilen sokaklar\u0131yla noktalanm\u0131\u015ft\u0131r.<\/p>\n<p>Yekaterinburg, \u0130mparator B\u00fcy\u00fck Petro&#039;nun 18 Kas\u0131m 1723&#039;teki kararnamesiyle e\u015fi \u0130mparatori\u00e7e I. Katerina&#039;n\u0131n ad\u0131n\u0131 alarak kuruldu. Kurulu\u015fundan itibaren Rus \u0130mparatorlu\u011fu&#039;nun madencilik ba\u015fkenti olarak hizmet verdi, Urallar&#039;\u0131n zengin cevherlerini i\u015fletti ve B\u00fcy\u00fck Katerina taraf\u0131ndan 1781&#039;de ba\u015flat\u0131lan Sibirya Rotas\u0131 \u00fczerinde hayati bir ba\u011flant\u0131 g\u00f6revi g\u00f6rd\u00fc. Bu ana yol, \u015fehri Sibirya&#039;n\u0131n u\u00e7suz bucaks\u0131z vah\u015fi do\u011fas\u0131na giden yolcular ve mallar i\u00e7in bir ge\u00e7it haline getirdi. On dokuzuncu y\u00fczy\u0131l\u0131n sonlar\u0131nda Yekaterinburg, Rus tarihinin gidi\u015fat\u0131n\u0131 \u015fekillendirecek devrimci hareketlerin sahnelendi\u011fi bir yer, sosyal ve politik \u00e7alkant\u0131lar\u0131n merkezi olarak ortaya \u00e7\u0131kt\u0131. Bol\u015fevik Devrimi&#039;nden sonra \u015fehir, Sovyet rejimi alt\u0131nda idari ve end\u00fcstriyel bir merkez olarak yeni rol\u00fcn\u00fc yans\u0131tan Yakov Sverdlov&#039;un onuruna Sverdlovsk olarak yeniden adland\u0131r\u0131ld\u0131. Sovyetler Birli\u011fi&#039;nin da\u011f\u0131lmas\u0131yla birlikte, 23 Eyl\u00fcl 1991&#039;de tarihi ad\u0131n\u0131 geri ald\u0131.<\/p>\n<p>Avrupa&#039;n\u0131n kuzeydo\u011fu ucunda konumlanan Yekaterinburg, Urallar\u0131n yumu\u015fak yama\u00e7lar\u0131na boyun e\u011fen ormanl\u0131k tepeleri i\u015fgal eder. Iset Nehri, da\u011flardan Tobol&#039;a akarak kentsel dokuyu ikiye b\u00f6ler. S\u0131n\u0131rlar\u0131 i\u00e7inde Shuvakish ve Shartash adl\u0131 iki g\u00f6l bulunurken, yak\u0131nlardaki rezervuarlar ve g\u00f6letler hem rekreasyonu hem de su y\u00f6netimini destekler. \u015eehrin nemli karasal iklimi, keskin bir \u015fekilde belirgin mevsimler \u00fcretir. K\u0131\u015flar, arktik m\u00fcdahaleler s\u0131ras\u0131nda -40\u00b0C&#039;ye d\u00fc\u015febilir, ard\u0131ndan ani \u00e7\u00f6z\u00fclmeler s\u0131ras\u0131nda donma noktas\u0131n\u0131n \u00fczerine \u00e7\u0131kabilirken, yaz s\u0131cakl\u0131klar\u0131 Orta Asya&#039;dan gelen s\u0131cak hava k\u00fctleleri nedeniyle hafif donlardan 35\u00b0C&#039;yi a\u015fan y\u00fckseklere kadar de\u011fi\u015febilir. Bu dramatik dalgalanmalar, \u015fehrin z\u0131t hava ak\u0131mlar\u0131n\u0131n kav\u015fa\u011f\u0131nda konumunu vurgular.<\/p>\n<p>Demografik b\u00fcy\u00fcme Yekaterinburg&#039;un b\u00fcy\u00fcyen ekonomisine e\u015flik etti. 2010 ile 2021 y\u0131llar\u0131 aras\u0131nda n\u00fcfusu hem i\u00e7 g\u00f6\u00e7\u00fc hem de do\u011fal art\u0131\u015f\u0131 yans\u0131tarak yakla\u015f\u0131k artt\u0131. \u015eehir resmi s\u0131n\u0131rlar\u0131n\u0131n \u00f6tesine, yakla\u015f\u0131k 2,2 milyonluk bir kentsel y\u0131\u011f\u0131lmaya do\u011fru uzan\u0131yor. Bu geni\u015fleme, Urallar&#039;daki en y\u00fcksek yap\u0131 olan 209 metrelik Iset Kulesi de dahil olmak \u00fczere yirmiden fazla g\u00f6kdelenin \u00fcretildi\u011fi bir in\u015faat patlamas\u0131yla ayn\u0131 zamana denk geliyor.<\/p>\n<p>Ekonomik \u00e7\u0131kt\u0131 a\u00e7\u0131s\u0131ndan Yekaterinburg, yaln\u0131zca Moskova ve Saint Petersburg taraf\u0131ndan ge\u00e7ilen Rus \u015fehirleri aras\u0131nda \u00fc\u00e7\u00fcnc\u00fc s\u0131rada yer almaktad\u0131r. McKinsey&#039;nin k\u00fcresel City-600 endeksi, onu k\u00fcresel gayri safi yurti\u00e7i has\u0131lan\u0131n &#039;\u0131n\u0131 olu\u015fturan d\u00fcnyan\u0131n en iyi kentsel ekonomileri aras\u0131nda g\u00f6stermektedir. 2015&#039;te 898 milyar rublelik gayri safi kentsel has\u0131la ve 50 milyar uluslararas\u0131 dolar\u0131 a\u015fan metropol gayri safi has\u0131la ile finansal ve end\u00fcstriyel bir ba\u011flant\u0131 noktas\u0131 olarak konumunu sa\u011flamla\u015ft\u0131rm\u0131\u015ft\u0131r.<\/p>\n<p>\u015eehrin ekonomik temelleri, Sovyet d\u00f6nemine kadar uzanan a\u011f\u0131r sanayi, metalurji tesisleri ve savunma i\u015fletmelerine dayanmaktad\u0131r. 1991 \u00f6ncesi d\u00f6nemde, Sverdlovsk faaliyetlerinin &#039;\u0131n\u0131 imalattan elde etti ve bunun d\u00f6rtte \u00fc\u00e7\u00fc askeri \u00fcretimi destekledi. 1990&#039;lardaki piyasa reformlar\u0131ndan bu yana, end\u00fcstriyel \u00e7e\u015fitlilik ilerledi ve teknoloji, lojistik ve i\u015f hizmetlerine yat\u0131r\u0131m \u00e7ekti. Merkez Askeri B\u00f6lge ve Rusya Bilimler Akademisi Ural \u015eubesi&#039;nin karargah\u0131, Yekaterinburg&#039;un stratejik ve entelekt\u00fcel bir merkez olarak ikili rol\u00fcn\u00fc vurgular.<\/p>\n<p>Turizm, \u015fehrin profiline \u00f6nemli bir katk\u0131da bulunmu\u015ftur. 2015 K\u00fcresel Destinasyon \u015eehirleri Endeksi&#039;nde Rusya&#039;n\u0131n en iyi be\u015f destinasyonundan biri olarak belirlenen \u015fehir, o y\u0131l 2,1 milyon gelen ziyaret\u00e7iyi a\u011f\u0131rlam\u0131\u015ft\u0131r. \u0130\u015f turizminden e\u011flence turizmine ge\u00e7i\u015f a\u00e7\u0131k\u00e7a g\u00f6r\u00fclmektedir: i\u015f seyahatindekiler bir zamanlar gelenlerin &#039;ini olu\u015ftururken, 2015&#039;te yaln\u0131zca &#039;sini olu\u015fturuyorlard\u0131. Ziyaret\u00e7iler, son Rus \u00e7ar\u0131yla ili\u015fkili yerleri ke\u015ffetmek, Ural jeolojisi ve folklorunun bazhov bilgisini takip etmek ve 2008-09 \u015eanghay \u0130\u015fbirli\u011fi \u00d6rg\u00fct\u00fc zirvelerinden uluslararas\u0131 Innoprom sergisine kadar \u00e7e\u015fitli etkinliklere kat\u0131lmak i\u00e7in geliyorlar. 2018 FIFA D\u00fcnya Kupas\u0131&#039;na ev sahipli\u011fi yapan \u015fehir olarak Yekaterinburg, modern stadyumunu tarihi simge yap\u0131lar\u0131n yan\u0131nda sergiledi.<\/p>\n<p>Kapsaml\u0131 bir ula\u015f\u0131m a\u011f\u0131 hem ticareti hem de turizmi ayakta tutar. Alt\u0131 federal otoyol ve yedi b\u00fcy\u00fck demir yolu hatt\u0131 burada birle\u015ferek, Moskova ve Saint Petersburg&#039;dan sonra Rusya&#039;n\u0131n \u00fc\u00e7\u00fcnc\u00fc b\u00fcy\u00fck ula\u015f\u0131m merkezi haline gelir. Yekaterinburg d\u00fc\u011f\u00fcm\u00fc, Avrupa bat\u0131s\u0131n\u0131 Pasifik do\u011fusuyla ba\u011flayan Trans-Sibirya Demiryolu&#039;nun bir par\u00e7as\u0131d\u0131r. Koltsovo Uluslararas\u0131 Havaalan\u0131 y\u0131lda be\u015f milyondan fazla yolcuya hizmet verirken, Aramil&#039;deki ikincil bir havaalan\u0131 b\u00f6lgesel u\u00e7u\u015flara ev sahipli\u011fi yapar. \u015eehir i\u00e7inde, dokuz istasyonlu tek hatl\u0131 bir metro, bir zamanlar y\u0131lda y\u00fcz milyonlarca yolcu ta\u015f\u0131yan tramvay, troleyb\u00fcs ve otob\u00fcs hizmetlerinin yan\u0131 s\u0131ra y\u0131lda yakla\u015f\u0131k elli milyon yolcu ta\u015f\u0131maktad\u0131r. Geni\u015fleyen bir \u00e7evre yolu ve \u00e7ok seviyeli kav\u015fak a\u011f\u0131, \u015fu anda 1.000 ki\u015fi ba\u015f\u0131na yakla\u015f\u0131k 410 ara\u00e7 olan h\u0131zl\u0131 ara\u00e7 sahipli\u011fi b\u00fcy\u00fcmesinin neden oldu\u011fu kronik t\u0131kan\u0131kl\u0131\u011f\u0131 ele al\u0131r.<\/p>\n<p>Yekaterinburg&#039;un k\u00fclt\u00fcrel manzaras\u0131 hem derin hem de \u00e7e\u015fitlidir. Sverdlovsk Oblast Evrensel Bilimsel K\u00fct\u00fcphanesi ve AI Herzen Merkez \u015eehir K\u00fct\u00fcphanesi de dahil olmak \u00fczere yakla\u015f\u0131k elli k\u00fct\u00fcphane, akademik \u00e7al\u0131\u015fmalar\u0131 destekler. M\u00fczelerin say\u0131s\u0131 elliyi a\u015fmaktad\u0131r ve koleksiyonlar\u0131 Nevyansk \u0130kon M\u00fczesi&#039;nin Nevyansk ikonlar\u0131ndan, yakla\u015f\u0131k 11.500 y\u0131l \u00f6ncesine tarihlenen d\u00fcnyan\u0131n en eski ah\u015fap heykeli olan Shigir Koleksiyonu&#039;na kadar uzanmaktad\u0131r. Yekaterinburg G\u00fczel Sanatlar M\u00fczesi, Rus resminin se\u00e7kin tuvallerine ev sahipli\u011fi yaparken, 1900&#039;den kalma UNESCO tescilli bir \u015faheser olan Kasli d\u00f6kme demir pavyonu, koleksiyonunda yer almaktad\u0131r.<\/p>\n<p>Tiyatro hayat\u0131, Akademik M\u00fczikal Komedi Tiyatrosu, drama tiyatrosu, gen\u00e7lik tiyatrosu ve \u00fcnl\u00fc bir kukla tiyatrosu gibi mekanlarda geli\u015fir. Yekaterinburg Opera ve Bale Tiyatrosu, 2020&#039;de En \u0130yi Opera Performans\u0131 da dahil olmak \u00fczere d\u00f6rt Alt\u0131n Maske \u00f6d\u00fcl\u00fc kazand\u0131. \u015eehrin film miras\u0131, 1909&#039;daki ilk sinemas\u0131ndan, 1943&#039;te kurulan ve yap\u0131mlar\u0131 ulusal izleyicilere ula\u015fan Sverdlovsk Film St\u00fcdyosu&#039;na kadar uzan\u0131r. Yirmiden fazla sinema art\u0131k yerel ve uluslararas\u0131 filmler g\u00f6steriyor.<\/p>\n<p>M\u00fczik de \u015fehrin sokaklar\u0131nda yank\u0131lan\u0131yor. Chaif, Agata Kristi ve Nautilus Pompilius gibi rock gruplar\u0131 Ural Rock ak\u0131m\u0131na katk\u0131da bulunarak burada ortaya \u00e7\u0131kt\u0131. Urals Devlet Konservatuvar\u0131, Boris Shtokolov ve Vera Bayeva gibi opera y\u0131ld\u0131zlar\u0131n\u0131 mezun etti ve Dmitry Liss y\u00f6netimindeki Ural Filarmoni Orkestras\u0131 uluslararas\u0131 alanda performans sergiliyor. Sirk sanatlar\u0131, 2012&#039;de Rusya&#039;n\u0131n Y\u0131l\u0131n Sirki se\u00e7ilen V. I. Filatov Devlet Sirki&#039;nde geli\u015fiyor.<\/p>\n<p>Yekaterinburg kamusal sanat ve mimariyi ayn\u0131 \u015fekilde kucaklar. Uralmash Beyaz Kulesi&#039;nden &#034;Uralskiy Rabochiy&#034; yay\u0131nevine kadar yap\u0131land\u0131rmac\u0131 simge yap\u0131lar 140&#039;\u0131 a\u015far. Sokak sanat\u0131 \u015fehre &#034;Sokak sanat\u0131n\u0131n Rus ba\u015fkenti&#034; lakab\u0131n\u0131 kazand\u0131rm\u0131\u015ft\u0131r. Tarihi yap\u0131lar, 1815&#039;ten 1842&#039;ye kadar aktif olan mimar Michael Malakhov&#039;un neoklasik m\u00fclklerinden, Opera Binas\u0131 ve yirminci y\u00fczy\u0131l\u0131n ba\u015flar\u0131nda in\u015fa edilen tren istasyonu gibi Barok ve eklektik yap\u0131lara kadar uzan\u0131r. Sovyet d\u00f6nemi neoklasizmi 1930&#039;larda-50&#039;lerde belediye binalar\u0131n\u0131 s\u00fcslerken, Kru\u015f\u00e7ev d\u00f6nemi apartman bloklar\u0131 1960&#039;larda-80&#039;lerde rasyonalist doktrinleri yans\u0131t\u0131r. 1990&#039;lardaki pazar reformlar\u0131 restorasyon ve &#034;cephe&#034; fenomenini g\u00f6rd\u00fc, tarihi cepheleri korurken modern dolgulara biti\u015fikti. Milenyumun ba\u015flang\u0131c\u0131yla birlikte y\u00fcksek teknolojili kuleler, i\u015f merkezleri ve l\u00fcks kompleksler ortaya \u00e7\u0131kt\u0131 ve bunlar\u0131n en b\u00fcy\u00fc\u011f\u00fc Jean Pistre taraf\u0131ndan tasarlanan Merkezi \u0130\u015f B\u00f6lgesi ve Iset Kulesi oldu.<\/p>\n<p>K\u00fclt\u00fcr b\u00f6lgesinde, 2015 y\u0131l\u0131nda a\u00e7\u0131lan Boris Yeltsin Ba\u015fkanl\u0131k Merkezi, Avrupa Konseyi taraf\u0131ndan 2017 y\u0131l\u0131nda Avrupa&#039;n\u0131n en iyi m\u00fczesi olarak onurland\u0131r\u0131ld\u0131. Ural Do\u011fa Bilimi Severler Derne\u011fi, \u015fu anda 350 t\u00fcrde 1.000&#039;den fazla hayvana ev sahipli\u011fi yapan bir hayvanat bah\u00e7esi kurdu. 2011&#039;den beri, &#034;K\u0131rm\u0131z\u0131 Hat&#034; yaya yolu ziyaret\u00e7ileri \u015fehrin kalbindeki otuz d\u00f6rt tarihi d\u00f6n\u00fcm noktas\u0131nda y\u00f6nlendiriyor ve saraylar\u0131, katedralleri ve halka a\u00e7\u0131k meydanlar\u0131 kendi rehberli\u011finde bir turda birbirine ba\u011fl\u0131yor.<\/p>\n<p>Yekaterinburg&#039;un hikayesi, k\u0131talar\u0131n ve \u00e7a\u011flar\u0131n bulu\u015fmas\u0131nda s\u00fcrekli bir d\u00f6n\u00fc\u015f\u00fcm\u00fcn hikayesidir. Bir maden karakolu olarak do\u011fu\u015fu, bir imparatorluk ve Sovyet end\u00fcstri merkezi olarak olgunla\u015fmas\u0131 ve finans, sanat ve mimarinin modern bir metropol\u00fc olarak ortaya \u00e7\u0131k\u0131\u015f\u0131, kal\u0131c\u0131 \u00f6nemini vurgular. B\u00fcy\u00fck Katerina d\u00f6neminden dijital \u00e7a\u011fa kadar, \u015fehir kaynak \u00e7\u0131karma ve yarat\u0131c\u0131 ifade, stratejik \u00f6nem ve k\u00fclt\u00fcrel yenilik aras\u0131nda denge kurmu\u015ftur. Sokaklar\u0131nda ve sil\u00fcetinde, yaln\u0131zca tarihin a\u011f\u0131rl\u0131\u011f\u0131n\u0131 de\u011fil, ayn\u0131 zamanda s\u00fcrekli olarak do\u011fuya ve bat\u0131ya, ge\u00e7mi\u015fe ve gelece\u011fe bakan bir \u015fehrin huzursuz h\u0131rs\u0131n\u0131 da alg\u0131lars\u0131n\u0131z.<\/p>","protected":false},"excerpt":{"rendered":"<p>Rusya&#039;n\u0131n Sverdlovsk Oblast\u0131 ve Ural Federal B\u00f6lgesi&#039;nin idari merkezi olan Yekaterinburg, \u0130set Nehri \u00fczerinde, Volga-Ural b\u00f6lgesi ve Sibirya aras\u0131nda yer almaktad\u0131r. \u015eehir s\u0131n\u0131rlar\u0131 i\u00e7inde yakla\u015f\u0131k 1,5 milyon ve metropol yerle\u015fiminde 2,2 milyona kadar n\u00fcfusu olan Yekaterinburg, Rusya&#039;n\u0131n d\u00f6rd\u00fcnc\u00fc b\u00fcy\u00fck \u015fehri ve Ural Federal B\u00f6lgesi&#039;nin en b\u00fcy\u00fc\u011f\u00fcd\u00fcr.<\/p>","protected":false},"author":1,"featured_media":4521,"parent":11976,"menu_order":0,"comment_status":"closed","ping_status":"closed","template":"elementor_theme","meta":{"_eb_attr":"","footnotes":""},"class_list":["post-12053","page","type-page","status-publish","has-post-thumbnail"],"_links":{"self":[{"href":"https:\/\/travelshelper.com\/tr\/wp-json\/wp\/v2\/pages\/12053","targetHints":{"allow":["GET"]}}],"collection":[{"href":"https:\/\/travelshelper.com\/tr\/wp-json\/wp\/v2\/pages"}],"about":[{"href":"https:\/\/travelshelper.com\/tr\/wp-json\/wp\/v2\/types\/page"}],"author":[{"embeddable":true,"href":"https:\/\/travelshelper.com\/tr\/wp-json\/wp\/v2\/users\/1"}],"replies":[{"embeddable":true,"href":"https:\/\/travelshelper.com\/tr\/wp-json\/wp\/v2\/comments?post=12053"}],"version-history":[{"count":0,"href":"https:\/\/travelshelper.com\/tr\/wp-json\/wp\/v2\/pages\/12053\/revisions"}],"up":[{"embeddable":true,"href":"https:\/\/travelshelper.com\/tr\/wp-json\/wp\/v2\/pages\/11976"}],"wp:featuredmedia":[{"embeddable":true,"href":"https:\/\/travelshelper.com\/tr\/wp-json\/wp\/v2\/media\/4521"}],"wp:attachment":[{"href":"https:\/\/travelshelper.com\/tr\/wp-json\/wp\/v2\/media?parent=12053"}],"curies":[{"name":"wp","href":"https:\/\/api.w.org\/{rel}","templated":true}]}}