{"id":12037,"date":"2024-09-15T12:46:46","date_gmt":"2024-09-15T12:46:46","guid":{"rendered":"https:\/\/travelshelper.com\/staging\/?page_id=12037"},"modified":"2026-03-12T21:54:54","modified_gmt":"2026-03-12T21:54:54","slug":"soci","status":"publish","type":"page","link":"https:\/\/travelshelper.com\/tr\/destinations\/europe\/russian-federation\/sochi\/","title":{"rendered":"So\u00e7i"},"content":{"rendered":"<p>Rusya&#039;n\u0131n en b\u00fcy\u00fck tatil \u015fehri olan So\u00e7i, Kuzey Kafkasya&#039;da Karadeniz boyunca 176,77 kilometrekarelik dar bir k\u0131y\u0131 \u015feridini kaplar ve 466.078 ki\u015filik bir belediye n\u00fcfusu ve yakla\u015f\u0131k 600.000&#039;e ula\u015fan bir kentsel alan n\u00fcfusu vard\u0131r. Kuzeybat\u0131daki Lazarevskoye&#039;den g\u00fcneydo\u011fudaki Adler&#039;e kadar 145 kilometre uzanan So\u00e7i, Avrupa&#039;n\u0131n en uzun \u015fehri ayr\u0131cal\u0131\u011f\u0131na sahiptir ve G\u00fcney Federal B\u00f6lgesi&#039;ndeki be\u015finci, Krasnodar Kray\u0131&#039;ndaki ikinci ve Karadeniz&#039;deki alt\u0131nc\u0131 en b\u00fcy\u00fck kentsel merkezdir. Moskova&#039;ya karayoluyla yakla\u015f\u0131k 1.603 kilometre uzakl\u0131kta bulunan So\u00e7i, subtropikal k\u0131y\u0131 \u015feritlerini dik, ormanl\u0131k yama\u00e7larla birle\u015ftirerek Rusya&#039;n\u0131n enlemlerinde e\u015fi benzeri olmayan bir tatil manzaras\u0131 sunar.<\/p>\n<p>\u015eehrin geli\u015fimi, k\u0131y\u0131, nehir ve da\u011f ortamlar\u0131n\u0131n birle\u015fti\u011fi stratejik konumuna dayanmaktad\u0131r. Eski Ub\u0131h sakinleri bu siteye &#034;sahil&#034; anlam\u0131na gelen &#034;\u0428\u044a\u0443\u0430\u0447\u0430&#034; ad\u0131n\u0131 vermi\u015flerdir ve 19. y\u00fczy\u0131l\u0131n ortalar\u0131na kadar ba\u011f\u0131ms\u0131z yerle\u015fim birimleri k\u00fcmesi olarak kalm\u0131\u015ft\u0131r. Rus askeri karakollar\u0131 ve Ceneviz ticaret karakollar\u0131 bir zamanlar k\u0131y\u0131 \u015feridini noktalayarak modern mikro b\u00f6lgelerin temellerini atm\u0131\u015ft\u0131r. G\u00fcn\u00fcm\u00fcz\u00fcn belediye yap\u0131s\u0131, Krasnaya Polyana&#039;n\u0131n kentsel tipteki yerle\u015fimi ve yetmi\u015f dokuz k\u0131rsal yerle\u015fim yeri ile birlikte Tsentralny, Lazarevsky, Khostinsky ve Adlersky olmak \u00fczere d\u00f6rt \u015fehir b\u00f6lgesini kapsamaktad\u0131r ve hepsi toplu olarak So\u00e7i Kentsel Okrugu olarak y\u00f6netilmektedir.<\/p>\n<p>Resmi olarak Tsentralny \u015fehir b\u00f6lgesi olan Orta So\u00e7i, sadece 32 kilometrekarelik bir alan\u0131 kaplar ancak yakla\u015f\u0131k 137.677 sakini ile en yo\u011fun b\u00f6lgedir. Burada, 19. y\u00fczy\u0131l kilise mimarisi, Stalinist simge yap\u0131larla sahil gezinti yollar\u0131n\u0131 payla\u015f\u0131r. Kafkas Sava\u015f\u0131&#039;n\u0131n sonunu anmak i\u00e7in 1873 ile 1891 y\u0131llar\u0131 aras\u0131nda in\u015fa edilen Ba\u015fmelek Mikail Katedrali, tarihi \u00e7ekirde\u011fi sabitler. Yak\u0131nlarda, 2006&#039;da dikilen k\u0131rm\u0131z\u0131 granit bir s\u00fctun, bu \u00e7at\u0131\u015fmada hayat\u0131n\u0131 kaybeden askerleri onurland\u0131r\u0131r ve Ba\u015fmelek Mikail&#039;in bronz heykeli, an\u0131t meydan\u0131n\u0131n yedi metre \u00fczerinde y\u00fckselir. Botanik u\u011fra\u015flar, egzotik palmiye ve subtropikal a\u011fa\u00e7 koleksiyonunun peyzajl\u0131 korular aras\u0131nda geli\u015fti\u011fi So\u00e7i Arboretumu&#039;nda somutla\u015f\u0131r. Arboretum&#039;un Mayors Alle\u00e9&#039;si, So\u00e7i&#039;nin uluslararas\u0131 tatil yeri stat\u00fcs\u00fcn\u00fc vurgulayan, ziyaret eden ileri gelenler taraf\u0131ndan sunulan palmiye dikimlerine sahiptir. Subtropikal Botanik Bah\u00e7esi&#039;nde, 1940&#039;tan beri d\u00fcnyan\u0131n d\u00f6rt bir yan\u0131ndan getirilen k\u00fclt\u00fcr bitkileriyle defalarca a\u015f\u0131lanan Melez Narenciye Dostluk A\u011fac\u0131 yer al\u0131yor; biti\u015fi\u011findeki m\u00fczede ise on binlerce diplomatik hediye korunuyor.<\/p>\n<p>\u015eehir merkezinin kuzeybat\u0131s\u0131nda, yakla\u015f\u0131k 1.744 kilometrekarelik bir alana yay\u0131lan ve 2010 say\u0131m\u0131na g\u00f6re 63.894 sakini bar\u0131nd\u0131ran Lazarevsky \u015fehir b\u00f6lgesi yer almaktad\u0131r. Alt b\u00f6lgeler aras\u0131nda, 1903&#039;ten kalma bir kilisenin ve \u00e7a\u011fda\u015f bir benzerinin bir yunus akvaryumunun yan\u0131nda bir arada bulundu\u011fu Lazarevskoye; Bizans d\u00f6neminden kalma bir kale kilisesinin kal\u0131nt\u0131lar\u0131na kar\u015f\u0131 konumlanan Loo; imparatorluk \u00e7ay tarlalar\u0131 ve II. Nicholas taraf\u0131ndan yapt\u0131r\u0131lan bir botanik bah\u00e7esi ve 1982&#039;den kalma bir nehir kenar\u0131 otel kompleksi ile \u00fcnl\u00fc Dagomys; ve K\u0131r\u0131m Sava\u015f\u0131&#039;nda y\u0131k\u0131lana kadar Decembrist mahkumlar\u0131n Fort Golovinsky&#039;de g\u00f6rev yapt\u0131\u011f\u0131 tarihi bir Shakhe Nehri a\u011fz\u0131 olan Golovinka yer almaktad\u0131r. Orta\u00e7a\u011f ticaretinin yank\u0131lar\u0131, bir zamanlar Bizansl\u0131lar taraf\u0131ndan savunulan, Hazarlar taraf\u0131ndan ku\u015fat\u0131lan ve Cenevizli t\u00fcccarlar taraf\u0131ndan yeniden in\u015fa edilen Fort Godlik&#039;in yetersiz kal\u0131nt\u0131lar\u0131nda varl\u0131\u011f\u0131n\u0131 s\u00fcrd\u00fcrmektedir.<\/p>\n<p>G\u00fcneydo\u011fuya do\u011fru, Khostinsky \u015fehir b\u00f6lgesi yakla\u015f\u0131k 374 kilometrekarelik bir alana yay\u0131l\u0131yor ve 65.229 sakine ev sahipli\u011fi yap\u0131yor. \u00c7ok say\u0131da dere, biti\u015fikteki mikro b\u00f6lgelere adlar\u0131n\u0131 veren yemye\u015fil vadiler oyuyor: Matsesta, &#034;alev rengi nehir&#034;, Kudepsta ve Khosta. Matsesta&#039;n\u0131n \u015fifal\u0131 kaynaklar\u0131 erken sanatoryum geli\u015fimini te\u015fvik etti; bir zamanlar ihracat i\u00e7in \u015fi\u015felenen mineral a\u00e7\u0131s\u0131ndan zengin sular\u0131, iyile\u015fenleri \u00e7ekmeye devam ediyor. Tepe manzaralar\u0131, yama\u00e7lara do\u011fru uzanan \u00e7ay tarlalar\u0131n\u0131 \u00e7er\u00e7eveliyor, z\u00fcmr\u00fct teraslar\u0131 Kafkas Biyosfer Rezervi&#039;ne do\u011fru y\u00fckseliyor. UNESCO D\u00fcnya Miras\u0131 Alan\u0131&#039;n\u0131n bir par\u00e7as\u0131 olan bu rezerv, kuzeydo\u011fuda Krasnodar Kray\u0131 ve Ad\u0131ge&#039;ye yay\u0131l\u0131yor ve So\u00e7i plajlar\u0131n\u0131n hemen i\u00e7 kesimlerinde bozulmam\u0131\u015f karma ormanlar\u0131 ve buzul vadilerini koruyor.<\/p>\n<p>G\u00fcney ucunda, 1.352 kilometrekarelik bir alan\u0131 kaplayan ve 76.534 n\u00fcfusa sahip Adlersky \u015fehir b\u00f6lgesi yer al\u0131r. 1961&#039;e kadar tarihsel olarak farkl\u0131 olan Adler, Karadeniz k\u0131y\u0131s\u0131n\u0131 yayla i\u00e7 b\u00f6lgeleriyle birle\u015ftirir. Bir zamanlar buray\u0131 i\u015fgal eden eski Sadz k\u00f6y\u00fc ve orta\u00e7a\u011f Ceneviz liman\u0131 yerini turistik gezinti yollar\u0131na ve uluslararas\u0131 bir havaalan\u0131na b\u0131rakm\u0131\u015ft\u0131r. K\u00f6rfezin \u00f6tesinde, arazi aniden Bat\u0131 Kafkasya&#039;ya do\u011fru y\u00fckselir ve burada bir aul a\u011f\u0131, uzak da\u011f k\u00f6yleri, geleneksel Ad\u0131ge k\u00fclt\u00fcr\u00fcn\u00fcn izleri ve alabal\u0131k bal\u0131k\u00e7\u0131l\u0131\u011f\u0131 Akhshtyr Ge\u00e7idi&#039;nin etraf\u0131nda k\u00fcmelenir. Burada, 160 metrelik bir kire\u00e7ta\u015f\u0131 ma\u011faras\u0131 binlerce y\u0131ll\u0131k insan yerle\u015fimini ortaya \u00e7\u0131kar\u0131r. Aslen bir Estonya kolonisi olan Estosadok yayla mezras\u0131, \u015fimdi 2014 K\u0131\u015f Olimpiyatlar\u0131 s\u0131ras\u0131nda Alp ve \u0130skandinav etkinliklerine ev sahipli\u011fi yapan kayak merkezi Krasnaya Polyana&#039;ya bir ge\u00e7it g\u00f6revi g\u00f6rmektedir.<\/p>\n<p>2014 K\u0131\u015f Oyunlar\u0131 ve XI Paralimpik Oyunlar\u0131, So\u00e7i&#039;nin d\u00f6n\u00fc\u015f\u00fcm\u00fcnde bir d\u00f6n\u00fcm noktas\u0131 oldu. Olimpiyat mekanlar\u0131 k\u0131y\u0131 k\u00fcmelerini ve da\u011f komplekslerini noktalad\u0131 ve kapsaml\u0131 altyap\u0131 iyile\u015ftirmeleri gerektirdi. Krasnaya Polyana&#039;n\u0131n kuzeyindeki dik bir vadide yer alan yak\u0131nlardaki Rosa Khutor kayak merkezi, yoku\u015f a\u015fa\u011f\u0131 ve atlama etkinliklerine ev sahipli\u011fi yapt\u0131. Oyunlara yap\u0131lan yat\u0131r\u0131m, ula\u015f\u0131m, misafirperverlik ve kentsel yenilemeyi kapsayan \u00f6nceki on y\u0131lda bir trilyon rubleyi a\u015ft\u0131. Demiryolu ba\u011flant\u0131lar\u0131 modernize edildi; be\u015f istasyon\u2014Dagomys, Sochi, Matsesta, Khosta ve Adler\u2014yenilenirken, Adler ve Estosadok&#039;ta yeni istasyonlar ortaya \u00e7\u0131kt\u0131. Hafif metro a\u011f\u0131 planlar\u0131 nihayetinde demiryolu yenilemesi lehine rafa kald\u0131r\u0131ld\u0131, ancak al\u00e7ak arazideki sanatoryumlar\u0131 ve yama\u00e7 otellerini birbirine ba\u011flayan teleferikler ve f\u00fcnik\u00fclerler \u00e7o\u011fald\u0131. 2014&#039;ten 2021&#039;e kadar \u00f6zel olarak in\u015fa edilmi\u015f bir k\u0131y\u0131 pistinde d\u00fczenlenen Formula 1&#039;in Rusya Grand Prix&#039;si, So\u00e7i&#039;nin \u00e7ok sezonlu bir destinasyon olarak profilini daha da sa\u011flamla\u015ft\u0131rd\u0131. 2018&#039;de So\u00e7i, FIFA D\u00fcnya Kupas\u0131 ma\u00e7lar\u0131na ev sahipli\u011fi yapan \u015fehir olarak Moskova ve Saint Petersburg&#039;a kat\u0131ld\u0131.<\/p>\n<p>Co\u011frafi olarak \u015fehir, Karadeniz&#039;in \u0131l\u0131man sular\u0131 ve Bat\u0131 Kafkasya&#039;n\u0131n sarp yama\u00e7lar\u0131yla \u00e7evrili ince bir koridoru kaplar. Alt\u0131 \u00f6nemli nehir bu b\u00f6lgeyi sular: Mzymta ve Shakhe da\u011f vadilerini ge\u00e7erek denize ula\u015f\u0131rken, Ashe, Psezuapse, Sochi, Khosta ve Matsesta nehirleri, ak\u0131\u015flar\u0131na g\u00f6re adland\u0131r\u0131lan mikro il\u00e7eleri ge\u00e7er. G\u00fcneydo\u011fuda, Psou Nehri fiili Abhazya devletiyle s\u0131n\u0131r\u0131 belirler. Tatil k\u00f6ylerinden i\u00e7eride, Sochi Milli Park\u0131 k\u0131y\u0131 \u015feridi ve biyosfer rezervi hari\u00e7 her yeri sarar ve hem i\u011fne yaprakl\u0131 yaylalar\u0131 hem de subtropikal ova kanyonlar\u0131n\u0131 korur.<\/p>\n<p>So\u00e7i&#039;nin iklimi \u00e7o\u011fu Rus \u015fehrinden keskin bir \u015fekilde farkl\u0131d\u0131r. D\u00fc\u015f\u00fck rak\u0131mlarda nemli subtropikal (K\u00f6ppen Cfa) olarak s\u0131n\u0131fland\u0131r\u0131l\u0131r, k\u0131\u015f\u0131n ortalama g\u00fcnd\u00fcz s\u0131cakl\u0131klar\u0131 11 \u00b0C ve yaz\u0131n 24 \u00b0C&#039;dir, buna kar\u015f\u0131l\u0131k gelen gece ortalamalar\u0131 s\u0131ras\u0131yla 4 \u00b0C ve 16 \u00b0C&#039;dir. Plaj sezonu deniz s\u0131cakl\u0131klar\u0131 \u015eubat ay\u0131nda 9 \u00b0C&#039;den A\u011fustos ay\u0131nda 27 \u00b0C&#039;ye kadar de\u011fi\u015fir. Yakla\u015f\u0131k 1.700 mm&#039;lik y\u0131ll\u0131k ya\u011f\u0131\u015f yakla\u015f\u0131k 2.200 g\u00fcne\u015f saatine d\u00fc\u015fer ve Nisan ve Kas\u0131m aylar\u0131nda g\u00fcnd\u00fcz en y\u00fckseklerinin bazen 20 \u00b0C&#039;ye ula\u015ft\u0131\u011f\u0131 \u0131l\u0131ml\u0131 ge\u00e7i\u015f mevsimleri yarat\u0131r. Subtropikal bir yap\u0131ya sahip olmas\u0131na ra\u011fmen, gece donlar\u0131 meydana gelir ve k\u0131\u015f\u0131n en d\u00fc\u015f\u00fck s\u0131cakl\u0131k -13,4 \u00b0C&#039;ye (25 Ocak 1892) d\u00fc\u015ferken, yaz\u0131n en y\u00fcksek s\u0131cakl\u0131k 30 Temmuz 2000&#039;de 39,4 \u00b0C&#039;ye ula\u015ft\u0131. \u015eehrin USDA dayan\u0131kl\u0131l\u0131k b\u00f6lgeleri 8b ila 9a aras\u0131nda s\u0131n\u0131fland\u0131r\u0131lmas\u0131, \u00e7e\u015fitli palmiyelerin ve \u00e7ay\u0131n yeti\u015ftirilmesine izin verir; bu, Rus tar\u0131m\u0131nda nadir g\u00f6r\u00fclen bir durumdur.<\/p>\n<p>\u00c7ay yeti\u015ftiricili\u011fi belirgin bir ekonomik ve k\u00fclt\u00fcrel ba\u011f\u0131 temsil eder. So\u00e7i&#039;nin kuzeydeki plantasyonlar\u0131 k\u00f6kenlerini II. Nicholas&#039;\u0131n Dagomys ve \u00e7evresindeki vadilerde bah\u00e7eler yapt\u0131rd\u0131\u011f\u0131 19. y\u00fczy\u0131la bor\u00e7ludur. G\u00fcn\u00fcm\u00fczde \u00e7ay fabrikalar\u0131 ithal edilenlerin yan\u0131 s\u0131ra yerel yapraklar\u0131 da i\u015fliyor ve miras alanlar\u0131 m\u00fcze \u00e7iftlikleri ve tad\u0131m mekanlar\u0131 olarak hizmet veriyor. Ayn\u0131 \u015fekilde, subtropikal Arboretum egzotik bitki \u00f6rt\u00fcs\u00fcnde deneylere tan\u0131kl\u0131k ediyor; seralar\u0131 ve peyzajl\u0131 vadileri b\u00f6lgenin iklim n\u00fcanslar\u0131n\u0131 yans\u0131tan t\u00fcrler sergiliyor.<\/p>\n<p>Ekonomik olarak So\u00e7i hem bir tatil m\u0131knat\u0131s\u0131 hem de b\u00f6lgesel bir b\u00fcy\u00fcme motoru i\u015flevi g\u00f6r\u00fcyor. Ekonomist-co\u011frafyac\u0131 Natalia Zubarevich, \u015fehri Rusya&#039;n\u0131n &#034;e\u011flence ba\u015fkenti&#034; olarak nitelendirdi ve refah\u0131 ulusal kalk\u0131nma vekt\u00f6rlerini etkiliyor. 2015 y\u0131l\u0131nda, perakende ticareti ekonomisinin &#039;unu olu\u015ftururken, bunu in\u015faat (), tatil k\u00f6y\u00fc ve turizm hizmetleri (), sanayi (,6), ula\u015f\u0131m (%3,5) ve tar\u0131m (%0,9) takip etti. Orta ve b\u00fcy\u00fck \u00f6l\u00e7ekli i\u015fletmeler 2017 y\u0131l\u0131nda bir \u00f6nceki y\u0131la g\u00f6re art\u0131\u015fla 191,3 milyar rubleyi a\u015fan bir ciro bildirdi. 2005&#039;ten bu yana, So\u00e7i ekonomisine yap\u0131lan toplam yat\u0131r\u0131mlar 1,1 trilyon rubleyi a\u015ft\u0131 ve bu da Olimpiyatlara ve daha geni\u015f kapsaml\u0131 yeniden geli\u015ftirme \u00e7abalar\u0131na ba\u011fl\u0131 sermaye art\u0131\u015f\u0131n\u0131 yans\u0131t\u0131yor.<\/p>\n<p>Ulusal s\u0131ralamalarda So\u00e7i s\u00fcrekli olarak iyi performans g\u00f6sterdi. Urbanika Enstit\u00fcs\u00fc, 2010 y\u0131l\u0131nda Rus \u015fehirleri aras\u0131nda ya\u015fam kalitesi a\u00e7\u0131s\u0131ndan So\u00e7i&#039;yi birinci s\u0131raya koydu ve 2014 ve 2015&#039;te h\u0131zl\u0131 geli\u015fme, \u00e7evresel \u00e7ekicilik ve kamu g\u00fcvenli\u011fi nedeniyle ilk be\u015fe yerle\u015ftirdi. Forbes Rusya, yat\u0131r\u0131m ak\u0131\u015flar\u0131n\u0131 ve ortaya \u00e7\u0131kan finansal hizmet sekt\u00f6rlerini kabul ederek So\u00e7i&#039;yi 2012&#039;de i\u015f i\u00e7in en iyi \u015fehir olarak tan\u0131d\u0131. Turizm end\u00fcstrisi tek ba\u015f\u0131na 2015 y\u0131l\u0131nda yakla\u015f\u0131k 30 milyar ruble gelir elde etti - \u00fclkenin toplam konaklama ve misafirperverlik pazar\u0131n\u0131n ,6&#039;s\u0131na e\u015fit. Y\u0131ll\u0131k turist var\u0131\u015flar\u0131 2016&#039;da %5,9 art\u0131\u015fla 5,2 milyonun \u00fczerine \u00e7\u0131kt\u0131 ve ortalama otel doluluk oran\u0131 &#039;ye yak\u0131nd\u0131, ancak olduk\u00e7a mevsimseldi.<\/p>\n<p>Konaklama se\u00e7enekleri aras\u0131nda 66 sanatoryum, 20 pansiyon ve rekreasyon merkezi ve 618 otel de dahil olmak \u00fczere 705 s\u0131n\u0131fland\u0131r\u0131lm\u0131\u015f tesis yer al\u0131r. Plaj operat\u00f6rleri 183 belirlenmi\u015f b\u00f6lgeyi y\u00f6netirken, y\u00fczden fazla tur \u015firketi da\u011f rezervlerine, k\u00fclt\u00fcrel d\u00f6n\u00fcm noktalar\u0131na ve a\u00e7\u0131k deniz cazibe merkezlerine geziler d\u00fczenler. Denizcilik faaliyetleri, mimarlar Karo Alabyan ve Leonid Karlik taraf\u0131ndan 1955&#039;te tamamlanan Stalinist tarzdaki liman terminalinde yo\u011funla\u015f\u0131r; 71 metrelik sivri kulesi ve alegorik heykelleri mevsimleri ve ana y\u00f6nleri kutlar. E\u011flence tekneleri ve ticari gemiler, sanatsal salonlar\u0131n\u0131 payla\u015f\u0131r.<\/p>\n<p>Ula\u015f\u0131m altyap\u0131s\u0131 geli\u015fmeye devam ediyor. Adler-So\u00e7i Uluslararas\u0131 Havaalan\u0131, Moskova, Saint Petersburg, \u0130stanbul ve b\u00f6lgesel merkezlere ba\u011flanan i\u00e7 hat ve s\u0131n\u0131rl\u0131 uluslararas\u0131 u\u00e7u\u015flar\u0131 y\u00f6netiyor. Toplu ta\u015f\u0131ma, Merkez Askeri Sanatoryum ve Ordzhonikidze Tatil K\u00f6y\u00fc&#039;ndeki yard\u0131mc\u0131 f\u00fcnik\u00fclerler ve Dawn Arboretum Sanatoryumu ve Neva Pansiyonu&#039;ndaki \u00fc\u00e7 teleferikle desteklenen bir otob\u00fcs ve taksi a\u011f\u0131ndan olu\u015fuyor. Krasnaya Polyana&#039;da, di\u011fer teleferikler k\u0131\u015f sporlar\u0131 merakl\u0131lar\u0131n\u0131 deniz seviyesinden bin metreyi a\u015fan y\u00fckseklik kazan\u0131mlar\u0131na ula\u015ft\u0131r\u0131yor.<\/p>\n<p>So\u00e7i&#039;deki k\u00fclt\u00fcrel ya\u015fam y\u0131ll\u0131k festivaller ve sahne sanatlar\u0131 etraf\u0131nda \u015fekillenir. 1991&#039;den beri her yaz d\u00fczenlenen Kinotavr film festivali, Rus ve uluslararas\u0131 sinemay\u0131 yerel ekranlara ta\u015f\u0131r. Senfoni konserleri, oda resitalleri ve bale performanslar\u0131, Oleg Soldatov&#039;un y\u0131llarca \u015fefli\u011fini yapt\u0131\u011f\u0131 So\u00e7i Senfoni Orkestras\u0131&#039;n\u0131n hem b\u00f6lge sakinlerini hem de ziyaret\u00e7ileri e\u011flendirdi\u011fi Organ ve Oda M\u00fczi\u011fi Salonu da dahil olmak \u00fczere yenilenmi\u015f salonlarda ger\u00e7ekle\u015fir. B\u00f6lgesel tarih, sanat ve do\u011fa bilimlerine adanm\u0131\u015f m\u00fczeler, yeniden i\u015flevlendirilen ticari binalarda ve \u00f6zel olarak in\u015fa edilmi\u015f galerilerde yer al\u0131r.<\/p>\n<p>So\u00e7i&#039;nin k\u00fcresel profili y\u00fckselse bile, \u00e7evresel y\u00f6neticilik temel bir endi\u015fe olmaya devam ediyor. Kafkas Biyosfer Rezervi ve biti\u015fik milli park, Kafkas kar horozu ve \u0130ran leopar\u0131 gibi endemik t\u00fcrleri korurken, k\u0131y\u0131 topluluklar\u0131na i\u00e7me suyu sa\u011flayan nehirler i\u00e7in su havzas\u0131 b\u00fct\u00fcnl\u00fc\u011f\u00fcn\u00fc koruyor. S\u00fcrd\u00fcr\u00fclebilir turizm giri\u015fimleri d\u00fc\u015f\u00fck etkili y\u00fcr\u00fcy\u00fc\u015f ve yaban hayat\u0131 g\u00f6zlemini te\u015fvik ediyor ve yeniden ormanland\u0131rma projeleri, ge\u00e7mi\u015fteki geli\u015fmelerle \u00e7\u0131plak kalm\u0131\u015f yama\u00e7lar\u0131 rehabilite etmeyi ama\u00e7l\u0131yor. Yerel yetkililer, ekonomik f\u0131rsat ile ekosistemin korunmas\u0131 aras\u0131nda denge kurmaya \u00e7al\u0131\u015farak, kontrols\u00fcz k\u0131y\u0131 \u015feridi in\u015faat\u0131na kar\u015f\u0131 d\u00fczenlemeler uyguluyor.<\/p>\n<p>Altyap\u0131 ve finans, devam eden kentsel modernizasyonda i\u00e7 i\u00e7e ge\u00e7iyor. Geni\u015f bant a\u011flar\u0131 ve fiber optik ba\u011flant\u0131, K\u0131\u015f Oyunlar\u0131 \u00f6ncesinde \u00f6nemli \u00f6l\u00e7\u00fcde geni\u015fledi ve kamu g\u00fcvenli\u011fi ve trafik y\u00f6netiminde ak\u0131ll\u0131 \u015fehir uygulamalar\u0131na olanak sa\u011flad\u0131. K\u0131y\u0131 \u015feridi gezinti yollar\u0131 ve nehir k\u0131y\u0131lar\u0131 mevsimsel ta\u015fk\u0131nlara kar\u015f\u0131 koymak i\u00e7in yeniden in\u015fa edildi ve kanalizasyon sistemleri yo\u011fun sezondaki n\u00fcfusa hizmet verecek \u015fekilde y\u00fckseltildi. Yat\u0131r\u0131m te\u015fvikleri teknoloji ve hizmet firmalar\u0131n\u0131 \u00e7ekerek So\u00e7i&#039;nin ekonomik temelini misafirperverli\u011fin \u00f6tesine ta\u015f\u0131yor.<\/p>\n<p>\u00d6nde gelen Rus \u00fcniversitelerinin \u015fubeleri de dahil olmak \u00fczere e\u011fitim kurumlar\u0131, subtropikal tar\u0131m, sismik risk azaltma ve turizm y\u00f6netimi \u00fczerine ara\u015ft\u0131rmalar y\u00fcr\u00fct\u00fcyor. Uluslararas\u0131 konferanslar, iklim adaptasyonu ve miras koruma konusunda uzmanlar\u0131 bir araya getirerek, So\u00e7i&#039;nin Avrupa ve Asya&#039;n\u0131n kav\u015fa\u011f\u0131nda e\u015fsiz konumunu de\u011ferlendiriyor. UNESCO ve Uluslararas\u0131 Do\u011fa Koruma Birli\u011fi ile i\u015f birli\u011fi programlar\u0131, korunan alan y\u00f6netimini ele al\u0131rken, k\u00fclt\u00fcrel de\u011fi\u015fim giri\u015fimleri Kafkas m\u00fczi\u011fi, dans\u0131 ve el sanatlar\u0131n\u0131 \u00f6ne \u00e7\u0131kar\u0131yor.<\/p>\n<p>\u0130leriye bak\u0131ld\u0131\u011f\u0131nda, So\u00e7i y\u0131l boyunca aktiviteyi s\u00fcrd\u00fcrme zorlu\u011fuyla kar\u015f\u0131 kar\u015f\u0131yad\u0131r. Noel pazarlar\u0131, sanat sergileri ve sa\u011fl\u0131kl\u0131 ya\u015fam merkezleri gibi k\u0131\u015f aylar\u0131nda k\u00fclt\u00fcrel turizmi te\u015fvik etme \u00e7abalar\u0131 mevsimsel dalgalanmalar\u0131 yumu\u015fatmay\u0131 ama\u00e7lamaktad\u0131r. Krasnaya Polyana ve Olimpiyat Park\u0131&#039;ndaki kayak ve da\u011f bisikleti tesislerinin geni\u015fletilmesi, yerli ve b\u00f6lgesel ziyaret\u00e7ileri \u00e7ekmeyi ama\u00e7lamaktad\u0131r. Yeni vadilere teleferik ba\u011flant\u0131lar\u0131 i\u00e7in \u00f6neriler, \u00e7evresel de\u011ferlendirmeler bu t\u00fcr projeleri k\u0131s\u0131tlasa da ek da\u011fl\u0131k araziler a\u00e7abilir.<\/p>\n<p>\u015eehir planlamac\u0131lar\u0131 ayr\u0131ca demografik e\u011filimleri de g\u00f6z \u00f6n\u00fcnde bulundurur: Ya\u015flanan yerle\u015fik n\u00fcfus ve gelen g\u00f6\u00e7menlerle So\u00e7i, uygun fiyatl\u0131 konut ve sosyal altyap\u0131y\u0131 ele almal\u0131d\u0131r. Sa\u011fl\u0131k hizmetleri, spor yaralanmalar\u0131 ve iklimsel fakt\u00f6rlerle ilgili kronik rahats\u0131zl\u0131klar konusunda uzmanla\u015fm\u0131\u015f modern klinikler ve rehabilitasyon merkezleri taraf\u0131ndan desteklenmi\u015ftir. Devlet okullar\u0131 ve meslek kolejleri, i\u015f g\u00fcc\u00fc piyasas\u0131 taleplerine yan\u0131t veren misafirperverlik, tar\u0131m ve teknik mesleklerle uyumlu programlar sunmaktad\u0131r.<\/p>\n<p>Ta\u015f\u0131mac\u0131l\u0131kta, mikro il\u00e7eler aras\u0131ndaki hafif rayl\u0131 sistem ba\u011flant\u0131lar\u0131 i\u00e7in \u00f6neriler, mevcut otob\u00fcs ve taksi a\u011flar\u0131na g\u00f6re maliyet-fayda oranlar\u0131n\u0131 de\u011ferlendiren \u00e7al\u0131\u015fmalarla yeniden ortaya \u00e7\u0131kabilir. Modern tramvaylar veya elektrikli minib\u00fcsler, yo\u011fun tatil sezonu trafi\u011fi ya\u015fayan k\u0131y\u0131 otoyolu boyunca yol s\u0131k\u0131\u015f\u0131kl\u0131\u011f\u0131n\u0131 azaltabilir. B\u00f6lgesel limanlara giden y\u00fcksek h\u0131zl\u0131 feribotlar da dahil olmak \u00fczere su yolu ta\u015f\u0131mac\u0131l\u0131\u011f\u0131, Anapa ve Novorossiysk gibi var\u0131\u015f noktalar\u0131na alternatif ba\u011flant\u0131lar sunabilir.<\/p>\n<p>K\u00fclt\u00fcrel olarak, \u015fehrin \u00e7ok etnikli miras\u0131n\u0131 vurgulama \u00e7abalar\u0131 Ub\u0131h, Adige, G\u00fcrc\u00fc ve Rus anlat\u0131lar\u0131ndan yararlan\u0131r. M\u00fczeler ve yorumlama merkezleri, ge\u00e7mi\u015f ve \u015fimdiki zaman aras\u0131nda k\u00f6pr\u00fc kurarak Tarih \u00d6ncesi ve Orta \u00c7a\u011f d\u00f6nemlerine ait arkeolojik buluntular\u0131 ba\u011flamland\u0131rmay\u0131 hedefler. Ortodoks ve M\u00fcsl\u00fcman miras alanlar\u0131n\u0131n yan\u0131 s\u0131ra Kafkas m\u00fczi\u011fi ve mutfa\u011f\u0131n\u0131 kutlayan festivaller, So\u00e7i&#039;nin geleneklerin bulu\u015fma noktas\u0131 rol\u00fcn\u00fc vurgular.<\/p>\n<p>Bu nedenle So\u00e7i, co\u011frafi kar\u015f\u0131tl\u0131\u011f\u0131n \u00e7arp\u0131c\u0131 bir \u00f6rne\u011fi olarak kar\u015f\u0131m\u0131za \u00e7\u0131k\u0131yor: buzul da\u011flar\u0131na biti\u015fik nemli bir subtropikal k\u0131y\u0131, y\u00fczy\u0131llard\u0131r var olan k\u00f6ylerle i\u00e7 i\u00e7e ge\u00e7mi\u015f modern tatil olanaklar\u0131 ve mevsimsel turizmden y\u0131l boyu \u00e7e\u015fitlili\u011fe do\u011fru evrilen bir ekonomi. Nehirle kesi\u015fen yama\u00e7lar\u0131ndan UNESCO taraf\u0131ndan korunan ormanlar\u0131na, Olimpik ihti\u015fam\u0131ndan samimi botanik koleksiyonlar\u0131na kadar \u015fehir, do\u011fal ve be\u015feri tarihlerin bir araya gelmesini temsil ediyor. Devam eden zorlu\u011fu, bu ikili miras\u0131 beslemekte yat\u0131yor: ekolojik b\u00fct\u00fcnl\u00fc\u011f\u00fc korurken, So\u00e7i&#039;nin Rusya&#039;n\u0131n \u00f6nde gelen sahil beldesi olarak y\u00fckseli\u015fini tan\u0131mlayan sosyal ve altyap\u0131sal canl\u0131l\u0131\u011f\u0131 s\u00fcrd\u00fcrmek.<\/p>","protected":false},"excerpt":{"rendered":"<p>Rusya&#039;n\u0131n en b\u00fcy\u00fck tatil \u015fehri olan So\u00e7i, G\u00fcney Rusya&#039;da Karadeniz k\u0131y\u0131s\u0131nda yer al\u0131r ve 466.078 ki\u015filik bir n\u00fcfusa ve 600.000&#039;e kadar n\u00fcfusa sahip bir kentsel alan kapasitesine sahiptir. Bu ola\u011fan\u00fcst\u00fc metropol 145 kilometreden fazla uzan\u0131r ve Avrupa&#039;n\u0131n en uzun \u015fehridir ve 176,77 kilometrekarelik bir alana sahiptir. So\u00e7i&#039;nin Moskova&#039;ya yakla\u015f\u0131k 1.603 kilometre uzakl\u0131ktaki So\u00e7i Nehri boyunca avantajl\u0131 konumu, b\u00f6lgedeki \u00f6nemli bir turizm merkezi ve ticari merkez olarak stat\u00fcs\u00fcn\u00fc art\u0131rm\u0131\u015ft\u0131r.<\/p>","protected":false},"author":1,"featured_media":4089,"parent":11976,"menu_order":0,"comment_status":"closed","ping_status":"closed","template":"elementor_theme","meta":{"_eb_attr":"","footnotes":""},"class_list":["post-12037","page","type-page","status-publish","has-post-thumbnail"],"_links":{"self":[{"href":"https:\/\/travelshelper.com\/tr\/wp-json\/wp\/v2\/pages\/12037","targetHints":{"allow":["GET"]}}],"collection":[{"href":"https:\/\/travelshelper.com\/tr\/wp-json\/wp\/v2\/pages"}],"about":[{"href":"https:\/\/travelshelper.com\/tr\/wp-json\/wp\/v2\/types\/page"}],"author":[{"embeddable":true,"href":"https:\/\/travelshelper.com\/tr\/wp-json\/wp\/v2\/users\/1"}],"replies":[{"embeddable":true,"href":"https:\/\/travelshelper.com\/tr\/wp-json\/wp\/v2\/comments?post=12037"}],"version-history":[{"count":0,"href":"https:\/\/travelshelper.com\/tr\/wp-json\/wp\/v2\/pages\/12037\/revisions"}],"up":[{"embeddable":true,"href":"https:\/\/travelshelper.com\/tr\/wp-json\/wp\/v2\/pages\/11976"}],"wp:featuredmedia":[{"embeddable":true,"href":"https:\/\/travelshelper.com\/tr\/wp-json\/wp\/v2\/media\/4089"}],"wp:attachment":[{"href":"https:\/\/travelshelper.com\/tr\/wp-json\/wp\/v2\/media?parent=12037"}],"curies":[{"name":"wp","href":"https:\/\/api.w.org\/{rel}","templated":true}]}}