{"id":12022,"date":"2024-09-15T12:33:42","date_gmt":"2024-09-15T12:33:42","guid":{"rendered":"https:\/\/travelshelper.com\/staging\/?page_id=12022"},"modified":"2026-03-12T21:59:02","modified_gmt":"2026-03-12T21:59:02","slug":"novosibirsk","status":"publish","type":"page","link":"https:\/\/travelshelper.com\/tr\/destinations\/europe\/russian-federation\/novosibirsk\/","title":{"rendered":"Novosibirsk"},"content":{"rendered":"<p>Novosibirsk, 2021 n\u00fcfus say\u0131m\u0131nda kaydedilen 1.633.595 sakiniyle Sibirya&#039;n\u0131n en kalabal\u0131k \u015fehri olarak \u00f6ne \u00e7\u0131k\u0131yor ve hem Novosibirsk Oblast\u0131&#039;n\u0131n hem de Sibirya Federal B\u00f6lgesi&#039;nin idari merkezi olarak hizmet veriyor. Bat\u0131 Sibirya Ovas\u0131&#039;ndaki Ob Nehri k\u0131y\u0131s\u0131nda 55\u00b0N&#039;de yer alan \u015fehir, Moskova&#039;n\u0131n 2.811 kilometre do\u011fusunda \u00f6nemli bir ge\u00e7i\u015f noktas\u0131n\u0131 i\u015fgal ediyor ve yerel hidroelektrik santrali taraf\u0131ndan olu\u015fturulan Novosibirsk Rezervuar\u0131 taraf\u0131ndan \u00e7izilen g\u00fcney s\u0131n\u0131r\u0131na kadar uzan\u0131yor. 1893&#039;te Trans-Sibirya Demiryolu&#039;nun gelecekteki kav\u015fa\u011f\u0131nda kurulan \u015fehir, Novonikolayevsk olarak ba\u015flad\u0131\u011f\u0131 yerden \u00e7ok y\u00f6nl\u00fc bir end\u00fcstri, ara\u015ft\u0131rma ve k\u00fclt\u00fcr merkezine d\u00f6n\u00fc\u015ft\u00fc.<\/p>\n<p>Novonikolayevsk, imparatorluk demiryollar\u0131 m\u00fchendislerinin ivmesinin do\u011fal co\u011frafyayla kesi\u015fti\u011fi Ob Nehri&#039;nin al\u00e7ak, batakl\u0131k ta\u015fk\u0131n yata\u011f\u0131nda ortaya \u00e7\u0131kt\u0131. 1897&#039;de Novosibirsk Demiryolu K\u00f6pr\u00fcs\u00fc&#039;n\u00fcn tamamlanmas\u0131yla Avrupa Rusya&#039;s\u0131 u\u00e7suz bucaks\u0131z Sibirya i\u00e7 kesimleriyle birle\u015fti ve 1907&#039;de yerle\u015fimin n\u00fcfusu k\u00f6pr\u00fcn\u00fcn a\u00e7\u0131l\u0131\u015f\u0131nda 8.000&#039;den 47.000&#039;in \u00fczerine \u00e7\u0131kt\u0131. Tam belediye haklar\u0131yla birlikte kasaba stat\u00fcs\u00fc verilen yerle\u015fim, \u0130mparator II. Nikolay&#039;a ithafen &#034;Yeni Nikolay&#034; ad\u0131n\u0131 ta\u015f\u0131yordu. Rus \u0130\u00e7 Sava\u015f\u0131&#039;n\u0131n \u00e7alkant\u0131lar\u0131, geli\u015fen toplulu\u011fa ciddi zararlar verdi, ancak Sovyet g\u00fcc\u00fcn\u00fcn sa\u011flamla\u015fmas\u0131yla \u015fehir sadece toparlanmakla kalmad\u0131, ayn\u0131 zamanda geli\u015fimini de h\u0131zland\u0131rd\u0131. 1926&#039;da, Sovyet modernitesinin merkezi olarak ortaya \u00e7\u0131kan kimli\u011fini i\u015faret eden Novosibirsk ad\u0131n\u0131 ald\u0131 -kelimenin tam anlam\u0131yla &#034;Yeni Sibirya&#034;-.<\/p>\n<p>Joseph Stalin&#039;in sanayile\u015fme hamlesi alt\u0131nda Novosibirsk, Sibirya&#039;n\u0131n \u00f6nde gelen \u00fcretim ba\u015fkentlerinden biri haline geldi. \u0130kinci D\u00fcnya Sava\u015f\u0131 s\u0131ras\u0131nda SSCB&#039;nin Avrupa yakas\u0131ndan ta\u015f\u0131nan fabrikalar burada g\u00fcvenli bir liman buldu ve \u015fehri b\u00fcy\u00fck bir makine, askeri donan\u0131m ve malzeme \u00fcreticisine d\u00f6n\u00fc\u015ft\u00fcrd\u00fc. Sava\u015f sonras\u0131 geni\u015fleme, 1957&#039;de kent merkezinin yakla\u015f\u0131k otuz kilometre g\u00fcneyinde Akademgorodok&#039;un kurulmas\u0131n\u0131 i\u00e7eriyordu ve bu, \u015fehrin bilimsel ara\u015ft\u0131rma merkezi olarak y\u00fckseli\u015fini i\u015faret ediyordu. Bir milyonluk n\u00fcfus d\u00f6n\u00fcm noktas\u0131na 1962&#039;de ula\u015f\u0131ld\u0131 ve sonraki on y\u0131llar, bug\u00fcn havac\u0131l\u0131k, n\u00fckleer yak\u0131t \u00fcretimi, t\u00fcrbin ve jenerat\u00f6r \u00fcretimi, tekstil ve tar\u0131m makineleri, elektronik bile\u015fenler ve metalurjiyi kapsayan \u00e7e\u015fitlendirilmi\u015f bir ekonominin b\u00fcy\u00fcmesine tan\u0131k oldu.<\/p>\n<p>End\u00fcstriyel kompleks yakla\u015f\u0131k 214 b\u00fcy\u00fck ve orta \u00f6l\u00e7ekli i\u015fletmeden olu\u015fmaktad\u0131r. Chkalov&#039;un Novosibirsk U\u00e7ak Fabrikas\u0131 havac\u0131l\u0131k sekt\u00f6r\u00fcn\u00fc temsil ederken, Novosibirsk Kimyasal Konsantre Fabrikas\u0131 n\u00fckleer yak\u0131t end\u00fcstrisini y\u00f6nlendirmektedir. NPO ELSIB turbo ve hidroelektrik jenerat\u00f6rleri \u00fcretir ve Textilmach ve NPO Sibselmash s\u0131ras\u0131yla tekstil ve tar\u0131m makineleri tedarik eder. Elektronik \u00fcretimi Novosibirsk Fabrikas\u0131 ve Yar\u0131iletken Cihazlar Tasar\u0131m B\u00fcrosu ve OXID Novosibirsk Radyo Bile\u015fenleri Fabrikas\u0131 taraf\u0131ndan temsil edilmektedir. Kuzmina&#039;n\u0131n Novosibirsk Metalurji Fabrikas\u0131 ve Novosibirsk Kalay Fabrikas\u0131 gibi metalurji \u00e7al\u0131\u015fmalar\u0131 \u015fehrin metal i\u015fleme ve nadir metal i\u015flemedeki rol\u00fcn\u00fc vurgular.<\/p>\n<p>\u0130dari olarak Novosibirsk, Novosibirsk \u015eehri&#039;ni olu\u015fturan \u00e7evredeki il\u00e7elerle e\u015fit stat\u00fcye sahip bir birim olarak dahil edilmi\u015ftir. Ayr\u0131ca Novosibirsky B\u00f6lgesi&#039;nin idari merkezi olarak hizmet vermektedir, ancak yetki alan\u0131 i\u00e7inde yer almamaktad\u0131r. Belediye olarak, t\u00fcm kentsel b\u00f6lge Novosibirsk Kentsel Okrugu&#039;nu olu\u015fturmaktad\u0131r. \u015eehrin n\u00fcfusu 2010 say\u0131m\u0131nda 1.473.754&#039;ten 2021&#039;de 1.633.595&#039;e y\u00fckselmi\u015ftir ve bu, seksenin \u00fczerinde etnik k\u00f6ken ve milliyeti kapsayan devam eden demografik b\u00fcy\u00fcmeyi yans\u0131tmaktad\u0131r. Etnik olarak, en b\u00fcy\u00fck gruplar Ruslar, Tacikler, Tatarlar, \u00d6zbekler, Ukraynal\u0131lar ve K\u0131rg\u0131zlardan olu\u015fmaktad\u0131r.<\/p>\n<p>Novosibirsk&#039;in kentsel dokusu, ard\u0131\u015f\u0131k planlama a\u015famalar\u0131 boyunca evrim ge\u00e7irdi. 1917&#039;den \u00f6nce, demiryolu y\u00f6netim merkezi, ana istasyon ve neo-Bizans tarz\u0131 Alexander Nevsky Katedrali gibi bina k\u00fcmeleri ta\u015fk\u0131n yata\u011f\u0131na da\u011f\u0131lm\u0131\u015f halde duruyordu. Devrim daha tutarl\u0131 bir kentsel d\u00fczenlemeye \u00f6nc\u00fcl\u00fck etti: 1925&#039;te, \u015fehrin ana caddesi olacak olan Krasny Prospekt&#039;e Lenin Evi in\u015fa edildi ve istasyonun yak\u0131n\u0131ndaki Barnaulskaya Caddesi&#039;ne bir Lenin an\u0131t\u0131 yerle\u015ftirildi. 1920&#039;lerin sonlar\u0131na do\u011fru, Novosibirsk Opera ve Bale Tiyatrosu&#039;nun in\u015fas\u0131na 1931&#039;de ba\u015flanan eski Pazar Meydan\u0131 -Bazarnaya Ploschad- etraf\u0131nda fiili bir merkez olu\u015fmaya ba\u015flad\u0131. Kentin \u00e7evresine kurulan Stalin K\u00fclt\u00fcr ve Dinlenme Park\u0131, bo\u015f zamanlar\u0131, y\u00f6netimi ve sanatlar\u0131 birbirine ba\u011flayan radyal bir eksen olu\u015fturdu.<\/p>\n<p>Novosibirsk&#039;in mimari tuvali \u00e7e\u015fitli stilleri kapsar. \u0130mparatorluk Rusya&#039;s\u0131ndan kalma eklektik ve modernist yap\u0131lar, 1930&#039;lar\u0131n Stalinist neoklasizmi ve Sovyet modernizminin temiz \u00e7izgileriyle birlikte kal\u0131r. Ge\u00e7 Sovyet Brutalist yap\u0131lar\u0131 an\u0131tsal bir nitelik kazand\u0131r\u0131rken, mozaikler, kabartmalar ve kamusal heykeller cepheleri vurgulayarak d\u00f6nemin sivil sanata olan e\u011filimini yans\u0131t\u0131r. Genellikle &#034;Sibirya Kolezyumu&#034; olarak adland\u0131r\u0131lan Novosibirsk Opera ve Bale Tiyatrosu, erken Sovyet tasar\u0131m\u0131n\u0131n cesur \u00f6l\u00e7e\u011fini ve h\u0131rs\u0131n\u0131 \u00f6rneklendirir. Y\u00fckselen kabuk \u00e7at\u0131s\u0131 ve geni\u015f oditoryumu \u015fehrin k\u00fclt\u00fcrel \u00f6zlemlerini yans\u0131t\u0131r. Yak\u0131nlardaki Alexander Nevsky Katedrali, kubbeleriyle devrim \u00f6ncesi dini mimariyi an\u0131msatan z\u0131t bir manevi boyut sunar.<\/p>\n<p>Ob Nehri hem co\u011frafyay\u0131 hem de ula\u015f\u0131m\u0131 \u015fekillendirir. \u00dc\u00e7 yol k\u00f6pr\u00fcs\u00fc\u2014Kommunalny, Dimitrovsky ve Bugrinsky\u2014su yolunun iki demir yolu viyad\u00fc\u011f\u00fc ve Novosibirsk Metrosu&#039;nun metro k\u00f6pr\u00fcs\u00fc boyunca uzan\u0131r. \u015eehrin g\u00fcney ucunda bulunan Novosibirsk Hidroelektrik Santrali&#039;nin baraj\u0131, enerji jenerat\u00f6r\u00fc ve trafik kanal\u0131 olarak ikili i\u015flev g\u00f6r\u00fcr. Baraj\u0131n olu\u015fturdu\u011fu ve Ob Platosu&#039;nu kesen rezervuar, \u015fehrin g\u00fcney s\u0131n\u0131r\u0131n\u0131 belirler. Novosibirsk, Moskova&#039;dan yakla\u015f\u0131k 2.811 kilometre uzakta olmas\u0131na ra\u011fmen, Omsk, Barnaul, Kemerovo ve Tomsk gibi b\u00f6lgesel merkezlerle yak\u0131n ba\u011flar\u0131n\u0131 korur.<\/p>\n<p>Sibirya&#039;n\u0131n en yo\u011fun hava merkezi olan Tolmachevo Havaalan\u0131, Novosibirsk&#039;i Rusya&#039;n\u0131n ba\u015fl\u0131ca \u015fehirleri ve Avrupa ve Asya&#039;daki var\u0131\u015f noktalar\u0131yla birle\u015ftirir. S7 Havayollar\u0131 i\u00e7in birincil \u00fcs olarak i\u015flev g\u00f6r\u00fcr. Yard\u0131mc\u0131 havac\u0131l\u0131k tesisleri aras\u0131nda yard\u0131mc\u0131 hizmetler sunan Yeltsovka Havaalan\u0131 bulunurken, eski Severny genel havac\u0131l\u0131k sahas\u0131 2012&#039;de faaliyetlerini durdurdu. Demiryolu temel ta\u015f\u0131 olmaya devam ediyor: Novosibirsk-Glavny istasyonu, t\u00fcm \u015fehirleraras\u0131 trafi\u011fi bar\u0131nd\u0131ran Novosibirsk-Zapadny, Novosibirsk-Vostochny ve Novosibirsk-Yuzhny istasyonlar\u0131yla tamamlanan sa\u011f k\u0131y\u0131 b\u00f6lgesinin kalbinde yer al\u0131r. Inskaya ve Seyatel gibi banliy\u00f6 duraklar\u0131 a\u011f\u0131 geni\u015fletir. \u015eehir, Trans-Sibirya Demiryolu ve T\u00fcrkistan-Sibirya Demiryolu&#039;nun birle\u015fti\u011fi noktada yer al\u0131r ve bu da onu \u00c7in, Mo\u011folistan, Belarus ve Orta Asya&#039;ya yurti\u00e7i ve uluslararas\u0131 tren seyahatleri i\u00e7in bir ba\u011flant\u0131 noktas\u0131 olarak konumland\u0131r\u0131r.<\/p>\n<p>\u015eehirleraras\u0131 ve uluslararas\u0131 otob\u00fcs ta\u015f\u0131mac\u0131l\u0131\u011f\u0131, daha \u00f6nce 1964&#039;te a\u00e7\u0131lan ve Nisan 2020&#039;de hizmet d\u0131\u015f\u0131 b\u0131rak\u0131lan Krasny Avenue istasyonunda yo\u011funla\u015f\u0131yordu. Yeni \u00e7evre istasyonlar\u0131 geli\u015ftirilme a\u015famas\u0131ndad\u0131r ve bunlardan ilki Aral\u0131k 2019&#039;da Gusinobrodskoe Chaussee&#039;de a\u00e7\u0131lm\u0131\u015ft\u0131r. Bu arada, Novosibirsk&#039;i Bat\u0131 Sibirya ve Orta Asya&#039;daki \u015fehirlere ba\u011flayan uzun mesafeli otob\u00fcslere ge\u00e7ici duraklar hizmet vermeye devam etmektedir. Nehir yolcu hizmetleri, ayn\u0131 ad\u0131 ta\u015f\u0131yan metro istasyonunun biti\u015fi\u011finde 1974&#039;te kurulan terminalden i\u015fletilmektedir. Mart 2003&#039;te \u00e7\u0131kan bir yang\u0131n binan\u0131n bir k\u0131sm\u0131n\u0131 onar\u0131lamayacak hale getirmi\u015f olsa da, terminal art\u0131k \u015fehri d\u0131\u015f adalar ve yerle\u015fim yerleriyle ba\u011flayan iki d\u00fczenli hatt\u0131 ve Tomsk ve Barnaul&#039;a mevsimlik seferleri desteklemektedir. Gemiler, tipik olarak nisan sonundan eyl\u00fcl sonuna kadar olan gezilebilir d\u00f6nem y\u00fcr\u00fcrl\u00fckte oldu\u011funda nehir ve rezervuar aras\u0131nda ge\u00e7i\u015fi kolayla\u015ft\u0131ran \u00fc\u00e7 odal\u0131 bir kilide sahip Novosibirsk Nakliye Kanal\u0131&#039;ndan ge\u00e7er.<\/p>\n<p>Kentsel toplu ta\u015f\u0131ma, metro, tramvay, troleyb\u00fcs, otob\u00fcs, su otob\u00fcs\u00fc ve marshrutka olarak bilinen sabit rotal\u0131 minib\u00fcslerden olu\u015fur. 1985&#039;te a\u00e7\u0131lan Novosibirsk Metrosu, Sibirya&#039;daki ilk ve Rusya&#039;daki d\u00f6rd\u00fcnc\u00fc metro olup, 2022 itibar\u0131yla on \u00fc\u00e7 istasyona sahip iki \u00e7ift hatl\u0131 hat i\u015fletiyordu. 1934&#039;te ba\u015flat\u0131lan tramvay a\u011f\u0131, alt\u0131s\u0131 sol yakada ve d\u00f6rd\u00fc sa\u011f yakada olmak \u00fczere on rota i\u00e7eriyor. Troleyb\u00fcsler 1957&#039;den beri \u015fehir sokaklar\u0131n\u0131 ge\u00e7iyor ve \u015fu anda on d\u00f6rt rotada. Otob\u00fcs sistemi 1923&#039;ten kalmad\u0131r ve 2022&#039;de elli iki uzun otob\u00fcs hatt\u0131 ve on yedi minib\u00fcs hizmetini kaps\u0131yordu. 2021 itibar\u0131yla belgelenen su otob\u00fcs\u00fc a\u011f\u0131, nehir terminalini Bugrinskaya Roshcha plaj\u0131 ve Korablik Adas\u0131 gibi yerlerle ba\u011fl\u0131yor; su park\u0131na giden planlanan bir rota ask\u0131ya al\u0131nd\u0131. Mar\u015frutkalar ilk olarak 1970&#039;lerin sonlar\u0131nda ortaya \u00e7\u0131kt\u0131 ve \u00f6zel ta\u015f\u0131y\u0131c\u0131lar 1989&#039;da girdi; \u015eu anda elli alt\u0131 hat hizmet veriyor, ancak son y\u0131llarda minib\u00fcslerin yerini kademeli olarak standart otob\u00fcsler almaya ba\u015flad\u0131.<\/p>\n<p>Novosibirsk&#039;in iklimi, deniz \u0131l\u0131ml\u0131l\u0131\u011f\u0131ndan uzak k\u0131tasal konumunu yans\u0131t\u0131r. Nemli k\u0131tasal (K\u00f6ppen Dfb) olarak s\u0131n\u0131fland\u0131r\u0131lan \u015fehir, ortalama en y\u00fcksek s\u0131cakl\u0131klar\u0131n 15 \u00b0C ile 26 \u00b0C aras\u0131nda oldu\u011fu s\u0131cak yazlar ve ortalama en d\u00fc\u015f\u00fck s\u0131cakl\u0131klar\u0131n -20 \u00b0C ile -12 \u00b0C aras\u0131nda oldu\u011fu, -35 \u00b0C kadar d\u00fc\u015f\u00fck u\u00e7lara yol a\u00e7t\u0131\u011f\u0131 \u00e7ok so\u011fuk k\u0131\u015flar ya\u015far. Yaz maksimumlar\u0131 35 \u00b0C&#039;ye ula\u015fabilir ve kaydedilen u\u00e7lar aras\u0131nda y\u0131ll\u0131k 82 \u00b0C&#039;lik bir aral\u0131k sa\u011flar. K\u0131\u015f g\u00fcnlerinin neredeyse yar\u0131s\u0131nda kar ya\u011far, ancak bireysel olaylar genellikle hafiftir. Sibirya antisiklonlar\u0131, da\u011f bariyerlerinden etkilenmeden so\u011fuk havay\u0131 g\u00fcneye do\u011fru iter ve Novosibirsk&#039;i k\u00fcresel olarak ikinci en i\u00e7 b\u00fcy\u00fck \u015fehir haline getirir. Bununla birlikte, buradaki k\u0131\u015flar do\u011fu Sibirya ve d\u00fc\u015f\u00fck enlemlerdeki Rus Uzak Do\u011fu&#039;sundan nispeten daha \u0131l\u0131mand\u0131r. Novosibirsk&#039;in genel termal profili, Kanada&#039;daki Winnipeg&#039;inkine paraleldir.<\/p>\n<p>Novosibirsk&#039;teki k\u00fclt\u00fcrel ya\u015fam, mimari an\u0131tlar\u0131n\u0131n \u00f6tesine uzan\u0131r. 1933&#039;te kurulan Novosibirsk Hayvanat Bah\u00e7esi, koruma ara\u015ft\u0131rmalar\u0131na katk\u0131da bulunan geni\u015f bir Arktik ve tropikal t\u00fcr koleksiyonuna ev sahipli\u011fi yapar. \u015eehrin tiyatrolar\u0131, galerileri ve m\u00fczeleri, Rus gelene\u011fi ve Sovyet yenili\u011finin ikili miras\u0131n\u0131 yans\u0131t\u0131r. Y\u0131ll\u0131k festivaller edebiyat, m\u00fczik ve filmi sergilerken, Akademgorodok, fizik, biyoloji, matematik ve ekolojiye adanm\u0131\u015f ara\u015ft\u0131rma enstit\u00fcleriyle canl\u0131 bir bilimsel topluluk olmaya devam ediyor. Rusya&#039;n\u0131n d\u00f6rt bir yan\u0131ndan ve yurtd\u0131\u015f\u0131ndan gelen \u00f6\u011frenci ve akademisyenlerin varl\u0131\u011f\u0131, entelekt\u00fcel bir de\u011fi\u015fim atmosferi yarat\u0131yor.<\/p>\n<p>Etnik \u00e7e\u015fitlilik \u015fehrin sosyal dokusuna n\u00fcfuz ediyor. Rus\u00e7a bask\u0131n dil ve k\u00fclt\u00fcr olmaya devam ediyor, ancak Orta Asya ve T\u00fcrk k\u00f6kenli topluluklar (Tacik, \u00d6zbek, Tatar ve K\u0131rg\u0131z) gelenekleri, mutfa\u011f\u0131 ve dini uygulamalar\u0131yla \u015fehir manzaras\u0131n\u0131 zenginle\u015ftiriyor. Ukrayna ve di\u011fer Slav etkileri de mozai\u011fe katk\u0131da bulunuyor. Rus\u00e7an\u0131n yayg\u0131nl\u0131\u011f\u0131na ra\u011fmen, gen\u00e7 nesiller giderek daha fazla \u0130ngilizce \u00f6\u011freniyor ve bu da uluslararas\u0131 etkile\u015fimi kolayla\u015ft\u0131r\u0131yor, hatta daha ya\u015fl\u0131 sakinler yaln\u0131zca Rus\u00e7aya g\u00fcvenme e\u011filiminde olsalar bile.<\/p>\n<p>Ula\u015f\u0131m altyap\u0131s\u0131, end\u00fcstriyel yetenek ve k\u00fclt\u00fcrel kurumlar Novosibirsk&#039;in \u00e7a\u011fda\u015f kimli\u011finde bir araya geliyor. \u015eehrin m\u00fctevaz\u0131 bir demir yolu karakolundan geni\u015f bir metropole d\u00f6n\u00fc\u015f\u00fcm\u00fc, bir as\u0131rdan fazla s\u00fcren stratejik planlama, devlet \u00f6nc\u00fcl\u00fc\u011f\u00fcndeki kalk\u0131nma ve toplum dayan\u0131kl\u0131l\u0131\u011f\u0131n\u0131 yans\u0131t\u0131yor. Modern Novosibirsk, tarihi tiyatrolar ve \u00fcniversite alanlar\u0131n\u0131n yan\u0131nda yeni mimari projeler ve teknolojik giri\u015fimler ortaya \u00e7\u0131kt\u0131k\u00e7a Sovyet miras\u0131n\u0131 yirmi birinci y\u00fczy\u0131l\u0131n talepleriyle dengeliyor.<\/p>\n<p>Novosibirsk, tarihi boyunca sert iklim, uzak co\u011frafya ve de\u011fi\u015fen siyasi ak\u0131mlar\u0131n getirdi\u011fi zorluklarla m\u00fccadele etti. Sava\u015f zaman\u0131 yer de\u011fi\u015ftirmelerini absorbe etme, Stalin d\u00f6neminin merkezi direktiflerini benimseme ve Akademgorodok&#039;ta bilimsel ara\u015ft\u0131rmay\u0131 besleme kapasitesi, altta yatan bir uyum yetene\u011fine tan\u0131kl\u0131k ediyor. Bir zamanlar Sibirya&#039;y\u0131 ge\u00e7menin \u00f6n\u00fcnde bir engel olan Ob Nehri, art\u0131k ticaret, rekreasyon ve kentsel b\u00fcy\u00fcme i\u00e7in bir can simidi g\u00f6revi g\u00f6r\u00fcyor. K\u00f6pr\u00fcler ve t\u00fcneller kuzey ve g\u00fcney k\u0131y\u0131lar\u0131n\u0131 birbirine ba\u011flarken, hidroelektrik santrali g\u00fc\u00e7 ve ta\u015fk\u0131n kontrol\u00fc sa\u011fl\u0131yor.<\/p>\n<p>Sibirya&#039;n\u0131n giri\u015f kap\u0131s\u0131 \u015fehri olan Novosibirsk, Rusya&#039;n\u0131n Avrupa ve Asya sekt\u00f6rleri aras\u0131nda arac\u0131l\u0131k etmeye devam ediyor. Demiryollar\u0131 k\u0131ta boyunca mal ve yolcu ta\u015f\u0131yor. Havaalan\u0131, yurti\u00e7i ve uluslararas\u0131 var\u0131\u015f noktalar\u0131n\u0131 birbirine ba\u011fl\u0131yor. Ara\u015ft\u0131rma enstit\u00fcleri, kozmoloji ve genetikteki temel sorular\u0131 ara\u015ft\u0131r\u0131yor. Fabrikalar\u0131, uzay ara\u00e7lar\u0131 ve enerji santralleri i\u00e7in bile\u015fenler \u00fcretiyor. Tiyatrolar\u0131, d\u00fcnya standartlar\u0131nda performanslara ev sahipli\u011fi yap\u0131yor. Sokaklar\u0131, Sibirya&#039;n\u0131n f\u0131rsat vaadine \u00e7ekilen \u00e7e\u015fitli k\u00fclt\u00fcrlerin birle\u015fimini yans\u0131t\u0131yor.<\/p>\n<p>\u015eehrin gelece\u011fi, end\u00fcstri sonras\u0131 de\u011fi\u015fimlere, \u00e7evresel zorunluluklara ve demografik e\u011filimlere uyum sa\u011flamaya ba\u011fl\u0131d\u0131r. Ula\u015f\u0131m a\u011flar\u0131n\u0131 modernize etme, mimari miras\u0131 koruma ve ekonomiyi a\u011f\u0131r sanayinin \u00f6tesinde \u00e7e\u015fitlendirme \u00e7abalar\u0131 halihaz\u0131rda devam etmektedir. Stalin Park ve Ob Rezervuar\u0131 k\u0131y\u0131lar\u0131 gibi ye\u015fil alanlar kentsel yo\u011funluktan uzakla\u015fma imk\u00e2n\u0131 sunarken, yeni otob\u00fcs ve tramvay hatlar\u0131 i\u00e7in planlar hareketlili\u011fi art\u0131rmay\u0131 ama\u00e7lamaktad\u0131r. Akademgorodok&#039;un kal\u0131c\u0131 \u00f6nemi, bilgiye dayal\u0131 end\u00fcstrilerin geleneksel \u00fcretimi tamamlama potansiyelini vurgulamaktad\u0131r.<\/p>\n<p>Novosibirsk&#039;in hikayesi, nehir, demir yolu ve insan \u00e7abas\u0131n\u0131n birle\u015fti\u011fi noktada k\u00f6k salm\u0131\u015f bir d\u00f6n\u00fc\u015f\u00fcm hikayesidir. Novonikolayevsk olarak kurulu\u015fundan, Rusya&#039;n\u0131n Asya&#039;daki en b\u00fcy\u00fck \u015fehri olarak bug\u00fcnk\u00fc konumuna kadar, geni\u015fleme, yeniden yap\u0131lanma ve yenilik dinamiklerini b\u00fcnyesinde bar\u0131nd\u0131rm\u0131\u015ft\u0131r. 1,6 milyondan fazla n\u00fcfusu, a\u015f\u0131r\u0131l\u0131klar\u0131n oldu\u011fu bir iklimde yol al\u0131r, hidroelektrik m\u00fchendisli\u011finin \u015fekillendirdi\u011fi bir manzaray\u0131 kat eder ve aristokrat katedralleri ile avangart ara\u015ft\u0131rmalar\u0131 birle\u015ftiren bir toplumsal hayata kat\u0131l\u0131r. Sokaklar\u0131nda ve banliy\u00f6lerinde, tiyatrolarda ve laboratuvarlarda, Sibirya&#039;n\u0131n ge\u00e7mi\u015finin yank\u0131lar\u0131, k\u0131talar aras\u0131nda dengelenmi\u015f bir \u015fehrin \u00f6zlemleriyle birlikte yank\u0131lan\u0131r.<\/p>","protected":false},"excerpt":{"rendered":"<p>Rusya&#039;n\u0131n Novosibirsk Oblast\u0131 ve Sibirya Federal B\u00f6lgesi&#039;nin en kalabal\u0131k \u015fehri ve idari merkezi olan Novosibirsk, 2021 n\u00fcfus say\u0131m\u0131na g\u00f6re 1.633.595 n\u00fcfusa sahiptir. Bu dikkate de\u011fer istatistik, onu Sibirya&#039;n\u0131n en kalabal\u0131k \u015fehri ve Rusya&#039;n\u0131n \u00fc\u00e7\u00fcnc\u00fc en kalabal\u0131k \u015fehri olarak belirler, yaln\u0131zca Moskova ve Saint Petersburg taraf\u0131ndan ge\u00e7ilir. \u00d6nemli bir \u015fekilde, Novosibirsk, Rusya&#039;n\u0131n Asya kesimindeki en kalabal\u0131k \u015fehirdir. G\u00fcneybat\u0131 Sibirya&#039;da bulunan \u015fehir, b\u00fcy\u00fcmesi ve geli\u015fmesi i\u00e7in \u00f6nemli bir yer olan Ob Nehri boyunca uzan\u0131r.<\/p>","protected":false},"author":1,"featured_media":3474,"parent":11976,"menu_order":0,"comment_status":"closed","ping_status":"closed","template":"elementor_theme","meta":{"_eb_attr":"","footnotes":""},"class_list":["post-12022","page","type-page","status-publish","has-post-thumbnail"],"_links":{"self":[{"href":"https:\/\/travelshelper.com\/tr\/wp-json\/wp\/v2\/pages\/12022","targetHints":{"allow":["GET"]}}],"collection":[{"href":"https:\/\/travelshelper.com\/tr\/wp-json\/wp\/v2\/pages"}],"about":[{"href":"https:\/\/travelshelper.com\/tr\/wp-json\/wp\/v2\/types\/page"}],"author":[{"embeddable":true,"href":"https:\/\/travelshelper.com\/tr\/wp-json\/wp\/v2\/users\/1"}],"replies":[{"embeddable":true,"href":"https:\/\/travelshelper.com\/tr\/wp-json\/wp\/v2\/comments?post=12022"}],"version-history":[{"count":0,"href":"https:\/\/travelshelper.com\/tr\/wp-json\/wp\/v2\/pages\/12022\/revisions"}],"up":[{"embeddable":true,"href":"https:\/\/travelshelper.com\/tr\/wp-json\/wp\/v2\/pages\/11976"}],"wp:featuredmedia":[{"embeddable":true,"href":"https:\/\/travelshelper.com\/tr\/wp-json\/wp\/v2\/media\/3474"}],"wp:attachment":[{"href":"https:\/\/travelshelper.com\/tr\/wp-json\/wp\/v2\/media?parent=12022"}],"curies":[{"name":"wp","href":"https:\/\/api.w.org\/{rel}","templated":true}]}}