{"id":12006,"date":"2024-09-15T12:20:59","date_gmt":"2024-09-15T12:20:59","guid":{"rendered":"https:\/\/travelshelper.com\/staging\/?page_id=12006"},"modified":"2026-03-12T21:25:29","modified_gmt":"2026-03-12T21:25:29","slug":"moskova","status":"publish","type":"page","link":"https:\/\/travelshelper.com\/tr\/destinations\/europe\/russian-federation\/moscow\/","title":{"rendered":"Moskova"},"content":{"rendered":"<p>Moskova, Rusya Federasyonu&#039;nun ba\u015fkenti ve en kalabal\u0131k \u015fehri olarak, Orta Rusya&#039;da k\u0131vr\u0131ml\u0131 Moskova Nehri&#039;nin iki yakas\u0131nda yer almaktad\u0131r. Belediye s\u0131n\u0131rlar\u0131 yakla\u015f\u0131k 2.511 kilometrekareyi kapsamakta olup, 2021 say\u0131m\u0131na g\u00f6re tahmini 13,0 milyon sakini bar\u0131nd\u0131rmaktad\u0131r; daha geni\u015f kentsel alan ise 5.891 kilometrekareyi kaplamaktad\u0131r ve 19,1 milyondan fazla sakini desteklemektedir. Metropol b\u00f6lgesi 26.000 kilometrekareye yay\u0131lm\u0131\u015f olup, 21,5 milyondan fazla insana ev sahipli\u011fi yapmaktad\u0131r. N\u00fcfus ve kara alan\u0131 bak\u0131m\u0131ndan tamamen Avrupa&#039;n\u0131n en b\u00fcy\u00fck \u015fehri olan Moskova, k\u0131tada \u00f6nemli bir rol oynamaktad\u0131r.<\/p>\n<p>Moskova&#039;n\u0131n kurulu\u015fu, ilk olarak 1147&#039;de belgelenen bir \u015fekilde an\u0131lmas\u0131na kadar uzan\u0131yor ve bu, Moskova B\u00fcy\u00fck Prensli\u011fi&#039;nin ba\u015flang\u0131c\u0131n\u0131 i\u015faret ediyor. Y\u00fczy\u0131llar boyunca, bu prenslik farkl\u0131 Rus topraklar\u0131n\u0131n birle\u015ftirilmesine \u00f6nc\u00fcl\u00fck etti ve 1547&#039;de Rusya \u00c7arl\u0131\u011f\u0131&#039;n\u0131n ilan edilmesiyle sonu\u00e7land\u0131. Sonraki y\u00fczy\u0131llar boyunca Moskova, geni\u015fleyen krall\u0131\u011f\u0131n siyasi ve ekonomik \u00e7ekirde\u011fi olarak konumunu korudu. \u015eehrin etkisi, B\u00fcy\u00fck Petro&#039;nun ba\u015fkenti Saint Petersburg&#039;a ta\u015f\u0131d\u0131\u011f\u0131 1712&#039;de azald\u0131; bu hareket saray ihti\u015fam\u0131n\u0131 kuzeye kayd\u0131rd\u0131. Yine de, devrimin ve Rus Sovyet Federatif Sosyalist Cumhuriyeti&#039;nin kurulmas\u0131n\u0131n ard\u0131ndan Moskova, 1918&#039;de ba\u015fkent stat\u00fcs\u00fcn\u00fc geri ald\u0131 ve daha sonra da\u011f\u0131l\u0131ncaya kadar Sovyetler Birli\u011fi&#039;nin merkez \u00fcss\u00fc olarak hizmet etti.<\/p>\n<p>Federal bir \u015fehir olarak y\u00f6netilen Moskova, ayn\u0131 anda hem Rusya&#039;n\u0131n hem de Do\u011fu Avrupa&#039;n\u0131n politik, ekonomik, k\u00fclt\u00fcrel ve bilimsel kalbi olarak i\u015flev g\u00f6r\u00fcr. D\u00fcnyan\u0131n en kuzeydeki ve en so\u011fuk megakenti olma ayr\u0131cal\u0131\u011f\u0131na sahiptir. Kentsel ekonomisi d\u00fcnyan\u0131n en b\u00fcy\u00fckleri aras\u0131ndad\u0131r ve Hong Kong ile birlikte herhangi bir \u015fehrin en fazla milyarder say\u0131s\u0131na sahip ikinci \u015fehri olma ayr\u0131cal\u0131\u011f\u0131n\u0131 payla\u015f\u0131r. \u015eehrin bat\u0131 kanad\u0131nda bulunan parlak kulelerden olu\u015fan bir k\u00fcme olan Moskova Uluslararas\u0131 \u0130\u015f Merkezi, uluslararas\u0131 alanda \u00f6nde gelen finans merkezleri aras\u0131nda yer al\u0131r ve Avrupa&#039;n\u0131n en y\u00fcksek g\u00f6kdelenlerini yo\u011funla\u015ft\u0131r\u0131r. Yak\u0131n tarihinde \u00f6nemli uluslararas\u0131 etkinlikler yer alm\u0131\u015ft\u0131r, \u00f6zellikle 1980 Yaz Olimpiyat Oyunlar\u0131 ve 2018 FIFA D\u00fcnya Kupas\u0131&#039;n\u0131n mekanlar\u0131ndan biri olarak hizmet vermesi.<\/p>\n<p>\u015eehrin mimari miras\u0131, \u00e7ok say\u0131da UNESCO D\u00fcnya Miras\u0131 Alan\u0131 ile \u00f6rneklendirilir. Aziz Vasil Katedrali&#039;nin s\u00fcsl\u00fc kuleleri ve Moskova Kremlin&#039;in heybetli duvarlar\u0131yla \u00e7evrili K\u0131z\u0131l Meydan, orta\u00e7a\u011f ve imparatorluk Rusya&#039;s\u0131n\u0131n kal\u0131c\u0131 bir tablosunu sunar. Federal h\u00fck\u00fcmetin merkezi olan Kremlin&#039;in kendisi, ta\u015f temellerini, \u00e7al\u0131\u015fmalar\u0131 Ortodoks Hristiyan gelene\u011finin ortas\u0131nda R\u00f6nesans unsurlar\u0131n\u0131 tan\u0131tan \u0130talyan ustalar taraf\u0131ndan denetlenen 15. y\u00fczy\u0131l yeniden in\u015fas\u0131na kadar izler. Par\u0131ldayan so\u011fan kubbelerinin alt\u0131nda ve sade gri surlar\u0131n yan\u0131nda, Moskova sokaklar\u0131 yang\u0131n, fetih ve ideolojik \u00e7alkant\u0131larla \u015fekillenen bir \u015fehrin hikayesini anlat\u0131r.<\/p>\n<p>Moskova&#039;n\u0131n ula\u015f\u0131m a\u011f\u0131, onun geni\u015f \u00f6l\u00e7e\u011fini ve \u00e7\u0131lg\u0131n temposunu destekler. D\u00f6rt uluslararas\u0131 havaliman\u0131 metropol\u00fc d\u00fcnyaya ba\u011flarken, on tren istasyonu g\u00fcnl\u00fck milyonlarca yolcuyu ta\u015f\u0131r. Bir tramvay sistemi tarihi semtlerden ge\u00e7er; bir monoray, kentsel yay\u0131lman\u0131n y\u00fcksek manzaralar\u0131n\u0131 sunar; mozaikler, heykeller ve tonozlu tavanlarla s\u00fcslenmi\u015f katedral benzeri istasyonlar\u0131yla \u00fcnl\u00fc Moskova Metrosu, k\u00fcresel olarak en yo\u011fun ve en kapsaml\u0131 h\u0131zl\u0131 ula\u015f\u0131m sistemlerinden biri olarak s\u0131ralan\u0131r. Yo\u011funlu\u011funa ra\u011fmen, Moskova&#039;n\u0131n kara alan\u0131n\u0131n y\u00fczde k\u0131rk\u0131ndan fazlas\u0131 ye\u015filli\u011fe ayr\u0131lm\u0131\u015ft\u0131r - parklar, bah\u00e7eler ve orman koruma alanlar\u0131 - bu da onu benzer n\u00fcfusa sahip akranlar\u0131yla kar\u015f\u0131la\u015ft\u0131r\u0131ld\u0131\u011f\u0131nda gezegenin en ye\u015fil \u015fehirlerinden biri yapar.<\/p>\n<p>Do\u011fu Avrupa Ovas\u0131&#039;ndan yakla\u015f\u0131k 500 kilometre boyunca akan Moskova Nehri, \u015fehrin topografyas\u0131n\u0131 ve ekolojisini tan\u0131mlar. Belediye s\u0131n\u0131rlar\u0131 i\u00e7inde, k\u0131rk dokuz k\u00f6pr\u00fc sular\u0131n\u0131 ve biti\u015fik kanallar\u0131 kaplar. Y\u00fckseklikler, Moskova&#039;n\u0131n ba\u015fl\u0131ca hava durumu istasyonunun bulundu\u011fu All-Russia Sergi Merkezi&#039;ndeki 156 metreden, Moskova&#039;n\u0131n zirvesi olan Teplostan Yaylas\u0131&#039;ndaki 255 metreye kadar de\u011fi\u015fir. Do\u011fudan bat\u0131ya yakla\u015f\u0131k k\u0131rk kilometre ve kuzeyden g\u00fcneye elli kilometreden fazla uzanan \u015fehrin sil\u00fceti, \u00e7evresinin \u00f6tesinde orman bozk\u0131rlar\u0131 ve boreal ormanl\u0131k alanlarla noktalanan yumu\u015fak e\u011fimli ovalar\u0131n olu\u015fturdu\u011fu bir fon \u00fczerinde ortaya \u00e7\u0131kar.<\/p>\n<p>Moskova&#039;daki saat, mevsimsel ayarlama yap\u0131lmadan Moskova Standart Saati, UTC + 3 ile uyumludur. \u015eehrin boylam\u0131na g\u00f6re, ortalama g\u00fcne\u015f \u00f6\u011fleni 12:30 civar\u0131nda ger\u00e7ekle\u015fir. \u0130klim, kas\u0131m ortas\u0131ndan mart sonuna kadar s\u00fcren k\u0131\u015flarla nemli k\u0131tasal s\u0131n\u0131fland\u0131rmaya girer. Bat\u0131 Avrupa standartlar\u0131na g\u00f6re so\u011fuk olmas\u0131na ra\u011fmen, Moskova&#039;n\u0131n k\u0131\u015flar\u0131 kar\u015f\u0131la\u015ft\u0131r\u0131labilir enlemdeki di\u011fer yerlere g\u00f6re \u0131l\u0131ml\u0131d\u0131r ve kentsel b\u00f6lgelerde -25 \u00b0C ile aral\u0131kl\u0131 \u00e7\u00f6z\u00fclmeler s\u0131ras\u0131nda bazen 5 \u00b0C&#039;nin \u00fczerinde dalgalanabilen g\u00fcnl\u00fck s\u0131cakl\u0131klar sergiler. Yazlar, tipik olarak 20 ila 26 \u00b0C&#039;lik y\u00fcksek s\u0131cakl\u0131klarla s\u0131cakl\u0131k getirir ve ara s\u0131ra gelen s\u0131cak hava dalgalar\u0131, c\u0131vay\u0131 g\u00fcnlerce 30 \u00b0C&#039;nin \u00fczerine \u00e7\u0131kar\u0131r. B\u00fcy\u00fcme mevsimi, may\u0131s ba\u015f\u0131ndan ekim ba\u015f\u0131na kadar yakla\u015f\u0131k 156 g\u00fcn s\u00fcrer.<\/p>\n<p>Orta\u00e7a\u011f Moskova&#039;s\u0131, geni\u015flemesini etkilemeye devam eden bir form olan e\u015fmerkezli duvarlar ve radyal caddelerle d\u00fczenlenmi\u015fti. Hu\u015f a\u011fac\u0131 kabu\u011fu veya \u00e7imenle \u00e7at\u0131s\u0131 \u00f6rt\u00fcl\u00fc ah\u015fap konutlar, yang\u0131nlar ve aristokrat talepleri klasik ta\u015f ve tu\u011fladan yeniden in\u015fay\u0131 te\u015fvik edene kadar 18. y\u00fczy\u0131l\u0131n ortalar\u0131na kadar ufuk \u00e7izgisine hakimdi. Devrimci d\u00f6nem, mimari radikalizmi ba\u015flatt\u0131; bunlar\u0131n ba\u015f\u0131nda, hiperboloid su kulesi ve GUM ma\u011fazas\u0131ndaki metal ve cam tonozlar\u0131 erken Sovyet modernitesinin sembol\u00fc olmaya devam eden Vladimir Shukhov gibi fig\u00fcrlerin yap\u0131land\u0131rmac\u0131 deneyleri geliyordu. Sert geometrisiyle Lenin&#039;in Mozolesi ve di\u011fer avangart yap\u0131lar, yeni sosyalist d\u00fczeni somutla\u015ft\u0131rmaya \u00e7al\u0131\u015fan bir \u015fehrin i\u00e7inde ortaya \u00e7\u0131kt\u0131.<\/p>\n<p>Stalin&#039;in g\u00f6rev s\u00fcresi Moskova&#039;y\u0131 geni\u015f caddeler ve an\u0131tsal binalarla d\u00f6n\u00fc\u015ft\u00fcrd\u00fc. Bizans kiliseleri ve asil konutlar da dahil olmak \u00fczere bir\u00e7ok tarihi yap\u0131, \u00fcst ge\u00e7itler ve setler i\u00e7in feda edildi. Sukharev Kulesi ve orijinal Kurtar\u0131c\u0131 \u0130sa Katedrali y\u0131k\u0131m topuna d\u00fc\u015ft\u00fc, ancak 1990&#039;dan sonra \u00f6zenle yeniden in\u015fa edildi. Yedi K\u0131z Karde\u015f olarak adland\u0131r\u0131lan yedi y\u00fcksek g\u00f6kdelen, Kremlin duvarlar\u0131n\u0131n \u00f6tesinde y\u00fckseldi. New York&#039;un Belediye Binas\u0131&#039;ndan etkilenen filigran cepheleri ve y\u00fckselen sivri u\u00e7lar\u0131, \u015fehrin \u00e7ekirde\u011fine yeni bir dikey boyut y\u00fckledi. 1967&#039;de tamamlanan Ostankino Kulesi, Avrupa&#039;n\u0131n en y\u00fcksek serbest duran yap\u0131s\u0131 haline geldi.<\/p>\n<p>Sovyet d\u00f6nemindeki konut talepleri geni\u015f apartman kompleksleri ortaya \u00e7\u0131kard\u0131. S\u0131ras\u0131yla liderlerin isimlerini ta\u015f\u0131yan, standart dokuz ila on iki katl\u0131 bloklardan olu\u015fan b\u00f6lgeler -Kru\u015f\u00e7ovka, Brejnevka- \u00e7evreye yay\u0131ld\u0131. Ortak \u015faftlardaki asans\u00f6rler di\u011fer t\u00fcm megakentlerden daha fazla sakine hizmet ediyor; Moslift, s\u00fcrekli \u00e7al\u0131\u015fmay\u0131 sa\u011flamak i\u00e7in bir mekanik birli\u011fini s\u00fcrd\u00fcr\u00fcyor. Bir\u00e7ok Stalinist bina, sosyalist ger\u00e7ek\u00e7ilik motifleriyle s\u00fcslenmi\u015f olarak merkezde kal\u0131rken, Tverskaya Caddesi ve Eski Arbat&#039;\u0131n arkas\u0131nda daha k\u00fc\u00e7\u00fck miras yap\u0131lar\u0131 \u00c7arl\u0131k d\u00f6nemi burjuva mimarisine tan\u0131kl\u0131k ediyor. \u015eehrin d\u0131\u015f mahallelerindeki asil m\u00fclkler -Ostankino Saray\u0131, Kuskovo, Uzkoye- manast\u0131rlar ve rahibe manast\u0131rlar\u0131n\u0131n yan\u0131nda varl\u0131\u011f\u0131n\u0131 s\u00fcrd\u00fcr\u00fcyor ve daha \u00f6nceki d\u00f6nemlere dair ipu\u00e7lar\u0131 sunuyor.<\/p>\n<p>1990&#039;lardan beri, ele\u015ftirmenler cephecili\u011fi ve \u00f6zg\u00fcnl\u00fc\u011f\u00fcn kayb\u0131n\u0131 k\u0131nasa da, restorasyon Sovyet \u00f6ncesi cepheleri canland\u0131rmaya \u00e7al\u0131\u015ft\u0131. Ayn\u0131 zamanda, h\u0131zl\u0131 geli\u015fme tarihi dokunun kapsaml\u0131 bir \u015fekilde y\u0131k\u0131lmas\u0131na yol a\u00e7t\u0131: tahminler, Moskova&#039;n\u0131n miras binalar\u0131n\u0131n \u00fc\u00e7te birinin son y\u0131llarda ortadan kayboldu\u011funu ve yerlerine l\u00fcks kuleler ve otellerin ge\u00e7ti\u011fini g\u00f6steriyor. 1930 Moskva Oteli ve 1913 Voyentorg al\u0131\u015fveri\u015f merkezi gibi simgesel yap\u0131lar y\u0131k\u0131ld\u0131 ve modern bir g\u00f6r\u00fcn\u00fcmle yeniden in\u015fa edildi, bu da koruma ve kentsel haf\u0131za konusunda tart\u0131\u015fmalara yol a\u00e7t\u0131.<\/p>\n<p>Moskova&#039;n\u0131n park ve bah\u00e7e a\u011f\u0131, ye\u015fil bir metropol olarak \u00fcn\u00fcn\u00fc vurgular. 450 kilometrekarelik ye\u015fil b\u00f6lgelere yay\u0131lm\u0131\u015f doksan alt\u0131 park ve on sekiz resmi bah\u00e7e ve ek olarak 100 kilometrekarelik orman. Ki\u015fi ba\u015f\u0131na d\u00fc\u015fen Moskoval\u0131lar, her biri yakla\u015f\u0131k 27 metrekarelik park alan\u0131n\u0131n keyfini \u00e7\u0131kar\u0131yor; bu, Paris, Londra veya New York&#039;taki emsallerinden \u00e7ok daha fazla. 1928&#039;de nehrin k\u0131vr\u0131m\u0131 boyunca 689.000 metrekarelik bir alana kurulan Gorky Park, gezinti yollar\u0131, bir g\u00f6zlem \u00e7ark\u0131, su ta\u015f\u0131t\u0131 kiralama ve spor sahalar\u0131 sunuyor. Yan\u0131nda, Avrupa&#039;n\u0131n en b\u00fcy\u00fck a\u00e7\u0131k hava amfi tiyatrolar\u0131ndan biri olan Ye\u015fil Tiyatro&#039;ya ev sahipli\u011fi yapan Moskova&#039;n\u0131n en eski park\u0131 ve eski imparatorluk arazisi olan Neskuchny Bah\u00e7esi yer almaktad\u0131r.<\/p>\n<p>1931&#039;de kurulan Izmaylovsky Park\u0131, 15,34 kilometrekarelik alan\u0131yla d\u00fcnyan\u0131n en b\u00fcy\u00fck kentsel parklar\u0131 aras\u0131nda yer al\u0131yor; New York&#039;taki Central Park&#039;\u0131n alt\u0131 kat\u0131 b\u00fcy\u00fckl\u00fc\u011f\u00fcnde. 1920&#039;de eski Golitsyn arazisinde kurulan Bauman Bah\u00e7esi, yemye\u015fil s\u0131n\u0131rlar\u0131 i\u00e7inde on sekizinci y\u00fczy\u0131l peyzaj\u0131n\u0131 koruyor. Bir zamanlar \u015fahin koruma alan\u0131 olan Sokolniki Park\u0131, hu\u015f, ak\u00e7aa\u011fa\u00e7 ve karaa\u011fa\u00e7larla \u00e7evrili alt\u0131 kilometrekarelik sokaklara yay\u0131l\u0131yor ve g\u00f6letler ve yemye\u015fil bir labirentle tamamlan\u0131yor. Rusya&#039;n\u0131n ilk ulusal park\u0131 olan Losiny Ostrov veya &#034;Elk Adas\u0131&#034;, geyiklerin dola\u015ft\u0131\u011f\u0131 yabani orman patikalar\u0131 sunan Sokolniki&#039;nin s\u0131n\u0131r\u0131nda yer al\u0131yor.<\/p>\n<p>Botanik u\u011fra\u015flar\u0131, 3,61 kilometrekarelik alan\u0131yla Avrupa&#039;n\u0131n en b\u00fcy\u00fc\u011f\u00fc olan Bilimler Akademisi&#039;nin Tsytsin Ana Botanik Bah\u00e7esi&#039;nde yerlerini bulurlar. Bah\u00e7e, 20.000&#039;den fazla t\u00fcre, as\u0131rl\u0131k bir me\u015fe korusuna ve 5.000 metrekarelik bir seraya ev sahipli\u011fi yapar. T\u00fcm Rusya Sergi Merkezi (VDNKh), an\u0131tsal \u00e7e\u015fmelerle (Ta\u015f \u00c7i\u00e7ek ve Dostluk \u00c7e\u015fmesi) ve panoramik bir sinemayla \u00e7evrili, end\u00fcstri ve k\u00fclt\u00fcre adanm\u0131\u015f devasa pavyonlar sunar. 1958&#039;de a\u00e7\u0131lan Leylak Park\u0131, \u015fehrin bah\u00e7ecilik cazibesine katk\u0131da bulunan heykel bah\u00e7eleri ve g\u00fcl yataklar\u0131 sergiler.<\/p>\n<p>Moskova&#039;n\u0131n k\u00fclt\u00fcrel kurumlar\u0131 ye\u015fil alanlar\u0131yla rekabet eder. Devlet Tretyakov Galerisi, koleksiyonlar\u0131n\u0131 Moskva&#039;n\u0131n g\u00fcney k\u0131y\u0131s\u0131ndaki ikonlar\u0131n ve ger\u00e7ek\u00e7i tuvallerin (Repin, Rublev ve di\u011ferlerinin eserleri) sayg\u0131l\u0131 salonlarda as\u0131l\u0131 oldu\u011fu Eski Tretyakov ile Sovyet ve \u00e7a\u011fda\u015f sanat\u0131 sergileyen Yeni Tretyakov aras\u0131nda b\u00f6l\u00fc\u015ft\u00fcr\u00fcr; Malevi\u00e7&#039;in \u00fcst\u00fcnl\u00fck\u00e7\u00fc soyutlamalar\u0131ndan Tatlin&#039;in \u00dc\u00e7\u00fcnc\u00fc Enternasyonal An\u0131t\u0131&#039;na kadar. Pu\u015fkin G\u00fczel Sanatlar M\u00fczesi, Monet, C\u00e9zanne ve Picasso&#039;nun klasik heykellerinin ve ba\u015fyap\u0131tlar\u0131n\u0131n replikalar\u0131yla k\u00fcresel bir panorama sunar.<\/p>\n<p>K\u0131z\u0131l Meydan ile Manege Meydan\u0131 aras\u0131ndaki Devlet Tarih M\u00fczesi&#039;nde tarih \u00f6ncesi eserler, Romanov hazineleri ve imparatorluk k\u0131yafetleri Rusya&#039;n\u0131n anlat\u0131s\u0131n\u0131 takip ediyor. 1872&#039;de kurulan Politeknik M\u00fczesi, 160.000 nesnesi aras\u0131nda erken d\u00f6nem otomatlar ve Sovyet hesaplama kal\u0131nt\u0131lar\u0131yla teknolojik ilerlemeyi g\u00f6steriyor. Askeri haf\u0131za, 1812 seferini anan s\u00fcr\u00fckleyici bir diorama olan Kutuzov Caddesi&#039;ndeki Borodino Panorama&#039;da yer al\u0131rken, Uzay Fatihleri \u200b\u200bAn\u0131t\u0131&#039;n\u0131n alt\u0131ndaki Kozmonotluk An\u0131t M\u00fczesi D\u00fcnya \u00f6tesindeki ba\u015far\u0131lar\u0131 onurland\u0131r\u0131yor. Shchusev Devlet Mimarl\u0131k M\u00fczesi, orta\u00e7a\u011f ah\u015fap duvarlar\u0131ndan modern g\u00f6kdelenlere kadar in\u015fa edilmi\u015f \u00e7evreyi yorumlayarak hem belgeleri hem de modelleri koruyor.<\/p>\n<p>Moskova&#039;n\u0131n yeni Hermitage \u015fubesi, Asymptote Architecture tasar\u0131m himayesinde 2024&#039;te a\u00e7\u0131lmas\u0131 planlanan beklentilerle \u00e7evrili. Proje, kuzey saray\u0131n\u0131n Louvre tarz\u0131 galerilerini Rus ba\u015fkentine kadar geni\u015fletmeyi vaat ediyor. Bu arada, kentsel doku Tverskaya Caddesi boyunca ve Bulgari, Prada ve Tiffany &amp; Co. gibi butiklerin zengin m\u00fc\u015fterilere hitap etti\u011fi Tretyakovsky Proyezd&#039;in derinliklerinde ticaretle nab\u0131z at\u0131yor. Yeniden i\u015flevlendirilen \u00e7ikolata fabrikas\u0131n\u0131n yak\u0131n\u0131nda gece hayat\u0131 geli\u015fiyor; galeriler, kafeler ve d\u00fcnyan\u0131n en b\u00fcy\u00fck gece kul\u00fcplerinden baz\u0131lar\u0131 alacakaranl\u0131ktan sonra hareketleniyor.<\/p>\n<p>Bo\u015f zaman tutkular\u0131, 29 \u015eubat 2020&#039;de a\u00e7\u0131lan Avrupa&#039;n\u0131n en b\u00fcy\u00fck kapal\u0131 tema park\u0131 olan Dream Island&#039;da ifadesini buldu. 300.000 metrekarelik bir alana yay\u0131lan bu park, gezintiler, bir konser salonu, sinema, otel, yelken okulu, restoranlar ve perakendeyi bir araya getiriyor. G\u00fcne\u015f Kremlin&#039;in \u00fczerinde batarken ve \u0130\u015f Merkezi&#039;nin par\u0131ldayan kuleleri ufuk \u00e7izgisini vurgularken, Moskova z\u0131tl\u0131klar\u0131n \u015fehri olmaya devam ediyor: orta\u00e7a\u011f ve modern, do\u011fa ve end\u00fcstri, gelenek ve yenilik.<\/p>\n<p>Moskova, binlerce y\u0131ll\u0131k d\u00f6n\u00fc\u015f\u00fcm\u00fcnde g\u00fc\u00e7 ve hayal g\u00fcc\u00fcn\u00fcn bir potas\u0131 olarak varl\u0131\u011f\u0131n\u0131 s\u00fcrd\u00fcrd\u00fc. Geni\u015f caddeleri ve gizli avlular\u0131, yald\u0131zl\u0131 kubbeleri ve cam kuleleri, bir h\u0131rs s\u00fcreklili\u011fine tan\u0131kl\u0131k ediyor. Bu, her ta\u015f\u0131 tarihin b\u00f6l\u00fcmlerine tan\u0131kl\u0131k eden, ge\u00e7mi\u015f ve bug\u00fcn\u00fcn bulu\u015fmas\u0131n\u0131n \u00f6l\u00e7ek ve \u00f6nem a\u00e7\u0131s\u0131ndan e\u015fsiz bir ba\u015fkentin kal\u0131c\u0131 karakterini ortaya koydu\u011fu bir \u015fehir.<\/p>","protected":false},"excerpt":{"rendered":"<p>Rusya&#039;n\u0131n ba\u015fkenti ve en b\u00fcy\u00fck \u015fehri olan Moskova, s\u0131n\u0131rlar\u0131 i\u00e7inde 13 milyonu a\u015fan bir n\u00fcfusa sahip geni\u015f bir kentsel merkezdir. Orta Rusya&#039;da Moskova Nehri \u00fczerinde bulunan bu geni\u015f \u015fehir, merkezi \u00e7ekirde\u011finin \u00e7ok \u00f6tesinde etkilere sahiptir; metropol alan\u0131 21,5 milyon ki\u015fiyi a\u015fmaktad\u0131r ve kentsel n\u00fcfusu yakla\u015f\u0131k 18,8 milyondur. Moskova&#039;n\u0131n muazzam b\u00fcy\u00fckl\u00fc\u011f\u00fc, \u015fehrin i\u00e7inde 2.511 kilometrekareyi kaplayan ve kentsel eri\u015fimi 5.891 kilometrekareyi a\u015fan, dolay\u0131s\u0131yla \u015fa\u015f\u0131rt\u0131c\u0131 bir \u015fekilde 26.000 kilometrekareye yay\u0131lan geni\u015f alan\u0131nda kendini g\u00f6stermektedir.<\/p>","protected":false},"author":1,"featured_media":4115,"parent":11976,"menu_order":0,"comment_status":"closed","ping_status":"closed","template":"elementor_theme","meta":{"_eb_attr":"","footnotes":""},"class_list":["post-12006","page","type-page","status-publish","has-post-thumbnail"],"_links":{"self":[{"href":"https:\/\/travelshelper.com\/tr\/wp-json\/wp\/v2\/pages\/12006","targetHints":{"allow":["GET"]}}],"collection":[{"href":"https:\/\/travelshelper.com\/tr\/wp-json\/wp\/v2\/pages"}],"about":[{"href":"https:\/\/travelshelper.com\/tr\/wp-json\/wp\/v2\/types\/page"}],"author":[{"embeddable":true,"href":"https:\/\/travelshelper.com\/tr\/wp-json\/wp\/v2\/users\/1"}],"replies":[{"embeddable":true,"href":"https:\/\/travelshelper.com\/tr\/wp-json\/wp\/v2\/comments?post=12006"}],"version-history":[{"count":0,"href":"https:\/\/travelshelper.com\/tr\/wp-json\/wp\/v2\/pages\/12006\/revisions"}],"up":[{"embeddable":true,"href":"https:\/\/travelshelper.com\/tr\/wp-json\/wp\/v2\/pages\/11976"}],"wp:featuredmedia":[{"embeddable":true,"href":"https:\/\/travelshelper.com\/tr\/wp-json\/wp\/v2\/media\/4115"}],"wp:attachment":[{"href":"https:\/\/travelshelper.com\/tr\/wp-json\/wp\/v2\/media?parent=12006"}],"curies":[{"name":"wp","href":"https:\/\/api.w.org\/{rel}","templated":true}]}}