{"id":11976,"date":"2024-09-15T11:11:06","date_gmt":"2024-09-15T11:11:06","guid":{"rendered":"https:\/\/travelshelper.com\/staging\/?page_id=11976"},"modified":"2026-03-12T21:31:21","modified_gmt":"2026-03-12T21:31:21","slug":"rusya-federasyonu","status":"publish","type":"page","link":"https:\/\/travelshelper.com\/tr\/destinations\/europe\/russian-federation\/","title":{"rendered":"Rusya Federasyonu"},"content":{"rendered":"<p>Rusya, hem u\u00e7 noktalarda bir \u00e7al\u0131\u015fma hem de \u00fc\u00e7 k\u0131tay\u0131 g\u00f6lgede b\u0131rakan bir geni\u015flikte insan \u00e7abas\u0131n\u0131n tekil bir mozai\u011fi olarak kendini sunuyor. 19\u00b0 D&#039;deki Balt\u0131k k\u0131y\u0131lar\u0131ndan 169\u00b0 B&#039;deki Pasifik k\u0131y\u0131s\u0131na ve Karadeniz k\u0131y\u0131s\u0131ndan 41\u00b0 ve 82\u00b0 K aras\u0131ndaki Arktik s\u0131n\u0131r\u0131na kadar uzanan Rusya Federasyonu, d\u00fcnyan\u0131n yerle\u015fimli kara y\u00fczeyinin sekizde birinden fazlas\u0131n\u0131 kapl\u0131yor. 2025 itibar\u0131yla 146,0 milyonluk n\u00fcfusuyla, D\u00fcnya&#039;n\u0131n en b\u00fcy\u00fck topraklar\u0131na sahip oldu\u011funu iddia ediyor, on bir zaman dilimine yay\u0131l\u0131yor ve on d\u00f6rt egemen kom\u015fuyla s\u0131n\u0131r payla\u015f\u0131yor. Bu alan ortalama olarak kilometrekare ba\u015f\u0131na sadece sekiz bu\u00e7uk ki\u015fiye ev sahipli\u011fi yapsa da, bat\u0131daki \u015fehirleri hayatla dolu; on alt\u0131 kentsel y\u0131\u011f\u0131lma bir milyon s\u0131n\u0131r\u0131n\u0131 a\u015f\u0131yor ve Moskova Avrupa&#039;n\u0131n en kalabal\u0131k metropol\u00fc olarak h\u00fck\u00fcm s\u00fcr\u00fcyor. Hem co\u011frafi hem de demografik a\u00e7\u0131dan bu enginlik, Rusya&#039;n\u0131n b\u00fcy\u00fck g\u00fc\u00e7 stat\u00fcs\u00fcn\u00fc belirlerken, nemli subtropikal iklimden kutup iklimine, bo\u011fucu k\u0131tasal s\u0131caklardan Saha Cumhuriyeti&#039;ndeki -71,2 \u00b0C&#039;lik rekor k\u0131ran so\u011fu\u011fa kadar uzanan iklimlerde geli\u015fen bir insanl\u0131k hikayesini de \u015fekillendiriyor.<\/p>\n<p>Rus tarihinin dokusu\u2014bug\u00fcn kentsel sil\u00fcetlerinde, k\u0131rsal da\u011f evlerinde ve s\u0131n\u0131r k\u00f6ylerinde a\u00e7\u0131k\u00e7a g\u00f6r\u00fcld\u00fc\u011f\u00fc gibi\u2014avc\u0131-toplay\u0131c\u0131 k\u00fc\u00e7\u00fck gruplar\u0131n nehir vadilerini ge\u00e7ti\u011fi Alt Paleolitik&#039;te ba\u015flar. MS \u00fc\u00e7\u00fcnc\u00fc y\u00fczy\u0131la gelindi\u011finde, Do\u011fu Slavlar\u0131 Avrupa ovas\u0131nda belirgin bir k\u00fclt\u00fcrel ve dilsel grup olarak ortaya \u00e7\u0131km\u0131\u015ft\u0131. Siyasi konsolidasyonlar\u0131, dokuzuncu y\u00fczy\u0131lda Dinyeper&#039;in alt kesimlerinde merkezlenen Kievan Rus&#039;un y\u00fckseli\u015fiyle ifadesini buldu. 988&#039;de, B\u00fcy\u00fck Prensi Bizans himayesinde Ortodoks Hristiyanl\u0131\u011fa ge\u00e7erek Rus k\u00fclt\u00fcrel ya\u015fam\u0131n\u0131n temel ta\u015f\u0131 olmaya devam eden dini bir kimlik olu\u015fturdu. Kievan Rus&#039;un d\u0131\u015f sald\u0131r\u0131lar ve i\u00e7 rekabetlerle par\u00e7alanmas\u0131, Moskova B\u00fcy\u00fck D\u00fckal\u0131\u011f\u0131 himayesinde farkl\u0131 prenslikleri y\u00f6neten b\u00fcy\u00fck d\u00fcklerinin yolunu a\u00e7t\u0131. 1547&#039;de IV. Ivan \u00c7ar unvan\u0131n\u0131 alarak Rusya \u00c7arl\u0131\u011f\u0131&#039;n\u0131 kurdu.<\/p>\n<p>B\u00fcy\u00fck Petro ve halefleri d\u00f6neminde Rusya, Avrasya&#039;da g\u00fc\u00e7 g\u00f6sterdi, Balt\u0131k&#039;tan Pasifik&#039;e kadar topraklar edindi ve on sekizinci y\u00fczy\u0131l\u0131n ba\u015flar\u0131nda imparatorluk stat\u00fcs\u00fcne ula\u015ft\u0131. Rus \u0130mparatorlu\u011fu, s\u0131n\u0131rlar\u0131 fetih, s\u00f6m\u00fcrgele\u015ftirme ve ke\u015fiflerle sabitlenerek tarihin \u00fc\u00e7\u00fcnc\u00fc b\u00fcy\u00fck imparatorlu\u011fu olarak ortaya \u00e7\u0131kt\u0131. Da\u011flar ve bozk\u0131rlar, k\u0131rsal kesimde serflik devam ederken bile, Petro&#039;nun &#034;Avrupa&#039;ya penceresi&#034; olan Saint Petersburg&#039;daki saray\u0131 zenginle\u015ftiren k\u00fcrk, tah\u0131l ve mineraller \u00fcretti. Siyasi bask\u0131 ve askeri aksiliklerden do\u011fan devrimci co\u015fku, 1917&#039;de doru\u011fa ula\u015ft\u0131. \u015eubat Devrimi, Romanov otokrasisine son verdi ve Ekim Devrimi, Rus SFSR&#039;yi d\u00fcnyan\u0131n ilk anayasal sosyalist devleti olarak kurdu.<\/p>\n<p>Sonraki i\u00e7 sava\u015f, Rus SFSR&#039;nin \u00fcst\u00fcnl\u00fck sa\u011flad\u0131\u011f\u0131 Sovyet Sosyalist Cumhuriyetler Birli\u011fi&#039;ne yol a\u00e7t\u0131. Stalin&#039;in y\u00f6netimi alt\u0131nda, milyonlarca insan k\u0131tl\u0131k, tasfiye ve zorunlu \u00e7al\u0131\u015fma \u00e7ekerken bile end\u00fcstri be\u015f y\u0131ll\u0131k planlarla yeniden yap\u0131ld\u0131. Sovyetler Birli\u011fi&#039;nin 1945&#039;te Do\u011fu Cephesi&#039;nde muazzam bir insan maliyetiyle Nazi Almanyas\u0131&#039;na kar\u015f\u0131 kazand\u0131\u011f\u0131 zafer, k\u00fcresel bir g\u00fc\u00e7 olarak stat\u00fcs\u00fcn\u00fc teyit etti. Uzay \u00e7a\u011f\u0131, 1957&#039;de Sputnik ve 1961&#039;de Yuri Gagarin&#039;in y\u00f6r\u00fcnge u\u00e7u\u015fuyla ba\u015flad\u0131; bu \u00e7abalar d\u00f6nemin teknolojik h\u0131rs\u0131n\u0131 somutla\u015ft\u0131rd\u0131. So\u011fuk Sava\u015f gerginlikleri art\u0131p azald\u0131k\u00e7a, Sovyet k\u00fcresi Amerika Birle\u015fik Devletleri&#039;ne kar\u015f\u0131 ideolojik ve askeri rekabetle m\u00fccadele etti.<\/p>\n<p>Aral\u0131k 1991&#039;de Sovyetler Birli\u011fi da\u011f\u0131lm\u0131\u015ft\u0131; Rusya Federasyonu, federal yar\u0131 ba\u015fkanl\u0131k cumhuriyeti kuran yeni bir anayasa ile Rus SFSR&#039;den \u00e7\u0131kt\u0131. Sovyet sonras\u0131 b\u00f6l\u00fcm, piyasa reformu, kaynak milliyet\u00e7ili\u011fi ve siyasi gerilemenin karma\u015f\u0131k bir etkile\u015fimine tan\u0131k oldu. Vladimir Putin&#039;in 1999&#039;da ba\u015fkanl\u0131\u011fa y\u00fckselmesinden bu yana, siyasi sistem otoriterli\u011fe do\u011fru s\u00fcr\u00fcklendi. Demokratik kurumlar a\u015f\u0131nd\u0131, medeni \u00f6zg\u00fcrl\u00fckler darald\u0131 ve bas\u0131n \u00f6zg\u00fcrl\u00fc\u011f\u00fc azald\u0131. Rusya, yurtd\u0131\u015f\u0131nda 2008&#039;de G\u00fcrcistan&#039;da ve 2014&#039;ten bu yana Ukrayna&#039;da \u00e7at\u0131\u015fmalara girdi, uluslararas\u0131 normlar\u0131 ihlal ederek K\u0131r\u0131m&#039;\u0131 ve daha sonra di\u011fer Ukrayna b\u00f6lgelerini ilhak etti.<\/p>\n<p>Yine de, y\u00fczy\u0131llard\u0131r s\u00fcregelen geleneklere ba\u011fl\u0131 bir toplumun yan\u0131nda yerel ve uluslararas\u0131 anla\u015fmazl\u0131klar da mevcuttur. Rus\u00e7a, resmi ve ezici bir \u015fekilde bask\u0131n dil, en yayg\u0131n konu\u015fulan Slav dili ve Birle\u015fmi\u015f Milletler&#039;deki alt\u0131 ve Uluslararas\u0131 Uzay \u0130stasyonu&#039;ndaki iki dilden biri olmaya devam etmektedir. Edebiyat\u0131 -Tolstoy, Dostoyevski, Turgenyev- Avrupa d\u00fc\u015f\u00fcncesini \u015fekillendirmi\u015ftir; bestecileri -\u00c7aykovski, Stravinsky- k\u00fcresel kanonu zenginle\u015ftirmi\u015ftir; bale topluluklar\u0131 klasik disiplinin \u00f6rnekleri olmaya devam etmektedir; tiyatrolar\u0131 ve m\u00fczeleri ikon resimden avangart sinemaya uzanan bir sanat tutkusuna tan\u0131kl\u0131k etmektedir.<\/p>\n<p>Co\u011frafi olarak, Rusya&#039;n\u0131n konturlar\u0131 dokuz b\u00fcy\u00fck da\u011f sistemi taraf\u0131ndan belirlenir. G\u00fcneyde Kafkas Da\u011flar\u0131, Avrupa&#039;n\u0131n en y\u00fcksek zirvesi olan 5.642 m&#039;deki Elbrus Da\u011f\u0131&#039;na y\u00fckselir. Sibirya&#039;n\u0131n Altay ve Sayan s\u0131rada\u011flar\u0131 ve 4.750 m&#039;deki Klyuchevskaya Sopka da dahil olmak \u00fczere Kam\u00e7atka&#039;n\u0131n volkanik zirveleri, \u00fclkenin tektonik huzursuzlu\u011funun kan\u0131t\u0131d\u0131r. Cevher ve de\u011ferli ta\u015flar a\u00e7\u0131s\u0131ndan zengin olan Ural Da\u011flar\u0131, geleneksel Avrupa-Asya s\u0131n\u0131r\u0131n\u0131 olu\u015fturur. En d\u00fc\u015f\u00fck noktalar\u0131 Hazar Depresyonu&#039;nda deniz seviyesinden 29 m a\u015fa\u011f\u0131ya inerken, Arktik ve Pasifik k\u0131y\u0131lar\u0131 Rusya&#039;y\u0131 \u00fc\u00e7 okyanusa dokunan ve 37.653 km&#039;den fazla k\u0131y\u0131 \u015feridinin koruyucusu olan \u00fc\u00e7 devletten biri haline getirir. Wrangel ve Franz Josef Land gibi uzak adalar Arktik&#039;te n\u00f6bet tutarken, baz\u0131lar\u0131 Japonya taraf\u0131ndan itiraz edilen Sakhalin ve Kuril Adalar\u0131 Uzak Do\u011fu s\u0131n\u0131rlar\u0131n\u0131 belirler.<\/p>\n<p>Rusya&#039;n\u0131n i\u00e7 kesimleri 100.000&#039;den fazla nehir taraf\u0131ndan ge\u00e7ilir ve d\u00fcnyadaki s\u0131v\u0131 tatl\u0131 suyun d\u00f6rtte birini bar\u0131nd\u0131ran g\u00f6llere ev sahipli\u011fi yapar. 1.642 m derinli\u011findeki Baykal G\u00f6l\u00fc, D\u00fcnya&#039;n\u0131n en derin ve en eski g\u00f6l havzas\u0131d\u0131r ve t\u00fcm y\u00fczey tatl\u0131 suyunun be\u015fte birinden fazlas\u0131n\u0131 tutar. Bat\u0131da Avrupa&#039;n\u0131n en b\u00fcy\u00fcklerinden olan Ladoga ve Onega yer al\u0131r. &#034;Ana Nehir&#034; Volga, bat\u0131 ovalar\u0131ndan ge\u00e7erek Kuzey Hazar&#039;daki geni\u015f deltas\u0131na ula\u015f\u0131rken, Ob, Yenisey, Lena ve Amur Sibirya&#039;y\u0131 Arktik ve Pasifik&#039;e do\u011fru bo\u015falt\u0131r. Bu su yollar\u0131, orta\u00e7a\u011f d\u00f6nemlerinden fabrika mavnalar\u0131 d\u00f6nemine kadar yerle\u015fim ve ula\u015f\u0131m modellerini \u015fekillendirmi\u015ftir.<\/p>\n<p>\u0130klim rejimleri kuzeyden g\u00fcneye ve do\u011fudan bat\u0131ya aniden de\u011fi\u015fir. Sibirya, nehir vadilerinin ana kara vahalar\u0131na d\u00f6n\u00fc\u015ft\u00fc\u011f\u00fc s\u0131cak yazlarla tezat olu\u015fturan a\u015f\u0131r\u0131 so\u011fuk subarktik k\u0131\u015flara dayan\u0131r. Arktik tak\u0131madalar\u0131 ve tundra kutup etkisi alt\u0131na girer; So\u00e7i \u00e7evresindeki Karadeniz k\u0131y\u0131s\u0131, Akdeniz&#039;i an\u0131msatan nemli subtropikal k\u0131\u015flar\u0131n tad\u0131n\u0131 \u00e7\u0131kar\u0131r; seyrek tropikal esintiler Hazar&#039;\u0131n yar\u0131 kurak k\u0131y\u0131 \u015feridine ve g\u00fcney Sibirya yama\u00e7lar\u0131na ula\u015f\u0131r; ve bat\u0131daki deniz ovalar\u0131 Kaliningrad&#039;da ve Balt\u0131k boyunca Atlantik&#039;in yumu\u015famas\u0131n\u0131 hisseder. K\u0131sa bir ilkbahar ve sonbahar, yeti\u015ftiriciler ve a\u00e7\u0131k hava \u00e7al\u0131\u015fanlar\u0131 karl\u0131 aylar veya s\u0131cak hava dalgalar\u0131 etraf\u0131nda plan yaparken, iki bask\u0131n mevsim olan k\u0131\u015f ve yaz\u0131 \u00e7er\u00e7eveler. \u0130klim de\u011fi\u015fikli\u011fi art\u0131k orman yang\u0131nlar\u0131n\u0131 yo\u011funla\u015ft\u0131r\u0131yor, donmu\u015f topra\u011f\u0131 \u00e7\u00f6z\u00fcyor ve ya\u011f\u0131\u015f ve tar\u0131m modellerini yeniden \u015fekillendiriyor.<\/p>\n<p>\u0130dari olarak, federasyon 83 federal konudan olu\u015fur: 46 oblast, 21 cumhuriyet, dokuz krais, d\u00f6rt \u00f6zerk okrug, iki federal \u015fehir ve bir \u00f6zerk oblast. Uzun zamand\u0131r k\u00fclt\u00fcrel kalbin merkezi olan Orta Rusya, Moskova ve uydu oblastlar\u0131 Yaroslavl ve Vladimir&#039;i orta\u00e7a\u011f kiliseleriyle \u00f6v\u00fcn\u00fcr. Moskova&#039;n\u0131n g\u00fcneyindeki \u00c7ernozem b\u00f6lgesi\u2014Kursk, Voronezh\u2014sava\u015flar ve k\u0131tl\u0131klar boyunca ordular\u0131 ve k\u00f6yl\u00fcleri besleyen kara topraklar\u0131 korur. Saint Petersburg taraf\u0131ndan demirlenen Kuzeybat\u0131 Rusya, Beyaz Deniz&#039;e ve Karelya ormanlar\u0131na kadar uzan\u0131r. G\u00fcneyde, K\u0131r\u0131m yar\u0131madas\u0131 ve Kafkas cumhuriyetleri, subtropikal tatil yerleri ve engebeli da\u011f k\u00fclt\u00fcrlerinin z\u0131tl\u0131klar\u0131n\u0131 sunar. Volga b\u00f6lgesi, Kazan ve Samara&#039;da sanayi ve Tatar miras\u0131yla u\u011fultu yaparken, Urallar, Sibirya ve Uzak Do\u011fu, altyap\u0131 ve y\u00f6neti\u015fime e\u015fit \u00f6l\u00e7\u00fcde meydan okuyan mineraller, ormanlar ve s\u0131n\u0131rlar sunar.<\/p>\n<p>Rusya&#039;daki kentsel ya\u015fam bu b\u00f6lgesel \u00e7e\u015fitlili\u011fi yans\u0131t\u0131r. Moskova&#039;n\u0131n sil\u00fceti so\u011fan kubbeleri cam kulelerle yan yana koyar, sokaklar\u0131 y\u00fczy\u0131llard\u0131r s\u00fcren \u00e7arlar\u0131 ve Sovyet planlamac\u0131lar\u0131n\u0131 hat\u0131rlat\u0131r. C\u00f6mert\u00e7e s\u00fcslenmi\u015f Moskova Metrosu hem ula\u015f\u0131m a\u011f\u0131 hem de kamusal sanat olarak hizmet eder. B\u00fcy\u00fck Petro taraf\u0131ndan kurulan Saint Petersburg, efsanevi beyaz gecelerinin par\u0131lt\u0131s\u0131 alt\u0131nda kanallar ve neoklasik caddeler boyunca uzan\u0131r. Kazan, Rusya&#039;n\u0131n \u00e7ok etnikli federasyonunun simgesi olan minarelerle Ortodoks katedrallerini birle\u015ftirir. Nizhny Novgorod, Irkutsk, Yekaterinburg ve Vladivostok limanlar, end\u00fcstriyel merkezler ve k\u00fclt\u00fcr merkezleridir ve her biri Rus tarihinin ve ekonomik ya\u015fam\u0131n\u0131n farkl\u0131 b\u00f6l\u00fcmlerini ortaya koyar. Volgograd&#039;\u0131n Sovyet an\u0131tlar\u0131 Stalingrad&#039;\u0131n felaketini hat\u0131rlat\u0131r; So\u00e7i&#039;nin subtropikal k\u0131y\u0131s\u0131 2014&#039;te Olimpiyatlar\u0131n yeniden icat edilmesine yol a\u00e7t\u0131; Kizhi&#039;nin ah\u015fap kiliseleri Onega G\u00f6l\u00fc&#039;nde an\u0131lar gibi s\u00fcr\u00fcklenir.<\/p>\n<p>Sovyet d\u00f6neminde m\u00fctevaz\u0131 olan turizm, jeopolitik ve pandemilerle birlikte y\u00fckseldi ve geriledi. 2019&#039;da Rusya&#039;ya yap\u0131lan yabanc\u0131 ziyaretler 24,4 milyona ula\u015farak GSY\u0130H&#039;ye %4,8 katk\u0131da bulundu. K\u0131z\u0131l Meydan, Ermitaj ve Tretyakov Galerisi, sanat ve tarihle ilgilenenleri cezbediyor. Alt\u0131n Y\u00fcz\u00fck&#039;\u00fcn kasaba koleksiyonu -Suzdal, Rostov, Vladimir- kilise mimarisinin b\u00f6l\u00fcmlerini sunuyor. Trans-Sibirya Demiryolu, korkusuz gezginleri k\u0131talar aras\u0131nda 9.000 km kat etmeye davet ediyor. Kam\u00e7atka&#039;n\u0131n gayzerleri ve ay\u0131lar\u0131, Baykal G\u00f6l\u00fc&#039;n\u00fcn buz mavisi derinlikleri, Solovetsky&#039;nin manast\u0131r kalesi ve Komi Bakir Ormanlar\u0131, metropol\u00fcn par\u0131lt\u0131s\u0131n\u0131n d\u0131\u015f\u0131nda kal\u0131yor ve yaln\u0131zca nehir mavnas\u0131yla veya \u00e7al\u0131 u\u00e7a\u011f\u0131yla eri\u015filebiliyor. Rusya&#039;n\u0131n UNESCO D\u00fcnya Miras\u0131 Listesi&#039;nde yer alan 32 alan\u0131, \u00fclkenin do\u011fal ve k\u00fclt\u00fcrel zenginli\u011finin kan\u0131t\u0131d\u0131r; ancak \u00fclkenin uzakl\u0131\u011f\u0131, bir\u00e7ok yolun kolayca ge\u00e7ilebilmesine olanak tan\u0131r.<\/p>\n<p>Demografik olarak, Rusya ya\u015flanan bir n\u00fcfus ve d\u00fc\u015f\u00fck do\u011furganl\u0131k zorluklar\u0131yla kar\u015f\u0131 kar\u015f\u0131yad\u0131r ve 2024&#039;te kad\u0131n ba\u015f\u0131na 1,41 do\u011fumluk toplam do\u011furganl\u0131k oran\u0131na sahiptir. Kentle\u015fme, ulusal yo\u011funluk Urallar\u0131n do\u011fusunda d\u00fc\u015ferken bile sakinlerin \u00fc\u00e7te ikisini \u015fehirlere \u00e7ekmi\u015ftir. 41,9 y\u0131ll\u0131k medyan ya\u015f, toplumu d\u00fcnyan\u0131n en ya\u015fl\u0131lar\u0131 aras\u0131na sokmaktad\u0131r ve emeklilik, sa\u011fl\u0131k hizmeti ve i\u015fg\u00fcc\u00fc piyasalar\u0131 i\u00e7in etkileri vard\u0131r. G\u00f6\u00e7 ve g\u00f6\u00e7 politikas\u0131, \u00f6zellikle eski Sovyet cumhuriyetleriyle ilgili olarak, Moskova&#039;dan Magadan&#039;a kadar kasabalar\u0131n etnik ve mesleki yap\u0131s\u0131n\u0131 \u015fekillendirmeye devam etmektedir.<\/p>\n<p>Mutfak ve samimiyet hem iklimi hem de tarihi yans\u0131t\u0131r. \u00c7avdar ve bu\u011fdaydan yap\u0131lan doyurucu ekmekler so\u011fuk k\u0131\u015flar\u0131 destekler; \u00e7orbalar -shchi, borsch, ukha- enerji ve s\u0131cakl\u0131k sa\u011flamak i\u00e7in etleri, k\u00f6k sebzeleri ve ek\u015fi kremay\u0131 birle\u015ftirir. Blini, pirozhki ve syrniki kahvalt\u0131lar\u0131 ve \u00e7ay saatlerini vurgular. Pelmeni ve golubtsy, k\u00f6yl\u00fc yarat\u0131c\u0131l\u0131\u011f\u0131n\u0131 anlatan k\u0131vr\u0131mlarda ve rulolarda et ve lahana kullan\u0131r. Dana Stroganoff ve Kiev Tavu\u011fu aristokrat \u00e7a\u011fr\u0131\u015f\u0131mlar\u0131 ta\u015f\u0131rken, shashlyk \u015fenlikli \u0131zgaralar\u0131 canland\u0131r\u0131r. Eski bir fermente i\u00e7ecek olan kvas, hafif k\u00f6p\u00fcrmeyle susuzlu\u011fu giderir; on d\u00f6rd\u00fcnc\u00fc y\u00fczy\u0131ldan beri dam\u0131t\u0131lan votka, bira ve \u015farap modern gen\u00e7lik k\u00fclt\u00fcr\u00fcnde ra\u011fbet g\u00f6rse bile, Rus tostlar\u0131n\u0131n simgesi olmaya devam ediyor.<\/p>\n<p>Bu geni\u015f \u00fclkede ge\u00e7mi\u015f ve \u015fimdiki zaman katmanl\u0131 bir karma\u015f\u0131kl\u0131k i\u00e7inde bir arada var olur. Catherines&#039;in barok saraylar\u0131 ve Sovyet an\u0131tlar\u0131 cam cepheli ofis kulelerinin yan\u0131nda durur. Ortodoks \u00e7an kuleleri yeni apartman bloklar\u0131n\u0131 \u00e7er\u00e7eveler. \u00c7arlar\u0131n ve Politb\u00fcro&#039;nun yank\u0131lar\u0131 m\u00fcze salonlar\u0131nda kar\u0131\u015f\u0131r. Da\u011flar ve ormanlar Ukrayna, Finlandiya ve Asya leh\u00e7elerini konu\u015fan k\u00f6yleri korur. Nehirler imparatorluk kararnamesi ve kolektif giri\u015fim taraf\u0131ndan belirlenen desenlerde mavnalar\u0131 ve yolcu vapurlar\u0131n\u0131 ta\u015f\u0131maya devam eder. On bir zaman dilimi \u00f6\u011fle ve gece yar\u0131s\u0131 ritimlerinde a\u00e7\u0131l\u0131r, ancak tek bir bayrak ve tek bir ulusal mit Belgorod ve Petropavlovsk-Kamchatsky halklar\u0131n\u0131 birbirine ba\u011flar.<\/p>\n<p>Sonu\u00e7 olarak, Rusya ne bir yekpare yap\u0131d\u0131r ne de bir mucizedir, ancak muazzam boyutlarda s\u00fcrekli de\u011fi\u015fen bir varl\u0131kt\u0131r. Petrol, gaz, kereste ve mineral zenginli\u011fi, nominal GSY\u0130H&#039;de on birinci s\u0131rada yer alan bir ekonominin temelini olu\u015fturur, ancak tart\u0131\u015fma yaratan bir y\u00f6netim, k\u0131s\u0131tlanm\u0131\u015f bir sivil toplum ve k\u0131s\u0131tlanm\u0131\u015f bir bas\u0131nla dengelenmelidir. Stratejik a\u011f\u0131rl\u0131\u011f\u0131, Amerika Birle\u015fik Devletleri d\u0131\u015f\u0131nda rakipsiz bir n\u00fckleer cephanelikte ve Birle\u015fmi\u015f Milletler G\u00fcvenlik Konseyi&#039;nin daimi \u00fcyesi ve Ba\u011f\u0131ms\u0131z Devletler Toplulu\u011fu&#039;ndan Avrasya Ekonomik Birli\u011fi&#039;ne kadar G20, BRICS ve b\u00f6lgesel d\u00fczenlemelerin dayanak noktas\u0131 olarak diplomatik n\u00fcfuzda yans\u0131t\u0131lmaktad\u0131r. Yine de insan arazisi -\u015fehirler, k\u00f6yler, nehirler ve da\u011flar- Rus kimli\u011finin ger\u00e7ek para birimi olmaya devam etmektedir. Bu ulusun \u00f6z\u00fc en derin \u015fekilde burada, hu\u015f ormanlar\u0131 ve mermer katedrallerin ortas\u0131nda, donmu\u015f g\u00f6llerde ve g\u00fcne\u015fte kavrulmu\u015f bozk\u0131rda hissedilebilir.<\/p>\n<p>Bu, hem sahne hem de akt\u00f6r olarak Rusya&#039;d\u0131r: hem binlerce y\u0131ll\u0131k insan yerle\u015fiminin miras\u00e7\u0131s\u0131 hem de modern g\u00fcc\u00fcn potas\u0131. Tarihin ta\u015f ve \u00e7eli\u011fe yaz\u0131ld\u0131\u011f\u0131, do\u011fan\u0131n ihti\u015fam\u0131n\u0131 insan\u0131n eri\u015femeyece\u011fi bir \u015fekilde ortaya koydu\u011fu ve kroni\u011fin bir sonraki d\u00f6n\u00fc\u015f\u00fcn\u00fcn yaz\u0131lmam\u0131\u015f olarak kald\u0131\u011f\u0131, ancak i\u015fgal etti\u011fi enginlik ve onu yuva olarak adland\u0131ran insanlar taraf\u0131ndan \u015fekillendirildi\u011fi bir yerdir.<\/p>","protected":false},"excerpt":{"rendered":"<p>Resmen Rusya Federasyonu olarak an\u0131lan Rusya, Do\u011fu Avrupa ve Kuzey Asya&#039;y\u0131 kapsayan, kara alan\u0131 bak\u0131m\u0131ndan d\u00fcnyan\u0131n en b\u00fcy\u00fck \u00fclkesidir. 2024 itibar\u0131yla yakla\u015f\u0131k 146 milyonluk n\u00fcfusuyla, d\u00fcnyada onuncu s\u0131rada yer al\u0131r ve Avrupa&#039;n\u0131n en kalabal\u0131k \u00fclkesidir. On bir saat dilimi ve on d\u00f6rt \u00fclkeyle kara s\u0131n\u0131r\u0131 olan bu u\u00e7suz bucaks\u0131z \u00fclke, benzersiz topraklara sahip co\u011frafi bir canavard\u0131r.<\/p>","protected":false},"author":1,"featured_media":4357,"parent":24078,"menu_order":0,"comment_status":"closed","ping_status":"closed","template":"elementor_theme","meta":{"_eb_attr":"","footnotes":""},"class_list":["post-11976","page","type-page","status-publish","has-post-thumbnail"],"_links":{"self":[{"href":"https:\/\/travelshelper.com\/tr\/wp-json\/wp\/v2\/pages\/11976","targetHints":{"allow":["GET"]}}],"collection":[{"href":"https:\/\/travelshelper.com\/tr\/wp-json\/wp\/v2\/pages"}],"about":[{"href":"https:\/\/travelshelper.com\/tr\/wp-json\/wp\/v2\/types\/page"}],"author":[{"embeddable":true,"href":"https:\/\/travelshelper.com\/tr\/wp-json\/wp\/v2\/users\/1"}],"replies":[{"embeddable":true,"href":"https:\/\/travelshelper.com\/tr\/wp-json\/wp\/v2\/comments?post=11976"}],"version-history":[{"count":0,"href":"https:\/\/travelshelper.com\/tr\/wp-json\/wp\/v2\/pages\/11976\/revisions"}],"up":[{"embeddable":true,"href":"https:\/\/travelshelper.com\/tr\/wp-json\/wp\/v2\/pages\/24078"}],"wp:featuredmedia":[{"embeddable":true,"href":"https:\/\/travelshelper.com\/tr\/wp-json\/wp\/v2\/media\/4357"}],"wp:attachment":[{"href":"https:\/\/travelshelper.com\/tr\/wp-json\/wp\/v2\/media?parent=11976"}],"curies":[{"name":"wp","href":"https:\/\/api.w.org\/{rel}","templated":true}]}}