{"id":11967,"date":"2024-09-15T11:03:38","date_gmt":"2024-09-15T11:03:38","guid":{"rendered":"https:\/\/travelshelper.com\/staging\/?page_id=11967"},"modified":"2026-03-12T21:00:26","modified_gmt":"2026-03-12T21:00:26","slug":"bukres","status":"publish","type":"page","link":"https:\/\/travelshelper.com\/tr\/destinations\/europe\/romania\/bucharest\/","title":{"rendered":"B\u00fckre\u015f"},"content":{"rendered":"<p>Romanya&#039;n\u0131n ba\u015fkenti ve en b\u00fcy\u00fck belediyesi olan B\u00fckre\u015f, \u00fclkenin g\u00fcneydo\u011fu kesimlerinde D\u00e2mbovi\u021ba Nehri k\u0131y\u0131s\u0131nda yer almaktad\u0131r. 240 kilometrekarelik kentsel alanda yakla\u015f\u0131k 1,76 milyon n\u00fcfusa ve 1.811 kilometrekareye yay\u0131lm\u0131\u015f 2,3 milyonluk b\u00fcy\u00fck bir metropol n\u00fcfusuna ev sahipli\u011fi yapan \u015fehir, Avrupa Birli\u011fi&#039;nin en kalabal\u0131k sekizinci \u015fehridir. H\u00fck\u00fcmet merkezi, Muntenia b\u00f6lgesinin merkezi ve k\u00fclt\u00fcrel, politik ve ekonomik faaliyetlerin merkezi olarak \u015fehrin \u00f6nemi, idari s\u0131n\u0131rlar\u0131n\u0131n \u00e7ok \u00f6tesine uzanmaktad\u0131r.<\/p>\n<p>Yerle\u015fimin en eski belgesel kayd\u0131 1459&#039;a dayan\u0131r, ancak B\u00fckre\u015f&#039;in yeni kurulan Romanya devletinin resmen ba\u015fkenti olarak belirlenmesi 1862&#039;ye kadar ger\u00e7ekle\u015fmedi. O andan itibaren \u015fehir, k\u00fclt\u00fcrel kurumlar, medya kurulu\u015flar\u0131 ve sanat \u00e7evreleri a\u00e7\u0131s\u0131ndan istikrarl\u0131 bir \u015fekilde b\u00fcy\u00fcd\u00fc. Onlarca y\u0131l boyunca, 19. y\u00fczy\u0131l\u0131n Eklektik yap\u0131lar\u0131n\u0131 Neoklasik cepheler ve k\u0131vr\u0131ml\u0131 Art Nouveau s\u00fcslemeleriyle harmanlayan bir mimari kelime da\u011farc\u0131\u011f\u0131 edindi. Sava\u015flar aras\u0131 d\u00f6nemde, yeni bir in\u015faat\u00e7\u0131 grubu Bauhaus minimalizmini, Art Deco geometrisini ve ulusal-romantik bir R\u00f6nesans \u00fcslubunu benimsedi. Bu y\u0131llarda, zarif caddeler ve kozmopolit toplum, ziyaret\u00e7ilerin \u015fehri &#034;K\u00fc\u00e7\u00fck Paris&#034; veya &#034;Do\u011fu&#039;nun Paris&#039;i&#034; olarak adland\u0131rmas\u0131na neden oldu.<\/p>\n<p>Yirminci y\u00fczy\u0131l B\u00fckre\u015f&#039;in dokusunu test etti. Bombard\u0131man, sismik \u00e7alkant\u0131lar ve Nicolae Ceau\u0219escu&#039;nun ideolojik &#034;sistemle\u015ftirme&#034; kampanyas\u0131 tarihi \u00e7ekirde\u011fin geni\u015f kesimlerini yaralad\u0131 ve g\u00f6rkemli yap\u0131lar y\u0131k\u0131ld\u0131 veya yerle bir edildi. Yine de, hayatta kalanlar\u0131n \u00e7o\u011fu -Frans\u0131z esintili \u015fehir evleri, saray \u00f6l\u00e7e\u011finde konaklar ve a\u011fa\u00e7larla \u00e7evrili bulvarlar- dikkatli bir restorasyondan ge\u00e7ti. Yirmi birinci y\u00fczy\u0131ldaki k\u00fclt\u00fcrel canlanma, ekonomik ve yarat\u0131c\u0131 bir y\u00fckseli\u015fe yol a\u00e7arak \u015fehri Avrupa&#039;n\u0131n en h\u0131zl\u0131 b\u00fcy\u00fcyen y\u00fcksek teknoloji yat\u0131r\u0131m\u0131 ve inovasyon merkezlerinden biri haline getirdi.<\/p>\n<p>Ocak 2023&#039;e kadar belediyenin ikamet eden say\u0131s\u0131 1,74 milyon olarak kaydedildi ve uydu kentler dahil edildi\u011finde gayri resmi say\u0131 2,3 milyondu. COVID-19 salg\u0131n\u0131 s\u0131ras\u0131nda resmi raporlar sa\u011fl\u0131k izleme rakamlar\u0131nda 2,5 milyon ki\u015fiye at\u0131fta bulunarak b\u00f6ylesine kalabal\u0131k bir merkezi y\u00f6netmenin lojistik karma\u015f\u0131kl\u0131\u011f\u0131n\u0131 vurgulad\u0131. 2017&#039;de k\u00fcresel bir endeks B\u00fckre\u015f&#039;i Avrupa&#039;n\u0131n en h\u0131zl\u0131 b\u00fcy\u00fcyen gecelik turizm destinasyonu olarak kaydetti ve sonraki iki y\u0131lda bir geli\u015ftirme potansiyeli s\u0131ralamas\u0131nda zirveye yerle\u015fti. Yine de n\u00fcfus say\u0131m\u0131 verileri \u015fehrin daimi ikamet edenlerinde hafif bir d\u00fc\u015f\u00fc\u015f oldu\u011funu ortaya koyuyor; bu fenomen k\u0131smen banliy\u00f6 g\u00f6\u00e7\u00fcne ba\u011flan\u0131yor.<\/p>\n<p>Co\u011frafi olarak B\u00fckre\u015f, \u00dcniversite Meydan\u0131&#039;ndan belediye s\u0131n\u0131rlar\u0131na kadar olan yar\u0131\u00e7ap\u0131 10 ila 12 kilometre aras\u0131nda de\u011fi\u015fen, kabaca dairesel bir alan\u0131 kaplar. D\u00e2mbovi\u021ba Nehri, Arge\u0219&#039;e ve nihayetinde Tuna&#039;ya kat\u0131lmadan \u00f6nce \u015fehri ikiye b\u00f6ler. Kuzeyde, d\u00f6rt ba\u011flant\u0131l\u0131 rezervuar\u2014Her\u0103str\u0103u, Floreasca, Tei ve Colentina\u2014Colentina Nehri&#039;nin ak\u0131\u015f\u0131n\u0131 takip ederken, daha k\u00fc\u00e7\u00fck bir s\u00fcs havzas\u0131 olan Ci\u0219migiu G\u00f6l\u00fc, yemye\u015fil Ci\u0219migiu Bah\u00e7eleri&#039;nin ortas\u0131nda yer al\u0131r. Yeni St. George Kilisesi&#039;nin \u00f6n\u00fcnde, St. George Meydan\u0131&#039;nda, \u00dcniversite Meydan\u0131&#039;n\u0131n hemen g\u00fcneyinde sembolik bir kilometre s\u0131f\u0131r i\u015fareti bulunur.<\/p>\n<p>\u015eehrin rak\u0131m\u0131, g\u00fcneydo\u011fudaki D\u00e2mbovi\u021ba k\u00f6pr\u00fcs\u00fcnde yakla\u015f\u0131k 56 metre ile bat\u0131da askeri bir kilisenin ta\u00e7land\u0131rd\u0131\u011f\u0131 tepede 91,5 metre aras\u0131nda de\u011fi\u015fiyor. Geleneksel olarak B\u00fckre\u015f&#039;in yedi tepe \u00fczerinde yer ald\u0131\u011f\u0131 s\u00f6ylenir: Mihai Vod\u0103, Dealul Mitropoliei, Radu Vod\u0103, Cotroceni, Dealul Spirii, V\u0103c\u0103re\u0219ti ve Sf\u00e2ntu Gheorghe Nou. Bu, bir zamanlar Vl\u0103siei Orman\u0131 taraf\u0131ndan kaplanan verimli ovan\u0131n ortas\u0131nda, modern \u00f6ncesi k\u00f6kenlerini vurgulayan Roma&#039;n\u0131n \u015fiirsel bir yank\u0131s\u0131d\u0131r.<\/p>\n<p>Karma\u015f\u0131k bir ye\u015fil alan patchwork&#039;\u00fc kentsel dokuyu vurgular. 1847&#039;de Alman mimar Carl FW Meyer&#039;in tasar\u0131mlar\u0131na g\u00f6re d\u00fczenlenen Ci\u0219migiu Bah\u00e7eleri, \u015fehir merkezine yak\u0131n yemye\u015fil bir dinlenme yeri sunar ve tarihi olarak \u015fairleri ve romanc\u0131lar\u0131 kendine \u00e7ekmi\u015ftir. Ayn\u0131 ad\u0131 ta\u015f\u0131yan g\u00f6l\u00fcn kuzey k\u0131y\u0131s\u0131n\u0131 saran Her\u0103str\u0103u Park\u0131, arazisine Romanya K\u00f6y M\u00fczesi&#039;ni entegre eder. 1965&#039;te a\u00e7\u0131lan Tineretului Park\u0131, g\u00fcney b\u00f6lgelerinin ba\u015fl\u0131ca e\u011flence alan\u0131 olarak hizmet verir ve \u00e7ocuklar i\u00e7in \u00f6l\u00e7ekli bir &#034;Mini Kasaba&#034; i\u00e7erir.<\/p>\n<p>Cotroceni semtindeki Botanik Bah\u00e7esi, cam seralar\u0131nda ve a\u00e7\u0131k yataklar\u0131nda 10.000&#039;den fazla bitki t\u00fcr\u00fcne ev sahipli\u011fi yapar; aslen kraliyet e\u011flence alan\u0131 olarak ortaya \u00e7\u0131km\u0131\u015ft\u0131r. Di\u011fer \u00f6nemli parklar aras\u0131nda King Michael I Park\u0131, Carol Park\u0131, Alexandru Ioan Cuza Park\u0131 (genel olarak Titan Park\u0131 olarak bilinir), Kiseleff Park\u0131, Izvor Park\u0131, Gr\u0103dina Icoanei, Circului Park\u0131 ve Moghioro\u0219 Park\u0131 bulunur. Morii G\u00f6l\u00fc ile tamamlanan Ulusal Park, Tei Park\u0131, Eroilor Park\u0131 ve Cr\u00e2nga\u0219i Park\u0131 gibi ek alanlar \u015fehrin \u00e7evresinde daha fazla dinlenme olana\u011f\u0131 sunar.<\/p>\n<p>Bunlar aras\u0131nda, V\u0103c\u0103re\u0219ti G\u00f6l\u00fc tek ba\u015f\u0131na ilgiyi hak ediyor. Ceau\u0219escu rejimi alt\u0131nda beton bir havza olarak hizmete a\u00e7\u0131lan ancak 1989 Devrimi&#039;nden sonra terk edilen alan, yirmi y\u0131l boyunca fiili bir yeniden vah\u015file\u015ftirme s\u00fcrecinden ge\u00e7ti. May\u0131s 2016&#039;dan bu yana, yar\u0131s\u0131 a\u00e7\u0131k su olan 190 hektarl\u0131k bir alan\u0131 kaplayan ve doksan yedi ku\u015f t\u00fcr\u00fc, yedi memeli t\u00fcr\u00fc ve \u00e7ok say\u0131da amfibi ve b\u00f6ce\u011fe ev sahipli\u011fi yapan V\u0103c\u0103re\u0219ti Do\u011fa Park\u0131 olarak korunuyor. Gayriresmi olarak &#034;B\u00fckre\u015f Deltas\u0131&#034; olarak adland\u0131r\u0131lan bu alan, yo\u011fun kentsel yerle\u015fimin ortas\u0131nda do\u011fan\u0131n yeniden canlanmas\u0131na dair \u00e7arp\u0131c\u0131 bir kan\u0131t olmaya devam ediyor.<\/p>\n<p>Ba\u015fkentin hemen etraf\u0131ndaki b\u00f6lge, yirminci y\u00fczy\u0131l\u0131n sonlar\u0131na kadar b\u00fcy\u00fck \u00f6l\u00e7\u00fcde tar\u0131msald\u0131. Kom\u00fcnizmin \u00e7\u00f6k\u00fc\u015f\u00fcnden bu yana, Ilfov \u0130l\u00e7esi h\u0131zla kentle\u015fti: n\u00fcfusu 2021&#039;e kadar 542.686&#039;ya y\u00fckseldi, bu art\u0131\u015f 2011 ile 2021 aras\u0131nda Romanya&#039;daki di\u011fer t\u00fcm il\u00e7eleri geride b\u0131rakt\u0131. Pope\u0219ti-Leordeni, Voluntari, Chiajna, Bragadiru, Pantelimon, Buftea ve Otopeni gibi k\u00f6yler, \u015fehri daha geni\u015f bir metropol tak\u0131my\u0131ld\u0131z\u0131na \u00f6rerek zengin banliy\u00f6 kasabalar\u0131na d\u00f6n\u00fc\u015ft\u00fc.<\/p>\n<p>B\u00fckre\u015f&#039;in iklimi nemli k\u0131tasal ve nemli subtropikal s\u0131n\u0131fland\u0131rmalar\u0131 aras\u0131nda yer al\u0131r ve s\u0131cak, nemli yazlar ile so\u011fuk, karl\u0131 k\u0131\u015flar sunar. Yaz ortas\u0131nda g\u00fcnl\u00fck maksimum ortalama 29,8 \u00b0C&#039;dir ve merkez il\u00e7elerde s\u0131kl\u0131kla 35\u201340 \u00b0C&#039;lik zirveler g\u00f6r\u00fcl\u00fcr. K\u0131\u015f s\u0131cakl\u0131klar\u0131 genellikle donma noktas\u0131n\u0131n alt\u0131na d\u00fc\u015fer ve ova boyunca esen r\u00fczgarlar\u0131n yard\u0131m\u0131yla -10 \u00b0C&#039;ye kadar d\u00fc\u015febilir. \u0130lkbahar ve sonbahar g\u00fcnleri 17 ile 22 \u00b0C aras\u0131nda dalgalan\u0131r; ya\u011f\u0131\u015f ilkbaharda daha yo\u011fun olma e\u011filimindedir ve yaz\u0131n ani ama k\u0131sa f\u0131rt\u0131nalarla noktalan\u0131r.<\/p>\n<p>Demografik olarak, \u015fehir 2021 say\u0131m\u0131nda 1.716.961 sakini bar\u0131nd\u0131r\u0131yordu, bu 2011&#039;den beri m\u00fctevaz\u0131 bir daralma. D\u00fc\u015f\u00fck do\u011fum oranlar\u0131 ve banliy\u00f6den d\u0131\u015far\u0131 g\u00f6\u00e7 bu e\u011filimin nedeniydi. Birle\u015fmi\u015f Milletler&#039;in bir ara\u015ft\u0131rmas\u0131, B\u00fckre\u015f&#039;i 1990 ile 2010&#039;lar\u0131n ortas\u0131 aras\u0131nda n\u00fcfusta yakla\u015f\u0131k y\u00fczde d\u00f6rtl\u00fck bir d\u00fc\u015f\u00fc\u015f g\u00f6ren yirmi sekiz Avrupa ba\u015fkenti aras\u0131nda on dokuzuncu s\u0131raya koydu; ailelerin ve gen\u00e7 profesyonellerin uydu kom\u00fcnlere g\u00f6\u00e7\u00fc \u00f6nemli \u00f6l\u00e7\u00fcde katk\u0131da bulundu.<\/p>\n<p>Ekonomik olarak B\u00fckre\u015f, ulusal n\u00fcfusun y\u00fczde 10&#039;undan az konut olmas\u0131na ra\u011fmen Romanya&#039;n\u0131n gayri safi yurt i\u00e7i has\u0131las\u0131n\u0131n yakla\u015f\u0131k y\u00fczde 24&#039;\u00fcn\u00fc ve end\u00fcstriyel \u00fcretiminin neredeyse d\u00f6rtte birini \u00fcretiyor. T\u00fcm ulusal vergi gelirinin yakla\u015f\u0131k \u00fc\u00e7te biri ba\u015fkentten geliyor. B\u00fckre\u015f-Ilfov b\u00f6lgesinin sat\u0131n alma g\u00fcc\u00fcne g\u00f6re ayarlanm\u0131\u015f ki\u015fi ba\u015f\u0131na d\u00fc\u015fen GSY\u0130H&#039;si, 2017 y\u0131l\u0131nda Avrupa Birli\u011fi ortalamas\u0131n\u0131n y\u00fczde 145&#039;ine ula\u015farak Budape\u015fte (9), Madrid (5), Berlin (8), Roma (0), Lizbon (2) ve Sofya () i\u00e7in kar\u015f\u0131la\u015ft\u0131r\u0131labilir rakamlar\u0131 geride b\u0131rakt\u0131.<\/p>\n<p>1990&#039;lardaki g\u00f6receli durgunluk d\u00f6neminin ard\u0131ndan \u015fehir g\u00fc\u00e7l\u00fc bir \u015fekilde toparland\u0131: altyap\u0131 yenilemesi, ticari kompleksler, konut b\u00f6lgeleri ve cam kapl\u0131 g\u00f6kdelenler ufuk \u00e7izgisini yeniden \u015fekillendirdi. Ocak 2013&#039;te yerel i\u015fsizlik oran\u0131 %2,1&#039;deydi ve bu oran %5,8 olan ulusal ortalaman\u0131n olduk\u00e7a alt\u0131ndayd\u0131. Bug\u00fcn ekonomide hizmetler \u00f6n planda ve neredeyse t\u00fcm b\u00fcy\u00fck Rumen firmalar\u0131 da dahil olmak \u00fczere yakla\u015f\u0131k 186.000 i\u015fletmenin merkezi burada bulunuyor. Emlak ve in\u015faat sekt\u00f6r\u00fc milenyum sonras\u0131 geni\u015flemenin \u00e7o\u011funu y\u00f6nlendirirken, B\u00fckre\u015f ayn\u0131 zamanda bilgi teknolojisi ve ileti\u015fimin amiral gemisi merkezi olarak ortaya \u00e7\u0131kt\u0131; \u00e7ok say\u0131da uluslararas\u0131 yaz\u0131l\u0131m \u015firketi \u015fehirde a\u00e7\u0131k deniz teslimat tesisleri i\u015fletiyor.<\/p>\n<p>B\u00fckre\u015f Borsas\u0131, 2005&#039;in sonlar\u0131nda elektronik Rasdaq platformuyla birle\u015ferek finans sekt\u00f6r\u00fcn\u00fc demirliyor. 1990&#039;lar\u0131n sonlar\u0131ndan bu yana yirmiden fazla al\u0131\u015fveri\u015f merkezi ve al\u0131\u015fveri\u015f merkezi ortaya \u00e7\u0131kt\u0131: dikkate de\u011fer \u00f6rnekler aras\u0131nda B\u0103neasa Shopping City, AFI Palace Cotroceni, Mega Mall, Bucure\u0219ti Mall, ParkLake Shopping Centre, Sun Plaza, Promenada Mall ve Unirea Shopping Centre yer al\u0131yor. Amazon, Microsoft, Ubisoft, Oracle ve IBM gibi k\u00fcresel \u015firketler yerel operasyonlar kurdu. \u015eehir ayr\u0131ca Romanya&#039;n\u0131n en b\u00fcy\u00fck enerji \u015firketi olan Petrom da dahil olmak \u00fczere b\u00fcy\u00fck petrol ve gaz, otomotiv, telekom\u00fcnikasyon ve t\u00fcketim mallar\u0131 \u015firketlerine ev sahipli\u011fi yap\u0131yor. 2023&#039;te B\u00fckre\u015f, ortalama 250 Mbps h\u0131zla sabit geni\u015f bant h\u0131z\u0131 i\u00e7in d\u00fcnya \u00e7ap\u0131nda alt\u0131nc\u0131 s\u0131rada yer ald\u0131.<\/p>\n<p>Ula\u015f\u0131m altyap\u0131s\u0131, Metrorex taraf\u0131ndan i\u015fletilen ve altm\u0131\u015f d\u00f6rt istasyona hizmet veren M1&#039;den M5&#039;e kadar be\u015f hattan olu\u015fan bir metro a\u011f\u0131ndan olu\u015fur. \u0130lk segment 1979&#039;da a\u00e7\u0131ld\u0131 ve son hat 2020&#039;de hizmete girdi; alt\u0131nc\u0131 hat in\u015fa halindedir. Y\u00fczey seviyesinde, Societatea de Transport Bucure\u0219ti, \u00f6zel minib\u00fcsler ve 10.000&#039;e kadar taksiden olu\u015fan s\u0131n\u0131rl\u0131 bir filo ile tamamlanan otob\u00fcsler, tramvaylar, troleyb\u00fcsler ve hafif rayl\u0131 ara\u00e7lar i\u015fletmektedir.<\/p>\n<p>Demiryolu ba\u011flant\u0131lar\u0131, B\u00fckre\u015f&#039;i Belgrad, Sofya, Viyana, Budape\u015fte, \u0130stanbul ve Kiev gibi \u00f6nemli yerel ve uluslararas\u0131 var\u0131\u015f noktalar\u0131na ba\u011flayan C\u0103ile Ferate Rom\u00e2ne&#039;nin ana istasyonu olan Gara de Nord&#039;dan yay\u0131l\u0131yor. \u0130kincil istasyonlar\u2014Basarab, Obor, B\u0103neasa ve Progresul\u2014belediyeye ve Ilfov \u0130l\u00e7esine hizmet veren bir banliy\u00f6 treni a\u011f\u0131na entegre ediliyor. \u015eehrin en eski demiryolu terminali olan Filaret, 1869&#039;da a\u00e7\u0131ld\u0131 ve daha sonra kom\u00fcnist rejim alt\u0131nda bir otob\u00fcs terminali olarak yeniden kullan\u0131ld\u0131.<\/p>\n<p>Hava yolculu\u011fu, Otopeni&#039;deki kent merkezinin 16,5 kilometre kuzeyinde bulunan Henri Coand\u0103 Uluslararas\u0131 Havaliman\u0131&#039;nda (OTP) yo\u011funla\u015f\u0131yor; 2017&#039;de 12,8 milyondan fazla yolcuya hizmet vererek Romanya&#039;n\u0131n en yo\u011fun havaliman\u0131 oldu. \u015eehir s\u0131n\u0131rlar\u0131 i\u00e7inde kuzeyde sekiz kilometre uzakl\u0131kta bulunan Aurel Vlaicu Uluslararas\u0131 Havaliman\u0131 (BBU), y\u00f6netici ve charter u\u00e7u\u015flar\u0131na hizmet veriyor.<\/p>\n<p>Karayoluyla B\u00fckre\u015f, ulusal a\u011f\u0131n ve Pan-Avrupa koridorlar\u0131 IV ve IX&#039;un \u00f6nemli arterlerini demirliyor. \u00d6nemli otoyollar\u2014A1&#039;den Pite\u0219ti&#039;ye (Macaristan&#039;a do\u011fru devam ediyor), A2 Sun Otoyolu&#039;ndan K\u00f6stence&#039;ye ve A3&#039;ten Ploie\u0219ti&#039;ye\u2014buradan ba\u015fl\u0131yor. Karayoluyla mesafeler aras\u0131nda Bra\u0219ov&#039;a 183 kilometre, K\u00f6stence&#039;ye 203 kilometre, Ia\u0219i&#039;ye 408 kilometre, Cluj-Napoca&#039;ya 451 kilometre ve Timi\u0219oara&#039;ya 544 kilometre yer al\u0131yor. \u0130\u00e7 ve d\u0131\u015f \u00e7evre yolu, radyal bulvarlar\u0131n bir a\u011f\u0131n\u0131 tamaml\u0131yor. Yo\u011fun saatlerdeki s\u0131k\u0131\u015f\u0131kl\u0131k, artan ara\u00e7 sahipli\u011fine atfediliyor\u20142013&#039;e kadar 1,13 milyon ara\u00e7 tescil edildi\u2014ancak sistematik yol onar\u0131m\u0131 bir\u00e7ok bozulmu\u015f ana caddeyi ele ald\u0131. Plakalar, hacmi kar\u015f\u0131lamak i\u00e7in 2010&#039;da \u00fc\u00e7 haneli bir format benimsedi. 17 Haziran 2011&#039;de Romanya&#039;n\u0131n en uzun ve k\u0131tan\u0131n en geni\u015f asma k\u00f6pr\u00fcs\u00fc olan Basarab \u00dcst Ge\u00e7idi a\u00e7\u0131ld\u0131 ve Grant K\u00f6pr\u00fcs\u00fc ile Kuzey \u0130stasyonu yak\u0131nlar\u0131ndaki trafik ak\u0131\u015f\u0131 \u00f6nemli \u00f6l\u00e7\u00fcde iyile\u015fti.<\/p>\n<p>B\u00fckre\u015f&#039;teki k\u00fclt\u00fcrel ya\u015fam son y\u0131llarda g\u00f6rsel sanatlar, sahne sanatlar\u0131 ve gece hayat\u0131 alanlar\u0131nda art\u0131\u015f g\u00f6sterdi. Di\u011fer Romanya b\u00f6lgelerinin aksine, \u015fehrin yarat\u0131c\u0131 ortam\u0131 tekil bir karakterden ka\u00e7\u0131n\u0131yor, bunun yerine yerel gelene\u011fi k\u00fcresel etkilerle sentezliyor. Galeriler, konser salonlar\u0131, tiyatrolar ve kul\u00fcpler \u00e7o\u011fal\u0131yor ve geni\u015f bir b\u00f6lge sakini ve ziyaret\u00e7i yelpazesine hitap ediyor.<\/p>\n<p>An\u0131tsal mimari, B\u00fckre\u015f&#039;in bir\u00e7ok \u00f6nemli noktas\u0131n\u0131 tan\u0131mlar. 1980&#039;lerde Ceau\u0219escu rejimi alt\u0131nda in\u015fa edilen Parlamento Saray\u0131, d\u00fcnyan\u0131n en b\u00fcy\u00fck parlamento binas\u0131d\u0131r; devasa hacimleri hem yasama meclisleri hem de Ulusal \u00c7a\u011fda\u015f Sanat M\u00fczesi i\u00e7in odalar i\u00e7erir ve ayr\u0131ca d\u00fcnyan\u0131n en geni\u015f kongre merkezlerinden biridir. 1935&#039;te \u015fimdiki haliyle in\u015fa edilen ve Paris&#039;teki Arc de Triomphe&#039;den modellenen Arcul de Triumf, Romanya&#039;n\u0131n askeri ba\u015far\u0131lar\u0131n\u0131 anmaktad\u0131r. 1989 Devrimi&#039;nin kurbanlar\u0131n\u0131 onurland\u0131rmak i\u00e7in 2005&#039;te a\u00e7\u0131lan cilal\u0131 mermer bir dikilita\u015f olan Yeniden Do\u011fu\u015f An\u0131t\u0131, soyut bi\u00e7imi ve siyasi \u00e7a\u011fr\u0131\u015f\u0131mlar\u0131 konusunda kamuoyunda tart\u0131\u015fmalara yol a\u00e7t\u0131.<\/p>\n<p>1886 ile 1888 y\u0131llar\u0131 aras\u0131nda kamusal abonelik yoluyla tamamlanan Romanya Ateneumu, ulusal k\u00fclt\u00fcr\u00fcn bir simgesi olarak duruyor ve Avrupa Miras\u0131 Etiketi ta\u015f\u0131yor. \u00dcniversite Meydan\u0131 yak\u0131nlar\u0131ndaki y\u00fcksek katl\u0131 be\u015f y\u0131ld\u0131zl\u0131 bir otel olan InterContinental Bucharest, benzersiz \u015fekilde yap\u0131land\u0131r\u0131lm\u0131\u015f her konuk odas\u0131ndan panoramik manzaralar sunuyor. 1957&#039;de tamamlanan ve Moskova Devlet \u00dcniversitesi&#039;nden esinlenerek tasarlanan Casa Sc\u00e2nteii, bir zamanlar Kom\u00fcnist Parti&#039;nin resmi bas\u0131n organlar\u0131na ev sahipli\u011fi yap\u0131yordu; cephesi, s\u00fcslemelerinde \u00e7eki\u00e7 ve orak motifleri sergileyen \u015fehirdeki tek bina olmaya devam ediyor.<\/p>\n<p>M\u00fczecilik kurumlar\u0131 bol miktarda bulunur: Ulusal Sanat M\u00fczesi, Grigore Antipa Ulusal Do\u011fa Tarihi M\u00fczesi, Rumen K\u00f6yl\u00fc M\u00fczesi, Ulusal Tarih M\u00fczesi ve Askeri M\u00fcze Romanya&#039;n\u0131n miras\u0131n\u0131 topluca korur ve sunar. \u015eehir merkezinin kendisi, kom\u00fcnist d\u00f6nemden faydac\u0131 apartman kompleksleri ve \u00e7a\u011fda\u015f g\u00f6kdelenlerin da\u011f\u0131n\u0131kl\u0131\u011f\u0131yla i\u00e7 i\u00e7e ge\u00e7mi\u015f, orta\u00e7a\u011f kal\u0131nt\u0131lar\u0131, Neoklasik saraylar, Art Deco bloklar\u0131, Art Nouveau villalar\u0131 ve yirminci y\u00fczy\u0131l\u0131n ba\u015flar\u0131ndaki neo-Rumen prototiplerinin bir palimpsestidir.<\/p>\n<p>Yirmi birinci y\u00fczy\u0131l\u0131n ilk \u00e7eyre\u011finde B\u00fckre\u015f, Avrupa Birli\u011fi hibeleri ve yerel yat\u0131r\u0131mlarla d\u00f6n\u00fc\u015ft\u00fcr\u00fcld\u00fc. Canland\u0131r\u0131lan eski \u015fehir b\u00f6lgesi restore edilmi\u015f cepheleri ve yeniden i\u015flevlendirilmi\u015f i\u00e7 mekanlar\u0131 sergilerken, altyap\u0131 \u00e7al\u0131\u015fmalar\u0131 (aralar\u0131nda devasa Basarab \u00fcst ge\u00e7idi de var) \u015fehrin geli\u015fen konturlar\u0131n\u0131 takip ediyor. Bir zamanlar &#034;K\u00fc\u00e7\u00fck Paris&#034; olarak kutlanan yer, art\u0131k dinamik kar\u015f\u0131tl\u0131klar\u0131n metropol\u00fc olarak ortaya \u00e7\u0131k\u0131yor: tarih, modernite ve bunlar aras\u0131ndaki s\u00fcrekli etkile\u015fimin ya\u015fayan bir kroni\u011fi. Tarihi sokaklar\u0131nda, parklar\u0131nda ve ana caddelerinde B\u00fckre\u015f, ge\u00e7mi\u015f ve gelece\u011fin kav\u015fa\u011f\u0131nda canl\u0131 bir ba\u015fkent olarak rol\u00fcn\u00fc iddia etmeye devam ediyor.<\/p>","protected":false},"excerpt":{"rendered":"<p>Romanya&#039;n\u0131n ba\u015fkenti ve en b\u00fcy\u00fck \u015fehri olan B\u00fckre\u015f, s\u0131n\u0131rlar\u0131 i\u00e7erisinde tahmini 1,76 milyon insan\u0131n ya\u015fad\u0131\u011f\u0131 geli\u015fen bir metropold\u00fcr. Romanya&#039;n\u0131n g\u00fcneydo\u011fusunda D\u00e2mbovi\u021ba Nehri k\u0131y\u0131s\u0131nda bulunan bu enerjik kentsel merkez, yakla\u015f\u0131k 2,3 milyon sakini olan daha b\u00fcy\u00fck bir metropol alan\u0131n\u0131n merkezidir. Bu ola\u011fan\u00fcst\u00fc n\u00fcfusuyla B\u00fckre\u015f, Avrupa Birli\u011fi&#039;nin sekizinci en kalabal\u0131k \u015fehri olarak s\u0131ralan\u0131r ve bu nedenle k\u0131ta sahnesindeki \u00f6nemini vurgular.<\/p>","protected":false},"author":1,"featured_media":3400,"parent":11908,"menu_order":0,"comment_status":"closed","ping_status":"closed","template":"elementor_theme","meta":{"_eb_attr":"","footnotes":""},"class_list":["post-11967","page","type-page","status-publish","has-post-thumbnail"],"_links":{"self":[{"href":"https:\/\/travelshelper.com\/tr\/wp-json\/wp\/v2\/pages\/11967","targetHints":{"allow":["GET"]}}],"collection":[{"href":"https:\/\/travelshelper.com\/tr\/wp-json\/wp\/v2\/pages"}],"about":[{"href":"https:\/\/travelshelper.com\/tr\/wp-json\/wp\/v2\/types\/page"}],"author":[{"embeddable":true,"href":"https:\/\/travelshelper.com\/tr\/wp-json\/wp\/v2\/users\/1"}],"replies":[{"embeddable":true,"href":"https:\/\/travelshelper.com\/tr\/wp-json\/wp\/v2\/comments?post=11967"}],"version-history":[{"count":0,"href":"https:\/\/travelshelper.com\/tr\/wp-json\/wp\/v2\/pages\/11967\/revisions"}],"up":[{"embeddable":true,"href":"https:\/\/travelshelper.com\/tr\/wp-json\/wp\/v2\/pages\/11908"}],"wp:featuredmedia":[{"embeddable":true,"href":"https:\/\/travelshelper.com\/tr\/wp-json\/wp\/v2\/media\/3400"}],"wp:attachment":[{"href":"https:\/\/travelshelper.com\/tr\/wp-json\/wp\/v2\/media?parent=11967"}],"curies":[{"name":"wp","href":"https:\/\/api.w.org\/{rel}","templated":true}]}}