{"id":11958,"date":"2024-09-14T22:28:15","date_gmt":"2024-09-14T22:28:15","guid":{"rendered":"https:\/\/travelshelper.com\/staging\/?page_id=11958"},"modified":"2026-03-12T21:19:12","modified_gmt":"2026-03-12T21:19:12","slug":"kostence","status":"publish","type":"page","link":"https:\/\/travelshelper.com\/tr\/destinations\/europe\/romania\/constanta\/","title":{"rendered":"K\u00f6stence"},"content":{"rendered":"<p>Romanya&#039;n\u0131n g\u00fcneydo\u011fusunda Karadeniz&#039;in bat\u0131 k\u0131y\u0131s\u0131nda bulunan K\u00f6stence, \u00fclkenin ba\u015fl\u0131ca deniz kap\u0131s\u0131 ve d\u00f6rd\u00fcnc\u00fc en kalabal\u0131k \u015fehri olarak hizmet vermektedir. Kent merkezinden on dokuz mil uzakl\u0131ktaki on d\u00f6rt \u00e7evre yerle\u015fim yerini kapsayan bir metropol alan\u0131 kaplayan \u015fehir, \u015fehir s\u0131n\u0131rlar\u0131 i\u00e7inde yakla\u015f\u0131k 263.688 sakini ve daha geni\u015f yerle\u015fim b\u00f6lgesinde yakla\u015f\u0131k 426.000 ki\u015fiyi desteklemektedir. M\u00d6 600 civar\u0131nda antik Dobruca b\u00f6lgesinde kurulan \u015fehir, Romanya k\u0131y\u0131lar\u0131ndaki en eski s\u00fcrekli yerle\u015fim yeri olmaya devam etmektedir. On be\u015f mil karelik bir alan\u0131 kaplayan ve k\u0131y\u0131 \u015feridi boyunca yakla\u015f\u0131k on dokuz mil uzanan bir limana sahip olan K\u00f6stence, on \u00fc\u00e7 kilometrelik bir plaj \u015feridi ve modern Mamaia b\u00f6lgesi taraf\u0131ndan tan\u0131mlanan bir tatil beldesi olarak merkezi bir ticari merkez rol\u00fcn\u00fc dengelemektedir.<\/p>\n<p>K\u00f6kenleri Tomis&#039;in Yunan yerle\u015fimi olarak d\u00fc\u015f\u00fcn\u00fcld\u00fc\u011f\u00fc andan itibaren, Constan\u021ba&#039;n\u0131n karakteri tarihsel katmanla\u015fma katmanlar\u0131 arac\u0131l\u0131\u011f\u0131yla ortaya \u00e7\u0131kar. \u0130lk sakinleri i\u00e7 kesimlerdeki topluluklarla tah\u0131l ve bal\u0131k ticareti yaparak g\u00fcn\u00fcm\u00fczde de varl\u0131\u011f\u0131n\u0131 s\u00fcrd\u00fcren denizci kimli\u011fini olu\u015fturmu\u015ftur. \u0130sim daha sonra \u0130mparator B\u00fcy\u00fck Konstantin&#039;in ye\u011feni Constantina&#039;y\u0131 onurland\u0131rm\u0131\u015ft\u0131r, ancak imparatorluklar i\u00e7in bir kav\u015fak noktas\u0131 olarak rol\u00fc bu \u00f6vg\u00fcden y\u00fczy\u0131llar \u00f6ncesine dayanmaktad\u0131r. Roma y\u00f6netimi alt\u0131nda, o zamanlar Moesia&#039;n\u0131n bir par\u00e7as\u0131 olan \u015fehir, bir su kemerleri ve hamamlar a\u011f\u0131na entegre edilmi\u015ftir. Kentsel plan\u0131n\u0131n izleri, Arkeoloji Park\u0131&#039;nda ortaya \u00e7\u0131kar\u0131lan mozaik zeminlerde ve amforalarla dolu temellerde hayatta kalm\u0131\u015ft\u0131r; bunlar, bir zamanlar akropol\u00fc a\u015fa\u011f\u0131daki limana ba\u011flayan idari ve ticari sinir merkezine i\u015faret eden 3. ve 4. y\u00fczy\u0131l binalar\u0131n\u0131n par\u00e7alar\u0131d\u0131r.<\/p>\n<p>Bizans ve Bulgar egemenli\u011fi \u015fehrin ta\u015f dokusunda daha ince izler b\u0131rakt\u0131, ancak Osmanl\u0131 d\u00f6nemi daha dikkat \u00e7ekici an\u0131tlar olu\u015fturdu. Sultan Abd\u00fclaziz&#039;in emriyle 1869&#039;da tamamlanan H\u00fcnkar Camii, bu k\u0131y\u0131larda s\u0131\u011f\u0131nan bir K\u0131r\u0131m Tatar s\u00fcrg\u00fcn toplulu\u011funun kan\u0131t\u0131d\u0131r. \u0130nce minaresi ve s\u00fcsl\u00fc i\u00e7 mekan\u0131 20. y\u00fczy\u0131l\u0131n ortalar\u0131nda restore edilerek ibadet edenlerin s\u00fcrg\u00fcnden ve imparatorluktan kurtulan gelenekleri uygulamalar\u0131na olanak sa\u011flad\u0131. Bir nesil sonra, Kral Carol I, Bizans tonozlar\u0131n\u0131 Rumen heykel detaylar\u0131yla birle\u015ftiren K\u00f6stence Ulu Camii&#039;ni yapt\u0131rd\u0131. Dua salonunun odak noktas\u0131, Hereke&#039;de dokunan, 1.000 pounddan fazla a\u011f\u0131rl\u0131\u011fa sahip an\u0131tsal bir T\u00fcrk hal\u0131s\u0131d\u0131r ve minare, Rumen Karadeniz filosunun demirledi\u011fi liman\u0131n uyan\u0131k manzaralar\u0131n\u0131 sunan r\u0131ht\u0131mdan elli metre yukar\u0131dad\u0131r.<\/p>\n<p>1878&#039;de, Rus-T\u00fcrk Sava\u015f\u0131&#039;n\u0131n sona ermesinin ard\u0131ndan K\u00f6stence Romanya&#039;ya devredildi. O s\u0131rada, surlar\u0131 i\u00e7inde 6.000&#039;den az insan ya\u015f\u0131yordu. Sonraki y\u00fczy\u0131l boyunca \u015fehir \u00f6nemli \u00f6l\u00e7\u00fcde geni\u015fledi: n\u00fcfusu 1930&#039;da neredeyse 60.000&#039;e y\u00fckseldi ve son n\u00fcfus say\u0131m\u0131nda \u00e7eyrek milyon civar\u0131nda sabitlenmeden \u00f6nce 1992&#039;de 350.000&#039;in \u00fczerine \u00e7\u0131kt\u0131. Etnik Rumenler 20. y\u00fczy\u0131l\u0131n ba\u015flar\u0131nda \u00e7o\u011funlu\u011fu ele ge\u00e7irdi, ancak \u015fehir Tatarlar ve Yunanl\u0131lar\u0131n yan\u0131 s\u0131ra T\u00fcrk ve Roman az\u0131nl\u0131klar\u0131n yerle\u015fim yerlerini de koruyor ve her grup Roma mozaiklerinden Osmanl\u0131 minarelerine uzanan \u00e7ok k\u00fclt\u00fcrl\u00fc bir mirasa katk\u0131da bulunuyor.<\/p>\n<p>K\u00f6stence Liman\u0131 hem \u015fehrin ekonomik can damar\u0131n\u0131 hem de stratejik s\u0131n\u0131r\u0131n\u0131 olu\u015fturur. 39,26 km\u00b2&#039;lik alan\u0131yla Karadeniz&#039;in en b\u00fcy\u00fck ticari liman\u0131d\u0131r ve Avrupa&#039;n\u0131n en \u00f6nemli denizcilik tesisleri aras\u0131nda yer al\u0131r. Kuzey ve G\u00fcney havzalar\u0131, kuzeyden esen f\u0131rt\u0131nalar\u0131 sapt\u0131ran dalgak\u0131ranlar\u0131n arkas\u0131nda korunakl\u0131 bir \u015fekilde uzan\u0131r, ancak g\u00fcneyden esen f\u0131rt\u0131nalar, giren veya \u00e7\u0131kan gemiler i\u00e7in suyu tehlikeli hale getirebilir. Tuna-Karadeniz Kanal\u0131 burada birle\u015ferek Avrupa&#039;n\u0131n kalbi ile a\u00e7\u0131k deniz aras\u0131ndaki tah\u0131l, petrol, k\u00f6m\u00fcr ve makine ak\u0131\u015f\u0131n\u0131 kolayla\u015ft\u0131r\u0131r. Demiryolu ve karayolu arterleri bu ba\u011flant\u0131y\u0131 tamamlar: G\u00fcne\u015f Otoyolu olarak bilinen A2 otoyolu bat\u0131ya do\u011fru B\u00fckre\u015f&#039;e do\u011fru ilerlerken, A4 \u00e7evre yolu yo\u011fun trafi\u011fi \u015fehir merkezinin etraf\u0131ndan y\u00f6nlendirir.<\/p>\n<p>End\u00fcstriyel \u00f6nemine ra\u011fmen, K\u00f6stence uzun zamand\u0131r bir e\u011flence merkezi olmu\u015ftur. 20. y\u00fczy\u0131l\u0131n ba\u015flar\u0131nda, Carol I&#039;in himayesi sahil gezinti yerlerini ve mineral kaynaklar\u0131n\u0131 yeni tatil yerlerine d\u00f6n\u00fc\u015ft\u00fcrm\u00fc\u015ft\u00fc. Bug\u00fcn, Mamaia bu vizyonu modern bi\u00e7imde temsil ediyor: dar bir kum setine t\u00fcnemi\u015f, sakin sularla \u00e7evrili ve denizden gelen esintilerle ferahlayan \u015f\u0131k bir otel, kafe ve kul\u00fcp \u015feridi. \u0130lkbahar sonu ile sonbahar ba\u015f\u0131 aras\u0131nda, turistler ve mevsimlik i\u015f\u00e7iler bir araya geldik\u00e7e n\u00fcfus artar; yo\u011fun sezonda, g\u00fcnl\u00fck yakla\u015f\u0131k 120.000 ziyaret\u00e7i ge\u00e7ebilir. Toplu ta\u015f\u0131ma -y\u0131l boyu hizmet veren on dokuz otob\u00fcs hatt\u0131, mevsimlik \u00e7ift katl\u0131 g\u00fczergahlar, Wi-Fi donan\u0131ml\u0131 ara\u00e7lar ve en son elektrikli otob\u00fcsler dahil- kentsel hareketlili\u011fin hem sakinleri hem de gelenleri bar\u0131nd\u0131rmas\u0131n\u0131 sa\u011flar.<\/p>\n<p>Constanta&#039;n\u0131n mimari miras\u0131 \u015fehrin d\u00f6rt bir yan\u0131ndaki ayr\u0131 ortamlarda ortaya \u00e7\u0131kar. Ovid Meydan\u0131, MS 8 y\u0131l\u0131nda buraya s\u00fcrg\u00fcn edilen Romal\u0131 \u015faire sayg\u0131 duru\u015funda bulunur. 1887&#039;de dikilen ve daha sonra sava\u015fta kald\u0131r\u0131ld\u0131ktan sonra yeniden in\u015fa edilen Ettore Ferrari&#039;nin bronz heykeli, \u015fu anda Ulusal Tarih ve Arkeoloji M\u00fczesi olan eski Belediye Binas\u0131&#039;n\u0131n \u00f6n\u00fcnde durmaktad\u0131r. \u0130\u00e7eride ziyaret\u00e7iler, mermer par\u00e7alar\u0131ndan Bizans ikonlar\u0131na kadar binlerce y\u0131la yay\u0131lan eserlerle kar\u015f\u0131la\u015f\u0131rlar. Yak\u0131nlarda, Mozaikli Roma Binas\u0131 yakla\u015f\u0131k 850 m\u00b2&#039;lik bir alan\u0131 kaplar ve mozaik zeminleri, bir zamanlar kasaban\u0131n ticari merkezini olu\u015fturan d\u00fckkanlar\u0131, depolar\u0131 ve hamamlar\u0131 ima eder. 6. y\u00fczy\u0131ldan kalma biti\u015fik bir kule, orta\u00e7a\u011f savunma stratejilerine dair nadir bir dikey bak\u0131\u015f sunar.<\/p>\n<p>Yar\u0131m y\u00fczy\u0131l \u00f6nce, Casino, Belle \u00c9poque zarafetinin bir simgesi olarak deniz k\u0131y\u0131s\u0131nda y\u00fckseliyordu. 1910 y\u0131l\u0131nda Carol I taraf\u0131ndan sipari\u015f edilen ve Daniel Renard ile Petre Antonescu taraf\u0131ndan tasarlanan yap\u0131n\u0131n k\u0131vr\u0131ml\u0131 Art Nouveau cephesi, binan\u0131n kendisi ard\u0131\u015f\u0131k rejimler alt\u0131nda harap olmas\u0131na ra\u011fmen dalgalar\u0131n \u00fczerinden bak\u0131yor. 2021 y\u0131l\u0131nda, bir zamanlar Avrupa&#039;n\u0131n moda s\u0131n\u0131flar\u0131n\u0131 a\u011f\u0131rlayan bir yap\u0131ya duyulan yenilenen kentsel gururu yans\u0131tan kapsaml\u0131 bir restorasyon projesi ba\u015flad\u0131. Yak\u0131nlardaki Aslanl\u0131 Ev, daha samimi bir neo-Romanesk topluluk sunuyor. D\u00f6rt yontulmu\u015f aslan, bir zamanlar K\u00f6stence Mason Locas\u0131&#039;na ev sahipli\u011fi yapan bir cepheyi koruyor ve ta\u015f bak\u0131\u015flar\u0131 yoldan ge\u00e7enlere \u015fehrin kozmopolit a\u011flar\u0131n\u0131 hat\u0131rlat\u0131yor.<\/p>\n<p>Constan\u021ba&#039;n\u0131n k\u00fclt\u00fcrel hayat\u0131 da vizyon sahibi ki\u015filiklerin izlerini ta\u015f\u0131m\u0131\u015ft\u0131r. 1957&#039;de kurulan Dobrogean M\u00fczikal Tiyatrosu, daha sonra ilk bale ustas\u0131 Oleg Danovski&#039;nin ad\u0131n\u0131 ta\u015f\u0131yan bir tesiste operatik ve dramatik prod\u00fcksiyonlar sunmu\u015ftur. Onun y\u00f6netimi alt\u0131nda, \u00e7a\u011fda\u015f bir topluluk 1996&#039;daki \u00f6l\u00fcm\u00fcne kadar geli\u015fmi\u015ftir. Tiyatro 2004&#039;te kapanm\u0131\u015f olsa da, miras\u0131, y\u00fczy\u0131l ortas\u0131 canl\u0131l\u0131\u011f\u0131n\u0131 hat\u0131rlatan y\u0131ll\u0131k festivallerde ve turne \u015firketlerinde devam etmektedir. Benzer \u015fekilde, ba\u015flang\u0131\u00e7ta Yunan hay\u0131rseverinin ad\u0131n\u0131 ta\u015f\u0131yan Tranulis olan Fantasio Tiyatrosu, 1920&#039;lerde yeniden a\u00e7\u0131lm\u0131\u015f ve neoklasik reva\u011f\u0131 Ferdinand Bulvar\u0131&#039;n\u0131n modern ana arterlerinin ortas\u0131nda durmaktad\u0131r.<\/p>\n<p>M\u00fczeler, tarih ve do\u011fan\u0131n birle\u015fti\u011fi K\u00f6stence&#039;de \u00f6zel bir yank\u0131ya sahiptir. Romanya Deniz Kuvvetleri M\u00fczesi, yelkenle \u00e7al\u0131\u015fan korvetlerden modern firkateynlere kadar \u00fclkenin deniz kuvvetlerinin evrimini izler ve sergileri 3 A\u011fustos 1969&#039;da a\u00e7\u0131lm\u0131\u015ft\u0131r. Gemi modelleri, \u00e7apalar ve \u00fcniformalar\u0131n kronolojik sergileri, a\u00e7\u0131k denizde demirlemi\u015f deniz varl\u0131\u011f\u0131na ba\u011flam sunar. K\u0131sa bir y\u00fcr\u00fcy\u00fc\u015f ziyaret\u00e7ileri, yunus akvaryumunda g\u00fcnl\u00fck performanslar sergilenen ve ku\u015f kafesleri egzotik ku\u015flarla dolu bir zoolojik topluluk olan Do\u011fa Bilimleri M\u00fczesi Kompleksi&#039;ne g\u00f6t\u00fcr\u00fcr. Bir mikro-Delta sergisi, Tuna Deltas\u0131&#039;n\u0131n karma\u015f\u0131k sulak alanlar\u0131n\u0131 \u00e7a\u011fr\u0131\u015ft\u0131r\u0131r ve kom\u015fu bir planetaryum, k\u0131y\u0131 sular\u0131n\u0131 g\u00f6ksel aleme ba\u011flayan astral panoramalar yans\u0131t\u0131r.<\/p>\n<p>K\u00f6stence&#039;nin iklimi, hem liman hem de tatil yeri olarak ikili karakterini yans\u0131t\u0131r. Nemli subtropikal olarak s\u0131n\u0131fland\u0131r\u0131lan yazlar, haziran ba\u015f\u0131ndan eyl\u00fcl ortas\u0131na kadar uzan\u0131r ve temmuz ve a\u011fustos ortalamalar\u0131 23 \u00b0C civar\u0131ndad\u0131r. G\u00fcnd\u00fcz esintileri s\u0131cakl\u0131\u011f\u0131 yumu\u015fat\u0131rken ak\u015famlar denizin depolad\u0131\u011f\u0131 s\u0131cakl\u0131\u011f\u0131 korur. Eyl\u00fcl sonlar\u0131nda ba\u015flayabilen sonbahar, a\u00e7\u0131k g\u00f6ky\u00fcz\u00fc ve \u0131l\u0131man g\u00fcnler getirirken, k\u0131\u015f i\u00e7 b\u00f6lgelere g\u00f6re daha ge\u00e7 gelir. Ocak ortalamalar\u0131 1 \u00b0C civar\u0131nda seyreder ve s\u0131cakl\u0131klar 8 \u00b0C&#039;nin \u00fczerine \u00e7\u0131kt\u0131\u011f\u0131nda hafif aral\u0131klarla gelen k\u0131sa kar ya\u011f\u0131\u015flar\u0131 telafi edilir. Aral\u0131k ve mart aylar\u0131 aras\u0131ndaki f\u0131rt\u0131nalar, \u015fehrin kimli\u011finin temelini olu\u015fturan denizcilik ruhunu hat\u0131rlatan r\u00fczgarla kesilmi\u015f denizlere yol a\u00e7abilir. \u0130lkbaharda, yeni olu\u015fan s\u0131cakl\u0131k, kal\u0131c\u0131 deniz ak\u0131nt\u0131lar\u0131yla bo\u011fu\u015furken, k\u0131y\u0131 \u015feridi genellikle i\u00e7 kesimlerden daha serin kal\u0131r.<\/p>\n<p>\u0130klim kay\u0131tlar\u0131 kademeli \u0131s\u0131nmaya do\u011fru bir e\u011filimin alt\u0131n\u0131 \u00e7iziyor. 1889&#039;dan beri yar\u0131madada kaydedilen en s\u0131cak yedi y\u0131l\u0131n d\u00f6rd\u00fc milenyumun ba\u015flang\u0131c\u0131ndan sonra ger\u00e7ekle\u015fti. 2007&#039;de k\u0131\u015f ve yaz rekor ayl\u0131k ortalamalara ula\u015ft\u0131 - Ocak ay\u0131nda 6,5 \u200b\u200b\u00b0C ve Haziran ay\u0131nda 23,0 \u00b0C - ve y\u0131l bir b\u00fct\u00fcn olarak bir as\u0131rdan fazla g\u00f6zlemin en y\u00fcksek ortalama s\u0131cakl\u0131\u011f\u0131n\u0131 kaydetti. Bu t\u00fcr veriler K\u00f6stence&#039;yi, hem tar\u0131m d\u00f6ng\u00fclerini hem de turizm modellerini \u015fekillendiren Karadeniz b\u00f6lgesinde yank\u0131lanan \u00e7evresel de\u011fi\u015fimlerin \u00f6n saflar\u0131na yerle\u015ftiriyor.<\/p>\n<p>K\u00f6stence&#039;deki ekonomik anlat\u0131lar m\u00fctevaz\u0131 bir bal\u0131k\u00e7\u0131 k\u00f6y\u00fcnden end\u00fcstriyel ve ticari bir temel ta\u015f\u0131na do\u011fru yay\u0131l\u0131yor. 1878&#039;de yabanc\u0131 g\u00f6zlemciler onu &#034;fakir&#034; ve az geli\u015fmi\u015f olarak nitelerken, 1920&#039;de petrol ve tah\u0131l ihracat\u0131yla dikkat \u00e7ekiyordu. Bug\u00fcn, 2008&#039;in ilk yar\u0131s\u0131nda 3.000&#039;den fazla yeni \u015firketin kurulmas\u0131, B\u00fckre\u015f ve Cluj \u0130l\u00e7esi&#039;nden sonra ikinci s\u0131rada gelen dinamik bir i\u015f ortam\u0131na i\u015faret ediyordu. Tersaneler tah\u0131l silolar\u0131n\u0131n yan\u0131na k\u00fcmeleniyor ve lojistik firmalar\u0131 mallar\u0131 k\u0131ta genelinde da\u011f\u0131tmak i\u00e7in liman\u0131n verimini kullan\u0131yor. Ayn\u0131 zamanda, 2020&#039;de Avrupa Birli\u011fi fonlar\u0131yla finanse edilen plaj rehabilitasyon program\u0131 hektarlarca k\u0131y\u0131 \u015feridini geri kazanarak onlarca y\u0131ll\u0131k end\u00fcstriyel etkiyi d\u00fczeltti ve \u015fehrin rekreasyonel boyutunu yeniden teyit etti.<\/p>\n<p>K\u00f6stence&#039;nin ba\u011flant\u0131s\u0131 deniz kanallar\u0131n\u0131n \u00f6tesine uzan\u0131yor. 1895&#039;te a\u00e7\u0131lan demir yolu, Cernavod\u0103&#039;da Tuna&#039;y\u0131 ge\u00e7erek ve tah\u0131l ve petrol\u00fcn d\u0131\u015far\u0131 ak\u0131\u015f\u0131n\u0131 kolayla\u015ft\u0131rarak Romanya&#039;n\u0131n ba\u015fkentine do\u011frudan bir ba\u011flant\u0131 kurdu. Karayolu ba\u011flant\u0131lar\u0131 benzer bir geometriyi takip ediyor: B\u00fckre\u015f&#039;e giden A2 otoyolu ve \u015fehir merkezini \u00e7evreleyen A4 \u00e7evre yolu. Hava yolculu\u011fu Mihail Kog\u0103lniceanu Uluslararas\u0131 Havaalan\u0131 \u00fczerinden gelirken, liman\u0131n dalgak\u0131ranlar\u0131 uluslararas\u0131 y\u00fck gemileri ve donanma gemileri i\u00e7in ge\u00e7itler olu\u015fturuyor. \u0130leriye bak\u0131ld\u0131\u011f\u0131nda, Rail-2-Sea giri\u015fimi K\u00f6stence&#039;yi 2.200 milden uzun bir ulus\u00f6tesi demir yolu koridoru arac\u0131l\u0131\u011f\u0131yla Polonya&#039;n\u0131n Balt\u0131k liman\u0131 Gda\u0144sk&#039;a ba\u011flamay\u0131 ve \u015fehrin k\u0131talar aras\u0131 bir kav\u015faktaki konumunu g\u00fc\u00e7lendirmeyi ama\u00e7l\u0131yor.<\/p>\n<p>Mesafeler bu stratejik konumu vurgular: B\u00fckre\u015f bat\u0131da 228 km, Varna g\u00fcneyde 153 km, Burgaz k\u0131y\u0131 \u015feridi boyunca 265 km, Edirne 453 km ve \u0130stanbul Bulgaristan s\u0131n\u0131r\u0131n\u0131n 599 km \u00f6tesinde yer al\u0131r. Bu rakamlar K\u00f6stence&#039;yi yaln\u0131zca Romanya&#039;n\u0131n \u00f6nde gelen Karadeniz liman\u0131 olarak de\u011fil, ayn\u0131 zamanda G\u00fcneydo\u011fu Avrupa&#039;n\u0131n insan ve mal dola\u015f\u0131m\u0131nda bir d\u00fc\u011f\u00fcm noktas\u0131 olarak konumland\u0131r\u0131r.<\/p>\n<p>\u015eehir i\u015fgalinin \u00fc\u00e7\u00fcnc\u00fc bin y\u0131l\u0131na yakla\u015f\u0131rken, antik \u00e7a\u011f ve modernitenin bir araya gelmesi tan\u0131mlay\u0131c\u0131 motif olmaya devam ediyor. Antik mozaikler elektrikli otob\u00fcslerle diyalog halinde uzan\u0131yor; Osmanl\u0131 minareleri Art Nouveau pavyonlar\u0131yla ufuk \u00e7izgisini payla\u015f\u0131yor; ezanlar\u0131n ritmi kargo vin\u00e7lerinin tak\u0131rt\u0131lar\u0131 aras\u0131nda yank\u0131lan\u0131yor. Sava\u015flar ve rejimler, ekonomik d\u00f6ng\u00fcler ve k\u00fclt\u00fcrel ak\u0131mlar boyunca K\u00f6stence yeniden icat etme kapasitesini korudu. Hikayesi ne monolitik ne de dura\u011fand\u0131r; ancak ta\u015f duvarlar restore edildi, plajlar yenilendi, festivaller d\u00fczenlendi; bunlar bir liman ve polis olan bir yerin kal\u0131c\u0131 \u00e7ekicili\u011fine tan\u0131kl\u0131k ediyor.<\/p>\n<p>Miras ve ilerlemenin s\u00fcrekli dengelenmesiyle K\u00f6stence, deniz ve \u015fehrin, ge\u00e7mi\u015f ve bug\u00fcn\u00fcn i\u00e7 i\u00e7e ge\u00e7mesi \u00fczerine d\u00fc\u015f\u00fcnmeye davet ediyor. R\u0131ht\u0131mlar\u0131, gezinti yerleri Avrupa&#039;n\u0131n d\u00f6rt bir yan\u0131ndan ziyaret\u00e7ileri \u00e7ekerken, ekonomileri s\u0131n\u0131rlar\u0131n\u0131n \u00f6tesine ta\u015f\u0131yan mallar g\u00f6nderiyor. Her mozaik par\u00e7as\u0131n\u0131n alt\u0131nda ve her cami ve kilisenin i\u00e7inde, Arnavut kald\u0131r\u0131ml\u0131 sokaklar\u0131nda y\u00fcr\u00fcyenlerin izi bulunuyor. Hi\u00e7bir an\u0131t onun dolulu\u011funu tek ba\u015f\u0131na kapsayamaz, ancak \u015fehrin dayan\u0131kl\u0131l\u0131\u011f\u0131, adaptasyon yoluyla olu\u015fturulmu\u015f bir tutarl\u0131l\u0131\u011f\u0131 teyit ediyor. K\u00f6stence, insan yerle\u015fiminin yirmi alt\u0131 y\u00fczy\u0131ldan uzun bir s\u00fcre boyunca kara ve deniz aras\u0131nda hayati bir e\u015fik olarak dayanma, geli\u015fme ve kalma kapasitesinin bir kan\u0131t\u0131 olarak duruyor.<\/p>","protected":false},"excerpt":{"rendered":"<p>Romanya&#039;n\u0131n Karadeniz k\u0131y\u0131s\u0131nda bulunan K\u00f6stence, \u00fclkenin d\u00f6rd\u00fcnc\u00fc b\u00fcy\u00fck \u015fehri ve b\u00f6lgenin birincil liman\u0131d\u0131r. K\u00f6stence \u0130l\u00e7esi&#039;nin ba\u015fkenti ve Dobruja&#039;n\u0131n tarihi b\u00f6lgesinde \u00f6nemli bir kentsel merkez olarak hizmet veren \u015fehrin 2021 say\u0131m\u0131na g\u00f6re n\u00fcfusu 263.688&#039;dir. Etkisi yak\u0131n \u00e7evresinin \u00e7ok \u00f6tesinde hissedilen \u015fehrin stratejik konumu, onu \u00f6nemli bir ticari ve k\u00fclt\u00fcrel merkez haline getirmi\u015ftir.<\/p>","protected":false},"author":1,"featured_media":4113,"parent":11908,"menu_order":0,"comment_status":"closed","ping_status":"closed","template":"elementor_theme","meta":{"_eb_attr":"","footnotes":""},"class_list":["post-11958","page","type-page","status-publish","has-post-thumbnail"],"_links":{"self":[{"href":"https:\/\/travelshelper.com\/tr\/wp-json\/wp\/v2\/pages\/11958","targetHints":{"allow":["GET"]}}],"collection":[{"href":"https:\/\/travelshelper.com\/tr\/wp-json\/wp\/v2\/pages"}],"about":[{"href":"https:\/\/travelshelper.com\/tr\/wp-json\/wp\/v2\/types\/page"}],"author":[{"embeddable":true,"href":"https:\/\/travelshelper.com\/tr\/wp-json\/wp\/v2\/users\/1"}],"replies":[{"embeddable":true,"href":"https:\/\/travelshelper.com\/tr\/wp-json\/wp\/v2\/comments?post=11958"}],"version-history":[{"count":0,"href":"https:\/\/travelshelper.com\/tr\/wp-json\/wp\/v2\/pages\/11958\/revisions"}],"up":[{"embeddable":true,"href":"https:\/\/travelshelper.com\/tr\/wp-json\/wp\/v2\/pages\/11908"}],"wp:featuredmedia":[{"embeddable":true,"href":"https:\/\/travelshelper.com\/tr\/wp-json\/wp\/v2\/media\/4113"}],"wp:attachment":[{"href":"https:\/\/travelshelper.com\/tr\/wp-json\/wp\/v2\/media?parent=11958"}],"curies":[{"name":"wp","href":"https:\/\/api.w.org\/{rel}","templated":true}]}}