{"id":11951,"date":"2024-09-14T21:29:10","date_gmt":"2024-09-14T21:29:10","guid":{"rendered":"https:\/\/travelshelper.com\/staging\/?page_id=11951"},"modified":"2026-03-12T20:59:26","modified_gmt":"2026-03-12T20:59:26","slug":"cluj-napoca","status":"publish","type":"page","link":"https:\/\/travelshelper.com\/tr\/destinations\/europe\/romania\/cluj\/","title":{"rendered":"Cluj-Napoca"},"content":{"rendered":"<p>Romanya&#039;n\u0131n ikinci en kalabal\u0131k \u015fehri olan Cluj-Napoca, 179,52 km\u00b2&#039;lik belediye s\u0131n\u0131rlar\u0131 i\u00e7erisinde 286.598 ki\u015fiye ev sahipli\u011fi yapmaktad\u0131r. Kuzeybat\u0131 Romanya&#039;daki Some\u0219ul Mic nehri vadisinde yer alan \u015fehir, B\u00fckre\u015f&#039;e (445 km), Budape\u015fte&#039;ye (461 km) ve Belgrad&#039;a (483 km) neredeyse e\u015fit uzakl\u0131ktad\u0131r. Cluj \u0130l\u00e7esi&#039;nin merkezi ve tarihi Transilvanya&#039;n\u0131n gayriresmi ba\u015fkenti olan Cluj-Napoca, orta\u00e7a\u011f miras\u0131n\u0131 yirmi birinci y\u00fczy\u0131l canl\u0131l\u0131\u011f\u0131yla dengelemektedir.<\/p>\n<p>Roma yerle\u015fim yeri olarak ortaya \u00e7\u0131k\u0131\u015f\u0131ndan, 1867 Avusturya-Macaristan Uzla\u015fmas\u0131&#039;ndan \u00f6nce Transilvanya B\u00fcy\u00fck Prensli\u011fi&#039;nin ba\u015fkenti olarak oynad\u0131\u011f\u0131 role kadar, Cluj-Napoca ard\u0131\u015f\u0131k y\u00f6netim ve kimlik dalgalar\u0131yla \u015fekillenmi\u015ftir. Orta \u00c7a\u011f y\u00fczy\u0131llar\u0131nda, St. Michael Kilisesi, \u015fu anda Unirii Meydan\u0131 olan yerdeki toplumsal ya\u015fam\u0131 demirlemi\u015ftir. Gotik nefi 14. y\u00fczy\u0131l\u0131n sonlar\u0131na tarihlenirken, 19. y\u00fczy\u0131lda tamamlanan Neo-Gotik kule Romanya&#039;daki en y\u00fcksek kilise kulesi olmaya devam etmektedir. Ayn\u0131 meydanda, Macaristan&#039;\u0131n yerel do\u011fumlu kral\u0131n\u0131 anan ve \u015fehrin orta \u00e7a\u011f miras\u0131n\u0131 modern yer duygusuyla ili\u015fkilendiren Matthias Corvinus&#039;un atl\u0131 heykeli bulunmaktad\u0131r.<\/p>\n<p>I. D\u00fcnya Sava\u015f\u0131&#039;n\u0131n ard\u0131ndan \u015fehrin B\u00fcy\u00fck Romanya&#039;ya entegrasyonu, Rumen k\u00fclt\u00fcrel kurumlar\u0131n\u0131n yeniden canlanmas\u0131na yol a\u00e7t\u0131. 1933&#039;te Avram Iancu Meydan\u0131&#039;nda tamamlanan an\u0131tsal Ortodoks Katedrali, \u015fehrin Rumen toplulu\u011fu i\u00e7in daha \u00f6nceki Macar Ulusal Tiyatrosu&#039;nu tamamlayan yeni bir odak noktas\u0131 olu\u015fturdu. Sosyalist d\u00f6nemde, 1960&#039;lar\u0131n sonlar\u0131nda h\u0131zl\u0131 bir sanayile\u015fme ve kentsel geni\u015fleme g\u00f6r\u00fcld\u00fc, 1989 sonras\u0131 on y\u0131l ise hem ekonomik zorluklar hem de demografik daralma d\u00f6nemi getirdi. Gheorghe Funar&#039;\u0131n belediye liderli\u011finde 1990&#039;larda ya\u015fanan d\u00fc\u015f\u00fc\u015f, Cluj-Napoca&#039;n\u0131n uluslararas\u0131 itibar\u0131n\u0131 k\u0131sa s\u00fcreli\u011fine zedeledi, ancak yirmi birinci y\u00fczy\u0131l\u0131n ilk on y\u0131llar\u0131, Romanya&#039;n\u0131n \u00f6nde gelen akademik, k\u00fclt\u00fcrel ve i\u015f merkezlerinden biri olarak itibar\u0131n\u0131 yeniden kazand\u0131rd\u0131.<\/p>\n<p>Co\u011frafi olarak, Cluj-Napoca da\u011flar, platolar ve ovalardan olu\u015fan bir ge\u00e7i\u015f manzaras\u0131na yay\u0131lm\u0131\u015ft\u0131r. Bat\u0131da Apuseni Da\u011flar\u0131 y\u00fckselir; do\u011fuda Some\u0219 platosu uzan\u0131r; g\u00fcneyde Transilvanya ovas\u0131 uzan\u0131r. \u015eehir, Some\u0219ul Mic ve kollar\u0131n\u0131n (N\u0103d\u0103\u0219el, Pope\u0219ti, Chintenilor ve di\u011ferleri) birle\u015fti\u011fi noktadan d\u0131\u015far\u0131ya do\u011fru ta\u015far ve sular\u0131n\u0131 kent \u00e7ekirde\u011fini izleyen Canalul Morilor&#039;a ta\u015f\u0131yan ikincil vadiler boyunca yay\u0131l\u0131r. G\u00fcney b\u00f6lgeleri, 500-700 m y\u00fcksekliklerle \u00e7evrili Feleac Tepesi&#039;nin \u00fcst teras\u0131n\u0131 i\u015fgal eder; daha kuzeyde, Cluj Tepeleri, Lombului (684 m), Dealul Melcului (617 m) ve Techint\u0103u (633 m) gibi zirvelerle ufuk \u00e7izgisini \u00e7er\u00e7eveler. Bu d\u00fczenleme i\u00e7erisinde belediye s\u0131n\u0131rlar\u0131 ormanl\u0131k alanlar\u0131, otlaklar\u0131 ve k\u0131y\u0131 koridorlar\u0131n\u0131 kapsayarak \u00e7e\u015fitli bitki ve hayvan t\u00fcrlerini destekleyen ekolojik koridorlar olu\u015fturur.<\/p>\n<p>\u015eehir s\u0131n\u0131rlar\u0131 i\u00e7inde, Cluj-Napoca Botanik Bah\u00e7esi b\u00f6lgesel ve egzotik t\u00fcrlerin canl\u0131 bir katalo\u011funu sunarken, 19. y\u00fczy\u0131lda tasarlanan Central Park yapay bir g\u00f6l ve adas\u0131 etraf\u0131nda merkezlenmi\u015f kentsel bir dinlenme yeri sa\u011flar. Di\u011fer ye\u015fil alanlar aras\u0131nda spor tesisleriyle tamamlanan Iuliu Ha\u021bieganu Park\u0131; \u00f6\u011frenci yurdunun biti\u015fi\u011findeki Ha\u0219deu Park\u0131; Romanya Opera binas\u0131n\u0131n arkas\u0131na yerle\u015fmi\u015f Opera Park\u0131; ve panoramik manzaralar sunan tepelik Cet\u0103\u021buia yer al\u0131r. Bu ekili alanlar\u0131n \u00f6tesinde, Ven\u00fcs terli\u011fi ve yerel s\u00fcsen gibi nadir bitkilerin s\u0131\u011f\u0131nd\u0131\u011f\u0131 F\u00e2na\u021bele Clujului ve Valea Morii adl\u0131 iki botanik rezervasyon alan\u0131 yer al\u0131r. F\u0103get ve Hoia gibi ormanl\u0131k alanlar yaban domuzu, porsuk, tilki, tav\u015fan ve sincap pop\u00fclasyonlar\u0131n\u0131 destekler; \u0130kinci ormanda ayr\u0131ca 1678&#039;den kalma sergilerin yer ald\u0131\u011f\u0131 Romulus Vuia a\u00e7\u0131k hava m\u00fczesi de bulunmaktad\u0131r ve \u015fehrin antik kiliselerini birbirine ba\u011flayan yeralt\u0131 t\u00fcnelleri ve uzayl\u0131 kar\u015f\u0131la\u015fmalar\u0131 hakk\u0131ndaki yerel efsanelerin kayna\u011f\u0131d\u0131r.<\/p>\n<p>\u015eehrin \u00e7evresinde manzara ve k\u00fclt\u00fcr i\u00e7 i\u00e7e ge\u00e7mi\u015ftir. G\u00fcneydo\u011fuda, Turda Ge\u00e7itleri k\u0131vr\u0131ml\u0131 bir nehrin \u00fczerinde dik kire\u00e7ta\u015f\u0131 duvarlar oymaktad\u0131r; kuzeydo\u011fuda, Bon\u021bida&#039;daki B\u00e1nffy Kalesi&#039;nin restorasyonu, bir zamanlar &#034;Transilvanya&#039;n\u0131n Versay&#039;\u0131&#034; olarak adland\u0131r\u0131lan on sekizinci y\u00fczy\u0131l ihti\u015fam\u0131n\u0131 hat\u0131rlatmaktad\u0131r. Yak\u0131ndaki k\u00f6ylerde Gil\u0103u&#039;da Wass-B\u00e1nffy Kalesi ve R\u0103scruci&#039;de ba\u015fka bir aile evi bulunmaktad\u0131r. Nicula&#039;da, on sekizinci y\u00fczy\u0131l manast\u0131r\u0131, ikonas\u0131n\u0131n 1669&#039;da a\u011flad\u0131\u011f\u0131 s\u00f6ylenen mucizevi Madonna&#039;ya sayg\u0131 g\u00f6stermek i\u00e7in hac\u0131lar\u0131 \u00e7ekmektedir; her 15 A\u011fustos&#039;ta, 150.000&#039;den fazla ziyaret\u00e7i Theotokos&#039;un G\u00f6\u011fe Y\u00fckseli\u015fi&#039;ni anan \u015f\u00f6lene tan\u0131kl\u0131k etmektedir.<\/p>\n<p>Mevsimsel ritimler Cluj-Napoca&#039;daki hem aktiviteyi hem de ambiyans\u0131 \u015fekillendirir. Nemli karasal iklim, Aral\u0131k ve Mart aylar\u0131 aras\u0131nda ortalama 65 g\u00fcn kar \u00f6rt\u00fcs\u00fcn\u00fcn s\u00fcrd\u00fc\u011f\u00fc so\u011fuk k\u0131\u015flar ve \u00f6\u011fle s\u0131cakl\u0131klar\u0131n\u0131n s\u0131kl\u0131kla 35 \u00b0C&#039;ye ula\u015ft\u0131\u011f\u0131 s\u0131cak yazlar getirir. Yaz \u00f6\u011fleden sonralar\u0131 aniden \u015fiddetli f\u0131rt\u0131nalara yol a\u00e7abilirken, ilkbahar ve sonbaharda hafif sa\u011fanak ya\u011f\u0131\u015flar ve a\u00e7\u0131k aral\u0131klar birbirini izler. 2014&#039;te yay\u0131nlanan bir ara\u015ft\u0131rma, Cluj-Napoca&#039;n\u0131n nehir vadisi konumu, \u00e7evredeki ormanl\u0131k alanlar ve orta d\u00fczeyde kentsel yo\u011funlu\u011fun \u00fcr\u00fcn\u00fc olarak Avrupa&#039;n\u0131n en iyi hava kalitesine sahip yerlerinden biri oldu\u011funu kaydetti.<\/p>\n<p>Demografik olarak, belediyenin n\u00fcfusu 2011&#039;de 324.576&#039;dan 2021 say\u0131m\u0131na kadar 286.598&#039;e d\u00fc\u015ft\u00fc. Aral\u0131k 2008&#039;de yeni y\u00f6netim otoritesi alt\u0131nda kurulan daha geni\u015f metropol alan\u0131 yakla\u015f\u0131k 411.379 sakini kaps\u0131yor; bir kent \u00e7evresi ku\u015fa\u011f\u0131 bu rakam\u0131 420.000&#039;in \u00fczerine \u00e7\u0131kar\u0131yor. Her y\u0131l, y\u00fcksek \u00f6\u011frenim kurumlar\u0131n\u0131n yo\u011funlu\u011fundan dolay\u0131 \u015fehirde ortalama 20.000&#039;den fazla \u00f6\u011frenci ve ge\u00e7ici ikamet eden ikamet ediyor. Merkezinde, fak\u00fclteleri ve botanik bah\u00e7esi Cluj-Napoca&#039;n\u0131n entelekt\u00fcel bir merkez olarak rol\u00fcn\u00fc g\u00fc\u00e7lendiren Romanya&#039;n\u0131n en b\u00fcy\u00fc\u011f\u00fc olan Babe\u015f-Bolyai \u00dcniversitesi yer al\u0131yor.<\/p>\n<p>Bu akademik yo\u011funla\u015fma \u015fehrin k\u00fclt\u00fcrel kurumlar\u0131n\u0131n temelini olu\u015fturur: Ulusal Tiyatro, Macaristan Devlet Tiyatrosu, Romanya Operas\u0131 ve Transilvanya Filarmoni Orkestras\u0131 y\u0131l boyunca s\u00fcren drama, bale, opera ve orkestra m\u00fczi\u011fi program\u0131na katk\u0131da bulunur. M\u00fczeler, Babe\u015f-Bolyai \u00dcniversitesi arazisindeki \u00dcniversite M\u00fczesi, Mineraloji M\u00fczesi ve di\u011ferlerinde bulunan arkeoloji, etnografya, sanat, eczac\u0131l\u0131k, su y\u00f6netimi ve do\u011fa bilimleri arac\u0131l\u0131\u011f\u0131yla yerel tarihi izler. Modern k\u00fclt\u00fcr, 2001&#039;de a\u00e7\u0131lan ve Romanya&#039;da t\u00fcr\u00fcn\u00fcn ilk \u00f6rne\u011fi olan Transilvanya Uluslararas\u0131 Film Festivali&#039;nde (TIFF) ifadesini bulur; Comedy Cluj, Mozart Festivali, Toamna Muzical\u0103 Clujean\u0103, Opera Balosu ve Interferences Tiyatro Festivali her biri performans ve bir araya gelme katmanlar\u0131na katk\u0131da bulunur. M\u00fczik festivalleri aras\u0131nda 21 Haziran&#039;daki S\u0103rb\u0103toarea Muzicii&#039;den Splaiul Independen\u021bei&#039;nin bira bulu\u015fmalar\u0131na, Delahoya elektronik festivaline (1997&#039;den beri), B\u00e1nffy Castle&#039;daki Electric Castle&#039;a (2016&#039;da 120.000&#039;den fazla ki\u015fi kat\u0131ld\u0131) ve ikinci edisyonunda yakla\u015f\u0131k 300.000 kat\u0131l\u0131mc\u0131y\u0131 a\u011f\u0131rlayan Untold&#039;a kadar pek \u00e7ok etkinlik yer al\u0131yor.<\/p>\n<p>Ekonomik a\u00e7\u0131dan, Cluj-Napoca \u00e7e\u015fitlendirilmi\u015f bir taban\u0131 destekliyor. Banca Transilvania, Terapia Ranbaxy, Farmec, Jolidon ve Ursus bira fabrikalar\u0131 gibi yerel markalar burada ortaya \u00e7\u0131karken, k\u00fcresel \u015firketler (MOL, Aegon, Bosch, De&#039;Longhi, Emerson ve di\u011ferleri) metropol b\u00f6lgesinde fabrikalar ve ofisler i\u015fletiyor. \u015eehir, Romanya&#039;n\u0131n teknokenti olarak ortaya \u00e7\u0131kt\u0131: InformationWeek, buray\u0131 \u00fclkenin yaz\u0131l\u0131m ve BT faaliyetlerinin \u00e7o\u011funun merkezi olarak tan\u0131mlad\u0131. Nokia&#039;n\u0131n Cluj-Napoca yak\u0131nlar\u0131ndaki fabrikas\u0131 2011&#039;de \u00fcretimi durdurmu\u015f olsa da, eski yeri art\u0131k De&#039;Longhi&#039;nin cihaz \u00fcretimine ev sahipli\u011fi yap\u0131yor. Romanya Otoyolu A3, Transilvanya Otoyolu, Cluj-Vest yak\u0131nlar\u0131ndan B\u00fckre\u015f&#039;e ve bat\u0131 s\u0131n\u0131r\u0131na do\u011fru uzan\u0131rken, ulusal yollar DN1, DN1C ve DN1F yerel ve b\u00f6lgesel merkezleri birbirine ba\u011fl\u0131yor.<\/p>\n<p>Kent merkezinde, ticaret Eroilor Caddesi, Napoca ve Memorandumului caddeleri boyunca geli\u015fir; burada birinci s\u0131n\u0131f perakende kiralar\u0131 y\u0131ll\u0131k metrekare ba\u015f\u0131na 720 avroya ula\u015fabilir; VIVO! ve Iulius Mall gibi b\u00fcy\u00fck al\u0131\u015fveri\u015f merkezleri ise hipermarketler ve kendin yap s\u00fcpermarketlerinin yan\u0131nda \u00e7evreyi demirler. H&amp;M ve Zara&#039;dan Sephora ve Nike&#039;a kadar uluslararas\u0131 markalar, di\u011fer ba\u015fkentlerde bulunan t\u00fcketici tercihlerini yans\u0131tarak Rumen perakendecilerin yan\u0131nda yer al\u0131r.<\/p>\n<p>Ula\u015f\u0131m altyap\u0131s\u0131 kara, demir, hava ve toplu ta\u015f\u0131ma a\u011flar\u0131n\u0131 birle\u015ftirir. Merkezin dokuz kilometre do\u011fusunda bulunan Cluj-Napoca Uluslararas\u0131 Havaalan\u0131, Romanya&#039;n\u0131n en yo\u011fun ikinci havaliman\u0131d\u0131r ve 2015 y\u0131l\u0131nda 1,4 milyondan fazla yolcuya hizmet vermi\u015f ve Avrupa genelinde direkt u\u00e7u\u015flar sunmaktad\u0131r. Unirii Meydan\u0131&#039;n\u0131n iki kilometre kuzeyinde bulunan ana tren istasyonu, B\u00fckre\u015f, Oradea, Dej ve \u00f6tesine ba\u011flant\u0131lar sa\u011flayan 300 ve 401 numaral\u0131 hatlar \u00fczerinde yer almaktad\u0131r; Gara Mic\u0103 ve Est&#039;teki ikincil istasyonlar b\u00f6lgesel rotalara hizmet verirken, kargo trenleri Halta &#034;Clujana&#034; tesisini kullanmaktad\u0131r. \u015eehir i\u00e7inde, yerel ula\u015f\u0131m \u015firketi CTP, 321 km&#039;lik rota i\u015fletmektedir: be\u015f tramvay hatt\u0131, on iki troleyb\u00fcs hatt\u0131 ve elli bir otob\u00fcs g\u00fczergah\u0131, kom\u015fu kasabalara \u00f6zel ta\u015f\u0131y\u0131c\u0131larla desteklenmektedir. Tramvay hatlar\u0131n\u0131n modernizasyonuna y\u00f6nelik \u00f6neriler aras\u0131nda \u00f6zel ge\u00e7i\u015f haklar\u0131 ve potansiyel t\u00fcneller bulunmaktad\u0131r; uzun vadeli planlar Gil\u0103u ve Jucu aras\u0131nda hafif rayl\u0131 sistem ba\u011flant\u0131s\u0131 \u00f6ng\u00f6rmektedir. 2018 y\u0131l\u0131ndan bu yana metro sisteminin fizibilite \u00e7al\u0131\u015fmalar\u0131 ilerledi ve \u015eubat 2023&#039;te Hat I tasar\u0131m ve in\u015faat\u0131 s\u00f6zle\u015fmesi, G\u00fclermak, Alstom Transport ve Arcada liderli\u011findeki bir konsorsiyuma, tahmini 96 ayl\u0131k bir zaman dilimiyle verildi.<\/p>\n<p>\u015eehir manzaralar\u0131 orta\u00e7a\u011f\u0131 modernle i\u00e7 i\u00e7e ge\u00e7iriyor. Saint Michael Kilisesi&#039;ndeki gotik kemerler, Haussmann&#039;\u0131n Paris&#039;ini yans\u0131tan Iuliu Maniu Caddesi&#039;ndeki eklektik cephelere yol verirken, Adalet Saray\u0131 ve Avram Iancu Meydan\u0131&#039;ndaki topluluk (Ulusal Tiyatro, demir yolu \u015firketinin genel merkezi, Valilik, Finans Saray\u0131 ve Metropolis merkezi) mimar Gyula Wagner&#039;in on dokuzuncu y\u00fczy\u0131l sonu kentsel h\u0131rs\u0131n\u0131 yans\u0131t\u0131yor. Botanik bah\u00e7esi, Central Park&#039;taki Chios Casino ve Central Park&#039;taki heykeller, hem disiplinli hem de c\u00f6mert bir kentsel dokuya katk\u0131da bulunuyor. Hatta on d\u00f6rt hektarl\u0131k bir alan\u0131 kaplayan Hajongard&#039;daki mezarl\u0131k bile heykelsi an\u0131tlara ve \u015fehrin \u00f6nde gelenlerinin kal\u0131nt\u0131lar\u0131na ev sahipli\u011fi yap\u0131yor.<\/p>\n<p>Cluj-Napoca&#039;n\u0131n anlat\u0131s\u0131 s\u00fcreklilik ve d\u00f6n\u00fc\u015f\u00fcmden olu\u015fur. Roma, Macar ve Rumen b\u00f6l\u00fcmlerinin her biri mimari ve k\u00fclt\u00fcrel i\u015faretler b\u0131rakm\u0131\u015ft\u0131r; nehri ve tepeleri formunu \u015fekillendirirken, \u00fcniversiteleri, tiyatrolar\u0131 ve festivalleri ruhunu dile getirir. \u00c7a\u011fda\u015f bir metropol olarak b\u00fcy\u00fcme ve miras, yenilik ve gelenekte yol al\u0131r. \u015eehrin refah \u00f6l\u00e7\u00fctleri - n\u00fcfus rakamlar\u0131, 2008&#039;de 990 milyon lei olan b\u00fct\u00e7enin 2021&#039;de 2,117 milyar lei&#039;ye \u00e7\u0131kmas\u0131, Avrupa Gen\u00e7lik Ba\u015fkenti (2015), Avrupa Spor \u015eehri (2018) ve UNESCO Film \u015eehri (2021) gibi uluslararas\u0131 unvanlar - k\u00f6kl\u00fc bir ge\u00e7mi\u015fe dayanan ve a\u00e7\u0131k bir gelece\u011fe y\u00f6nelik kentsel bir h\u0131rsa i\u015faret eder. Cluj-Napoca&#039;da g\u00f6zlemci, yaln\u0131zca bir nitelikler katalo\u011fu de\u011fil, ayn\u0131 zamanda canl\u0131 bir yer dokusuyla kar\u015f\u0131la\u015f\u0131r: y\u00fckseklikler ve sular aras\u0131nda, \u00e7a\u011flar ve fikirler aras\u0131nda duran, acil bir \u00f6zg\u00fcll\u00fc\u011fe ve insan \u00f6l\u00e7e\u011fine dam\u0131t\u0131lm\u0131\u015f bir \u015fehir.<\/p>","protected":false},"excerpt":{"rendered":"<p>Kuzey Romanya&#039;da bulunan Cluj-Napoca, \u00fclkenin ikinci b\u00fcy\u00fck \u015fehri ve Cluj \u0130l\u00e7esi&#039;nin ba\u015fkentidir. Some\u0219ul Mic nehri vadisinde yer alan ve 179,52 kilometrekarelik bir alan\u0131 kaplayan bu enerjik metropol \u015fehir, Transilvanya&#039;n\u0131n tam kalbinde yer almaktad\u0131r. Cluj-Napoca&#039;n\u0131n 2021 itibar\u0131yla n\u00fcfusu 286.598&#039;dir; metropol alan\u0131 411.379 ki\u015fiden olu\u015fur ve kent \u00e7evresi alan\u0131 yakla\u015f\u0131k 420.000 ki\u015fiden olu\u015fmaktad\u0131r. B\u00fcy\u00fck Avrupa ba\u015fkentlerine neredeyse e\u015fit uzakl\u0131kta stratejik olarak konumlanan \u015fehir, B\u00fckre\u015f&#039;e 445 kilometre, Budape\u015fte&#039;ye 461 kilometre ve Belgrad&#039;a 483 kilometre uzakl\u0131ktad\u0131r.<\/p>","protected":false},"author":1,"featured_media":3187,"parent":11908,"menu_order":0,"comment_status":"closed","ping_status":"closed","template":"elementor_theme","meta":{"_eb_attr":"","footnotes":""},"class_list":["post-11951","page","type-page","status-publish","has-post-thumbnail"],"_links":{"self":[{"href":"https:\/\/travelshelper.com\/tr\/wp-json\/wp\/v2\/pages\/11951","targetHints":{"allow":["GET"]}}],"collection":[{"href":"https:\/\/travelshelper.com\/tr\/wp-json\/wp\/v2\/pages"}],"about":[{"href":"https:\/\/travelshelper.com\/tr\/wp-json\/wp\/v2\/types\/page"}],"author":[{"embeddable":true,"href":"https:\/\/travelshelper.com\/tr\/wp-json\/wp\/v2\/users\/1"}],"replies":[{"embeddable":true,"href":"https:\/\/travelshelper.com\/tr\/wp-json\/wp\/v2\/comments?post=11951"}],"version-history":[{"count":0,"href":"https:\/\/travelshelper.com\/tr\/wp-json\/wp\/v2\/pages\/11951\/revisions"}],"up":[{"embeddable":true,"href":"https:\/\/travelshelper.com\/tr\/wp-json\/wp\/v2\/pages\/11908"}],"wp:featuredmedia":[{"embeddable":true,"href":"https:\/\/travelshelper.com\/tr\/wp-json\/wp\/v2\/media\/3187"}],"wp:attachment":[{"href":"https:\/\/travelshelper.com\/tr\/wp-json\/wp\/v2\/media?parent=11951"}],"curies":[{"name":"wp","href":"https:\/\/api.w.org\/{rel}","templated":true}]}}