{"id":11936,"date":"2024-09-14T21:10:36","date_gmt":"2024-09-14T21:10:36","guid":{"rendered":"https:\/\/travelshelper.com\/staging\/?page_id=11936"},"modified":"2026-03-12T21:17:27","modified_gmt":"2026-03-12T21:17:27","slug":"temesvar","status":"publish","type":"page","link":"https:\/\/travelshelper.com\/tr\/destinations\/europe\/romania\/timisoara\/","title":{"rendered":"Teme\u015fvar"},"content":{"rendered":"<p>Bat\u0131 Romanya&#039;daki Timi\u0219 \u0130l\u00e7esi&#039;nin ba\u015fkenti olan Timi\u0219oara, yava\u015f\u00e7a akan Bega Nehri&#039;nin ve 45. kuzey enlemi ile 21. do\u011fu meridyeninin tarihi kav\u015fa\u011f\u0131n\u0131n iki yan\u0131nda yer al\u0131r. 2021 n\u00fcfus say\u0131m\u0131na g\u00f6re 250.849 n\u00fcfusu ve 400.000&#039;e yakla\u015fan bir metropol yerle\u015fimi ile \u015fehir, Banat b\u00f6lgesinin ba\u015fl\u0131ca ekonomik, sosyal ve k\u00fclt\u00fcrel merkezi olarak hizmet vermektedir. Askeri tahkimatlar, Avusturya-Macaristan sivil yenilikleri ve \u00e7ok k\u00fclt\u00fcrl\u00fc geleneklerden olu\u015fan miras\u0131, geni\u015f bulvarlar, Barok saraylar ve 36 yemye\u015fil parkla i\u015faretlenmi\u015f bir manzarada bir araya geliyor. Timi\u0219oara, iki y\u00fczy\u0131ld\u0131r teknoloji, e\u011fitim ve sanat\u0131n \u00f6nc\u00fcl\u00fc\u011f\u00fcn\u00fc yapm\u0131\u015ft\u0131r, ancak karakteri bir zamanlar bo\u015falt\u0131lan nehirlerin ve al\u00e7ak ovalar\u0131n alt\u0131nda yeniden kazan\u0131lan batakl\u0131klar\u0131n yava\u015f ritimlerinde k\u00f6k salm\u0131\u015ft\u0131r.<\/p>\n<p>Timi\u0219oara&#039;n\u0131n en erken modern d\u00f6n\u00fc\u015f\u00fcm\u00fc, Avusturya g\u00fc\u00e7lerinin Osmanl\u0131 y\u00f6netiminden kontrol\u00fc ele ge\u00e7irip hendekler ve batakl\u0131klarla \u00e7evrili y\u0131ld\u0131z \u015feklinde bir kale in\u015fa etti\u011fi 1716&#039;da ba\u015flad\u0131. Timi\u0219 ve Bega nehirleri taraf\u0131ndan beslenen bu do\u011fal savunmalar, i\u015fgalcileri cayd\u0131rd\u0131 ancak \u015fehri su kaynakl\u0131 hastal\u0131klara kar\u015f\u0131 savunmas\u0131z b\u0131rakt\u0131 ve kentsel b\u00fcy\u00fcmesini s\u0131n\u0131rlad\u0131. Habsburg m\u00fchendisleri onlarca y\u0131l boyunca b\u00fcy\u00fck hidrografik \u00e7al\u0131\u015fmalar \u00fcstlendi: 1728&#039;de ba\u015flayan Bega Kanal\u0131&#039;n\u0131n in\u015fas\u0131, \u00e7evredeki batakl\u0131klar\u0131 kuruttu ve Timi\u0219&#039;i \u015fehir surlar\u0131ndan uzakla\u015ft\u0131rarak alan\u0131 daha sa\u011fl\u0131kl\u0131 ve geli\u015fime daha uygun hale getirdi. On sekizinci y\u00fczy\u0131l\u0131n ortalar\u0131nda Timi\u0219oara su kozas\u0131ndan \u00e7\u0131kt\u0131: bur\u00e7lar ve surlar y\u0131k\u0131ld\u0131, yerlerine Viyana&#039;n\u0131n imparatorluk planlamas\u0131n\u0131 yans\u0131tan radyal sokaklar ve e\u015fmerkezli bulvarlar yap\u0131ld\u0131.<\/p>\n<p>Yenilik, bir \u015fehir simgesi haline geldi. 1760 y\u0131l\u0131nda Timi\u0219oara, Habsburg monar\u015fisinde ilk kez sokak ayd\u0131nlatmas\u0131n\u0131 ya\u011f lambalar\u0131yla ba\u015flatt\u0131; 1771&#039;de b\u00f6lgenin ilk Alman gazetesi olan Temeswarer Nachrichten&#039;i yay\u0131nlad\u0131; 1786&#039;da monar\u015finin ilk halka a\u00e7\u0131k \u00f6d\u00fcn\u00e7 verme k\u00fct\u00fcphanesini a\u00e7t\u0131; ve Viyana&#039;dan yirmi d\u00f6rt y\u0131l \u00f6nce bir belediye hastanesi a\u00e7t\u0131. Sava\u015flar aras\u0131ndaki bir geli\u015fme, 1884&#039;te elektrikli sokak ayd\u0131nlatmas\u0131n\u0131n kurulmas\u0131na yol a\u00e7t\u0131 ve Timi\u0219oara&#039;y\u0131 bu \u015fekilde ayd\u0131nlat\u0131lm\u0131\u015f ilk Avrupa \u015fehri yapt\u0131. Bu t\u00fcr kilometre ta\u015flar\u0131 ona &#034;K\u00fc\u00e7\u00fck Viyana&#034; ve &#034;G\u00fcller \u015eehri&#034; lakaplar\u0131n\u0131 kazand\u0131rd\u0131; ikincisi, gezintiye \u00e7\u0131kanlar\u0131n durdu\u011fu her yerde \u00e7i\u00e7ek a\u00e7an bah\u00e7elere bir g\u00f6ndermeydi.<\/p>\n<p>\u015eehrin politik bir pota olarak rol\u00fc, 1848 devrim y\u0131l\u0131nda, S\u0131rp Voyvodina&#039;n\u0131n ve daha sonra 1860&#039;a kadar S\u0131rbistan Voyvodal\u0131\u011f\u0131 ve Banat of Temeschwar&#039;\u0131n ba\u015fkenti olarak hizmet verdi\u011finde ortaya \u00e7\u0131kt\u0131. Yirminci y\u00fczy\u0131l\u0131n sonuna do\u011fru, Timi\u0219oara kendini tekrar g\u00f6sterdi: Aral\u0131k 1989&#039;da \u015fehrin sokaklar\u0131 Romanya&#039;n\u0131n kom\u00fcnist y\u00f6netime kar\u015f\u0131 ayaklanmas\u0131n\u0131n odak noktas\u0131 oldu. Bar\u0131\u015f\u00e7\u0131l g\u00f6sterilerin ulusal bir harekete d\u00f6n\u00fc\u015ft\u00fc\u011f\u00fc, bir rejimin \u00e7\u00f6k\u00fc\u015f\u00fcn\u00fc harekete ge\u00e7irdi\u011fi ve Do\u011fu Avrupa tarihinin seyrini de\u011fi\u015ftirdi\u011fi ilk Romanya \u015fehriydi.<\/p>\n<p>Kom\u00fcnizmin \u00e7\u00f6k\u00fc\u015f\u00fcnden bu yana e\u011fitim ve t\u0131p geli\u015fti. Alt\u0131 \u00fcniversite yakla\u015f\u0131k 40.000 \u00f6\u011frenciye kay\u0131t yapt\u0131r\u0131yor ve bu da Timi\u0219oara&#039;y\u0131 Romanya&#039;n\u0131n \u00f6nde gelen akademik merkezlerinden biri yap\u0131yor. T\u0131bbi tesisleri, di\u015f tedavileri, kozmetik prosed\u00fcrler ve son teknoloji terapiler i\u00e7in yerli ve yabanc\u0131 ziyaret\u00e7ileri \u00e7ekiyor: \u015fehir Romanya&#039;n\u0131n ilk t\u00fcp bebek tedavisine, ilk lazer destekli kalp ameliyat\u0131na ve ilk k\u00f6k h\u00fccre nakline tan\u0131k oldu. Biyomedikal ara\u015ft\u0131rma ve g\u00fc\u00e7l\u00fc bir BT sekt\u00f6r\u00fcn\u00fcn bir araya gelmesi - Timi\u0219oara, 2013 gibi yak\u0131n bir tarihte d\u00fcnyan\u0131n en h\u0131zl\u0131 ortalama \u0130nternet indirme h\u0131z\u0131na sahipti - B\u00fckre\u015f, Cluj-Napoca, Ia\u0219i ve Bra\u0219ov ile birlikte \u00fclkenin birincil teknoloji merkezlerinden biri olarak tan\u0131nd\u0131.<\/p>\n<p>Timi\u0219oara&#039;n\u0131n \u00e7ok k\u00fclt\u00fcrl\u00fc yap\u0131s\u0131 yakla\u015f\u0131k yirmi bir etnik grup ve on sekiz dini mezhepten dokunmu\u015ftur. Tarihsel olarak, \u015evabyal\u0131 Almanlar, Yahudiler ve Macarlar \u00f6nemli topluluklar olu\u015fturmu\u015ftur; Almanlar ve Macarlar\u0131n birlikte yakla\u015f\u0131k y\u00fczde alt\u0131s\u0131n\u0131 olu\u015fturdu\u011fu modern bir n\u00fcfusta g\u00f6r\u00fcn\u00fcr olmaya devam etmektedirler. \u015eehrin Barok ve Ayr\u0131l\u0131k\u00e7\u0131 mimarisi (yakla\u015f\u0131k 14.500 listelenmi\u015f an\u0131t) Huniade Kalesi&#039;nden, John Hunyadi ve daha sonra Macaristan Kral\u0131 I. Charles taraf\u0131ndan yeniden in\u015fa edilen orta\u00e7a\u011f \u00e7ekirde\u011finden, Union Meydan\u0131 ve Zafer Meydan\u0131&#039;n\u0131 \u00e7evreleyen y\u00fczy\u0131l\u0131n ba\u015f\u0131ndaki saraylara kadar uzan\u0131r. Tarihi \u00e7ekirdek olan Cetate mahallesi, Theresia Burcu&#039;nun kal\u0131nt\u0131lar\u0131n\u0131 ve d\u0131\u015f surlar\u0131n par\u00e7alar\u0131n\u0131 korurken, ayr\u0131nt\u0131l\u0131 kentsel alanlar (Veba S\u00fctunu ve Barok Saray\u0131&#039;n\u0131n bulundu\u011fu Union Meydan\u0131, Opera binas\u0131 ve Metropolitan Katedrali&#039;nin bulundu\u011fu Zafer Meydan\u0131 ve askeri d\u00f6nem yap\u0131lar\u0131n\u0131n bulundu\u011fu \u00d6zg\u00fcrl\u00fck Meydan\u0131) Romanya&#039;da benzersiz bir kentsel oda \u00fc\u00e7l\u00fcs\u00fc olu\u015fturur.<\/p>\n<p>Kalenin \u00f6tesinde, d\u00f6rt tarihi mahalle\u2014Fabric, Iosefin, Elisabetin ve kale sonras\u0131 uzant\u0131lar\u2014Timi\u015foara&#039;n\u0131n evrimini g\u00f6sterir. Fabric&#039;in dar imalathaneleri ve Nept\u00fcn Hamamlar\u0131 Do\u011fu tren istasyonunun yak\u0131n\u0131nda yer al\u0131r; Iosefin&#039;in eski \u015evabya evleri, Su Kulesi ve \u00c7apa Saray\u0131 \u00e7evresinde eklektik ve Ayr\u0131l\u0131k\u00e7\u0131 topluluklara yol a\u00e7t\u0131; Elisabetin, 1892&#039;den sonra neo-Barok konaklar ve neo-Romanesk kiliselerden olu\u015fan bir \u015febekeye geni\u015fledi; ve y\u0131k\u0131lan surlar\u0131n etraf\u0131nda yeni caddeler Viyana Ayr\u0131l\u0131k\u00e7\u0131 tarz\u0131nda apartmanlar filizlendi.<\/p>\n<p>\u0130klim ve co\u011frafya g\u00fcnl\u00fck ya\u015fam\u0131 \u015fekillendirir. 90 metre y\u00fckseklikteki \u015fehir, Bannatic ovas\u0131n\u0131 i\u015fgal eder; yumu\u015fak kabartmas\u0131 yaln\u0131zca eski meandrlar, mikro \u00e7\u00f6k\u00fcnt\u00fcler ve nehir yataklar\u0131n\u0131n b\u0131rakt\u0131\u011f\u0131 s\u0131rtlarla kesintiye u\u011frar. Yer alt\u0131 suyu nadiren be\u015f metreden daha derinde bulunur ve bu da y\u00fcksek katl\u0131 in\u015faat\u0131 k\u0131s\u0131tlarken verimli siyah topraklar\u0131 destekler. \u0130klim, nemli k\u0131tasal ve nemli subtropikal s\u0131n\u0131fland\u0131rmalar\u0131 aras\u0131nda yer al\u0131r ve Atlantik ve Akdeniz hava ak\u0131mlar\u0131yla yumu\u015fat\u0131l\u0131r. Y\u0131ll\u0131k ortalama s\u0131cakl\u0131k 11,8 \u00b0C&#039;dir; Temmuz ay\u0131nda ortalama 22,7 \u00b0C ve Ocak ay\u0131nda 1,0 \u00b0C&#039;dir. Rekor d\u00fc\u015f\u00fck olan -35,3 \u00b0C 24 Ocak 1963&#039;te meydana gelirken, rekor y\u00fcksek s\u0131cakl\u0131k 42 \u00b0C&#039;ye A\u011fustos 2017&#039;de d\u00fc\u015ft\u00fc. Donlu g\u00fcnler y\u0131lda seksendir; y\u0131ll\u0131k ya\u011f\u0131\u015f toplam\u0131 yakla\u015f\u0131k 604,4 mm&#039;dir, Haziran ay\u0131nda yo\u011funla\u015f\u0131r ve en kurak ay \u015eubat&#039;t\u0131r.<\/p>\n<p>Demografik olarak, Timi\u0219oara Romanya&#039;n\u0131n be\u015finci en kalabal\u0131k belediyesi olarak s\u0131ralan\u0131rken, 364.000&#039;den fazla n\u00fcfusa ev sahipli\u011fi yapan i\u015flevsel bir kentsel alan\u0131 da bar\u0131nd\u0131rmaktad\u0131r. N\u00fcfus say\u0131m\u0131 rakamlar\u0131 tart\u0131\u015fmalara yol a\u00e7m\u0131\u015ft\u0131r: 2021 n\u00fcfus say\u0131m\u0131 2011&#039;den bu yana bir d\u00fc\u015f\u00fc\u015fe i\u015faret etse de, belediye kay\u0131tlar\u0131 \u015fu anda 309.000&#039;den fazla n\u00fcfusa sahip bir kentsel \u00e7ekirde\u011fi g\u00f6stermektedir. \u015eehrin Arad ile olan metropol yay\u0131, birle\u015fik il\u00e7elerin n\u00fcfusunun y\u00fczde yetmi\u015finden fazlas\u0131n\u0131 yo\u011funla\u015ft\u0131rmaktad\u0131r. Zipf yasas\u0131na g\u00f6re ikinci kademe bir \u015fehir olan Timi\u0219oara, Ia\u0219i, K\u00f6stence, Cluj-Napoca ve Bra\u0219ov ile kapsaml\u0131 makro-b\u00f6lgesel i\u015flevleri payla\u015fmaktad\u0131r.<\/p>\n<p>Ekonomik olarak, Macaristan ve S\u0131rbistan&#039;a yak\u0131nl\u0131k, 2000&#039;lerin ortalar\u0131nda ki\u015fi ba\u015f\u0131na 753 avro ile il\u00e7e ortalamalar\u0131n\u0131 a\u015fan s\u00fcrekli yabanc\u0131 yat\u0131r\u0131m \u00e7ekmi\u015ftir. \u0130talyan, Alman ve Frans\u0131z firmalar\u0131 imalat ve hizmetlere demir atm\u0131\u015ft\u0131r; \u015fehrin gelirlerinin yar\u0131s\u0131 \u00fc\u00e7\u00fcnc\u00fcl sekt\u00f6rden gelmektedir. Yirmi birinci y\u00fczy\u0131l\u0131n ba\u015flar\u0131nda, Frans\u0131z dergisi L&#039;Expansion&#039;\u0131n 2005&#039;te Timi\u0219oara&#039;y\u0131 &#034;Romanya&#039;n\u0131n ekonomik vitrini&#034; olarak adland\u0131rmas\u0131na ve yabanc\u0131 sermaye ak\u0131\u015f\u0131n\u0131 &#034;ikinci devrim&#034; olarak selamlamas\u0131na neden olan bir ekonomik patlama ya\u015fand\u0131. Forbes 2016&#039;da buray\u0131 \u00fclkenin en dinamik ve i\u015f dostu \u015fehri olarak s\u0131ralad\u0131. 2000 ile 2013 y\u0131llar\u0131 aras\u0131nda Timi\u0219oara, ki\u015fi ba\u015f\u0131na d\u00fc\u015fen GSY\u0130H b\u00fcy\u00fcmesinde B\u00fckre\u015f&#039;i geride b\u0131rakt\u0131. \u0130\u015fsizlik oran\u0131 Aral\u0131k 2019&#039;da %0,8 ile Romanya&#039;n\u0131n en d\u00fc\u015f\u00fck seviyelerinden biri olmaya devam ederken, turizm b\u00f6lge ziyaret\u00e7ilerinin &#039;ini \u00e7ekiyor: 2017&#039;nin ilk yar\u0131s\u0131nda Timi\u0219 B\u00f6lgesi&#039;ne gelen yabanc\u0131 turist say\u0131s\u0131 50.000&#039;i a\u015ft\u0131.<\/p>\n<p>Konaklama elli k\u00fcsur otel ve yedi pansiyondan elli pansiyon ve bir kamp alan\u0131na kadar \u00e7e\u015fitlilik g\u00f6sterir ve toplamda 5.500&#039;den fazla yatak vard\u0131r. \u015eehrin Pan-Avrupa Koridoru IV \u00fczerindeki stratejik konumu Bat\u0131 Avrupa&#039;y\u0131 Balkanlar&#039;a ba\u011flar; Bega Kanal\u0131 \u00fczerinden su yolu eri\u015fimi Koridor VII&#039;ye ba\u011flan\u0131r. A1 otoyolu \u015fehri \u00e7evreleyerek Macaristan&#039;\u0131n M43&#039;\u00fcne ve Lugoj&#039;da yap\u0131m\u0131 devam eden A6&#039;ya ba\u011flan\u0131r. Radyal bir yol a\u011f\u0131 ve be\u015f e\u015fmerkezli halka trafi\u011fi e\u015fit \u015fekilde da\u011f\u0131t\u0131r. Avrupa yollar\u0131 E70 ve E671 ile ulusal yollar 6, 59 ve 69 burada birle\u015fir. Araba sahipli\u011fi 1990&#039;dan sonra f\u0131rlad\u0131 ve 2017&#039;ye kadar her 2,66 ki\u015fiye bir ara\u00e7 d\u00fc\u015ft\u00fc. Elektrikli ve \u015farj edilebilir hibrit ara\u00e7lar i\u00e7in \u015farj altyap\u0131s\u0131 on alt\u0131 istasyonu ve 700 Meydan\u0131&#039;nda bir merkezi kapsar.<\/p>\n<p>Toplu ta\u015f\u0131ma, dokuz tramvay hatt\u0131, sekiz troleyb\u00fcs hatt\u0131, otuz bir otob\u00fcs g\u00fczergah\u0131 ve 2018&#039;den beri Venedik&#039;in vaporetti&#039;sini an\u0131msatan bir su otob\u00fcs\u00fc hizmetiyle STPT&#039;ye tabidir. Tramvaylar kentsel ula\u015f\u0131m\u0131n &#039;ini, troleyb\u00fcsler &#039;sini, otob\u00fcsler &#039;ini ve su otob\u00fcsleri &#039;ini ta\u015f\u0131r. 2019&#039;da Timi\u0219oara okul ta\u015f\u0131mac\u0131l\u0131\u011f\u0131n\u0131 ba\u015flatt\u0131 ve bunu yapan Romanya&#039;n\u0131n ikinci \u015fehri oldu. Taksiler, ara\u00e7 kiralama ve yolculuk payla\u015f\u0131m hizmetleri, Avrupa genelindeki atlas \u015firketlerine ve FlixBus g\u00fczergahlar\u0131na ba\u011flanan, Kuzey tren istasyonu merkezli bir \u015fehirleraras\u0131 otob\u00fcs a\u011f\u0131n\u0131 tamamlar.<\/p>\n<p>Romanya&#039;n\u0131n en eski ve en yo\u011fun a\u011flar\u0131ndan biri olan ve 1.000 km\u00b2 ba\u015f\u0131na 91,9 km&#039;lik demiryolu a\u011f\u0131, Timi\u0219oara&#039;y\u0131 \u00f6nemli bir y\u00fck ve yolcu merkezi olarak konumland\u0131r\u0131yor. B\u00fckre\u015f&#039;e giden 900 numaral\u0131 hat ve Arad-Oradea ana hatt\u0131 burada kesi\u015ferek Macaristan&#039;a do\u011fru uzan\u0131yor. Kuzey, Bat\u0131, G\u00fcney, Do\u011fu ve CET olmak \u00fczere be\u015f yolcu istasyonu, yaln\u0131zca Kuzey istasyonunda g\u00fcnl\u00fck yakla\u015f\u0131k 174 tren ve 5.530 yolcu ak\u0131\u015f\u0131na hizmet veriyor. 1897&#039;de in\u015fa edilen ve sava\u015f hasar\u0131ndan sonra yeniden in\u015fa edilen istasyon, 2021&#039;den beri kapsaml\u0131 bir tadilattan ge\u00e7iyor. Y\u00fck istasyonlar\u0131 ve triyaj operasyonlar\u0131 b\u00f6lgesel end\u00fcstriyi destekliyor.<\/p>\n<p>Hava ba\u011flant\u0131lar\u0131 \u015fehrin 12 km kuzeydo\u011fusundaki Traian Vuia Uluslararas\u0131 Havaalan\u0131 taraf\u0131ndan desteklenmektedir. Yolcu hacmi bak\u0131m\u0131ndan Romanya&#039;n\u0131n d\u00f6rd\u00fcnc\u00fc en yo\u011fun havaliman\u0131 olarak (2022&#039;de yakla\u015f\u0131k 1,2 milyon) Wizz Air i\u00e7in bir \u00fcs g\u00f6revi g\u00f6rmektedir ve \u00fclkenin hava kargosunun \u00fc\u00e7te birini ta\u015f\u0131maktad\u0131r. 2017&#039;de EASA taraf\u0131ndan sertifikaland\u0131r\u0131lan havaliman\u0131, iki yeni terminal ve bir intermodal y\u00fck merkeziyle geni\u015flemektedir. \u015eehrin orijinal havaalan\u0131 olan Cioca Havaalan\u0131, genel havac\u0131l\u0131k i\u00e7in aktif olmaya devam etmektedir.<\/p>\n<p>Bega Kanal\u0131&#039;ndaki su yolu trafi\u011fi, 1967&#039;de durdurulmu\u015ftu ve S\u0131rbistan&#039;a ula\u015f\u0131m\u0131 yeniden a\u00e7mak i\u00e7in 2018&#039;de restorasyon \u00e7al\u0131\u015fmalar\u0131 ba\u015flad\u0131. \u015eehrin kanal k\u0131y\u0131s\u0131ndaki gezinti yollar\u0131, Romanya&#039;da benzersiz bir \u00f6zellik olan alt\u0131 istasyonlu halka a\u00e7\u0131k vaporetto hatlar\u0131na ev sahipli\u011fi yap\u0131yor. Bisiklet altyap\u0131s\u0131, S\u0131rbistan&#039;a giden kanal boyunca s\u0131n\u0131r \u00f6tesi bir yol ve EuroVelo a\u011f\u0131na entegrasyon dahil olmak \u00fczere 100 km&#039;den fazla uzan\u0131yor. 2015&#039;te a\u00e7\u0131lan VeloTM, 25 istasyonda 440 payla\u015f\u0131ml\u0131 bisiklet sunuyor ve g\u00fcnl\u00fck 1.500 kullan\u0131c\u0131ya hizmet veriyor. Elektrikli scooter&#039;lar 2019&#039;da kentsel filoya kat\u0131ld\u0131.<\/p>\n<p>Timi\u0219oara&#039;n\u0131n mimari miras\u0131, Barok, Neoklasik, Eklektik, Art Nouveau ve Viyana Ayr\u0131l\u0131k\u00e7\u0131l\u0131\u011f\u0131 stillerini kapsayan yakla\u015f\u0131k 14.500 tarihi yap\u0131dan olu\u015fur. En eski yap\u0131 olan Huniade Kalesi, Banat M\u00fczesi&#039;ne ev sahipli\u011fi yapar ve on be\u015finci y\u00fczy\u0131ldan itibaren \u00f6\u011feleri korur. Kentsel \u00e7ekirdek \u00e7ok \u00e7ekirdekli kal\u0131r: Fabric, Iosefin ve Elisabetin ile \u00e7evrili Cetate kale b\u00f6lgesi, her mahalle farkl\u0131 b\u00fcy\u00fcme d\u00f6nemlerini yans\u0131t\u0131r.<\/p>\n<p>Cetate&#039;de, on sekizinci y\u00fczy\u0131ldan kalma i\u00e7 \u015fehir, \u00fc\u00e7 ard\u0131\u015f\u0131k meydan\u0131n etraf\u0131nda k\u00fcmelenmi\u015f miras stat\u00fcs\u00fcndeki binalar\u0131 korur. Roma Katolik Kubbesi ve Barok Saray\u0131 ile \u00e7er\u00e7evelenen Birlik Meydan\u0131 (Pia\u021ba Unirii), Ulusal Tiyatro ve Metropolitan Katedrali&#039;nin geni\u015f bir yaya yolu boyunca kar\u015f\u0131 kar\u015f\u0131ya geldi\u011fi Zafer Meydan\u0131 (Pia\u021ba Victoriei) ile tezat olu\u015fturur. \u00d6zg\u00fcrl\u00fck Meydan\u0131 (Pia\u021ba Libert\u0103\u021bii), eski askeri idari binalarla \u00e7evrili ve 1989 ayaklanmas\u0131n\u0131n yeri olan ve koruyucu azizinin atl\u0131 heykeliyle ta\u00e7land\u0131r\u0131lm\u0131\u015f St George Meydan\u0131 ile noktalanan ikisini birbirine ba\u011flar.<\/p>\n<p>Fabric&#039;in lakab\u0131 tekstil at\u00f6lyelerini ve bira fabrikalar\u0131n\u0131 hat\u0131rlat\u0131yor. Union Meydan\u0131&#039;n\u0131n daha k\u00fc\u00e7\u00fck bir versiyonu olan Trajan Meydan\u0131, 1755&#039;ten kalma bir S\u0131rp Ortodoks kilisesine ev sahipli\u011fi yaparken, biti\u015fikteki yap\u0131lar 19. y\u00fczy\u0131l sonu Art Nouveau&#039;yu yans\u0131t\u0131yor. Iosefin, 1868&#039;den sonra in\u015fa edilen eklektik ve Ayr\u0131l\u0131k\u00e7\u0131 konaklarla kapl\u0131 Banat \u015evabya k\u00f6y\u00fc k\u00f6kenlerinin izlerini koruyor. \u00d6nemli yap\u0131lar aras\u0131nda Su Saray\u0131, D\u00e9lvid\u00e9ki Kumarhanesi ve ikiz Cserm\u00e1k saraylar\u0131 yer al\u0131yor. Elisabetin&#039;in 1892&#039;de kalenin y\u0131k\u0131lmas\u0131ndan sonra geni\u015flemesi, neo-Barok villalarla ve Mary Meydan\u0131&#039;ndaki St Mary&#039;nin neo-Romanesk an\u0131t\u0131yla s\u0131ralanm\u0131\u015f gridiron sokaklar \u00fcretti. Nicolae B\u0103lcescu Meydan\u0131, 57 metre y\u00fcksekli\u011findeki bir Katolik kilisesinin yan\u0131nda y\u00fckselirken, Pleven Meydan\u0131, Tavus Ku\u015flu Ev gibi Art Nouveau konutlar\u0131yla \u00e7evrilidir.<\/p>\n<p>Timi\u0219oara, \u00fc\u00e7 y\u00fczy\u0131l boyunca m\u00fcstahkem bir batakl\u0131k karakolundan nehir manzaras\u0131, mimari ve yenili\u011fin bir araya geldi\u011fi bir metropole d\u00f6n\u00fc\u015fm\u00fc\u015ft\u00fcr. K\u00fclt\u00fcrel kurumlar\u0131 (\u00fc\u00e7 devlet tiyatrosu, bir opera binas\u0131, bir filarmoni salonu ve \u00e7ok say\u0131da galeri) aktif bir festival ve sergi program\u0131n\u0131 s\u00fcrd\u00fcrmektedir. Eurocities \u00fcyeli\u011fi ve 2016&#039;da Romanya Gen\u00e7lik Ba\u015fkenti olarak atanmas\u0131, 2023&#039;te Veszpr\u00e9m ve Elefsina ile payla\u015f\u0131lan Avrupa K\u00fclt\u00fcr Ba\u015fkenti se\u00e7ilmesinden \u00f6nceydi. Nehir restorasyonundan tramvay yenilenmesine, \u00fcniversite laboratuvarlar\u0131ndan b\u00fcy\u00fck meydanlara kadar \u015fehir her y\u00f6n\u00fcyle bir deney ve uyarlama soyunu teyit etmektedir. Timi\u0219oara&#039;n\u0131n anlat\u0131s\u0131, Orta Avrupa kentselli\u011finin bir \u00f6rne\u011fi olarak varl\u0131\u011f\u0131n\u0131 s\u00fcrd\u00fcrmektedir: Tarihin ak\u0131mlar\u0131n\u0131n ve modernitenin nabz\u0131n\u0131n yan yana akt\u0131\u011f\u0131 ve her sokak lambas\u0131n\u0131n, meydan\u0131n ve akademik salonun mirasa sayg\u0131yla yumu\u015fat\u0131lm\u0131\u015f bir ilerleme taahh\u00fcd\u00fcn\u00fc kan\u0131tlad\u0131\u011f\u0131 bir yer.<\/p>","protected":false},"excerpt":{"rendered":"<p>Bat\u0131 Romanya&#039;da bulunan Timi\u0219oara, Timi\u0219 \u0130l\u00e7esi&#039;nin ba\u015fkenti ve Banat b\u00f6lgesinin ba\u015fl\u0131ca ekonomik, sosyal ve k\u00fclt\u00fcrel merkezidir. 2021 say\u0131m\u0131na g\u00f6re 250.849 n\u00fcfusuyla Romanya&#039;n\u0131n be\u015finci en kalabal\u0131k \u015fehridir. \u015eehrin Bega Nehri \u00fczerindeki stratejik konumu, tarihi \u00f6nemine ve g\u00fcn\u00fcm\u00fczdeki \u00f6nemine katk\u0131da bulunmu\u015ftur. Timi\u0219oara&#039;n\u0131n metropol alan\u0131 yakla\u015f\u0131k 400.000 ki\u015fiye ev sahipli\u011fi yaparken, daha b\u00fcy\u00fck Timi\u0219oara-Arad metropol\u00fc Timi\u0219 ve Arad il\u00e7elerinin n\u00fcfusunun &#039;inden fazlas\u0131n\u0131 i\u00e7erir.<\/p>","protected":false},"author":1,"featured_media":3888,"parent":11908,"menu_order":0,"comment_status":"closed","ping_status":"closed","template":"elementor_theme","meta":{"_eb_attr":"","footnotes":""},"class_list":["post-11936","page","type-page","status-publish","has-post-thumbnail"],"_links":{"self":[{"href":"https:\/\/travelshelper.com\/tr\/wp-json\/wp\/v2\/pages\/11936","targetHints":{"allow":["GET"]}}],"collection":[{"href":"https:\/\/travelshelper.com\/tr\/wp-json\/wp\/v2\/pages"}],"about":[{"href":"https:\/\/travelshelper.com\/tr\/wp-json\/wp\/v2\/types\/page"}],"author":[{"embeddable":true,"href":"https:\/\/travelshelper.com\/tr\/wp-json\/wp\/v2\/users\/1"}],"replies":[{"embeddable":true,"href":"https:\/\/travelshelper.com\/tr\/wp-json\/wp\/v2\/comments?post=11936"}],"version-history":[{"count":0,"href":"https:\/\/travelshelper.com\/tr\/wp-json\/wp\/v2\/pages\/11936\/revisions"}],"up":[{"embeddable":true,"href":"https:\/\/travelshelper.com\/tr\/wp-json\/wp\/v2\/pages\/11908"}],"wp:featuredmedia":[{"embeddable":true,"href":"https:\/\/travelshelper.com\/tr\/wp-json\/wp\/v2\/media\/3888"}],"wp:attachment":[{"href":"https:\/\/travelshelper.com\/tr\/wp-json\/wp\/v2\/media?parent=11936"}],"curies":[{"name":"wp","href":"https:\/\/api.w.org\/{rel}","templated":true}]}}