{"id":11902,"date":"2024-09-14T20:29:02","date_gmt":"2024-09-14T20:29:02","guid":{"rendered":"https:\/\/travelshelper.com\/staging\/?page_id=11902"},"modified":"2026-03-12T22:12:03","modified_gmt":"2026-03-12T22:12:03","slug":"san-marino","status":"publish","type":"page","link":"https:\/\/travelshelper.com\/tr\/destinations\/europe\/san-marino\/","title":{"rendered":"San Marino"},"content":{"rendered":"<p>San Marino, resmen San Marino Cumhuriyeti, G\u00fcney Avrupa&#039;da \u0130talya ile tamamen \u00e7evrili egemen bir mikro devlettir. Apeninler&#039;in kuzeydo\u011fu yama\u00e7lar\u0131nda yer alan \u00fclke, 61 kilometrekarelik bir alan\u0131 kaplar ve 2025 itibar\u0131yla yakla\u015f\u0131k 34.000 n\u00fcfusa sahiptir. Ba\u015fkenti olan San Marino \u015eehri, deniz seviyesinden 749 metre y\u00fckseklikteki Monte Titano&#039;nun tepesinde yer al\u0131rken, en b\u00fcy\u00fck n\u00fcfus merkezi olan Serravalle&#039;deki Dogana, ovalara daha yak\u0131n bir yere yay\u0131lm\u0131\u015ft\u0131r. D\u00fcnyan\u0131n be\u015finci en k\u00fc\u00e7\u00fck \u00fclkesi ve Avrupa&#039;n\u0131n \u00fc\u00e7\u00fcnc\u00fc en k\u00fc\u00e7\u00fck \u00fclkesi olan San Marino, \u0130talyan yar\u0131madas\u0131nda belirgin bir kimli\u011fi s\u00fcrd\u00fcrmek i\u00e7in antik k\u00f6kenleri, kal\u0131c\u0131 kurumlar\u0131 ve engebeli araziyi bir araya getirir.<\/p>\n<p>San Marino&#039;nun k\u00f6kenleri efsanede yatmaktad\u0131r. MS 301 civar\u0131nda, Rab adas\u0131nda dini zul\u00fcmden ka\u00e7an bir ta\u015f ustas\u0131 olan Aziz Marinus&#039;un Monte Titano&#039;nun tepesinde bir Hristiyan toplulu\u011fu kurdu\u011fu s\u00f6ylenir. Sonraki y\u00fczy\u0131llarda, bu yerle\u015fim, \u00f6zerkli\u011fi imparatorluklar\u0131n y\u00fckseli\u015fine ve d\u00fc\u015f\u00fc\u015f\u00fcne dayanabilen m\u00fcstahkem bir kom\u00fcne d\u00f6n\u00fc\u015ft\u00fc. 1600&#039;e gelindi\u011finde, bug\u00fcn hala y\u00fcr\u00fcrl\u00fckte olan yaz\u0131l\u0131 bir anayasa, cumhuriyet\u00e7i y\u00f6netimi kutsalla\u015ft\u0131rd\u0131 ve San Marino&#039;yu d\u00fcnyan\u0131n en eski mevcut anayasal cumhuriyeti yapt\u0131. Frans\u0131z Devrimi ve Napolyon sava\u015flar\u0131n\u0131n karga\u015fas\u0131 boyunca, Sammarinli devlet adamlar\u0131 ba\u011f\u0131ms\u0131zl\u0131klar\u0131n\u0131 ustal\u0131kla m\u00fczakere ettiler. Napolyon Bonapart ile erken d\u00f6nemde kurulan dostluk ve daha sonra Giuseppe Garibaldi de dahil olmak \u00fczere \u0130talyan cumhuriyet\u00e7ilere sunulan s\u0131\u011f\u0131nma hakk\u0131, cumhuriyetin s\u0131n\u0131rlar\u0131n\u0131 g\u00fcvence alt\u0131na almaya yard\u0131mc\u0131 oldu. Abraham Lincoln bile, San Marino&#039;nun sayg\u0131de\u011fer kurumlar\u0131n\u0131 \u00f6rnek olarak \u00f6verek fahri vatanda\u015fl\u0131k vermeye y\u00f6neldi.<\/p>\n<p>San Marino&#039;nun h\u00fck\u00fcmeti bu mirasla tan\u0131mlanmaya devam ediyor. Evrensel oy hakk\u0131yla se\u00e7ilen tek meclisli B\u00fcy\u00fck ve Genel Konsey, her alt\u0131 ayda bir, \u00f6nde gelen siyasi partilerden birer tane olmak \u00fczere iki Kaptan Naip se\u00e7iyor. Bu ikili devlet ba\u015fkanlar\u0131 e\u015fit yetkilere sahip, yasama organ\u0131na ba\u015fkanl\u0131k ediyor ve cumhuriyeti yurtd\u0131\u015f\u0131nda temsil ediyor. Yerel d\u00fczeyde, her biri bir Capitano di Castello ve konsey taraf\u0131ndan y\u00f6netilen dokuz castelli veya belediye, belediye i\u015flerini y\u00f6netiyor; bunlar\u0131n i\u00e7inde, k\u0131rk d\u00f6rt curazie (mahalle alt b\u00f6l\u00fcm\u00fc) daha k\u00fc\u00e7\u00fck topluluklar\u0131 veya mahalleleri yans\u0131t\u0131yor.<\/p>\n<p>Cumhuriyetin arazisi Monte Titano ve s\u0131rtlar\u0131 taraf\u0131ndan domine edilir ve \u00e7ok az d\u00fcz arazi b\u0131rak\u0131r. \u0130klim, k\u0131tasal etkilere sahip nemli subtropikaldir: yazlar \u0131l\u0131k ila s\u0131cak aras\u0131nda de\u011fi\u015fir, k\u0131\u015flar 400 metrenin \u00fczerinde s\u0131k s\u0131k yo\u011fun kar ya\u011f\u0131\u015f\u0131yla serindir. Ya\u011f\u0131\u015f y\u0131l boyunca iyi da\u011f\u0131l\u0131r ve yama\u00e7lar\u0131 \u00f6rten yerel sklerofil ve yar\u0131 yaprak d\u00f6ken ormanlar\u0131 besler, ancak son de\u011ferlendirmeler manzaran\u0131n ekolojik b\u00fct\u00fcnl\u00fc\u011f\u00fcn\u00fc k\u00fcresel olarak en d\u00fc\u015f\u00fckler aras\u0131nda s\u0131ralar. Deniz seviyesinden 55 metre y\u00fckseklikteki Ausa Nehri en d\u00fc\u015f\u00fck noktay\u0131 i\u015faret eder ve Adriyatik&#039;e ula\u015fmadan \u00f6nce do\u011fuya do\u011fru Marecchia&#039;ya akar. Mevsimsel seller d\u0131\u015f\u0131nda, dik vadileri kesintiye u\u011fratan hi\u00e7bir g\u00f6l veya g\u00f6let yoktur.<\/p>\n<p>K\u00fc\u00e7\u00fck boyutuna ra\u011fmen San Marino \u00e7e\u015fitlendirilmi\u015f bir ekonomiye sahiptir. Finans, hafif sanayi (\u00f6zellikle elektronik ve seramik), perakende ve turizm \u00f6nemli \u00f6l\u00e7\u00fcde katk\u0131da bulunur. Cumhuriyet Avrupa Birli\u011fi&#039;nin bir \u00fcyesi de\u011fildir ancak anla\u015fmayla avroyu kullan\u0131r ve koleksiyoncular taraf\u0131ndan \u00e7ok de\u011fer verilen kendi anma paralar\u0131n\u0131 \u00e7\u0131kar\u0131r. 2002&#039;ye kadar \u0130talyan liras\u0131na sabitlenen Sammarinese liras\u0131 para birimi olarak kullan\u0131l\u0131rd\u0131. Tar\u0131msal \u00fcretim \u015farap ve peynire odaklan\u0131r, ancak temel g\u0131dalar\u0131n \u00e7o\u011fu \u0130talya&#039;dan ithal edilir. Filateli ayr\u0131ca gelir de sa\u011flar: Sadece s\u0131n\u0131rlar\u0131 i\u00e7inde ge\u00e7erli olan San Marino&#039;nun posta pullar\u0131 uluslararas\u0131 olarak filatelistlere pazarlan\u0131r. Ki\u015fi ba\u015f\u0131na gayri safi yurti\u00e7i has\u0131laya (sat\u0131n alma g\u00fcc\u00fc paritesi) g\u00f6re cumhuriyet d\u00fcnyan\u0131n en zenginleri aras\u0131nda yer al\u0131r ve \u0130nsani Geli\u015fme Endeksi onu k\u00fcresel olarak yakla\u015f\u0131k k\u0131rk \u00fc\u00e7\u00fcnc\u00fc s\u0131raya yerle\u015ftirir.<\/p>\n<p>Demografik olarak, San Marino&#039;nun n\u00fcfusu Eyl\u00fcl 2023&#039;te 33.896&#039;yd\u0131. Bunlardan yakla\u015f\u0131k 28.200&#039;\u00fc Sammarinese vatanda\u015fl\u0131\u011f\u0131na sahip, yakla\u015f\u0131k 4.900&#039;\u00fc \u0130talyan vatanda\u015f\u0131 ve yakla\u015f\u0131k 800&#039;\u00fc di\u011fer \u00fclkelerden geliyor. Yakla\u015f\u0131k 13.000 Sammarinese yurtd\u0131\u015f\u0131nda, \u00e7o\u011funlukla \u0130talya, Amerika Birle\u015fik Devletleri, Fransa ve Arjantin&#039;de ya\u015f\u0131yor. Resmi dil \u0130talyanca iken, Sammarinese&#039;nin tehlike alt\u0131ndaki bir Romagnol leh\u00e7esi ya\u015fl\u0131 sakinler aras\u0131nda varl\u0131\u011f\u0131n\u0131 s\u00fcrd\u00fcr\u00fcyor. Vatanda\u015flar\u0131n b\u00fcy\u00fck \u00e7o\u011funlu\u011fu (&#039;den fazlas\u0131) Katolik inanc\u0131n\u0131 benimsiyor, ancak herhangi bir devlet dini kurulmam\u0131\u015f; kilise yarg\u0131 yetkisi tamamen piskoposu \u0130talya&#039;da ikamet eden Montefeltro Piskoposlu\u011fu&#039;na ba\u011fl\u0131.<\/p>\n<p>San Marino&#039;nun dik yama\u00e7lar\u0131ndaki ba\u011flant\u0131, m\u00fctevaz\u0131 ama \u00e7e\u015fitli bir ula\u015f\u0131m a\u011f\u0131na dayan\u0131r. \u00c7ift \u015feritli San Marino Otoyolu, Serravalle ve Dogana&#039;y\u0131 Borgo Maggiore&#039;ye ve \u00f6tesine, A14 otoyoluna do\u011fru SS 72&#039;ye d\u00f6n\u00fc\u015ft\u00fc\u011f\u00fc \u0130talya&#039;ya ba\u011flar. Cumhuriyet i\u00e7inde, ba\u015fkentten yay\u0131lan sekiz otob\u00fcs g\u00fczergah\u0131, t\u00fcm b\u00fcy\u00fck castelli&#039;lere ve hastaneye hizmet verirken, \u0130talyanlar\u0131n i\u015fletti\u011fi hizmetler yak\u0131ndaki \u0130talyan kasabalar\u0131n\u0131 s\u0131n\u0131r yerle\u015fimlerine ba\u011flar. Taksiler bu hizmetleri tamamlar. \u00dcnl\u00fc bir \u00f6zellik, 1959&#039;da hizmete giren havai teleferik Funivia di San Marino&#039;dur; bu teleferi\u011fin iki dakikal\u0131k yolculu\u011fu, Borgo Maggiore&#039;den ba\u015fkente her on be\u015f dakikada bir y\u00fckselir ve y\u0131lda yakla\u015f\u0131k yar\u0131m milyon yolcu ta\u015f\u0131r ve Adriyatik ovas\u0131n\u0131n panoramik manzaralar\u0131n\u0131 sunar. Karayolu otob\u00fcsleri de San Marino \u015eehri ile Rimini aras\u0131nda \u00e7al\u0131\u015f\u0131r ve yolculu\u011fu bir saatten k\u0131sa s\u00fcrede tamamlar.<\/p>\n<p>Hava yolculu\u011fu kom\u015fu \u0130talyan havaalanlar\u0131na aktarma gerektirir: Rimini&#039;deki Federico Fellini Uluslararas\u0131 Havaalan\u0131, Forl\u00ec&#039;deki Luigi Ridolfi, Ancona&#039;daki Raffaello Sanzio veya Bologna&#039;daki Guglielmo Marconi. San Marino, Rimini havaalan\u0131nda bir imtiyaz sahibidir ve y\u00f6netiminde k\u00fc\u00e7\u00fck bir paya sahiptir ancak orada g\u00fcmr\u00fck varl\u0131\u011f\u0131 yoktur. Domagnano yak\u0131nlar\u0131ndaki \u00e7im \u015feritli bir havaalan\u0131 olan Torraccia Havaalan\u0131, genel havac\u0131l\u0131\u011fa hizmet eder ve e\u011fitim, e\u011flence ve turistik u\u00e7u\u015flar yapan yerel bir u\u00e7u\u015f kul\u00fcb\u00fcne ev sahipli\u011fi yapar. 2012&#039;de yeniden a\u00e7\u0131lan 800 metrelik miras demiryolu, II. D\u00fcnya Sava\u015f\u0131 s\u0131ras\u0131nda kapat\u0131lan ve daha sonra terk edilen 31,5 kilometrelik bir ba\u011flant\u0131 olan sava\u015f zaman\u0131 Rimini-San Marino elektrikli hatt\u0131n\u0131n son at nal\u0131 k\u0131vr\u0131m\u0131n\u0131 korur. Tam hatt\u0131 canland\u0131rma giri\u015fimleri her iki eyalette de siyasi ilgi toplad\u0131.<\/p>\n<p>K\u00fclt\u00fcrel ya\u015fam, 2008&#039;den beri &#034;San Marino: Tarihi Merkez ve Titano Da\u011f\u0131&#034; ad\u0131 alt\u0131nda UNESCO D\u00fcnya Miras\u0131 alan\u0131 olan ba\u015fkentin tarihi merkezinde yo\u011funla\u015f\u0131yor. Orta \u00c7a\u011f surlar\u0131, ta\u015f evler, d\u00fckkanlar ve restoranlarla \u00e7evrili dar sokaklar\u0131 \u00e7evreliyor. \u00dc\u00e7 Kule\u2014Guaita (11. y\u00fczy\u0131l), Cesta (13. y\u00fczy\u0131l) ve Montale (14. y\u00fczy\u0131l)\u2014San Marino&#039;yu bayra\u011f\u0131nda ve armas\u0131nda sembolize ederek Monte Titano&#039;nun zirvelerinin tepesinde n\u00f6bet tutuyor. Ziyaret\u00e7iler Guaita ve Cesta&#039;ya kombine biletle girebilirken, bir zamanlar hapishane olan Montale kapal\u0131 kalmaya devam ediyor. Cesta, Orta \u00c7a\u011f&#039;dan 19. y\u00fczy\u0131la kadar silahlar\u0131n sergilendi\u011fi Arkaik Silahlar M\u00fczesi&#039;ne ev sahipli\u011fi yap\u0131yor.<\/p>\n<p>Sammari mutfa\u011f\u0131 \u0130talyan kom\u015fular\u0131n\u0131 yans\u0131t\u0131rken kendine \u00f6zg\u00fc lezzetler de sunar. \u00c7ikolatayla kaplanm\u0131\u015f ve \u00fc\u00e7 kuleden ad\u0131n\u0131 alan gofret katmanl\u0131 bir kek olan Torta Tre Monti, yerel \u015fekerlemecili\u011fin bir \u00f6rne\u011fidir. M\u00fctevaz\u0131 bir \u015farap end\u00fcstrisi b\u00f6lgesel \u00e7e\u015fitler \u00fcretir ve \u00e7e\u015fitli doku ve lezzette peynirler rustik ekmeklere e\u015flik eder.<\/p>\n<p>San Marino&#039;da otomobil sahipli\u011fi, sakinlerden daha fazla ara\u00e7la d\u00fcnya \u00e7ap\u0131nda en y\u00fcksekler aras\u0131nda yer al\u0131yor. Her sabah dar yollar, d\u00fcz arazinin olmamas\u0131 nedeniyle ki\u015fisel hareketlili\u011fi \u00f6nemseyen arabalarla doluyor. GSY\u0130H&#039;n\u0131n be\u015fte birinden fazlas\u0131n\u0131 olu\u015fturan turizm, her y\u0131l yakla\u015f\u0131k iki milyon ziyaret\u00e7i getiriyor ve bu ziyaret\u00e7iler genellikle iki gece kal\u0131yor ve her \u00fc\u00e7 vatanda\u015fa yakla\u015f\u0131k bir turist oran\u0131nda sakinlerden daha fazla oluyor.<\/p>\n<p>San Marino&#039;nun ba\u011f\u0131ms\u0131z bir cumhuriyet olarak hayatta kalmas\u0131, benzersiz y\u00f6netimi ve tarihi dokuyu modern refahla b\u00fct\u00fcnle\u015ftirmesi, boyutuna meydan okuyan bir ulus ortaya \u00e7\u0131kar\u0131yor. Altm\u0131\u015f bir kilometrekarelik bir alan i\u00e7inde, en eski anayasal cumhuriyet da\u011f manzaralar\u0131n\u0131, orta\u00e7a\u011f miras\u0131n\u0131 ve \u00e7a\u011fda\u015f giri\u015fimcili\u011fi bir araya getiriyor. Sakinleri Saint Marinus&#039;un miras\u0131na de\u011fer veriyor ve gezginler on yedi y\u00fczy\u0131ld\u0131r varl\u0131\u011f\u0131n\u0131 s\u00fcrd\u00fcren bir siyasi yap\u0131ya tan\u0131kl\u0131k etmek i\u00e7in dolamba\u00e7l\u0131 yollara t\u0131rman\u0131yor; Avrupa tarihinin tek bir zirvede korunan bir mikrokozmosu.<\/p>","protected":false},"excerpt":{"rendered":"<p>Apenin Da\u011flar\u0131&#039;n\u0131n kuzeydo\u011fu yama\u00e7lar\u0131nda konumlanan San Marino, tamamen \u0130talya ile s\u0131n\u0131rlanm\u0131\u015f k\u00fc\u00e7\u00fck bir Avrupa mikro devletidir. 2023 itibar\u0131yla 61 kilometrekareden (23,5 mil kare) biraz fazla bir arazi b\u00fcy\u00fckl\u00fc\u011f\u00fcne ve 33.642 n\u00fcfusa sahip olan \u00fclke, d\u00fcnyan\u0131n be\u015finci en k\u00fc\u00e7\u00fck \u00fclkesidir. Resmen San Marino Cumhuriyeti veya San Marino&#039;nun En Huzurlu Cumhuriyeti olarak adland\u0131r\u0131lan bu k\u00fc\u00e7\u00fck \u00fclke, yetersiz s\u0131n\u0131rlar\u0131 i\u00e7erisinde \u00e7ok say\u0131da tarih, k\u00fclt\u00fcr ve ekonomik g\u00fc\u00e7 bar\u0131nd\u0131rmaktad\u0131r.<\/p>","protected":false},"author":1,"featured_media":3740,"parent":24078,"menu_order":0,"comment_status":"closed","ping_status":"closed","template":"elementor_theme","meta":{"_eb_attr":"","footnotes":""},"class_list":["post-11902","page","type-page","status-publish","has-post-thumbnail"],"_links":{"self":[{"href":"https:\/\/travelshelper.com\/tr\/wp-json\/wp\/v2\/pages\/11902","targetHints":{"allow":["GET"]}}],"collection":[{"href":"https:\/\/travelshelper.com\/tr\/wp-json\/wp\/v2\/pages"}],"about":[{"href":"https:\/\/travelshelper.com\/tr\/wp-json\/wp\/v2\/types\/page"}],"author":[{"embeddable":true,"href":"https:\/\/travelshelper.com\/tr\/wp-json\/wp\/v2\/users\/1"}],"replies":[{"embeddable":true,"href":"https:\/\/travelshelper.com\/tr\/wp-json\/wp\/v2\/comments?post=11902"}],"version-history":[{"count":0,"href":"https:\/\/travelshelper.com\/tr\/wp-json\/wp\/v2\/pages\/11902\/revisions"}],"up":[{"embeddable":true,"href":"https:\/\/travelshelper.com\/tr\/wp-json\/wp\/v2\/pages\/24078"}],"wp:featuredmedia":[{"embeddable":true,"href":"https:\/\/travelshelper.com\/tr\/wp-json\/wp\/v2\/media\/3740"}],"wp:attachment":[{"href":"https:\/\/travelshelper.com\/tr\/wp-json\/wp\/v2\/media?parent=11902"}],"curies":[{"name":"wp","href":"https:\/\/api.w.org\/{rel}","templated":true}]}}