{"id":11881,"date":"2024-09-14T18:51:08","date_gmt":"2024-09-14T18:51:08","guid":{"rendered":"https:\/\/travelshelper.com\/staging\/?page_id=11881"},"modified":"2026-03-12T15:58:18","modified_gmt":"2026-03-12T15:58:18","slug":"izlanda","status":"publish","type":"page","link":"https:\/\/travelshelper.com\/tr\/destinations\/europe\/iceland\/","title":{"rendered":"\u0130zlanda"},"content":{"rendered":"<p>Yakla\u015f\u0131k 380.000 n\u00fcfusa sahip bir Kuzey Atlantik ada \u00fclkesi olan \u0130zlanda, yakla\u015f\u0131k 103.000 kilometrekarelik jeolojik olarak de\u011fi\u015fken bir alan\u0131 kaplar. Gr\u00f6nland ve Norve\u00e7 aras\u0131nda, Kuzey Amerika ve Avrasya tektonik plakalar\u0131n\u0131n birbirinden ayr\u0131ld\u0131\u011f\u0131 Orta Atlantik S\u0131rt\u0131&#039;nda yer alan \u0130zlanda, Avrupa&#039;n\u0131n en bat\u0131daki ve en az n\u00fcfus yo\u011funlu\u011funa sahip \u00fclkesidir. Ba\u015fkent Reykjav\u00edk, n\u00fcfusun \u00fc\u00e7te birinden fazlas\u0131n\u0131 okyanus ufkuna kar\u015f\u0131 konumland\u0131r\u0131lm\u0131\u015f al\u00e7ak bir \u015fehir manzaras\u0131na toplar. Volkanizma ve buzulla\u015fma taraf\u0131ndan \u015fekillendirilmi\u015f bir manzarada, medeniyetin ge\u00e7ici g\u00f6r\u00fcnd\u00fc\u011f\u00fc, her zaman alt\u0131ndaki zeminin insaf\u0131na kalm\u0131\u015f bir insan karakolu olarak durur.<\/p>\n<p>Kentsel \u00e7evreyi terk ederek, arazi h\u0131zla \u00f6ng\u00f6r\u00fclebilirli\u011fi terk ediyor. Ki\u015fi temel bir ciddiyet alan\u0131na giriyor: likenle \u00f6rt\u00fcl\u00fc lav ovalar\u0131, r\u00fczgarla cilalanm\u0131\u015f k\u00fcl \u00e7\u00f6lleri ve karla kapl\u0131 volkanlar\u0131n uzak siluetleri. Eriyen buzullar\u0131n ta\u015f\u0131d\u0131\u011f\u0131 i\u00e7 nehirler, bazalt ge\u00e7itlerden ge\u00e7erken, gayzerler mekanik bir ritimle t\u0131sl\u0131yor ve buhar s\u00fctunlar\u0131 halinde f\u0131\u015fk\u0131r\u0131yor. G\u00fcneydo\u011fu k\u0131y\u0131s\u0131nda, Vatnaj\u00f6kull&#039;un donmu\u015f k\u00fctlesi yerini, buzuldan kopan buz da\u011flar\u0131n\u0131n denize do\u011fru s\u00fcr\u00fcklendi\u011fi, kobalt \u00e7ekirdeklerinin zamanla a\u015f\u0131nd\u0131\u011f\u0131 J\u00f6kuls\u00e1rl\u00f3n&#039;un buzla kapl\u0131 lag\u00fcn\u00fcne b\u0131rak\u0131yor. Kuzey ve do\u011fudaki fiyortlar, u\u00e7urumlar ve antik kaya katmanlar\u0131yla \u00e7evrili, farkl\u0131 bir y\u00fczy\u0131lda ya\u015f\u0131yormu\u015f gibi g\u00f6r\u00fcnen k\u00f6ylere ev sahipli\u011fi yap\u0131yor.<\/p>\n<p>Enlemsel konumu kutup \u015fiddetini ima etse de, \u0130zlanda&#039;n\u0131n iklimi Kuzey Atlantik Ak\u0131nt\u0131s\u0131 taraf\u0131ndan yumu\u015fat\u0131l\u0131r. Sonu\u00e7 \u015fa\u015f\u0131rt\u0131c\u0131 bir \u0131l\u0131manl\u0131kt\u0131r: k\u0131\u015flar i\u00e7 \u0130skandinavya&#039;dakinden daha az ac\u0131mas\u0131zd\u0131r ve yazlar serin olsa da neredeyse s\u00fcrekli g\u00fcn \u0131\u015f\u0131\u011f\u0131yla ayd\u0131nlan\u0131r. Ancak bu genellemeler b\u00f6lgesel farkl\u0131l\u0131klara yol a\u00e7ar. G\u00fcney s\u0131k ya\u011f\u0131\u015f ve deniz f\u0131rt\u0131nalar\u0131yla bo\u011fu\u015fur; kuzey kuru, kristal havada g\u00fcne\u015flenir; ve merkezi yaylalar\u2014\u00e7orak, y\u00fcksek, misafirperver olmayan\u2014y\u0131l\u0131n sonlar\u0131na do\u011fru kar\u0131 korur ve insan h\u0131rs\u0131na pek teslim olmaz.<\/p>\n<p>Yaz\u0131l\u0131 kay\u0131t, Ing\u00f3lfr Arnarson&#039;un MS 874&#039;te karaya \u00e7\u0131kmas\u0131yla ba\u015flar. Norve\u00e7 k\u00f6kenli bir \u015fef olan Arnarson, Reykjav\u00edk olan yerle\u015fimi kurdu. Ard\u0131ndan gelen \u0130skandinav yerle\u015fimci dalgalar\u0131, yanlar\u0131nda Gal k\u00f6leleri ve hukuk ve s\u00f6zl\u00fc gelene\u011fe dayanan bir toplumun ilkelerini getirdi. MS 930&#039;da, \u00deingvellir&#039;de d\u00fcnyan\u0131n en eski s\u00fcrekli parlamentolar\u0131ndan biri olacak toprak sahiplerinin bir araya geldi\u011fi Althing&#039;i kurdular. Zamanla, i\u00e7 \u00e7eki\u015fmeler ve d\u0131\u015f bask\u0131lar, \u0130zlanda&#039;n\u0131n on \u00fc\u00e7\u00fcnc\u00fc y\u00fczy\u0131l\u0131n sonlar\u0131nda Norve\u00e7 tac\u0131 taraf\u0131ndan emilmesine yol a\u00e7t\u0131. \u00d6nce Kalmar Birli\u011fi ve daha sonra da tam kontrol yoluyla Danimarka ile birlik, y\u00fczy\u0131llarca s\u00fcren uzak bir y\u00f6netimi beraberinde getirdi.<\/p>\n<p>On alt\u0131nc\u0131 y\u00fczy\u0131l, Katolik yap\u0131lar\u0131 ortadan kald\u0131rarak ve g\u00fcc\u00fc Kopenhag&#039;da merkezile\u015ftirerek kararnameyle Lutheranl\u0131\u011f\u0131 dayatt\u0131. Ayd\u0131nlanma \u00c7a\u011f\u0131&#039;n\u0131n te\u015fvikiyle ve on dokuzuncu y\u00fczy\u0131lda Romantik milliyet\u00e7ili\u011fin alevlendirdi\u011fi milliyet\u00e7i duygu, Danimarka y\u00f6netimi alt\u0131nda i\u00e7in i\u00e7in yand\u0131. \u0130zlanda, 1918&#039;de Birlik Yasas\u0131 arac\u0131l\u0131\u011f\u0131yla kendi kendini y\u00f6netme hakk\u0131n\u0131 kazand\u0131, ancak tam ba\u011f\u0131ms\u0131zl\u0131k ancak \u0130kinci D\u00fcnya Sava\u015f\u0131&#039;n\u0131n k\u00fcresel karga\u015fas\u0131 s\u0131ras\u0131nda geldi. 1944&#039;te, Danimarka&#039;n\u0131n Alman kuvvetleri taraf\u0131ndan i\u015fgal edilmesiyle, \u0130zlandal\u0131lar neredeyse oybirli\u011fiyle bir cumhuriyet kurmaya karar verdiler.<\/p>\n<p>Y\u00fczy\u0131llar boyunca ge\u00e7imlik, \u0130zlanda ekonomisini tan\u0131mlad\u0131. Bal\u0131k\u00e7\u0131l\u0131k, koyun \u00e7obanl\u0131\u011f\u0131 ve s\u0131n\u0131rl\u0131 \u00e7ift\u00e7ilik, d\u00fc\u015fmanca bir ortamda ya\u015fam\u0131 s\u00fcrd\u00fcrd\u00fc. Yirminci y\u00fczy\u0131l, mekanize trol tekneleri ve modern bal\u0131k i\u015flemeyi tan\u0131tt\u0131 ve deniz stoklar\u0131n\u0131 ekonomik dayanaklara d\u00f6n\u00fc\u015ft\u00fcrd\u00fc. Sava\u015f sonras\u0131 yeniden yap\u0131lanma fonlar\u0131 ve Avrupa pazarlar\u0131na eri\u015fim, end\u00fcstriyel kapasiteyi ilerletti. 1990&#039;lara gelindi\u011finde, Avrupa Ekonomik Alan\u0131&#039;na \u00fcyelik, biyoteknoloji, bankac\u0131l\u0131k ve \u00fcretime \u00e7e\u015fitlenmeyi kolayla\u015ft\u0131rd\u0131, ancak ekonomi deniz k\u00f6klerine ba\u011fl\u0131 kalmaya devam ediyor.<\/p>\n<p>\u0130zlanda bug\u00fcn piyasa liberalizmini \u0130skandinav tarz\u0131 sosyal refahla dengeliyor. D\u00fc\u015f\u00fck \u015firket vergisi oranlar\u0131n\u0131, y\u00fcksek sendika yo\u011funlu\u011funu ve evrensel sa\u011fl\u0131k hizmeti ve \u00fccretsiz y\u00fcksek \u00f6\u011frenim gibi sa\u011flam kamu hizmetlerini s\u00fcrd\u00fcr\u00fcyor. \u00dclke, ayakta duran bir orduya sahip olmamas\u0131na ra\u011fmen NATO&#039;ya katk\u0131da bulunuyor ve deniz b\u00f6lgesini devriye gezmek i\u00e7in bir sahil g\u00fcvenli\u011fi sa\u011fl\u0131yor. Bu minimalist savunma stratejisi, diplomasi ve kolektif sorumlulu\u011fun daha geni\u015f toplumsal de\u011ferlerini yans\u0131t\u0131yor.<\/p>\n<p>Jeolojik olarak \u0130zlanda de\u011fi\u015fkenli\u011fini s\u00fcrd\u00fcr\u00fcyor. Ada, magman\u0131n y\u00fczeye \u00e7\u0131k\u0131p yeni topraklar do\u011furdu\u011fu Orta Atlantik S\u0131rt\u0131 taraf\u0131ndan ikiye b\u00f6l\u00fcnm\u00fc\u015f durumda. 2010&#039;daki Eyjafjallaj\u00f6kull gibi patlamalar, g\u00f6zlemcilere do\u011fan\u0131n insan programlar\u0131na kar\u015f\u0131 duyars\u0131zl\u0131\u011f\u0131n\u0131 hat\u0131rlat\u0131yor. B\u00e1r\u00f0arbunga&#039;n\u0131n alt\u0131ndaki 2014 aktivitesi, adan\u0131n sismik \u00f6ng\u00f6r\u00fclemezli\u011fini daha da vurgulad\u0131. N\u00fcfusun \u00e7o\u011fu daha \u0131l\u0131man k\u0131y\u0131 \u015feridinde ya\u015farken, Highlands \u0131ss\u0131z kalmaya devam ediyor ve yaln\u0131zca iyi donan\u0131ml\u0131 ara\u00e7lar veya mesafeli ihti\u015famlar\u0131na meydan okumaya istekli yayalar taraf\u0131ndan ziyaret ediliyor.<\/p>\n<p>Greater Reykjav\u00edk, birka\u00e7 belediyeyi kapsar ve \u00fclkenin k\u00fclt\u00fcrel ve ekonomik kalbi olarak hizmet eder. Kuzeydeki Akureyri ve uluslararas\u0131 havaalan\u0131 yak\u0131n\u0131ndaki Reykjanesb\u00e6r gibi daha k\u00fc\u00e7\u00fck kentsel merkezler b\u00f6lgesel hizmetler sunar, ancak \u00e7o\u011fu topluluk kompakt ve \u00f6zerk kal\u0131r. 2003&#039;te, se\u00e7im b\u00f6lgeleri de\u011fi\u015fen demografik \u00f6zellikleri yans\u0131tacak ve kentsel ve k\u0131rsal n\u00fcfuslar aras\u0131nda e\u015fit temsili koruyacak \u015fekilde yeniden \u00e7izildi.<\/p>\n<p>Enerji politikas\u0131 \u0130zlanda&#039;y\u0131 di\u011ferlerinden ay\u0131r\u0131r. Neredeyse t\u00fcm yerel elektrik ve \u0131s\u0131tma, geli\u015fmi\u015f \u00fclkeler aras\u0131nda bile nadir g\u00f6r\u00fclen bir durum olan hidroelektrik ve jeotermal sistemlerden sa\u011flan\u0131r. B\u00fcy\u00fck hidroelektrik projeleri buzul ak\u0131nt\u0131s\u0131ndan yararlan\u0131rken, jeotermal istasyonlar yeralt\u0131 \u0131s\u0131s\u0131ndan yararlan\u0131r. Bu bol miktardaki yenilenebilir enerji hem haneleri hem de a\u011f\u0131r sanayiyi destekler. \u00dc\u00e7 ulusal park\u2014\u00deingvellir, Sn\u00e6fellsj\u00f6kull ve Vatnaj\u00f6kull\u2014\u00fclkenin ge\u00e7mi\u015fi ve gelece\u011fiyle devam eden diyalo\u011funu \u00e7er\u00e7eveleyen \u00f6nemli ekolojik ve tarihi alanlar\u0131 korur.<\/p>\n<p>Bir altyap\u0131 a\u011f\u0131 bu ada \u00fclkesini birbirine ba\u011fl\u0131yor. Ring Road \u00fclkeyi \u00e7evreliyor, fiyortlar\u0131 ve tarlalar\u0131 engebeli bir asfalt \u015feritle birbirine ba\u011fl\u0131yor. K\u0131\u015f\u0131n, i\u00e7 yollar genellikle ge\u00e7ilmez oluyor, ancak d\u0131\u015f devre ani meteorolojik de\u011fi\u015fimlere haz\u0131rl\u0131kl\u0131 olanlar i\u00e7in y\u0131l boyunca seyahat imk\u00e2n\u0131 sa\u011fl\u0131yor. Toplu ta\u015f\u0131ma otob\u00fcsleri uzak kasabalara ula\u015f\u0131rken, Keflav\u00edk, Reykjav\u00edk, Akureyri ve Egilssta\u00f0ir&#039;deki havaalanlar\u0131 hem yurt i\u00e7i hem de yurt d\u0131\u015f\u0131 ba\u011flant\u0131lar\u0131 sa\u011fl\u0131yor.<\/p>\n<p>\u0130zlanda&#039;n\u0131n k\u00fclt\u00fcrel kimli\u011fi, k\u00f6kenini yans\u0131t\u0131r. Orta \u00c7a\u011f&#039;dan beri nispeten de\u011fi\u015fmemi\u015f olan \u0130zlanda dili, arkaik dilbilgisi ve kelime da\u011farc\u0131\u011f\u0131n\u0131 korur. Eski \u0130skandinavca yaz\u0131lm\u0131\u015f destanlar, edebiyat\u0131, eti\u011fi ve ulusal \u00f6z alg\u0131y\u0131 bilgilendirerek kolektif haf\u0131zan\u0131n merkezinde yer almaya devam eder. Cinsiyet e\u015fitli\u011fi d\u00fcnyada en y\u00fcksek seviyelerdedir ve gelir da\u011f\u0131l\u0131m\u0131, izolasyon ve kar\u015f\u0131l\u0131kl\u0131 g\u00fcven taraf\u0131ndan \u015fekillendirilen toplumsal normlar\u0131n bir sonucu olarak belirgin \u015fekilde e\u015fittir.<\/p>\n<p>Mutfak gelenekleri zorunluluktan kaynaklan\u0131yor. Bal\u0131k ve kuzu sofraya hakim, skyr ve jeotermal seralarda yeti\u015ftirilen mevsimlik sebzeler gibi s\u00fct bazl\u0131 temel g\u0131dalar da onlara kat\u0131l\u0131yor. Tarihsel kemer s\u0131kma, h\u00e1karl (fermente k\u00f6pek bal\u0131\u011f\u0131) ve sl\u00e1tur (kan pudingi) gibi yemeklerde devam ederken, kahve ve brenniv\u00edn toplumsal rit\u00fcelleri i\u015faret ediyor ve dostlukla yumu\u015fat\u0131lm\u0131\u015f bir cesarete y\u00f6nelik ulusal bir tercihi vurguluyor.<\/p>\n<p>Ba\u015fkent ve iyi bilinen yollar\u0131n d\u0131\u015f\u0131nda, \u0130zlanda daha anla\u015f\u0131lmas\u0131 zor \u00f6z\u00fcn\u00fc ortaya koyuyor. Bat\u0131 fiyortlar\u0131n\u0131n sarp kayal\u0131klar\u0131 deniz ku\u015flar\u0131na ve sessizli\u011fe ev sahipli\u011fi yap\u0131yor. Buzullarla kapl\u0131 stratovolkan\u0131yla Sn\u00e6fellsnes co\u011frafyay\u0131 folklorla birle\u015ftiriyor. H\u00fasav\u00edk&#039;te, balinalar Skj\u00e1lfandi K\u00f6rfezi&#039;nin aynal\u0131 y\u00fczeyini a\u015farken, daha i\u00e7 kesimlerde, Landmannalaugar&#039;\u0131n riyolit yama\u00e7lar\u0131 sabah \u0131\u015f\u0131\u011f\u0131n\u0131 soluk k\u0131rm\u0131z\u0131lar ve alt\u0131nlarla yakal\u0131yor. Jeolojik ak\u0131\u015f ve iklimsel zorluklarla \u015fekillenen bu uzak yerler, modern d\u00fcnyada nadir g\u00f6r\u00fclen bir yaln\u0131zl\u0131k \u00f6l\u00e7\u00fcs\u00fc sunarak mesafeli ve manyetik kal\u0131yor.<\/p>\n<p>On bir y\u00fczy\u0131ll\u0131k bir yay boyunca \u0130zlanda, \u015fef meclislerinden algoritmik inovasyona do\u011fru ilerledi. Halk\u0131, siyasi boyunduruk, \u00e7evresel g\u00fcvencesizlik ve ekonomik belirsizli\u011fe kar\u015f\u0131 koyarak, g\u00f6steriden \u00e7ok s\u00fcreklili\u011fe de\u011fer veren bir toplum olu\u015fturdu. Ada, korunmu\u015f bir kal\u0131nt\u0131 olarak de\u011fil, devam eden bir olu\u015fum i\u00e7inde bir yer olarak varl\u0131\u011f\u0131n\u0131 s\u00fcrd\u00fcr\u00fcyor; \u00e7atlak arazisi, geli\u015fen k\u00fclt\u00fcr\u00fc ve toplumsal s\u00f6zle\u015fmesi, onu tan\u0131mlayan sessiz dayan\u0131kl\u0131l\u0131\u011f\u0131n kan\u0131t\u0131d\u0131r.<\/p>","protected":false},"excerpt":{"rendered":"<p>Kuzey Atlantik ve Arktik Okyanuslar\u0131 aras\u0131nda yer alan bir \u0130skandinav ada \u00fclkesi olan \u0130zlanda, Kuzey Amerika ve Avrupa&#039;y\u0131 birbirine ba\u011flayan Orta Atlantik S\u0131rt\u0131&#039;nda ayr\u0131cal\u0131kl\u0131 bir konuma sahiptir. Yakla\u015f\u0131k 380.000 ki\u015filik n\u00fcfusuyla Avrupa&#039;n\u0131n en seyrek n\u00fcfuslu \u00fclkesidir. Bu ola\u011fan\u00fcst\u00fc ate\u015f ve buz b\u00f6lgesi, nefes kesen manzaralar\u0131, derin k\u00fclt\u00fcrel miras\u0131 ve geli\u015fmi\u015f toplumuyla b\u00fcy\u00fcl\u00fcyor.<\/p>","protected":false},"author":1,"featured_media":5053,"parent":24078,"menu_order":0,"comment_status":"closed","ping_status":"closed","template":"elementor_theme","meta":{"_eb_attr":"","footnotes":""},"class_list":["post-11881","page","type-page","status-publish","has-post-thumbnail"],"_links":{"self":[{"href":"https:\/\/travelshelper.com\/tr\/wp-json\/wp\/v2\/pages\/11881","targetHints":{"allow":["GET"]}}],"collection":[{"href":"https:\/\/travelshelper.com\/tr\/wp-json\/wp\/v2\/pages"}],"about":[{"href":"https:\/\/travelshelper.com\/tr\/wp-json\/wp\/v2\/types\/page"}],"author":[{"embeddable":true,"href":"https:\/\/travelshelper.com\/tr\/wp-json\/wp\/v2\/users\/1"}],"replies":[{"embeddable":true,"href":"https:\/\/travelshelper.com\/tr\/wp-json\/wp\/v2\/comments?post=11881"}],"version-history":[{"count":0,"href":"https:\/\/travelshelper.com\/tr\/wp-json\/wp\/v2\/pages\/11881\/revisions"}],"up":[{"embeddable":true,"href":"https:\/\/travelshelper.com\/tr\/wp-json\/wp\/v2\/pages\/24078"}],"wp:featuredmedia":[{"embeddable":true,"href":"https:\/\/travelshelper.com\/tr\/wp-json\/wp\/v2\/media\/5053"}],"wp:attachment":[{"href":"https:\/\/travelshelper.com\/tr\/wp-json\/wp\/v2\/media?parent=11881"}],"curies":[{"name":"wp","href":"https:\/\/api.w.org\/{rel}","templated":true}]}}