{"id":11757,"date":"2024-09-13T17:27:37","date_gmt":"2024-09-13T17:27:37","guid":{"rendered":"https:\/\/travelshelper.com\/staging\/?page_id=11757"},"modified":"2026-03-12T16:40:46","modified_gmt":"2026-03-12T16:40:46","slug":"siena","status":"publish","type":"page","link":"https:\/\/travelshelper.com\/tr\/destinations\/europe\/italy\/siena\/","title":{"rendered":"Siena"},"content":{"rendered":"<p>Merkezi Toskana&#039;daki ad\u0131n\u0131 ta\u015f\u0131yan eyaletin ba\u015fkenti olan Siena, yakla\u015f\u0131k 209 kilometrekarelik engebeli araziye yay\u0131lm\u0131\u015f olup, deniz seviyesinden 322 metre y\u00fckseklikte, etraf\u0131ndaki alt\u0131 vadiye hakim bir konumdad\u0131r. 2025 itibar\u0131yla 52.991 n\u00fcfusuyla, b\u00f6lgesel n\u00fcfus s\u0131ralamas\u0131nda on ikinci s\u0131rada yer almaktad\u0131r. G\u00fcneyde Arbia ve Merse nehir havzalar\u0131 ile kuzeydo\u011fuda Chianti tepeleri aras\u0131nda yer alan Siena&#039;n\u0131n tarihi \u00e7ekirde\u011fi, y\u00fczy\u0131llard\u0131r s\u00fcregelen kentsel h\u0131rs ve k\u00fclt\u00fcrel zenginli\u011fi b\u00fcnyesinde bar\u0131nd\u0131rmaktad\u0131r; tarihi meydanlar\u0131 ve sivri u\u00e7lu katedrali, onu \u0130talyan miras\u0131n\u0131n kal\u0131c\u0131 bir dayanak noktas\u0131 olarak i\u015faretlemektedir.<\/p>\n<p>Siena&#039;n\u0131n ticari bir antrepo olarak k\u00f6kenleri Etr\u00fcsk k\u00f6kenlerine dayan\u0131r, ancak servetinin kristalle\u015fti\u011fi d\u00f6nem Orta \u00c7a\u011f&#039;\u0131n y\u00fcksekleriydi. On \u00fc\u00e7\u00fcnc\u00fc ve on d\u00f6rd\u00fcnc\u00fc y\u00fczy\u0131llarda \u015fehir, merkezi bir bankac\u0131l\u0131k merkezi olarak ortaya \u00e7\u0131kt\u0131, ticari kasalar\u0131 Lombard ve Ligurya ba\u015fkentleriyle b\u00fcy\u00fcd\u00fc. 1472&#039;de Monte dei Paschi bankas\u0131 kuruldu; o zamandan beri kesintisiz faaliyet g\u00f6stermesi, s\u00fcrekli y\u00f6netim alt\u0131nda olan d\u00fcnyan\u0131n en eski bankas\u0131 ayr\u0131cal\u0131\u011f\u0131n\u0131 kazand\u0131rd\u0131. Gotik Palazzo Salimbeni&#039;de bulunan bu kurum, Siena&#039;n\u0131n uzun s\u00fcredir devam eden emanet gelene\u011finin bir kan\u0131t\u0131 olarak aktif hizmette kalmaya devam ediyor.<\/p>\n<p>Ayn\u0131 zamanda, on \u00fc\u00e7\u00fcnc\u00fc y\u00fczy\u0131l, daha sonra Siena \u00dcniversitesi olan Studium Senese&#039;nin do\u011fu\u015funa tan\u0131k oldu; manast\u0131rl\u0131 kemerleri ve ders salonlar\u0131 1240&#039;tan beri aral\u0131ks\u0131z olarak akademisyenleri a\u011f\u0131rlad\u0131. Bu sayg\u0131de\u011fer alma mater, \u015fehre ticari g\u00fcc\u00fcn\u00fc art\u0131ran, hukuk\u00e7ular\u0131, ilahiyat\u00e7\u0131lar\u0131 ve do\u011fa filozoflar\u0131n\u0131 \u00e7eken entelekt\u00fcel bir alan kazand\u0131rd\u0131. Mezunlar ve \u00f6\u011fretim g\u00f6revlileri, kanonik ve laik \u00f6\u011frenimin Avrupa&#039;ya yay\u0131lmas\u0131na katk\u0131da bulunarak Siena&#039;n\u0131n bir bilgi kulu\u00e7ka makinesi olarak \u00fcn\u00fcn\u00fc peki\u015ftirdi.<\/p>\n<p>Siena&#039;n\u0131n demografik y\u00f6r\u00fcngesi, epizodik canl\u0131l\u0131k ve daralmay\u0131 yans\u0131t\u0131r. 1861&#039;de kom\u00fcn 32.108 cana sahipti; 1971&#039;de bu rakam, sava\u015f sonras\u0131 kentle\u015fmeyle desteklenerek 65.634&#039;e y\u00fckseldi. Yirminci y\u00fczy\u0131l\u0131n son on y\u0131llar\u0131nda m\u00fctevaz\u0131 bir gerileme g\u00f6r\u00fcld\u00fc ve 2011&#039;de 52.800&#039;e yak\u0131n bir say\u0131ya yerle\u015fti. Bunu, 2021&#039;de 53.062 ve \u015fu anki 52.991 say\u0131yla sonu\u00e7lanan minimal bir b\u00fcy\u00fcme izledi. Bu dalgalanmalar, daha geni\u015f k\u0131rsaldan kentsele do\u011fru kaymalar\u0131 ve \u015fehrin ekonomik ini\u015f \u00e7\u0131k\u0131\u015flara uyumunu yans\u0131t\u0131yor.<\/p>\n<p>Sanatsal geli\u015fme Siena&#039;n\u0131n y\u00fcksek orta\u00e7a\u011f zirvesini tan\u0131mlad\u0131. Duccio di Buoninsegna, Simone Martini, Ambrogio ve Pietro Lorenzetti ve Sassetta, eserleri dini imgeleri yeniden \u015fekillendiren ustalar aras\u0131ndayd\u0131. Freskleri ve pano resimleri\u2014chiaroscuro ve duygusal ifade a\u00e7\u0131s\u0131ndan zengin\u2014katedral, karde\u015flik \u015fapelleri ve belediye binalar\u0131 boyunca \u00e7o\u011fald\u0131. Ziyaret\u00e7iler \u015fimdi bile bu eserlerle yerinde kar\u015f\u0131la\u015f\u0131yor: Museo dell&#039;Opera&#039;daki Duccio&#039;nun Maest\u00e0&#039;s\u0131ndan Palazzo Pubblico&#039;nun duvarlar\u0131ndaki Ambrogio Lorenzetti&#039;nin alegorik fresklerine kadar.<\/p>\n<p>\u015eehrin UNESCO taraf\u0131ndan korunan tarihi merkezi, on \u00fc\u00e7\u00fcnc\u00fc ve on d\u00f6rd\u00fcnc\u00fc y\u00fczy\u0131l mimarisinin dikkat \u00e7ekici bir yo\u011funlu\u011funu muhafaza ediyor. Kabuk \u015feklindeki Piazza del Campo, Palazzo Pubblico&#039;nun \u00f6n\u00fcnde a\u00e7\u0131l\u0131yor, tu\u011fla y\u00fczeyi ya\u011fmur suyunun akmas\u0131 i\u00e7in e\u011fimli, toplant\u0131lara ve y\u0131lda iki kez \u00fcnl\u00fc Palio at yar\u0131\u015f\u0131na organik bir e\u011frilik kat\u0131yor. En yal\u0131n t\u00f6rensel ihti\u015fam\u0131n \u00f6tesinde g\u00f6steri\u015fsiz bir \u015fekilde ger\u00e7ekle\u015ftirilen yar\u0131\u015f etkinli\u011fi, en az\u0131ndan on yedinci y\u00fczy\u0131ldan beri devam eden ate\u015fli bir m\u00fccadelede \u00fcniforma ve biniciyi kar\u015f\u0131 kar\u015f\u0131ya getiriyor.<\/p>\n<p>Siena Katedrali\u2014Duomo di Siena\u2014\u0130talyan Romanesk-Gotik sentezinin bir \u00f6rne\u011fi olarak durmaktad\u0131r. 1380&#039;de tamamlanan cephesinde beyaz ve ye\u015filimsi siyah mermerden olu\u015fan \u015feritler d\u00f6n\u00fc\u015f\u00fcml\u00fc olarak kullan\u0131l\u0131rken, ikiz payandalar zarif bir g\u00fcl penceresine do\u011fru y\u00fckselmektedir. Daha b\u00fcy\u00fck bir do\u011fu transepti i\u00e7in yap\u0131lan planlar, Kara \u00d6l\u00fcm y\u0131k\u0131mlar\u0131 aras\u0131nda ba\u015far\u0131s\u0131zl\u0131\u011fa u\u011frayarak Facciatone olarak bilinen iki kesik duvar b\u0131rakt\u0131. Bir duvar\u0131n i\u00e7indeki bir i\u00e7 merdivenden, \u015fehir a\u015fa\u011f\u0131da pi\u015fmi\u015f toprak \u00e7at\u0131lar\u0131n ve yumu\u015fak ufuklar\u0131n sessiz bir freski gibi a\u00e7\u0131l\u0131yor.<\/p>\n<p>Katedralin i\u00e7 k\u0131sm\u0131ndaki \u015faheserler toplulu\u011fu, aslan destekli taban\u0131 ve \u0130ncil kabartmalar\u0131yla R\u00f6nesans nat\u00fcralizmini haber veren Nicola Pisano&#039;nun sekizgen k\u00fcrs\u00fcs\u00fcn\u00fc i\u00e7erir. Birbirini izleyen zanaatkarlar\u0131n \u00fcr\u00fcn\u00fc olan geni\u015f mozaik d\u00f6\u015feme, mikro mermer tesseralarda kozmik amblemleri ve kutsal ikonografiyi ortaya \u00e7\u0131kar\u0131r. Ghirlandaio ve Pinturicchio&#039;nun freskleri Sakristi ve Piccolomini K\u00fct\u00fcphanesi&#039;ni s\u00fcslerken, yeralt\u0131 vaftizhanesindeki kaz\u0131lar Romanesk \u00f6nc\u00fclleri ortaya \u00e7\u0131kar\u0131r. Bir heykelt\u0131ra\u015f kadrosu\u2014Donatello, Lorenzo Ghiberti, Jacopo della Quercia\u2014Duomo&#039;nun dekoratif \u015femas\u0131n\u0131 zenginle\u015ftirmi\u015ftir.<\/p>\n<p>Katedralin kar\u015f\u0131s\u0131nda, Museo dell&#039;Opera del Duomo, Duccio&#039;nun Maest\u00e0&#039;s\u0131n\u0131 (1308\u201311) ve Sienal\u0131 \u00fcnl\u00fclerin say\u0131s\u0131z eserini korur. Biti\u015fikteki Facciatone&#039;ye \u00e7\u0131kt\u0131\u011f\u0131n\u0131zda, Palazzo Pubblico&#039;nun tepesindeki Torre del Mangia ile rekabet edebilecek bir manzarayla kar\u015f\u0131la\u015f\u0131rs\u0131n\u0131z. 1348&#039;de tamamlanan bu belediye kulesi 102 metre y\u00fcksekli\u011findedir; ad\u0131n\u0131 ilk koruyucusu olan obur &#034;Mangiaguadagni&#034;den al\u0131r. Palazzo&#039;nun i\u00e7inde, Lorenzetti&#039;nin \u0130yi ve K\u00f6t\u00fc Y\u00f6netim freskleri, k\u0131rsal ve kentsel alanlara bakan alegorik fig\u00fcrleri s\u0131ralayarak benzeri g\u00f6r\u00fclmemi\u015f bir belediye ahlak\u0131n\u0131 dile getirir.<\/p>\n<p>Bu an\u0131tsal \u00e7ekirdeklerin \u00f6tesinde, Siena&#039;n\u0131n dini topografyas\u0131 zengin bir \u015fekilde \u00e7e\u015fitlilik g\u00f6sterir. Aziz Catherine, San Francesco ve azizin \u00e7ocukluk evini de i\u00e7eren San Caterina Tap\u0131na\u011f\u0131&#039;n\u0131n kal\u0131nt\u0131lar\u0131yla Basilica dell&#039;Osservanza, San Domenico sokaklara dini bir ciddiyet kazand\u0131r\u0131r. On yedinci y\u00fczy\u0131l cemaatleri daha k\u00fc\u00e7\u00fck \u015fapeller ve kiliseler in\u015fa etti -San Giacinto, San Martino, Santi Niccol\u00f2 e Lucia- her biri fresklerle kapl\u0131 duvarlar ve oyulmu\u015f sunaklar bar\u0131nd\u0131r\u0131yordu. \u015eehrin korunan ve eri\u015filebilir olan on alt\u0131nc\u0131 y\u00fczy\u0131l sinagogu, orta\u00e7a\u011f \u00e7o\u011fulculu\u011funa tan\u0131kl\u0131k eder.<\/p>\n<p>Tar\u0131m, belediye s\u0131n\u0131rlar\u0131 i\u00e7inde ayr\u0131 bir rol \u00fcstlenir. 2009 y\u0131l\u0131nda, 919 tar\u0131m i\u015fletmesi 10.755 km\u00b2 araziyi y\u00f6netiyordu ve bunun 6.954 km\u00b2&#039;si ekilebilir araziydi, bu da Siena&#039;n\u0131n belediye alan\u0131n\u0131n yakla\u015f\u0131k otuzda biri. Chianti s\u0131n\u0131f\u0131 \u00e7e\u015fitlerin ba\u011flar\u0131 ve zeytinlikler, yerel gastronomiyi destekleyen \u00f6nolojik ve oleik \u00fcr\u00fcnler verir. Zay\u0131f bir \u00fcretim sekt\u00f6r\u00fc, Noel&#039;de panforte, ricciarelli ve cavallucci ve her Azizler G\u00fcn\u00fc ve \u00d6l\u00fcler G\u00fcn\u00fc&#039;nde pane co&#039; santi \u00fcreten zanaatkar \u015fekerlemeciler taraf\u0131ndan dengelenir.<\/p>\n<p>Ya\u015fam bilimlerinde, bir zamanlar Novartis Vaccines taraf\u0131ndan i\u015fletilen Centenary Institute Sieroterapico Achille Sclavo, 2015 y\u0131l\u0131nda GlaxoSmithKline&#039;\u0131n b\u00fcnyesine kat\u0131larak yakla\u015f\u0131k bin ara\u015ft\u0131rmac\u0131y\u0131 destekledi. Bu biyoteknolojik merkez, Siena&#039;n\u0131n uyum sa\u011flama yetene\u011fini vurgulayarak orta\u00e7a\u011f k\u00f6kenleri ile yirmi birinci y\u00fczy\u0131l inovasyonunu birle\u015ftiriyor. Hizmetler ve hafif sanayi, turizmi ve el sanatlar\u0131n\u0131 ba\u015fl\u0131ca ekonomik s\u00fctunlar olarak tamaml\u0131yor.<\/p>\n<p>Sivil e\u011flence ve akademik u\u011fra\u015flar, uluslararas\u0131 ustal\u0131k s\u0131n\u0131flar\u0131n\u0131n her y\u0131l topland\u0131\u011f\u0131, art\u0131k Siena Caz Okulu olan Medici Kalesi&#039;nde i\u00e7 i\u00e7e ge\u00e7iyor. \u00dcniversitenin Orto Botanico&#039;su yerli ve egzotik t\u00fcrler yeti\u015ftiriyor, terasl\u0131 arazileri canl\u0131 bir herbaryum. Via di Citt\u00e0&#039;da, Gotik Palazzo Chigi-Saracini, Toscanini&#039;den \u00e7a\u011fda\u015f piyanistlere kadar \u00fcnl\u00fc isimleri a\u011f\u0131rlam\u0131\u015f uluslararas\u0131 \u00fcne sahip bir konservatuvar olan Accademia Musicale Chigiana&#039;ya ev sahipli\u011fi yap\u0131yor.<\/p>\n<p>Siena&#039;n\u0131n ula\u015f\u0131m arterleri, b\u00f6lgesel bir ba\u011flant\u0131 noktas\u0131 olarak rol\u00fcn\u00fc yans\u0131t\u0131r. Autostrada del Sole, onu kuzeyde Floransa&#039;ya ve g\u00fcneyde Bettolle&#039;ye ba\u011flarken, Via Cassia (bir zamanlar Roma konsolosluk yolu) Roma&#039;ya giden yolda \u015fehrin i\u00e7inden ge\u00e7er. Siena Bat\u0131 \u00c7evre Yolu ve 223 ve 73 numaral\u0131 devlet yollar\u0131, ara\u00e7 ak\u0131\u015f\u0131n\u0131 sa\u011flar, ancak bunlar\u0131 s\u00fcper otoyol standartlar\u0131na y\u00fckseltme projeleri hen\u00fcz tamamlanmam\u0131\u015ft\u0131r. Autolinee Toscane taraf\u0131ndan i\u015fletilen kentsel ula\u015f\u0131m, otob\u00fcs hatlar\u0131n\u0131 tarihi mahalle ve \u00e7evre boyunca da\u011f\u0131tarak \u00fcniversite \u00f6\u011frencilerine ve i\u015fe gidip gelenlere hizmet eder.<\/p>\n<p>Demiryolu ba\u011flant\u0131s\u0131 m\u00fctevaz\u0131d\u0131r: Chiusi&#039;ye giden tek hatl\u0131 bir hat g\u00fcneydeki ulusal rotalara ba\u011flan\u0131rken, Empoli ve Floransa&#039;ya giden bir \u015fube Siena&#039;y\u0131 Toskana&#039;n\u0131n ba\u015fkentine ba\u011flar. Siena-Monte Antico-Grosseto demiryolu Tiren k\u0131y\u0131s\u0131na bir koridor a\u00e7ar. Hava yolculu\u011fu, bir zamanlar aralar\u0131nda as Giuseppe Cenni&#039;nin de bulundu\u011fu Regia Aeronautica \u00f6\u011frencilerini e\u011fiten, esas olarak genel havac\u0131l\u0131k alan\u0131 olan Siena-Ampugnano havaalan\u0131na dayan\u0131r.<\/p>\n<p>Siena&#039;daki iklim i\u00e7 Akdeniz rejimine uymaktad\u0131r. Y\u0131ll\u0131k ya\u011f\u0131\u015f ortalamas\u0131 823 milimetre olup, Kas\u0131m ay\u0131nda zirveye ula\u015f\u0131r ve Temmuz ay\u0131nda azal\u0131r. Ortalama s\u0131cakl\u0131klar Ocak ay\u0131nda 6,4 \u00b0C ile A\u011fustos ay\u0131nda 24,4 \u00b0C aras\u0131nda dalgalan\u0131r. \u00d6zellikle, kaydedilen en y\u00fcksek s\u0131cakl\u0131k A\u011fustos 2017&#039;de 39,6 \u00b0C&#039;ye ula\u015fm\u0131\u015ft\u0131r; y\u0131lda on g\u00fcn termometreler 34 \u00b0C&#039;yi a\u015farak yaz ortas\u0131na sert bir s\u0131cakl\u0131k katmaktad\u0131r.<\/p>\n<p>Siena&#039;n\u0131n centro storico&#039;sundaki her ta\u015f an\u0131larla dolu gibi g\u00f6r\u00fcn\u00fcyor. Fonte Gaia&#039;n\u0131n yosun tutmu\u015f duvarlar\u0131ndan (1858 kopyas\u0131 Jacopo della Quercia&#039;n\u0131n orijinal kabartmalar\u0131yla yan yana) Palio&#039;nun \u00f6n\u00fcndeki kontra bayraklar\u0131n\u0131n dalgalanmas\u0131na kadar, \u015fehrin nabz\u0131 ge\u00e7mi\u015fiyle ayn\u0131 ritimde. Torre del Mangia&#039;ya t\u0131rmananlar veya kubbeli manast\u0131rlarda dola\u015fanlar Etr\u00fcsk, orta\u00e7a\u011f ve modern \u00e7a\u011flar\u0131 kapsayan bir s\u00fcreklili\u011fin par\u00e7as\u0131 oluyorlar.<\/p>\n<p>Siena&#039;n\u0131n kal\u0131c\u0131 cazibesi, maddi kesinlik ve \u015fiirsel ambiyans\u0131n sentezinde yatar. M\u00fczeleri ve katedralleri ate\u015fli ba\u011fl\u0131l\u0131\u011fa ve yurtta\u015fl\u0131k gururuna tan\u0131kl\u0131k eder. \u00dcniversitesi ve ara\u015ft\u0131rma enstit\u00fcleri dura\u011fanl\u0131\u011f\u0131 reddeden bir bilgi i\u015ftah\u0131na tan\u0131kl\u0131k eder. Her meydanda, her sokakta, y\u00fczy\u0131llar\u0131n yank\u0131lar\u0131 g\u00fcn\u00fcm\u00fcze hayat verir ve Siena&#039;y\u0131 yaln\u0131zca bir ziyaret yeri de\u011fil, ayn\u0131 zamanda \u0130talyan medeniyetinin ya\u015fayan bir kroni\u011fi haline getirir.<\/p>","protected":false},"excerpt":{"rendered":"<p>\u0130talya&#039;n\u0131n Toskana b\u00f6lgesinin merkezinde bulunan b\u00fcy\u00fcleyici bir \u015fehir olan Siena, ayn\u0131 ad\u0131 ta\u015f\u0131yan eyaletin ba\u015fkentidir. 2022 itibar\u0131yla 53.062 ki\u015filik n\u00fcfusuyla b\u00f6lgedeki 12. b\u00fcy\u00fck \u015fehirdir. Tarih ve k\u00fclt\u00fcr a\u00e7\u0131s\u0131ndan zengin olan bu b\u00fcy\u00fcleyici \u015fehir, y\u00fczy\u0131llard\u0131r \u0130talya&#039;n\u0131n ekonomik, k\u00fclt\u00fcrel ve e\u011fitim ortam\u0131n\u0131 \u00f6nemli \u00f6l\u00e7\u00fcde etkilemi\u015ftir.<\/p>","protected":false},"author":1,"featured_media":2923,"parent":11663,"menu_order":0,"comment_status":"closed","ping_status":"closed","template":"elementor_theme","meta":{"_eb_attr":"","footnotes":""},"class_list":["post-11757","page","type-page","status-publish","has-post-thumbnail"],"_links":{"self":[{"href":"https:\/\/travelshelper.com\/tr\/wp-json\/wp\/v2\/pages\/11757","targetHints":{"allow":["GET"]}}],"collection":[{"href":"https:\/\/travelshelper.com\/tr\/wp-json\/wp\/v2\/pages"}],"about":[{"href":"https:\/\/travelshelper.com\/tr\/wp-json\/wp\/v2\/types\/page"}],"author":[{"embeddable":true,"href":"https:\/\/travelshelper.com\/tr\/wp-json\/wp\/v2\/users\/1"}],"replies":[{"embeddable":true,"href":"https:\/\/travelshelper.com\/tr\/wp-json\/wp\/v2\/comments?post=11757"}],"version-history":[{"count":0,"href":"https:\/\/travelshelper.com\/tr\/wp-json\/wp\/v2\/pages\/11757\/revisions"}],"up":[{"embeddable":true,"href":"https:\/\/travelshelper.com\/tr\/wp-json\/wp\/v2\/pages\/11663"}],"wp:featuredmedia":[{"embeddable":true,"href":"https:\/\/travelshelper.com\/tr\/wp-json\/wp\/v2\/media\/2923"}],"wp:attachment":[{"href":"https:\/\/travelshelper.com\/tr\/wp-json\/wp\/v2\/media?parent=11757"}],"curies":[{"name":"wp","href":"https:\/\/api.w.org\/{rel}","templated":true}]}}