{"id":11747,"date":"2024-09-13T17:13:02","date_gmt":"2024-09-13T17:13:02","guid":{"rendered":"https:\/\/travelshelper.com\/staging\/?page_id=11747"},"modified":"2026-03-12T16:41:41","modified_gmt":"2026-03-12T16:41:41","slug":"sanremo","status":"publish","type":"page","link":"https:\/\/travelshelper.com\/tr\/destinations\/europe\/italy\/sanremo\/","title":{"rendered":"Sanremo"},"content":{"rendered":"<p>Sanremo, bazen San Remo olarak da an\u0131l\u0131r, Kuzey \u0130talya&#039;daki Liguria&#039;n\u0131n Akdeniz k\u0131y\u0131s\u0131nda yer alan b\u00fcy\u00fcleyici bir sahil belediyesidir. 55.000 ki\u015filik n\u00fcfusuyla bu b\u00fcy\u00fcleyici kasaba, \u0130talyan Rivieras\u0131&#039;nda g\u00f6zde bir turistik yer haline gelmi\u015ftir. Sanremo&#039;nun kapsaml\u0131 tarihi Roma zamanlar\u0131na dayan\u0131r ve y\u0131llar boyunca, insanlar\u0131 k\u00fcresel olarak \u00e7eken \u00e7ok say\u0131da etkinli\u011fe ev sahipli\u011fi yapan dinamik bir k\u00fclt\u00fcrel merkez haline gelmi\u015ftir.<\/p>\n<p>Kasaban\u0131n Akdeniz iklimi ve pitoresk sahil \u015feridi, turistlerin ilgisini \u00e7ekmesine \u00f6nemli \u00f6l\u00e7\u00fcde katk\u0131da bulunmu\u015ftur. Sanremo, do\u011fal ihti\u015fam\u0131n, tarihi cazibenin ve \u00e7a\u011fda\u015f kolayl\u0131klar\u0131n m\u00fckemmel bir kombinasyonunu sunarak, \u0130talyan dolce vita deneyimini arzulayan turistler i\u00e7in ideal bir yer haline getirir. Akdeniz&#039;in turkuaz dalgalar\u0131, Sanremo k\u0131y\u0131lar\u0131n\u0131 nazik\u00e7e ok\u015far ve gezinti yolunda yava\u015f y\u00fcr\u00fcy\u00fc\u015fler veya sahilde sakin g\u00fcnler i\u00e7in b\u00fcy\u00fcleyici bir ortam sa\u011flar.<\/p>\n<p>Turizm Sanremo ekonomisinin \u00f6nemli bir par\u00e7as\u0131 olsa da, kasaba ayn\u0131 zamanda tar\u0131msal m\u00fckemmelli\u011fiyle de tan\u0131n\u0131r. B\u00f6lgenin \u00e7ok de\u011ferli bir \u00fcr\u00fcn\u00fc olan s\u0131zma zeytinya\u011f\u0131, prestijli Denominazione di Origine Protetta (DOP) unvan\u0131n\u0131 alm\u0131\u015ft\u0131r. Bu men\u015fe unvan\u0131 korumas\u0131, Sanremo ve \u00e7evresinde \u00fcretilen zeytinya\u011f\u0131n\u0131n s\u0131k\u0131 kalite gerekliliklerine uymas\u0131n\u0131 ve geleneksel \u00fcretim uygulamalar\u0131n\u0131 s\u00fcrd\u00fcrmesini garanti eder. Alt\u0131n-ye\u015fil s\u0131v\u0131, b\u00f6lgenin yemye\u015fil topraklar\u0131n\u0131 ve elveri\u015fli iklimini \u00f6rnekleyerek, onu yerel mutfa\u011f\u0131n temel dayana\u011f\u0131 ve arzu edilen bir ihracat haline getirir.<\/p>\n<p>Sanremo&#039;nun &#034;\u00c7i\u00e7ekler \u015eehri&#034; (la Citt\u00e0 dei Fiori) olarak adland\u0131r\u0131lmas\u0131, ekonomisinin ve k\u00fclt\u00fcrel karakterinin temel bir y\u00f6n\u00fcn\u00fc olu\u015fturur. Kasaba ve Arma di Taggia, Bordighera ve Ospedaletti gibi biti\u015fik b\u00f6lgeleri, k\u00fcresel pazar i\u00e7in \u00e7i\u00e7ek yeti\u015ftirmede tarihsel olarak lider olmu\u015ftur. Il\u0131man iklim ve yetenekli yerel bah\u00e7\u0131vanlar, \u00e7e\u015fitli, canl\u0131 bitki \u00f6rt\u00fcs\u00fcn\u00fcn y\u0131l boyunca yay\u0131lmas\u0131na elveri\u015fli bir ortam yaratm\u0131\u015ft\u0131r. \u00c7i\u00e7ek bollu\u011fu, kasaban\u0131n do\u011fal \u00e7ekicili\u011fini art\u0131r\u0131r ve yerel ekonomiye \u00f6nemli \u00f6l\u00e7\u00fcde katk\u0131da bulunan m\u00fcreffeh bir i\u015fletmeyi destekler.<\/p>\n<p>Kasaban\u0131n k\u00fclt\u00fcr ve e\u011flenceye olan ba\u011fl\u0131l\u0131\u011f\u0131 say\u0131s\u0131z mekan ve etkinlikte g\u00f6r\u00fclmektedir. 1905&#039;te in\u015fa edilen mimari bir \u015faheser olan Belediye Kumarhanesi, Art Nouveau mimarisinin bir \u00f6rne\u011fidir. Zarif d\u0131\u015f cephesi ve g\u00f6steri\u015fli i\u00e7 mekanlar\u0131 ziyaret\u00e7ileri zarafet ve inceli\u011fin ge\u00e7mi\u015f bir d\u00f6nemine dald\u0131r\u0131r. Kumar masalar\u0131na ek olarak, kumarhane her y\u0131l \u00e7e\u015fitli etkinlikler ve performanslar sunan bir k\u00fclt\u00fcr merkezi i\u015flevi g\u00f6rmektedir.<\/p>\n<p>Ariston Tiyatrosu, sahne sanatlar\u0131 merakl\u0131lar\u0131 i\u00e7in olmazsa olmaz bir mekand\u0131r. Bu sayg\u0131n tesis, konserler, operalar ve dramatik performanslardan olu\u015fan dikkat \u00e7ekici bir y\u0131ll\u0131k programa sahiptir. Tiyatro, \u0130talya&#039;n\u0131n en sayg\u0131n m\u00fczik festivallerinden biri olan Sanremo M\u00fczik Festivali ile ba\u011flant\u0131l\u0131d\u0131r. Festival, her y\u0131l hem \u00fcnl\u00fc hem de gelecek vaat eden sanat\u00e7\u0131lar\u0131 bir araya getirerek \u0130talyan ve d\u00fcnya m\u00fczi\u011finin en iyilerini sunar.<\/p>\n<p>M\u00fczik tutkunlar\u0131, \u0130talya&#039;daki sadece on iki devlet onayl\u0131 orkestradan biri olan Sanremo Senfoni Orkestras\u0131&#039;n\u0131n dahil edilmesini takdir edeceklerdir. Orkestra her y\u0131l yakla\u015f\u0131k 120 performans sunarak, kasaban\u0131n k\u00fclt\u00fcrel manzaras\u0131n\u0131 klasik ihti\u015famla zenginle\u015ftirir. Belediye Kumarhanesi Opera Tiyatrosu&#039;nda \u00e7ok say\u0131da konser ger\u00e7ekle\u015fir ve m\u00fczik ve mimari ihti\u015fam\u0131n ideal bir birle\u015fimini sunar.<\/p>\n<p>Sanremo&#039;nun cazibesi, k\u00fclt\u00fcrel katk\u0131lar\u0131n\u0131n \u00f6tesine ge\u00e7erek spor alan\u0131n\u0131, \u00f6zellikle de bisiklet sporunu kapsar. Kasaba, k\u00fcresel \u00e7apta en sayg\u0131n bir g\u00fcnl\u00fck profesyonel bisiklet etkinliklerinden biri olan Milano-San Remo bisiklet klasi\u011finin son dura\u011f\u0131 olarak i\u015flev g\u00f6r\u00fcr. &#034;La Primavera&#034; (Bahar) olarak adland\u0131r\u0131lan bu yar\u0131\u015f, d\u00fcnya \u00e7ap\u0131nda elit bisiklet\u00e7ileri ve bisiklet tutkunlar\u0131n\u0131 bir araya getirerek Sanremo&#039;nun k\u00fcresel sahnedeki \u00f6nemini peki\u015ftirir.<\/p>\n<p>Eri\u015filebilirlik, Sanremo&#039;nun cazibesinde \u00f6nemli bir unsurdur ve onu b\u00fcy\u00fck \u015fehirlere ve kom\u015fu \u00fclkelere ba\u011flayan \u00e7e\u015fitli ula\u015f\u0131m alternatifleri vard\u0131r. Uygun bir \u015fekilde &#034;Autostrada dei Fiori&#034; olarak adland\u0131r\u0131lan A10 otoyolu, Sanremo&#039;yu Cenova ve Ventimiglia&#039;ya ba\u011flar; Ventimiglia, Fransa ile s\u0131n\u0131r \u015fehri olarak hizmet eder. Y\u00fckseltilmi\u015f segmentler ve viyad\u00fcklerle bu pitoresk yol, k\u0131y\u0131 \u015feridinin \u00e7arp\u0131c\u0131 panoramik manzaralar\u0131n\u0131 sunar. Frans\u0131z s\u0131n\u0131r\u0131na yak\u0131n A10, Frans\u0131z A8 otoyoluyla zahmetsizce b\u00fct\u00fcnle\u015ferek Avrupa E80 rotas\u0131n\u0131n bir par\u00e7as\u0131 haline gelir ve \u0130talya ile Fransa aras\u0131nda rahat ula\u015f\u0131m sa\u011flar.<\/p>\n<p>Alternatif rotalar\u0131 tercih eden ki\u015filer i\u00e7in SS1 veya &#034;Aurelia Bis&#034;, Sanremo&#039;yu Taggia&#039;ya ba\u011flayan \u00fccretsiz bir k\u0131sayol sunuyor. Eski bir Roma yolu boyunca uzanan tarihi Via Aurelia, birincil sahil yolu i\u015flevi g\u00f6r\u00fcyor. \u015eehir merkezleri s\u0131k\u0131\u015f\u0131kl\u0131k ya\u015fayabilse de, sahil yolu daha rahat bir seyahat deneyimi sunuyor.<\/p>\n<p>Toplu ta\u015f\u0131ma, Sanremo&#039;yu Taggia ve Ventimiglia&#039;ya ba\u011flayan Via Aurelia boyunca bir troleyb\u00fcs g\u00fczergah\u0131n\u0131 kapsar. Bu hizmet, yerel halk ve turistlerin \u00e7evredeki b\u00f6lgelerde gezinmesi i\u00e7in basit ve \u00e7evresel olarak s\u00fcrd\u00fcr\u00fclebilir bir y\u00f6ntem sunar.<\/p>\n<p>Sanremo&#039;nun kendi havaliman\u0131 yoktur ancak Fransa&#039;n\u0131n Nice kentindeki C\u00f4te d&#039;Azur Uluslararas\u0131 Havaliman\u0131&#039;na 45 dakika uzakl\u0131kta elveri\u015fli bir konumdad\u0131r. \u00d6nemli bir uluslararas\u0131 merkeze yak\u0131nl\u0131k, Sanremo&#039;nun bir turizm tesisi olarak \u00e7ekicili\u011fini \u00f6nemli \u00f6l\u00e7\u00fcde art\u0131r\u0131r.<\/p>\n<p>Kasaban\u0131n demir yolu altyap\u0131s\u0131 son y\u0131llarda \u00f6nemli \u00f6l\u00e7\u00fcde iyile\u015ftirildi. Nefes kesen deniz manzaralar\u0131yla \u00fcnl\u00fc eski k\u0131y\u0131 tren hatt\u0131, daha uygun bir yeralt\u0131 yolu ile de\u011fi\u015ftirildi. Bu iyile\u015ftirme, Imperia, Cenova, Nice, Milano, Torino ve Roma gibi \u00f6nemli \u015fehirlere seyahat s\u00fcrelerini h\u0131zland\u0131rd\u0131. Sanremo tren istasyonunun Belediye Binas\u0131&#039;n\u0131n yan\u0131na ta\u015f\u0131nmas\u0131, kasaban\u0131n kentsel tasar\u0131m\u0131n\u0131 iyile\u015ftirdi.<\/p>\n<p>Sanremo, eski demir yolu hatt\u0131n\u0131 \u00e7ekici bir bisiklet yolu ve yaya b\u00f6lgesine d\u00f6n\u00fc\u015ft\u00fcrerek kentsel geli\u015fimi \u00f6rneklendirdi. Bat\u0131da Ospedaletti&#039;den do\u011fuda San Lorenzo al Mare&#039;ye kadar uzanan bu 24 kilometrelik rota, sakinlere ve turistlere k\u0131y\u0131 \u015feridini ge\u00e7mek i\u00e7in farkl\u0131 bir yol sa\u011fl\u0131yor. Bu yeniden i\u015flevlendirilen demir yolu hatt\u0131, rota boyunca bir\u00e7ok bisiklet kiralama b\u00fcfesi ve her iki y\u00f6nde de eri\u015filebilen \u00e7e\u015fitli plajlarla pop\u00fcler bir cazibe merkezi haline geldi ve fitness, e\u011flence ve g\u00f6rsel g\u00fczelli\u011fi bir araya getirdi.<\/p>","protected":false},"excerpt":{"rendered":"<p>Sanremo, bazen San Remo olarak da an\u0131l\u0131r, Kuzey \u0130talya&#039;daki Liguria&#039;n\u0131n Akdeniz k\u0131y\u0131s\u0131nda yer alan b\u00fcy\u00fcleyici bir sahil belediyesidir. 55.000 ki\u015filik n\u00fcfusuyla bu b\u00fcy\u00fcleyici kasaba, \u0130talyan Rivieras\u0131&#039;nda g\u00f6zde bir turistik yer haline gelmi\u015ftir. Sanremo&#039;nun kapsaml\u0131 tarihi Roma zamanlar\u0131na dayan\u0131r ve y\u0131llar boyunca, insanlar\u0131 k\u00fcresel olarak \u00e7eken \u00e7ok say\u0131da etkinli\u011fe ev sahipli\u011fi yapan dinamik bir k\u00fclt\u00fcrel merkez haline gelmi\u015ftir.<\/p>","protected":false},"author":1,"featured_media":11753,"parent":11663,"menu_order":0,"comment_status":"closed","ping_status":"closed","template":"elementor_theme","meta":{"_eb_attr":"","footnotes":""},"class_list":["post-11747","page","type-page","status-publish","has-post-thumbnail"],"_links":{"self":[{"href":"https:\/\/travelshelper.com\/tr\/wp-json\/wp\/v2\/pages\/11747","targetHints":{"allow":["GET"]}}],"collection":[{"href":"https:\/\/travelshelper.com\/tr\/wp-json\/wp\/v2\/pages"}],"about":[{"href":"https:\/\/travelshelper.com\/tr\/wp-json\/wp\/v2\/types\/page"}],"author":[{"embeddable":true,"href":"https:\/\/travelshelper.com\/tr\/wp-json\/wp\/v2\/users\/1"}],"replies":[{"embeddable":true,"href":"https:\/\/travelshelper.com\/tr\/wp-json\/wp\/v2\/comments?post=11747"}],"version-history":[{"count":0,"href":"https:\/\/travelshelper.com\/tr\/wp-json\/wp\/v2\/pages\/11747\/revisions"}],"up":[{"embeddable":true,"href":"https:\/\/travelshelper.com\/tr\/wp-json\/wp\/v2\/pages\/11663"}],"wp:featuredmedia":[{"embeddable":true,"href":"https:\/\/travelshelper.com\/tr\/wp-json\/wp\/v2\/media\/11753"}],"wp:attachment":[{"href":"https:\/\/travelshelper.com\/tr\/wp-json\/wp\/v2\/media?parent=11747"}],"curies":[{"name":"wp","href":"https:\/\/api.w.org\/{rel}","templated":true}]}}