{"id":11657,"date":"2024-09-13T15:30:46","date_gmt":"2024-09-13T15:30:46","guid":{"rendered":"https:\/\/travelshelper.com\/staging\/?page_id=11657"},"modified":"2026-03-12T16:14:43","modified_gmt":"2026-03-12T16:14:43","slug":"cork","status":"publish","type":"page","link":"https:\/\/travelshelper.com\/tr\/destinations\/europe\/ireland\/cork\/","title":{"rendered":"Mantar"},"content":{"rendered":"<p>&#034;Asi \u015eehir&#034; Cork, \u0130rlanda&#039;n\u0131n ikinci b\u00fcy\u00fck \u015fehridir, 2022 say\u0131m\u0131na g\u00f6re 224.004 n\u00fcfusa ev sahipli\u011fi yapar ve Lee Nehri&#039;nin ikiz kanallar\u0131yla olu\u015fan bir adada yakla\u015f\u0131k 37 kilometrekarelik bir alan\u0131 kaplar. \u0130rlanda&#039;n\u0131n g\u00fcneybat\u0131s\u0131nda, County Cork il\u00e7e merkezi olarak yer alan \u015fehir, nehrin r\u0131ht\u0131mlar\u0131 ve iskeleleri do\u011fuya do\u011fru Lough Mahon ve Cork Liman\u0131&#039;na akarken d\u00fcnyan\u0131n en b\u00fcy\u00fck do\u011fal limanlar\u0131ndan birine sahiptir.<\/p>\n<p>Alt\u0131nc\u0131 y\u00fczy\u0131lda Saint Fin Barre taraf\u0131ndan kurulan bir manast\u0131r\u0131n etraf\u0131nda kurulan ve \u0130rlandaca&#039;da Corcaigh, &#034;batakl\u0131k&#034; olarak bilinen Cork olacak yerle\u015fim, k\u00f6kenlerini Lee&#039;nin verimli, gezilebilir deltas\u0131na bor\u00e7ludur. Viking istilac\u0131lar MS 915 civar\u0131nda kasabay\u0131 geni\u015fletti ve 1185&#039;te Prens John, Cork&#039;a imtiyaz\u0131n\u0131 vererek onu Angevin tac\u0131 alt\u0131nda \u015fehir stat\u00fcs\u00fcne y\u00fckseltti. Tamamen duvarlarla \u00e7evrili orta\u00e7a\u011f \u00e7ekirde\u011fi, Lee&#039;nin kanallar\u0131 aras\u0131ndaki dar aday\u0131 doldurmak i\u00e7in b\u00fcy\u00fcd\u00fc; bunlardan birka\u00e7\u0131 daha sonra bug\u00fcnk\u00fc St. Patrick&#039;s Street, South Mall ve Grand Parade&#039;i olu\u015fturmak i\u00e7in dolduruldu. Kalan kanallar hala \u015fehir merkezini \u00e7evreliyor ve ok \u015feklindeki ana hatlar\u0131 nehir ge\u00e7mi\u015fine tan\u0131kl\u0131k ediyor.<\/p>\n<p>On yedinci y\u00fczy\u0131lda Cork deniz ticaretiyle geli\u015fti, ancak artan gemi boyutlar\u0131 liman faaliyetlerini Cobh&#039;a do\u011fru y\u00f6nlendirdi. Sunday&#039;s Well ve Montenotte gibi m\u00fcreffeh banliy\u00f6ler kuzey k\u0131y\u0131s\u0131n\u0131n daha y\u00fcksek zemininde y\u00fckselirken, on dokuzuncu y\u00fczy\u0131ldan kalma bir \u00fcniversite kamp\u00fcs\u00fc olan University College Cork g\u00fcney k\u0131y\u0131s\u0131nda \u015fekillendi. \u015eehrin orta\u00e7a\u011f surlar\u0131 yaln\u0131zca Kuzey ve G\u00fcney Ana caddeleri etraf\u0131ndaki par\u00e7alar halinde hayatta kalsa da, miras bilinci tek orta\u00e7a\u011f kilise kal\u0131nt\u0131s\u0131 olan Red Abbey ve St. Mary&#039;s (Kuzey Katedrali 1808&#039;de ba\u015flad\u0131, kule 1860&#039;larda eklendi) ve Saint Fin Barre&#039;s (William Burges&#039;in tasar\u0131mlar\u0131na g\u00f6re daha \u00f6nceki temeller \u00fczerine 1862-1879 aras\u0131nda in\u015fa edildi) gibi simge yap\u0131larda devam ediyor.<\/p>\n<p>Cork&#039;un siyasi mizac\u0131, G\u00fcl Sava\u015flar\u0131 s\u0131ras\u0131nda Yorkist sempatisi ve daha sonra \u0130\u00e7 Sava\u015f&#039;ta \u0130ngiliz-\u0130rlanda Antla\u015fmas\u0131&#039;na muhalefeti nedeniyle ona &#034;Asi \u015eehir&#034; lakab\u0131n\u0131 kazand\u0131rd\u0131 ve yerel sokak sanat\u0131 ve ti\u015f\u00f6rtler arac\u0131l\u0131\u011f\u0131yla &#034;ger\u00e7ek ba\u015fkent&#034; ve kurgusal &#034;Cork Halk Cumhuriyeti&#034;ne dair pop\u00fcler referanslar do\u011furdu. Ba\u011f\u0131ms\u0131z ruhu, Katty Barry&#039;ninki gibi yirminci y\u00fczy\u0131l\u0131n ortalar\u0131ndaki yemek evlerinde bir zamanlar servis edilen crubeens, i\u015fkembe ve drisheen gibi kendine \u00f6zg\u00fc yerel yemek geleneklerine duyulan gururla ve bal\u0131k, et, \u00fcr\u00fcn ve el yap\u0131m\u0131 peynirlerin bulundu\u011fu kapal\u0131 tezgahlar\u0131yla Cork&#039;un tarihi bir ticaret liman\u0131 kimli\u011fini \u00e7a\u011fr\u0131\u015ft\u0131ran y\u00fczy\u0131ll\u0131k \u0130ngiliz Pazar\u0131 ile e\u015fle\u015fiyor. Daha yak\u0131n zamanlarda, docklands depolar\u0131 Marina Market (Eyl\u00fcl 2020&#039;de a\u00e7\u0131ld\u0131) ve Ballintemple&#039;da Black Market (Eyl\u00fcl 2021) olarak yeniden do\u011fdu; her ikisi de yerel sat\u0131c\u0131lar\u0131 canl\u0131 etkinliklerle bir araya getiren kapal\u0131 yemek salonlar\u0131.<\/p>\n<p>\u015eehrin okyanus iklimi, \u0131l\u0131man s\u0131cakl\u0131klar, bol ya\u011f\u0131\u015f ve \u0130rlanda&#039;n\u0131n K\u00f6ppen Cfb tan\u0131m\u0131na \u00f6zg\u00fc de\u011fi\u015fkenlik ile karakterize edilir. Sertlik B\u00f6lgesi 9b hakimdir; al\u00e7ak ada merkezinde don veya kar nadirdir. Cork Havaalan\u0131&#039;n\u0131n merkezden birka\u00e7 kilometre g\u00fcneyde 153 m rak\u0131mda bulunan klimatoloji istasyonu, y\u0131ll\u0131k ortalama 1.239 mm ya\u011f\u0131\u015f, 218 ya\u011fmur g\u00fcn\u00fc (0,2 mm&#039;nin \u00fczerinde), 80&#039;i 5 mm&#039;yi a\u015fan, 6,5 dolu g\u00fcn\u00fc ve 9,5 kar veya sulu kar (sadece iki g\u00fcn yatan kar) kaydeder. Sis, a\u011f\u0131rl\u0131kl\u0131 olarak k\u0131\u015f\u0131n olmak \u00fczere y\u0131lda yakla\u015f\u0131k 97,8 sabah \u015fehri \u00f6rter, ancak Cork ayr\u0131ca ortalama olarak g\u00fcnde d\u00f6rt saatten fazla g\u00fcne\u015f \u0131\u015f\u0131\u011f\u0131 ve \u00e7o\u011funlukla k\u0131\u015f ortas\u0131nda olmak \u00fczere sadece 63,7 g\u00fcne\u015fsiz g\u00fcn ile \u0130rlanda&#039;n\u0131n en g\u00fcne\u015fli \u015fehirleri aras\u0131nda yer al\u0131r. Lee boyunca zaman zaman meydana gelen ta\u015fk\u0131nlar, \u015fehrin su yollar\u0131yla olan yak\u0131n ili\u015fkisini vurgular.<\/p>\n<p>Cork&#039;taki k\u00fclt\u00fcrel ya\u015fam yarat\u0131c\u0131l\u0131kla doludur. Cork M\u00fczik Okulu ve Crawford Sanat ve Tasar\u0131m Koleji, UCC&#039;nin tiyatro bile\u015fenlerinin yan\u0131 s\u0131ra canl\u0131 bir sanat ekosistemini besler. Bir zamanlar Cillian Murphy&#039;nin evi olan Corcadorca Tiyatro \u015eirketi, ulusal Koreografi ve Dans Enstit\u00fcs\u00fc; samimi Triskel Sanat Merkezi ve ba\u011f\u0131ms\u0131z sinemas\u0131; Firkin Crane dans mekan\u0131; ve Cork Dramatik Sanat Akademisi, Montfort Sahne Sanatlar\u0131 Koleji ve Graffiti Tiyatro \u015eirketi&#039;nde e\u011fitim ile ayn\u0131 alan\u0131 payla\u015f\u0131r. Y\u0131ll\u0131k festivaller\u2014Cork Caz Festivali, Cork Film Festivali ve Live at the Marquee\u2014uluslararas\u0131 izleyicileri \u00e7ekerken Everyman Palace Theatre ve Granary Theatre y\u0131l boyunca repertuarlar sunar.<\/p>\n<p>M\u00fczik mekanlar\u0131 elliden bine kadar kapasiteye sahiptir: Cork Opera Binas\u0131, The Everyman, Cork Sanat Tiyatrosu, Cyprus Avenue, Dali, Triskel Christchurch, The Roundy ve Coughlan&#039;s. Yerli yetenekler aras\u0131nda RT\u00c9 Vanbrugh Quartet, rock fig\u00fcrleri John Spillane ve Rory Gallagher, \u00f6nc\u00fc gruplar Five Go Down to the Sea?, Microdisney, The Frank and Walters, Sultans of Ping ve Simple Kid ve opera sanat\u00e7\u0131lar\u0131 Cara O&#039;Sullivan, Mary Hegarty, Brendan Collins ve Sam McElroy yer al\u0131r. Edebiyat \u00e7evreleri, Cork yerlileri Frank O&#039;Connor ve Se\u00e1n \u00d3 Faol\u00e1in&#039;i onurland\u0131ran ve Thomas McCarthy, Gerry Murphy ve William Wall gibi sesleri destekleyen Munster Edebiyat Merkezi ve Triskel Sanat Merkezi etraf\u0131nda birle\u015fir.<\/p>\n<p>K\u00fclt\u00fcrel altyap\u0131ya yap\u0131lan yat\u0131r\u0131mlar \u015fehri yeniden \u015fekillendirdi: Crawford Belediye Sanat Galerisi&#039;nin modern geni\u015flemeleri, Opera Binas\u0131&#039;n\u0131n yirmi birinci y\u00fczy\u0131l\u0131n ba\u015flar\u0131ndaki yenilemeleri, 2004&#039;te a\u00e7\u0131lan UCC&#039;deki Lewis Glucksman Galerisi\u2014Britanya&#039;n\u0131n Stirling \u00d6d\u00fcl\u00fc i\u00e7in k\u0131sa listeye girdi\u2014ve Eyl\u00fcl 2007&#039;de 60 milyon avroluk bir M\u00fczik Okulu binas\u0131n\u0131n tamamlanmas\u0131. Cork&#039;un 2005&#039;te Avrupa K\u00fclt\u00fcr Ba\u015fkenti olarak se\u00e7ilmesi ve Lonely Planet&#039;in 2010 Seyahatte En \u0130yiler listesine dahil edilmesi\u2014\u201csofistike, canl\u0131 ve \u00e7e\u015fitli\u201d olarak \u00f6v\u00fcld\u00fc\u2014d\u00fcnya \u00e7ap\u0131ndaki stat\u00fcs\u00fcn\u00fcn kan\u0131t\u0131d\u0131r.<\/p>\n<p>Mimari miras d\u00f6nemleri birbirine ba\u011flar. St. Patrick&#039;s Street\u2014bir zamanlar Lee&#039;nin kanal\u0131yd\u0131\u2014kuzeye do\u011fru uzanan son dura\u011f\u0131 Father Mathew heykeliyle i\u015faretlenmi\u015f, kemerlerin ve yaya al\u0131\u015fveri\u015f merkezlerinin alt\u0131ndan k\u0131vr\u0131l\u0131r. Oliver Plunkett Street&#039;te, 1760 Theatre Royal&#039;in \u00fczerine kurulmu\u015f, Pablo Fanque taraf\u0131ndan 1850&#039;de amfi tiyatro olarak yeniden in\u015fa edilen ve 1877&#039;de \u015fu anki GPO haline gelen kire\u00e7ta\u015f\u0131 cepheli Genel Postane yer al\u0131r. Ofisler ve finans kurulu\u015flar\u0131n\u0131n s\u0131raland\u0131\u011f\u0131 a\u011fa\u00e7larla \u00e7evrili bir cadde olan Grand Parade, 1860&#039;lardan kalma Allied Irish Bank borsas\u0131 da dahil olmak \u00fczere eski South Mall&#039;un G\u00fcrc\u00fc banka i\u00e7 mekanlar\u0131yla tezat olu\u015fturur. Modern ufuk \u00e7izgisi, bir zamanlar \u0130rlanda&#039;n\u0131n en y\u00fcksek binas\u0131 olan ve yak\u0131ndaki Elysian taraf\u0131ndan ge\u00e7ilene kadar bu binay\u0131 kullanan County Hall ve tuhaf bronz &#034;Cha ve Miah&#034; heykeliyle tan\u0131mlan\u0131r. Lee&#039;nin kar\u015f\u0131s\u0131nda, Viktorya d\u00f6neminden kalma Our Lady&#039;s Psikiyatri Hastanesi, Atkins Hall konutlar\u0131 olarak yeniden do\u011fmu\u015ftur.<\/p>\n<p>Kuzey taraf\u0131na hakim olan, Shandon&#039;daki St. Anne kilise kulesi\u2014k\u0131rm\u0131z\u0131 kumta\u015f\u0131 ve beyaz kire\u00e7ta\u015f\u0131 cepheleri on bir fitlik somon r\u00fczgar g\u00fcl\u00fcyle ta\u00e7land\u0131r\u0131lm\u0131\u015f\u2014\u015fehrin simgesidir. Yak\u0131nlardaki Skiddy&#039;s Almshouse, on sekizinci y\u00fczy\u0131l hay\u0131rseverli\u011fini an\u0131msat\u0131r. 1930&#039;larda, Black and Tans&#039;\u0131n 1920&#039;deki &#034;Cork&#039;u Yakmas\u0131&#034;ndan sonra Birle\u015fik Krall\u0131k h\u00fck\u00fcmetinin bir uzla\u015fma jesti olarak in\u015fa edilen Cork Belediye Binas\u0131, Ba\u011f\u0131ms\u0131zl\u0131k Sava\u015f\u0131 s\u0131ras\u0131nda y\u0131k\u0131lan salonun yerini alm\u0131\u015ft\u0131r. \u015eehir mimarisi Washington Street adliye binas\u0131 ve Elizabeth Kalesi ile devam ederken, Christ Church&#039;te (\u015fimdi Triskel Sanat Merkezi), St Mary&#039;s Dominican Kilisesi&#039;nde, UCC&#039;nin nehir k\u0131y\u0131s\u0131ndaki avlular\u0131nda, Sunday&#039;s Well&#039;deki eski Kad\u0131nlar Hapishanesi&#039;nde ve 1786&#039;dan kalma tarihi \u0130ngiliz Pazar\u0131&#039;nda (k\u00f6kenleri 1610&#039;a kadar uzan\u0131r) k\u00fclt\u00fcrel simgeler bol miktarda bulunur.<\/p>\n<p>Ye\u015fil alanlar kentsel ya\u015fam\u0131 zenginle\u015ftirir: merkezin bat\u0131s\u0131nda, Fitzgerald&#039;s Park Cork Halk M\u00fczesi&#039;ne ev sahipli\u011fi yapar; Bishop Lucey Park orta\u00e7a\u011f duvar\u0131n\u0131n bir b\u00f6l\u00fcm\u00fcn\u00fc korur; The Lough olarak bilinen olta g\u00f6l\u00fc ve Blackrock&#039;un kenar\u0131ndaki Marina ve Atlantic Pond koridorlar\u0131 ko\u015fucular\u0131, k\u00fcrek\u00e7ileri ve bisiklet\u00e7ileri destekler. \u015eehir 2012&#039;den beri sokak manzaras\u0131na bisiklet yollar\u0131 ve bisiklet duraklar\u0131 ekledi ve 2014&#039;te An Rothar Nua 31 yerle\u015ftirme istasyonunda 330 bisikletlik bir kamu kiralama plan\u0131 ba\u015flatt\u0131.<\/p>\n<p>Cork&#039;un bira \u00fcretim gelene\u011fi, operasyonlar\u0131 Lady&#039;s Well&#039;deki Murphy&#039;s&#039;e ta\u015f\u0131nan Beamish &amp; Crawford bira fabrikas\u0131n\u0131n 2009&#039;daki kapan\u0131\u015f\u0131na ra\u011fmen devam ediyor (\u015fu anda yerel olarak Heineken de \u00fcretiyor). 1998&#039;de kurulan ve daha sonra Coors taraf\u0131ndan sat\u0131n al\u0131nan Franciscan Well bira fabrikas\u0131 zanaat \u00fcretimine devam ediyor.<\/p>\n<p>Ula\u015f\u0131m ba\u011flant\u0131lar\u0131 Cork&#039;u \u0130rlanda&#039;ya ve \u00f6tesine ba\u011flar. \u00dclkenin en yo\u011fun ikinci havaliman\u0131 olan Cork Havaalan\u0131, \u015fehrin hemen g\u00fcneyinde yer al\u0131r ve k\u0131rk be\u015ften fazla Avrupa noktas\u0131na u\u00e7u\u015f sa\u011flar. Bus \u00c9ireann \u015fehir hizmetleri (201\u2013226 numaral\u0131 g\u00fczergahlar) merkezi banliy\u00f6lere, al\u0131\u015fveri\u015f merkezlerine ve \u00fcniversite kamp\u00fcslerine ba\u011flarken, iki y\u00f6r\u00fcnge g\u00fczergah\u0131 kuzey ve g\u00fcneyi \u00e7evreler. Ocak 2019&#039;dan bu yana 220 numaral\u0131 g\u00fczergah, \u0130rlanda&#039;n\u0131n ilk yirmi d\u00f6rt saatlik otob\u00fcs\u00fcn\u00fc sa\u011flad\u0131 ve Ballincollig ile Carrigaline&#039;i her saat 01:30 ile 05:30 aras\u0131nda birbirine ba\u011flad\u0131 ve ilk y\u0131l\u0131nda yolcu say\u0131s\u0131n\u0131 y\u00fczde 70 oran\u0131nda art\u0131rd\u0131. Ekim 2022&#039;de Ulusal Ula\u015ft\u0131rma Otoritesi, Cork i\u00e7in BusConnect&#039;ler konusunda kamuoyu isti\u015farelerini ba\u015flatt\u0131 ve Kas\u0131m 2023&#039;te ger\u00e7ekle\u015fecek \u00fc\u00e7\u00fcnc\u00fc isti\u015fare turunun bir par\u00e7as\u0131 olarak bir d\u00fczine koridor, otob\u00fcs kap\u0131lar\u0131, geni\u015fletilmi\u015f otob\u00fcs \u015feritleri ve Cork \u00dcniversitesi Hastanesi&#039;nde planl\u0131 bir kav\u015fak \u00f6nerdi. Uzun mesafeli otob\u00fcsler Parnell Place&#039;den Killarney, Waterford, Athlone, Shannon Havaalan\u0131, Limerick, Galway ve Dublin&#039;e hareket ediyor ve \u00f6zel operat\u00f6rler Irish Citylink, Aircoach ve Dublin Coach taraf\u0131ndan tamamlan\u0131yor.<\/p>\n<p>Deniz hizmetleri aras\u0131nda, Rushbrooke ve Passage West aras\u0131ndaki Cross River Feribotu, Jack Lynch T\u00fcneli&#039;nin alt\u0131ndan ge\u00e7en yolcu trafi\u011fini rahatlat\u0131r ve Brittany Ferries&#039;in Ringaskiddy&#039;den Roscoff, Fransa&#039;ya, merkezin on alt\u0131 kilometre g\u00fcneydo\u011fusundaki Cork Liman\u0131 \u00fczerinden araba hizmeti yer al\u0131r. 1980&#039;lerden itibaren yap\u0131lan yol iyile\u015ftirmeleri\u2014Cork South Link, South Ring \u00e7ift \u015feritli yol, Jack Lynch T\u00fcneli, Kinsale Road \u00fcst ge\u00e7idi (2006), N20 baypaslar\u0131 ve Patrick Street yaya odakl\u0131 yeniden yap\u0131lanma\u2014M8 otoyolunun Dublin&#039;e kadar olan k\u0131sm\u0131nda yer al\u0131r.<\/p>\n<p>Demiryollar\u0131 bir zamanlar Cork&#039;un ula\u015f\u0131m yap\u0131s\u0131n\u0131 tan\u0131ml\u0131yordu ve sekiz istasyon yerel ve b\u00f6lgesel hatlar\u0131 besliyordu. G\u00fcn\u00fcm\u00fczde Kent \u0130stasyonu, Irish Rail&#039;in Dublin&#039;deki saatlik seferlerinin ve Killarney, Tralee, Limerick, Ennis ve Galway&#039;e giden InterCity rotalar\u0131n\u0131n merkezi olmaya devam ederken, Little Island ve Glounthaune banliy\u00f6 yolcular\u0131na ve yeniden a\u00e7\u0131lan Glounthaune-Midleton hatt\u0131na (2009) hizmet veriyor. Miras tramvaylar\u20141872&#039;de atl\u0131 ve 1898&#039;den 1931&#039;e kadar elektrikli\u2014yerlerini modern raylara b\u0131rakt\u0131.<\/p>\n<p>Cork&#039;un n\u00fcfusu, Blarney gibi kasabalar\u0131 \u015fehir s\u0131n\u0131rlar\u0131na getiren s\u0131n\u0131r uzant\u0131lar\u0131n\u0131n ard\u0131ndan 2016 say\u0131m\u0131nda 208.669&#039;dan 2022&#039;de 224.004&#039;e y\u00fckseldi ve Metropolitan Cork&#039;un n\u00fcfusu art\u0131k 300.000&#039;i a\u015ft\u0131. G\u00f6\u00e7men topluluklar\u0131n bir dokusu sosyal yap\u0131y\u0131 zenginle\u015ftiriyor: Polonyal\u0131lar, \u0130ngilizler, Litvanyal\u0131lar, Frans\u0131zlar, Almanlar, Hintliler, Nijeryal\u0131lar, Macarlar, Slovaklar ve \u0130spanyollar \u015fehrin kozmopolit karakterine katk\u0131da bulunuyor. Kad\u0131nlar, ulusal e\u011filimleri yans\u0131tarak erkeklerden biraz daha fazla say\u0131da ancak daha dar bir farkla.<\/p>\n<p>&#034;Asi \u015eehir&#034; \u00fcn\u00fcn\u00fcn alt\u0131nda, Cork, ayn\u0131 zamanda orta\u00e7a\u011f manast\u0131r\u0131, Viking kalesi, G\u00fcrc\u00fc ticaret liman\u0131 ve modern Avrupa k\u00fclt\u00fcr ba\u015fkenti olan, nehir taraf\u0131ndan oyulmu\u015f ada \u00e7ekirde\u011fi ve tarihi r\u0131ht\u0131mlar\u0131, d\u00fcnyaya bakan ve ayn\u0131 zamanda \u015fiddetle ba\u011f\u0131ms\u0131z miras\u0131n\u0131 koruyan ya\u015fayan bir \u015fehri \u015fekillendirmeye devam eden zengin katmanl\u0131 bir kentsel doku olmaya devam ediyor.<\/p>","protected":false},"excerpt":{"rendered":"<p>Cork, \u0130rlanda&#039;n\u0131n ikinci b\u00fcy\u00fck \u015fehri ve 2022 n\u00fcfus say\u0131m\u0131na g\u00f6re 224.004 ki\u015filik n\u00fcfusuyla County Cork&#039;un idari merkezidir. Munster eyaletinde bulunan bu dinamik metropol merkezi, \u0130rlanda adas\u0131n\u0131n \u00fc\u00e7\u00fcnc\u00fc b\u00fcy\u00fck \u015fehridir. \u015eehrin kendine \u00f6zg\u00fc topografyas\u0131, Lee Nehri&#039;nin iki kanal\u0131 taraf\u0131ndan olu\u015fturulan bir adada bulunan \u00e7ekirde\u011fiyle karakterize edilir. Bu kanallar, \u015fehrin do\u011fu ucunda birle\u015fir ve burada geni\u015f bir r\u0131ht\u0131m ve iskele a\u011f\u0131 Lough Mahon ve k\u00fcresel olarak en b\u00fcy\u00fck do\u011fal limanlardan biri olarak kabul edilen Cork Liman\u0131&#039;na kadar uzan\u0131r.<\/p>","protected":false},"author":1,"featured_media":3992,"parent":11622,"menu_order":0,"comment_status":"closed","ping_status":"closed","template":"elementor_theme","meta":{"_eb_attr":"","footnotes":""},"class_list":["post-11657","page","type-page","status-publish","has-post-thumbnail"],"_links":{"self":[{"href":"https:\/\/travelshelper.com\/tr\/wp-json\/wp\/v2\/pages\/11657","targetHints":{"allow":["GET"]}}],"collection":[{"href":"https:\/\/travelshelper.com\/tr\/wp-json\/wp\/v2\/pages"}],"about":[{"href":"https:\/\/travelshelper.com\/tr\/wp-json\/wp\/v2\/types\/page"}],"author":[{"embeddable":true,"href":"https:\/\/travelshelper.com\/tr\/wp-json\/wp\/v2\/users\/1"}],"replies":[{"embeddable":true,"href":"https:\/\/travelshelper.com\/tr\/wp-json\/wp\/v2\/comments?post=11657"}],"version-history":[{"count":0,"href":"https:\/\/travelshelper.com\/tr\/wp-json\/wp\/v2\/pages\/11657\/revisions"}],"up":[{"embeddable":true,"href":"https:\/\/travelshelper.com\/tr\/wp-json\/wp\/v2\/pages\/11622"}],"wp:featuredmedia":[{"embeddable":true,"href":"https:\/\/travelshelper.com\/tr\/wp-json\/wp\/v2\/media\/3992"}],"wp:attachment":[{"href":"https:\/\/travelshelper.com\/tr\/wp-json\/wp\/v2\/media?parent=11657"}],"curies":[{"name":"wp","href":"https:\/\/api.w.org\/{rel}","templated":true}]}}