{"id":11647,"date":"2024-09-13T15:19:49","date_gmt":"2024-09-13T15:19:49","guid":{"rendered":"https:\/\/travelshelper.com\/staging\/?page_id=11647"},"modified":"2026-03-12T16:14:19","modified_gmt":"2026-03-12T16:14:19","slug":"dublin","status":"publish","type":"page","link":"https:\/\/travelshelper.com\/tr\/destinations\/europe\/ireland\/dublin\/","title":{"rendered":"Dublin"},"content":{"rendered":"<p>Dublin, \u00fclkenin do\u011fu k\u0131y\u0131s\u0131nda Liffey Nehri&#039;nin a\u011fz\u0131nda yakla\u015f\u0131k 345 km\u00b2&#039;lik bir alan\u0131 kaplayan \u0130rlanda&#039;n\u0131n ba\u015fkenti ve en b\u00fcy\u00fck \u015fehridir. Leinster eyaletinde bulunan ve g\u00fcneyde al\u00e7ak Dublin Da\u011flar\u0131 ile s\u0131n\u0131rlanan \u015fehir konseyi alan\u0131, 2022 say\u0131m\u0131na g\u00f6re 592.713 sakine sahipken, daha geni\u015f kentsel b\u00f6lge (Dublin ve banliy\u00f6leri) 1.263.219 sakine ula\u015ft\u0131. Dublin Kontlu\u011fu&#039;nun tamam\u0131 1.501.500 ki\u015fiydi ve bu da Dublin&#039;in \u0130rlanda adas\u0131ndaki en kalabal\u0131k \u015fehir stat\u00fcs\u00fcn\u00fc teyit ediyordu.<\/p>\n<p>Dublin&#039;in k\u00f6kenleri, Poddle Nehri&#039;nin Liffey&#039;e kat\u0131ld\u0131\u011f\u0131 stratejik bir konumda, yedinci y\u00fczy\u0131l veya daha \u00f6nce kurulan erken bir Gal yerle\u015fimine dayan\u0131r. K\u00fc\u00e7\u00fck Steine \u200b\u200bveya Steyne deresi, Camac ve Bradogue nehirlerine eri\u015fimle tamamlanan bu ortam, bir ticaret kasabas\u0131 kuran ve onu toprak i\u015fleriyle g\u00fc\u00e7lendiren Viking yerle\u015fimcileri cezbetti. On ikinci y\u00fczy\u0131l\u0131n sonlar\u0131ndaki Anglo-Norman istilas\u0131 s\u0131ras\u0131nda yerle\u015fim, Dublin Krall\u0131\u011f\u0131&#039;na d\u00f6n\u00fc\u015fm\u00fc\u015f ve \u0130rlanda&#039;n\u0131n ba\u015fl\u0131ca kentsel merkezi olarak ortaya \u00e7\u0131km\u0131\u015ft\u0131. Sonraki y\u00fczy\u0131llarda \u015fehir, orta\u00e7a\u011f surlar\u0131n\u0131n \u00f6tesine geni\u015fledi. On yedinci ve on sekizinci y\u00fczy\u0131llar, bir liman ve idari merkez stat\u00fcs\u00fcn\u00fcn de yard\u0131m\u0131yla h\u0131zl\u0131 bir b\u00fcy\u00fcmeye tan\u0131k oldu. 1800 Birlik Yasalar\u0131&#039;n\u0131n ard\u0131ndan Dublin, k\u0131sa bir s\u00fcre Britanya \u0130mparatorlu\u011fu&#039;nun ikinci b\u00fcy\u00fck \u015fehri oldu ve Bat\u0131 Avrupa&#039;da alt\u0131nc\u0131 s\u0131rada yer ald\u0131. \u0130rlanda \u00d6zg\u00fcr Devleti 1922&#039;de ba\u011f\u0131ms\u0131zl\u0131\u011f\u0131n\u0131 kazand\u0131ktan ve 1937&#039;de \u0130rlanda olarak yeniden adland\u0131r\u0131ld\u0131ktan sonra Dublin ba\u015fkent olarak belirlendi. Yirmi birinci y\u00fczy\u0131l\u0131n ba\u015flar\u0131nda \u015fehir, K\u00fcreselle\u015fme ve D\u00fcnya \u015eehirleri Ara\u015ft\u0131rma A\u011f\u0131 taraf\u0131ndan \u201cAlfa eksi\u201d \u015fehir olarak s\u0131n\u0131fland\u0131r\u0131larak k\u00fcresel bir ticaret ve k\u00fclt\u00fcr merkezi olarak tan\u0131nd\u0131.<\/p>\n<p>\u015eehrin morfolojisi deniz ortam\u0131n\u0131 ve nehir a\u011f\u0131n\u0131 yans\u0131t\u0131r. Liffey Nehri Dublin&#039;i Northside ve Southside sekt\u00f6rlerine b\u00f6ler, k\u00f6rfeze girerken Leixlip yak\u0131nlar\u0131nda kuzeydo\u011fudan do\u011fuya do\u011fru bir ak\u0131\u015fa do\u011fru k\u0131vr\u0131l\u0131r. \u0130kincil nehirler - g\u00fcneydo\u011fudan k\u00f6rfeze giren Tolka ve kuzeydo\u011fuya do\u011fru Liffey&#039;e do\u011fru akan Dodder - banliy\u00f6 b\u00f6lgelerinden \u00e7ok say\u0131da kol \u00e7eker. On dokuzuncu y\u00fczy\u0131ldan kalma iki kanal, g\u00fcneyde Grand ve kuzeyde Royal, Shannon Nehri&#039;ne ba\u011flanmadan \u00f6nce bat\u0131 yakla\u015f\u0131mlar\u0131nda \u015fehir merkezini \u00e7evreler. Su yollar\u0131n\u0131n \u00f6tesinde, d\u00fcz tar\u0131m arazileri kuzeye ve bat\u0131ya do\u011fru uzan\u0131rken, Dublin Da\u011flar\u0131 g\u00fcneyde m\u00fctevaz\u0131 bir \u015fekilde y\u00fckselerek daha b\u00fcy\u00fck Wicklow s\u0131rada\u011flar\u0131n\u0131n bir par\u00e7as\u0131n\u0131 olu\u015fturur.<\/p>\n<p>Dublin&#039;in iklimi \u0131l\u0131man deniz iklimi s\u0131n\u0131fland\u0131rmas\u0131na uygundur. Yazlar \u0131l\u0131mand\u0131r, Merrion Meydan\u0131&#039;nda Temmuz ay\u0131nda ortalama maksimum s\u0131cakl\u0131k 20,1 \u00b0C&#039;ye ula\u015f\u0131r ve k\u0131\u015flar serindir, \u015eubat ay\u0131nda ortalama minimum s\u0131cakl\u0131k 4,1 \u00b0C&#039;dir. Kentsel \u0131s\u0131 adas\u0131 etkisi yaz gecelerini belirgin \u015fekilde daha s\u0131cak hale getirir - Temmuz ay\u0131ndaki en d\u00fc\u015f\u00fck s\u0131cakl\u0131klar ortalama 13,5 \u00b0C&#039;dir ve en y\u00fcksek resmi s\u0131cakl\u0131k 33,1 \u00b0C ile Temmuz 2022&#039;de Phoenix Park&#039;ta kaydedildi. Ya\u011f\u0131\u015flar ya\u011fmurda yo\u011funla\u015f\u0131r ve g\u00fcney k\u0131y\u0131s\u0131na yak\u0131n Ringsend&#039;de y\u0131ll\u0131k toplamlar yakla\u015f\u0131k 683 mm&#039;dir - \u0130rlanda&#039;n\u0131n bat\u0131 b\u00f6lgelerinin yakla\u015f\u0131k yar\u0131s\u0131. Kas\u0131m ve Mart aylar\u0131 aras\u0131nda ara s\u0131ra kar sa\u011fanaklar\u0131 g\u00f6r\u00fcl\u00fcr, ancak dolu daha yayg\u0131nd\u0131r. Atlantik r\u00fczgarlar\u0131 sonbaharda zirveye ula\u015f\u0131r, ancak Dublin&#039;in do\u011fu y\u00f6n\u00fc g\u00f6z \u00f6n\u00fcne al\u0131nd\u0131\u011f\u0131nda, bat\u0131daki yerle\u015fim yerleriyle kar\u015f\u0131la\u015ft\u0131r\u0131ld\u0131\u011f\u0131nda g\u00fc\u00e7leri azal\u0131r. K\u0131y\u0131 b\u00f6lgeleri y\u0131lda 1.600 saatten fazla g\u00fcne\u015f \u0131\u015f\u0131\u011f\u0131n\u0131n tad\u0131n\u0131 \u00e7\u0131kar\u0131r, i\u00e7 kesimlere do\u011fru azal\u0131r; Dublin Havaalan\u0131&#039;n\u0131n istasyonu tek bir y\u0131lda (1959) 1.740 saate kadar ve 1.240 saate kadar (1987) kadar kay\u0131t yapt\u0131. Yirminci y\u00fczy\u0131l\u0131n sonlar\u0131nda, hava kirlili\u011fi endi\u015feleri bit\u00fcml\u00fc yak\u0131tlar\u0131n 1990&#039;da yasaklanmas\u0131na yol a\u00e7t\u0131 ve bu da kardiyovask\u00fcler ve solunum \u00f6l\u00fcmlerinde \u00f6l\u00e7\u00fclebilir d\u00fc\u015f\u00fc\u015flere yol a\u00e7t\u0131.<\/p>\n<p>Dublin&#039;in tarihi kalbi, Royal ve Grand kanallar\u0131, bat\u0131da Heuston istasyonu ve Phoenix Park ile do\u011fuda Uluslararas\u0131 Finansal Hizmetler Merkezi ve Docklands taraf\u0131ndan tan\u0131mlanan dikd\u00f6rtgenin i\u00e7inde yer al\u0131r. Liffey&#039;den kuzey-g\u00fcney y\u00f6n\u00fcnde uzanan O&#039;Connell Caddesi, ana eksenel bulvar olarak hizmet verirken, Henry Caddesi ve Grafton Caddesi s\u0131ras\u0131yla kuzey ve g\u00fcney k\u0131y\u0131lar\u0131ndaki ba\u015fl\u0131ca al\u0131\u015fveri\u015f b\u00f6lgelerini demirler. Viktorya d\u00f6nemi konut ve ticari binalar (George&#039;s Street Arcade gibi) g\u00fcneydeki \u015fehir merkezine renk katar. Belediye planlamas\u0131nda resmen s\u0131n\u0131rland\u0131r\u0131lmam\u0131\u015f olsa da, turizm ve pazarlama jargonunda \u00e7e\u015fitli &#034;mahalleler&#034; ortaya \u00e7\u0131km\u0131\u015ft\u0131r: orta\u00e7a\u011f duvarlar\u0131 ve kilise mahalleleri; G\u00fcrc\u00fc meydanlar\u0131 ve Trinity College \u00e7evresi; Docklands ve &#034;Silicon Docks&#034; teknoloji koridoru; ve Temple Bar \u00e7evresindeki k\u00fclt\u00fcrel b\u00f6lgeler ve South William Caddesi ile George&#039;s Caddesi aras\u0131ndaki yarat\u0131c\u0131 at\u00f6lyeler.<\/p>\n<p>\u00c7evredeki banliy\u00f6ler kentsel ayak izini geni\u015fletir. Kuzey taraf\u0131nda Blanchardstown, Finglas, Ballymun, Clontarf, Raheny, Malahide ve Howth konut, ticari ve liman i\u015flevlerini birle\u015ftirir. G\u00fcney taraf\u0131ndaki b\u00f6lgeler aras\u0131nda Tallaght, Sandyford, Templeogue, Drimnagh, Rathmines, D\u00fan Laoghaire ve Dalkey bulunur ve her biri kendine \u00f6zg\u00fc konut d\u00fczenlerine ve olanak k\u00fcmelerine sahiptir. 2010&#039;lar\u0131n sonlar\u0131ndan itibaren, orta y\u00fckseklikte ve y\u00fcksek yo\u011funluklu apartman planlar\u0131, n\u00fcfus bask\u0131lar\u0131n\u0131 ve de\u011fi\u015fen planlama \u00f6nceliklerini yans\u0131tarak Sandyford, Ashtown ve Tallaght&#039;\u0131n baz\u0131 k\u0131s\u0131mlar\u0131n\u0131 yeniden \u015fekillendirdi. Tarihsel olarak, Liffey sosyo-ekonomik bir b\u00f6l\u00fcnmeyi sembolize etmi\u015ftir: g\u00fcney taraf\u0131ndaki topluluklar genellikle daha zengin olarak alg\u0131lan\u0131rken, k\u0131y\u0131 do\u011fu banliy\u00f6leri daha yeni bat\u0131 geli\u015fmeleriyle ince bir tezat olu\u015fturuyordu.<\/p>\n<p>Dublin&#039;in simgesel yap\u0131lar\u0131 aras\u0131nda orta\u00e7a\u011f surlar\u0131, on sekizinci y\u00fczy\u0131l belediye yap\u0131lar\u0131 ve modern heykelsi ifadeler yer al\u0131r. Kral John&#039;un emriyle 1204 y\u0131l\u0131nda kurulan Dublin Kalesi, d\u0131\u015f duvarlar\u0131 nehirler ve hendeklerle desteklenmi\u015f, merkezi bir kalesi olmayan Norman avlu tasar\u0131m\u0131na \u00f6rnektir. Trinity College&#039;\u0131n Eski K\u00fct\u00fcphanesi, akademisyenleri ve turistleri ayn\u0131 \u015fekilde \u00e7eken ayd\u0131nlat\u0131lm\u0131\u015f sekizinci y\u00fczy\u0131l \u0130ncil el yazmas\u0131 olan Kells Kitab\u0131&#039;na ev sahipli\u011fi yapar. O&#039;Connell Caddesi&#039;nde, yirmi birinci y\u00fczy\u0131l h\u0131rs\u0131n\u0131n bir g\u00f6stergesi olarak 2003 y\u0131l\u0131nda tamamlanan 121,2 metrelik paslanmaz \u00e7elik bir s\u00fctun olan I\u015f\u0131k An\u0131t\u0131 veya Dublin Kulesi yer al\u0131r. Liffey&#039;in \u00fczerinde kemerli bir demir patika olan Ha&#039;penny K\u00f6pr\u00fcs\u00fc, \u015fehrin on dokuzuncu y\u00fczy\u0131l m\u00fchendisli\u011fini temsil eder ve en \u00e7ok foto\u011fraflanan sahneleri aras\u0131nda yer almaya devam eder. Kilise miras\u0131, Christ Church ve St Patrick&#039;s Katedralleri&#039;nde yans\u0131t\u0131l\u0131r; Leinster House, Custom House ve \u00c1ras an Uachtar\u00e1in&#039;deki (Phoenix Park&#039;taki ba\u015fkanl\u0131k konutu) kentsel ihti\u015fam. Molly Malone heykeli, Anna Livia an\u0131t\u0131 ve ikiz Poolbeg Bacalar\u0131 kentsel sil\u00fceti daha da tan\u0131ml\u0131yor.<\/p>\n<p>Ye\u015fil alanlar Dublin&#039;in dokusuna n\u00fcfuz eder. Belediye meclisi yetki alan\u0131 i\u00e7inde 300&#039;den fazla park ve 66 yard\u0131mc\u0131 alan bulunur ve toplamda 1.500 hektardan fazlad\u0131r. 707 hektarl\u0131k muhafazas\u0131 ve geyik s\u00fcr\u00fcs\u00fcyle Phoenix Park, Avrupa&#039;n\u0131n en b\u00fcy\u00fck duvarl\u0131 parklar\u0131 aras\u0131nda yer al\u0131r; Ashtown Kalesi, Dublin Hayvanat Bah\u00e7esi ve ABD B\u00fcy\u00fckel\u00e7ili\u011fi konutunu i\u00e7erir. Grafton Caddesi&#039;ne biti\u015fik olan St Stephen&#039;s Green, Viktorya d\u00f6nemi spa bah\u00e7esinin halka a\u00e7\u0131k bir s\u0131\u011f\u0131na\u011fa d\u00f6n\u00fc\u015ft\u00fcr\u00fclmesi i\u015flevi g\u00f6r\u00fcr. \u0130kinci b\u00fcy\u00fck belediye park\u0131 olan Saint Anne&#039;s Park, Raheny ve Clontarf&#039;taki Guinness aile arazisinin bir par\u00e7as\u0131 olarak ortaya \u00e7\u0131karken, Bull Adas\u0131 ve be\u015f kilometrelik Dollymount Strand k\u0131y\u0131 rekreasyonu sunar. Bu parklar \u015fehrin ya\u015fam kalitesini ve ekolojik dengesini destekler.<\/p>\n<p>Dublin&#039;in Dublin \u015eehri ve Dublin&#039;in eski baronluklar\u0131n\u0131n \u00f6tesine geni\u015flemesi idari yeniden yap\u0131land\u0131rmalar\u0131n habercisiydi. On dokuzuncu ve yirminci y\u00fczy\u0131llar boyunca, il\u00e7e taraf\u0131ndan y\u00f6netilen topraklar kademeli olarak \u015fehir y\u00f6netimine dahil edildi. 1985&#039;te \u015fehir b\u00f6lgesi geni\u015flemeye devam ederken bile baz\u0131 alanlar il\u00e7e denetimine geri d\u00f6nd\u00fc. Bug\u00fcn &#034;B\u00fcy\u00fck Dublin Alan\u0131&#034; terimi, geleneksel Dublin \u015eehri Konseyi alan\u0131n\u0131, \u00fc\u00e7 ard\u0131l idari il\u00e7eyi\u2014D\u00fan Laoghaire\u2013Rathdown, Fingal ve G\u00fcney Dublin\u2014ve biti\u015fik il\u00e7eler Kildare, Meath ve Wicklow&#039;u kapsayarak, 2017&#039;ye kadar \u0130rlanda&#039;n\u0131n finans, B\u0130T ve profesyonel sekt\u00f6r i\u015f g\u00fcc\u00fcn\u00fcn &#039;\u0131 dahil olmak \u00fczere yakla\u015f\u0131k 874.400 ki\u015finin istihdam edildi\u011fi bir ekonomik b\u00f6lge olu\u015fturuyor.<\/p>\n<p>Ulusal ekonomik motor olarak Dublin, Kelt Kaplan\u0131 geni\u015flemesine \u00f6nc\u00fcl\u00fck etti. 2009 y\u0131l\u0131nda sat\u0131n alma g\u00fcc\u00fc \u00f6l\u00e7\u00fctlerine g\u00f6re k\u00fcresel olarak d\u00f6rd\u00fcnc\u00fc, ki\u015fisel gelire g\u00f6re ise onuncu s\u0131rada yer ald\u0131. Mercer anketleri, g\u00f6receli konumu son on y\u0131lda dalgalansa da, onu Avrupa&#039;n\u0131n en maliyetli \u015fehirleri aras\u0131na yerle\u015ftirdi. Teknoloji, finans ve k\u00fclt\u00fcrde dinamik k\u00fcmelenmelerle hizmet sekt\u00f6r\u00fc hakimdir. Perakendecilik merkezde geli\u015fir - Arnotts ve Brown Thomas, Grafton Caddesi&#039;ni demirlerken, Henry Caddesi birden fazla ma\u011fazaya ev sahipli\u011fi yapar - ve Dundrum Town Centre, Blanchardstown Centre, Tallaght&#039;taki The Square ve Clondalkin&#039;deki Liffey Valley gibi banliy\u00f6 merkezlerinde. Geleneksel pazarlar varl\u0131\u011f\u0131n\u0131 s\u00fcrd\u00fcr\u00fcyor: En eski ticaret b\u00f6lgelerinden biri olan Moore Caddesi, \u00e7ift\u00e7i pazarlar\u0131 ve The Liberties&#039;deki toplum odakl\u0131 Dublin Food Co-op ile birlikte varl\u0131\u011f\u0131n\u0131 s\u00fcrd\u00fcr\u00fcyor.<\/p>\n<p>Yo\u011fun bir ula\u015f\u0131m a\u011f\u0131 Dublin&#039;in \u00f6nceli\u011fini yans\u0131t\u0131r. Yollar \u015fehir merkezinden yay\u0131l\u0131r ve ulusal ana rotalar\u0131 birbirine ba\u011flayan yar\u0131-\u00e7evre yolu olan M50 otoyolunda birle\u015fir; West-Link ge\u00e7i\u015fi 2008&#039;de bariyersiz eFlow ge\u00e7i\u015f \u00fccretini benimsedi. 2006&#039;da a\u00e7\u0131lan Dublin Liman T\u00fcneli, a\u011f\u0131r ara\u00e7lar\u0131 liman ve M1 aras\u0131nda y\u00f6nlendirir. Trafik s\u0131k\u0131\u015f\u0131kl\u0131\u011f\u0131 bir sorun olmaya devam ediyor; \u015fehir 2016&#039;da k\u00fcresel olarak en s\u0131k\u0131\u015f\u0131k on be\u015finci s\u0131rada yer ald\u0131. Otob\u00fcs hizmetleri, Dublin Otob\u00fcs ve Go Ahead Ireland alt\u0131nda yakla\u015f\u0131k 200 rota i\u015fletiyor ve Ger\u00e7ek Zamanl\u0131 Yolcu Bilgisi ekranlar\u0131 yolculara rehberlik ediyor. Leap Card, modlar aras\u0131nda \u00fccret \u00f6demesini birle\u015ftiriyor. Kapsaml\u0131 bir a\u011f yeniden tasar\u0131m\u0131 olan BusConnects, omurga rotas\u0131 frekanslar\u0131n\u0131n ve y\u00f6r\u00fcnge ba\u011flant\u0131lar\u0131n\u0131n art\u0131r\u0131lmas\u0131n\u0131 \u00f6neriyor.<\/p>\n<p>Bisiklet kullan\u0131m\u0131 1990&#039;lardan beri istikrarl\u0131 bir \u015fekilde b\u00fcy\u00fcd\u00fc ve 2012&#039;de 200 km&#039;yi a\u015fan yol ve arazi \u015feritleri ve 2018&#039;de iki milyondan fazla yolculuk kaydeden Dublinbikes self-servis program\u0131 ile desteklendi. Uluslararas\u0131 bisiklet dostu endekslerde 2011&#039;de dokuzuncu s\u0131rada yer alan \u015fehrin 2017&#039;de ilk yirminin d\u0131\u015f\u0131na d\u00fc\u015fmesine ra\u011fmen \u015fehir bisiklet altyap\u0131s\u0131na yat\u0131r\u0131m yapmaya devam ediyor. A\u011f\u0131r rayl\u0131 sistem, banliy\u00f6 ve \u015fehirleraras\u0131 hatlara hizmet veren Heuston ve Connolly istasyonlar\u0131na odaklanm\u0131\u015f durumda; elektrikli DART hatt\u0131 otuz bir k\u0131y\u0131 istasyonunda \u00e7al\u0131\u015f\u0131yor. 2004&#039;te a\u00e7\u0131lan ve y\u0131lda 34 milyondan fazla yolcu ta\u015f\u0131yan Luas hafif rayl\u0131 sistem a\u011f\u0131, altm\u0131\u015f yedi durak ve 44,5 km ray uzunlu\u011funa sahip K\u0131rm\u0131z\u0131 ve Ye\u015fil hatlardan olu\u015fuyor; Ye\u015fil Hat uzant\u0131s\u0131 Aral\u0131k 2017&#039;de a\u00e7\u0131ld\u0131. Kuzey taraf\u0131n\u0131, havaliman\u0131n\u0131 ve \u015fehir merkezini birbirine ba\u011flamak i\u00e7in gelecekte bir metro olan Metrolink planlan\u0131yor.<\/p>\n<p>Deniz ba\u011flant\u0131lar\u0131 Dublin Liman\u0131&#039;ndan Holyhead&#039;e hareket eder ve Londra&#039;ya giden demir yolu ba\u011flant\u0131lar\u0131yla birle\u015firken, feribot terminallerine \u015fehir i\u00e7i otob\u00fcs ve Luas ile ula\u015f\u0131labilir. \u0130rlanda&#039;n\u0131n en yo\u011fun ve yolcu hacmi bak\u0131m\u0131ndan AB&#039;de on birinci olan Dublin Havaalan\u0131, \u015fehrin on kilometre kuzeyinde Fingal&#039;de yer al\u0131r. Aer Lingus, CityJet ve Ryanair merkezlerine ev sahipli\u011fi yapar ve Avrupa, Kuzey Amerika ve \u00f6tesine k\u0131sa, orta ve uzun mesafeli hizmetler sunar. Yolcu say\u0131lar\u0131 2010&#039;da 24 milyondan 2019&#039;a kadar yakla\u015f\u0131k 33 milyona \u00e7\u0131karak alt\u0131 y\u0131lda yakla\u015f\u0131k 9,5 milyonluk bir art\u0131\u015fa i\u015faret eder. B\u00f6lgesel havaalanlar\u0131, helikopter operat\u00f6rleri ve ordu yak\u0131nlardaki Weston ve Casement havaalanlar\u0131n\u0131 kullan\u0131r.<\/p>\n<p>\u0130dari olarak, Dublin \u015eehri Dublin 1\u2013Dublin 24 posta b\u00f6lgesini kapsar ve art\u0131k ulusal Eircode sistemine entegre edilmi\u015ftir ve koda g\u00f6re kesin co\u011frafi konumlama sa\u011flar (\u00f6rne\u011fin, Ballsbridge i\u00e7in D04). 2022 n\u00fcfus say\u0131m\u0131nda, \u015fehir ve banliy\u00f6lerdeki sakinlerin ,9&#039;u Dublin do\u011fumlu, ,6&#039;s\u0131 \u0130rlanda d\u0131\u015f\u0131ndan ve ,5&#039;i di\u011fer \u0130rlanda il\u00e7elerindendir. Greater Dublin n\u00fcfusunun yakla\u015f\u0131k yar\u0131s\u0131 yirmi be\u015f ya\u015f\u0131n alt\u0131ndad\u0131r ve canl\u0131 bir k\u00fclt\u00fcrel ya\u015fam\u0131 s\u00fcrd\u00fcrmektedir. Gece ekonomisi Harcourt Street, Camden Street, Wexford Street ve Leeson Street \u00e7evresinde k\u00fcmelenirken, Temple Bar k\u00fclt\u00fcrel b\u00f6lge ve ziyaret\u00e7i partileri i\u00e7in bir m\u0131knat\u0131s olarak ikili kimli\u011fini korur; hem st\u00fcdyolar\u0131 i\u00e7in hayranl\u0131k uyand\u0131r\u0131r hem de a\u015f\u0131r\u0131 fiyatland\u0131rma nedeniyle ele\u015ftiri al\u0131r.<\/p>\n<p>Dublin&#039;in tarihi derinli\u011fi, \u00e7evresel \u00e7e\u015fitlili\u011fi ve altyap\u0131 karma\u015f\u0131kl\u0131\u011f\u0131n\u0131n birle\u015fimi, \u0130rlanda&#039;n\u0131n politik, ekonomik ve k\u00fclt\u00fcrel \u00e7ekirde\u011fi olarak rol\u00fcn\u00fcn temelini olu\u015fturur. Nehirleri ve kanallar\u0131, da\u011flar\u0131 ve parklar\u0131, sokaklar\u0131 ve banliy\u00f6leri, on \u00fc\u00e7 y\u00fczy\u0131l boyunca evrimle\u015fmi\u015f ancak yine de kendine \u00f6zg\u00fc co\u011frafyas\u0131 ve toplumsal ya\u015fam\u0131na ba\u011fl\u0131 kalm\u0131\u015f bir \u015fehir manzaras\u0131 \u00f6rer.<\/p>","protected":false},"excerpt":{"rendered":"<p>\u0130rlanda&#039;n\u0131n ba\u015fkenti Dublin, Leinster eyaletindeki Liffey Nehri&#039;nin a\u011fz\u0131ndaki bir koyda yer alan dinamik bir \u015fehirdir. 2022 n\u00fcfus say\u0131m\u0131na g\u00f6re, \u015fehir meclisi alan\u0131 592.713 n\u00fcfusa sahipken, banliy\u00f6leriyle birlikte Dublin \u015eehri 1.263.219 n\u00fcfusa sahipti. Daha geni\u015f County Dublin b\u00f6lgesi 1.501.500 n\u00fcfusa sahipti ve Dublin&#039;i \u0130rlanda adas\u0131n\u0131n en b\u00fcy\u00fck \u015fehri haline getirdi. Bu canl\u0131 metropol, g\u00fcneyde do\u011fal Wicklow Da\u011flar\u0131&#039;n\u0131n bir par\u00e7as\u0131 olan Dublin Da\u011flar\u0131 ile \u00e7evrilidir.<\/p>","protected":false},"author":1,"featured_media":4653,"parent":11622,"menu_order":0,"comment_status":"closed","ping_status":"closed","template":"elementor_theme","meta":{"_eb_attr":"","footnotes":""},"class_list":["post-11647","page","type-page","status-publish","has-post-thumbnail"],"_links":{"self":[{"href":"https:\/\/travelshelper.com\/tr\/wp-json\/wp\/v2\/pages\/11647","targetHints":{"allow":["GET"]}}],"collection":[{"href":"https:\/\/travelshelper.com\/tr\/wp-json\/wp\/v2\/pages"}],"about":[{"href":"https:\/\/travelshelper.com\/tr\/wp-json\/wp\/v2\/types\/page"}],"author":[{"embeddable":true,"href":"https:\/\/travelshelper.com\/tr\/wp-json\/wp\/v2\/users\/1"}],"replies":[{"embeddable":true,"href":"https:\/\/travelshelper.com\/tr\/wp-json\/wp\/v2\/comments?post=11647"}],"version-history":[{"count":0,"href":"https:\/\/travelshelper.com\/tr\/wp-json\/wp\/v2\/pages\/11647\/revisions"}],"up":[{"embeddable":true,"href":"https:\/\/travelshelper.com\/tr\/wp-json\/wp\/v2\/pages\/11622"}],"wp:featuredmedia":[{"embeddable":true,"href":"https:\/\/travelshelper.com\/tr\/wp-json\/wp\/v2\/media\/4653"}],"wp:attachment":[{"href":"https:\/\/travelshelper.com\/tr\/wp-json\/wp\/v2\/media?parent=11647"}],"curies":[{"name":"wp","href":"https:\/\/api.w.org\/{rel}","templated":true}]}}