{"id":11638,"date":"2024-09-13T14:54:10","date_gmt":"2024-09-13T14:54:10","guid":{"rendered":"https:\/\/travelshelper.com\/staging\/?page_id=11638"},"modified":"2026-03-12T16:13:50","modified_gmt":"2026-03-12T16:13:50","slug":"galway","status":"publish","type":"page","link":"https:\/\/travelshelper.com\/tr\/destinations\/europe\/ireland\/galway\/","title":{"rendered":"Galway"},"content":{"rendered":"<p>Galway, \u0130rlanda&#039;n\u0131n bat\u0131 k\u0131y\u0131s\u0131nda, Corrib Nehri&#039;nin Lough Corrib ve Galway K\u00f6rfezi aras\u0131nda akt\u0131\u011f\u0131 57,3 kilometrekarelik kompakt bir \u015fehirdir. 2022 n\u00fcfusu 85.910 olan \u015fehir, Connacht&#039;\u0131n ba\u015fl\u0131ca kentsel merkezi ve \u0130rlanda Cumhuriyeti&#039;nin d\u00f6rd\u00fcnc\u00fc b\u00fcy\u00fck \u015fehridir. K\u00f6kenleri, Y\u00fcksek Kral Tairrdelbach Ua Conchobair taraf\u0131ndan 1124&#039;te in\u015fa edilen bir tahkimata dayan\u0131r ve tarihi sokaklar\u0131 hala orta\u00e7a\u011f duvarlar\u0131n\u0131n, t\u00fcccar loncalar\u0131n\u0131n ve deniz ticaretinin izlerini ta\u015f\u0131maktad\u0131r.<\/p>\n<p>Galway&#039;in ilk b\u00f6l\u00fcm\u00fc, filosu Atlantik k\u0131y\u0131s\u0131n\u0131 devriye gezen Tairrdelbach Ua Conchobair&#039;in emriyle 1124&#039;te tamamlanan &#034;Gaillimh&#039;in a\u011fz\u0131ndaki kale&#034; olan D\u00fan Gaillimhe etraf\u0131nda geli\u015fti. Bir as\u0131rdan biraz fazla bir s\u00fcre i\u00e7inde, Richard Mor de Burgh komutas\u0131ndaki Norman kuvvetleri, 1230&#039;larda Connacht&#039;\u0131 fethetmeleri s\u0131ras\u0131nda karakolu ele ge\u00e7irdi. Ancak kale ve \u00e7evresindeki yerle\u015fim yeri Normanlar\u0131n elinde kesin olarak kalmad\u0131; de Burgh lordlar\u0131 yava\u015f yava\u015f \u0130rlanda geleneklerini benimsedi ve Orta \u00c7a\u011f&#039;\u0131n sonlar\u0131na do\u011fru \u015fehir, Galway Kabileleri olarak bilinen on d\u00f6rt t\u00fcccar ailesinden olu\u015fan bir oligar\u015fi taraf\u0131ndan \u015fekillendirildi. Aral\u0131k 1484&#039;te, bir kraliyet ferman\u0131 surlarla \u00e7evrili kasaban\u0131n vatanda\u015flar\u0131na belediye ba\u015fkanl\u0131\u011f\u0131 stat\u00fcs\u00fc vererek, \u0130spanya ve Fransa ile ticaretle geli\u015fen bir liman\u0131n y\u00f6netimini resmile\u015ftirdi.<\/p>\n<p>On be\u015finci ve on alt\u0131nc\u0131 y\u00fczy\u0131llar boyunca, orta\u00e7a\u011f Galway&#039;i y\u00fcn, \u015farap, tuz ve bal\u0131k ticaretiyle Atlantik \u00f6tesi ticarette geli\u015fti. William Martin&#039;in 1519-20 belediye ba\u015fkanl\u0131\u011f\u0131 d\u00f6neminde in\u015fa edilen \u0130spanyol Kemeri veya ceann an bhalla, bir zamanlar \u00e7evreleyen duvarlar\u0131n yaln\u0131z bir hat\u0131rlat\u0131c\u0131s\u0131 olarak kalmaya devam ediyor. \u015eehrin t\u00fcccar elitleri\u2014on iki Norman k\u00f6kenli ve iki Gal k\u00f6kenli\u2014Gal i\u00e7 b\u00f6lgeleriyle ihtiyatl\u0131 ili\u015fkiler s\u00fcrd\u00fcrd\u00fc, hatta bat\u0131 kap\u0131s\u0131na &#034;vah\u015fi O&#039;Flaherty&#039;lerden&#034; korunmak i\u00e7in yalvaran bir uyar\u0131 bile diktiler. D\u00f6nemin d\u0131\u015flay\u0131c\u0131 bir t\u00fcz\u00fc\u011f\u00fc, herhangi bir O&#039; veya Mac&#039;in lisanss\u0131z bir \u015fekilde Galway sokaklar\u0131nda dola\u015fmas\u0131n\u0131 yasakl\u0131yordu. Bu t\u00fcr b\u00f6l\u00fcnmelere ra\u011fmen, kozmopolit liman, Kristof Kolomb&#039;un Imago Mundi&#039;sinin kenarlar\u0131na tan\u0131kl\u0131k etti; burada ak\u0131nt\u0131larla k\u0131y\u0131ya vuran \u0130nuitlere hayran kald\u0131\u2014bu kar\u015f\u0131la\u015fma, Galway&#039;in ortaya \u00e7\u0131kan k\u00fcresel deniz manzaras\u0131ndaki rol\u00fcne tan\u0131kl\u0131k etti.<\/p>\n<p>On yedinci y\u00fczy\u0131l \u00e7alkant\u0131l\u0131 ba\u011fl\u0131l\u0131klar getirdi. Galway, Gael canlanmas\u0131 s\u0131ras\u0131nda ba\u015flang\u0131\u00e7ta \u0130ngiliz Tac\u0131&#039;na sad\u0131k kald\u0131, ancak 1642&#039;de \u00dc\u00e7 Krall\u0131k Sava\u015flar\u0131&#039;nda Kilkenny Katolik Konfederasyonu ile ittifak kurdu. Dokuz ay s\u00fcren uzun bir ku\u015fatmadan sonra, Cromwell&#039;in kuvvetleri 1652&#039;de \u015fehri ele ge\u00e7irdi. 1690&#039;lardaki Williamite Sava\u015f\u0131 s\u0131ras\u0131nda Jakobenlerle daha sonraki bir ba\u011flant\u0131, Aughrim&#039;in ard\u0131ndan bir\u00e7ok Kabileyi m\u00fclks\u00fczle\u015ftirerek h\u0131zla yenilgiyle sona erdi. Bundan sonra Galway, Protestan Y\u00fckseli\u015fi alt\u0131ndaki m\u00fctevaz\u0131 canlanman\u0131n ticari rutinden biraz daha fazlas\u0131n\u0131 getirdi\u011fi on sekizinci y\u00fczy\u0131la kadar zay\u0131flad\u0131. 1845-52 B\u00fcy\u00fck K\u0131tl\u0131\u011f\u0131, n\u00fcfus azald\u0131k\u00e7a ve eski ticaret a\u011flar\u0131 sekteye u\u011frad\u0131k\u00e7a daha fazla zorluk getirdi.<\/p>\n<p>On dokuzuncu y\u00fczy\u0131lda demiryollar\u0131 Galway&#039;in servetine yeni bir hayat verdi. Midland Great Western Railway&#039;in 1851&#039;de geli\u015fi \u015fehri do\u011frudan Dublin&#039;e ba\u011flad\u0131 ve Athenry&#039;deki kav\u015faklar Ennis, Limerick ve Sligo&#039;ya hatlar a\u00e7t\u0131. Clifden ve \u00f6tesine giden yan hatlar yirminci y\u00fczy\u0131l\u0131n ortalar\u0131nda kapansa da, Western Rail Koridoru&#039;ndaki canland\u0131r\u0131lm\u0131\u015f hizmetler art\u0131k bat\u0131ya do\u011fru ba\u011flant\u0131lar\u0131 yeniden kuruyor, her bir y\u00f6r\u00fcnge Connacht&#039;\u0131n k\u0131rsal hinterland\u0131n\u0131n konturlar\u0131n\u0131 izliyor. Karayolu a\u011flar\u0131 da ayn\u0131 \u015fekilde geli\u015fti: M6 ve M17 otoyollar\u0131 art\u0131k Galway&#039;in etraf\u0131nda birle\u015fiyor, M18 ve N63 ise onu s\u0131ras\u0131yla Limerick, Cork ve Kuzeybat\u0131&#039;ya ba\u011fl\u0131yor. D\u0131\u015f \u00e7evre yolu ve \u00e7evre yolu planlar\u0131 hala meyvesini bekliyor.<\/p>\n<p>Galway, Kuzey Atlantik Ak\u0131nt\u0131s\u0131 ve K\u00f6rfez Ak\u0131nt\u0131s\u0131 taraf\u0131ndan yast\u0131klanm\u0131\u015f, enleminde d\u00fcnyan\u0131n en \u0131l\u0131man iklimlerinden birinde yer al\u0131r. S\u0131cakl\u0131klar nadiren donma noktas\u0131n\u0131n alt\u0131na veya otuz santigrat derecenin \u00fczerine \u00e7\u0131kar; rekor y\u00fcksek 31,7 \u00b0C (Temmuz 1921) ve rekor d\u00fc\u015f\u00fck -11,7 \u00b0C&#039;dir (Ocak 1945). Y\u0131ll\u0131k ya\u011f\u0131\u015f ortalamas\u0131 1.156 mm&#039;dir ve mevsimlere e\u015fit olarak da\u011f\u0131lm\u0131\u015ft\u0131r, ancak \u015fiddetli Atlantik \u00e7\u00f6k\u00fcnt\u00fcleri sonbahar sonu ile ilkbahar ba\u015f\u0131 aras\u0131nda \u015fiddetli r\u00fczgar f\u0131rt\u0131nalar\u0131na neden olabilir. Yaz g\u00fcnleri g\u00fcnd\u00f6n\u00fcm\u00fcnde 05:07&#039;deki g\u00fcn do\u011fumundan 22:07&#039;deki g\u00fcn bat\u0131m\u0131na kadar uzan\u0131rken, k\u0131\u015f ortas\u0131 \u0131\u015f\u0131\u011f\u0131 08:49&#039;dan 16:19&#039;a kadar s\u00fcrer.<\/p>\n<p>Yirminci y\u00fczy\u0131l k\u00fclt\u00fcrel canlanma ve demografik dinamizm getirdi. 2006 n\u00fcfus say\u0131m\u0131na g\u00f6re, Galway sakinlerinin yakla\u015f\u0131k &#039;i \u0130rlandal\u0131yd\u0131; 2000&#039;li y\u0131llardaki ak\u0131n, esas olarak Polonya, Letonya ve Litvanya&#039;dan ve Afrika ve Asya&#039;dan gelen daha k\u00fc\u00e7\u00fck topluluklardan gelen \u0130rlandal\u0131 olmayanlar\u0131n oran\u0131n\u0131 2018&#039;e kadar yakla\u015f\u0131k &#039;ye \u00e7\u0131kard\u0131. 2022 n\u00fcfus say\u0131m\u0131nda, ,3&#039;\u00fc beyaz \u0130rlandal\u0131, ,98&#039;i di\u011fer beyaz, %4,7&#039;si Asyal\u0131\/Asyal\u0131 \u0130rlandal\u0131, %2,8&#039;i siyah\/siyah \u0130rlandal\u0131 ve %2,7&#039;si di\u011fer etnik k\u00f6kenlerden olarak tan\u0131mlan\u0131rken, ,3&#039;\u00fc kay\u0131t d\u0131\u015f\u0131 olarak kaydedildi. \u015eehrin 17.245 ailesinin ortalama 1,10 \u00e7ocu\u011fu var ki bu ulusal normun alt\u0131nda ve \u00fcniversite ve teknoloji sekt\u00f6rleri Galway&#039;in gen\u00e7, kozmopolit bir merkez olarak \u00fcn\u00fcn\u00fc peki\u015ftirdi.<\/p>\n<p>Orta\u00e7a\u011f \u00e7ekirde\u011finde Eyre Meydan\u0131, John F. Kennedy Park&#039;\u0131n kar\u015f\u0131s\u0131ndaki bu ye\u015fil alan\u0131 yaratan ba\u011f\u0131\u015f\u0131yla 19. y\u00fczy\u0131l belediye ba\u015fkan\u0131n\u0131n ad\u0131n\u0131 ta\u015f\u0131yan gayriresmi bir isim olan belediye merkezi olarak ortaya \u00e7\u0131kar. Buradan, William Caddesi bat\u0131ya do\u011fru uzan\u0131r ve Shop, High ve Quay Caddelerine d\u00f6n\u00fc\u015f\u00fcr; hepsi Lynch&#039;s Castle&#039;\u0131n, \u015fu anda bir bankaya ev sahipli\u011fi yapan 15. y\u00fczy\u0131la ait bir \u015fehir evinin ve 1320&#039;de kurulan ve hala d\u00fczenli olarak kullan\u0131lan St. Nicholas Collegiate Kilisesi&#039;nin yan\u0131ndan yaya y\u00fcr\u00fcy\u00fc\u015fleri i\u00e7in i\u015faretlenmi\u015ftir. K\u0131sa bir sapma, Galway&#039;in sadakat sembol\u00fc haline gelen kenetlenmi\u015f eller, kalp ve ta\u00e7 tasar\u0131m\u0131n\u0131 anan Shop Caddesi&#039;ndeki Claddagh Ring m\u00fczesini ortaya \u00e7\u0131kar\u0131r.<\/p>\n<p>Eski duvarlar\u0131n \u00f6tesinde Galway&#039;in modern panoramas\u0131 uzan\u0131yor. De Burgo belediye binas\u0131n\u0131n bir par\u00e7as\u0131 olan Red Earl Salonu, Civic Trust&#039;\u0131n rehberli y\u00fcr\u00fcy\u00fc\u015fler sundu\u011fu Druid Lane&#039;i koruyor. \u0130spanyol Kemeri mahalleleri, galerileri arkeoloji, denizcilik miras\u0131 ve sanatsal \u00e7abalar\u0131 g\u00f6steren Galway \u015eehir M\u00fczesi. Birka\u00e7 kap\u0131 a\u015fa\u011f\u0131da, Nora Barnacle&#039;\u0131n James Joyce ile kader ba\u011f\u0131n\u0131 kurmadan \u00f6nce kad\u0131nl\u0131\u011fa ad\u0131m att\u0131\u011f\u0131 ev duruyor. G\u00fcneyde, 1965&#039;te eski bir hapishanenin yerinde kutsanan Our Lady Assumed into Heaven ve Saint Nicholas Katedrali, R\u00f6nesans kubbesi ve yenilenmi\u015f bir orgun resitalleriyle Gaol Yolu&#039;na bak\u0131yor.<\/p>\n<p>Corrib boyunca d\u00f6rt k\u00f6pr\u00fc\u2014Quincentennial, Salmon Weir, William O&#039;Brien ve Wolfe Tone\u2014nehrin k\u00f6rfeze do\u011fru h\u0131zla ini\u015fini kaplar. On dokuzuncu y\u00fczy\u0131ldan kalma Eglinton Kanal\u0131, baz\u0131lar\u0131 Galway \u00dcniversitesi taraf\u0131ndan hidroelektrik \u00fcretimi i\u00e7in yeniden kullan\u0131lan de\u011firmenlere g\u00fc\u00e7 sa\u011flamak i\u00e7in ak\u0131nt\u0131lar\u0131 \u00e7evreler. Yukar\u0131 ak\u0131\u015fta, somonlar yaz ba\u015f\u0131nda nehre \u00e7\u0131kar; a\u015fa\u011f\u0131 ak\u0131\u015fta, 10.000 tona kadar y\u00fck ta\u015f\u0131yan gemiler, \u0130rlanda&#039;n\u0131n bat\u0131 k\u0131y\u0131s\u0131ndaki en merkezi limana yana\u015f\u0131r. Feribotlar, D\u00fan Aonghasa kal\u0131nt\u0131lar\u0131n\u0131n kayal\u0131k burunlar\u0131 ta\u00e7land\u0131rd\u0131\u011f\u0131 Aran Adalar\u0131&#039;na hareket eder.<\/p>\n<p>Rekreasyonel gezinti yollar\u0131 Claddagh&#039;\u0131n \u00f6tesindeki k\u0131y\u0131 \u015feridini takip eder. Bir zamanlar iki seviyeli bir dal\u0131\u015f platformunda sonlanan Salthill Gezinti Yolu, Silverstrand&#039;a do\u011fru uzan\u0131r, ancak uzatma planlar\u0131 hen\u00fcz finanse edilmemi\u015ftir. Seapoint boyunca, k\u00f6pekbal\u0131klar\u0131 da dahil olmak \u00fczere yerli deniz t\u00fcrlerinin yenge\u00e7ler ve Atlantik k\u0131ta sahanl\u0131\u011f\u0131n\u0131n di\u011fer canl\u0131lar\u0131yla birlikte sergilendi\u011fi ulusal akvaryum yer al\u0131r. Claddagh&#039;dan bir ge\u00e7it yolu, deniz feneri d\u00fc\u011f\u00fcn portreleri i\u00e7in bir fon olan Mutton Adas\u0131&#039;na ve gizlice \u015fehrin kanalizasyon tesisine \u00e7\u0131kar.<\/p>\n<p>Galway&#039;in k\u00fclt\u00fcrel yank\u0131s\u0131, kompakt ayak izini a\u015f\u0131yor. 2018&#039;de Avrupa Gastronomi B\u00f6lgesi olarak adland\u0131r\u0131lmas\u0131ndan ve 2020&#039;de Avrupa K\u00fclt\u00fcr Ba\u015fkenti&#039;ne ev sahipli\u011fi yapmas\u0131ndan bu yana \u015fehir, \u0130rlanda&#039;n\u0131n K\u00fclt\u00fcr Kalbi rol\u00fcn\u00fc do\u011frulad\u0131. UNESCO Film \u015eehri unvan\u0131na, y\u0131ll\u0131k Galway Uluslararas\u0131 Sanat Festivali&#039;ne, her Kas\u0131m ay\u0131nda Tulca G\u00f6rsel Sanatlar Festivali&#039;ne ve bir dizi dans toplulu\u011fu, film ve \u0130rlanda dili organizasyonuna, m\u00fczik topluluklar\u0131na, tiyatro \u015firketlerine ve g\u00f6rsel sanat gruplar\u0131na ev sahipli\u011fi yap\u0131yor. Konser salonlar\u0131ndan galerilere kadar elliden fazla \u00f6zel mekan, yarat\u0131c\u0131l\u0131\u011fa olan ba\u011fl\u0131l\u0131\u011f\u0131n\u0131 vurguluyor.<\/p>\n<p>Turizmin \u00f6tesindeki ekonomik ya\u015fam profesyonel hizmetler, \u00fcretim ve y\u00fcksek teknolojiye dayanmaktad\u0131r. \u0130\u015fg\u00fcc\u00fcn\u00fcn neredeyse yar\u0131s\u0131 ticaret ve profesyonel sekt\u00f6rlerde, &#039;si ise Boston Scientific, Medtronic, EA Games, Cisco ve SAP gibi \u015firketlerin ofislerinin bulundu\u011fu t\u0131bbi cihazlar, elektronik ve yaz\u0131l\u0131mlar olmak \u00fczere \u00fcretim sekt\u00f6r\u00fcnde \u00e7al\u0131\u015fmaktad\u0131r. Oyuncak perakendecisi Smyths&#039;in de merkez ofisi Galway&#039;dedir. 2000 y\u0131l\u0131nda \u015fehir 2,1 milyondan fazla ziyaret\u00e7iyi a\u011f\u0131rlayarak 400 milyon avronun \u00fczerinde gelir elde etti; bu da sokaklar\u0131n\u0131n ve festivallerinin kal\u0131c\u0131 cazibesinin bir kan\u0131t\u0131d\u0131r.<\/p>\n<p>Galway&#039;in katmanl\u0131 tarihi, kraliyet kalesinden Norman kalesine, t\u00fcccar cumhuriyetinden modern \u00fcniversite \u015fehrine kadar ta\u015f ve hikayede yank\u0131lan\u0131r. Il\u0131man iklimi, deniz ortam\u0131 ve g\u00fcnd\u00f6n\u00fcm\u00fc \u0131\u015f\u0131\u011f\u0131 her soka\u011f\u0131 de\u011fi\u015fken bir \u0131\u015f\u0131lt\u0131yla kaplar. St. Nicholas&#039;\u0131n vitray penceresinin her bir \u00e7inisinde, r\u0131ht\u0131m\u0131 yalayan her dalgada ve Latin Mahallesi&#039;ndeki bir sokak m\u00fczisyeninin her notas\u0131nda, Galway zaman\u0131n yava\u015f ge\u00e7i\u015fini hem sayg\u0131yla hem de canl\u0131l\u0131kla g\u00f6zlemlemeye devam eder. Burada, ge\u00e7mi\u015f asla g\u00f6r\u00fc\u015f alan\u0131ndan uzakta de\u011fildir, ancak \u015fehir bir sonraki b\u00f6l\u00fcm\u00fcne do\u011fru ama\u00e7l\u0131 bir ad\u0131mla ilerler.<\/p>","protected":false},"excerpt":{"rendered":"<p>\u0130rlanda&#039;n\u0131n bat\u0131 k\u0131y\u0131s\u0131nda bulunan dinamik bir \u015fehir olan Galway, Connacht eyaletinin en kalabal\u0131k kentsel alan\u0131d\u0131r. Corrib Nehri ile Galway K\u00f6rfezi&#039;nin birle\u015fti\u011fi noktada bulunan bu kentsel merkez, 2022 n\u00fcfus say\u0131m\u0131na g\u00f6re 85.910 ki\u015filik bir n\u00fcfusa sahiptir ve bu da onu \u0130rlanda&#039;n\u0131n be\u015finci, \u0130rlanda Cumhuriyeti&#039;nin ise d\u00f6rd\u00fcnc\u00fc en kalabal\u0131k \u015fehri yapmaktad\u0131r. \u015eehrin Lough Corrib ile Galway K\u00f6rfezi aras\u0131nda bulunan ay\u0131rt edici konumu, y\u00fczy\u0131llar boyunca tarihini, k\u00fclt\u00fcr\u00fcn\u00fc ve ekonomik b\u00fcy\u00fcmesini \u00f6nemli \u00f6l\u00e7\u00fcde etkilemi\u015ftir.<\/p>","protected":false},"author":1,"featured_media":3310,"parent":11622,"menu_order":0,"comment_status":"closed","ping_status":"closed","template":"elementor_theme","meta":{"_eb_attr":"","footnotes":""},"class_list":["post-11638","page","type-page","status-publish","has-post-thumbnail"],"_links":{"self":[{"href":"https:\/\/travelshelper.com\/tr\/wp-json\/wp\/v2\/pages\/11638","targetHints":{"allow":["GET"]}}],"collection":[{"href":"https:\/\/travelshelper.com\/tr\/wp-json\/wp\/v2\/pages"}],"about":[{"href":"https:\/\/travelshelper.com\/tr\/wp-json\/wp\/v2\/types\/page"}],"author":[{"embeddable":true,"href":"https:\/\/travelshelper.com\/tr\/wp-json\/wp\/v2\/users\/1"}],"replies":[{"embeddable":true,"href":"https:\/\/travelshelper.com\/tr\/wp-json\/wp\/v2\/comments?post=11638"}],"version-history":[{"count":0,"href":"https:\/\/travelshelper.com\/tr\/wp-json\/wp\/v2\/pages\/11638\/revisions"}],"up":[{"embeddable":true,"href":"https:\/\/travelshelper.com\/tr\/wp-json\/wp\/v2\/pages\/11622"}],"wp:featuredmedia":[{"embeddable":true,"href":"https:\/\/travelshelper.com\/tr\/wp-json\/wp\/v2\/media\/3310"}],"wp:attachment":[{"href":"https:\/\/travelshelper.com\/tr\/wp-json\/wp\/v2\/media?parent=11638"}],"curies":[{"name":"wp","href":"https:\/\/api.w.org\/{rel}","templated":true}]}}