{"id":11584,"date":"2024-09-13T13:53:18","date_gmt":"2024-09-13T13:53:18","guid":{"rendered":"https:\/\/travelshelper.com\/staging\/?page_id=11584"},"modified":"2026-03-12T17:16:53","modified_gmt":"2026-03-12T17:16:53","slug":"letonya","status":"publish","type":"page","link":"https:\/\/travelshelper.com\/tr\/destinations\/europe\/latvia\/","title":{"rendered":"Latvia"},"content":{"rendered":"<p>Letonya, resmen Letonya Cumhuriyeti, Balt\u0131k Denizi&#039;nin do\u011fu k\u0131y\u0131s\u0131nda 64.589 kilometrekarelik bir alan\u0131 kaplar ve yakla\u015f\u0131k 1,9 milyonluk bir n\u00fcfusa sahiptir. 55\u00b0 ve 58\u00b0 kuzey enlemleri ile 21\u00b0 ila 29\u00b0 do\u011fu boylamlar\u0131 aras\u0131nda yer alan \u00fclke, kuzeyde Estonya, g\u00fcneyde Litvanya, do\u011fuda Rusya ve g\u00fcneydo\u011fuda Belarus ile kara s\u0131n\u0131rlar\u0131n\u0131 payla\u015f\u0131r ve Balt\u0131k boyunca \u0130sve\u00e7&#039;e do\u011fru bir deniz s\u0131n\u0131r\u0131 \u00e7izer. Ormanlar, nehirler ve ovalar\u0131n bu \u0131l\u0131man diyar\u0131, Kuzey Avrupa&#039;n\u0131n en az de\u011fer verilen uluslar\u0131ndan biri olmaya devam etmektedir.<\/p>\n<p>Letonya&#039;n\u0131n arazi konturlar\u0131, Gaizi\u0146kalns&#039;\u0131n 311,6 metrelik m\u00fctevaz\u0131 y\u00fckseli\u015fi d\u0131\u015f\u0131nda, deniz seviyesinden nadiren 100 metreyi a\u015far. Arazi, 62.157 km\u00b2 sa\u011flam zemin, 18.159 km\u00b2 ekili alan ve 34.964 km\u00b2 ormanlarla kapl\u0131d\u0131r. \u0130\u00e7 sular, 80,7 km\u00b2 ile en b\u00fcy\u00fck g\u00f6l olan Lub\u0101ns ve y\u00fczeyinin 65,1 metre alt\u0131na kadar uzanan Dr\u012bdzis dahil olmak \u00fczere 2.402 km\u00b2&#039;yi kaplar. S\u0131n\u0131rlar\u0131 i\u00e7inde 452 kilometre ile Letonya&#039;n\u0131n en uzun su yolu olan Gauja Nehri, kumta\u015f\u0131 ge\u00e7itlerinden ve kar\u0131\u015f\u0131k ormanlardan ge\u00e7er. Toplam uzunlu\u011fu 1.005 kilometre olmas\u0131na ra\u011fmen Daugava, Letonya&#039;ya ak\u0131\u015f\u0131n\u0131n 352 kilometresini verir. K\u0131vr\u0131ml\u0131 k\u0131y\u0131lar\u0131 uzun zamand\u0131r tar\u0131msal vadileri ve ormanl\u0131k rezervleri desteklemi\u015ftir.<\/p>\n<p>\u0130klimsel olarak Letonya nemli k\u0131tasal ve deniz s\u0131n\u0131fland\u0131rmalar\u0131n\u0131n e\u015fi\u011finde dengededir. K\u0131y\u0131 kesimleri, \u00f6zellikle Kurland Yar\u0131madas\u0131, \u0131l\u0131ml\u0131 k\u0131\u015flar ve k\u0131s\u0131tl\u0131 yaz s\u0131cakl\u0131klar\u0131 ya\u015far; i\u00e7 kesimler daha fazla k\u0131tasall\u0131kla kar\u015f\u0131la\u015f\u0131r, k\u0131\u015f d\u00fc\u015f\u00fckleri \u015fiddetli patlamalarda -30 \u00b0C&#039;ye d\u00fc\u015fer ve yaz zirveleri 35 \u00b0C&#039;ye yakla\u015f\u0131r. Aral\u0131k ortas\u0131ndan Mart ortas\u0131na kadar s\u00fcren k\u0131\u015f bask\u0131s\u0131, ortalama s\u0131cakl\u0131klar\u0131n -6 \u00b0C civar\u0131nda olmas\u0131n\u0131, sabit kar \u00f6rt\u00fcs\u00fcn\u00fc ve k\u0131sa g\u00fcn \u0131\u015f\u0131\u011f\u0131n\u0131 beraberinde getirir. Haziran&#039;dan A\u011fustos&#039;a kadar olan yaz, 19 \u00b0C&#039;ye yak\u0131n ortalama y\u00fcksekler, \u0131l\u0131ml\u0131 geceler ve aral\u0131kl\u0131 s\u0131cak hava dalgalar\u0131 getirir. Her biri yakla\u015f\u0131k olarak e\u015fit s\u00fcreli olan ilkbahar ve sonbahar, ormanlar\u0131 renklerle alev alev veya soluk grilerle susturan \u0131l\u0131man aral\u0131klar sunar.<\/p>\n<p>Modern Letonya&#039;daki insan yerle\u015fimi, y\u00fczy\u0131llard\u0131r de\u011fi\u015fen egemenli\u011fi yans\u0131t\u0131r. G\u00fcn\u00fcm\u00fcz Letonyal\u0131lar\u0131n\u0131n atalar\u0131 olan yerli Baltlar, MS 1. biny\u0131l\u0131n sonlar\u0131nda kabile topluluklar\u0131 halinde birle\u015ftiler. On \u00fc\u00e7\u00fcnc\u00fc y\u00fczy\u0131ldan itibaren, b\u00f6lgeler, Polonya-Litvanya etkisi ile \u0130sve\u00e7 y\u00f6netimi aras\u0131nda gidip gelmeden \u00f6nce, Livonya D\u00fczeni&#039;nin (T\u00f6ton \u015e\u00f6valyeleri&#039;nin bir kolu) etkisi alt\u0131na girdi. Rus egemenli\u011fi, on sekizinci y\u00fczy\u0131l\u0131n ba\u015flar\u0131nda B\u00fcy\u00fck Kuzey Sava\u015f\u0131&#039;n\u0131 takip etti ve I. D\u00fcnya Sava\u015f\u0131&#039;n\u0131n karga\u015fas\u0131na kadar devam etti.<\/p>\n<p>18 Kas\u0131m 1918&#039;de, emperyal \u00e7\u00f6k\u00fc\u015f\u00fcn ard\u0131ndan Letonya, Alman i\u015fgalcilerden ba\u011f\u0131ms\u0131zl\u0131\u011f\u0131n\u0131 ilan etti. Bu yeni cumhuriyet, K\u0101rlis Ulmanis&#039;in otoriter rejimini kuran 1934 darbesine katland\u0131. II. D\u00fcnya Sava\u015f\u0131, Sovyet ilhak\u0131n\u0131n 1940&#039;ta Nazi i\u015fgaliyle birle\u015fmesi ve K\u0131z\u0131l Ordu&#039;nun 1944&#039;te kontrol\u00fc yeniden ele ge\u00e7irmesiyle fiili egemenli\u011fi ortadan kald\u0131rd\u0131. Letonya SSC olarak ge\u00e7irdi\u011fi sonraki k\u0131rk be\u015f y\u0131l boyunca, Sovyet politikas\u0131 alt\u0131ndaki demografik de\u011fi\u015fimler etnik Ruslar\u0131 n\u00fcfusun neredeyse d\u00f6rtte birine y\u00fckseltti.<\/p>\n<p>1987&#039;deki \u015eark\u0131 S\u00f6yleyen Devrim\u2014Balt\u0131k&#039;\u0131n daha geni\u015f kendi kaderini tayin etme aray\u0131\u015f\u0131n\u0131n bir par\u00e7as\u0131\u201421 A\u011fustos 1991&#039;de yeniden ba\u011f\u0131ms\u0131zl\u0131\u011fa kavu\u015fmas\u0131yla sonu\u00e7land\u0131. O zamandan beri Letonya \u00fcniter parlamenter demokrasiyi korudu ve Avrupa-Atlantik yap\u0131lar\u0131na entegre oldu: 2004&#039;te Avrupa Birli\u011fi ve NATO, 2014&#039;te Avro B\u00f6lgesi. \u0130nsani geli\u015fim endeksi onu y\u00fcksek gelirli, geli\u015fmi\u015f ekonomiler aras\u0131nda s\u0131ral\u0131yor.<\/p>\n<p>Letonya ekonomisi yirmi birinci y\u00fczy\u0131l\u0131n ba\u015flar\u0131nda dramatik dalgalanmalar ya\u015fad\u0131. 2000&#039;den bu yana s\u00fcren g\u00fc\u00e7l\u00fc b\u00fcy\u00fcme, t\u00fcketim odakl\u0131 bir balon ve bankac\u0131l\u0131k krizi ortas\u0131nda 2009&#039;un ba\u015flar\u0131nda &#039;lik bir daralmaya yol a\u00e7t\u0131. Ula\u015ft\u0131rma, lojistik ve hizmetlere y\u00f6nelik \u00e7e\u015fitlendirmeyle desteklenen toparlanma ya\u015fand\u0131. \u00dclkenin d\u00f6rt ana liman\u0131 olan Riga, Ventspils, Liep\u0101ja ve Skulte, d\u00f6kme y\u00fck, ham petrol ve rafine \u00fcr\u00fcnleri i\u015fleyerek Rusya, Belarus ve Orta Asya&#039;y\u0131 Bat\u0131 Avrupa&#039;ya ba\u011fl\u0131yor. Balt\u0131k \u00fclkelerinin en yo\u011fun havaliman\u0131 olan Riga Uluslararas\u0131 Havaliman\u0131, 2019&#039;da 7,8 milyon yolcuya hizmet verirken, airBaltic yakla\u015f\u0131k seksen var\u0131\u015f noktas\u0131nda d\u00fc\u015f\u00fck maliyetli bir a\u011f s\u00fcrd\u00fcr\u00fcyor. Demiryolu altyap\u0131s\u0131, 251 km&#039;si elektrikli olmak \u00fczere 1.826 km Rus \u00f6l\u00e7\u00fcl\u00fc raydan olu\u015fuyor; 2026&#039;da yap\u0131lmas\u0131 planlanan yakla\u015fan Rail Baltica standart \u00f6l\u00e7\u00fcl\u00fc ba\u011flant\u0131, Helsinki&#039;den Tallinn ve Riga \u00fczerinden Var\u015fova&#039;ya do\u011frudan ba\u011flant\u0131lar vadediyor.<\/p>\n<p>Yollar, Var\u015fova&#039;dan Tallinn&#039;e E67 koridoru ve Ventspils ile Terehova aras\u0131ndaki E22 dahil olmak \u00fczere 1.675 km ana arter, 5.473 km b\u00f6lgesel rota ve 13.064 km belediye ana yolu boyunca uzanmaktad\u0131r. 2017&#039;ye kadar, 803.546 ara\u00e7 Letonya plakalar\u0131 ta\u015f\u0131yordu ve bu da \u00fclkenin k\u0131ta ba\u011flant\u0131lar\u0131na entegrasyonuna tan\u0131kl\u0131k ediyordu.<\/p>\n<p>Letonya&#039;n\u0131n demografisi kal\u0131c\u0131 zorluklar\u0131 ortaya koyuyor. Toplam do\u011furganl\u0131k, yenilemenin alt\u0131nda kalarak kad\u0131n ba\u015f\u0131na 1,61 do\u011fumda seyrederken, ya\u015fam beklentisi 2013&#039;te 73,2 y\u0131la ula\u015ft\u0131. Cinsiyet dengesizli\u011fi, ya\u015fl\u0131 gruplarda kad\u0131nlar\u0131 \u00e7arp\u0131t\u0131yor: yetmi\u015f ya\u015f \u00fcst\u00fc olanlar aras\u0131nda, kad\u0131nlar erkeklerden ikiden fazla fazla. Etnik Letonyal\u0131lar, y\u00fczde 63 ile, \u00fclkeye ad\u0131n\u0131 veren Balt\u0131k dilini konu\u015fuyor. Ruslar, sakinlerin neredeyse d\u00f6rtte birini olu\u015fturuyor ve Rus\u00e7ay\u0131 y\u00fczde 37,7&#039;nin ana dili yap\u0131yor. Bir\u00e7ok etnik Rus&#039;un yasal stat\u00fcs\u00fc (vatanda\u015fl\u0131k i\u00e7in Letonca dil s\u0131navlar\u0131n\u0131 ge\u00e7mek zorunda olan vatans\u0131z sakinler) hassas bir toplumsal konu olmaya devam ediyor.<\/p>\n<p>Letonya&#039;daki k\u00fclt\u00fcrel ifade, tar\u0131msal miras\u0131 kentsel moderniteyle harmanl\u0131yor. Geleneksel yemekler, yerel kaynakl\u0131 \u00fcr\u00fcnler etraf\u0131nda d\u00f6n\u00fcyor - patates, arpa, lahana ve domuz eti - gri bezelye ve speck, kuzukula\u011f\u0131 \u00e7orbas\u0131 ve yo\u011fun \u00e7avdar ekme\u011fi ile birlikte mutfak temelleri olarak. Kom\u015fu Almanya, Rusya ve \u0130skandinavya&#039;dan etki fark edilebilir, ancak mutfak baharatl\u0131 olmaktan \u00e7ok doyurucu olmaya devam ediyor.<\/p>\n<p>Letonya&#039;n\u0131n kentsel merkezleri z\u0131t karakterler sunar. Ba\u015fkent ve en b\u00fcy\u00fck \u015fehir olan Riga, UNESCO D\u00fcnya Miras\u0131 Alan\u0131 olarak kabul edilen Eski Kent&#039;i korur, Art Nouveau cepheleri ve dik ufuk \u00e7izgisi geni\u015f bulvarlar ve nehir k\u0131y\u0131s\u0131 r\u0131ht\u0131mlar\u0131 aras\u0131nda yer al\u0131r. Bir zamanlar Zeppelin hangarlar\u0131 olan Merkez Pazar, mevsimlik \u00fcr\u00fcnler ve t\u00fcts\u00fclenmi\u015f lezzetler sunan sat\u0131c\u0131larla doludur. Orta\u00e7a\u011f \u00e7ekirde\u011finin \u00f6tesinde, \u015fehrin ekonomik canl\u0131l\u0131\u011f\u0131n\u0131n ve koruma ile ilerleme aras\u0131ndaki gerilimin sembol\u00fc olan modern kuleler g\u00f6\u011fe do\u011fru y\u00fckselir.<\/p>\n<p>Yakla\u015f\u0131k otuz kilometre bat\u0131da, J\u016brmala beyaz kum, \u00e7am a\u011fa\u00e7lar\u0131yla \u00e7evrili kumullar ve ah\u015fap villalardan olu\u015fan on iki kilometrelik bir \u015ferit boyunca uzan\u0131r. Eskiden imparatorluk se\u00e7kinlerinin inziva yeri olan bu yer, \u00fclkenin en \u00f6nde gelen sa\u011fl\u0131k ve zindelik tesisi olmaya devam ediyor ve spa kompleksleri \u015fehir sakinlerini ve uluslararas\u0131 misafirleri cezbediyor. Do\u011fuya do\u011fru elli kilometre uzakl\u0131ktaki Sigulda, Gauja taraf\u0131ndan oyulmu\u015f bir vadiyi i\u015fgal ediyor; Gotik tarzda canland\u0131r\u0131lm\u0131\u015f Turaida Kalesi ve geni\u015f G\u016btmanis Ma\u011faras\u0131, sonbahar sonu \u0131\u015f\u0131\u011f\u0131n\u0131n k\u0131z\u0131l ihti\u015fama d\u00f6n\u00fc\u015ft\u00fcrd\u00fc\u011f\u00fc u\u00e7urumlar ve kay\u0131n ormanlar\u0131ndan olu\u015fan bir manzaraya demir at\u0131yor.<\/p>\n<p>Letonya&#039;n\u0131n en eski yerle\u015fim yerlerinden biri olan C\u0113sis, Livonya D\u00fczeni surlar\u0131 ve ta\u015f bir kalenin etraf\u0131nda k\u00fcmelenmi\u015f ah\u015fap evlerle \u00f6v\u00fcn\u00fcr. \u00c7evresi -bisiklet yollar\u0131yla i\u00e7 i\u00e7e ge\u00e7mi\u015f ormanlar- ba\u015fkentin kentsel ritimlerine sessiz bir kar\u015f\u0131tl\u0131k sunar. Daha bat\u0131da, Liep\u0101ja &#034;r\u00fczgar \u015fehri&#034; lakab\u0131n\u0131 al\u0131r, r\u00fczgarl\u0131 plaj\u0131, y\u00fczy\u0131l ba\u015f\u0131ndaki k\u0131\u015flalar\u0131n ve k\u0131y\u0131 kalesi hapishanesinin canl\u0131 m\u00fczesine d\u00f6n\u00fc\u015fen eski bir donanma karakolu olan Karosta&#039;ya yol verir. Kuzeybat\u0131daki Ventspils, heykel yollar\u0131 ve peyzajl\u0131 gezinti yollar\u0131yla noktalanan, tertemiz bir \u015fekilde bak\u0131m\u0131 yap\u0131lan bir liman kasabas\u0131na d\u00f6n\u00fc\u015fm\u00fc\u015ft\u00fcr.<\/p>\n<p>G\u00fcneye do\u011fru ilerlerken, Venta Rapid&#039;in 249 metre yay\u0131ld\u0131\u011f\u0131 Kuld\u012bga ile kar\u015f\u0131la\u015f\u0131l\u0131r - Avrupa&#039;n\u0131n en geni\u015f \u015felale \u00e7\u0131k\u0131nt\u0131s\u0131 - ah\u015fap \u00e7at\u0131lar ve Orta Avrupa pazar kasabas\u0131n\u0131 and\u0131ran Arnavut kald\u0131r\u0131ml\u0131 yollar aras\u0131nda. Jelgava \u00e7evresindeki Zemgale&#039;nin ovalar\u0131, Rund\u0101le Saray\u0131&#039;nda ve \u015fehrin kendi saray kompleksinde barok zarafeti ortaya koyarken, Daugavpils&#039;in merkezinde bulunan Latgale&#039;nin g\u00f6llerle dolu arazisi, Letonya, Rus ve Yahudi geleneklerinin daha eski \u00e7ok k\u00fclt\u00fcrl\u00fc bir mozai\u011fini \u00e7a\u011fr\u0131\u015ft\u0131r\u0131r.<\/p>\n<p>Letonya&#039;n\u0131n do\u011fal miras\u0131 \u00f6nemli olmaya devam ediyor. Ormanlar, d\u00f6rt ulusal parkla serpi\u015ftirilmi\u015f \u015fekilde arazinin yar\u0131s\u0131n\u0131 kapl\u0131yor. En b\u00fcy\u00fc\u011f\u00fc olan Gauja Ulusal Park\u0131, nehir vadileri ve kumta\u015f\u0131 \u00e7\u0131k\u0131nt\u0131lar\u0131yla b\u00fcy\u00fcl\u00fcyor. \u0136emeri Ulusal Park\u0131, Riga&#039;n\u0131n banliy\u00f6lerinin g\u00f6r\u00fc\u015f alan\u0131nda batakl\u0131k y\u00fcr\u00fcy\u00fc\u015f yollar\u0131n\u0131 ve nadir bitki \u00f6rt\u00fcs\u00fcn\u00fc koruyor. Do\u011fudaki R\u0101zna Ulusal Park\u0131, batakl\u0131klarla \u00e7evrili buzul g\u00f6llerini koruyor ve Cape Kolka&#039;daki Sl\u012btere Ulusal Park\u0131, Riga K\u00f6rfezi ile Balt\u0131k Denizi&#039;nin birle\u015fti\u011fi noktay\u0131 i\u015faret ediyor ve r\u00fczg\u00e2rl\u0131 \u00e7ay\u0131rlar\u0131 her sonbahar g\u00f6\u00e7men ku\u015flara ev sahipli\u011fi yap\u0131yor.<\/p>\n<p>A\u00e7\u0131k hava etkinlikleri \u00fclkenin koruma ve eri\u015filebilirlik aras\u0131ndaki dengesini yans\u0131t\u0131r. Y\u00fcr\u00fcy\u00fc\u015f rotalar\u0131, hafif orman yollar\u0131ndan su yollar\u0131 boyunca uzanan uzun kano yolculuklar\u0131na kadar uzan\u0131r. Sonbahar u\u00e7u\u015f yollar\u0131na \u00e7ekilen ku\u015f g\u00f6zlemcileri, kendilerini sazl\u0131klar\u0131n ve g\u00f6zlem kulelerinin aras\u0131na yerle\u015ftirir. Mantar toplamak, k\u00f6y halk\u0131n\u0131n \u00e7amlar\u0131n alt\u0131nda chanterelle toplamas\u0131 kadar yayg\u0131n bir ulusal e\u011flence olmaya devam ediyor. Balt\u0131k k\u0131y\u0131 \u015feridi, deniz seviyelerinin fark edilmeden y\u00fckseldi\u011fi, uzun k\u0131y\u0131 y\u00fcr\u00fcy\u00fc\u015flerine ve s\u0131cak yaz aylar\u0131nda Temmuz ve A\u011fustos aylar\u0131nda ortalama 20 \u00b0C olan sulara davet eden, genellikle \u0131ss\u0131z, yakla\u015f\u0131k be\u015f y\u00fcz kilometrelik k\u0131y\u0131 \u015feridi sa\u011flar.<\/p>\n<p>Letonya toplumu nezaketi \u00f6d\u00fcllendirir. Kamusal alanlar \u00e7\u00f6plerden uzak tutulur ve kibar gelenekler (kap\u0131 tutma, ge\u00e7i\u015fe izin verme) g\u00fcnl\u00fck hayatta varl\u0131\u011f\u0131n\u0131 s\u00fcrd\u00fcr\u00fcr. Politika veya ki\u015fisel finans \u00fczerine konu\u015fmalar yak\u0131n arkada\u015flara saklan\u0131r; yabanc\u0131 ziyaret\u00e7iler \u00f6l\u00e7\u00fcl\u00fc bir do\u011frudanl\u0131kla kar\u015f\u0131lan\u0131r. Halk sembolizmi el sanatlar\u0131nda ve t\u00f6renlerde varl\u0131\u011f\u0131n\u0131 s\u00fcrd\u00fcr\u00fcr: gamal\u0131 ha\u00e7 veya p\u0113rkonkrusts, daha sonraki k\u00f6t\u00fcye kullan\u0131mlarla hi\u00e7bir ba\u011flant\u0131s\u0131 olmayan, ate\u015f ve enerjinin Hristiyanl\u0131k \u00f6ncesi bir sembol\u00fc olarak nak\u0131\u015fta yer al\u0131r.<\/p>\n<p>Letonya, 2004&#039;te Avrupa Birli\u011fi&#039;ne kat\u0131l\u0131m\u0131ndan ve 2014&#039;te avroyu benimsemesinden bu yana dilsel ve k\u00fclt\u00fcrel miras\u0131 korurken daha derin bir entegrasyonu benimsedi. Avronun tan\u0131t\u0131m\u0131 etraf\u0131nda yap\u0131lan anketler, hem ihtiyatl\u0131 hem de pragmatik bir se\u00e7men kitlesini yans\u0131tan dar bir \u00e7o\u011funlu\u011fun yeni para birimini destekledi\u011fini g\u00f6sterdi. Sovyet sonras\u0131 uyum, \u00fclke demografik d\u00fc\u015f\u00fc\u015f ve g\u00f6\u00e7le kar\u015f\u0131 kar\u015f\u0131ya olsa bile yarg\u0131 reformlar\u0131n\u0131, yolsuzlukla m\u00fccadele \u00f6nlemlerini ve altyap\u0131 yat\u0131r\u0131mlar\u0131n\u0131 i\u00e7eriyordu.<\/p>\n<p>Letonya bug\u00fcn pastoral geni\u015flikler ve metropol h\u0131rs\u0131 aras\u0131nda bir kav\u015fakta duruyor. Kolektif haf\u0131zas\u0131 orta\u00e7a\u011f tarikatlar\u0131n\u0131n, imparatorluk \u00e7arlar\u0131n\u0131n ve totaliter i\u015fgallerin izlerini ta\u015f\u0131yor. Yine de cumhuriyetin \u00e7a\u011fda\u015f kimli\u011fi restore edilmi\u015f yerel mimari, geli\u015fen bir sanat sahnesi ve dayan\u0131kl\u0131 sivil kurumlar arac\u0131l\u0131\u011f\u0131yla kendini g\u00f6steriyor. Ziyaret\u00e7iler yaln\u0131zca fotojenik cephelere ve do\u011fal manzaralara tan\u0131kl\u0131k etmeye de\u011fil, ayn\u0131 zamanda m\u00fctevaz\u0131l\u0131\u011fa, ifadenin netli\u011fine ve yere derin bir ba\u011fa de\u011fer veren bir toplumla etkile\u015fime girmeye davet ediliyor.<\/p>\n<p>Bu Balt\u0131k \u00fclkesinde, her mevsim \u00f6l\u00e7\u00fcl\u00fc bir ritimle a\u00e7\u0131l\u0131r. \u0130lkbahar, k\u0131y\u0131 ormanlar\u0131nda z\u00fcmr\u00fct tomurcuklar\u0131 b\u0131rak\u0131r. Yaz\u0131n uzun g\u00fcnleri, aileleri kum tepeciklerinin kilometrelerce kesintisiz uzand\u0131\u011f\u0131 plajlara \u00e7eker. Sonbahar, ormanlar\u0131 k\u0131rm\u0131z\u0131 ve alt\u0131n tonlar\u0131nda tutu\u015fturur ve k\u0131\u015f\u0131n sessizli\u011fi, tarlalar\u0131 bozulmam\u0131\u015f karla kaplar. Bu arka plana kar\u015f\u0131, Letonya&#039;n\u0131n miras\u0131 devam eder - ta\u015f kalelerde, malikanelerde ve do\u011fan\u0131n ritimlerinde izlenen anlat\u0131s\u0131 - t\u00fcketmek yerine g\u00f6zlemlemek, sadece tan\u0131kl\u0131k etmek yerine anlamak isteyenleri bekler.<\/p>","protected":false},"excerpt":{"rendered":"<p>Kuzey Avrupa&#039;n\u0131n Balt\u0131k b\u00f6lgesinde bulunan Letonya&#039;n\u0131n n\u00fcfusu yakla\u015f\u0131k 1,9 milyondur. Balt\u0131k Denizi&#039;nin do\u011fu k\u0131y\u0131s\u0131nda bulunan Letonya, Kuzey Avrupa&#039;da \u00f6nemli bir konuma sahiptir ve Do\u011fu ile Bat\u0131 Avrupa aras\u0131nda bir kanal g\u00f6revi g\u00f6rmektedir. Bu k\u00fc\u00e7\u00fck ama dinamik \u00fclke 64.589 kilometrekare (24.938 mil kare) alan\u0131 kaplar ve bu da onu Amerika Birle\u015fik Devletleri&#039;ndeki Bat\u0131 Virginia&#039;dan biraz daha b\u00fcy\u00fck veya neredeyse \u0130rlanda&#039;n\u0131n b\u00fcy\u00fckl\u00fc\u011f\u00fcne e\u015fit k\u0131lar.<\/p>","protected":false},"author":1,"featured_media":3257,"parent":24078,"menu_order":0,"comment_status":"closed","ping_status":"closed","template":"elementor_theme","meta":{"_eb_attr":"","footnotes":""},"class_list":["post-11584","page","type-page","status-publish","has-post-thumbnail"],"_links":{"self":[{"href":"https:\/\/travelshelper.com\/tr\/wp-json\/wp\/v2\/pages\/11584","targetHints":{"allow":["GET"]}}],"collection":[{"href":"https:\/\/travelshelper.com\/tr\/wp-json\/wp\/v2\/pages"}],"about":[{"href":"https:\/\/travelshelper.com\/tr\/wp-json\/wp\/v2\/types\/page"}],"author":[{"embeddable":true,"href":"https:\/\/travelshelper.com\/tr\/wp-json\/wp\/v2\/users\/1"}],"replies":[{"embeddable":true,"href":"https:\/\/travelshelper.com\/tr\/wp-json\/wp\/v2\/comments?post=11584"}],"version-history":[{"count":0,"href":"https:\/\/travelshelper.com\/tr\/wp-json\/wp\/v2\/pages\/11584\/revisions"}],"up":[{"embeddable":true,"href":"https:\/\/travelshelper.com\/tr\/wp-json\/wp\/v2\/pages\/24078"}],"wp:featuredmedia":[{"embeddable":true,"href":"https:\/\/travelshelper.com\/tr\/wp-json\/wp\/v2\/media\/3257"}],"wp:attachment":[{"href":"https:\/\/travelshelper.com\/tr\/wp-json\/wp\/v2\/media?parent=11584"}],"curies":[{"name":"wp","href":"https:\/\/api.w.org\/{rel}","templated":true}]}}