{"id":11569,"date":"2024-09-13T13:33:55","date_gmt":"2024-09-13T13:33:55","guid":{"rendered":"https:\/\/travelshelper.com\/staging\/?page_id=11569"},"modified":"2026-03-12T18:25:35","modified_gmt":"2026-03-12T18:25:35","slug":"palanga","status":"publish","type":"page","link":"https:\/\/travelshelper.com\/tr\/destinations\/europe\/lithuania\/palanga\/","title":{"rendered":"Palanga"},"content":{"rendered":"<p>Litvanya&#039;n\u0131n bat\u0131 k\u0131y\u0131s\u0131ndaki bir \u015fehir belediyesi olan Palanga, yakla\u015f\u0131k 24 kilometrelik bir Balt\u0131k k\u0131y\u0131 \u015feridini ve be\u015f eski bal\u0131k\u00e7\u0131 k\u00f6y\u00fcn\u00fc kaps\u0131yor ve y\u0131l boyunca 18.132 (2023) ki\u015filik bir n\u00fcfusu destekliyor. \u0160ventoji ve R\u0105\u017e\u0117 nehirlerinin birle\u015fti\u011fi noktada bulunan bu tatil beldesi belediyesi, yakla\u015f\u0131k 18 kilometre uzunlu\u011funda ve 300 metreye kadar geni\u015flikte, dalgal\u0131 kumullar ve deniz ormanlar\u0131yla \u00e7evrili bir kumlu plaj alan\u0131n\u0131 kaplar. Klaip\u0117da&#039;n\u0131n yakla\u015f\u0131k 25 kilometre kuzeyinde yer al\u0131r, kuzeyde Letonya s\u0131n\u0131r\u0131na biti\u015fiktir ve Palanga Uluslararas\u0131 Havaalan\u0131&#039;n\u0131 idari \u00e7er\u00e7evesine entegre eder.<\/p>\n<p>\u0130kinci milenyumun ilk y\u00fczy\u0131llar\u0131nda, yazl\u0131k inziva yeri olarak \u00fcnlenmesinden \u00e7ok \u00f6nce, Palanga&#039;n\u0131n bulundu\u011fu yer pagan rit\u00fcelleri taraf\u0131ndan kutsanm\u0131\u015ft\u0131. Litvanya Bychowiec Chronicle&#039;a g\u00f6re, Birut\u0117 adl\u0131 bir rahibe ormanl\u0131k bir kumulun tepesindeki bir tap\u0131nakta ebedi alevleri besliyordu. Onun kat\u0131 bakirelik yemini, hanedan h\u0131rs\u0131 ve kroniklerin dramatizasyonu taraf\u0131ndan y\u00f6nlendirilen B\u00fcy\u00fck D\u00fck K\u0119stutis&#039;in dikkatini \u00e7ekti ve onu evlenmek \u00fczere Trakai&#039;ye g\u00f6t\u00fcrd\u00fc. Efsaneye g\u00f6re, K\u0119stutis&#039;in \u00f6ld\u00fcr\u00fclmesiyle dul kalan Birut\u0117, r\u00fczg\u00e2rl\u0131 tepeye -\u015fimdiki Birut\u0117 Tepesi- geri d\u00f6nd\u00fc ve \u00f6l\u00fcm\u00fcne kadar ayinsel hizmetlerine devam etti. O y\u00fckseltiye defnedilmesi, ad\u0131n\u0131 ta\u015f\u0131yacak olan \u015fehre hem yer ad\u0131 hem de efsanevi bir yank\u0131 b\u0131rakt\u0131.<\/p>\n<p>Sonraki y\u00fczy\u0131llarda Palanga, Nemirseta, Vanagup\u0117, Kunigi\u0161kiai, Manci\u0161kiai ve \u0160ventoji adl\u0131 bir k\u00f6y k\u00fcmesinden, modern \u00e7a\u011fda resmen bir \u015fehir olarak belirlenen birle\u015fik bir belediyeye d\u00f6n\u00fc\u015ft\u00fc. K\u0131y\u0131 cephesi, binlerce y\u0131ld\u0131r Balt\u0131k r\u00fczgarlar\u0131 ve ak\u0131nt\u0131lar\u0131 taraf\u0131ndan \u015fekillendirilen kum s\u0131rtlar\u0131 ve 1882&#039;de tu\u011fla ihracat\u0131n\u0131 kolayla\u015ft\u0131rmak i\u00e7in in\u015fa edilen L \u015feklindeki iskele ile tan\u0131mlan\u0131yor. Ba\u015flang\u0131\u00e7ta ticaret i\u00e7in tasarlanm\u0131\u015f olsa da, iskele k\u0131sa s\u00fcrede gezinti yolu olarak ikincil bir i\u015flev edindi, ince ah\u015fap tahtalar\u0131 don ve f\u0131rt\u0131na dalgalar\u0131na yenik d\u00fc\u015ft\u00fc, ta ki 1998&#039;deki kapsaml\u0131 bir yeniden yap\u0131lanmayla uzunlu\u011fu 420 metreye \u00e7\u0131kar\u0131lana kadar. Her saat halka a\u00e7\u0131k olan iskele, denizden gelen fosforesans\u0131n zay\u0131f \u0131\u015f\u0131lt\u0131s\u0131yla dolu ak\u015famlar i\u00e7in hem amblem hem de mekan olarak varl\u0131\u011f\u0131n\u0131 s\u00fcrd\u00fcr\u00fcyor.<\/p>\n<p>\u0130ki sava\u015f aras\u0131 d\u00f6nemde Palanga, Birinci D\u00fcnya Sava\u015f\u0131&#039;n\u0131n ard\u0131ndan Litvanya&#039;n\u0131n ilhak etti\u011fi Klaip\u0117da B\u00f6lgesi&#039;ne entegre edildi. Do\u011fal bir liman\u0131n olmamas\u0131 nedeniyle kasaba deniz ticaretine uygun de\u011fildi; s\u0131\u011f yakla\u015f\u0131mlar\u0131 Balt\u0131k&#039;\u0131n kaprisli r\u00fczgarlar\u0131ndan ve paket buzlar\u0131ndan yetersiz bir bar\u0131nak sa\u011fl\u0131yordu. Bunun yerine, kaderi e\u011flenceye y\u00f6neldi. Soluk kumlar\u0131n geni\u015fli\u011fi ve denizde y\u00fczmenin canland\u0131r\u0131c\u0131 serinli\u011fiyle cezbedilen yerli ziyaret\u00e7iler, t\u00fcccarlar\u0131n yerini almaya ba\u015flad\u0131. Nemirseta&#039;daki Alman s\u0131n\u0131r kontrol noktas\u0131 stat\u00fcs\u00fcn\u00fcn kal\u0131nt\u0131lar\u0131 yirminci y\u00fczy\u0131l\u0131n karga\u015fas\u0131nda yok oldu ve Klaip\u0117da ve \u0160iauliai&#039;ye karayolu ba\u011flant\u0131lar\u0131yla kolayla\u015ft\u0131r\u0131lan Palanga, \u00fclkenin \u00f6nde gelen yaz tatil beldesi olarak kendini kan\u0131tlad\u0131.<\/p>\n<p>\u0130dari olarak, belediye havaalan\u0131n\u0131 kaps\u0131yor - \u0130skandinavya, Britanya Adalar\u0131, Almanya, Polonya ve Riga ile bir ba\u011flant\u0131 noktas\u0131 - ancak gelenlerin \u00e7o\u011fu aile taraf\u0131ndan i\u015fletilen pansiyonlarda, misafirhanelerde veya modern sa\u011fl\u0131k merkezlerinde mevsimlik ikamet i\u00e7in araba veya otob\u00fcsle iniyor. \u0130kincisi, Palanga&#039;n\u0131n &#034;cumhuriyet\u00e7i \u00f6neme sahip&#034; bir balneolojik tatil yeri olarak tan\u0131mlanmas\u0131na tan\u0131kl\u0131k ediyor; kardiyovask\u00fcler, sinir sistemi, kas-iskelet sistemi ve solunum rahats\u0131zl\u0131klar\u0131 i\u00e7in programlar sunuyor ve d\u00fc\u015f\u00fck ila y\u00fcksek mineralizasyonlu sularda ve yerel turba \u00e7amurunda terapilerle destekleniyor. Sar\u0131 \u00e7amlarla \u00e7evrili gezinti yerleri, istatistiksel olarak di\u011fer t\u00fcm Litvanya tatil yerlerinden daha fazla olan bol g\u00fcne\u015f radyasyonunu y\u00f6nlendiriyor.<\/p>\n<p>G\u00fcn \u0131\u015f\u0131\u011f\u0131nda, k\u0131y\u0131 \u015feridi \u015fezlonglar ve parlak \u00e7izgili kul\u00fcbelerle doludur; daha kuzeyde, \u0160ventoji yak\u0131nlar\u0131nda, kalabal\u0131k yaln\u0131zl\u0131\u011fa da\u011f\u0131l\u0131r. Kumullarla kapl\u0131 Botanik Park\u0131, neoklasik cephesi orman g\u00fclleri ve me\u015fe korular\u0131n\u0131n aras\u0131nda y\u00fckselen Ti\u0161kevi\u010diai Saray\u0131&#039;n\u0131 (\u015fimdi Amber M\u00fczesi) sarar. \u0130\u00e7eride, on be\u015f galeri kehribar\u0131n olu\u015fumunu izler ve 3,5 kilograml\u0131k &#034;G\u00fcne\u015f Ta\u015f\u0131&#034;nda doru\u011fa ula\u015f\u0131r. Ziyaret\u00e7iler tonozlu tavanlar\u0131n alt\u0131nda gezinir, kehribar tuza\u011f\u0131ndaki \u00f6rneklerin \u00f6n\u00fcnde dururlar - sinek, sivrisinek veya re\u00e7inede on milyonlarca y\u0131l fosille\u015fmi\u015f minik b\u00f6cek.<\/p>\n<p>Birut\u0117 Tepesi&#039;ne biti\u015fik Heykel Bah\u00e7esi&#039;nde, Ermenistan, Estonya, Letonya, Litvanya, Ukrayna gibi b\u00f6lge genelinden sanat\u00e7\u0131lar\u0131n yirmi sekiz eseri, ziyaret\u00e7iyi fig\u00fcratiften soyuta uzanan formlarla kar\u015f\u0131 kar\u015f\u0131ya getiriyor. Ta\u015f, bronz ve \u00e7elik, kumlu topografyaya kar\u015f\u0131 doku ve hacim diyaloglar\u0131nda bulu\u015fuyor. Arazinin kendisi, tarih \u00f6ncesi yerle\u015fimin ara s\u0131ra arkeolojik bulgular\u0131n\u0131 ortaya koyuyor; yorumlay\u0131c\u0131 tabelalar, bu dar k\u0131y\u0131 \u015feridiyle insan etkile\u015fiminin s\u00fcreklili\u011fini a\u00e7\u0131kl\u0131yor.<\/p>\n<p>Yo\u011fun sezonda nominal olarak yaya al\u0131\u015fveri\u015f merkezi olan Jonas Basanavi\u010dius Caddesi, Palanga&#039;n\u0131n sosyal arteri olarak i\u015flev g\u00f6r\u00fcr. \u0130skeleden i\u00e7 kesimlere do\u011fru Vytauto Caddesi&#039;ne kadar yakla\u015f\u0131k bir kilometre uzanan cadde, kald\u0131r\u0131m ta\u015f\u0131 d\u00f6\u015femeleri boyunca k\u00fcmelenmi\u015f kafeler, pastaneler, el sanatlar\u0131 d\u00fckkanlar\u0131 ve ge\u00e7ici e\u011flencelerle doludur. Geceleri, \u00e7elenk \u0131\u015f\u0131klar\u0131n\u0131n alt\u0131nda parlar ve canl\u0131 m\u00fczik g\u00fcr\u00fclt\u00fcs\u00fc, yerel gruplar\u0131n kald\u0131r\u0131m masalar\u0131nda oyalanmakta olan izleyiciler i\u00e7in caz, folk esintili rock veya elektronik ritimleri yorumlad\u0131\u011f\u0131 &#034;I Love Palanga&#034; gibi mekanlardan gelir.<\/p>\n<p>Bak\u0131ml\u0131 ana caddenin \u00f6tesinde, yirminci y\u00fczy\u0131l\u0131n ba\u015flar\u0131nda in\u015fa edilmi\u015f sa\u011flam k\u0131rm\u0131z\u0131 tu\u011flal\u0131 bir yap\u0131 olan Meryem Ana&#039;n\u0131n G\u00f6\u011fe Kabul\u00fc Kilisesi yer al\u0131r. \u0130kiz kuleleri ufuk \u00e7izgisini ikiye b\u00f6ler ve soluk s\u0131va ve cilal\u0131 me\u015fe ile kapl\u0131 i\u00e7 mekan\u0131, m\u00fctevaz\u0131 bir cemaat i\u00e7in ayin hizmetleri sunar. Yak\u0131nlarda, 1898&#039;de in\u015fa edilen ve sava\u015flar aras\u0131 g\u00f6r\u00fcn\u00fcm\u00fcne titizlikle restore edilen Villa Anapilis, Litvanya mitolojisinin efsanevi Anapilis da\u011f\u0131n\u0131, ahiret ve atalara sayg\u0131n\u0131n yeri olarak \u00e7a\u011fr\u0131\u015ft\u0131r\u0131r.<\/p>\n<p>K\u00fclt\u00fcrel kurumlar sahil e\u011flencelerini tamamlar. On dokuzuncu y\u00fczy\u0131l\u0131n sonlar\u0131ndaki bir villada bulunan Resort M\u00fczesi, bal\u0131k\u00e7\u0131lar\u0131n aletlerinden Sovyet d\u00f6nemine ait jet skilere kadar uzanan eserlerle yerel tarihi kay\u0131t alt\u0131na al\u0131r. A. Mon\u010dys Ev M\u00fczesi, Litvanya&#039;da modernist formun \u00f6nc\u00fclerinden biri olan Antanas Mon\u010dys&#039;in (1921\u20131993) yekpare heykellerini sunar. K\u0131sa sergiler biti\u015fik galerilerde d\u00f6n\u00fc\u015f\u00fcml\u00fc olarak yer al\u0131r ve yerle\u015fik ustalar ile yeni sesler aras\u0131nda diyalo\u011fu te\u015fvik eder.<\/p>\n<p>\u0130skele ile Botanik Park\u0131 aras\u0131ndaki halka a\u00e7\u0131k ye\u015fil alanda, 2021&#039;de dikilen bir g\u00f6zlem \u00e7ark\u0131 k\u0131rk metre y\u00fckseliyor, beyaz gondollar\u0131 k\u0131y\u0131, kasaba ve \u00e7am a\u011fa\u00e7lar\u0131yla \u00e7evrili i\u00e7 b\u00f6lgelerin panoramik manzaralar\u0131n\u0131 sunuyor. Balt\u0131k \u00fclkelerindeki en y\u00fcksek kurulum olarak tan\u0131t\u0131lan bu yap\u0131, Palanga&#039;n\u0131n co\u011frafi aral\u0131klar\u0131n\u0131 g\u00f6rselle\u015ftirmekten \u00e7ok heyecanland\u0131rmaya yar\u0131yor: nehir a\u011fz\u0131, kumul s\u0131rt\u0131, yerle\u015fim yeri ve deniz.<\/p>\n<p>Mevsimsel rit\u00fceller toplumsal ba\u011flar\u0131 yeniden teyit eder. Her \u015eubat ay\u0131nda, &#034;Palanga Foklar\u0131&#034;n\u0131n dayan\u0131kl\u0131 kat\u0131l\u0131mc\u0131lar\u0131 buzlu sulara atlar, k\u0131\u015f\u0131n uyu\u015fuklu\u011funa meydan okurken izleyiciler baharatl\u0131 bal\u0131k ve s\u0131cak i\u00e7eceklerden paylar\u0131n\u0131 al\u0131rlar. Temmuz ay\u0131nda, motor sporlar\u0131 merakl\u0131lar\u0131 Palanga&#039;y\u0131 b\u00f6lgesel kasabalara ba\u011flayan \u00e7ok kategorili bir dayan\u0131kl\u0131l\u0131k etkinli\u011fi olan Aurum 1006 km yol yar\u0131\u015f\u0131 i\u00e7in bir araya gelirler. Bu bulu\u015fmalar, \u00f6l\u00e7ek olarak m\u00fctevaz\u0131 olsalar da, yerel do\u011fan\u0131n zorluklar\u0131na ve mekanik h\u00fcnerlerine olan e\u011filimleri yans\u0131t\u0131r.<\/p>\n<p>Palanga&#039;n\u0131n kal\u0131c\u0131 kimli\u011fi ge\u00e7mi\u015f ve \u015fimdiki zaman\u0131n etkile\u015fimine dayan\u0131r. Kum tepecikleri tarih \u00f6ncesi kal\u0131nt\u0131lar\u0131 ve pagan tap\u0131naklar\u0131n\u0131 gizler; Sovyet d\u00f6nemi sanatoryumlar\u0131 l\u00fcks sa\u011fl\u0131k merkezlerinin yan\u0131nda yer al\u0131r. Bir zamanlar Hanseatik t\u00fcccarlar taraf\u0131ndan ticareti yap\u0131lan kehribar, art\u0131k m\u00fczesine turist \u00e7ekiyor; tu\u011flalar\u0131 ta\u015f\u0131yan iskele dinlenme yeri haline geldi. Belediyenin n\u00fcfusu her yaz yerli ziyaret\u00e7ilerle (\u00e7ocuklar kumdan kaleler in\u015fa ediyor, emekliler iskelede geziniyor, aileler kehribar i\u015flemeli m\u00fccevherleri deniyor) art\u0131yor; ancak kasaba a\u015f\u0131r\u0131 geli\u015fmeye direniyor. Bina y\u00fckseklikleri m\u00fctevaz\u0131 kal\u0131yor; kafe ve otel k\u00fcmeleri aras\u0131nda \u00e7am a\u011fac\u0131 koridorlar\u0131 varl\u0131\u011f\u0131n\u0131 s\u00fcrd\u00fcr\u00fcyor; k\u00fclt\u00fcrel mekanlar an\u0131tsal olmaktan \u00e7ok samimi.<\/p>\n<p>Daha sakin aylarda Palanga farkl\u0131 bir g\u00f6r\u00fcn\u00fcme b\u00fcr\u00fcn\u00fcyor. Plaj, gri g\u00f6ky\u00fcz\u00fc ve g\u00fcm\u00fc\u015f denizden olu\u015fan tek renkli bir palete \u00e7ekiliyor; spa ziyaret\u00e7ileri neredeyse bo\u015f sanatoryumlarda belirlenmi\u015f rejimleri takip ediyor; bal\u0131k\u00e7\u0131lar sakin, \u0131ss\u0131z r\u0131ht\u0131mlarda a\u011flar\u0131n\u0131 onar\u0131yor. Ku\u015f g\u00f6zlemcileri, k\u0131y\u0131lara konan g\u00f6\u00e7men s\u00fcr\u00fclerini not ederek kumul izlerini ge\u00e7iyor. Belediyenin radyo istasyonu FM Palanga, yerel yay\u0131nlar\u0131na devam ediyor ve belediye meclisi toplant\u0131lar\u0131n\u0131n haberlerini, hava durumu uyar\u0131lar\u0131n\u0131 ve k\u00fclt\u00fcrel listeleri Arktik sessizli\u011fine aktar\u0131yor.<\/p>\n<p>Palanga, evrimi boyunca terap\u00f6tik ama\u00e7 ve e\u011flence, do\u011fal topografya ve k\u00fclt\u00fcrel birikim aras\u0131nda denge kurmu\u015ftur. Pagan ibadetinin sade kal\u0131nt\u0131lar\u0131 Birut\u0117 Tepesi&#039;ndeki bir \u015fapel taraf\u0131ndan an\u0131lmaktad\u0131r; Bosna an\u0131tlar\u0131ndaki ikiz zambaklar kumul orman\u0131n\u0131n zarif k\u0131vr\u0131mlar\u0131nda yank\u0131lanmaktad\u0131r. Efsaneler yer adlar\u0131n\u0131 bilgilendirir: R\u0105\u017e\u0117, eskiden Alanga, Palanga&#039;n\u0131n kendisine etimolojik k\u00f6k verir. Nehirler ve deniz, r\u00fczgar ve orman, mit ve tarih - bu unsurlar, yaln\u0131zca g\u00fcne\u015f ve kuma kolayca indirgenemeyen bir deneyimde bir araya gelir.<\/p>\n<p>Belediyenin gelece\u011fi, y\u00f6neticili\u011fe ba\u011fl\u0131d\u0131r. \u0130klim de\u011fi\u015fikli\u011fiyle yo\u011funla\u015fan k\u0131y\u0131 erozyonu, kumullar\u0131 ve gizli kal\u0131nt\u0131lar\u0131n\u0131 tehdit ediyor. Turist say\u0131lar\u0131, esas olarak yerli olsa da, Temmuz ve A\u011fustos aylar\u0131nda yerel altyap\u0131 \u00fczerinde bask\u0131 olu\u015fturuyor. Yine de belediye planlamac\u0131lar\u0131, kum \u00e7iti kurulumu ve k\u0131y\u0131 \u015feridi yeniden dikiminde g\u00f6n\u00fcll\u00fcleri g\u00f6revlendirerek kat\u0131 imar s\u0131n\u0131rlar\u0131 ve kumul koruma programlar\u0131 ba\u015flatt\u0131. Botanik bah\u00e7esi personeli ekosistem sa\u011fl\u0131\u011f\u0131n\u0131 izliyor; yerel tuzlu sudan banyo tuzu \u00fcretimi end\u00fcstriyel olmaktan \u00e7ok el i\u015f\u00e7ili\u011fi olmaya devam ediyor.<\/p>","protected":false},"excerpt":{"rendered":"<p>Litvanya&#039;n\u0131n bat\u0131 k\u0131y\u0131s\u0131nda bulunan bir tatil \u015fehri olan Palanga, \u00fclkenin do\u011fal g\u00fczelli\u011fini ve k\u00fclt\u00fcrel miras\u0131n\u0131 \u00f6rneklemektedir. Yaz tatili ve k\u0131y\u0131 cazibesi, Balt\u0131k Denizi&#039;nin Litvanya k\u0131y\u0131s\u0131yla bulu\u015ftu\u011fu bu b\u00fcy\u00fcl\u00fc yerle ili\u015fkilendirilmeye ba\u015fland\u0131. &#034;Alanga Nehri \u00fczerinde&#034; (\u015fimdiki ad\u0131yla R\u0105\u017e\u0117) ifadesinden t\u00fcretilen \u015fehrin ad\u0131, arazisini ve ge\u00e7mi\u015fini \u015fekillendiren nehirlerle olan g\u00fc\u00e7l\u00fc ba\u011f\u0131n\u0131 ima eder.<\/p>","protected":false},"author":1,"featured_media":4872,"parent":11553,"menu_order":0,"comment_status":"closed","ping_status":"closed","template":"elementor_theme","meta":{"_eb_attr":"","footnotes":""},"class_list":["post-11569","page","type-page","status-publish","has-post-thumbnail"],"_links":{"self":[{"href":"https:\/\/travelshelper.com\/tr\/wp-json\/wp\/v2\/pages\/11569","targetHints":{"allow":["GET"]}}],"collection":[{"href":"https:\/\/travelshelper.com\/tr\/wp-json\/wp\/v2\/pages"}],"about":[{"href":"https:\/\/travelshelper.com\/tr\/wp-json\/wp\/v2\/types\/page"}],"author":[{"embeddable":true,"href":"https:\/\/travelshelper.com\/tr\/wp-json\/wp\/v2\/users\/1"}],"replies":[{"embeddable":true,"href":"https:\/\/travelshelper.com\/tr\/wp-json\/wp\/v2\/comments?post=11569"}],"version-history":[{"count":0,"href":"https:\/\/travelshelper.com\/tr\/wp-json\/wp\/v2\/pages\/11569\/revisions"}],"up":[{"embeddable":true,"href":"https:\/\/travelshelper.com\/tr\/wp-json\/wp\/v2\/pages\/11553"}],"wp:featuredmedia":[{"embeddable":true,"href":"https:\/\/travelshelper.com\/tr\/wp-json\/wp\/v2\/media\/4872"}],"wp:attachment":[{"href":"https:\/\/travelshelper.com\/tr\/wp-json\/wp\/v2\/media?parent=11569"}],"curies":[{"name":"wp","href":"https:\/\/api.w.org\/{rel}","templated":true}]}}