{"id":11553,"date":"2024-09-13T12:45:10","date_gmt":"2024-09-13T12:45:10","guid":{"rendered":"https:\/\/travelshelper.com\/staging\/?page_id=11553"},"modified":"2026-03-12T17:15:33","modified_gmt":"2026-03-12T17:15:33","slug":"litvanya","status":"publish","type":"page","link":"https:\/\/travelshelper.com\/tr\/destinations\/europe\/lithuania\/","title":{"rendered":"Litvanya"},"content":{"rendered":"<p>Avrupa&#039;n\u0131n do\u011fu Balt\u0131k k\u0131y\u0131s\u0131 boyunca 65.300 km\u00b2&#039;lik bir alan\u0131 kaplayan 2,89 milyonluk bir Balt\u0131k \u00fclkesi olan Litvanya, Letonya, Belarus, Polonya ve Kaliningrad Oblast\u0131 ile s\u0131n\u0131r kom\u015fusudur ve \u0130sve\u00e7&#039;in kar\u015f\u0131s\u0131nda bir deniz s\u0131n\u0131r\u0131 vard\u0131r. Ba\u015fkenti Vilnius, buzul ovalar\u0131, yo\u011fun ormanlar ve Curonian Spit taraf\u0131ndan noktalanan girintili \u00e7\u0131k\u0131nt\u0131l\u0131 bir k\u0131y\u0131 \u015feridi ile \u015fekillenen bir araziye demir atar.<\/p>\n<p>Binlerce y\u0131ld\u0131r, Litvanya olarak bilinen b\u00f6lge, i\u00e7 i\u00e7e ge\u00e7mi\u015f nehir vadileri ve g\u00f6lleri erken yerle\u015fimleri destekleyen Balt\u0131k konu\u015fan kabilelerin alan\u0131 olmu\u015ftur. 1230&#039;larda, Mindaugas bu farkl\u0131 topluluklar\u0131 birle\u015ftirdi ve 6 Temmuz 1253&#039;te kral olarak ta\u00e7 giyme t\u00f6reniyle sonu\u00e7land\u0131. Sonraki nesiller boyunca, Litvanya y\u00f6neticileri otoritelerini Do\u011fu Avrupa&#039;n\u0131n ovalar\u0131na ve ormanlar\u0131na kadar geni\u015fletti. On d\u00f6rd\u00fcnc\u00fc y\u00fczy\u0131l\u0131n ortalar\u0131nda, Litvanya B\u00fcy\u00fck D\u00fckal\u0131\u011f\u0131 k\u0131tan\u0131n en b\u00fcy\u00fck siyasi olu\u015fumlar\u0131 aras\u0131nda yer ald\u0131, konseyleri ve ordular\u0131 Balt\u0131k k\u0131y\u0131lar\u0131ndan Karadeniz&#039;in k\u0131y\u0131lar\u0131na kadar n\u00fcfuz i\u00e7in yar\u0131\u015f\u0131yordu.<\/p>\n<p>1386&#039;da Polonya Krall\u0131\u011f\u0131 ile birle\u015fme, \u00f6nemli bir yeniden y\u00f6nelimi i\u015faret etti. Hanedan evlili\u011fi, B\u00fcy\u00fck D\u00fck Jogaila&#039;ya Polonya tac\u0131n\u0131 vererek fiili bir ki\u015fisel birli\u011fin ba\u015flang\u0131c\u0131n\u0131 yapt\u0131. 1569&#039;da Polonya-Litvanya Milletler Toplulu\u011fu olarak resmile\u015ftirilen ikili devlet, Avrupa&#039;n\u0131n en kalabal\u0131k ve m\u00fcreffeh krall\u0131klar\u0131ndan biri olarak ayakta duruyordu. Se\u00e7meli monar\u015fisi ve kanunla\u015ft\u0131r\u0131lm\u0131\u015f soylular\u0131, yasal yenili\u011fi ilerletti ve Vilnius ve Kaunas gibi \u015fehirlerde Barok sanat ve mimarisinin \u00e7i\u00e7eklenmesini s\u00fcrd\u00fcrd\u00fc. Yine de Milletler Toplulu\u011fu&#039;nun i\u00e7 b\u00f6l\u00fcnmeleri ve d\u0131\u015f bask\u0131lar\u0131, 1772 ile 1795 aras\u0131nda Rusya, Prusya ve Avusturya taraf\u0131ndan par\u00e7alanmas\u0131yla sonu\u00e7land\u0131. Litvanya&#039;n\u0131n topraklar\u0131 b\u00fcy\u00fck \u00f6l\u00e7\u00fcde Rus egemenli\u011fi alt\u0131na girdi ve y\u00fczy\u0131llarca s\u00fcren \u00f6zy\u00f6netimi par\u00e7alad\u0131.<\/p>\n<p>1918&#039;de, I. D\u00fcnya Sava\u015f\u0131&#039;n\u0131n ard\u0131ndan Litvanyal\u0131lar, ulusal canlanman\u0131n temelleri \u00fczerine bakanl\u0131klar, yasama organlar\u0131 ve demiryollar\u0131 kurarak yenilenmi\u015f bir cumhuriyet ilan ettiler. Bu sava\u015f aras\u0131 d\u00f6nemde Vilnius k\u00fclt\u00fcrel dayanak noktas\u0131 ve Kaunas ge\u00e7ici h\u00fck\u00fcmet merkezi olarak sa\u011flamla\u015ft\u0131r\u0131ld\u0131. Yine de, \u00e7alkant\u0131l\u0131 yirminci y\u00fczy\u0131l, 1940&#039;ta Sovyetler Birli\u011fi&#039;nin i\u015fgalini, k\u0131sa bir Nazi kontrol\u00fc aras\u0131n\u0131 ve 1944&#039;te Sovyet otoritesinin yeniden dayat\u0131lmas\u0131n\u0131 getirdi. Silahl\u0131 direni\u015f, ulusal \u00f6zg\u00fcrl\u00fc\u011f\u00fc koruma kararl\u0131l\u0131\u011f\u0131n\u0131n bir kan\u0131t\u0131 olarak, 1950&#039;lerin ba\u015f\u0131na kadar ormanlarda devam etti.<\/p>\n<p>11 Mart 1990&#039;da Litvanya, bunu yapan ilk Sovyet cumhuriyeti olarak ba\u011f\u0131ms\u0131zl\u0131\u011f\u0131n\u0131 geri kazand\u0131rma yolunda ola\u011fan\u00fcst\u00fc bir ad\u0131m att\u0131. Bu cesur iddia, Sovyetlerin resmi da\u011f\u0131lmas\u0131ndan \u00f6nce geldi ve h\u0131zl\u0131 bir kurumsal revizyon d\u00f6nemini ba\u015flatt\u0131. Para reformu, Bat\u0131 normlar\u0131yla yasal uyum ve kat\u0131l\u0131m m\u00fczakereleri, 2004&#039;te NATO ve Avrupa Birli\u011fi&#039;ne, 2007&#039;de Schengen&#039;e ve 2018&#039;de OECD&#039;ye girilmesine yol a\u00e7t\u0131. 1 Ocak 2015&#039;te avronun kabul\u00fc, Avro B\u00f6lgesi ile entegrasyonu tamamlarken, \u0130skandinav Yat\u0131r\u0131m Bankas\u0131 ve D\u00fcnya Ticaret \u00d6rg\u00fct\u00fc&#039;ne \u00fcyelik, Litvanya&#039;n\u0131n k\u00fcresel ekonomik kat\u0131l\u0131m\u0131n\u0131 vurgulad\u0131.<\/p>\n<p>Buzullar\u0131n \u00e7ekilmesiyle \u015fekillenen Litvanya&#039;n\u0131n arazisi, hafif\u00e7e engebeli y\u00fcksek araziler ile d\u00fcz ovalar\u0131n bir araya gelmesini sunar. 294 metre y\u00fckseklikteki Auk\u0161tojas Tepesi \u00fclkenin zirvesidir; ana arteri olan Nemunas Nehri ise g\u00fcneybat\u0131ya do\u011fru akarak Klaip\u0117da&#039;da Balt\u0131k Denizi&#039;ne d\u00f6k\u00fclmeden \u00f6nce Kuron Lag\u00fcn\u00fc&#039;ne gider. Kuron Dili, deniz k\u0131y\u0131s\u0131n\u0131 koruyarak f\u0131rt\u0131na dalgalar\u0131na maruziyeti azalt\u0131r ve kumullar ile \u00e7am kapl\u0131 s\u0131rtlar\u0131n e\u015fsiz ekosistemlerini besler. Arazinin \u00fc\u00e7te birinden fazlas\u0131, Litvanya&#039;n\u0131n en b\u00fcy\u00fc\u011f\u00fc olan Dr\u016bk\u0161iai ve en derini olan Tauragnas gibi g\u00f6llerle serpi\u015ftirilmi\u015f karma ormanlarla kapl\u0131d\u0131r.<\/p>\n<p>53\u00b0 ve 57\u00b0 K enlemleri aras\u0131nda konumlanan Litvanya, i\u00e7 kesimlerde k\u0131tasal u\u00e7 ve k\u0131y\u0131 boyunca denizel \u0131l\u0131manl\u0131k ile \u0131l\u0131man bir iklim ya\u015far. Vilnius, Ocak ay\u0131nda ortalama -6 \u00b0C&#039;lik d\u00fc\u015f\u00fck s\u0131cakl\u0131klara dayan\u0131r ve Temmuz ay\u0131nda 17 \u00b0C&#039;lik maksimuma ula\u015f\u0131rken, k\u0131y\u0131 b\u00f6lgeleri Ocak ay\u0131nda -2,5 \u00b0C&#039;ye yak\u0131n s\u0131cakl\u0131klar ve Temmuz ay\u0131nda 16 \u00b0C&#039;lik y\u00fcksek s\u0131cakl\u0131klar kaydeder. K\u0131\u015flar do\u011fu vadilerinde zaman zaman -40 \u00b0C&#039;nin alt\u0131na d\u00fc\u015fer ve yazlar 35 \u00b0C&#039;ye kadar y\u00fckselebilir. Y\u0131ll\u0131k ya\u011f\u0131\u015f, do\u011fuda 600 mm&#039;den y\u00fcksek Samogitia&#039;da 900 mm&#039;ye kadar de\u011fi\u015fir, Ekim&#039;den Nisan&#039;a kadar kar ya\u011f\u0131\u015f\u0131 yayg\u0131nd\u0131r ve omuz mevsimlerinde seyrek sulu kar g\u00f6r\u00fcl\u00fcr.<\/p>\n<p>\u00dclkenin ekonomik mozai\u011fi tar\u0131msal bask\u0131nl\u0131ktan \u00e7e\u015fitlendirilmi\u015f, y\u00fcksek gelirli bir yap\u0131ya ge\u00e7i\u015f yapt\u0131. Hizmetler GSY\u0130H&#039;n\u0131n &#039;\u0131ndan fazlas\u0131n\u0131, sanayi yakla\u015f\u0131k d\u00f6rtte birini ve tar\u0131m m\u00fctevaz\u0131 bir geri kalan\u0131n\u0131 olu\u015fturuyor. Litvanya, sa\u011flam geni\u015f bant penetrasyonu ve e-y\u00f6netim sistemleri sergileyerek Avrupa&#039;n\u0131n en dijital olarak ba\u011flant\u0131l\u0131 toplumlar\u0131 aras\u0131nda yer al\u0131yor. Limanlar\u0131, \u00f6zellikle Klaip\u0117da&#039;n\u0131n derin su terminali, tah\u0131l, petrol \u00fcr\u00fcnleri ve kereste ticaretini s\u00fcrd\u00fcr\u00fcyor. Nemunas merkezli kargo ta\u015f\u0131mac\u0131l\u0131\u011f\u0131n\u0131 elektrikli gemilerle canland\u0131rmaya y\u00f6nelik iddial\u0131 planlar, \u00e7evresel faydalar ve azalt\u0131lm\u0131\u015f karayolu y\u00fck y\u00fckleri vaat ediyor.<\/p>\n<p>Ta\u015f\u0131ma arterleri aras\u0131nda 122 km&#039;si elektrikli olan 1.762 km geni\u015f hatl\u0131 demir yolu ve Bat\u0131 a\u011flar\u0131yla uyumlulu\u011fu k\u00f6pr\u00fcleyen 115 km Avrupa standart hatl\u0131 demir yolu bulunmaktad\u0131r. Yakla\u015fan Rail Baltica koridoru Kaunas&#039;\u0131 Var\u015fova&#039;ya ve \u00f6tesine ba\u011flayacak, Avrupa&#039;n\u0131n kuzeydo\u011fusunu daha s\u0131k\u0131 bir \u015fekilde \u00f6recek ve aktarma gecikmelerinin yerini alacakt\u0131r. Uluslararas\u0131 endeksler taraf\u0131ndan olumlu de\u011ferlendirilen Litvanya&#039;n\u0131n otoyollar\u0131, ba\u015fkent ve b\u00f6lgesel merkezler aras\u0131nda ba\u011flant\u0131 kurmaktad\u0131r. Yakla\u015f\u0131k 4 milyon yolcuya hizmet veren Vilnius Uluslararas\u0131 Havaalan\u0131, Kaunas, Palanga ve \u0160iauliai merkezleriyle desteklenen birincil bir ge\u00e7it g\u00f6revi g\u00f6rmektedir.<\/p>\n<p>Kent merkezleri katmanl\u0131 tarihlerin bir \u00f6rne\u011fidir. UNESCO D\u00fcnya Miras\u0131 Alan\u0131 olan Vilnius&#039;un Eski Kenti, Gediminas Kulesi&#039;nin incecik sivri ucu etraf\u0131nda Gotik kiliseler, Barok saraylar ve R\u00f6nesans konutlar\u0131 toplar. Bir zamanlar sava\u015flar aras\u0131 ba\u015fkent olan Kaunas, art\u0131k Avrupa Miras\u0131 tan\u0131m\u0131yla korunan bir Art Deco miras\u0131n\u0131 korur. Klaip\u0117da&#039;n\u0131n yar\u0131 ah\u015fap cepheleri Hanseatik ticareti an\u0131msat\u0131rken, Shiauliai&#039;nin Ha\u00e7 Tepesi, \u00e7ok say\u0131da adak an\u0131t\u0131 arac\u0131l\u0131\u011f\u0131yla inan\u00e7 ve direni\u015fe tan\u0131kl\u0131k eder. Panev\u0117\u017eys, dar hatl\u0131 raylar\u0131n ge\u00e7mi\u015f bir d\u00f6nemi \u00e7a\u011fr\u0131\u015ft\u0131rd\u0131\u011f\u0131 parklar\u0131nda tiyatro gelene\u011fini aktar\u0131r.<\/p>\n<p>\u015eehirlerin \u00f6tesinde, Litvanya&#039;n\u0131n etnografik b\u00f6lgeleri yerel ya\u015fam bi\u00e7imlerini s\u00fcrd\u00fcr\u00fcyor. Auk\u0161taitija&#039;da k\u00f6yl\u00fcler berrak g\u00f6ller ve nehirlerin yak\u0131n\u0131nda ah\u015fap \u00e7iftlikler kuruyor. Samogitia&#039;n\u0131n leh\u00e7esi ve folkloru fundal\u0131klar\u0131 ve sulak alanlar\u0131 aras\u0131nda varl\u0131\u011f\u0131n\u0131 s\u00fcrd\u00fcr\u00fcyor. Dz\u016bkija&#039;n\u0131n yo\u011fun \u00e7am ormanlar\u0131 ve batakl\u0131klar\u0131 mantar toplama ve bal zanaat\u0131n\u0131 te\u015fvik ediyor. Suvalkija&#039;n\u0131n geni\u015f tarlalar\u0131 Skilandis domuz eti lezzetleri \u00fcretiyor. Bir zamanlar Germen egemenli\u011fi alt\u0131nda olan Litvanya Minor, Curonian Spit&#039;in UNESCO taraf\u0131ndan korunan kumullar\u0131 ve bal\u0131k\u00e7\u0131 k\u00f6yleri boyunca deniz k\u00fclt\u00fcr\u00fcn\u00fc temsil ediyor.<\/p>\n<p>Mutfak iklimi ve miras\u0131 yans\u0131t\u0131r: vazge\u00e7ilmez bir temel g\u0131da olan \u00e7avdar ekme\u011fi, pancar \u00e7orbalar\u0131na, t\u00fcts\u00fclenmi\u015f etlere ve ek\u015fi kremadan lor peynirine kadar s\u00fct temel g\u0131dalar\u0131na e\u015flik eder. K\u0131y\u0131 topluluklar\u0131 ringa bal\u0131\u011f\u0131 ve tatl\u0131 su bal\u0131klar\u0131n\u0131 tercih ederken, i\u00e7 kesimlerdeki sofra yemekleri Alman ve Balt\u0131k etkilerini an\u0131msat\u0131r. Hem \u00e7iftlik hem de mikro bira olmak \u00fczere bira, y\u00fczlerce mutfakta ve k\u00fc\u00e7\u00fck bira fabrikas\u0131nda \u00fcretilir ve Avrupa&#039;n\u0131n ki\u015fi ba\u015f\u0131na d\u00fc\u015fen t\u00fcketicileri aras\u0131nda \u00f6nde gelen bir konumda kal\u0131r. Sofran\u0131n finalinde genellikle gelene\u011fi Hristiyanl\u0131k \u00f6ncesi rit\u00fcellere kadar uzanan bir bal \u015farab\u0131 olan medus yer al\u0131r.<\/p>\n<p>K\u00fclt\u00fcrel ifadeler halk danslar\u0131ndan ve dolamba\u00e7l\u0131 sutartin\u0117s ilahilerinden ah\u0131r tiyatrosuna ve etnografik fuarlara kadar uzan\u0131r. Antik gamal\u0131 ha\u00e7lar da dahil olmak \u00fczere g\u00fcne\u015f motifleri, yirminci y\u00fczy\u0131ldaki \u00e7arp\u0131t\u0131lmalar\u0131ndan \u00f6nce koruma t\u0131ls\u0131mlar\u0131 olarak varl\u0131\u011f\u0131n\u0131 s\u00fcrd\u00fcrmektedir. Pagan tepe kalelerinde ve neo-Gotik kiliselerde sayg\u0131l\u0131 etkile\u015fim, Litvanya&#039;n\u0131n ikili manevi y\u00f6nlerini anlamak i\u00e7in merkezi bir \u00f6neme sahiptir.<\/p>\n<p>Turizm, 2023&#039;te 1,1 milyondan fazla yabanc\u0131 ziyaret\u00e7iyle (her \u00fc\u00e7 sakinden biri) ve 12 milyonu a\u015fan i\u00e7 seyahatlerle GSY\u0130H&#039;ye \u00f6nemli \u00f6l\u00e7\u00fcde katk\u0131da bulunmaktad\u0131r. Vilnius&#039;un Barok sokaklar\u0131, Druskininkai&#039;nin spa tap\u0131naklar\u0131 ve Curonian Spit&#039;in beyaz kumlar\u0131, mimari, sa\u011fl\u0131k ve do\u011fa harikas\u0131 merakl\u0131lar\u0131n\u0131 kendine \u00e7ekmektedir. Trakai&#039;nin kalelerle dolu g\u00f6llerinin \u00fczerinde balonla u\u00e7mak ve ormanlar ve k\u0131y\u0131 manzaralar\u0131 aras\u0131nda EuroVelo rotalar\u0131nda pedal \u00e7evirmek, elle tutulur bir yer duygusu uyand\u0131r\u0131r.<\/p>\n<p>Demografik olarak, Litvanya Avrupa&#039;n\u0131n en homojen uluslar\u0131 aras\u0131ndad\u0131r: Balt\u0131klar \u00e7o\u011funlu\u011fu olu\u015fturur ve Avrupa&#039;n\u0131n en eski ya\u015fayan Hint-Avrupa dili olan Litvanyaca konu\u015furlar. Ortanca ya\u015f 44&#039;t\u00fcr ve do\u011furganl\u0131k oranlar\u0131 kentsel g\u00f6\u00e7\u00fcn ve gecikmi\u015f aile olu\u015fumunun bir yan \u00fcr\u00fcn\u00fc olan yenilemenin alt\u0131nda kalmaktad\u0131r. Cinsiyet oranlar\u0131 gen\u00e7 gruplarda erkekleri desteklerken, k\u0131demli s\u0131ralar kad\u0131nlar\u0131 e\u011fmektedir. Genetik \u00e7al\u0131\u015fmalar Litvanyal\u0131lar\u0131 Letonyal\u0131lar, Estonyal\u0131lar ve kom\u015fu Slav ve Fin-Ugor pop\u00fclasyonlar\u0131yla yak\u0131ndan ili\u015fkilendirerek binlerce y\u0131ll\u0131k b\u00f6lgesel ba\u011flant\u0131y\u0131 vurgular.<\/p>\n<p>Litvanya&#039;n\u0131n modern kimli\u011fi, tarihsel denemelerinden ayr\u0131lamazd\u0131r - Cermen bask\u0131nlar\u0131, b\u00f6l\u00fcnmeler, i\u015fgaller ve direni\u015f hareketleri \u00f6l\u00e7\u00fcl\u00fc bir azim ruhu olu\u015fturmu\u015ftur. Sovyet bask\u0131s\u0131 ve Holokost trajedilerinin kamusal haf\u0131zas\u0131, medeni s\u00f6ylemi bilgilendirir. \u00c7a\u011fda\u015f d\u0131\u015f ili\u015fkiler, Rusya ve \u00c7in ile ihtiyatl\u0131 bir etkile\u015fimin yan\u0131 s\u0131ra Ukrayna ve Tayvan&#039;\u0131n kendi kaderini tayin etmelerine y\u00f6nelik kararl\u0131 destekle \u015fekillenir ve Litvanya&#039;n\u0131n kendi ba\u011f\u0131ms\u0131zl\u0131k m\u00fccadeleleriyle paralellik g\u00f6sterir.<\/p>\n<p>Yirmi birinci y\u00fczy\u0131l\u0131n \u015fafa\u011f\u0131nda, Litvanya, Do\u011fu Avrupa geleneklerini Bat\u0131 entegrasyonuyla harmanlayarak egemenli\u011fini yeniden iddia eden bir ulusun \u00f6rne\u011fidir. Ormanlar\u0131 ve tarlalar\u0131, saraylar\u0131 ve parlamentosu, halk gelenekleri ve dijital h\u0131rslar\u0131, yenili\u011fe do\u011fru bir yol \u00e7izerken miras\u0131na sayg\u0131 duyan bir \u00fclkenin portresini \u00e7izer. \u0130ster Vilnius&#039;un Arnavut kald\u0131r\u0131ml\u0131 sokaklar\u0131ndan, ister Nida&#039;n\u0131n r\u00fczgarl\u0131 kumullar\u0131ndan g\u00f6zlemlensin, Litvanya ge\u00e7mi\u015fin her zaman mevcut oldu\u011fu, halk\u0131 a\u00e7\u0131k y\u00fcrekli ancak uyan\u0131k bir gelece\u011fe y\u00f6nlendiren bir diyar olmaya devam ediyor.<\/p>","protected":false},"excerpt":{"rendered":"<p>Kuzey Avrupa&#039;da bulunan Litvanya, \u00f6nemli bir tarihi, k\u00fclt\u00fcrel ve do\u011fal mirasa sahiptir. Resmen Litvanya Cumhuriyeti olan bu k\u00fc\u00e7\u00fck ama enerjik \u00fclke, stratejik olarak do\u011fu Balt\u0131k Denizi&#039;nde yer al\u0131r. Litvanya, kuzeyde Letonya, do\u011fuda Belarus, g\u00fcneyde Polonya ve g\u00fcneybat\u0131da \u00e7e\u015fitli 65.300 kilometrekarelik arazisi \u00fczerinde Rus eksklav\u0131 Kaliningrad Oblast\u0131 ile s\u0131n\u0131r kom\u015fusudur. Bat\u0131da \u0130sve\u00e7 ile deniz s\u0131n\u0131r\u0131n\u0131 koruyan \u00fclke, daha geni\u015f Balt\u0131k b\u00f6lgesiyle ba\u011flar\u0131n\u0131 da g\u00fc\u00e7lendirmektedir.<\/p>","protected":false},"author":1,"featured_media":4909,"parent":24078,"menu_order":0,"comment_status":"closed","ping_status":"closed","template":"elementor_theme","meta":{"_eb_attr":"","footnotes":""},"class_list":["post-11553","page","type-page","status-publish","has-post-thumbnail"],"_links":{"self":[{"href":"https:\/\/travelshelper.com\/tr\/wp-json\/wp\/v2\/pages\/11553","targetHints":{"allow":["GET"]}}],"collection":[{"href":"https:\/\/travelshelper.com\/tr\/wp-json\/wp\/v2\/pages"}],"about":[{"href":"https:\/\/travelshelper.com\/tr\/wp-json\/wp\/v2\/types\/page"}],"author":[{"embeddable":true,"href":"https:\/\/travelshelper.com\/tr\/wp-json\/wp\/v2\/users\/1"}],"replies":[{"embeddable":true,"href":"https:\/\/travelshelper.com\/tr\/wp-json\/wp\/v2\/comments?post=11553"}],"version-history":[{"count":0,"href":"https:\/\/travelshelper.com\/tr\/wp-json\/wp\/v2\/pages\/11553\/revisions"}],"up":[{"embeddable":true,"href":"https:\/\/travelshelper.com\/tr\/wp-json\/wp\/v2\/pages\/24078"}],"wp:featuredmedia":[{"embeddable":true,"href":"https:\/\/travelshelper.com\/tr\/wp-json\/wp\/v2\/media\/4909"}],"wp:attachment":[{"href":"https:\/\/travelshelper.com\/tr\/wp-json\/wp\/v2\/media?parent=11553"}],"curies":[{"name":"wp","href":"https:\/\/api.w.org\/{rel}","templated":true}]}}