{"id":11520,"date":"2024-09-13T01:07:08","date_gmt":"2024-09-13T01:07:08","guid":{"rendered":"https:\/\/travelshelper.com\/staging\/?page_id=11520"},"modified":"2026-03-12T18:25:02","modified_gmt":"2026-03-12T18:25:02","slug":"luksemburg","status":"publish","type":"page","link":"https:\/\/travelshelper.com\/tr\/destinations\/europe\/luxembourg\/","title":{"rendered":"L\u00fcksemburg"},"content":{"rendered":"<p>L\u00fcksemburg B\u00fcy\u00fck D\u00fckal\u0131\u011f\u0131, Bat\u0131 Avrupa&#039;n\u0131n kalbinde 2.586 kilometrekarelik bir alan\u0131 kaplar ve 2025 itibar\u0131yla 681.973 ki\u015filik bir n\u00fcfusu bar\u0131nd\u0131r\u0131r. Bat\u0131da ve kuzeyde Bel\u00e7ika, do\u011fuda Almanya ve g\u00fcneyde Fransa aras\u0131nda yer alan bu egemen b\u00fcy\u00fck d\u00fckal\u0131k, kompakt boyutlar\u0131 ola\u011fan\u00fcst\u00fc \u00f6nemle birle\u015ftirir. Ba\u015fkenti L\u00fcksemburg \u015eehri, etkileyici nehir vadilerinin tepesinde yer al\u0131r ve Avrupa Birli\u011fi&#039;nin ba\u015fl\u0131ca merkezlerinden biri olarak hizmet verir ve di\u011fer kurumlar\u0131n yan\u0131 s\u0131ra Avrupa Birli\u011fi Adalet Divan\u0131&#039;na ev sahipli\u011fi yapar. L\u00fcksemburg, m\u00fctevaz\u0131 geni\u015fli\u011finde y\u00fczy\u0131llarca s\u00fcren tarihi, kom\u015fular\u0131ndan gelen k\u00fclt\u00fcrel ak\u0131mlar\u0131 ve sat\u0131n alma g\u00fcc\u00fc standartlar\u0131na g\u00f6re s\u00fcrekli olarak d\u00fcnyan\u0131n en zenginleri aras\u0131nda yer alan bir ekonomiyi bir araya getirir.<\/p>\n<p>L\u00fcksemburg&#039;un hikayesi, L\u00fcksemburg Kontlu\u011fu&#039;nun on birinci y\u00fczy\u0131lda Kutsal Roma \u0130mparatorlu\u011fu himayesinde ortaya \u00e7\u0131kt\u0131\u011f\u0131 Y\u00fcksek Orta \u00c7a\u011f&#039;da ba\u015flar. H\u00fck\u00fcmdarlar\u0131n\u0131n y\u00fckseli\u015fi, on d\u00f6rd\u00fcnc\u00fc y\u00fczy\u0131l\u0131n ba\u015flar\u0131nda VII. Henry&#039;nin imparatorlu\u011fa y\u00fckselmesiyle doru\u011fa ula\u015fm\u0131\u015f ve s\u0131n\u0131rlar\u0131n\u0131n \u00f6tesine uzanan hanedan etkisi i\u00e7in bir emsal olu\u015fturmu\u015ftur. Habsburg egemenli\u011fi on be\u015finci y\u00fczy\u0131lda geldi ve on sekizinci y\u00fczy\u0131lda Frans\u0131z ilhak\u0131ndan ge\u00e7tikten sonra, b\u00f6lge topraklar\u0131n\u0131 a\u015f\u0131nd\u0131ran \u00fc\u00e7 ard\u0131\u015f\u0131k b\u00f6l\u00fcnmeye katland\u0131. 1815&#039;teki Viyana Kongresi, L\u00fcksemburg&#039;un egemenli\u011fini yeniden sa\u011flad\u0131, ancak tam ba\u011f\u0131ms\u0131zl\u0131k ancak 1867&#039;deki L\u00fcksemburg Krizi&#039;nden sonra -Avrupal\u0131 \u200b\u200bg\u00fc\u00e7lerin kaderi konusunda \u00e7at\u0131\u015fman\u0131n e\u015fi\u011finde oldu\u011fu zaman- garanti alt\u0131na al\u0131nd\u0131 \u200b\u200bve kale kasabas\u0131 ortadan kald\u0131r\u0131ld\u0131.<\/p>\n<p>Topo\u011frafya, B\u00fcy\u00fck D\u00fckal\u0131\u011f\u0131 iki z\u0131t b\u00f6lgeye ay\u0131r\u0131r. \u00c9islek veya Oesling olarak bilinen kuzeydeki \u00fc\u00e7te birlik k\u0131s\u0131m, engebeli tepeleri ve ormanl\u0131k yaylalar\u0131yla Ardennes&#039;in bir par\u00e7as\u0131n\u0131 olu\u015fturur. Burada, k\u00f6yler dar vadiler boyunca k\u00fcmelenir ve en y\u00fcksek rak\u0131mlar\u2014560 metredeki Kneiff ve 559 metredeki Buurgplaatz\u2014sadece manzaray\u0131 kontrol edebilecek kadar y\u00fckselir, ancak izole etmeyecek kadar. Buna kar\u015f\u0131l\u0131k, g\u00fcneydeki \u00fc\u00e7te ikilik k\u0131s\u0131m, Guttland, daha yumu\u015fak bir arazi ortaya koyar ve n\u00fcfusun \u00e7o\u011funlu\u011funa ev sahipli\u011fi yapar. L\u00fcksemburg \u015eehri&#039;ni be\u015fi\u011fe alan kumta\u015f\u0131 platosu, do\u011fuya do\u011fru &#034;K\u00fc\u00e7\u00fck \u0130svi\u00e7re&#034;nin engebeli ormanlar\u0131na yol verirken, g\u00fcneydo\u011fudaki Moselle vadisi \u00fcz\u00fcm ba\u011flar\u0131na d\u00f6n\u00fc\u015f\u00fcr. Bir zamanlar \u00e7elik end\u00fcstrisinin atan kalbi olan K\u0131z\u0131l Topraklar, hala \u00fclkenin b\u00fcy\u00fck kasabalar\u0131n\u0131n \u00e7o\u011funa ev sahipli\u011fi yapmaktad\u0131r.<\/p>\n<p>Bu \u00e7e\u015fitli manzara, hem s\u0131n\u0131r\u0131 hem de kimli\u011fi \u015fekillendiren nehirler taraf\u0131ndan ge\u00e7ilir. Moselle, Sauer ve Our nehirleri, ticaret ve k\u00fclt\u00fcr i\u00e7in yollar \u00e7izen vadileriyle Almanya ile do\u011fu s\u0131n\u0131r\u0131n\u0131 belirler. \u0130\u00e7 kesimlerde, Alzette, Attert, Clerve ve Wiltz gibi kollar, bir zamanlar feodal lordluklar\u0131 tan\u0131mlayan ve bug\u00fcn kasabalar\u0131 karayolu ve demiryoluyla birle\u015ftiren vadileri oymaktad\u0131r. Orta Sauer ve Attert vadileri ayr\u0131ca ormanl\u0131k kuzey ile verimli topraklar\u0131n yerle\u015fim ve end\u00fcstriyi te\u015fvik etti\u011fi daha kalabal\u0131k g\u00fcney aras\u0131nda do\u011fal bir s\u0131n\u0131r g\u00f6revi g\u00f6r\u00fcr.<\/p>\n<p>L\u00fcksemburg&#039;un \u00e7ok dilli karakteri, Romantizm ve Cermen Avrupa aras\u0131ndaki konumunu yans\u0131t\u0131r. L\u00fcksemburgca\u2014Y\u00fcksek Almanca&#039;n\u0131n Moselle Franconian leh\u00e7esi\u2014ulusal dil ve yerel kimli\u011fin simgesi olarak hizmet ederken, Frans\u0131zca yasama i\u00e7in m\u00fcnhas\u0131r bir stat\u00fcye sahiptir ve hem Frans\u0131zca hem de Almanca idari g\u00f6revleri payla\u015f\u0131r. Bu dil \u00fc\u00e7l\u00fcs\u00fc g\u00fcnl\u00fck ya\u015fama n\u00fcfuz eder: ebeveynler pazarda L\u00ebtzebuergesch konu\u015fur, memurlar Frans\u0131zca yasalar\u0131 takip eder ve b\u00f6lgesel bas\u0131n Almanca man\u015fetler ve Frans\u0131zca altyaz\u0131lar aras\u0131nda ge\u00e7i\u015f yapar. Sonu\u00e7, y\u00fczy\u0131llard\u0131r de\u011fi\u015fen egemenlikleri ve ittifaklar\u0131 yans\u0131tan bir ileti\u015fim s\u00fcreklili\u011fidir.<\/p>\n<p>Ekonomik olarak, B\u00fcy\u00fck D\u00fckal\u0131k boyutuna meydan okuyor. Y\u00fcksek gelirli, \u00e7e\u015fitlendirilmi\u015f ve d\u0131\u015fa d\u00f6n\u00fck, ki\u015fi ba\u015f\u0131na d\u00fc\u015fen gelir baz\u0131nda d\u00fcnyan\u0131n en zenginleri aras\u0131nda yer al\u0131yor. G\u00fc\u00e7l\u00fc finansal hizmetler, kendini y\u00fcksek teknolojiye d\u00f6n\u00fc\u015ft\u00fcren kal\u0131c\u0131 bir \u00e7elik miras\u0131 ve bir dizi Avrupa kurumu \u0131l\u0131ml\u0131 b\u00fcy\u00fcmeyi ve d\u00fc\u015f\u00fck enflasyonu destekliyor. L\u00fcksemburg ayr\u0131ca inovasyona b\u00fcy\u00fck yat\u0131r\u0131mlar yap\u0131yor: K\u00fcresel \u0130novasyon Endeksi konumu, ya\u015fam kalitesi s\u0131ralamas\u0131 ve insan geli\u015fimi g\u00f6stergeleri onu hem AB \u00fcye \u00fclkeleri hem de OECD akranlar\u0131 aras\u0131nda d\u00fczenli olarak zirveye yerle\u015ftiriyor. \u0130\u015fsizlik geleneksel olarak d\u00fc\u015f\u00fck kald\u0131, ancak \u00fclke k\u00fcresel gerilemelerin sars\u0131nt\u0131lar\u0131ndan zar zor kurtuldu.<\/p>\n<p>Ula\u015f\u0131m, L\u00fcksemburg&#039;un ba\u011flant\u0131 ve toplumsal refaha olan ba\u011fl\u0131l\u0131\u011f\u0131n\u0131 temsil ediyor. Yol altyap\u0131s\u0131 \u00fclkeyi \u00e7aprazlayarak ba\u015fkenti birka\u00e7 saat i\u00e7inde Br\u00fcksel, Paris ve Frankfurt&#039;a ba\u011fl\u0131yor. Aral\u0131k 2017&#039;den bu yana, tramvay hatt\u0131n\u0131n yeniden hizmete girmesi, yo\u011fun bir otob\u00fcs a\u011f\u0131n\u0131 ve hatlar\u0131 B\u00fcy\u00fck D\u00fckal\u0131k&#039;\u0131n her k\u00f6\u015fesine ve \u00f6tesine kadar uzanan ulusal demir yolu CFL&#039;yi tamaml\u0131yor. 29 \u015eubat 2020&#039;de \u00e7\u0131\u011f\u0131r a\u00e7an bir reformla L\u00fcksemburg, t\u00fcm i\u00e7 toplu ta\u015f\u0131ma sistemini \u00fccretsiz hale getiren ilk \u00fclke oldu ve sakinleri ve ziyaret\u00e7ileri bilet bariyerleri olmadan otob\u00fcs, tren veya tramvayla ke\u015ffetmeye davet etti.<\/p>\n<p>Bu a\u00e7\u0131kl\u0131k hissi, \u00fclkenin ba\u015fkentine kadar uzan\u0131yor. Alzette ve P\u00e9trusse vadilerinin birle\u015fti\u011fi u\u00e7urumlar\u0131n \u00fczerine kurulmu\u015f L\u00fcksemburg \u015eehri&#039;nin eski mahalleleri, katmanl\u0131 bir zaman hissiyle doludur. Kayadan yontulmu\u015f surlar, y\u00fczy\u0131llarca s\u00fcren askeri m\u00fccadelelerden sa\u011f kurtulmu\u015f ve \u015fimdi Bock burnunun alt\u0131nda karma\u015f\u0131k bir kazamat ve kap\u0131 a\u011f\u0131 olu\u015fturuyor. Genellikle &#034;Avrupa&#039;n\u0131n en g\u00fczel balkonu&#034; olarak adland\u0131r\u0131lan Chemin de la Corniche&#039;de y\u00fcr\u00fcmek, Neum\u00fcnster Manast\u0131r\u0131&#039;n\u0131n k\u00fclt\u00fcrel bir merkez olarak yeni bir hayat buldu\u011fu alt \u015fehrin panoramik manzaralar\u0131n\u0131 sunar. Notre-Dame Katedrali&#039;nin gotik kuleleri yak\u0131nlarda y\u00fckselirken, sade cephesi ve t\u00f6ren muhaf\u0131zlar\u0131yla B\u00fcy\u00fck D\u00fck Saray\u0131, d\u00fcnyan\u0131n kalan tek egemen b\u00fcy\u00fck d\u00fckl\u00fc\u011f\u00fcn\u00fcn kan\u0131t\u0131 olarak duruyor.<\/p>\n<p>Ba\u015fkentin \u00f6tesinde, L\u00fcksemburg&#039;un kasabalar\u0131 daha sakin ritimleri ve benzersiz cazibeleri b\u00fcnyesinde bar\u0131nd\u0131r\u0131yor. Yedinci y\u00fczy\u0131lda bir Benediktin manast\u0131r\u0131n\u0131n etraf\u0131nda kurulan Echternach, hala Aziz Willibrord&#039;un dinlendi\u011fi bazilikaya ev sahipli\u011fi yap\u0131yor. Y\u00fczy\u0131llard\u0131r dar sokaklarda yap\u0131lan dans ve hac gelene\u011fi olan y\u0131ll\u0131k Whit Tuesday alay\u0131 hem inanc\u0131 hem de toplumsal haf\u0131zay\u0131 canland\u0131r\u0131yor. Kuzeydo\u011fu ucundaki Vianden, Our Nehri&#039;nin \u00fczerinde y\u00fckselen bir orta\u00e7a\u011f kalesini \u00e7er\u00e7eveliyor. On dokuzuncu y\u00fczy\u0131l ihti\u015fam\u0131na kavu\u015fturulan kale, yak\u0131nlarda konaklayan ve surlar\u0131nda Romantik hayal g\u00fcc\u00fc i\u00e7in bir ilham kayna\u011f\u0131 bulan Victor Hugo&#039;nun romanlar\u0131n\u0131 hat\u0131rlat\u0131yor. G\u00fcneyde, Moselle \u015farap rotas\u0131, nehrin kenar\u0131nda arduvaz \u00e7at\u0131l\u0131 evlerin k\u00fcmelendi\u011fi ve Riesling asmalar\u0131n\u0131n yama\u00e7lar\u0131 s\u00fcsledi\u011fi Remich gibi k\u00f6ylerin aras\u0131ndan ge\u00e7iyor.<\/p>\n<p>L\u00fcksemburg&#039;un k\u00fclt\u00fcrel ya\u015fam\u0131 mimari ve manzaran\u0131n \u00f6tesinde yank\u0131lan\u0131r. Ba\u015fkentteki m\u00fczeler, Roma mozaikleri ve g\u00fczel sanat koleksiyonlar\u0131yla Ulusal Tarih ve Sanat M\u00fczesi&#039;nden, cam ve beton galerileri P\u00e9trusse vadisine bakan Grand Duke Jean Modern Sanat M\u00fczesi&#039;ne (MU DAM) kadar uzan\u0131r. Diekirch&#039;te, Ulusal Askeri Tarih M\u00fczesi, yirminci y\u00fczy\u0131l\u0131 \u015fekillendiren fedakarl\u0131klar\u0131n an\u0131s\u0131n\u0131 koruyarak, Ardenler Muharebesi&#039;ni \u00f6l\u00e7ekli modeller ve s\u00f6zl\u00fc tarihlerle kaydeder. Halk gelenekleri de, tar\u0131m\u0131n ve k\u0131rsal zanaat\u0131n h\u00fck\u00fcm s\u00fcrd\u00fc\u011f\u00fc bir zaman\u0131 hat\u0131rlatan k\u0131rsal festivallerde ve bando konserlerinde varl\u0131\u011f\u0131n\u0131 s\u00fcrd\u00fcrmektedir.<\/p>\n<p>Mutfak gelenekleri ayn\u0131 etki birle\u015fimini izler. Doyurucu halk yemekleri k\u0131rsal miras\u0131 yans\u0131t\u0131r: judd mat gaardebounen, bakla ile t\u00fcts\u00fclenmi\u015f domuz yakas\u0131, resmi olmayan ulusal tabak olmaya devam ederken, gromperekichelcher (\u00e7\u0131t\u0131r \u00e7\u0131t\u0131r k\u0131zarm\u0131\u015f patates kekleri) pazarlarda ve \u015fenliklerde g\u00f6r\u00fcl\u00fcr. Frans\u0131z tarz\u0131 bistrolar c\u00f6mert porsiyonlarda coq au Riesling servis eder ve Portekiz ve \u0130talyan g\u00f6\u00e7\u00fcn\u00fcn miras\u0131, Diekirch ve Bofferding gibi L\u00fcksemburg biralar\u0131n\u0131n yan\u0131nda past\u00e9is de nata ve ince hamurlu pizzalarda belirgindir. Moselle vadisinin beyaz \u015faraplar\u0131 (Riesling, Auxerrois, Pinot Gris ve Elbling), k\u00f6ylerin her zaman pop\u00fcler \u015farap tad\u0131m fuarlar\u0131na ev sahipli\u011fi yapt\u0131\u011f\u0131 sonbahar \u00fcz\u00fcm hasad\u0131 festivallerine e\u015flik eder.<\/p>\n<p>Turizm bir rol oynarken, B\u00fcy\u00fck D\u00fckal\u0131k kararl\u0131 bir \u015fekilde kendisi olmaya devam ediyor: \u00f6nemli olan k\u00fc\u00e7\u00fck bir \u00fclke. Toplu ta\u015f\u0131ma \u00fccretlerini kald\u0131rma karar\u0131, ziyaret\u00e7i say\u0131lar\u0131na de\u011fil, medeni eri\u015fime verilen de\u011feri yans\u0131t\u0131yor. \u00c7ok dillili\u011fe olan ba\u011fl\u0131l\u0131\u011f\u0131, monologdan ziyade diyalo\u011fa olan inanc\u0131n alt\u0131n\u0131 \u00e7iziyor. Ve surlar\u0131n ve eski mahallelerin korunmas\u0131, miras\u0131n ticari bir varl\u0131k de\u011fil, ge\u00e7mi\u015f ile \u015fimdiki zaman aras\u0131nda ya\u015fayan bir diyalog oldu\u011fu anlay\u0131\u015f\u0131n\u0131 ortaya koyuyor.<\/p>\n<p>Y\u00fczy\u0131llarca de\u011fi\u015fen hanedanlar ve de\u011fi\u015fen s\u0131n\u0131rlar boyunca L\u00fcksemburg, boyutunu a\u015fan bir kimlik olu\u015fturmu\u015ftur. Ne Bel\u00e7ika, ne Fransa, ne de Almanya&#039;d\u0131r; \u00fc\u00e7\u00fcn\u00fcn de \u015fekillendirdi\u011fi belirgin bir krall\u0131kt\u0131r. B\u00fcy\u00fck bir d\u00fckl\u00fck, parlamenter bir demokrasi, bir finans merkezi, ye\u015fil bir orman ve \u00fcz\u00fcm ba\u011flar\u0131 a\u011f\u0131, dillerin ve fikirlerin kav\u015fa\u011f\u0131d\u0131r. Sadece gezmekten daha fazlas\u0131n\u0131 arayan gezginler i\u00e7in -daha derin bir yer duygusu- L\u00fcksemburg hem samimiyet hem de geni\u015flik sunar: \u00f6\u011fle g\u00fcne\u015fiyle \u0131s\u0131nan bir k\u00f6y soka\u011f\u0131 kadar samimi, Avrupa&#039;n\u0131n kendisi hakk\u0131nda bir fikir kadar geni\u015f, tarihle dolu ve yar\u0131na dikkat eden.<\/p>\n<p>\u00d6l\u00e7ek ve en \u00fcst\u00fcnl\u00fcklerle tan\u0131mlanan bir k\u0131tada L\u00fcksemburg, \u00f6nemini denge ve tutarl\u0131l\u0131kla ortaya koyar. Zenginli\u011fin enginlikte oldu\u011fu kadar insan \u00f6l\u00e7e\u011finde de yatabilece\u011fini g\u00f6sterir: manast\u0131rlarda ve y\u00fckselen viyad\u00fcklerde, f\u0131s\u0131ldanan leh\u00e7elerde ve y\u00fcksek h\u0131zl\u0131 trenlerin g\u00fcr\u00fclt\u00fcs\u00fcnde, geni\u015f g\u00f6ky\u00fcz\u00fcne kar\u015f\u0131 konumland\u0131r\u0131lm\u0131\u015f minyat\u00fcr kalelerde. S\u0131n\u0131rlar\u0131n b\u00f6lmek i\u00e7in de\u011fil, i\u00e7 i\u00e7e ge\u00e7mek i\u00e7in birle\u015fti\u011fi, k\u00fclt\u00fcr\u00fcn sloganlara indirgenmedi\u011fi, konu\u015fman\u0131n ritminde ve yerel bir \u015farab\u0131n tad\u0131nda ya\u015fad\u0131\u011f\u0131 bir \u00fclke buras\u0131. L\u00fcksemburg, sessiz tarz\u0131yla birli\u011fin ne anlama gelebilece\u011fi ve k\u00fc\u00e7\u00fck bir siyasi yap\u0131n\u0131n kendini bilerek daha geni\u015f d\u00fcnyay\u0131 nas\u0131l ayd\u0131nlatabilece\u011fi \u00fczerine d\u00fc\u015f\u00fcnmeye davet ediyor.<\/p>","protected":false},"excerpt":{"rendered":"<p>Resmen L\u00fcksemburg B\u00fcy\u00fck D\u00fckal\u0131\u011f\u0131 olarak an\u0131lan L\u00fcksemburg, Bat\u0131 Avrupa&#039;n\u0131n merkezinde yer alan k\u00fc\u00e7\u00fck ama dikkat \u00e7ekici bir \u00fclkedir. S\u0131n\u0131rl\u0131 boyutlar\u0131na ra\u011fmen bu kara \u00fclkesi, Avrupa meselelerinde \u00f6nemli bir rol oynar ve k\u00fclt\u00fcrel etkiler, ekonomik refah ve politik \u00f6nemin kendine \u00f6zg\u00fc bir kar\u0131\u015f\u0131m\u0131na sahiptir. Bat\u0131 Avrupa&#039;n\u0131n kesi\u015fti\u011fi noktada bulunan L\u00fcksemburg, \u00fc\u00e7 \u00fclkeyle s\u0131n\u0131r kom\u015fusudur: Bat\u0131da ve kuzeyde Bel\u00e7ika, do\u011fuda Almanya ve g\u00fcneyde Fransa. Bu stratejik konum, L\u00fcksemburg&#039;un tarihini, k\u00fclt\u00fcr\u00fcn\u00fc ve dil \u00e7e\u015fitlili\u011fini y\u0131llar boyunca etkilemi\u015ftir.<\/p>","protected":false},"author":1,"featured_media":3095,"parent":24078,"menu_order":0,"comment_status":"closed","ping_status":"closed","template":"elementor_theme","meta":{"_eb_attr":"","footnotes":""},"class_list":["post-11520","page","type-page","status-publish","has-post-thumbnail"],"_links":{"self":[{"href":"https:\/\/travelshelper.com\/tr\/wp-json\/wp\/v2\/pages\/11520","targetHints":{"allow":["GET"]}}],"collection":[{"href":"https:\/\/travelshelper.com\/tr\/wp-json\/wp\/v2\/pages"}],"about":[{"href":"https:\/\/travelshelper.com\/tr\/wp-json\/wp\/v2\/types\/page"}],"author":[{"embeddable":true,"href":"https:\/\/travelshelper.com\/tr\/wp-json\/wp\/v2\/users\/1"}],"replies":[{"embeddable":true,"href":"https:\/\/travelshelper.com\/tr\/wp-json\/wp\/v2\/comments?post=11520"}],"version-history":[{"count":0,"href":"https:\/\/travelshelper.com\/tr\/wp-json\/wp\/v2\/pages\/11520\/revisions"}],"up":[{"embeddable":true,"href":"https:\/\/travelshelper.com\/tr\/wp-json\/wp\/v2\/pages\/24078"}],"wp:featuredmedia":[{"embeddable":true,"href":"https:\/\/travelshelper.com\/tr\/wp-json\/wp\/v2\/media\/3095"}],"wp:attachment":[{"href":"https:\/\/travelshelper.com\/tr\/wp-json\/wp\/v2\/media?parent=11520"}],"curies":[{"name":"wp","href":"https:\/\/api.w.org\/{rel}","templated":true}]}}