{"id":11462,"date":"2024-09-12T23:32:50","date_gmt":"2024-09-12T23:32:50","guid":{"rendered":"https:\/\/travelshelper.com\/staging\/?page_id=11462"},"modified":"2026-03-12T18:21:10","modified_gmt":"2026-03-12T18:21:10","slug":"moldova","status":"publish","type":"page","link":"https:\/\/travelshelper.com\/tr\/destinations\/europe\/moldova\/","title":{"rendered":"Moldova"},"content":{"rendered":"<p>Moldova Cumhuriyeti, Do\u011fu Avrupa&#039;da 33.483 kilometrekarelik bir alan\u0131 kaplayan ve yakla\u015f\u0131k 2,42 milyon n\u00fcfusa ev sahipli\u011fi yapan denize k\u0131y\u0131s\u0131 olmayan bir \u00fclkedir. Balkan-Karadeniz havzas\u0131n\u0131n kuzeydo\u011fu k\u00f6\u015fesinde yer al\u0131r ve bat\u0131da Romanya, kuzey, do\u011fu ve g\u00fcney s\u0131n\u0131rlar\u0131nda Ukrayna ile \u00e7evrilidir. Ba\u015fkent ve en b\u00fcy\u00fck metropol olan Ki\u015finev, \u00fclkenin siyasi, k\u00fclt\u00fcrel ve ticari merkezi olarak i\u015flev g\u00f6rmektedir.<\/p>\n<p>Moldova&#039;n\u0131n kay\u0131tl\u0131 en eski kimli\u011fi, Osmanl\u0131 egemenli\u011finin bir fief&#039;i olan Moldova Prensli\u011fi&#039;nin bir par\u00e7as\u0131 olarak on d\u00f6rd\u00fcnc\u00fc y\u00fczy\u0131l\u0131n ortalar\u0131nda ortaya \u00e7\u0131kt\u0131. Yakla\u015f\u0131k be\u015f y\u00fczy\u0131l boyunca, prenslik de\u011fi\u015fen s\u00fczerenlerin aras\u0131nda belirgin bir yerel k\u00fclt\u00fcr\u00fc s\u00fcrd\u00fcrd\u00fc. 1812&#039;de Osmanl\u0131 Bab\u0131ali, g\u00fcn\u00fcm\u00fcz Moldova&#039;s\u0131n\u0131n \u00e7o\u011funa kar\u015f\u0131l\u0131k gelen Besarabya eyaletini Rus \u0130mparatorlu\u011fu&#039;na devretti. Besarabya&#039;n\u0131n g\u00fcney kesimleri, 1856&#039;da Moldova ve Eflak prensliklerine yeniden kat\u0131ld\u0131, ancak 1878&#039;deki Berlin Kongresi&#039;nin ard\u0131ndan Rus y\u00f6netimine geri d\u00f6nd\u00fc. Bu sal\u0131n\u0131mlar, idari yap\u0131lar, dil kullan\u0131m\u0131 ve toprak m\u00fclkiyeti sistemleri \u00fczerinde bir iz b\u0131rakt\u0131.<\/p>\n<p>1917&#039;de Saint Petersburg&#039;da ya\u015fanan ayaklanma, yerel meclislerin ilk kez t\u00f6kezleyen bir Rus Cumhuriyeti i\u00e7inde \u00f6zerklik ilan etti\u011fi Besarabya&#039;ya yay\u0131ld\u0131. \u015eubat 1918&#039;de ba\u011f\u0131ms\u0131zl\u0131k bildirgesi onayland\u0131 ve k\u0131sa bir s\u00fcre sonra b\u00f6lge yerel yasama organ\u0131n\u0131n oyu ile Romanya ile birle\u015fti. Bu uyum, Molotov-Ribbentrop Pakt\u0131&#039;n\u0131n B\u00fckre\u015f&#039;i Besarabya ve Kuzey Bukovina&#039;y\u0131 Sovyetler Birli\u011fi&#039;ne devretmeye zorlad\u0131\u011f\u0131 1940 y\u0131l\u0131na kadar devam etti. Sovyet yetkililer, eski Besarabya Valili\u011fi&#039;nin baz\u0131 k\u0131s\u0131mlar\u0131n\u0131 Ukrayna SSR&#039;sinden gelen topraklarla birle\u015ftirerek Moldova Sovyet Sosyalist Cumhuriyeti&#039;ni kurdu.<\/p>\n<p>Sovyetler Birli\u011fi da\u011f\u0131l\u0131rken, Moldova SSC 27 A\u011fustos 1991&#039;de egemenli\u011fini ilan etti ve Moldova Cumhuriyeti ad\u0131n\u0131 ald\u0131. Neredeyse ayn\u0131 zamanda, Dinyester Nehri boyunca uzanan ince bir do\u011fu \u015feridi olan Transdinyester, uluslararas\u0131 tan\u0131nman\u0131n \u00f6tesinde devam eden bir stat\u00fc olan kendi fiili y\u00f6netimini ilan etti. Cumhuriyetin 1994 anayasas\u0131, y\u00fcr\u00fctme yetkisini bir ba\u015fbakana veren ve ba\u015fkanl\u0131\u011f\u0131 t\u00f6rensel temsil i\u00e7in saklayan bir parlamento \u00e7er\u00e7evesi olu\u015fturdu, ancak son zamanlardaki g\u00f6revliler ikincisinin kamu profilini geni\u015fletti.<\/p>\n<p>Ge\u00e7ti\u011fimiz on y\u0131lda, 2020 sonlar\u0131nda yarg\u0131sal d\u00fcr\u00fcstl\u00fck ve Bat\u0131 y\u00f6nelimi platformunda se\u00e7ilen Ba\u015fkan Maia Sandu&#039;nun idaresi alt\u0131nda Moldova, Avrupa Birli\u011fi \u00fcyeli\u011fine y\u00f6nelik teklifini h\u0131zland\u0131rd\u0131. Adayl\u0131k stat\u00fcs\u00fc Haziran 2022&#039;de verildi ve resmi kat\u0131l\u0131m m\u00fczakereleri 13 Aral\u0131k 2023&#039;te ba\u015flad\u0131. Sandu ayr\u0131ca, Rusya&#039;n\u0131n kom\u015fu Ukrayna&#039;ya m\u00fcdahalesini sert bir \u015fekilde k\u0131namas\u0131na ra\u011fmen, toplu g\u00fcvenlik d\u00fczenlemeleriyle daha yak\u0131n bir uyum lehine anayasal askeri tarafs\u0131zl\u0131\u011f\u0131n olas\u0131 bir yeniden de\u011ferlendirilmesini belirtti.<\/p>\n<p>Co\u011frafi olarak Moldova, engebeli tepeler, geni\u015f nehir vadileri ve g\u00fcneyde Bugeac olarak bilinen m\u00fctevaz\u0131 bir ovay\u0131 kaplar. Y\u00fckseklikler, Ukrayna ve Romanya&#039;ya uzanan Moldova Platosu i\u00e7indeki B\u0103l\u0103ne\u0219ti Tepesi&#039;nin tepesinde 430 metreye ula\u015f\u0131r. Alt b\u00f6lgeler aras\u0131nda, orta Moldova&#039;n\u0131n Codri ormanl\u0131k masifleri, kuzeydo\u011fudaki Dinyester Tepeleri ve bat\u0131 s\u0131n\u0131r\u0131ndaki Prut ovalar\u0131 bulunur. D\u00fcnyadaki en verimli topraklardan biri olan Chernozem topraklar\u0131, b\u00f6lgenin yakla\u015f\u0131k d\u00f6rtte \u00fc\u00e7\u00fcn\u00fc kaplar ve \u00f6zellikle ba\u011fc\u0131l\u0131\u011fa uygun uzun s\u00fcredir devam eden bir tar\u0131m gelene\u011fini besler. 1999&#039;da Ukrayna&#039;dan sat\u0131n al\u0131nan Giurgiule\u0219ti&#039;deki dar bir koridor, Moldova&#039;ya Tuna Nehri \u00fczerinde 450 metrelik bir cephe ve dolay\u0131s\u0131yla Karadeniz&#039;e dolayl\u0131 eri\u015fim sa\u011flar.<\/p>\n<p>\u0130klim, Karadeniz&#039;e yak\u0131nl\u0131\u011f\u0131 nedeniyle \u0131l\u0131ml\u0131 bir \u015fekilde karasal olarak kaydedilir. Yazlar be\u015f ay s\u00fcrer ve ortalama en y\u00fcksek s\u0131cakl\u0131klar 20 \u00b0C civar\u0131ndad\u0131r, k\u0131\u015flar ise so\u011fuk ama nadiren a\u015f\u0131r\u0131d\u0131r ve Ocak ay\u0131nda ortalama -4 \u00b0C olur. Y\u0131ll\u0131k ya\u011f\u0131\u015f miktar\u0131 kuzeyde yakla\u015f\u0131k 600 mm&#039;den g\u00fcneyde 400 mm&#039;ye kadar de\u011fi\u015fir ve ilkbahar sonu ve sonbahar ba\u015f\u0131nda yo\u011funla\u015f\u0131r. Yo\u011fun sa\u011fanak ya\u011f\u0131\u015flar yerel erozyona neden olur, ancak kal\u0131c\u0131 kurakl\u0131klar tar\u0131msal d\u00f6ng\u00fcy\u00fc kesintiye u\u011fratabilir. Tarihsel a\u015f\u0131r\u0131l\u0131klar aras\u0131nda 21 Temmuz 2007&#039;de Camenca&#039;da 41,5 \u00b0C ve 20 Ocak 1963&#039;te Br\u0103tu\u0219eni&#039;de -35,5 \u00b0C yer al\u0131r.<\/p>\n<p>Moldova&#039;n\u0131n ekonomisi, ki\u015fi ba\u015f\u0131na d\u00fc\u015fen \u00e7\u0131kt\u0131n\u0131n m\u00fctevaz\u0131 olmas\u0131yla Avrupa \u00fclkeleri aras\u0131nda en alttan ikinci s\u0131rada yer almaktad\u0131r. Hizmet sekt\u00f6r\u00fc bask\u0131nd\u0131r, tar\u0131m ise k\u0131rsal ge\u00e7im kaynaklar\u0131n\u0131n temel ta\u015f\u0131 olmaya devam etmektedir. 1990&#039;lar\u0131n ba\u015f\u0131ndan bu yana ger\u00e7ekle\u015fen ekonomik b\u00fcy\u00fcme, demografik d\u00fc\u015f\u00fc\u015f, \u00f6nemli miktarda d\u0131\u015f g\u00f6\u00e7 ve daha geni\u015f b\u00f6lgesel \u00e7at\u0131\u015fmalardan kaynaklanan son enerji \u015foklar\u0131 taraf\u0131ndan yumu\u015fat\u0131lm\u0131\u015ft\u0131r. N\u00fcfusun \u00f6nemli bir kesimi devlet emeklili\u011fi veya hedefli yard\u0131mlarla ge\u00e7indi\u011fi i\u00e7in sosyal refah sa\u011flanmas\u0131 kritik \u00f6nemini korumaktad\u0131r. Ticaret ortakl\u0131klar\u0131n\u0131 \u00e7e\u015fitlendirme \u00e7abalar\u0131, \u015farap ihracat pazar\u0131n\u0131n \u00e7o\u011funu Rusya&#039;dan Avrupa Birli\u011fi&#039;ne kayd\u0131rm\u0131\u015f olup, 2021&#039;de AB \u00fcye \u00fclkelerine ula\u015fan 120 milyon litreden fazla \u015farap, Rusya&#039;ya sat\u0131lan 8,6 milyon litreye k\u0131yasla daha fazlad\u0131r.<\/p>\n<p>Demografik olarak, Moldova&#039;n\u0131n Ocak 2024 itibar\u0131yla tahmini 2.423.300 sakini vard\u0131. Kentsel sakinler n\u00fcfusun ,4&#039;\u00fcn\u00fc olu\u015ftururken, bunlar\u0131n yakla\u015f\u0131k \u00fc\u00e7te biri Ki\u015finev metropol alan\u0131nda ikamet etmektedir. Yerel olarak s\u0131kl\u0131kla &#039;kuzey ba\u015fkenti&#039; olarak an\u0131lan B\u0103l\u021bi, R\u0103ut Nehri&#039;nin yuvarlanan k\u0131y\u0131lar\u0131nda 100.000&#039;den fazla sakine ev sahipli\u011fi yapan ikinci b\u00fcy\u00fck belediyedir. N\u00fcfusu 150.000&#039;e yak\u0131n olan Tiraspol, tan\u0131nmayan Transdinyester b\u00f6lgesinin idari kalbi olarak hizmet vermektedir. Comrat, g\u00fcneyde \u00f6zerk bir yerle\u015fim b\u00f6lgesi olan Gagauzya&#039;n\u0131n merkezi i\u015flevi g\u00f6rmektedir.<\/p>\n<p>Ya\u015fam beklentisi ortalama 71,5 y\u0131ld\u0131r - erkekler i\u00e7in 67,2 ve kad\u0131nlar i\u00e7in 75,7 - yakla\u015f\u0131k 100 kad\u0131na 90 erkek cinsiyet oran\u0131yla. \u00c7al\u0131\u015fma \u00e7a\u011f\u0131ndaki kad\u0131nlar\u0131n e\u011fitim d\u00fczeyi erkeklerinkini a\u015f\u0131yor, ancak ,6&#039;l\u0131k bir \u00fccret fark\u0131 devam ediyor. Ulusal dil, art\u0131k 2023&#039;ten beri resmi olarak belirlenmi\u015f olan Romence&#039;dir, ancak Rus\u00e7a \u00f6zellikle kentsel ve do\u011fu b\u00f6lgelerinde yayg\u0131n olarak kullan\u0131lmaya devam etmektedir. T\u00fcrk dili olan Gagauz, ad\u0131n\u0131 ta\u015f\u0131yan \u00f6zerk b\u00f6lgenin baz\u0131 k\u0131s\u0131mlar\u0131nda yayg\u0131nd\u0131r. \u0130ngilizce e\u011fitimi 1990&#039;lardan beri geni\u015flemi\u015ftir, ancak uzun s\u00fcreli sohbet i\u00e7in yeterli ak\u0131c\u0131l\u0131k ba\u015fkentin d\u0131\u015f\u0131nda nadirdir.<\/p>\n<p>Moldova&#039;daki k\u00fclt\u00fcrel ya\u015fam, zengin bir dini miras ve kal\u0131c\u0131 bir ba\u011fc\u0131l\u0131k gelene\u011fiyle \u00f6r\u00fcl\u00fcd\u00fcr. 700&#039;den fazla kilise ve 50&#039;den fazla manast\u0131r k\u0131rsal\u0131 noktalamaktad\u0131r. Bunlar aras\u0131nda, R\u0103ut&#039;un sol yakas\u0131nda kire\u00e7 ta\u015f\u0131na oyulmu\u015f ve hala ibadet i\u00e7in kutsanm\u0131\u015f olan Eski Orhei ma\u011fara manast\u0131r kompleksi, orta\u00e7a\u011f Ortodoks dindarl\u0131\u011f\u0131n\u0131n bir simgesi olarak durmaktad\u0131r. Kayal\u0131k kenar\u0131ndaki \u015fapelleri ve biti\u015fik arkeolojik alan\u0131, on ikinci y\u00fczy\u0131la tarihlenen yerle\u015fim izlerini ortaya koymaktad\u0131r. Ki\u015finev&#039;in yakla\u015f\u0131k 40 kilometre kuzeyinde me\u015fe korular\u0131n\u0131n i\u00e7inde yer alan C\u0103priana Manast\u0131r\u0131, \u00fclkenin en s\u0131k ziyaret edilen manevi inzivalar\u0131ndan biri olmaya devam etmektedir.<\/p>\n<p>Moldova&#039;n\u0131n \u015farap mahzenleri d\u00fcnyan\u0131n en kapsaml\u0131lar\u0131 aras\u0131ndad\u0131r. 2005&#039;ten beri Guinness D\u00fcnya Rekorlar\u0131 taraf\u0131ndan tan\u0131nan Mile\u0219tii Mici, 200 kilometreden fazla yeralt\u0131 galerisinden olu\u015fur ve bunlar\u0131n 55 kilometresi aktif olarak kullan\u0131l\u0131r ve iki milyondan fazla \u015fi\u015feye ev sahipli\u011fi yapar. Eski kire\u00e7ta\u015f\u0131 ocaklar\u0131ndan olu\u015fan geni\u015f bir a\u011f olan Cricova, galeri caddeleri boyunca \u015faraplar\u0131n\u0131 k\u00f6kene ve y\u0131la g\u00f6re d\u00fczenlerken, Castel Mimi, koleksiyon, m\u00fcze ve misafirperverlik i\u015flevlerini sergilemek i\u00e7in on dokuzuncu y\u00fczy\u0131l \u015fato mimarisini canland\u0131r\u0131r. Uzak k\u00f6ylerdeki aileler genellikle \u00f6zel \u00fcz\u00fcm ba\u011flar\u0131n\u0131 korur ve nesiller boyunca atalar\u0131ndan kalma ba\u011fc\u0131l\u0131k bilgisini aktar\u0131r. Her Ekim ay\u0131nda, Ulusal \u015earap G\u00fcn\u00fc \u00fclke genelindeki m\u00fclklere halka a\u00e7\u0131k eri\u015fim sa\u011flar ve ziyaret\u00e7ileri servis otob\u00fcs\u00fcyle mahzenler aras\u0131nda ta\u015f\u0131r.<\/p>\n<p>Bat\u0131 Avrupa emsallerine g\u00f6re yeni olmas\u0131na ra\u011fmen turizm, 2022&#039;nin ilk \u00e7eyre\u011finde 36.100 yerle\u015fik olmayan var\u0131\u015fa ula\u015farak pandemi \u00f6ncesi rakamlar\u0131 a\u015ft\u0131. Cazibe merkezleri miras alanlar\u0131na, k\u0131rsal k\u00fclt\u00fcrel deneyimlere ve \u015farap yoluna yo\u011funla\u015f\u0131yor, ancak Ki\u015finev&#039;in \u00f6tesinde hafif\u00e7e dola\u015f\u0131lmaya devam ediyor. Sekt\u00f6r\u00fc Moldova Seyahat bayra\u011f\u0131 alt\u0131nda tan\u0131tma \u00e7abalar\u0131, \u00fclkenin c\u00f6mert g\u00fcne\u015fli mevsimlerini -y\u0131lda yakla\u015f\u0131k 300 g\u00fcn g\u00fcne\u015f \u0131\u015f\u0131\u011f\u0131- rekabet\u00e7i maliyetleri ve Rumen, Slav ve Gagauz geleneklerinin birle\u015fti\u011fi yerdeki k\u00fclt\u00fcrel etkiler mozai\u011fini vurgulad\u0131.<\/p>\n<p>Ki\u015finev Uluslararas\u0131 Havaalan\u0131, Amsterdam Schiphol, Paris Charles de Gaulle, Londra Stansted, Roma Fiumicino, \u0130stanbul Havaalan\u0131 ve Tel Aviv gibi \u00f6nemli Avrupa giri\u015f noktalar\u0131na d\u00fczenli seferlerle uluslararas\u0131 ba\u011flant\u0131y\u0131 sa\u011flar. Gece tren seferleri Ki\u015finev&#039;i B\u00fckre\u015f, Kiev ve Odesa&#039;ya ba\u011flarken, Moskova&#039;ya do\u011frudan seferler ask\u0131ya al\u0131nm\u0131\u015ft\u0131r. Romanya \u00fczerinden kara yoluyla giri\u015f ekonomiktir, Ki\u015finev ile B\u00fckre\u015f aras\u0131ndaki g\u00fcnl\u00fck yatakl\u0131 trenler yakla\u015f\u0131k 12 saat s\u00fcrmektedir. Otob\u00fcs a\u011flar\u0131 \u00e7o\u011fu Romanya ve Ukrayna \u015fehrine kadar uzan\u0131r, ancak Transdinyester \u00fczerinden transit ge\u00e7i\u015f ek s\u0131n\u0131r formalitelerine ve ara s\u0131ra resmi olmayan \u00f6deme taleplerine neden olabilir.<\/p>\n<p>Moldova&#039;da ula\u015f\u0131m, yakla\u015f\u0131k 11.000 kilometresi asfaltlanm\u0131\u015f olan toplam 12.730 kilometrelik bir otoyol a\u011f\u0131 ve 1.138 kilometrelik demir yolu taraf\u0131ndan y\u00f6netilmektedir. Minib\u00fcsler veya rutiere&#039;ler, kasabalar ve k\u00f6yler aras\u0131nda gayri resmi olarak \u00e7al\u0131\u015fmakta ve m\u00fctevaz\u0131 \u00fccretlerle esnek programlar sunmaktad\u0131r. Ki\u015finev&#039;de, devlet taraf\u0131ndan i\u015fletilen troleyb\u00fcsler ve s\u0131n\u0131rl\u0131 otob\u00fcs g\u00fczergahlar\u0131 kentsel hareketlilik sa\u011flamaktad\u0131r, ancak \u00f6zel mar\u015frutkiler kamu ta\u015f\u0131mac\u0131l\u0131\u011f\u0131n\u0131n en yayg\u0131n arac\u0131 olmaya devam etmektedir. Giurgiule\u0219ti&#039;nin Tuna terminali, Moldova&#039;y\u0131 Karadeniz \u00fczerinden k\u00fcresel nakliyeye ba\u011flayan k\u00fc\u00e7\u00fck deniz y\u00fck gemilerine ev sahipli\u011fi yapmaktad\u0131r.<\/p>\n<p>Moldova&#039;y\u0131 ziyaret edenler sadelik ve yerel \u00fcr\u00fcnlerle tan\u0131mlanan bir mutfakla kar\u015f\u0131la\u015f\u0131rlar. Ki\u015finev&#039;deki pazarlar taze meyve, sebze, peynir ve \u015fark\u00fcteri \u00fcr\u00fcnleriyle doludur. K\u00fc\u00e7\u00fck mahalle lokantalar\u0131 Rus ve Ukrayna spesiyalitelerinin yan\u0131 s\u0131ra m\u0103m\u0103lig\u0103 (m\u0131s\u0131r unu lapas\u0131), br\u00e2nz\u0103 (beyaz peynir) ve zeama (tavuk \u00e7orbas\u0131) servis eder. Bah\u015fi\u015f vermek ne gelenekseldir ne de beklenir. Konaklama se\u00e7enekleri, avro veya dolar cinsinden fiyatland\u0131r\u0131lan m\u00fctevaz\u0131 otellerden ba\u015fkentteki bir avu\u00e7 yeni hostele kadar uzan\u0131r. Ta\u015fra kasabalar\u0131ndaki Sovyet d\u00f6nemi konaklamalar\u0131, asgari olanaklar i\u00e7in beklenenden daha y\u00fcksek fiyatlar sunabilir.<\/p>\n<p>Karma\u015f\u0131k tarih, k\u00fclt\u00fcr ve siyaset katmanlar\u0131yla Moldova Cumhuriyeti, dayan\u0131kl\u0131l\u0131k konusunda bir \u00e7al\u0131\u015fma olarak duruyor. Bir as\u0131rl\u0131k de\u011fi\u015fen egemenlikler, ekonomik yeniden yap\u0131lanmalar ve b\u00f6lgesel \u00e7alkant\u0131lar, azim ve beceriklilikle i\u015faretlenmi\u015f bir toplum ortaya \u00e7\u0131kard\u0131. Topra\u011f\u0131n verimli topra\u011f\u0131 ve iklimleri tar\u0131msal bollu\u011fu te\u015fvik ederken, kal\u0131c\u0131 \u015farap gelenekleri ve kutsal alanlar\u0131 derin bir kimlik duygusuna i\u015faret ediyor. Bug\u00fcn, \u00fclke Avrupa entegrasyonu ve k\u00fcresel yeniden yap\u0131lanmalarla u\u011fra\u015f\u0131rken, Moldova dikkatli ziyaret\u00e7ilere, ayr\u0131ld\u0131ktan uzun s\u00fcre sonra bile yank\u0131lanan ince harikalar, insan s\u0131cakl\u0131\u011f\u0131 ve mevsimsel ritimlerle dolu bir arazi sunuyor.<\/p>","protected":false},"excerpt":{"rendered":"<p>Moldova, resmi olarak Moldova Cumhuriyeti olarak an\u0131l\u0131r, Do\u011fu Avrupa&#039;da bulunan ve Balkanlar&#039;\u0131n kuzeydo\u011fu s\u0131n\u0131r\u0131nda konumlanan, denize k\u0131y\u0131s\u0131 olmayan kompakt bir \u00fclkedir. Zengin tarihi ve \u00e7e\u015fitli k\u00fclt\u00fcrel etkileriyle karakterize edilen bu \u00fclke, toplam 33.483 kilometrekarelik bir alan\u0131 kaplar ve Ocak 2024 itibar\u0131yla yakla\u015f\u0131k 2,42 milyon ki\u015fiye ev sahipli\u011fi yapmaktad\u0131r. Moldova, iki b\u00fcy\u00fck kom\u015fu aras\u0131nda yer almaktad\u0131r: Bat\u0131da Romanya ve kuzeyde, do\u011fuda ve g\u00fcneyde Ukrayna. \u00dclkenin do\u011fu s\u0131n\u0131r\u0131, Moldova&#039;n\u0131n ba\u011f\u0131ms\u0131zl\u0131\u011f\u0131n\u0131 kazand\u0131\u011f\u0131ndan beri siyasi gerginli\u011fin odak noktas\u0131 olan bir b\u00f6lge olan tan\u0131nmayan ayr\u0131l\u0131k\u00e7\u0131 Transdinyester devleti ile Dinyester nehri taraf\u0131ndan belirlenir.<\/p>","protected":false},"author":1,"featured_media":2745,"parent":24078,"menu_order":0,"comment_status":"closed","ping_status":"closed","template":"elementor_theme","meta":{"_eb_attr":"","footnotes":""},"class_list":["post-11462","page","type-page","status-publish","has-post-thumbnail"],"_links":{"self":[{"href":"https:\/\/travelshelper.com\/tr\/wp-json\/wp\/v2\/pages\/11462","targetHints":{"allow":["GET"]}}],"collection":[{"href":"https:\/\/travelshelper.com\/tr\/wp-json\/wp\/v2\/pages"}],"about":[{"href":"https:\/\/travelshelper.com\/tr\/wp-json\/wp\/v2\/types\/page"}],"author":[{"embeddable":true,"href":"https:\/\/travelshelper.com\/tr\/wp-json\/wp\/v2\/users\/1"}],"replies":[{"embeddable":true,"href":"https:\/\/travelshelper.com\/tr\/wp-json\/wp\/v2\/comments?post=11462"}],"version-history":[{"count":0,"href":"https:\/\/travelshelper.com\/tr\/wp-json\/wp\/v2\/pages\/11462\/revisions"}],"up":[{"embeddable":true,"href":"https:\/\/travelshelper.com\/tr\/wp-json\/wp\/v2\/pages\/24078"}],"wp:featuredmedia":[{"embeddable":true,"href":"https:\/\/travelshelper.com\/tr\/wp-json\/wp\/v2\/media\/2745"}],"wp:attachment":[{"href":"https:\/\/travelshelper.com\/tr\/wp-json\/wp\/v2\/media?parent=11462"}],"curies":[{"name":"wp","href":"https:\/\/api.w.org\/{rel}","templated":true}]}}