{"id":10220,"date":"2024-09-09T21:31:18","date_gmt":"2024-09-09T21:31:18","guid":{"rendered":"https:\/\/travelshelper.com\/staging\/?page_id=10220"},"modified":"2026-03-13T21:26:57","modified_gmt":"2026-03-13T21:26:57","slug":"alice-springs","status":"publish","type":"page","link":"https:\/\/travelshelper.com\/tr\/destinations\/australia-and-oceania\/australia\/alice-springs\/","title":{"rendered":"Alice Springs"},"content":{"rendered":"<p>Alice Springs, Avustralya&#039;n\u0131n tam kalbinde yer alan k\u00fc\u00e7\u00fck bir kasabad\u0131r. N\u00fcfusu yaln\u0131zca yakla\u015f\u0131k 34.000&#039;dir (2021&#039;de 30.628, 2024&#039;te 33.990). Sakinlerin yakla\u015f\u0131k be\u015fte biri kendini Aborijin veya Torres Strait Adal\u0131 olarak tan\u0131ml\u0131yor. Kasaban\u0131n ekonomisi, b\u00f6lgesel bir merkez olarak rol\u00fcn\u00fc yans\u0131t\u0131yor: Kuzey B\u00f6lgesi h\u00fck\u00fcmeti en b\u00fcy\u00fck i\u015fveren (i\u015flerin yakla\u015f\u0131k %8&#039;i) ve e\u011fitim ve sa\u011fl\u0131k hizmetlerinin her biri i\u015f g\u00fcc\u00fcn\u00fcn yakla\u015f\u0131k %7&#039;sini istihdam ediyor. Alice Springs, Red Centre&#039;a gelen ziyaret\u00e7ilere ana hizmetleri sa\u011flad\u0131\u011f\u0131 i\u00e7in turizm de \u00f6nemlidir (i\u015flerin yakla\u015f\u0131k %4&#039;\u00fc). Genel olarak hizmet odakl\u0131 bir ekonomidir: perakende, misafirperverlik ve kamu y\u00f6netimi hakimdir. Uzak konumuna ra\u011fmen Alice, modern olanaklara sahiptir: yakla\u015f\u0131k 545 m rak\u0131mda yer al\u0131r, bu nedenle yazlar a\u015f\u0131r\u0131 s\u0131cak olsa da (45\u00b0C&#039;ye kadar) geceler belirgin \u015fekilde serinleyebilir ve k\u0131\u015f\u0131n don ka\u00e7\u0131n\u0131lmazd\u0131r. Olaylar ya\u015fand\u0131\u011f\u0131nda n\u00fcfus biraz artar, ama Alice her zaman sakin bir ta\u015fra kasabas\u0131 olarak kal\u0131r.<\/p>\n<p>Alice Springs, Avustralya&#039;n\u0131n co\u011frafi merkezinde yer almaktad\u0131r. Kuzey B\u00f6lgesi&#039;nde, Finke&#039;nin (ayn\u0131 zamanda Lhere Mparnte olarak da bilinir) bir kolu olan genellikle kuru Todd Nehri boyunca uzan\u0131r. Kasaba, Darwin ve Adelaide&#039;den yakla\u015f\u0131k olarak e\u015fit uzakl\u0131ktad\u0131r, her birine yakla\u015f\u0131k 1500 km uzakl\u0131ktad\u0131r. Antik tepelerle \u00e7evrili bir ovada, yakla\u015f\u0131k 578 m rak\u0131mda yer almaktad\u0131r. Bat\u0131da ve do\u011fuda, manzaray\u0131 \u00e7er\u00e7eveleyen bir dizi k\u0131rm\u0131z\u0131-sar\u0131 tepe olan MacDonnell S\u0131rada\u011flar\u0131 y\u00fckselir. Kasaban\u0131n \u00fcnl\u00fc bak\u0131\u015f noktalar\u0131ndan biri, merkezin \u00fczerinde y\u00fckselen Anzac Tepesi&#039;dir. \u0130klim \u00e7\u00f6l benzeridir: k\u0131\u015flar \u0131l\u0131man ila serindir (gece en d\u00fc\u015f\u00fck s\u0131cakl\u0131klar donma noktas\u0131na yakla\u015fabilir) yazlar ise \u00e7ok s\u0131cakt\u0131r (g\u00fcnd\u00fczleri 40\u00b0C&#039;nin \u00fczerinde s\u0131cakl\u0131k yayg\u0131nd\u0131r). Ya\u011f\u0131\u015f nadirdir (y\u0131lda en fazla birka\u00e7 y\u00fcz milimetre), \u00e7o\u011funlukla yaz f\u0131rt\u0131nalar\u0131nda d\u00fc\u015fer. \u00c7evredeki arazi - klasik Orta Avustralya k\u0131rm\u0131z\u0131 \u00e7\u00f6l\u00fc - spinifex otu, hayalet sak\u0131z a\u011fa\u00e7lar\u0131, koyu sar\u0131 renkli u\u00e7urumlar ve ge\u00e7ici su birikintileriyle noktalanm\u0131\u015ft\u0131r. G\u00f6ky\u00fcz\u00fc b\u00fcy\u00fck ve berrakt\u0131r: Alice Springs y\u0131lda ortalama 300&#039;den fazla g\u00fcne\u015fli g\u00fcne sahiptir ve bu da gece g\u00f6ky\u00fcz\u00fcn\u00fc de muhte\u015fem k\u0131lar.<\/p>\n<p>Avrupal\u0131lar\u0131n yerle\u015fmesinden \u00e7ok \u00f6nce, Alice Springs&#039;in etraf\u0131ndaki b\u00f6lge (yerel Arrernte dilinde Mparntwe olarak bilinir) on binlerce y\u0131l boyunca Aborjin halk\u0131na ev sahipli\u011fi yapm\u0131\u015ft\u0131r. 19. y\u00fczy\u0131l\u0131n sonlar\u0131nda, ka\u015fifler i\u00e7 kesimleri haritaland\u0131rd\u0131ktan sonra, Overland Telgraf Hatt\u0131 in\u015fa edildi (1872&#039;de tamamland\u0131). Alice Springs, Adelaide ve Darwin aras\u0131nda mesajlar\u0131 ileten bu hat \u00fczerindeki tekrarlay\u0131c\u0131 istasyonlardan birinin etraf\u0131nda b\u00fcy\u00fcd\u00fc. \u0130stasyon kal\u0131c\u0131 bir kayna\u011f\u0131n yak\u0131n\u0131ndayd\u0131 (bu nedenle Charles Todd, kar\u0131s\u0131n\u0131n ad\u0131n\u0131 verdi\u011fi &#034;Alice Springs&#034; ad\u0131n\u0131 alm\u0131\u015ft\u0131r). Yerel yerle\u015fim yeri ba\u015flang\u0131\u00e7ta ka\u015fif John McDouall Stuart&#039;a ithafen &#034;Stuart&#034; olarak adland\u0131r\u0131lm\u0131\u015ft\u0131, ancak 1933&#039;te resmi olarak Alice Springs olarak yeniden adland\u0131r\u0131ld\u0131. Demiryolu, 1929&#039;da Alice&#039;e ula\u015farak onu demiryoluyla Adelaide&#039;e ba\u011flad\u0131 ve yeni bir b\u00fcy\u00fcme getirdi. II. D\u00fcnya Sava\u015f\u0131 s\u0131ras\u0131nda Alice Springs \u00f6nemli bir konaklama \u00fcss\u00fcyd\u00fc (demiryolu merkezi ve kamplar\u0131 kuzeye hareket eden birliklere hizmet etti). Sava\u015ftan sonra, yava\u015f yava\u015f altyap\u0131 geli\u015ftirerek ve turistik hizmetler kurarak sakin bir tempoya geri d\u00f6nd\u00fc. \u00d6nemli tarihler aras\u0131nda 1872&#039;de telgraf istasyonu, 1911&#039;de Kuzey B\u00f6lgesi&#039;nin eyalet olmas\u0131 ve ba\u011flant\u0131lar\u0131n\u0131 sonland\u0131ran yolun (Stuart Otoyolu) ve demir yolu ba\u011flant\u0131s\u0131n\u0131n a\u00e7\u0131lmas\u0131 yer al\u0131r. Bug\u00fcn Alice&#039;in k\u00f6kenleri miras binalar\u0131nda g\u00f6r\u00fclebilir ve tarihi Eski Telgraf \u0130stasyonu Tarihi Rezervi&#039;nde an\u0131lmaktad\u0131r.<\/p>\n<p>Alice Springs, Outback&#039;in ruhu gibi hissettiriyor. Hem Aborijin hem de Avrupa k\u00fclt\u00fcrleri burada harmanlan\u0131yor. Neredeyse herkes \u0130ngilizce konu\u015fuyor, ancak Alice Springs kasabas\u0131nda ya\u015fayanlar\u0131n yakla\u015f\u0131k &#039;i Aborijin veya Torres Strait Adal\u0131s\u0131 olarak tan\u0131mlan\u0131yor, \u00e7o\u011funlukla Arrernte halk\u0131. Aborijin sanat\u0131 ve m\u00fczi\u011fi \u00f6ne \u00e7\u0131k\u0131yor: yerel galeriler genellikle canl\u0131 nokta resimleri ve oyulmu\u015f eserler sergiliyor. Ya\u015fam\u0131n temposu rahat; insanlar birbirlerini ba\u015flar\u0131n\u0131 sallayarak veya el s\u0131k\u0131\u015farak selaml\u0131yor ve yol kenar\u0131nda sigara i\u00e7mek veya bir kafede \u00e7ay yudumlamak kolayca uzun bir sohbete d\u00f6n\u00fc\u015febiliyor. Kuru \u00e7\u00f6l iklimi a\u00e7\u0131k hava ya\u015fam\u0131n\u0131 te\u015fvik ediyor; ak\u015famlar\u0131 aileleri y\u0131ld\u0131zlar\u0131n alt\u0131nda kamp ate\u015finin etraf\u0131nda bulabilirsiniz. Kasaba, Avustralya&#039;n\u0131n en kendine \u00f6zg\u00fc festivallerinden baz\u0131lar\u0131na ev sahipli\u011fi yap\u0131yor. Her Temmuz ay\u0131nda, develerin yar\u0131\u015f pistindeki bir pistte yar\u0131\u015ft\u0131\u011f\u0131 Camel Kupas\u0131 d\u00fczenleniyor. A\u011fustos ay\u0131nda Todd Mall nehir yata\u011f\u0131, tekerlekli &#034;teknelerin&#034; kuru nehir yata\u011f\u0131nda elle ta\u015f\u0131nd\u0131\u011f\u0131 y\u0131ll\u0131k Henley-on-Todd Regatta&#039;s\u0131na ev sahipli\u011fi yap\u0131yor. Di\u011fer etkinlikler (Parrtjima \u0131\u015f\u0131k festivali ve bere festivali gibi) hem Yerli sanat\u0131n\u0131 hem de s\u0131n\u0131r kitsch&#039;ini kutlar. Bu festivaller e\u011flenceli olsa da yerel ruhu yans\u0131t\u0131r: topluluk odakl\u0131, yarat\u0131c\u0131 ve diren\u00e7li. G\u00fcnl\u00fck ya\u015famda, yerliler in\u015faatta \u00e7al\u0131\u015f\u0131rken y\u00fcksek g\u00f6r\u00fcn\u00fcrl\u00fckl\u00fc yelekler veya hayvanlara bakarken kovboy \u015fapkalar\u0131 giyebilirler. Servis personeli genellikle nezaket gere\u011fi birka\u00e7 Arrernte kelimesi \u00f6\u011frenir. Alice&#039;te k\u00fc\u00e7\u00fck kasaba misafirperverli\u011fi vard\u0131r - herkes sonunda birbirinin ad\u0131n\u0131 bilir - sa\u011fl\u0131kl\u0131 bir bireyselcilik ve ba\u011f\u0131ms\u0131zl\u0131k \u00e7izgisiyle birle\u015fmi\u015ftir. Bazen benzersiz yerel argo (&#034;\u00f6\u011fleden sonra&#034; i\u00e7in &#034;arvo&#034;, sorun yok i\u00e7in &#034;no dram&#034;) ve Avustralya&#039;n\u0131n gayriresm\u00ee k\u00fclt\u00fcr\u00fcn\u00fc karakterize eden iyi huylu bir tak\u0131lma (arkada\u015fl\u0131k) duyulur.<\/p>\n<p>Alice Springs, k\u00fclt\u00fcrel cazibe merkezleri ve vah\u015fi manzaralar\u0131n bir kar\u0131\u015f\u0131m\u0131n\u0131 sunar. \u015eehir i\u00e7inde, Alice Springs \u00c7\u00f6l Park\u0131 mutlaka ziyaret edilmesi gereken bir yerdir. Bu \u00f6d\u00fcll\u00fc park, 1.300 hektarl\u0131k \u00e7\u00f6l ya\u015fam alan\u0131n\u0131 kaplar ve yerel bitkileri, gece hayvanlar\u0131n\u0131 ve Aborijin k\u00fclt\u00fcr\u00fcn\u00fc sergiler. Ziyaret\u00e7iler yeniden yarat\u0131lm\u0131\u015f \u00e7\u00f6l ortamlar\u0131nda y\u00fcr\u00fcyebilir, kangurular\u0131 ve emular\u0131 yak\u0131ndan g\u00f6rebilir ve g\u00fcnl\u00fck serbest u\u00e7an y\u0131rt\u0131c\u0131 ku\u015f g\u00f6sterisine kat\u0131labilir. Yak\u0131nlarda, erken d\u00f6nem k\u0131rsal ya\u015fam\u0131n hikayesini anlatan orijinal 1872 tekrarlay\u0131c\u0131 sitesi olan tarihi Old Alice Springs Telgraf \u0130stasyonu bulunmaktad\u0131r. Manzaralar i\u00e7in, Anzac Tepesi (karayoluyla ula\u015f\u0131labilir) kasaba ve \u00e7evresindeki s\u0131rada\u011flar\u0131n \u00fczerinde bir g\u00fcn bat\u0131m\u0131 panoramas\u0131 sunar.<\/p>\n<p>\u015eehrin d\u0131\u015f\u0131nda do\u011fa sizi \u00e7a\u011f\u0131r\u0131yor. Bat\u0131 MacDonnell S\u0131rada\u011flar\u0131, Alice Springs&#039;in hemen bat\u0131s\u0131nda, g\u00fcn do\u011fumunda k\u0131rm\u0131z\u0131 parlayan engebeli tepeler ve dar ge\u00e7itlerden olu\u015fan bir dizi yer al\u0131r. Simpsons Gap veya Standley Chasm&#039;\u0131 ziyaret etmek, kal\u0131c\u0131 su birikintilerini bar\u0131nd\u0131ran y\u00fcksek kaya duvarlar\u0131 aras\u0131nda y\u00fcr\u00fcme deneyimi sunar. Daha bat\u0131da, Ormiston Gorge ve Glen Helen Gorge, kurak \u00fclkede serin havuzlar sunar. Do\u011fuda, Emily ve Jessie Gaps, Aborijin kaya sanat\u0131yla dolu y\u00fcksek u\u00e7urumlar sunar. Uzakl\u0131\u011f\u0131 bile ba\u015fl\u0131 ba\u015f\u0131na bir cazibe merkezidir: Stuart Otoyolu&#039;nu Alice&#039;ten kuzeye veya g\u00fcneye do\u011fru s\u00fcrmek, sonsuz ufuklarla ve (do\u011fru zamanlamayla) \u015fafak vakti kanguru manzaralar\u0131yla kar\u015f\u0131la\u015fman\u0131z\u0131 sa\u011flar. Uluru-Kata Tjuta ve Kings Kanyonu gibi simgesel yerlere yap\u0131lan \u015fehir d\u0131\u015f\u0131 turlar\u0131 da Alice Springs&#039;ten hareket eder ve buray\u0131 Red Centre&#039;\u0131n harikalar\u0131n\u0131 ke\u015ffetmek i\u00e7in ola\u011fan bir \u00fcs haline getirir. Geceleri, \u0131\u015f\u0131k kirlili\u011finden ar\u0131nm\u0131\u015f Outback&#039;in u\u00e7suz bucaks\u0131z g\u00f6ky\u00fcz\u00fc, Samanyolu&#039;nu muhte\u015fem bir netlikle ortaya \u00e7\u0131kar\u0131yor; bu da bu tak\u0131my\u0131ld\u0131zlar\u0131 ilk yorumlayan kadim k\u00fclt\u00fcrleri hat\u0131rlat\u0131yor.<\/p>\n<p>Alice Springs&#039;e en iyi hava veya kara yoluyla ula\u015f\u0131labilir. Alice Springs Havaalan\u0131&#039;ndan (ASP) Darwin, Adelaide ve bazen Sidney veya Melbourne&#039;e d\u00fczenli u\u00e7u\u015flar vard\u0131r. Kara yoluyla, Stuart Otoyolu kuzeye Darwin&#039;e ve g\u00fcneye Adelaide&#039;e gider; bu yolculuklar saatlerce (veya g\u00fcnlerce) s\u00fcrer. \u015eehre vard\u0131\u011f\u0131n\u0131zda, her \u015fey olduk\u00e7a kompaktt\u0131r: \u00e7o\u011fu ziyaret\u00e7i kiral\u0131k araba veya tur otob\u00fcsleri kullan\u0131r. K\u00fc\u00e7\u00fck bir yerel otob\u00fcs a\u011f\u0131 vard\u0131r, ancak araba \u00f6nerilir. \u015eehirdeki \u00fcnl\u00fc develer hala \u00e7o\u011funlukla ula\u015f\u0131m i\u00e7in de\u011fil, turistik geziler i\u00e7in kullan\u0131l\u0131r.<\/p>\n<p>Yerel gelenekler basittir. Para birimi Avustralya Dolar\u0131&#039;d\u0131r ve \u0130ngilizce evrensel olarak kullan\u0131l\u0131r. Standart Avustralya g\u00f6rg\u00fc kurallar\u0131 ge\u00e7erlidir: insanlar genellikle resmiyetsizdir ancak naziktir - ilk adlar\u0131n\u0131 (veya bir d\u00fckkanda &#034;Beyefendi\/Han\u0131mefendi&#034;) kullan\u0131rlar ve dost\u00e7a \u015fakala\u015f\u0131rlar. G\u00fcvenlik iyidir ancak \u00e7\u00f6l oldu\u011funu unutmay\u0131n: seyahat ederken her zaman su ta\u015f\u0131y\u0131n, \u00f6\u011fle s\u0131ca\u011f\u0131nda tek ba\u015f\u0131n\u0131za y\u00fcr\u00fcy\u00fc\u015f yapmaktan ka\u00e7\u0131n\u0131n ve dikkatli s\u00fcr\u00fcn (vah\u015fi ya\u015fam alacakaranl\u0131kta k\u0131rsal yollarda g\u00f6r\u00fcnebilir). UV indeksi y\u0131l boyunca y\u00fcksek oldu\u011fundan g\u00fcne\u015ften korunma (\u015fapka, g\u00fcne\u015f kremi) ve bol miktarda i\u00e7me suyu \u015fartt\u0131r. Aborijin k\u00fclt\u00fcr\u00fcne sayg\u0131 \u00f6nemlidir (bir\u00e7ok geleneksel sahip hala Alice Springs&#039;te ve \u00e7evresinde ya\u015famaktad\u0131r); Yerli alanlar\u0131n\u0131 ziyaret ediyorsan\u0131z yerel rehberli\u011fi izleyin. Genel olarak, uygun haz\u0131rl\u0131k ve macera duygusuyla ziyaret\u00e7iler Alice Springs&#039;i Avustralya&#039;n\u0131n etkileyici i\u00e7 kesimlerine unutulmaz bir ge\u00e7it olarak bulacaklar.<\/p>","protected":false},"excerpt":{"rendered":"<p>Avustralya&#039;n\u0131n Kuzey B\u00f6lgesi&#039;nde bulunan ve bazen Do\u011fu Arrernte dilinde Mparntwe olarak da bilinen Alice Springs, k\u00fclt\u00fcrel de\u011ferlerle dolu b\u00fcy\u00fcleyici bir kasabad\u0131r. Darwin ve Palmerston&#039;dan sonra, Adelaide ve Darwin&#039;e neredeyse e\u015fit mesafede stratejik olarak konumland\u0131r\u0131lm\u0131\u015f bu yer, b\u00f6lgedeki \u00fc\u00e7\u00fcnc\u00fc b\u00fcy\u00fck yerle\u015fim yeridir. Arazi \u00f6l\u00e7\u00fcmc\u00fcs\u00fc William Whitfield Mills, bu s\u0131ra d\u0131\u015f\u0131 kasabay\u0131 telgraf \u00f6nc\u00fcs\u00fc Sir Charles Todd&#039;un e\u015fi Alice, Lady Todd&#039;a adad\u0131.<\/p>","protected":false},"author":1,"featured_media":3256,"parent":9806,"menu_order":0,"comment_status":"closed","ping_status":"closed","template":"elementor_theme","meta":{"_eb_attr":"","footnotes":""},"class_list":["post-10220","page","type-page","status-publish","has-post-thumbnail"],"_links":{"self":[{"href":"https:\/\/travelshelper.com\/tr\/wp-json\/wp\/v2\/pages\/10220","targetHints":{"allow":["GET"]}}],"collection":[{"href":"https:\/\/travelshelper.com\/tr\/wp-json\/wp\/v2\/pages"}],"about":[{"href":"https:\/\/travelshelper.com\/tr\/wp-json\/wp\/v2\/types\/page"}],"author":[{"embeddable":true,"href":"https:\/\/travelshelper.com\/tr\/wp-json\/wp\/v2\/users\/1"}],"replies":[{"embeddable":true,"href":"https:\/\/travelshelper.com\/tr\/wp-json\/wp\/v2\/comments?post=10220"}],"version-history":[{"count":0,"href":"https:\/\/travelshelper.com\/tr\/wp-json\/wp\/v2\/pages\/10220\/revisions"}],"up":[{"embeddable":true,"href":"https:\/\/travelshelper.com\/tr\/wp-json\/wp\/v2\/pages\/9806"}],"wp:featuredmedia":[{"embeddable":true,"href":"https:\/\/travelshelper.com\/tr\/wp-json\/wp\/v2\/media\/3256"}],"wp:attachment":[{"href":"https:\/\/travelshelper.com\/tr\/wp-json\/wp\/v2\/media?parent=10220"}],"curies":[{"name":"wp","href":"https:\/\/api.w.org\/{rel}","templated":true}]}}