{"id":10153,"date":"2024-09-09T20:29:48","date_gmt":"2024-09-09T20:29:48","guid":{"rendered":"https:\/\/travelshelper.com\/staging\/?page_id=10153"},"modified":"2026-03-13T21:26:12","modified_gmt":"2026-03-13T21:26:12","slug":"kanberra","status":"publish","type":"page","link":"https:\/\/travelshelper.com\/tr\/destinations\/australia-and-oceania\/australia\/canberra\/","title":{"rendered":"Kanberra"},"content":{"rendered":"<p>Avustralya&#039;n\u0131n \u00f6zel olarak in\u015fa edilmi\u015f ba\u015fkenti Canberra, \u00fclkenin farkl\u0131 bir y\u00fcz\u00fcn\u00fc sunar. Avustralya Ba\u015fkent B\u00f6lgesi&#039;nin i\u00e7 kesimlerinde yer alan, yakla\u015f\u0131k 474.000 n\u00fcfuslu (Haziran 2024) bu \u015fehir, planl\u0131 kentsel tasar\u0131m\u0131 ormanl\u0131k alanlarla harmanlamaktad\u0131r. Canberra, 20. y\u00fczy\u0131l\u0131n ba\u015flar\u0131nda uluslararas\u0131 bir tasar\u0131m yar\u0131\u015fmas\u0131yla (1913&#039;te temel at\u0131lm\u0131\u015ft\u0131r) Sidney ve Melbourne aras\u0131nda bir uzla\u015fma olarak yarat\u0131lm\u0131\u015ft\u0131r. G\u00fcn\u00fcm\u00fczde Parlamento, h\u00fck\u00fcmet daireleri ve el\u00e7iliklere ev sahipli\u011fi yapan Avustralya&#039;n\u0131n siyasi merkezidir. Her g\u00fcn, uzun beyaz h\u00fck\u00fcmet binalar\u0131 s\u0131ralar\u0131 ve geni\u015f, yaprakl\u0131 caddeler, Canberra&#039;n\u0131n demokrasi ve uzmanl\u0131k merkezi olma karakterini ortaya koymaktad\u0131r. \u015eehir olduk\u00e7a ye\u015fil ve a\u00e7\u0131kt\u0131r - bol miktarda park ve nispeten al\u00e7ak binalarla - ve yakla\u015f\u0131k 578 m y\u00fckseklikteki bir platoda yer almaktad\u0131r. Yazlar s\u0131cakt\u0131r (genellikle kuru ve f\u0131rt\u0131na cepheleriyle), k\u0131\u015flar ise Avustralya standartlar\u0131na g\u00f6re so\u011fuktur (don yayg\u0131nd\u0131r ve uzaktaki Brindabella S\u0131rada\u011flar\u0131 genellikle karla kapl\u0131d\u0131r). Canberra, Sidney&#039;in yakla\u015f\u0131k 280 km g\u00fcneybat\u0131s\u0131nda ve Brisbane&#039;in 660 km g\u00fcneyinde, okalipt\u00fcs ormanlar\u0131 ve engebeli tepelerin ortas\u0131nda yer almaktad\u0131r. Resmi kurulu\u015fu 1913&#039;e dayan\u0131r (&#034;Canberra&#034; se\u00e7ildi\u011finde); \u00f6nemli y\u0131ld\u00f6n\u00fcmleri 1927 (Parlamento merkezi) ve 1988&#039;dir (yeni Parlamento Binas\u0131 a\u00e7\u0131l\u0131\u015f\u0131). \u015eehir \u015fu anda yakla\u015f\u0131k 170 b\u00fcy\u00fckel\u00e7ili\u011fe ev sahipli\u011fi yapmaktad\u0131r ve k\u00fclt\u00fcrel kurumlar\u0131 ve ulusal festivalleriyle bilinmektedir.<\/p>\n<p>Canberra&#039;n\u0131n n\u00fcfusu (2024 ortas\u0131 itibar\u0131yla 473.855), onu Avustralya&#039;n\u0131n b\u00fcy\u00fck k\u0131y\u0131 \u015fehirlerinden daha k\u00fc\u00e7\u00fck yapar, ancak \u00fclkenin en b\u00fcy\u00fck i\u00e7 \u015fehridir. Canberra b\u00f6lgesi (\u00e7evre belediyeler dahil) yakla\u015f\u0131k 814 km\u00b2&#039;lik bir alan\u0131 kaplar. Ekonomi kamu sekt\u00f6r\u00fc taraf\u0131ndan domine edilir: istihdam edilen ki\u015filerin yakla\u015f\u0131k &#039;u Federal h\u00fck\u00fcmet kurumlar\u0131nda \u00e7al\u0131\u015f\u0131r. Di\u011fer \u00f6nemli sekt\u00f6rler aras\u0131nda e\u011fitim (Avustralya Ulusal \u00dcniversitesi ve di\u011fer kolejler), sa\u011fl\u0131k hizmetleri ve profesyonel hizmetler yer al\u0131r. Canberra b\u00f6lgesindeki i\u015fsizlik genellikle ulusal ortalamadan daha d\u00fc\u015f\u00fckt\u00fcr ve bu da kalifiye i\u015f g\u00fcc\u00fcne olan talebi yans\u0131t\u0131r. Gelir seviyeleri nispeten y\u00fcksektir (bir\u00e7ok sakin iyi e\u011fitimli memur veya profesyoneldir) ve m\u00fclk fiyatlar\u0131 - \u00f6zellikle ye\u015fil banliy\u00f6lerde - ulusal ortalaman\u0131n \u00fczerindedir. Canberra&#039;daki g\u00fcnl\u00fck ya\u015fam g\u00f6l, parklar ve k\u00fclt\u00fcrel ya\u015fam etraf\u0131nda d\u00f6ner: insanlar genellikle Burley Griffin G\u00f6l\u00fc&#039;n\u00fcn etraf\u0131nda bisiklet s\u00fcrer, yelken a\u00e7ar veya ko\u015far. \u015eehrin d\u00fczeni (d\u00f6ner kav\u015faklar ve geometrik caddelerle) d\u00fc\u015f\u00fcnceli, d\u00fczenli bir tempoyu te\u015fvik ediyor - Canberra bir zamanlar Aborjin dilinde \u015faka yollu &#034;bulu\u015fma noktas\u0131&#034; veya &#034;orman ba\u015fkenti&#034; olarak adland\u0131r\u0131l\u0131yordu. N\u00fcfusun neredeyse yar\u0131s\u0131 yurtd\u0131\u015f\u0131nda do\u011fmu\u015ftu ve \u0130ngilizce evrensel olarak kullan\u0131l\u0131yor. Saat dilimi Avustralya Do\u011fu Standart Saati&#039;dir ve Avustralya&#039;n\u0131n geri kalan\u0131nda oldu\u011fu gibi trafik soldan akmaya devam ediyor.<\/p>\n<p>Canberra, Avustralya k\u0131tas\u0131n\u0131n g\u00fcneydo\u011fu kesiminde, Sidney&#039;den yakla\u015f\u0131k iki saat i\u00e7eride yer al\u0131r. \u015eehrin manzaras\u0131n\u0131 sunan Brindabella S\u0131rada\u011flar\u0131 (bat\u0131da) ve yak\u0131nlardaki B\u00fcy\u00fck B\u00f6l\u00fcc\u00fc S\u0131rada\u011flar ile \u00e7evrilidir; k\u0131\u015f\u0131n g\u00f6l k\u0131y\u0131s\u0131ndan karl\u0131 tepelerini g\u00f6rebilirsiniz. \u015eehir deniz seviyesinden yakla\u015f\u0131k 580 metre y\u00fcksekliktedir. \u0130klim karasald\u0131r: yazlar bir\u00e7ok g\u00fcn 30\u00b0C&#039;yi a\u015fabilirken, k\u0131\u015f geceleri genellikle donma noktas\u0131n\u0131n alt\u0131na d\u00fc\u015fer (yerde don ve hatta hafif kar bile bilinmez de\u011fildir). Canberra y\u0131lda yakla\u015f\u0131k 636 mm e\u015fit da\u011f\u0131lm\u0131\u015f ya\u011f\u0131\u015f al\u0131r, ancak ayn\u0131 zamanda k\u0131\u015f s\u0131cakl\u0131klar\u0131n\u0131 h\u0131zla art\u0131rabilen s\u0131k s\u0131k &#034;f\u00f6hn r\u00fczgarlar\u0131&#034; (\u0131l\u0131k kuru r\u00fczgarlar) g\u00f6r\u00fcr. Brisbane&#039;in neminin aksine, Canberra&#039;n\u0131n kurak k\u0131\u015flar\u0131 ve \u0131l\u0131man yazlar\u0131 ona d\u00f6rt ayr\u0131 mevsim kazand\u0131r\u0131r: k\u0131rm\u0131z\u0131 ve alt\u0131n rengindeki sonbahar yapraklar\u0131 burada pop\u00fcler bir g\u00f6steridir. \u015eehir, onu b\u00fcy\u00fck b\u00f6lgelere ay\u0131ran insan yap\u0131m\u0131 bir g\u00f6l olan Burley Griffin G\u00f6l\u00fc&#039;n\u00fcn etraf\u0131na kurulmu\u015ftur. G\u00f6l k\u0131y\u0131lar\u0131nda ve biti\u015fik tepelerde (Black Mountain, Mount Ainslie) y\u00fcr\u00fcy\u00fc\u015f parkurlar\u0131 ve a\u00e7\u0131k manzaralar bulunur. \u0130\u00e7 kesimlerde olmas\u0131na ra\u011fmen Canberra, \u015fehrin i\u00e7inde yemye\u015fil \u00e7am plantasyonlar\u0131, a\u00e7\u0131k \u00e7ay\u0131rlar ve \u00e7al\u0131l\u0131k cepleri bar\u0131nd\u0131r\u0131r; bu da b\u00f6lgenin kent \u00f6ncesi manzaras\u0131n\u0131n bir hat\u0131rlat\u0131c\u0131s\u0131d\u0131r. \u0130klimi ve \u00e7evresi mevsimlik a\u00e7\u0131k hava etkinliklerini te\u015fvik eder (\u00fclkenin en \u00f6nemli \u00e7i\u00e7ek festivali olan Floriade&#039;de ilkbaharda kiraz \u00e7i\u00e7ekleri gibi).<\/p>\n<p>Canberra&#039;n\u0131n bir \u015fehir olarak tarihi olduk\u00e7a moderndir. 1908&#039;de Avustralya Parlamentosu, Sidney ve Melbourne aras\u0131nda bir uzla\u015fma noktas\u0131nda yeni bir ulusal ba\u015fkent in\u015fa edilmesi gerekti\u011fine karar verdi. Yer 1909&#039;da se\u00e7ildi ve Amerikal\u0131 mimar Walter Burley Griffin&#039;in tasar\u0131m\u0131 1913&#039;te se\u00e7ildi. \u0130n\u015faat yava\u015ft\u0131; &#034;Canberra&#034; ad\u0131 resmi olarak 1913&#039;te yay\u0131mland\u0131, ancak ilk Parlamento Binas\u0131 1927&#039;ye kadar a\u00e7\u0131lmad\u0131. \u015eehir geometrik bulvarlar ve b\u00fcy\u00fck parklarla planland\u0131 ve bug\u00fcn de o d\u00fczenli zarafeti koruyor. \u00d6nemli kilometre ta\u015flar\u0131 aras\u0131nda 1946&#039;da Avustralya Ulusal \u00dcniversitesi&#039;nin kurulmas\u0131 (Canberra&#039;y\u0131 bir ara\u015ft\u0131rma merkezi haline getirmesi) ve 1988&#039;de yeni kal\u0131c\u0131 Parlamento Binas\u0131&#039;n\u0131n a\u00e7\u0131lmas\u0131 (ge\u00e7ici binan\u0131n yerini almak \u00fczere) yer al\u0131yor. Y\u00fczy\u0131l\u0131n ortalar\u0131na gelindi\u011finde Canberra, h\u00fck\u00fcmet ofislerinden daha fazlas\u0131 haline gelmi\u015fti; banliy\u00f6ler, end\u00fcstri ve k\u00fclt\u00fcr b\u00fcy\u00fcyordu. 1926-31&#039;de, 1933&#039;te birle\u015fik Kuzey B\u00f6lgesi&#039;ne geri d\u00f6nmeden \u00f6nce, art\u0131k var olmayan Orta Avustralya B\u00f6lgesi&#039;nin ba\u015fkentiydi. Canberra ayr\u0131ca, h\u00fck\u00fcmetin Darwin&#039;den tahliye edildi\u011fi II. D\u00fcnya Sava\u015f\u0131 s\u0131ras\u0131nda Avustralya&#039;n\u0131n ge\u00e7ici sava\u015f zaman\u0131 ba\u015fkenti olarak hizmet etti. Canberra&#039;da \u00e7ok az say\u0131da eski bina olmas\u0131na ra\u011fmen (k\u0131sa tarihi nedeniyle), \u015fehrin ar\u015fivleri, an\u0131tlar\u0131 ve m\u00fcze sergileri bu kurulu\u015f hikayelerini dikkatlice i\u015faretler. \u015eehrin ikili k\u00f6kenleri - tasarlanm\u0131\u015f \u015fehir ve demokratik merkez - her ulusal b\u00fct\u00e7e duyurusunun veya se\u00e7iminin burada deneyimlendi\u011fi anlam\u0131na gelir ve Canberra&#039;ya Avustralya&#039;n\u0131n zaman \u00e7izelgesinde benzersiz bir yer verir.<\/p>\n<p>Canberra&#039;n\u0131n yerel karakteri, b\u00fcrokratik resmiyeti \u015fa\u015f\u0131rt\u0131c\u0131 bir yarat\u0131c\u0131 alt ak\u0131mla harmanl\u0131yor. \u015eehir, bir\u00e7ok h\u00fck\u00fcmet ofisine ev sahipli\u011fi yap\u0131yor (asl\u0131nda, federal kamu g\u00f6revlilerine bazen &#034;Canberral\u0131lar&#034; denir), bu da ona \u00f6l\u00e7\u00fcl\u00fc ve d\u00fczenli bir atmosfer kazand\u0131r\u0131yor. Ancak, ulusal sanat galerilerinin, \u00fcniversitelerin ve d\u00fc\u015f\u00fcnce kurulu\u015flar\u0131n\u0131n varl\u0131\u011f\u0131, k\u00fclt\u00fcrel hayata entelekt\u00fcellik ve yenilik kat\u0131yor. Sakinler genellikle iyi e\u011fitimli profesyoneller; yerel kafelerdeki sohbetler genellikle siyaset, bilim veya sanat etraf\u0131nda d\u00f6n\u00fcyor. Buna ra\u011fmen, \u015fehrin sosyal ritmi rahat: insanlar George Caddesi&#039;ndeki kahve d\u00fckkanlar\u0131nda kibarca s\u0131raya giriyor ve h\u00fck\u00fcmet departmanlar\u0131ndaki meslekta\u015flar\u0131n birbirlerine ilk adlar\u0131yla hitap etmesi yayg\u0131n. Avustralyal\u0131lar genellikle Canberra&#039;n\u0131n &#034;ama\u00e7l\u0131&#034; ama kalabal\u0131k olmad\u0131\u011f\u0131n\u0131 s\u00f6yl\u00fcyor - binalar aras\u0131nda geni\u015f alanlar var ve hatta \u015fehir merkezi bile ferah hissettiriyor. Ya\u015fam tarz\u0131n\u0131n a\u00e7\u0131k hava notlar\u0131 var: bisiklete binmek b\u00fcy\u00fck (\u00f6zel yollarla), g\u00f6lde k\u00fcrek \u00e7ekmek yayg\u0131n ve Braddon gibi banliy\u00f6lerde trend restoranlar var. Canberra ayr\u0131ca g\u00fc\u00e7l\u00fc bir festival ve etkinlik k\u00fclt\u00fcr\u00fcne sahip. \u00d6nemli y\u0131ll\u0131k etkinlikler aras\u0131nda Floriade (y\u00fczbinlerce ki\u015finin kat\u0131ld\u0131\u011f\u0131 bahar \u00e7i\u00e7ek festivali) ve Enlighten (ayd\u0131nlat\u0131lm\u0131\u015f parlamento ve di\u011fer binalar\u0131n sergilendi\u011fi k\u0131\u015f \u0131\u015f\u0131k ve m\u00fczik festivali) yer al\u0131r. Spor etkinlikleri (Manuka Oval&#039;da test kriketi veya Summernats araba festivali) toplumu bir araya getirir.<\/p>\n<p>\u00d6nemlisi, Canberra Avustralya&#039;n\u0131n en y\u00fcksek k\u00fclt\u00fcrel kurumlar\u0131n\u0131n neredeyse hepsine ev sahipli\u011fi yap\u0131yor: Ulusal M\u00fcze, Ulusal K\u00fct\u00fcphane, Ulusal Galeri ve Questacon bilim merkezi, bunlardan birka\u00e7\u0131. Bu, sakinlerin d\u00fcnya standartlar\u0131nda sergilere, ulusal ar\u015fivlere ve forumlara kolayca eri\u015febildi\u011fi anlam\u0131na geliyor. Diplomatlar\u0131n ve uluslararas\u0131 \u00f6\u011frencilerin varl\u0131\u011f\u0131 da kozmopolit bir hava kat\u0131yor: Civic sokaklar\u0131nda s\u0131kl\u0131kla bir\u00e7ok dil duyuluyor. B\u00fcrokratik k\u00f6kenlerine ra\u011fmen, \u015fehrin kalbi yarat\u0131c\u0131 ve yurtta\u015f odakl\u0131d\u0131r - yerliler genellikle Canberra&#039;y\u0131 ba\u015fkent olmaya &#034;lay\u0131k&#034; k\u0131lmakla \u00f6v\u00fcn\u00fcrler. Bu, incelikli tuhafl\u0131klar ortaya \u00e7\u0131kar\u0131r: \u00f6rne\u011fin, park saatleri ve sigara i\u00e7me alanlar\u0131 kat\u0131 bir \u015fekilde tan\u0131mlanm\u0131\u015ft\u0131r, ancak bir parkta gerilla m\u00fczisyenleri veya meydanlarda do\u011fa\u00e7lama halka a\u00e7\u0131k dersler de g\u00f6rebilirsiniz. Canberral\u0131lar g\u00fcnl\u00fck ya\u015famda a\u00e7\u0131k havay\u0131 \u00f6nemserler (\u015fehrin say\u0131s\u0131z park\u0131 ve manzaral\u0131 g\u00f6l\u00fc pop\u00fcler piknik alanlar\u0131d\u0131r) ve genellikle sa\u011fl\u0131k bilincine sahiptirler. Herhangi bir g\u00fcnde, Telstra Kulesi&#039;nin zirve patikas\u0131nda k\u00f6pek gezdiren veya \u00e7ift\u00e7i pazar\u0131ndan taze \u00fcr\u00fcnler sat\u0131n alan insanlar\u0131 g\u00f6rebilirsiniz. Politik olarak, halk merkezden hafif\u00e7e sola do\u011fru e\u011filir ve bu da bir\u00e7ok kamu g\u00f6revlisini yans\u0131t\u0131r. Ancak t\u00fcm Avustralya&#039;da oldu\u011fu gibi, rahat bir dostluk hakimdir - d\u00fckkan sahiplerinden &#034;G&#039;day&#034; al\u0131rs\u0131n\u0131z ve \u00e7ekilmek istedi\u011finizi i\u015faret etti\u011finizde \u015fof\u00f6rler sizi i\u00e7eri al\u0131r. Bu nedenle Canberra hem h\u00fck\u00fcmet i\u015fi hem de canl\u0131, k\u00fc\u00e7\u00fck bir \u015fehir gibi hissettirir - ciddi kurum ve g\u00fcnl\u00fck s\u0131cakl\u0131\u011f\u0131n ilgin\u00e7 bir ikili\u011fi.<\/p>\n<p>Parlamento \u00dc\u00e7geni&#039;ne hakim olan Parlamento Binas\u0131 (alt\u0131n bayrak dire\u011fiyle) Avustralya h\u00fck\u00fcmetinin sembolik ve ger\u00e7ek merkezidir. Binan\u0131n turlar\u0131 en iyi aktivitelerden biridir: ziyaret\u00e7iler Senato ve Meclis odalar\u0131nda y\u00fcr\u00fcyebilir, sanat eserlerini inceleyebilir ve oturumda Soru Zaman\u0131&#039;n\u0131 izleyebilir. Siyasetin \u00f6tesinde, Canberra&#039;n\u0131n ilgi \u00e7ekici yerleri ulusal mirasa odaklan\u0131r. Parlamento&#039;nun hemen alt\u0131nda, Avustralyal\u0131 askerleri onurland\u0131ran birle\u015fik bir m\u00fcze ve tap\u0131nak olan Avustralya Sava\u015f An\u0131t\u0131 yer al\u0131r; dokunakl\u0131 sergiler ve dokunakl\u0131 g\u00fcnl\u00fck bir sayg\u0131 duru\u015fu sunar. Yak\u0131nlarda Ulusal Galeri (Aborjin sanat\u0131 ve uluslararas\u0131 koleksiyonlar\u0131 bar\u0131nd\u0131r\u0131r), Ulusal K\u00fct\u00fcphane (s\u00f6m\u00fcrge g\u00fcnl\u00fckleri gibi tarihi belgelere ev sahipli\u011fi yapar) ve Avustralya Ulusal M\u00fczesi (sosyal ve k\u00fclt\u00fcrel tarihe adanm\u0131\u015ft\u0131r) bulunur; bunlar\u0131n hepsi \u015fehrin mutlaka g\u00f6r\u00fclmesi gereken kurumlar\u0131 aras\u0131ndad\u0131r. Civic&#039;in City Hill ve Anzac Parade&#039;i, ba\u015fkentin ulusal kimli\u011fi \u015fekillendirmedeki rol\u00fcn\u00fc yans\u0131tan tarihi \u015fahsiyetlere ve olaylara ait an\u0131tlarla \u00e7evrilidir.<\/p>\n<p>\u015eehrin merkezinin d\u0131\u015f\u0131nda, \u015fehrin do\u011fal g\u00fczelli\u011fi ba\u015fl\u0131 ba\u015f\u0131na bir cazibe merkezidir. Molonglo Nehri&#039;nin barajlanmas\u0131yla olu\u015fturulan Burley Griffin G\u00f6l\u00fc, a\u00e7\u0131k g\u00fcnlerde manzaral\u0131 k\u0131y\u0131 \u015feridi y\u00fcr\u00fcy\u00fc\u015fleri, yelkencilik ve da\u011f manzaralar\u0131 sunar. Do\u011fuda Mount Ainslie ve bat\u0131da Black Mountain (Telstra Kulesi&#039;ne ev sahipli\u011fi yapar) bulunur; ikisi de kolayca t\u0131rman\u0131labilir ve y\u00fcr\u00fcy\u00fc\u015f\u00e7\u00fclere \u015fehrin muhte\u015fem manzaralar\u0131n\u0131 sunar. Canberra&#039;da park ve rezervlerden fazlas\u0131 vard\u0131r: Avustralya Ulusal Botanik Bah\u00e7eleri yerel bitkileri sergilerken, Namadgi Ulusal Park\u0131 (hemen g\u00fcneybat\u0131da) ormanl\u0131k alanlar\u0131 ve Aborijin miras alanlar\u0131n\u0131 korur. Mevsimsel etkinlikler turistleri \u00e7eker: ilkbaharda ba\u015fkent \u00e7i\u00e7eklerle kaplan\u0131r (Floriade) ve k\u0131\u015f\u0131n Y\u0131lba\u015f\u0131 Gecesi Skyfire havai fi\u015fekleri g\u00f6l\u00fc ve g\u00f6l k\u0131y\u0131s\u0131ndaki binalar\u0131 ayd\u0131nlat\u0131r (Enlighten Canberra&#039;n\u0131n bir par\u00e7as\u0131). Son olarak, her 25 Nisan&#039;da Anzak G\u00fcn\u00fc anmalar\u0131 b\u00fcy\u00fck kalabal\u0131klar \u00e7eker ve ba\u015fkentte k\u00f6kl\u00fc bir gelenek olan sava\u015f an\u0131tlar\u0131nda \u015fafak vakti ayinlerle sonu\u00e7lan\u0131r. \u00d6zetle, Canberra&#039;n\u0131n cazibe merkezleri hem e\u011fitici hem de g\u00f6rseldir: An\u0131tlar\u0131n\u0131 ke\u015ffetmek size Avustralya&#039;n\u0131n hikayesini \u00f6\u011fretir; \u00e7evresi ise (park alanlar\u0131, okalipt\u00fcs ormanlar\u0131 ve planl\u0131 manzaralar) \u015fehir hayat\u0131na yumu\u015fak ve d\u00fc\u015f\u00fcnd\u00fcr\u00fcc\u00fc bir tezat olu\u015fturur.<\/p>\n<p>Canberra&#039;n\u0131n \u015fehir merkezine sadece 8 km uzakl\u0131kta kendi havaliman\u0131 (Canberra Havaliman\u0131, CBR) vard\u0131r ve t\u00fcm b\u00fcy\u00fck Avustralya \u015fehirlerine direkt u\u00e7u\u015flar vard\u0131r. Sydney&#039;den Hume Otoyolu \u00fczerinden yakla\u015f\u0131k 3-3,5 saat s\u00fcrer ve Canberra, Brisbane&#039;den i\u00e7 otoyol \u00fczerinden yakla\u015f\u0131k 660 km uzakl\u0131ktad\u0131r (yakla\u015f\u0131k 7 saatlik bir yolculuk). Ayr\u0131ca Canberra&#039;y\u0131 Sydney ve Melbourne&#039;e ba\u011flayan g\u00fcnl\u00fck bir tren (NSW TrainLink) ve otob\u00fcs hizmeti de vard\u0131r.<\/p>\n<p>\u015eehrin tasar\u0131m\u0131 onu makul \u00f6l\u00e7\u00fcde araba dostu yap\u0131yor. Yollar geni\u015f (genellikle d\u00f6ner kav\u015faklar ve ref\u00fcjlerle) ve park yeri bol ve genellikle \u00fccretsiz. \u0130yi ba\u011flant\u0131l\u0131 bir toplu ta\u015f\u0131ma sistemi (ACTION otob\u00fcsleri) t\u00fcm banliy\u00f6lere hizmet veriyor ve \u015fehir merkezi ile Gungahlin aras\u0131nda hafif rayl\u0131 tramvay hatt\u0131 (2019&#039;da a\u00e7\u0131ld\u0131) \u00e7al\u0131\u015f\u0131yor. Bisiklet kullan\u0131m\u0131 pop\u00fcler: bisiklet yollar\u0131 \u015fehri \u00e7aprazl\u0131yor ve patikalar g\u00f6l\u00fc takip ediyor. Araba kullan\u0131yorsan\u0131z, solda kalmay\u0131 ve d\u00f6ner kav\u015faklara dikkat etmeyi unutmay\u0131n. \u015eehrin d\u00fczeni (eksenler ve dairelerle) merkezde \u0131zgara benzeri hissettirebilirken, d\u0131\u015f b\u00f6lgelerde banliy\u00f6 hissi verebilir, bu nedenle ilk kez gelen ziyaret\u00e7iler i\u00e7in navigasyon uygulamalar\u0131 veya bir harita faydal\u0131 olabilir.<\/p>\n<p>Canberra&#039;n\u0131n para birimi Avustralya Dolar\u0131&#039;d\u0131r. Bah\u015fi\u015f beklenmez (servis personeli standart \u00fccret al\u0131r) - herhangi bir bah\u015fi\u015f tamamen g\u00f6n\u00fcll\u00fcd\u00fcr. Her yerde \u0130ngilizce konu\u015fulur; polisler, baristalar ve yerel halk genellikle dost\u00e7a sorular\u0131 yan\u0131tlar. Canberra temiz ve d\u00fczenli olmas\u0131yla bilinir: geri d\u00f6n\u00fc\u015f\u00fcm kutular\u0131 yayg\u0131nd\u0131r ve geri d\u00f6n\u00fc\u015f\u00fcm yapman\u0131z ve suyu koruman\u0131z (tabelalar veya yerel halk taraf\u0131ndan) hat\u0131rlat\u0131l\u0131r. Yaz\u0131n g\u00fcne\u015f g\u00fc\u00e7l\u00fc olabilir, bu nedenle Canberra&#039;n\u0131n parlak k\u0131\u015flar\u0131nda bile g\u00fcne\u015f kremi kullanman\u0131z \u00f6nerilir. Canberra&#039;n\u0131n acil durum numaras\u0131 her zamanki gibi 000&#039;d\u0131r.<\/p>\n<p>Canberral\u0131lar genellikle a\u00e7\u0131k s\u00f6zl\u00fc ve adil olma e\u011filimindedir. S\u0131radan nezaket -s\u0131rada beklemek, el s\u0131k\u0131\u015fmak, kap\u0131y\u0131 tutmak- \u00e7ok i\u015fe yarar. B\u00fcy\u00fckel\u00e7ilik personeli ve politikac\u0131lar\u0131n yo\u011funlu\u011fu g\u00f6z \u00f6n\u00fcne al\u0131nd\u0131\u011f\u0131nda, etkinliklerde veya daha iyi restoranlarda giyinmek di\u011fer Avustralya \u015fehirlerine g\u00f6re daha resmi olabilir (i\u015f k\u0131yafeti veya \u015f\u0131k g\u00fcndelik). \u00d6te yandan, \u00f6\u011fle yeme\u011finde veya hafta sonlar\u0131nda bisiklet k\u0131yafetleri veya y\u00fcr\u00fcy\u00fc\u015f botlar\u0131yla kar\u0131\u015fm\u0131\u015f tak\u0131m elbiseler de g\u00f6receksiniz; \u015fehrin rahat a\u00e7\u0131k hava k\u00fclt\u00fcr\u00fc her ikisini de g\u00f6rebilece\u011finiz anlam\u0131na gelir. Avustralya kurallar\u0131 (emniyet kemeri tak\u0131n, kapal\u0131 halka a\u00e7\u0131k alanlarda sigara i\u00e7meyin, belirlenmi\u015f alanlar d\u0131\u015f\u0131nda parklarda i\u00e7ki i\u00e7meyin) burada da ge\u00e7erlidir. Son olarak, bir\u00e7ok ilgi \u00e7ekici yerin h\u00fck\u00fcmet taraf\u0131ndan i\u015fletilen kurumlar oldu\u011funu unutmay\u0131n: Avustralya resmi tatillerini kutlarlar. \u00d6rne\u011fin ANZAC G\u00fcn\u00fc&#039;nde (25 Nisan), t\u00fcm \u015fehir ciddi bir \u015fafak ayini kutlar ve kamu ofisleri kapal\u0131d\u0131r. Ancak di\u011fer bir\u00e7ok g\u00fcnde, Canberra&#039;n\u0131n rutini her zamanki gibidir ve ziyaret\u00e7iler m\u00fczelerin, kafelerin ve a\u00e7\u0131k havan\u0131n tad\u0131n\u0131 \u00e7\u0131karmay\u0131 kolay bulacaklard\u0131r.<\/p>","protected":false},"excerpt":{"rendered":"<p>Avustralya&#039;n\u0131n ba\u015fkenti Canberra, modernizmi tarih ve k\u00fclt\u00fcrle ustaca birle\u015ftiriyor. Avustralya kolonilerinin federasyonundan do\u011fan \u015fehir, yeni kurulan \u00fclkenin h\u00fck\u00fcmet merkezi oldu. G\u00fcn\u00fcm\u00fczde, sadece Avustralya&#039;n\u0131n en b\u00fcy\u00fck i\u00e7 \u015fehri de\u011fil, ayn\u0131 zamanda genel olarak sekizinci en b\u00fcy\u00fc\u011f\u00fc. \u00dclkenin en y\u00fcksek s\u0131rada\u011flar\u0131 olan Avustralya Alpleri&#039;nin en kuzey noktas\u0131nda y\u00fckselen Canberra, Haziran 2023&#039;te tahmini 466.566 n\u00fcfusuyla gururla g\u00f6r\u00fclebiliyor.<\/p>","protected":false},"author":1,"featured_media":4498,"parent":9806,"menu_order":0,"comment_status":"closed","ping_status":"closed","template":"elementor_theme","meta":{"_eb_attr":"","footnotes":""},"class_list":["post-10153","page","type-page","status-publish","has-post-thumbnail"],"_links":{"self":[{"href":"https:\/\/travelshelper.com\/tr\/wp-json\/wp\/v2\/pages\/10153","targetHints":{"allow":["GET"]}}],"collection":[{"href":"https:\/\/travelshelper.com\/tr\/wp-json\/wp\/v2\/pages"}],"about":[{"href":"https:\/\/travelshelper.com\/tr\/wp-json\/wp\/v2\/types\/page"}],"author":[{"embeddable":true,"href":"https:\/\/travelshelper.com\/tr\/wp-json\/wp\/v2\/users\/1"}],"replies":[{"embeddable":true,"href":"https:\/\/travelshelper.com\/tr\/wp-json\/wp\/v2\/comments?post=10153"}],"version-history":[{"count":0,"href":"https:\/\/travelshelper.com\/tr\/wp-json\/wp\/v2\/pages\/10153\/revisions"}],"up":[{"embeddable":true,"href":"https:\/\/travelshelper.com\/tr\/wp-json\/wp\/v2\/pages\/9806"}],"wp:featuredmedia":[{"embeddable":true,"href":"https:\/\/travelshelper.com\/tr\/wp-json\/wp\/v2\/media\/4498"}],"wp:attachment":[{"href":"https:\/\/travelshelper.com\/tr\/wp-json\/wp\/v2\/media?parent=10153"}],"curies":[{"name":"wp","href":"https:\/\/api.w.org\/{rel}","templated":true}]}}