{"id":10119,"date":"2024-09-09T19:24:20","date_gmt":"2024-09-09T19:24:20","guid":{"rendered":"https:\/\/travelshelper.com\/staging\/?page_id=10119"},"modified":"2026-03-13T21:44:12","modified_gmt":"2026-03-13T21:44:12","slug":"falls-creek","status":"publish","type":"page","link":"https:\/\/travelshelper.com\/tr\/destinations\/australia-and-oceania\/australia\/falls-creek\/","title":{"rendered":"Falls Creek"},"content":{"rendered":"<p>Falls Creek, \u00e7ok k\u00fc\u00e7\u00fck bir kal\u0131c\u0131 toplulu\u011fa sahip, y\u0131l boyu a\u00e7\u0131k k\u00fc\u00e7\u00fck bir Alp k\u00f6y\u00fcd\u00fcr. Asl\u0131nda, yaz\u0131n sadece yakla\u015f\u0131k 200 ki\u015fi tam zamanl\u0131 olarak orada ya\u015famaktad\u0131r, ancak bu say\u0131 her k\u0131\u015f \u00f6nemli \u00f6l\u00e7\u00fcde artmaktad\u0131r: tatil yeri yo\u011fun sezonda yakla\u015f\u0131k 5.600 sakine ev sahipli\u011fi yapabilmektedir. Bu art\u0131\u015f, k\u00f6y\u00fcn 4.500 konaklama yata\u011f\u0131n\u0131 ve k\u0131\u015fl\u0131k konaklama yerlerini yans\u0131tmaktad\u0131r. Sonu\u00e7 olarak, ekonomisi neredeyse tamamen turizm taraf\u0131ndan y\u00f6nlendirilmektedir. Bir h\u00fck\u00fcmet raporunda, Falls Creek&#039;in &#034;b\u00f6lgenin ekonomisine \u00f6nemli \u00f6l\u00e7\u00fcde katk\u0131da bulundu\u011fu&#034; ve \u00f6nemli miktarda mevsimsel istihdam yaratt\u0131\u011f\u0131 belirtilmektedir. Tipik bir (pandemi \u00f6ncesi) y\u0131lda, Falls Creek&#039;in toplam turizm geliri yakla\u015f\u0131k 12 milyon AU$ olmu\u015ftur. Sadece k\u00fc\u00e7\u00fck bir kal\u0131c\u0131 n\u00fcfus vard\u0131r (y\u0131l boyu a\u00e7\u0131k ilkokulun \u00f6\u011frencileri dahil), bu nedenle yerel ekonomi kayak kul\u00fcbeleri, restoranlar ve kiral\u0131k konaklama birimleri etraf\u0131nda d\u00f6nmektedir. K\u0131\u015f\u0131n zirvesinde tatil yeri binlerce kayak\u00e7\u0131 ve snowboardcuyla u\u011fultu yapar; yaz\u0131n ise y\u00fcr\u00fcy\u00fc\u015f\u00e7\u00fclerin ve da\u011f bisiklet\u00e7ilerinin daha sakin bir ritmine yerle\u015fir.<\/p>\n<p>Falls Creek, g\u00fcneydo\u011fu Avustralya&#039;daki Viktorya Alpleri&#039;nin derinliklerinde yer al\u0131r. K\u00f6y, Melbourne&#039;un yakla\u015f\u0131k 350 km kuzeydo\u011fusunda (yakla\u015f\u0131k 5-6 saatlik s\u00fcr\u00fc\u015f mesafesinde) Alpine Milli Park\u0131 i\u00e7inde yer al\u0131r. Deniz seviyesinden yakla\u015f\u0131k 1.600 m y\u00fckseklikte y\u00fcksek bir platoda yer al\u0131r (taban y\u00fcksekli\u011fi 1.500 m, en y\u00fcksek y\u00fckselti 1.780 m). En yak\u0131n k\u00fc\u00e7\u00fck kasaba, yakla\u015f\u0131k 30 km uzakl\u0131ktaki Mount Beauty&#039;dir. Co\u011frafi olarak, Falls Creek, Victoria&#039;n\u0131n Hume b\u00f6lgesinin bir par\u00e7as\u0131d\u0131r ve engebeli da\u011f s\u0131ralar\u0131yla \u00e7evrilidir. Karl\u0131 ovalar ve alpin ormanlar\u0131 tatil k\u00f6y\u00fcn\u00fc s\u0131n\u0131rlar. \u0130klim aylarca so\u011fuk ve karl\u0131d\u0131r: k\u0131sa, serin yazlar\u0131 ve \u00e7ok karl\u0131 k\u0131\u015flar\u0131 olan so\u011fuk okyanus\/kutup alt\u0131 b\u00f6lgesi olarak s\u0131n\u0131fland\u0131r\u0131l\u0131r. Falls Creek her k\u0131\u015f ortalama d\u00f6rt metre kar ya\u011f\u0131\u015f\u0131 al\u0131r ve kayak pistlerini genellikle Haziran&#039;dan Eyl\u00fcl&#039;e kadar a\u00e7\u0131k tutar. Yaz g\u00fcnleri \u0131l\u0131k, genellikle a\u00e7\u0131k ve g\u00fcne\u015flidir, ancak geceler yine de olduk\u00e7a serin olabilir. K\u0131sacas\u0131, Falls Creek, Avustralya k\u0131tas\u0131nda ger\u00e7ek bir y\u00fcksek da\u011f ortam\u0131d\u0131r; \u00e7am ormanlar\u0131 ve donmu\u015f g\u00f6ller, k\u0131\u015f\u0131n geni\u015f kar alanlar\u0131na d\u00f6n\u00fc\u015f\u00fcr.<\/p>\n<p>Falls Creek&#039;in k\u00f6kenleri 20. y\u00fczy\u0131l\u0131n ortalar\u0131ndaki sava\u015f sonras\u0131 d\u00f6neme dayan\u0131r. II. D\u00fcnya Sava\u015f\u0131 ve yak\u0131nlardaki Kiewa hidroelektrik projesinin in\u015fas\u0131ndan sonra, turistler ve askerler y\u00fcksek da\u011flarda kayak yapmaya ba\u015flad\u0131lar. 1948&#039;de m\u00fchendisler oraya ilk kaba kayak kul\u00fcbesini in\u015fa ettiler. 1951&#039;de bir halatl\u0131 \u00e7ekme sistemi kuruldu ve 1957&#039;de Falls Creek, Avustralya&#039;n\u0131n ilk telesiyejine ev sahipli\u011fi yapt\u0131. &#034;K\u00f6y&#034; yava\u015f yava\u015f b\u00fcy\u00fcd\u00fc: Haziran 1958&#039;de resmi olarak tan\u0131nmas\u0131n\u0131 sa\u011flayan bir postane a\u00e7\u0131ld\u0131. Bundan sonraki on y\u0131llar boyunca Falls Creek, esasen s\u0131cak aylarda otlatma i\u00e7in kullan\u0131lan yazl\u0131k s\u0131\u011f\u0131r b\u00f6lgesiydi. Bu durum, hassas da\u011f ortam\u0131n\u0131 korumak i\u00e7in otlatman\u0131n nihayet yasakland\u0131\u011f\u0131 2000&#039;lerin ba\u015f\u0131nda de\u011fi\u015fti. O zamandan beri tatil merkezinin profili y\u00fckseldi. \u00d6nemli bir d\u00f6n\u00fcm noktas\u0131, k\u00fcresel kayak operat\u00f6r\u00fc Vail Resorts&#039;un (Yeni G\u00fcney Galler&#039;deki Perisher&#039;\u0131n sahibi olarak bilinir) Falls Creek&#039;i (Mt. Hotham ile birlikte) yakla\u015f\u0131k 174 milyon AU$&#039;a sat\u0131n ald\u0131\u011f\u0131 2019&#039;da geldi. G\u00fcn\u00fcm\u00fczde Falls Creek modern bir kayak k\u00f6y\u00fc havas\u0131na sahip olsa da, kul\u00fcbelerin ve halatl\u0131 \u00e7ekme sistemlerinin \u00f6nc\u00fc oldu\u011fu g\u00fcnleri hat\u0131rlatan baz\u0131 erken d\u00f6nem kal\u0131nt\u0131lar\u0131 (\u00f6rne\u011fin, k\u00fc\u00e7\u00fck bir m\u00fcze ve yama\u00e7lar\u0131n alt\u0131ndaki &#034;miras kul\u00fcbeleri&#034;) bulunmaktad\u0131r.<\/p>\n<p>Falls Creek&#039;in k\u00fclt\u00fcr\u00fc, bir da\u011f kayak k\u00f6y\u00fcn\u00fcn k\u00fclt\u00fcr\u00fcne \u00e7ok benzer. Bask\u0131n dil \u0130ngilizce&#039;dir ve topluluk \u00e7o\u011funlukla Avustralyal\u0131lardan (genellikle kayak e\u011fitmeni ve tesis personeli olarak \u00e7al\u0131\u015fan Viktoryal\u0131lar) olu\u015fur. &#034;Kayak serserisi&#034; ya\u015fam tarz\u0131, aile hayat\u0131yla yumu\u015fat\u0131l\u0131r; k\u00f6yde y\u0131l boyunca bir ilkokul bile vard\u0131r. K\u0131\u015f\u0131n tempo da\u011fa odaklan\u0131r, ancak hava karard\u0131ktan sonra sahne canlan\u0131r: k\u00f6y merkezinde kayak\u00e7\u0131lar\u0131 ve snowboardcular\u0131 e\u011flendirmek i\u00e7in barlar ve birka\u00e7 gece kul\u00fcb\u00fc vard\u0131r. Ziyaret\u00e7iler genellikle samimi, g\u00f6steri\u015fsiz bir atmosfer hisseder; yerel Avustralyal\u0131lar, toz kar i\u00e7in gelen uluslararas\u0131 ziyaret\u00e7ilerle kar\u0131\u015f\u0131r. Topluluk gelenekleri aras\u0131nda y\u0131l sonu kutlamalar\u0131 ve kayak yar\u0131\u015flar\u0131 yer al\u0131r. \u0130ki imza etkinli\u011fi bu havay\u0131 yans\u0131t\u0131r: Kangaroo Hoppet, her A\u011fustos d\u00fczenlenen ve Avustralya&#039;dan ve yurtd\u0131\u015f\u0131ndan binlerce kayak\u00e7\u0131y\u0131 \u00e7eken 42 km&#039;lik bir kros kayak maratonu. Eyl\u00fcl ay\u0131n\u0131n ba\u015flar\u0131nda, tesis Avustralyal\u0131 ve uluslararas\u0131 s\u00fcr\u00fcc\u00fcleri arazi parklar\u0131na getiren bir slopestyle snowboard yar\u0131\u015fmas\u0131 olan &#034;Stylewars&#034;a ev sahipli\u011fi yapar. Her iki etkinlik de k\u00f6yde \u015fenlikli bir hareketlilik yarat\u0131yor. Yaz\u0131n atmosfer de\u011fi\u015fiyor: Kar\u015f\u0131la\u015ft\u0131r\u0131ld\u0131\u011f\u0131nda \u00e7ok sessiz oluyor, ziyaret\u00e7iler kayaklar\u0131n\u0131 y\u00fcr\u00fcy\u00fc\u015f botlar\u0131 ve bisikletlerle de\u011fi\u015ftiriyor. Genel olarak, Falls Creek, a\u00e7\u0131k havada aktif bir k\u00fclt\u00fcr ve k\u0131sa ama canl\u0131 bir turist sezonu ile ayaklar\u0131 yere basan bir da\u011f toplulu\u011fu gibi hissettiriyor.<\/p>\n<p>Falls Creek&#039;teki en b\u00fcy\u00fck ilgi oda\u011f\u0131 da\u011fl\u0131k arazisidir. Tesis, 16 asans\u00f6rle hizmet verilen yakla\u015f\u0131k 76 kayak pistine sahiptir. Bu bak\u0131ml\u0131 yama\u00e7lar (hafif ba\u015flang\u0131\u00e7 \u200b\u200bpistlerinden dik siyah pistlere kadar) her yetenek seviyesindeki kayak\u00e7\u0131y\u0131 kendine \u00e7eker. K\u0131\u015f\u0131n, Falls Creek&#039;in pistlerinde sadece kayak yapmak veya snowboard yapmak - &#034;Wishing Well&#034; adl\u0131 3 km uzunlu\u011funda bir parkur da dahil - temel deneyimdir. Bir\u00e7ok ziyaret\u00e7i i\u00e7in Falls Creek tam da budur. Yaz aylar\u0131nda, donmu\u015f yama\u00e7lar farkl\u0131 bir manzaraya d\u00f6n\u00fc\u015f\u00fcr: Falls Creek, y\u00fcksek puan alan da\u011f bisikleti park\u0131yla tan\u0131n\u0131r. Tesis, alpin orman\u0131n i\u00e7inden ge\u00e7en onlarca kilometrelik bisiklet parkuru sunar. Asl\u0131nda, tesisin resmi bro\u015f\u00fcrleri Falls Creek&#039;i Rocky Valley G\u00f6l\u00fc ve yak\u0131ndaki s\u0131rtlar \u00e7evresinde y\u00fcr\u00fcy\u00fc\u015f, patika ko\u015fusu ve bisiklet f\u0131rsatlar\u0131 sunan yaz sporlar\u0131 i\u00e7in bir &#034;a\u00e7\u0131k hava Mekke&#039;si&#034; olarak adland\u0131r\u0131r. Di\u011fer ilgi \u00e7ekici yerler aras\u0131nda Mt McKay&#039;in ete\u011findeki tarihi s\u0131\u011f\u0131r \u00e7oban\u0131 kul\u00fcbeleri (Wallace&#039;s Hut ve Johanna&#039;s Hut gibi) yer al\u0131r - ziyaret\u00e7ilerin 19. y\u00fczy\u0131l\u0131n ortalar\u0131ndaki da\u011f ya\u015fam\u0131na geri d\u00f6nebilece\u011fi eski otlatma d\u00f6neminin kal\u0131nt\u0131lar\u0131. K\u00f6y\u00fcn kendisinde, Falls Creek Alpine Resort kompleksi - kayakla girip kayakla \u00e7\u0131k\u0131labilen bir otel, pansiyon ve ma\u011faza koleksiyonu - genellikle aktivitenin merkezidir. Yerel kros parkurlar\u0131 (k\u00f6y\u00fcn ve yak\u0131ndaki zirvelerin etraf\u0131nda 65 km&#039;lik bak\u0131ml\u0131 halkalar) d\u00fcnya standartlar\u0131ndad\u0131r, bu nedenle bir\u00e7ok ziyaret\u00e7i burada kros kaya\u011f\u0131 veya kar ayakkab\u0131s\u0131yla y\u00fcr\u00fcy\u00fc\u015f yapmay\u0131 dener. K\u0131sacas\u0131, Falls Creek&#039;in mutlaka g\u00f6r\u00fclmesi gereken yerleri k\u0131\u015f\u0131n kendi kar alanlar\u0131 ve yaz\u0131n y\u00fcr\u00fcy\u00fc\u015f\/da\u011f bisikleti parkurlar\u0131d\u0131r - esasen, da\u011f manzaras\u0131 ilgi \u00e7ekicidir.<\/p>\n<p>Falls Creek&#039;e ula\u015fmak biraz planlama gerektiriyor. En yak\u0131n b\u00fcy\u00fck havaalan\u0131 Albury&#039;dir (g\u00fcney Yeni G\u00fcney Galler&#039;de, yakla\u015f\u0131k 130 km uzakl\u0131kta), ancak bir\u00e7ok ziyaret\u00e7i Melbourne&#039;e (Tullamarine Havaalan\u0131) u\u00e7uyor ve ard\u0131ndan tesise arabayla veya otob\u00fcsle gidiyor. Melbourne&#039;den karayolu yolculu\u011fu Hume Freeway ve Alpine Road \u00fczerinden yakla\u015f\u0131k 350 km&#039;dir (arabayla yakla\u015f\u0131k 5-6 saat). K\u00f6y\u00fcn kendisine Bogong High Plains Road \u00fczerinden Mount Beauty kasabas\u0131ndan ula\u015f\u0131l\u0131yor. \u00d6nemlisi, bu y\u00fcksek da\u011f yolu y\u0131l boyunca a\u00e7\u0131k, ancak k\u0131\u015f\u0131n ziyaret\u00e7ilerin buzlu veya derin karl\u0131 ko\u015fullarda kar zincirleri ta\u015f\u0131malar\u0131 ve kullanmalar\u0131 gerekiyor. Asl\u0131nda, Falls Creek&#039;teki k\u00f6y yollar\u0131 kayak sezonunun \u00e7o\u011funda tamamen ara\u00e7s\u0131zd\u0131r (tesis, 2022&#039;de k\u0131\u015f\u0131n k\u00f6y yollar\u0131n\u0131n 93 g\u00fcn boyunca ara\u00e7lara kapal\u0131 oldu\u011funu bildirdi), bu da insanlar\u0131n tabana park edip kayak yaparak veya y\u00fcr\u00fcyerek k\u00f6ye girdikleri anlam\u0131na geliyor. \u0130nsanlar\u0131 pansiyonlara ta\u015f\u0131mak i\u00e7in buzlu g\u00fcnlerde \u00fccretsiz servis otob\u00fcs\u00fc \u00e7al\u0131\u015f\u0131yor. K\u00f6y i\u00e7inde her \u015fey y\u00fcr\u00fcnebilir veya kayak yap\u0131labilir. (\u00d6zellikle, yaz\u0131n hem Omeo&#039;dan Bogong High Plains Yolu hem de Bogong Yolu bisiklet\u00e7iler aras\u0131nda pop\u00fclerdir ve y\u0131ll\u0131k Peaks Challenge gibi etkinlikler b\u00f6lgeye gelir.) Temel ziyaret\u00e7i ipu\u00e7lar\u0131: Falls Creek Avustralya dolar\u0131 kullan\u0131r ve her yerde \u0130ngilizce konu\u015fulur. K\u0131\u015f\u0131n k\u0131yafet kural\u0131 katmanl\u0131 d\u0131\u015f mekan k\u0131yafetleridir; yaz\u0131n geceleri tepede hava serin olabilir. Sa\u011fduyulu da\u011f g\u00fcvenli\u011fi ge\u00e7erlidir: k\u0131\u015f\u0131n i\u015faretli patikalarda kal\u0131n, hava de\u011fi\u015fikliklerine dikkat edin ve yaz\u0131n g\u00fcne\u015ften korunma kullan\u0131n. Mobil hizmet en y\u00fcksek rak\u0131mlarda yetersizdir, bu nedenle \u00f6nceden plan yap\u0131n. Genel olarak, ziyaret\u00e7iler Falls Creek&#039;in uzak ve y\u00fcksek rak\u0131ml\u0131 oldu\u011funu bilmelidir - k\u0131\u015f\u0131n ekstra seyahat s\u00fcresi ay\u0131rmak ve so\u011fuk ko\u015fullara haz\u0131rl\u0131kl\u0131 olmak ak\u0131ll\u0131ca olacakt\u0131r.<\/p>","protected":false},"excerpt":{"rendered":"<p>Muhte\u015fem Viktorya Alpleri aras\u0131nda s\u0131k\u0131\u015fm\u0131\u015f olan Falls Creek Alpine Resort, Avustralya&#039;n\u0131n en iyi da\u011f maceralar\u0131 s\u0131\u011f\u0131na\u011f\u0131d\u0131r. Kuzeydo\u011fu Victoria&#039;daki Alpine Milli Park\u0131&#039;n\u0131n Hume b\u00f6lgesinde bulunan bu tesis, Melbourne&#039;e yakla\u015f\u0131k 350 kilometre (220 mil) uzakl\u0131ktad\u0131r; Mount Beauty en yak\u0131n kasabad\u0131r ve sadece 30 kilometre (20 mil) uzakl\u0131ktad\u0131r. 1.500 ila 1.830 metre (4.921 ila 6.004 fit) aras\u0131nda y\u00fckselen tesisin en y\u00fcksek y\u00fckseltilmi\u015f noktas\u0131 1.780 metredir (5.840 fit). Daha dikey zorluklar arayanlar i\u00e7in, Mount McKay&#039;in 1.842 metreye (6.043 fit) y\u00fckselen kom\u015fu zirvesi \u00e7a\u011f\u0131r\u0131r ve tesisten kar kedisiyle ula\u015f\u0131labilir.<\/p>","protected":false},"author":1,"featured_media":2902,"parent":9806,"menu_order":0,"comment_status":"closed","ping_status":"closed","template":"elementor_theme","meta":{"_eb_attr":"","footnotes":""},"class_list":["post-10119","page","type-page","status-publish","has-post-thumbnail"],"_links":{"self":[{"href":"https:\/\/travelshelper.com\/tr\/wp-json\/wp\/v2\/pages\/10119","targetHints":{"allow":["GET"]}}],"collection":[{"href":"https:\/\/travelshelper.com\/tr\/wp-json\/wp\/v2\/pages"}],"about":[{"href":"https:\/\/travelshelper.com\/tr\/wp-json\/wp\/v2\/types\/page"}],"author":[{"embeddable":true,"href":"https:\/\/travelshelper.com\/tr\/wp-json\/wp\/v2\/users\/1"}],"replies":[{"embeddable":true,"href":"https:\/\/travelshelper.com\/tr\/wp-json\/wp\/v2\/comments?post=10119"}],"version-history":[{"count":0,"href":"https:\/\/travelshelper.com\/tr\/wp-json\/wp\/v2\/pages\/10119\/revisions"}],"up":[{"embeddable":true,"href":"https:\/\/travelshelper.com\/tr\/wp-json\/wp\/v2\/pages\/9806"}],"wp:featuredmedia":[{"embeddable":true,"href":"https:\/\/travelshelper.com\/tr\/wp-json\/wp\/v2\/media\/2902"}],"wp:attachment":[{"href":"https:\/\/travelshelper.com\/tr\/wp-json\/wp\/v2\/media?parent=10119"}],"curies":[{"name":"wp","href":"https:\/\/api.w.org\/{rel}","templated":true}]}}