{"id":9957,"date":"2024-09-09T13:05:58","date_gmt":"2024-09-09T13:05:58","guid":{"rendered":"https:\/\/travelshelper.com\/staging\/?page_id=9957"},"modified":"2026-03-13T21:36:20","modified_gmt":"2026-03-13T21:36:20","slug":"thredbo","status":"publish","type":"page","link":"https:\/\/travelshelper.com\/sv\/destinations\/australia-and-oceania\/australia\/thredbo\/","title":{"rendered":"Thredbo"},"content":{"rendered":"<p>Thredbo Alpine Village ligger i Kosciuszko nationalpark och \u00e4r Australiens h\u00f6gst bel\u00e4gna semesterort. Den ligger i en skogskl\u00e4dd dal i Ramshead Range, ungef\u00e4r 500 km s\u00f6der om Sydney. Byns centrum \u00e4r en g\u00e5gata i alpin stil kantad av butiker, stugor och tavernor \u2013 en avsiktlig kontrast till det mer spridda Perisher. Trots sin storlek (endast cirka 477 permanenta inv\u00e5nare) kan Thredbo ta emot tusentals bes\u00f6kare: orten har cirka 4 150 b\u00e4ddar f\u00f6r g\u00e4ster. Under en hel vinterhelg kryllar Thredbos backar av skidmassor, och liftarna g\u00e5r nonstop och servar 14 av dem, inklusive en \u00e5ttapersoners gondol som n\u00e5r upp till 1 989 m p\u00e5 toppen (den <em>Toppstationen<\/em>Anm\u00e4rkningsv\u00e4rt \u00e4r att Thredbo&#039;s Village Run \u00e4r det l\u00e4ngsta sammanh\u00e4ngande utf\u00f6rs\u00e5kningssp\u00e5ret i Australien (cirka 5 km fr\u00e5n Karel&#039;s T-Bar till bykanten).<\/p>\n<p>Thredbo har cirka 480 hektar skidterr\u00e4ng \u2013 mindre \u00e4n Perisher, men det kompenseras av fallh\u00f6jd och liftkvalitet. Toppen \u00e4r 2 037 m, basen 1 365 m, vilket ger den en av de h\u00f6gsta skidbaserna i NSW. Vintersport dominerar ekonomin: Thredbo lockar ungef\u00e4r 700 000 vinterbes\u00f6kare varje \u00e5r, lockade till sina terr\u00e4ngparker, puckelpister och preparerade backar. P\u00e5 sommaren forts\u00e4tter Thredbo att blomstra: cirka 300 000 bes\u00f6kare kommer f\u00f6r vandring, mountainbike och festivaler, vilket g\u00f6r den till en av Australiens enda alpina orter som \u00e4r \u00f6ppna \u00e5ret runt. Liftsystemet (1 gondol, 3 h\u00f6ghastighetsfyrhjulingar, 5 liftbarer och andra liftar) \u00e4r toppmodernt, och byns tj\u00e4nster \u2013 fr\u00e5n skidskolor till restauranger \u2013 \u00e4r \u00f6ppna \u00e5ret runt.<\/p>\n<p>Thredbo ligger i det syd\u00f6stra h\u00f6rnet av New South Wales, h\u00f6gt uppe i de australiska Alperna. Det \u00e4r tillg\u00e4ngligt via Alpine Way-v\u00e4gen, som slingrar sig genom Cooma och Jindabyne i v\u00e4ster och f\u00f6rbinder till Sydney eller Canberra. Byn ligger vid foten av Crackenbackfloden (Thredbo), omgiven av h\u00f6ga sn\u00f6toppar och toppar som Mount Kosciuszko. P\u00e5 vintern \u00e4r landskapet typiskt alpint: sn\u00f6kl\u00e4dda tr\u00e4d, frisk bergsluft och en flod t\u00e4ckt av isflak. Somrarna \u00e4r svala och gr\u00f6na, med vildblommor som t\u00e4cker \u00e4ngarna. Thredbo ligger inom 15 minuters bilresa fr\u00e5n Perisher, men har sin egen distinkta karakt\u00e4r (bussf\u00f6rbindelser f\u00f6rbinder de tv\u00e5).<\/p>\n<p>Klimatet \u00e4r alpint-maritimt. Vintrarna ger j\u00e4mn sn\u00f6 fr\u00e5n juni till september, med ett genomsnittligt \u00e5rligt sn\u00f6fall p\u00e5 cirka 2 040 mm. Sommardagarna \u00e4r milda (med en topptemperatur p\u00e5 runt 20 \u00b0C) och n\u00e4tterna kan vara kyliga. Eftersom dalen \u00e4r smal kan stormar snabbt omsluta Thredbo, vilket g\u00f6r v\u00e4derprognoser viktiga.<\/p>\n<p>Den moderna byn Thredbo b\u00f6rjade som en vision under Snowy Mountains vattenkraftsschema-eran. \u00c5r 1957 beviljades ett konsortium som hade arbetat med Snowy-schemat arrender\u00e4tten f\u00f6r att utveckla Thredbo. Legenden s\u00e4ger att namnet &#034;Thredbo&#034; kommer fr\u00e5n en aboriginsk term f\u00f6r en lokal flod\u00f6verg\u00e5ng, \u00e4ven om detaljerna \u00e4r knappa. De f\u00f6rsta skidliftarna \u00f6ppnade i b\u00f6rjan av 1980-talet, och en stolslift tog snart skid\u00e5kare till de h\u00f6ga topparna. \u00c5r 1987 hade Thredbo Villages k\u00e4rnanl\u00e4ggningar k\u00f6pts av Amalgamated Holdings Ltd.<\/p>\n<p>Thredbos ortsprofil h\u00f6jdes internationellt n\u00e4r den var v\u00e4rd f\u00f6r FIS Alpine Ski World Cup-downhillt\u00e4vlingen 1989 (den f\u00f6rsta f\u00f6r s\u00f6dra halvklotet). \u00c5r 1997 ut\u00f6kade Thredbos Riverview-lift och andra uppgraderingar terr\u00e4ngen, och 1999 \u00f6ppnade byn den f\u00f6rsta gondolen i Australien. Med tiden antog Thredbo mer av en europeisk alpin charm: hotell och restauranger med tr\u00e4balkonger, europeiska kockar och till och med en \u00f6ltr\u00e4dg\u00e5rd f\u00f6r afterski.<\/p>\n<p>Till skillnad fr\u00e5n Perisher, som har sitt ursprung i flera skidomr\u00e5den, planerades Thredbo fr\u00e5n b\u00f6rjan som en integrerad stad. Idag syns dess historia p\u00e5 plaketter som minns tidiga &#034;Ski Troops&#034; och i den gamla Riverview T-Bar (som fortfarande l\u00e5ngsamt tar emot nyb\u00f6rjare). Staden har beh\u00e5llit en antydan till sitt arv fr\u00e5n 1950-talet i gatunamn (t.ex. Tin Can Ski Bar, byggd 1969 av projektarbetare) och ett litet museum med memorabilia fr\u00e5n projektet. P\u00e5 2000-talet \u00f6versteg bes\u00f6ksantalet alla boskapsuppf\u00f6dares antal tidigare; n\u00e5gra hyddor fr\u00e5n de tidiga boskapsuppf\u00f6darna st\u00e5r fortfarande \u00f6vergivna i vildmarken bortom skidomr\u00e5det.<\/p>\n<p>Thredbos kultur blandar avslappnad australisk v\u00e4nlighet med en touch av internationell skidstadsk\u00e4nsla. P\u00e5 vintern \u00e4r byn livlig men inte frenetisk: liftarna \u00e4r livliga p\u00e5 morgonen, och p\u00e5 eftermiddagen surrar kaf\u00e9erna av prat med flera accenter. Livliga skift p\u00e5 kaf\u00e9erna och skidbutikerna ger vika f\u00f6r mysiga vinterkv\u00e4llar i stugorna. M\u00e5ngfalden av bes\u00f6kare \u2013 inhemska familjer, europeiska skidl\u00e4rare, australiensiska backpackers \u2013 skapar en m\u00e5ngkulturell social scen p\u00e5 trottoarerna och i bryggerierna. M\u00e5nga anst\u00e4llda har l\u00e4rt sig svenska eller tyska fraser bara fr\u00e5n vardagliga samtal med g\u00e4sterna. Alla h\u00e4r talar engelska, f\u00f6rst\u00e5s, men att veta hur man s\u00e4ger &#034;schuss&#034; eller &#034;Guten Morgen&#034; \u00e4r inte ovanligt.<\/p>\n<p>Lokala evenemang f\u00e4rgar livet i Thredbo. Varje vinter \u00e4ger man rum med fyrverkerier i form av Lighting of the Village (nedr\u00e4kningen till julhelgen i b\u00f6rjan av juli). Oktoberl\u00e5nghelgen \u00e4r k\u00e4nd f\u00f6r Thredbo Blues Festival, en l\u00e5ngvarig utomhusmusikfestival som lockar jazz- och bluesfans. Under sommaren anordnas mountainbikelopp och guidade promenader med vildblommor. Mellan evenemangen \u00e4r gemenskapsandan stark: det s\u00e4gs att om n\u00e5gon f\u00f6rsvinner i byn (till exempel om de gl\u00f6mmer att komma tillbaka fr\u00e5n en kv\u00e4ll i baren), hittas de vanligtvis djupt sovande p\u00e5 en extra madrass i en v\u00e4ns rum. Folk h\u00e4lsar fr\u00e4mlingar med ett leende eller en nick; f\u00f6r\u00e4ldrar vet allas f\u00f6rnamn, och ett &#034;australiskt&#034; karnevaliskt vardagsrum (Tin Can Ski Bar) \u00e4r v\u00e4rd f\u00f6r spontan alls\u00e5ng.<\/p>\n<p>Sammantaget \u00e4r atmosf\u00e4ren varm och rustik. Butiker och skidstugor uppmuntrar till avslappnad, friluftsliknande kl\u00e4dsel (t\u00e4nk grova stickade plagg och sn\u00f6k\u00e4ngor). Efter en dag i backarna \u00e4r det vanligt att se solbr\u00e4nda ansikten vid middagen inb\u00e4ddade i schnitzel eller stekt lamm, med en europeisk eller tasmansk Pinot noir i handen. Barnen \u00e5terv\u00e4nder varje kv\u00e4ll f\u00f6r att \u00e4ta middagar tillsammans i stugan, sticka glassar och prata livligt om dagens pudersn\u00f6. Det finns en k\u00e4nsla av sj\u00e4lvst\u00e4ndig gemenskap h\u00e4r \u2013 till skillnad fr\u00e5n en storstad st\u00f6ter man p\u00e5 samma ansikten runt om i stan \u2013 vilket ger Thredbo en grannskaplig atmosf\u00e4r.<\/p>\n<p>Naturligtvis \u00e4r skid\u00e5kning Thredbos fr\u00e4msta dragpl\u00e5ster. Bergets pister str\u00e4cker sig fr\u00e5n breda nyb\u00f6rjarsp\u00e5r vid Friday Flat till branta r\u00e4nnor som Minaret och Pigs Head f\u00f6r experter. Perisher Range T-Bar ansluter till dessa backar. Offpist \u00e4r saker som alpin vandring p\u00e5 sommaren attraktioner: bes\u00f6kare kan promenera fr\u00e5n Thredbo Village till toppen av Kosciuszko (cirka 18 km tur och retur) genom subalpina v\u00e5tmarker och stenblocksf\u00e4lt. En annan sommarupplevelse \u00e4r att \u00e5ka stolslift \u2013 Kosciuszko Express-liftarna \u00e4r \u00f6ppna p\u00e5 sommaren f\u00f6r sightseeing och mountainbike\u00e5kning nerf\u00f6r.<\/p>\n<p>F\u00f6r en lugnare utflykt kan man ta en tur i rullstol till restaurangen Eagles Nest (matsalen mitt p\u00e5 berget) med panoramautsikt \u00f6ver sn\u00f6kl\u00e4dda toppar och en latte i handen. Natur\u00e4lskare kan fiska \u00f6ring i \u00f6vre Thredbo-floden eller titta efter vilda brumbies (vilda h\u00e4star) som betar p\u00e5 h\u00f6gsl\u00e4tterna. P\u00e5 vintern kan de som inte \u00e5ker skidor \u00e5ka pulka och leka sn\u00f6 i basomr\u00e5det.<\/p>\n<p>Sj\u00e4lva byn \u00e4r ocks\u00e5 en sev\u00e4rdhet. Huvudgatan kantas av timmerstugor och restauranger \u2013 fr\u00e5n Alpine Hotel (med livemusik p\u00e5 helgerna) till moderna restauranger som serverar internationell mat (thail\u00e4ndsk, italiensk, modern australisk). Thredbos afterski-nattliv, \u00e4ven om det \u00e4r mindre \u00e4n Perishers, \u00e4r charmigt. P\u00e5 helgkv\u00e4llarna kan liveband spela i Alpine Bar eller t\u00e4nda eldstaden p\u00e5 Schuss Bar f\u00f6r mysiga alls\u00e5nger. Inomhus har Thredbo Leisure Centre en pool och ett gym f\u00f6r avkoppling.<\/p>\n<p>En unik egenskap hos Thredbo \u00e4r dess gondolbana som en attraktion i sig. Den g\u00e5r \u00e5ret runt och kl\u00e4ttrar till strax nedanf\u00f6r toppen f\u00f6r vidstr\u00e4ckta vyer \u00f6ver bergen till avl\u00e4gsna kedjar. P\u00e5 en klar dag kan man se Kosciuszko och bortom \u2013 ett panorama av sj\u00f6reflektioner och sn\u00f6f\u00e4lt.<\/p>\n<p>Naturen ligger bokstavligen alldeles intill: k\u00e4ngurur hoppar d\u00e5 och d\u00e5 genom byn \u00e4ven p\u00e5 vintern, och p\u00e5 v\u00e5ren sprudlar dalarna av alpina vildblommor. Varje inv\u00e5nare k\u00e4nner snabbt till eukalyptustr\u00e4den som blir eldr\u00f6da p\u00e5 h\u00f6sten. F\u00f6r bes\u00f6karen \u00e4r en halvdagsvandring till Lake Crackenback eller Mount Kosciuszko fr\u00e5n Thredbofallen en av de mest givande upplevelserna \u2013 b\u00e5de f\u00f6r utsikten och k\u00e4nslan av or\u00f6rd vildmark.<\/p>\n<p>Thredbo n\u00e5s endast via bil. De b\u00e4sta flygplatserna \u00e4r Canberra (cirka 1,5\u20132 timmar bort via Cooma) och Sydney (cirka 5\u20136 timmar). Fr\u00e5n Canberra tar man Monaro Highway till Cooma, sedan Alpine Way \u00f6sterut till Thredbo. V\u00e4gen g\u00e5r genom alpin terr\u00e4ng \u2013 sn\u00f6kedjor kr\u00e4vs p\u00e5 vintern. Bussar g\u00e5r fr\u00e5n Canberra och Sydney till Cooma eller Jindabyne; fr\u00e5n Jindabyne forts\u00e4tter vissa med mindre bussar till Thredbo (\u00e4ven om m\u00e5nga resen\u00e4rer helt enkelt hyr en bil eller fyrhjulsdriven bil f\u00f6r enkelhetens skull).<\/p>\n<p>Till skillnad fr\u00e5n Perisher \u00e4r Thredbos stadsk\u00e4rna kompakt och g\u00e5ngv\u00e4nlig. V\u00e4l i byn g\u00e5r eller \u00e5ker de flesta g\u00e4ster till sina destinationer (linbanan och huvudliftarna finns i slutet av byn). Anl\u00e4ggningens bussar g\u00e5r runt Thredbo Village f\u00f6r dem som bor i utkanten. Parkering finns n\u00e4ra byn, men p\u00e5 vintern \u00e4r det ofta snabbare att parkera utanf\u00f6r och ta bussen (\u00f6verfulla parkeringsplatser finns vid Friday Flat och Bullocks Flat). Bilk\u00f6rning i Thredbo utanf\u00f6r byns k\u00e4rna \u00e4r minimal; skidorterna har begr\u00e4nsad v\u00e4gtillg\u00e5ng.<\/p>\n<p>Vanliga australiska regler g\u00e4ller: valutan \u00e4r AUD, spr\u00e5ket \u00e4r engelska, dricks \u00e4r valfritt. Klimatet \u00e4r kallare, s\u00e5 bes\u00f6kare b\u00f6r ta med sig ordentliga kl\u00e4der i lager. Mobilt\u00e4ckningen i Thredbo \u00e4r b\u00e4ttre \u00e4n i Perisher (det finns mobilmaster i byn), men n\u00e4tverkets styrka kan sjunka uppe p\u00e5 berget. Thredbos h\u00f6jd kan drabba vissa f\u00f6rstag\u00e5ngsbes\u00f6kare med l\u00e4tt yrsel \u2013 som en f\u00f6rsiktighets\u00e5tg\u00e4rd, undvik alkohol den f\u00f6rsta dagen och se till att dricka tillr\u00e4ckligt med v\u00e4tska.<\/p>\n<p>Mat och andra tj\u00e4nster finns l\u00e4ttillg\u00e4ngliga i staden: stormarknader s\u00e4ljer matvaror och skidbutiker hyr ut utrustning och sn\u00f6kedjor. Det finns en liten l\u00e4karmottagning i byn f\u00f6r mindre skador. Vid allvarliga skador \u00e4r ambulansframkomligheten god (v\u00e4garna \u00e4r huvudv\u00e4gar upp till byn). De flesta bes\u00f6kare packar solskyddsmedel, och f\u00f6r barn varma vattent\u00e4ta kl\u00e4der. M\u00f6ten med vilda djur (som wombats som korsar v\u00e4gen i skymningen) \u00e4r m\u00f6jliga, s\u00e5 var f\u00f6rsiktig n\u00e4r du k\u00f6r i svagt ljus.<\/p>\n<p>Thredbos personal och lokalbefolkningen \u00e4r avslappnade och hj\u00e4lpsamma. En vanlig lokal h\u00e4lsning \u00e4r bara ett v\u00e4nligt &#034;hej&#034; eller &#034;vi ses&#034;. F\u00f6r en respektfull touch kan bes\u00f6kare l\u00e4ra sig n\u00e5gra Noongar-ord, men detta f\u00f6rv\u00e4ntas s\u00e4llan h\u00e4r (Noongars kulturarvsturer fokuserar mer p\u00e5 Perth). P\u00e5 restauranger och barer inneb\u00e4r barservice att du ofta best\u00e4ller vid disken och b\u00e4r drinkar till ditt bord. Att h\u00e4lla upp en drink till andra \u00e4r artigt vid delade bord.<\/p>\n<p>Slutligen, var uppm\u00e4rksam p\u00e5 \u00e5rstiderna: Thredbo fungerar olika p\u00e5 vintern och sommaren. Vintern (juni\u2013september) \u00e4r h\u00f6gs\u00e4song f\u00f6r skids\u00e4songen; de flesta f\u00f6retag har \u00f6ppet dagligen. P\u00e5 sommaren st\u00e4nger vissa skiduthyrningar (\u00e4ven om mountainbikeuthyrning tar deras plats). Sn\u00f6kedjor \u00e4r lagstadgade f\u00f6r tv\u00e5hjulsdrivna bilar som k\u00f6r in i nationalparken p\u00e5 vintern, precis som i Perisher. I staden speglar tempot s\u00e4songen \u2013 livligt och tr\u00e5ngt i juli, lugnt och gr\u00f6nt i januari.<\/p>\n<p>Thredbos blandning av bekv\u00e4mlighet (en riktig by) och vildmark (den omgivande nationalparken) inneb\u00e4r att resen\u00e4rer b\u00e5de b\u00f6r koppla av och vara uppm\u00e4rksamma. Anl\u00e4ggningen anses s\u00e4ker, med regelbundna skidpatruller och polispatruller. Sammantaget finner man Thredbo tillm\u00f6tesg\u00e5ende och jordn\u00e4ra: ett mysigt alpint samh\u00e4lle l\u00e4ngst ut p\u00e5 v\u00e4gen, som v\u00e4lkomnar g\u00e4ster med varmt kaffe och bergsluft under den australiska solen.<\/p>\n<table>\n<thead>\n<tr>\n<th>Kategori<\/th>\n<th>Detaljer<\/th>\n<\/tr>\n<\/thead>\n<tbody>\n<tr>\n<td>Plats<\/td>\n<td>Thredbo, New South Wales, Australien<\/td>\n<\/tr>\n<tr>\n<td>Resortens h\u00f6jd<\/td>\n<td>1 365 meter (4 478 fot)<\/td>\n<\/tr>\n<tr>\n<td>Skids\u00e4song<\/td>\n<td>Juni till oktober<\/td>\n<\/tr>\n<tr>\n<td>Skipasspriser<\/td>\n<td>Varierar beroende p\u00e5 s\u00e4song och varaktighet<\/td>\n<\/tr>\n<tr>\n<td>\u00d6ppettider<\/td>\n<td>Vanligtvis 8:30 till 16:30<\/td>\n<\/tr>\n<tr>\n<td>Antal pister<\/td>\n<td>53<\/td>\n<\/tr>\n<tr>\n<td>Total pistl\u00e4ngd<\/td>\n<td>Cirka 50 km<\/td>\n<\/tr>\n<tr>\n<td>L\u00e4ngsta loppet<\/td>\n<td>5,9 km (Karels T-bar till Friday Flat)<\/td>\n<\/tr>\n<tr>\n<td>Enkla backar<\/td>\n<td>16%<\/td>\n<\/tr>\n<tr>\n<td>M\u00e5ttliga backar<\/td>\n<td>67%<\/td>\n<\/tr>\n<tr>\n<td>Avancerade backar<\/td>\n<td>17%<\/td>\n<\/tr>\n<tr>\n<td>Riktning av backarna<\/td>\n<td>Norr, \u00f6st<\/td>\n<\/tr>\n<tr>\n<td>Nattskid\u00e5kning<\/td>\n<td>Tillg\u00e4nglig p\u00e5 utvalda dagar<\/td>\n<\/tr>\n<tr>\n<td>Sn\u00f6tillverkning<\/td>\n<td>Omfattande t\u00e4ckning<\/td>\n<\/tr>\n<tr>\n<td>Totala lyft<\/td>\n<td>14<\/td>\n<\/tr>\n<tr>\n<td>Uppf\u00f6rskapacitet<\/td>\n<td>17 000 skid\u00e5kare per timme<\/td>\n<\/tr>\n<tr>\n<td>H\u00f6gsta lyft<\/td>\n<td>2 037 meter (6 683 fot)<\/td>\n<\/tr>\n<tr>\n<td>Gondoler\/linbanor<\/td>\n<td>1<\/td>\n<\/tr>\n<tr>\n<td>Stolliftar<\/td>\n<td>8<\/td>\n<\/tr>\n<tr>\n<td>Draliftar<\/td>\n<td>5<\/td>\n<\/tr>\n<tr>\n<td>Snow Parks<\/td>\n<td>Ja<\/td>\n<\/tr>\n<tr>\n<td>Skiduthyrning<\/td>\n<td>Tillg\u00e4nglig<\/td>\n<\/tr>\n<tr>\n<td>Afterski<\/td>\n<td>Olika barer och restauranger<\/td>\n<\/tr>\n<\/tbody>\n<\/table>\n<article>\n<\/article>","protected":false},"excerpt":{"rendered":"<p>Thredbo ligger inb\u00e4ddat i de sn\u00f6t\u00e4ckta bergen i New South Wales, Australien, och \u00e4r en pittoresk by med en ber\u00f6md skidort. Den n\u00e5s via Alpine Way fr\u00e5n Cooma, Berridale och Jindabyne, ungef\u00e4r 500 kilometer s\u00f6der om Sydney. Vid foten av Ramshead Range ligger byn i Thredbo River Valley \u2013 \u00e4ven k\u00e4nd som Crackenback River. Denna plats g\u00f6r Thredbo till en viktig vinter- och sommardestination med fantastisk natursk\u00f6nhet.<\/p>","protected":false},"author":1,"featured_media":3673,"parent":9806,"menu_order":0,"comment_status":"closed","ping_status":"closed","template":"elementor_theme","meta":{"_eb_attr":"","footnotes":""},"class_list":["post-9957","page","type-page","status-publish","has-post-thumbnail"],"_links":{"self":[{"href":"https:\/\/travelshelper.com\/sv\/wp-json\/wp\/v2\/pages\/9957","targetHints":{"allow":["GET"]}}],"collection":[{"href":"https:\/\/travelshelper.com\/sv\/wp-json\/wp\/v2\/pages"}],"about":[{"href":"https:\/\/travelshelper.com\/sv\/wp-json\/wp\/v2\/types\/page"}],"author":[{"embeddable":true,"href":"https:\/\/travelshelper.com\/sv\/wp-json\/wp\/v2\/users\/1"}],"replies":[{"embeddable":true,"href":"https:\/\/travelshelper.com\/sv\/wp-json\/wp\/v2\/comments?post=9957"}],"version-history":[{"count":0,"href":"https:\/\/travelshelper.com\/sv\/wp-json\/wp\/v2\/pages\/9957\/revisions"}],"up":[{"embeddable":true,"href":"https:\/\/travelshelper.com\/sv\/wp-json\/wp\/v2\/pages\/9806"}],"wp:featuredmedia":[{"embeddable":true,"href":"https:\/\/travelshelper.com\/sv\/wp-json\/wp\/v2\/media\/3673"}],"wp:attachment":[{"href":"https:\/\/travelshelper.com\/sv\/wp-json\/wp\/v2\/media?parent=9957"}],"curies":[{"name":"wp","href":"https:\/\/api.w.org\/{rel}","templated":true}]}}