{"id":9831,"date":"2024-09-09T09:48:01","date_gmt":"2024-09-09T09:48:01","guid":{"rendered":"https:\/\/travelshelper.com\/staging\/?page_id=9831"},"modified":"2026-03-13T21:41:29","modified_gmt":"2026-03-13T21:41:29","slug":"perth","status":"publish","type":"page","link":"https:\/\/travelshelper.com\/sv\/destinations\/australia-and-oceania\/australia\/perth\/","title":{"rendered":"Perth"},"content":{"rendered":"<p>Perth, huvudstaden i v\u00e4stra Australien, ligger n\u00e4ra Swan Rivers mynning p\u00e5 Australiens v\u00e4stkust. Staden \u00e4r solblekta boulevarder och v\u00e4ldoftande eukalyptustr\u00e4dg\u00e5rdar och str\u00e4cker sig l\u00e4ngs Indiska oceanen med ett tropiskt klimat med varma somrar och milda vintrar. Stor-Perth \u00e4r hem f\u00f6r \u00f6ver 2,3 miljoner m\u00e4nniskor \u00e5r 2023, vilket g\u00f6r den till Australiens fj\u00e4rde st\u00f6rsta metropol. Den kallas ofta v\u00e4rldens mest isolerade storstad \u2013 \u00f6ver 2 000 km fr\u00e5n n\u00e5gon st\u00f6rre stad \u2013 vilket ger Perth ett unikt, n\u00e5got l\u00e5ngsammare tempo. Skyskraporna i det centrala aff\u00e4rsdistriktet reser sig abrupt fr\u00e5n den gr\u00f6na Swan Coastal Plain, med den antika Darling Scarp i \u00f6ster som bakgrund. Breda str\u00e4nder (som den ber\u00f6mda Cottesloe Beach) och den lugna Swan River definierar landskapet; Kings Park (en stor botanisk tr\u00e4dg\u00e5rd i innerstaden) erbjuder enorma buskmarker precis intill stadsk\u00e4rnan. Perth \u00e4r rent och luftigt, dess ljuskvalitet \u00e4r str\u00e5lande under n\u00e4stan st\u00e4ndigt solsken.<\/p>\n<p>Idag \u00f6verstiger Perths storstadsbefolkning 2,3 miljoner, vilket \u00e5terspeglar en stark tillv\u00e4xt fr\u00e5n migration och en blomstrande ekonomi. Staden \u00e4r mycket m\u00e5ngkulturell: ungef\u00e4r 45 % av inv\u00e5narna \u00e4r f\u00f6dda utomlands, med betydande grupper fr\u00e5n England, Indien, Kina, Nya Zeeland och andra platser. Perths ekonomi domineras av gruvdrift och resurser (Western Australia st\u00e5r f\u00f6r en stor andel av landets export av mineraler och LNG) och av professionella tj\u00e4nster. Huvudkontor f\u00f6r gruvf\u00f6retag, sj\u00f6fart, finans, teknik och utbildning pryder stadssilhuetten. Perth rankas regelbundet bland v\u00e4rldens mest &#034;levbara&#034; st\u00e4der och klassificeras som en Alpha global city, delvis tack vare dess h\u00f6ga BNP per capita. Turism \u00e4r ocks\u00e5 viktigt: bes\u00f6kare flockas f\u00f6r att njuta av flodstranden, str\u00e4nderna och ving\u00e5rdarna vid den n\u00e4rliggande Margaret River, samt stadens sev\u00e4rdheter.<\/p>\n<p>Sj\u00e4lva staden \u00e4r relativt utspridd (cirka 6 418 km\u00b2 i total yta) med ett v\u00e4lutvecklat kollektivtrafiksystem. Dess officiella historia g\u00e5r tillbaka till 1829 n\u00e4r kapten James Stirling grundade Swan River-kolonin h\u00e4r, men Perths verkliga ursprung str\u00e4cker sig genom tiotusentals \u00e5r av Noongar-aboriginernas ockupation p\u00e5 denna mark. Idag \u00e4r staden uppdelad i 30 lokala myndighetsomr\u00e5den med \u00f6ver 350 f\u00f6rorter. Perths ekonomi \u00e4r ungef\u00e4r balanserad mellan resurser och tj\u00e4nster; statens BNP var cirka 260 miljarder australiska dollar \u00e5r 2019 (17,5 % av Australiens BNP). Viktiga industrier inkluderar j\u00e4rnmalm, guld, aluminiumoxid och energi, samt tillverkning, finans och turism.<\/p>\n<p>Perth ligger p\u00e5 Australiens v\u00e4stra kant, med utsikt \u00f6ver Indiska oceanen. I \u00f6ster ligger de b\u00f6ljande h\u00f6jderna i Darling Range (Jarrah- och Marri-skogarna). Den bredare sydv\u00e4stra regionen av WA \u00e4r k\u00e4nd f\u00f6r sina buskmarker och ving\u00e5rdar; i norr ligger en vidstr\u00e4ckt, torr savann. Kustl\u00e4get modererar Perths klimat: somrarna kan vara varma (dagar upp till 35\u201340 \u00b0C), men havsbrisen kyler ofta eftermiddagarna. Vintertemperaturerna sjunker till cirka 8\u201310 \u00b0C i genomsnitt. Regn tenderar att falla p\u00e5 vintern och v\u00e5ren (\u00e5rlig nederb\u00f6rd cirka 731 mm). Swan River \u2013 ofta sedd fr\u00e5n Perths Kings Park \u2013 slingrar sig genom staden innan den vidgar sig in i en hamn i Fremantle. Fremantle, strax nedstr\u00f6ms, har beh\u00e5llit en historisk hamnk\u00e4nsla med 1800-talsbyggnader och en livlig marknad. L\u00e4ngre in i landet ger klimatet snabbt vika f\u00f6r vetef\u00e4lt, ving\u00e5rdar och buskmark.<\/p>\n<p>Perths avst\u00e5nd fr\u00e5n andra stora st\u00e4der ger staden en k\u00e4nsla av gr\u00e4nsomr\u00e5de. Staden ligger 3 845 km fr\u00e5n Sydney, 4 238 km fr\u00e5n Brisbane och \u00e4nnu l\u00e4ngre fr\u00e5n Europa eller Asien landv\u00e4gen. \u00c4nd\u00e5 ligger den ungef\u00e4r p\u00e5 samma latitud som Casablanca i Marocko, vilket ger l\u00e5nga sommardagar. Trots avst\u00e5ndet k\u00e4nns Perth ut\u00e5triktad; hamnen hanterar stor internationell handel och staden har direktflyg till destinationer i Asien, Mellan\u00f6stern och till och med Afrika.<\/p>\n<p>Perths historia blandar ursprungsbefolkningens arv och kolonial f\u00f6retagsamhet. Omr\u00e5det ligger p\u00e5 Whadjuk Noongar-folkets f\u00f6rf\u00e4ders mark, som kallade det Boorloo. Europeiska bos\u00e4ttare anl\u00e4nde 1829, ledda av kapten Stirling, och etablerade Swan River-kolonin. De f\u00f6rsta \u00e5ren var magra, med bos\u00e4ttare som f\u00f6rlitade sig p\u00e5 jordbruk och f\u00e5ngarbete (fr\u00e5n och med 1850) f\u00f6r att bygga staden. Perth utropades officiellt till stad 1856, och dess f\u00f6rm\u00f6genhet f\u00f6rb\u00e4ttrades dramatiskt med guldfyndigheter i v\u00e4stra Australien i slutet av 1800-talet \u2013 denna guldrush drev p\u00e5 snabb tillv\u00e4xt i befolkning och rikedom.<\/p>\n<p>Under 1900-talet moderniserades Perth stadigt. Stora ingenj\u00f6rsprojekt som dammning och bevattning \u00f6ppnade upp jordbruksbygden, medan migranter fr\u00e5n Storbritannien och Europa vid mitten av \u00e5rhundradet introducerade staden nya kulturer. Efter kriget f\u00f6rblev Perth n\u00e5got isolerat fram till 1960- och 70-talen d\u00e5 mineralboom (till exempel j\u00e4rnmalm i Pilbara) f\u00f6r\u00e4ndrade ekonomin. Under de senaste decennierna har Perth mognat till en globalt sammankopplad stad. Den var v\u00e4rd f\u00f6r internationella evenemang som OS i segling 2000 och FIFA World Cup-finalen f\u00f6r damer 2023. \u00c4nd\u00e5 finns m\u00e5nga historiska stadsdelar kvar \u2013 Albany Highway och Guildford Road \u00e5terspeglar tidiga bos\u00e4ttningsm\u00f6nster, medan Fremantles hamnomr\u00e5de bevarar murverk fr\u00e5n straff\u00e5ngetiden. Idag firar plaketter och sm\u00e5 museer Noongars arv, tidig utforskning (Cooks landstigning i Botany Bay och Phillips resa dit) och stadens gradvisa expansion l\u00e4ngs Swan.<\/p>\n<p>Perth-bor njuter av en livsstil som pr\u00e4glas av utomhusaktiviteter, kultur och avkoppling. Livet beskrivs ofta som mer avslappnat \u00e4n i \u00f6stra huvudst\u00e4derna; man h\u00f6r s\u00e4llan talas om rusningstrafikens folkmassor som lamsl\u00e5r staden. Lokalbefolkningen \u00e4r v\u00e4nlig och informell. N\u00e4r man g\u00e5r in p\u00e5 ett kaf\u00e9 \u00e4r det normalt att h\u00e4lsa baristan med ett &#034;Hej&#034; eller &#034;God dag&#034; och fr\u00e5ga om helgens surfupplevelser. Kaffekulturen \u00e4r stark \u2013 Perth-bor tar sina flat whites och avokado p\u00e5 rostat br\u00f6d p\u00e5 allvar. Sport f\u00f6renar ocks\u00e5 staden, med ett starkt st\u00f6d f\u00f6r australisk fotboll (AFL-lag som West Coast Eagles och Fremantle Dockers \u00e4r en del av det vardagliga samtalet).<\/p>\n<p>Engelska \u00e4r vardagsspr\u00e5ket, men Perth \u00e4r flerspr\u00e5kigt. M\u00e5nga familjer talar kantonesiska, malayalam, italienska eller urfolksspr\u00e5k hemma. Aboriginsk kultur firas med stolthet; till exempel anordnas ofta den \u00e5rliga Perth-festivalen (sensommar) evenemang som lyfter fram Noongar-ber\u00e4ttelser och konst. Everlasting Kings Park Festival i september lockar folkmassor med utst\u00e4llningar och turer som visar upp WAs unika vildblommor. P\u00e5 andra st\u00e4llen \u00e5terspeglar Midsumma-festivalen och Pride March Perths HBTQ-community, medan utst\u00e4llningen Sculpture by the Sea p\u00e5 Cottesloe Beach (varje januari) f\u00f6rvandlar kusten till ett utomhusgalleri. \u00c5ret runt finns det samh\u00e4llsevenemang runt Elizabeth Quay och Yagan Square, fr\u00e5n bondens marknader till ny\u00e5rsfyrverkerier, vilket understryker en gemensam, festlig anda.<\/p>\n<p>Konst och nattliv samlas n\u00e4ra Northbridge och Mount Lawley, d\u00e4r gatukonstgr\u00e4nder leder till musikst\u00e4llen och hantverksbryggerier. D\u00e4remot \u00e4r f\u00f6rorterna lugna: kv\u00e4llarna kan avslutas med en grillfest i tr\u00e4dg\u00e5rden eller ett dopp i solnedg\u00e5ngen p\u00e5 stranden. Gamla och nya traditioner samexisterar: man kan titta p\u00e5 en Fremantle FC A-League-fotbollsmatch p\u00e5 TV och sedan g\u00e5 ut f\u00f6r att lyssna p\u00e5 didgeridoo-musik p\u00e5 en lokal festival. I Perths centrum glittrar glasskyskrapor \u00f6ver historisk sandsten (t.ex. Perth Mint, Town Hall), medan parker som Kings Park inbjuder till begrundan av det antika landskapet. Sammantaget k\u00e4nns Perths kultur eklektisk och avslappnad \u2013 kosmopolitisk men \u00e4nd\u00e5 med en distinkt v\u00e4stra australisk g\u00e4stfrihet.<\/p>\n<p>Bes\u00f6kare till Perth hittar en m\u00e4ngd sev\u00e4rdheter som man bara m\u00e5ste se. Kings Park och Botaniska tr\u00e4dg\u00e5rden \u00e4r en st\u00e4ndig favorit \u2013 en av v\u00e4rldens st\u00f6rsta parker i stadsk\u00e4rnan. Dess g\u00e5ngstigar i tr\u00e4dtopparna och vildblommorna erbjuder panoramautsikt \u00f6ver stadens silhuett och floden. Strax nedanf\u00f6r ligger Perths strandlinje (South Perth foreshore eller Matilda Bay) d\u00e4r bes\u00f6kare kan doppa t\u00e5rna i Swan River eller picknick under inhemska gummitr\u00e4d. Cottesloe Beach, med sitt orange kalkstensrev och brygga, ligger en kort bilresa fr\u00e5n staden och \u00e4r k\u00e4nd f\u00f6r bad och solnedg\u00e5ngar.<\/p>\n<p>Bland stadens landm\u00e4rken finns Bell Tower (en skulptural klockstapel f\u00f6r Perths historiska klockor) och kulturarvsbyggnader som Art Gallery of WA och WA Museum (Boola Bardip). Mat\u00e4lskare njuter av Fremantles fiskmarknader Fishermen&#039;s Co-op och den v\u00e4rldsber\u00f6mda Fremantle Prison-rundturen (som finns med p\u00e5 UNESCO:s v\u00e4rldsarvslista). N\u00e4rliggande ving\u00e5rdar och hantverksbryggerier lockar ocks\u00e5. Perth Cultural Centre \u00e4r v\u00e4rd f\u00f6r teatrar, gallerier och den \u00e5rliga Fringe World-festivalen. Perths strandn\u00e4ra landskap forts\u00e4tter med Rottnest Island (som kan n\u00e5s med f\u00e4rja), en tillflyktsort utanf\u00f6r kusten k\u00e4nd f\u00f6r quokkas och snorkling.<\/p>\n<p>\u00c4ventyrslystna kan surfa p\u00e5 Scarborough Beach, paddla kajak p\u00e5 Swan River eller kl\u00e4ttra upp i det n\u00e4stan 100 meter h\u00f6ga King&#039;s Park DNA Tower f\u00f6r att njuta av utsikten \u00f6ver urbana n\u00e4tverk. P\u00e5 vintern \u00e4r en unik syn den s\u00e4llsynta ankomsten av sydliga valar till Western Western-vattnen. F\u00f6r en r\u00f6rande upplevelse av ursprungsbefolkningen \u00e4r ett bes\u00f6k p\u00e5 Nyungar Njookenbooroo Dreaming Trail i Kings Park eller Art Gallery of WA:s samling av aboriginsk konst upplysande.<\/p>\n<p>Kort sagt, Perth erbjuder en blandning av urbana och naturliga attraktioner. Oavsett om man promenerar under Perths middagsregnb\u00e5ge (kungsfiskare) eller joggar vid floden i soluppg\u00e5ngen, utnyttjar staden sitt soldr\u00e4nkta klimat och sin hamn f\u00f6r att skapa en utomhuslivsstil i v\u00e4rldsklass. Dess fr\u00e4msta attraktioner \u00e4r inte bara sev\u00e4rdheter utan \u00e4ven gemensamma utrymmen \u2013 parker, str\u00e4nder, museer och festivaler d\u00e4r den lokala karakt\u00e4ren kommer till liv.<\/p>\n<p>Perths huvudflygplats \u00e4r Perth Airport (Kingsford Smith International), med goda f\u00f6rbindelser b\u00e5de globalt och inrikes. Flyg fr\u00e5n Asien, Europa och \u00f6stra USA anl\u00e4nder dagligen. Fr\u00e5n flygplatsen till centrum g\u00e5r t\u00e5g (Airport Line) ofta in till stadens centrum (ungef\u00e4r 40 minuter till Perth CBD). Stora motorv\u00e4gar f\u00f6rbinder ocks\u00e5 Perth med andra regioner i West Virginia (till exempel Mitchell Freeway norrut till strandf\u00f6rorter eller Great Eastern Highway mot \u00f6knen).<\/p>\n<p>Inom staden t\u00e4cker ett modernt t\u00e5g- och bussn\u00e4tverk de flesta omr\u00e5den. Det lilla n\u00e4tet i centrum \u00e4r g\u00e5ngavst\u00e5nd, s\u00e4rskilt runt Elizabeth Quay, CBD och Northbridge. F\u00e4rjor korsar floden (till South Perth och Fremantle), och en gratis CAT-busslinje g\u00e5r i en ring i centrala omr\u00e5den. K\u00f6rningen \u00e4r enkel p\u00e5 v\u00e4nster sida, \u00e4ven om f\u00f6rortsstr\u00e4ckan kan leda till l\u00e5nga str\u00e4ckor. Trafiken \u00e4r generellt sett mindre \u00e4n i Australiens \u00f6stra st\u00e4der, f\u00f6rutom p\u00e5 \u00f6verbelastade korridorer under rusningstid. F\u00f6rare b\u00f6r se upp f\u00f6r Perths m\u00e5nga rondeller och enstaka k\u00e4ngurur i gryningen eller skymningen utanf\u00f6r staden.<\/p>\n<p>Perthers b\u00e4r australiska dollar (AUD) som \u00f6verallt i Australien. Engelska r\u00e4cker, men n\u00e5gra Noongar-ord som <em>boodjar<\/em> (mark) eller <em>kadaver<\/em> (vit kakadua) visar lokalt arv. Etiketten \u00e4r artig och informell: man vinkar vanligtvis till f\u00f6rare, s\u00e4ger &#034;hej&#034; till butiksinnehavare och v\u00e4ntar vid \u00f6verg\u00e5ngsst\u00e4llen p\u00e5 att trafiken ska stanna. Dricks f\u00f6rv\u00e4ntas inte, men v\u00e4xel f\u00f6r god service p\u00e5 restauranger eller hotell uppskattas. Solen \u00e4r intensiv \u00e5ret runt; breda hattar och solskyddsmedel med SPF 50 rekommenderas, \u00e4ven p\u00e5 molniga dagar. S\u00e4kerhetsm\u00e4ssigt \u00e4r Perth mycket s\u00e4kert \u2013 brottsligheten \u00e4r l\u00e5g f\u00f6r en stad av dess storlek \u2013 men man b\u00f6r fortfarande anv\u00e4nda sunt f\u00f6rnuft n\u00e4r det g\u00e4ller tillh\u00f6righeter i folkmassor eller n\u00e4r man promenerar sent p\u00e5 kv\u00e4llen i lugna omr\u00e5den. Liksom i st\u00f6rre delen av Australien \u00e4r djurlivet mindre av en fara i sj\u00e4lva staden (men se upp f\u00f6r ormar och spindlar runt buskkanten).<\/p>\n<p>Perth \u00e4r v\u00e4rd f\u00f6r flera allm\u00e4nna helgdagar som firas \u00f6ver hela delstaten (t.ex. Western Australia Day i juni). P\u00e5 dessa dagar st\u00e4nger eller \u00f6ppnar m\u00e5nga f\u00f6retag senare, s\u00e4rskilt mindre butiker. Australiensare \u00e4r k\u00e4nda f\u00f6r sin blygsamhet: kl\u00e4dnormer \u00e4r strandavslappnade p\u00e5 sommaren (badkl\u00e4der p\u00e5 dagen) men smart-avslappnade p\u00e5 andra st\u00e4llen (inget behov av kappa och slips om man inte bes\u00f6ker exklusiva platser). Solskyddsmedel och v\u00e4tskebalans \u00e4r avg\u00f6rande i Perths torra v\u00e4rme; s\u00f6k skugga runt mitt p\u00e5 dagen p\u00e5 sommaren. Slutligen, eftersom man befinner sig i en tidigare brittisk koloni, erk\u00e4nns aboriginsk kultur formellt: vid evenemang kan man h\u00f6ra Welcome to Country-tal, och bes\u00f6kare b\u00f6r respektera heliga platser (fotografering \u00e4r ofta f\u00f6rbjuden d\u00e4r).<\/p>\n<p>Sammantaget \u00e4r Perth en l\u00e4ttillg\u00e4nglig stad. Vid ankomsten \u00e4r acklimatiseringen lika enkel som att sl\u00e5 sig ner f\u00f6r en promenad vid floden eller ett dopp vid stranden. Atmosf\u00e4ren \u00e4r v\u00e4nlig och lokalbefolkningen \u00e4r vanligtvis ivriga att dela med sig av tips om g\u00f6mda vikar eller favoritkaf\u00e9er. Med sin blandning av modern bekv\u00e4mlighet och naturlig sk\u00f6nhet erbjuder Perth resen\u00e4rer b\u00e5de rytmen i en pulserande stad och lugnet i havet och buskmarken precis utanf\u00f6r d\u00f6rren.<\/p>","protected":false},"excerpt":{"rendered":"<p>Perth, kallad Boorloo p\u00e5 nyungarspr\u00e5ket, \u00e4r huvudstad i Western Australia och den fj\u00e4rde mest befolkade staden i landet. Greater Perth, med en befolkning p\u00e5 mer \u00e4n 2,3 miljoner \u00e5r 2023, \u00e4r en dynamisk metropol med historisk, kulturell och ekonomisk betydelse. Inb\u00e4ddat i Western Australias South West Land Division, str\u00e4cker sig Perths storstadsregion \u00f6ver Swan Coastal Plain, omgiven i \u00f6ster av Darling Scarp och i v\u00e4ster av Indiska oceanen. Fr\u00e5n b\u00f6rjan som en brittisk koloni vid Swan River till dess nuvarande status som ett pulserande storstadscentrum har Perths tillv\u00e4xt och utveckling formats av denna ovanliga topografi.<\/p>","protected":false},"author":1,"featured_media":4621,"parent":9806,"menu_order":0,"comment_status":"closed","ping_status":"closed","template":"elementor_theme","meta":{"_eb_attr":"","footnotes":""},"class_list":["post-9831","page","type-page","status-publish","has-post-thumbnail"],"_links":{"self":[{"href":"https:\/\/travelshelper.com\/sv\/wp-json\/wp\/v2\/pages\/9831","targetHints":{"allow":["GET"]}}],"collection":[{"href":"https:\/\/travelshelper.com\/sv\/wp-json\/wp\/v2\/pages"}],"about":[{"href":"https:\/\/travelshelper.com\/sv\/wp-json\/wp\/v2\/types\/page"}],"author":[{"embeddable":true,"href":"https:\/\/travelshelper.com\/sv\/wp-json\/wp\/v2\/users\/1"}],"replies":[{"embeddable":true,"href":"https:\/\/travelshelper.com\/sv\/wp-json\/wp\/v2\/comments?post=9831"}],"version-history":[{"count":0,"href":"https:\/\/travelshelper.com\/sv\/wp-json\/wp\/v2\/pages\/9831\/revisions"}],"up":[{"embeddable":true,"href":"https:\/\/travelshelper.com\/sv\/wp-json\/wp\/v2\/pages\/9806"}],"wp:featuredmedia":[{"embeddable":true,"href":"https:\/\/travelshelper.com\/sv\/wp-json\/wp\/v2\/media\/4621"}],"wp:attachment":[{"href":"https:\/\/travelshelper.com\/sv\/wp-json\/wp\/v2\/media?parent=9831"}],"curies":[{"name":"wp","href":"https:\/\/api.w.org\/{rel}","templated":true}]}}