{"id":9800,"date":"2024-09-08T23:47:48","date_gmt":"2024-09-08T23:47:48","guid":{"rendered":"https:\/\/travelshelper.com\/staging\/?page_id=9800"},"modified":"2026-03-13T22:57:40","modified_gmt":"2026-03-13T22:57:40","slug":"suva","status":"publish","type":"page","link":"https:\/\/travelshelper.com\/sv\/destinations\/australia-and-oceania\/fiji\/suva\/","title":{"rendered":"Suva"},"content":{"rendered":"<p>Suva \u00e4r b\u00e5de huvudstad och st\u00f6rsta stad p\u00e5 Fiji. Den fungerar som det centrala navet i landets st\u00f6rsta storstadsregion och \u00e4r dess prim\u00e4ra hamn. Suva, bel\u00e4gen p\u00e5 den syd\u00f6stra kusten av Viti Levu, Fijis st\u00f6rsta \u00f6, ligger i Rewa-provinsen i den centrala divisionen. Staden representerar en kombination av historisk betydelse och modern vitalitet, vilket etablerar den som en avg\u00f6rande plats i s\u00f6dra Stilla havet.<\/p>\n<p>Suvas utn\u00e4mning till Fijis huvudstad b\u00f6rjade 1877, efter att staden flyttats fr\u00e5n Levuka, som var den viktigaste europeiska koloniala bos\u00e4ttningen vid den perioden. Levukas geografiska begr\u00e4nsningar, bel\u00e4gna mellan branta berg och havet, gjorde expansion opraktisk. \u00c5r 1882 \u00f6verf\u00f6rdes administrationen officiellt till Suva, vilket inledde dess roll som centrum f\u00f6r styrning och utveckling i Fiji.<\/p>\n<p>Enligt folkr\u00e4kningen 2017 hade Suva 93 970 inv\u00e5nare. Storstadsregionen, tillsammans med dess autonoma f\u00f6rorter, hade en befolkning p\u00e5 185 913. Den urbana befolkningen, sammanlagd med de angr\u00e4nsande st\u00e4derna Lami, Nasinu och Nausori, uppg\u00e5r till cirka 330 000, vilket motsvarar \u00f6ver en tredjedel av Fijis totala befolkning. Det urbana komplexet k\u00e4nt som Suva-Nausori-korridoren understryker Suvas betydelse som ett centralt nav inom Fijis urbana ramverk.<\/p>\n<p>Suva fungerar som b\u00e5de politiskt centrum och ekonomisk och kulturell huvudstad i Fiji. Staden \u00e4r den fr\u00e4msta platsen f\u00f6r regionala h\u00f6gkvarter f\u00f6r ett flertal internationella f\u00f6retag, myndigheter och diplomatiska beskickningar. Staden \u00e4r k\u00e4nd f\u00f6r sitt livliga konst- och performancelandskap och f\u00e5r alltmer erk\u00e4nnande som Stilla havets modehuvudstad. Historiska platser som framh\u00e4ver Suvas koloniala arv, s\u00e5som Suva City Carnegie Library och regeringskomplexet, f\u00f6rst\u00e4rker stadens kulturella milj\u00f6.<\/p>\n<p>Suva ligger p\u00e5 en kuperad halv\u00f6 som omger en hamn, intill Laucalabukten och Suvas hamn. Bergen i norr och v\u00e4ster f\u00e5ngar upp de syd\u00f6stliga passadvindarna, vilket resulterar i ett st\u00e4ndigt fuktigt klimat \u00e5ret runt. Trots att Suvas kust ligger n\u00e4ra havet har den mangrovev\u00e4xtlighet, med Pacific Harbour som den n\u00e4rmaste stranden. Det distinkta geografiska sammanhanget f\u00f6rst\u00e4rker Suvas attraktionskraft och identitet.<\/p>\n<p>Suva k\u00e4nnetecknas av en m\u00e5ngsidig kulturell sammans\u00e4ttning, huvudsakligen best\u00e5ende av inhemska fijianer och indofijianer. Staden \u00e4r v\u00e4rd f\u00f6r en rad etniska minoriteter, s\u00e5som rotumaner, lauaner, europ\u00e9er och kineser. Den spr\u00e5kliga m\u00e5ngfalden i Suva \u00e4r tydlig, med engelska, fijianska och fijiansk hindi som de dominerande spr\u00e5ken som talas.<\/p>\n<p>Staden fungerar som ett viktigt utbildningscentrum och \u00e4r v\u00e4rd f\u00f6r University of the South Pacific (USP) huvudcampus. Denna institution lockar studenter fr\u00e5n olika Stillahavsregioner, vilket f\u00f6rst\u00e4rker Suvas kulturella m\u00e5ngfald. Fiji Museum, som ligger i Thurston Gardens, ger en \u00f6versikt \u00f6ver Fijis omfattande historia och kultur och inneh\u00e5ller den st\u00f6rsta samlingen av fijianska artefakter globalt.<\/p>\n<p>Framv\u00e4xten av moderna k\u00f6pcentra som Suva Central Shopping Mall och TappooCity, vilka ger staden en modern estetik, karakt\u00e4riserar Suvas stadslandskap som ett st\u00e4ndigt f\u00f6r\u00e4nderligt utvecklingsstadium. Integrationen av dessa utvecklingar med traditionella shoppingomr\u00e5den som Cumming Street skapar en sammanst\u00e4llning av historiska och moderna element, vilket bidrar till Suvas status som ett dynamiskt och sofistikerat stadscentrum.<\/p>","protected":false},"excerpt":{"rendered":"<p>Suva \u00e4r b\u00e5de huvudstad och st\u00f6rsta stad p\u00e5 Fiji. Den fungerar som det centrala navet i landets st\u00f6rsta storstadsregion och \u00e4r dess prim\u00e4ra hamn. Suva, bel\u00e4gen p\u00e5 den syd\u00f6stra kusten av Viti Levu, Fijis st\u00f6rsta \u00f6, ligger i Rewa-provinsen i den centrala divisionen. Staden representerar en kombination av historisk betydelse och modern vitalitet, vilket etablerar den som en avg\u00f6rande plats i s\u00f6dra Stilla havet.<\/p>","protected":false},"author":1,"featured_media":3855,"parent":9785,"menu_order":0,"comment_status":"closed","ping_status":"closed","template":"elementor_theme","meta":{"_eb_attr":"","footnotes":""},"class_list":["post-9800","page","type-page","status-publish","has-post-thumbnail"],"_links":{"self":[{"href":"https:\/\/travelshelper.com\/sv\/wp-json\/wp\/v2\/pages\/9800","targetHints":{"allow":["GET"]}}],"collection":[{"href":"https:\/\/travelshelper.com\/sv\/wp-json\/wp\/v2\/pages"}],"about":[{"href":"https:\/\/travelshelper.com\/sv\/wp-json\/wp\/v2\/types\/page"}],"author":[{"embeddable":true,"href":"https:\/\/travelshelper.com\/sv\/wp-json\/wp\/v2\/users\/1"}],"replies":[{"embeddable":true,"href":"https:\/\/travelshelper.com\/sv\/wp-json\/wp\/v2\/comments?post=9800"}],"version-history":[{"count":0,"href":"https:\/\/travelshelper.com\/sv\/wp-json\/wp\/v2\/pages\/9800\/revisions"}],"up":[{"embeddable":true,"href":"https:\/\/travelshelper.com\/sv\/wp-json\/wp\/v2\/pages\/9785"}],"wp:featuredmedia":[{"embeddable":true,"href":"https:\/\/travelshelper.com\/sv\/wp-json\/wp\/v2\/media\/3855"}],"wp:attachment":[{"href":"https:\/\/travelshelper.com\/sv\/wp-json\/wp\/v2\/media?parent=9800"}],"curies":[{"name":"wp","href":"https:\/\/api.w.org\/{rel}","templated":true}]}}