{"id":9779,"date":"2024-09-08T23:26:08","date_gmt":"2024-09-08T23:26:08","guid":{"rendered":"https:\/\/travelshelper.com\/staging\/?page_id=9779"},"modified":"2026-03-13T23:07:55","modified_gmt":"2026-03-13T23:07:55","slug":"honiara","status":"publish","type":"page","link":"https:\/\/travelshelper.com\/sv\/destinations\/australia-and-oceania\/solomon-islands\/honiara\/","title":{"rendered":"Honiara"},"content":{"rendered":"<p>Honiara, Salomon\u00f6arnas livliga huvudstad, ligger p\u00e5 Guadalcanals norra strand. Salomon\u00f6arnas huvudstad, Honiara, \u00e4r v\u00e4lk\u00e4nd f\u00f6r sin rika historia och varierade kultur. Befolkningen \u00e4r just nu 92 344. Denna energiska stad \u00e4r en bikupa av aktivitet med en unik blandning av historiskt v\u00e4rde och modern expansion.<\/p>\n<p>Honiara \u00e4r strategiskt bel\u00e4get l\u00e4ngs Kukum Highway och \u00e4r l\u00e4tt att n\u00e5 med flyg och b\u00e5t. Viktiga b\u00e5de inhemska och internationella transportknutpunkter som m\u00f6jligg\u00f6r fl\u00f6det av m\u00e4nniskor och produkter inkluderar Honiara International Airport och Point Cruz Seaport. Staden etablerade sig som ett huvudstadsterritorium 1983 och har ett storstadsomr\u00e5de p\u00e5 22 kvadratkilometer. Numera \u00e4r Honiara huvudstad i Guadalcanal-provinsen och har provinsens autonomi.<\/p>\n<p>Stora historiska h\u00e4ndelser \u2013 s\u00e4rskilt andra v\u00e4rldskriget \u2013 har o\u00e5terkalleligt format Honiaras historia. Under Guadalcanal-f\u00e4ltt\u00e5get, s\u00e4rskilt slaget vid Hendersonf\u00e4ltet 1942, var stadens \u00f6stra flygf\u00e4ltsomr\u00e5de en viktig plats. Amerikanska och japanska trupper deltog i denna kamp, \u200b\u200boch den f\u00f6rra vann. Eftersom det var en v\u00e4ndpunkt som slutligen resulterade i de allierades triumf, var denna seger avg\u00f6rande i krigets Stillahavsregion.<\/p>\n<p>Efter kriget f\u00f6r\u00e4ndrades Honiaras roll n\u00e4r det blev det nya administrativa s\u00e4tet f\u00f6r det brittiska protektoratet p\u00e5 Salomon\u00f6arna 1952. Byggandet av flera regeringsbyggnader understr\u00f6k denna f\u00f6r\u00e4ndring och p\u00e5skyndade befolkningstillv\u00e4xten och den kommunala utvecklingen.<\/p>\n<p>Honiara har m\u00f6tt m\u00e5nga utmaningar trots sin expansion, inklusive politisk oro och etniskt v\u00e5ld. Tidigt 2000-tal och slutet av 1990-talen var n\u00e5got turbulenta. Malaita Eagle Force (MEF) och Isatabu Freedom Movement (IFM), som v\u00e4xelvis representerade de etniska malaiterna och inv\u00e5narna i Guadalcanal, utk\u00e4mpade d\u00f6dliga strider efter ett kuppf\u00f6rs\u00f6k i juni 2000. Trots att en fredspakt sl\u00f6ts i oktober 2000, br\u00f6t v\u00e5ld ut igen i mars 2002 och d\u00f6dade tv\u00e5 nyzeel\u00e4ndska diplomater samt m\u00e5nga andra.<\/p>\n<p>Situationen hade f\u00f6rv\u00e4rrats betydligt mer i juli 2003; d\u00e4rf\u00f6r bad Salomon\u00f6arnas regering Regional Assistance Mission to Solomon Islands (RAMSI) att hj\u00e4lpa till med att \u00e5terst\u00e4lla freden. Denna mission, som inkluderade ett antal Stillahavsnationer och Australien som missionsledare, var avg\u00f6rande f\u00f6r att \u00e5terst\u00e4lla den regionala stabiliteten.<\/p>\n<p>Efter Snyder Rinis utn\u00e4mning till premi\u00e4rminister upplevde Honiara ytterligare en period av omv\u00e4lvningar 2006. Upplopp utbr\u00f6t, delar av Chinatown f\u00f6rst\u00f6rdes och omkring 1 000 kinesiska inv\u00e5nare blev heml\u00f6sa. Turism \u00e4r en viktig sektor f\u00f6r staden och \u00f6arna; d\u00e4rf\u00f6r hade dessa h\u00e4ndelser en stor inverkan p\u00e5 den.<\/p>\n<p>De flesta av Salomon\u00f6arnas regeringsbyggnader och institutioner ligger i Honiara. Nationalparlamentet, Solomon Islands College of Higher Education och University of the South Pacifics campus p\u00e5 Salomon\u00f6arna ligger alla i staden. Viktiga kulturella och kommersiella attraktioner \u00e4r ocks\u00e5 nationalmuseet och den livliga Honiara-marknaden.<\/p>\n<p>\u00d6stra Honiara, centrala Honiara och v\u00e4stra Honiara \u00e4r tre parlamentariska valkretsar. Honiara har tre parlamentariska valkretsar: Bland sex i landet med v\u00e4ljark\u00e5rer p\u00e5 mer \u00e4n 10 000 personer \u00e5terspeglar dessa platser stadens politiska betydelse.<\/p>\n<p>\u00c4ven om m\u00e5nga andra religioner \u00e4r representerade, \u00e4r Honiaras religi\u00f6sa milj\u00f6 i huvudsak kristen. Bland annat har staden h\u00f6gkvarter f\u00f6r det romersk-katolska \u00e4rkestiftet Honiara, South Seas Evangelical Church, United Church, Church of the Province of Melanesia (anglikansk) och Sjundedagsadventistkyrkan. Denna m\u00e5ngfald \u00e5terspeglar Salomon\u00f6arnas bredare kulturella struktur, som kombinerar moderna och traditionella aspekter.<\/p>","protected":false},"excerpt":{"rendered":"<p>Honiara, Salomon\u00f6arnas livliga huvudstad, ligger p\u00e5 Guadalcanals norra strand. Salomon\u00f6arnas huvudstad, Honiara, \u00e4r v\u00e4lk\u00e4nd f\u00f6r sin rika historia och varierade kultur. Befolkningen \u00e4r just nu 92 344. Denna energiska stad \u00e4r en bikupa av aktivitet med en unik blandning av historiskt v\u00e4rde och modern expansion.<\/p>","protected":false},"author":1,"featured_media":3238,"parent":9773,"menu_order":0,"comment_status":"closed","ping_status":"closed","template":"elementor_theme","meta":{"_eb_attr":"","footnotes":""},"class_list":["post-9779","page","type-page","status-publish","has-post-thumbnail"],"_links":{"self":[{"href":"https:\/\/travelshelper.com\/sv\/wp-json\/wp\/v2\/pages\/9779","targetHints":{"allow":["GET"]}}],"collection":[{"href":"https:\/\/travelshelper.com\/sv\/wp-json\/wp\/v2\/pages"}],"about":[{"href":"https:\/\/travelshelper.com\/sv\/wp-json\/wp\/v2\/types\/page"}],"author":[{"embeddable":true,"href":"https:\/\/travelshelper.com\/sv\/wp-json\/wp\/v2\/users\/1"}],"replies":[{"embeddable":true,"href":"https:\/\/travelshelper.com\/sv\/wp-json\/wp\/v2\/comments?post=9779"}],"version-history":[{"count":0,"href":"https:\/\/travelshelper.com\/sv\/wp-json\/wp\/v2\/pages\/9779\/revisions"}],"up":[{"embeddable":true,"href":"https:\/\/travelshelper.com\/sv\/wp-json\/wp\/v2\/pages\/9773"}],"wp:featuredmedia":[{"embeddable":true,"href":"https:\/\/travelshelper.com\/sv\/wp-json\/wp\/v2\/media\/3238"}],"wp:attachment":[{"href":"https:\/\/travelshelper.com\/sv\/wp-json\/wp\/v2\/media?parent=9779"}],"curies":[{"name":"wp","href":"https:\/\/api.w.org\/{rel}","templated":true}]}}