{"id":9773,"date":"2024-09-08T23:18:28","date_gmt":"2024-09-08T23:18:28","guid":{"rendered":"https:\/\/travelshelper.com\/staging\/?page_id=9773"},"modified":"2026-03-13T23:08:16","modified_gmt":"2026-03-13T23:08:16","slug":"salomonoarna","status":"publish","type":"page","link":"https:\/\/travelshelper.com\/sv\/destinations\/australia-and-oceania\/solomon-islands\/","title":{"rendered":"Salomon\u00f6arna"},"content":{"rendered":"<p>Salomon\u00f6arna, ibland k\u00e4nda som Salomon\u00f6arna, \u00e4r ett vackert land bel\u00e4get i hj\u00e4rtat av Melanesien, en del av den st\u00f6rre regionen Oceanien nordost om Australien. Denna arkipelag best\u00e5r av 21 stora \u00f6ar med mer \u00e4n 100 kvadratkilometer vardera och inkluderar Guadalcanal, Malaita, Makira och Santa Isabel. F\u00f6rutom dessa vidstr\u00e4ckta landmassor \u00e4r Salomon\u00f6arna omgivna av cirka 900 mindre \u00f6ar, vilket skapar en rik och komplex v\u00e4v av land och hav. Fr\u00e5n Papua Nya Guinea i v\u00e4ster, Australien i sydv\u00e4st, Nya Kaledonien och Vanuatu i sydost, Fiji, Wallis och Futuna\u00f6arna och Tuvalu i \u00f6ster, ligger Salomon\u00f6arna geografiskt n\u00e4ra m\u00e5nga andra nationer. Nauru och Mikronesiens federerade stater i norr.<\/p>\n<p>Med en total yta p\u00e5 28 896 kvadratkilometer (11 157 kvadratmil) hade Salomon\u00f6arna en befolkning p\u00e5 734 887 i mitten av 2023. Honiara, huvudstaden, ligger p\u00e5 den st\u00f6rsta \u00f6n, Guadalcanal, och \u00e4r landets politiska och ekonomiska centrum. Namnet &#034;Salomon\u00f6arna&#034; beskriver hela Salomon\u00f6arnas sk\u00e4rg\u00e5rd, som omfattar den autonoma regionen Bougainville, som f\u00f6r n\u00e4rvarande \u00e4r en del av Papua Nya Guinea, men exkluderar Santa Cruz\u00f6arna.<\/p>\n<p>Mellan 30 000 och 28 800 f.Kr. b\u00f6rjade m\u00e4nniskor bo p\u00e5 dessa \u00f6ar; m\u00e5nga migrationsv\u00e5gor bidrog till att skapa den genetiska mix som definierar den ursprungliga befolkningen idag. Bland dessa f\u00f6rsta invandrare fanns Lapita-folket, k\u00e4nt f\u00f6r sina unika keramik- och seglingsf\u00e4rdigheter, som bidrog till att definiera \u00f6arnas kulturella scen.<\/p>\n<p>Den spanske uppt\u00e4cktsresanden \u00c1lvaro de Menda\u00f1a anl\u00e4nde till Salomon\u00f6arna f\u00f6rst bland europ\u00e9er \u00e5r 1568. Menda\u00f1a gav inte \u00f6arna namn; andra som skrev om hans uppt\u00e4ckt kom att referera till dem som &#034;Salomon\u00f6arna&#034;. Menda\u00f1a bes\u00f6kte \u00f6arna igen \u00e5r 1595, sedan anl\u00e4nde en annan spansk expedition ledd av den portugisiske navigat\u00f6ren Pedro Fernandes de Queir\u00f3s \u00e5r 1606.<\/p>\n<p>\u00d6arna hade en mycket tydlig strategisk relevans under andra v\u00e4rldskriget. Kampanjen p\u00e5 Salomon\u00f6arna, som p\u00e5gick fr\u00e5n 1942 till 1945, var en avg\u00f6rande upps\u00e4ttning strider mellan de allierade styrkorna \u2013 mestadels fr\u00e5n USA och det brittiska imperiet \u2013 och det japanska imperiet. S\u00e4rskilt slaget vid Guadalcanal var en v\u00e4ndpunkt i Stillahavskriget, eftersom h\u00e5rda strider understr\u00f6k \u00f6arnas vitala betydelse i kriget.<\/p>\n<p>S\u00f6dra Salomon\u00f6arna blev ett brittiskt protektorat i juni 1893 under kapten Herbert Gibson p\u00e5 HMS Curacoa. Kolonialtiden skulle b\u00f6rja h\u00e4r och forts\u00e4tta fram till mitten av 1900-talet. N\u00e4r den brittiska regeringen n\u00e4rmade sig sj\u00e4lvstyre \u00e4ndrade de sitt officiella namn fr\u00e5n &#034;British Solomon Islands Protectorate&#034; till &#034;The Salomon Islands&#034; \u00e5r 1975. Denna process n\u00e5dde sin kulmen 1976 n\u00e4r \u00f6arna fick sj\u00e4lvstyre; den slutliga sj\u00e4lvst\u00e4ndigheten kom 1978. N\u00e4r nationen v\u00e4l var sj\u00e4lvst\u00e4ndig antog den namnet &#034;Salomon\u00f6arna&#034;, slopade den best\u00e4mda artikeln och blev k\u00e4nd som en konstitutionell monarki.<\/p>\n<p>Salomon\u00f6arna erk\u00e4nner idag Karl III som sin kung; kungen portr\u00e4tteras lokalt av en generalguvern\u00f6r som valts p\u00e5 premi\u00e4rministerns rekommendation. Samtidigt som detta politiska ramverk ger \u00f6arna en egen nationella identitet, erk\u00e4nner det deras historiska band till den brittiska kronan. Med utg\u00e5ngspunkt i deras rika historia, varierande kulturer och viktiga l\u00e4ge i Stilla havet st\u00e5r Salomon\u00f6arna fortfarande inf\u00f6r moderna utmaningar och m\u00f6jligheter.<\/p>","protected":false},"excerpt":{"rendered":"<p>Salomon\u00f6arna, ibland k\u00e4nda som Salomon\u00f6arna, \u00e4r ett vackert land bel\u00e4get i hj\u00e4rtat av Melanesien, en del av den st\u00f6rre regionen Oceanien nordost om Australien. Denna arkipelag best\u00e5r av 21 stora \u00f6ar med mer \u00e4n 100 kvadratkilometer vardera och inkluderar Guadalcanal, Malaita, Makira och Santa Isabel. F\u00f6rutom dessa vidstr\u00e4ckta landmassor \u00e4r Salomon\u00f6arna omgivna av cirka 900 mindre \u00f6ar, vilket skapar en rik och komplex v\u00e4v av land och hav. Fr\u00e5n Papua Nya Guinea i v\u00e4ster, Australien i sydv\u00e4st, Nya Kaledonien och Vanuatu i sydost, Fiji, Wallis och Futuna\u00f6arna och Tuvalu i \u00f6ster, ligger Salomon\u00f6arna geografiskt n\u00e4ra m\u00e5nga andra nationer. Nauru och Mikronesiens federerade stater i norr.<\/p>","protected":false},"author":1,"featured_media":2859,"parent":24105,"menu_order":0,"comment_status":"closed","ping_status":"closed","template":"elementor_theme","meta":{"_eb_attr":"","footnotes":""},"class_list":["post-9773","page","type-page","status-publish","has-post-thumbnail"],"_links":{"self":[{"href":"https:\/\/travelshelper.com\/sv\/wp-json\/wp\/v2\/pages\/9773","targetHints":{"allow":["GET"]}}],"collection":[{"href":"https:\/\/travelshelper.com\/sv\/wp-json\/wp\/v2\/pages"}],"about":[{"href":"https:\/\/travelshelper.com\/sv\/wp-json\/wp\/v2\/types\/page"}],"author":[{"embeddable":true,"href":"https:\/\/travelshelper.com\/sv\/wp-json\/wp\/v2\/users\/1"}],"replies":[{"embeddable":true,"href":"https:\/\/travelshelper.com\/sv\/wp-json\/wp\/v2\/comments?post=9773"}],"version-history":[{"count":0,"href":"https:\/\/travelshelper.com\/sv\/wp-json\/wp\/v2\/pages\/9773\/revisions"}],"up":[{"embeddable":true,"href":"https:\/\/travelshelper.com\/sv\/wp-json\/wp\/v2\/pages\/24105"}],"wp:featuredmedia":[{"embeddable":true,"href":"https:\/\/travelshelper.com\/sv\/wp-json\/wp\/v2\/media\/2859"}],"wp:attachment":[{"href":"https:\/\/travelshelper.com\/sv\/wp-json\/wp\/v2\/media?parent=9773"}],"curies":[{"name":"wp","href":"https:\/\/api.w.org\/{rel}","templated":true}]}}