{"id":9749,"date":"2024-09-08T22:45:39","date_gmt":"2024-09-08T22:45:39","guid":{"rendered":"https:\/\/travelshelper.com\/staging\/?page_id=9749"},"modified":"2026-03-13T23:13:07","modified_gmt":"2026-03-13T23:13:07","slug":"wellington","status":"publish","type":"page","link":"https:\/\/travelshelper.com\/sv\/destinations\/australia-and-oceania\/new-zealand\/wellington\/","title":{"rendered":"Wellington"},"content":{"rendered":"<p>Wellington, Nya Zeelands livliga huvudstad, \u00e4r en plats d\u00e4r fantastiska landskap och urban elegans sm\u00e4lter samman s\u00f6ml\u00f6st. Wellington, som ligger inb\u00e4ddat i den sydv\u00e4stra kanten av Nord\u00f6n, \u00e4r v\u00e4l bel\u00e4get mellan den karga Remutaka-bergskedjan och den vidstr\u00e4ckta Cooksundet. Den tredje st\u00f6rsta staden i Nya Zeeland \u00e4r det administrativa centrumet f\u00f6r Wellington-regionen och den sydligaste huvudstaden i en suver\u00e4n stat i v\u00e4rlden. Wellington, med sin milda kusttemperatur, \u00e4r k\u00e4nd som den bl\u00e5sigaste staden i v\u00e4rlden; denna egenskap definierar dess egen attraktionskraft och livsstil.<\/p>\n<p>M\u0101ori-kulturen \u00e4r ganska starkt f\u00f6rknippad med Wellingtons f\u00f6rflutna. M\u0101ori-muntlig historia h\u00e4vdar att den store \u00e4ventyraren Kupe reste genom omr\u00e5det omkring 900-talet. M\u0101ori-iwi bosatte sig f\u00f6rst i omr\u00e5det; Rangit\u0101ne och Mua\u016bpoko bland andra. Men musketkrigen i b\u00f6rjan av 1800-talet orsakade stora st\u00f6rningar som resulterade i att norra iwi, som Te \u0100ti Awa, dominerade. Den varierade kulturscenen som definierar Wellington nu sprang ur denna rika historiska v\u00e4v.<\/p>\n<p>Wellingtons moderna form, designad av kapten William Mein Smith, den f\u00f6rste lantm\u00e4taregeneralen f\u00f6r Edward Wakefields New Zealand Company, b\u00f6rjade ta form 1840. Hans vision inkluderar en sekvens av sammanl\u00e4nkade rutn\u00e4tsm\u00f6nster som sprider sig nerf\u00f6r l\u00e5glandet och de l\u00e4gre kullarna. Wellingtons urbana k\u00e4rna har idag en befolkning p\u00e5 cirka 215 200; samtidigt som den st\u00f6rre storstadsregionen \u2013 som inkluderar Lower Hutt, Porirua och Upper Hutt \u2013 har en befolkning p\u00e5 \u00f6ver 440 900 i juni 2023. Wellington har varit huvudstad i Nya Zeeland sedan 1865; hans position \u00e4r inte definierad av lag utan snarare av konvention. Staden \u00e4r Nya Zeelands politiska hj\u00e4rta eftersom den \u00e4r v\u00e4rd f\u00f6r H\u00f6gsta domstolen, Nya Zeelands regering och parlament samt de flesta offentliga tj\u00e4nster.<\/p>\n<p>Ekonomiskt sett \u00e4r Wellington en servicebaserad metropol med stark koncentration till finans, f\u00f6retagstj\u00e4nster, myndigheter och filmbranschen. Staden anses vara navet i Nya Zeelands film- och specialeffektsektorer och identifieras ocks\u00e5 alltmer som centrum f\u00f6r informationsteknik och innovation. Tv\u00e5 offentliga forskningsuniversitet f\u00f6rst\u00e4rker ytterligare dess position som en kunskapsdriven metropol. Wellington International Airport, den tredje mest trafikerade flygplatsen i landet, betj\u00e4nar Wellington, som ocks\u00e5 \u00e4r en betydande hamnstad som m\u00f6jligg\u00f6r b\u00e5de inrikes och internationell sj\u00f6fart. T\u00e5g- och busslinjer som n\u00e5r K\u0101piti-kusten och Wairarapa samt b\u00e5tar som f\u00f6rbinder staden med Syd\u00f6n utg\u00f6r dess omfattande transportsystem.<\/p>\n<p>Wellington, som ofta betraktas som Nya Zeelands kulturella centrum, har en livlig och varierad milj\u00f6 som har p\u00e5verkat hela Oceanien. Staden rankas som fyra i 2021 \u00e5rs Global Livability Ranking och \u00e4r regelbundet bland de mest beboeliga st\u00e4derna i v\u00e4rlden, j\u00e4mst\u00e4lld med Tokyo. Deutsche Bank placerade Wellington i toppen v\u00e4rlden \u00f6ver 2017 och 2018 f\u00f6r b\u00e5de beboelighet och f\u00f6roreningsfrihet. Kulturella nav som Cuba Street och Newtown hyllas f\u00f6r sin kreativa uppfinningsrikedom, historiska karakt\u00e4r och energiska matscen. Wellington rankades som 35:e v\u00e4rlden \u00f6ver av Global Financial Centres Index 2021 och var ett av de fr\u00e4msta finanscentrumen i Asien-Stillahavsomr\u00e5det. Fr\u00e5n en blomstrande maorikoloni till en kolonial utpost och slutligen en australasisk huvudstad har staden genomg\u00e5tt en fantastisk kreativ \u00e5terf\u00f6delse.<\/p>\n<p>Med cirka 1,3 miljarder NZ$ \u00e5rligen och 9 % av Wellingtons totala heltidsekvivalenta syssels\u00e4ttning tillskriven turism, \u00e4r sektorn ganska viktig f\u00f6r stadens ekonomi. Med 3,6 miljoner \u00e5rliga bes\u00f6k \u00e4r staden ett \u00e4lskat resm\u00e5l f\u00f6r nyzeel\u00e4ndare. Fr\u00e4mst fr\u00e5n Australien str\u00f6mmar internationella g\u00e4ster till Wellington och tillbringar miljontals n\u00e4tter och dollar i staden. Wellington har blivit ett betydande resm\u00e5l tack vare byggandet av Te Papa-museet. Wellington Tourism marknadsf\u00f6r positivt nog staden som den &#034;coolaste lilla huvudstaden i v\u00e4rlden&#034;, och under de senaste tio \u00e5ren har antalet kommersiella g\u00e4stn\u00e4tter \u00f6kat avsev\u00e4rt.<\/p>\n<p>Bland Wellingtons popul\u00e4ra turistattraktioner finns Wellington Museum, Wellington Zoo, Zealandia och den v\u00e4lk\u00e4nda Wellington Cable Car. Med en markant \u00f6kning av bes\u00e4ttnings- och passagerarresor de senaste \u00e5ren blomstrar kryssningsturismindustrin. Wellingtons lilla storlek, kulturella attraktioner, prisbel\u00f6nta restauranger och n\u00e4rhet till myndigheter g\u00f6r det till en perfekt plats f\u00f6r konferensresor, vilket st\u00e4rker den lokala ekonomin \u00e5rligen.<\/p>","protected":false},"excerpt":{"rendered":"<p>Wellington, Nya Zeelands livliga huvudstad, \u00e4r en plats d\u00e4r fantastiska landskap och urban elegans sm\u00e4lter samman s\u00f6ml\u00f6st. Wellington, som ligger inb\u00e4ddat i den sydv\u00e4stra kanten av Nord\u00f6n, \u00e4r v\u00e4l bel\u00e4get mellan den karga Remutaka-bergskedjan och den vidstr\u00e4ckta Cooksundet. Den tredje st\u00f6rsta staden i Nya Zeeland \u00e4r det administrativa centrumet f\u00f6r Wellington-regionen och den sydligaste huvudstaden i en suver\u00e4n stat i v\u00e4rlden. Wellington, med sin milda kusttemperatur, \u00e4r k\u00e4nd som den bl\u00e5sigaste staden i v\u00e4rlden; denna egenskap definierar dess egen attraktionskraft och livsstil.<\/p>","protected":false},"author":1,"featured_media":2787,"parent":9692,"menu_order":0,"comment_status":"closed","ping_status":"closed","template":"elementor_theme","meta":{"_eb_attr":"","footnotes":""},"class_list":["post-9749","page","type-page","status-publish","has-post-thumbnail"],"_links":{"self":[{"href":"https:\/\/travelshelper.com\/sv\/wp-json\/wp\/v2\/pages\/9749","targetHints":{"allow":["GET"]}}],"collection":[{"href":"https:\/\/travelshelper.com\/sv\/wp-json\/wp\/v2\/pages"}],"about":[{"href":"https:\/\/travelshelper.com\/sv\/wp-json\/wp\/v2\/types\/page"}],"author":[{"embeddable":true,"href":"https:\/\/travelshelper.com\/sv\/wp-json\/wp\/v2\/users\/1"}],"replies":[{"embeddable":true,"href":"https:\/\/travelshelper.com\/sv\/wp-json\/wp\/v2\/comments?post=9749"}],"version-history":[{"count":0,"href":"https:\/\/travelshelper.com\/sv\/wp-json\/wp\/v2\/pages\/9749\/revisions"}],"up":[{"embeddable":true,"href":"https:\/\/travelshelper.com\/sv\/wp-json\/wp\/v2\/pages\/9692"}],"wp:featuredmedia":[{"embeddable":true,"href":"https:\/\/travelshelper.com\/sv\/wp-json\/wp\/v2\/media\/2787"}],"wp:attachment":[{"href":"https:\/\/travelshelper.com\/sv\/wp-json\/wp\/v2\/media?parent=9749"}],"curies":[{"name":"wp","href":"https:\/\/api.w.org\/{rel}","templated":true}]}}