{"id":9692,"date":"2024-09-08T21:38:41","date_gmt":"2024-09-08T21:38:41","guid":{"rendered":"https:\/\/travelshelper.com\/staging\/?page_id=9692"},"modified":"2026-03-13T23:02:05","modified_gmt":"2026-03-13T23:02:05","slug":"nya-zeeland","status":"publish","type":"page","link":"https:\/\/travelshelper.com\/sv\/destinations\/australia-and-oceania\/new-zealand\/","title":{"rendered":"Nya Zeeland"},"content":{"rendered":"<p>Nya Zeeland, kallat Aotearoa p\u00e5 maori, \u00e4r en sp\u00e4nnande \u00f6nation bel\u00e4gen i sydv\u00e4stra Stilla havet. Den \u00e4r k\u00e4nd f\u00f6r sina hisnande landskap och djupa kulturella arv. Nya Zeeland, som best\u00e5r av tv\u00e5 huvudsakliga landmassor \u2013 Nord\u00f6n (Te Ika-a-M\u0101ui) och Syd\u00f6n (Te Waipounamu) \u2013 och mer \u00e4n 700 mindre \u00f6ar, rankas som den sj\u00e4tte st\u00f6rsta \u00f6nationen sett till yta. Bel\u00e4get \u00f6ster om Australien tv\u00e4rs \u00f6ver Tasmanhavet och s\u00f6der om Nya Kaledonien, Fiji och Tonga, har det ett varierat landskap som pr\u00e4glas av framtr\u00e4dande bergstoppar, s\u00e4rskilt de imponerande s\u00f6dra Alperna. Denna distinkta geografi \u00e4r fr\u00e4mst ett resultat av tektonisk h\u00f6jning och vulkanisk aktivitet som har format terr\u00e4ngen under miljontals \u00e5r.<\/p>\n<p>Nya Zeelands huvudstad \u00e4r Wellington, \u00e4ven om Auckland \u00e4r den mest befolkade staden. Dessa storstadsomr\u00e5den \u00e4r livliga centrum f\u00f6r kultur och handel, och f\u00f6rkroppsligar nationens dynamiska och v\u00e4xande identitet. Trots sin samtida status var Nya Zeeland den sista st\u00f6rre landmassan som beboddes av m\u00e4nniskor. Fr\u00e5n 1280 till 1350 b\u00f6rjade polynesiska sj\u00f6farare bos\u00e4tta sig p\u00e5 \u00f6arna och kultiverade slutligen den unika maorikulturen som fortfarande \u00e4r en viktig aspekt av Nya Zeelands identitet idag.<\/p>\n<p>Den europeiska uppt\u00e4ckten av Nya Zeeland b\u00f6rjade med den holl\u00e4ndska \u00e4ventyraren Abel Tasman \u00e5r 1642, som var den f\u00f6rsta europ\u00e9en att observera och dokumentera \u00f6arna. Det var inte f\u00f6rr\u00e4n 1769 som kapten James Cook, en brittisk uppt\u00e4cktsresande, anl\u00e4nde till och kartlade Nya Zeeland, vilket underl\u00e4ttade efterf\u00f6ljande kontakter och slutligen kolonisering. Waitangi-f\u00f6rdraget, som undertecknades 1840 mellan delegater fr\u00e5n Storbritannien och maorih\u00f6vdingar, representerade ett avg\u00f6rande \u00f6gonblick i Nya Zeelands historia. Detta f\u00f6rdrag lade grunden f\u00f6r brittisk suver\u00e4nitet och skapandet av kronkolonin Nya Zeeland \u00e5r 1841. D\u00e4refter pr\u00e4glades eran av tvister mellan kolonialadministrationen och maoristammar, vilket ledde till alienering och till\u00e4gnande av betydande maoriterritorium.<\/p>\n<p>Nya Zeelands utveckling mot sj\u00e4lvst\u00e4ndighet var stegvis. Landet uppn\u00e5dde dominionstatus 1907 och fullst\u00e4ndig formell sj\u00e4lvst\u00e4ndighet 1947, samtidigt som det beh\u00f6ll den brittiska monarken som statschef. F\u00f6r n\u00e4rvarande \u00e4r Nya Zeeland ett dynamiskt och kosmopolitiskt land med en befolkning p\u00e5 cirka 5,25 miljoner inv\u00e5nare. Den dominerande befolkningen \u00e4r av europeiskt ursprung, d\u00e4r den inhemska maori-stammen utg\u00f6r den st\u00f6rsta minoritetsgruppen, eftertr\u00e4tt av asiatiska och pasifika-minoriteter. Det diversifierade demografiska landskapet syns i Nya Zeelands kultur, som huvudsakligen h\u00e4rr\u00f6r fr\u00e5n maori-seder och tidiga brittiska bos\u00e4ttare, tillsammans med samtida effekter fr\u00e5n \u00f6kad invandring.<\/p>\n<p>Nationen erk\u00e4nner tre officiella spr\u00e5k: engelska, maori och nyzeel\u00e4ndskt teckenspr\u00e5k, d\u00e4r engelska \u00e4r det dominerande spr\u00e5ket. Nya Zeeland, som en avancerad nation, har varit ledande inom social utveckling. Det var den f\u00f6rsta nationen som inf\u00f6rde en minimil\u00f6n och gav kvinnor r\u00f6str\u00e4tt. Landet uppn\u00e5r konsekvent h\u00f6ga rankningar i globala bed\u00f6mningar av livskvalitet och m\u00e4nskliga r\u00e4ttigheter, och \u00e4r k\u00e4nt f\u00f6r att ha en av de l\u00e4gsta niv\u00e5erna av upplevd korruption i v\u00e4rlden. \u00c4nd\u00e5 forts\u00e4tter det att k\u00e4mpa med strukturella skillnader, s\u00e4rskilt mellan sin maori- och europeiska demografi.<\/p>\n<p>Under 1980-talet genomgick Nya Zeeland betydande ekonomiska f\u00f6r\u00e4ndringar och \u00f6vergick fr\u00e5n en protektionistisk ekonomi till en liberaliserad frihandelsekonomi. Tj\u00e4nstesektorn dominerar den nationella ekonomin, efterf\u00f6ljd av industrisektorn och jordbruket. Internationell turism fungerar som en viktig inkomstk\u00e4lla. Nya Zeeland \u00e4r en engagerad deltagare i ett flertal internationella organisationer, s\u00e5som FN, Samv\u00e4ldet, ANZUS och Asien-Stillahavsomr\u00e5dets ekonomiska samarbete. Landet har s\u00e4rskilt starka band med USA, Storbritannien och andra Stillahavsnationer, vilket delas med Australien och omfattar en distinkt &#034;Trans-Tasman&#034;-identitet.<\/p>\n<p>Nya Zeeland fungerar inom ett parlamentariskt system som k\u00e4nnetecknas av en enkammarf\u00f6rsamling. Administrationen leds av premi\u00e4rminister Christopher Luxon. Nationens suver\u00e4n \u00e4r kung Karl III, lokalt representerad av generalguvern\u00f6r Cindy Kiro. Nya Zeeland \u00e4r uppdelat i 11 regionala r\u00e5d och 67 territoriella myndigheter f\u00f6r lokalt styre. Nya Zeelands territorium omfattar inte bara dess huvud\u00f6ar utan \u00e4ven Tokelau\u00f6arna, Cook\u00f6arna, Niue och Ross-beroendet i Antarktis.<\/p>","protected":false},"excerpt":{"rendered":"<p>Nya Zeeland, kallat Aotearoa p\u00e5 maori, \u00e4r en sp\u00e4nnande \u00f6nation bel\u00e4gen i sydv\u00e4stra Stilla havet. Den \u00e4r k\u00e4nd f\u00f6r sina hisnande landskap och djupa kulturella arv. Nya Zeeland, som best\u00e5r av tv\u00e5 huvudsakliga landmassor \u2013 Nord\u00f6n (Te Ika-a-M\u0101ui) och Syd\u00f6n (Te Waipounamu) \u2013 och mer \u00e4n 700 mindre \u00f6ar, rankas som den sj\u00e4tte st\u00f6rsta \u00f6nationen sett till yta. Bel\u00e4get \u00f6ster om Australien tv\u00e4rs \u00f6ver Tasmanhavet och s\u00f6der om Nya Kaledonien, Fiji och Tonga, har det ett varierat landskap som pr\u00e4glas av framtr\u00e4dande bergstoppar, s\u00e4rskilt de imponerande s\u00f6dra Alperna. Denna distinkta geografi \u00e4r fr\u00e4mst ett resultat av tektonisk h\u00f6jning och vulkanisk aktivitet som har format terr\u00e4ngen under miljontals \u00e5r.<\/p>","protected":false},"author":1,"featured_media":4203,"parent":24105,"menu_order":0,"comment_status":"closed","ping_status":"closed","template":"elementor_theme","meta":{"_eb_attr":"","footnotes":""},"class_list":["post-9692","page","type-page","status-publish","has-post-thumbnail"],"_links":{"self":[{"href":"https:\/\/travelshelper.com\/sv\/wp-json\/wp\/v2\/pages\/9692","targetHints":{"allow":["GET"]}}],"collection":[{"href":"https:\/\/travelshelper.com\/sv\/wp-json\/wp\/v2\/pages"}],"about":[{"href":"https:\/\/travelshelper.com\/sv\/wp-json\/wp\/v2\/types\/page"}],"author":[{"embeddable":true,"href":"https:\/\/travelshelper.com\/sv\/wp-json\/wp\/v2\/users\/1"}],"replies":[{"embeddable":true,"href":"https:\/\/travelshelper.com\/sv\/wp-json\/wp\/v2\/comments?post=9692"}],"version-history":[{"count":0,"href":"https:\/\/travelshelper.com\/sv\/wp-json\/wp\/v2\/pages\/9692\/revisions"}],"up":[{"embeddable":true,"href":"https:\/\/travelshelper.com\/sv\/wp-json\/wp\/v2\/pages\/24105"}],"wp:featuredmedia":[{"embeddable":true,"href":"https:\/\/travelshelper.com\/sv\/wp-json\/wp\/v2\/media\/4203"}],"wp:attachment":[{"href":"https:\/\/travelshelper.com\/sv\/wp-json\/wp\/v2\/media?parent=9692"}],"curies":[{"name":"wp","href":"https:\/\/api.w.org\/{rel}","templated":true}]}}