{"id":9661,"date":"2024-09-08T21:01:07","date_gmt":"2024-09-08T21:01:07","guid":{"rendered":"https:\/\/travelshelper.com\/staging\/?page_id=9661"},"modified":"2026-03-13T23:10:04","modified_gmt":"2026-03-13T23:10:04","slug":"papua-nya-guinea","status":"publish","type":"page","link":"https:\/\/travelshelper.com\/sv\/destinations\/australia-and-oceania\/papua-new-guinea\/","title":{"rendered":"Papua Nya Guinea"},"content":{"rendered":"<p>Papua Nya Guinea, \u00e4ven k\u00e4nd som den oberoende staten Papua Nya Guinea, \u00e4r en sp\u00e4nnande nation i Oceanien. Tillsammans med den \u00f6stra halvan av \u00f6n Nya Guinea omfattar den flera \u00f6ar utanf\u00f6r kusten i Melanesien, ett omr\u00e5de i sydv\u00e4stra Stilla havet norr om Australien. Papua Nya Guineas strategiska l\u00e4ge placerar landet n\u00e4ra flera viktiga grannar: Australien i s\u00f6der, Salomon\u00f6arna i \u00f6ster och Indonesien i v\u00e4ster. Port Moresby, p\u00e5 sydkusten, \u00e4r nationens huvudstad och centrum f\u00f6r dess politik och n\u00e4ringsliv.<\/p>\n<p>Papua Nya Guinea \u00e4r v\u00e4rldens tredje st\u00f6rsta \u00f6nation och har en yta p\u00e5 462 840 kvadratkilometer. Detta vidstr\u00e4ckta omr\u00e5de k\u00e4nnetecknas av m\u00e5nga milj\u00f6er, fr\u00e5n mangroveskog och kuststr\u00e4nder till branta kullar och djupa regnskogar. F\u00f6rutom att presentera ett fantastiskt landskap \u00e4r landets topografi avg\u00f6rande f\u00f6r dess biologiska m\u00e5ngfald s\u00e5v\u00e4l som f\u00f6r dess kulturella m\u00e5ngfald.<\/p>\n<p>Viktiga v\u00e4rldsh\u00e4ndelser och koloniala influenser har format Papua Nya Guineas historia som land. P\u00e5 1880-talet separerades landet mellan Tyska Nya Guinea i norr och det brittiska territoriet Papua i s\u00f6der. Efter f\u00f6rsta v\u00e4rldskriget kom hela territoriet under australisk kontroll efter att territoriet Nya Guinea etablerades som en Nationernas F\u00f6rbundsmission fr\u00e5n den tyska kolonin. Nationen, som var ett viktigt slagf\u00e4lt, upplevde h\u00e5rda strider som p\u00e5verkade dess samtida historia under Nya Guinea-kampanjen under andra v\u00e4rldskriget.<\/p>\n<p>Efter att ha vunnit sj\u00e4lvst\u00e4ndighet 1975 blev Papua Nya Guinea ett samv\u00e4ldsland under Elizabeth II. Denna h\u00e5llning kvarstod fram till hennes d\u00f6d 2022, d\u00e5 Karl III eftertr\u00e4dde henne. P\u00e5 grund av sitt koloniala f\u00f6rflutna visar landets politiska system och utrikespolitik dess vilja att vara en viktig deltagare i regionala och globala h\u00e4ndelser.<\/p>\n<p>En av Papua Nya Guineas mest anm\u00e4rkningsv\u00e4rda s\u00e4rdrag \u00e4r dess spr\u00e5kliga m\u00e5ngfald. Med 840 k\u00e4nda spr\u00e5k, inklusive engelska, \u00e4r detta land det mest spr\u00e5kligt diversifierade i v\u00e4rlden. Denna spr\u00e5kliga m\u00e5ngfald \u00e4r ett bevis p\u00e5 b\u00e5de landets kulturella m\u00e5ngfald och dess ursprungsbefolknings uth\u00e5llighet. \u00c4ven om det finns m\u00e5ngfald \u00e4r Papua Nya Guinea fortfarande i huvudsak en landsbygdsnation; knappt 13,25 % av befolkningen bodde i st\u00e4der \u00e5r 2019. Att bo i traditionella byar hj\u00e4lper majoriteten av befolkningen att beh\u00e5lla traditionella livsstilar som \u00e4r avg\u00f6rande f\u00f6r deras sociala struktur och identitet.<\/p>\n<p>N\u00e4r det g\u00e4ller befolkning har Papua Nya Guinea den st\u00f6rsta befolkningen av alla \u00f6nationer i Stilla havet. Prognoser f\u00f6r december 2022 visar att befolkningen kan vara n\u00e4rmare 17 miljoner \u00e4n regeringens tidigare uppskattning p\u00e5 9,4 miljoner. Denna skillnad visar hur utmanande det \u00e4r att r\u00e4kna en nation med en s\u00e5 varierad och komplex topografi. Resurshantering och utveckling p\u00e5verkas i h\u00f6g grad av hur landets befolkning v\u00e4xer och sprider sig.<\/p>\n<p>Papua Nya Guineas stora \u00f6verfl\u00f6d av djur \u00e4r ett annat v\u00e4lk\u00e4nt attribut. Vissa uppskattningar placerar landets varierade ekosystem som hem f\u00f6r m\u00e5nga ouppt\u00e4ckta v\u00e4xt- och djurarter, vilket g\u00f6r det till en \u00f6nskv\u00e4rd plats f\u00f6r biologiska studier och bevarandeprogram. Denna naturrikedom \u00e4r b\u00e5de en f\u00f6rdel och ett problem eftersom den kr\u00e4ver noggrann f\u00f6rvaltning f\u00f6r att f\u00f6rena ekologiskt bevarande med ekonomisk tillv\u00e4xt.<\/p>\n<p>Internationella valutafonden bed\u00f6mer Papua Nya Guineas ekonomi som under utveckling. Omkring fyrtio procent av befolkningen arbetar som sj\u00e4lvhush\u00e5llande jordbrukare, i huvudsak utanf\u00f6r det monet\u00e4ra systemet. Papua Nya Guineas konstitution erk\u00e4nner och f\u00f6rsvarar detta traditionella s\u00e4tt att leva och betonar v\u00e4rdet av traditionella byar och samh\u00e4llen som funktionella sociala enheter. Detta konstitutionella erk\u00e4nnande understryker betydelsen av inhemska sociala strukturer f\u00f6r att alltid definiera nationens identitet och styre.<\/p>\n<p>P\u00e5 v\u00e4rldsscenen deltar Papua Nya Guinea aktivt i flera regionala och internationella organisationer. Ursprungligen en observat\u00f6rsstat sedan 1976 har landet ans\u00f6kt om fullv\u00e4rdigt medlemskap i Sydostasiatiska nationers f\u00f6rbund (ASEAN). Bland de fullv\u00e4rdiga medlemmar som erk\u00e4nts av Stillahavsgemenskapen, Stillahavs\u00f6arnas forum, Samv\u00e4ldet av nationer och FN finns. Dessa band visar hur engagerat Papua Nya Guinea \u00e4r i regionalt samarbete och hur mycket landet vill p\u00e5verka v\u00e4rldspolitiken.<\/p>","protected":false},"excerpt":{"rendered":"<p>Papua Nya Guinea, \u00e4ven k\u00e4nd som den oberoende staten Papua Nya Guinea, \u00e4r en sp\u00e4nnande nation i Oceanien. Tillsammans med den \u00f6stra halvan av \u00f6n Nya Guinea omfattar den flera \u00f6ar utanf\u00f6r kusten i Melanesien, ett omr\u00e5de i sydv\u00e4stra Stilla havet norr om Australien. Papua Nya Guineas strategiska l\u00e4ge placerar landet n\u00e4ra flera viktiga grannar: Australien i s\u00f6der, Salomon\u00f6arna i \u00f6ster och Indonesien i v\u00e4ster. Port Moresby, p\u00e5 sydkusten, \u00e4r nationens huvudstad och centrum f\u00f6r dess politik och n\u00e4ringsliv.<\/p>","protected":false},"author":1,"featured_media":3890,"parent":24105,"menu_order":0,"comment_status":"closed","ping_status":"closed","template":"elementor_theme","meta":{"_eb_attr":"","footnotes":""},"class_list":["post-9661","page","type-page","status-publish","has-post-thumbnail"],"_links":{"self":[{"href":"https:\/\/travelshelper.com\/sv\/wp-json\/wp\/v2\/pages\/9661","targetHints":{"allow":["GET"]}}],"collection":[{"href":"https:\/\/travelshelper.com\/sv\/wp-json\/wp\/v2\/pages"}],"about":[{"href":"https:\/\/travelshelper.com\/sv\/wp-json\/wp\/v2\/types\/page"}],"author":[{"embeddable":true,"href":"https:\/\/travelshelper.com\/sv\/wp-json\/wp\/v2\/users\/1"}],"replies":[{"embeddable":true,"href":"https:\/\/travelshelper.com\/sv\/wp-json\/wp\/v2\/comments?post=9661"}],"version-history":[{"count":0,"href":"https:\/\/travelshelper.com\/sv\/wp-json\/wp\/v2\/pages\/9661\/revisions"}],"up":[{"embeddable":true,"href":"https:\/\/travelshelper.com\/sv\/wp-json\/wp\/v2\/pages\/24105"}],"wp:featuredmedia":[{"embeddable":true,"href":"https:\/\/travelshelper.com\/sv\/wp-json\/wp\/v2\/media\/3890"}],"wp:attachment":[{"href":"https:\/\/travelshelper.com\/sv\/wp-json\/wp\/v2\/media?parent=9661"}],"curies":[{"name":"wp","href":"https:\/\/api.w.org\/{rel}","templated":true}]}}