{"id":9629,"date":"2024-09-08T20:15:04","date_gmt":"2024-09-08T20:15:04","guid":{"rendered":"https:\/\/travelshelper.com\/staging\/?page_id=9629"},"modified":"2026-03-13T22:57:27","modified_gmt":"2026-03-13T22:57:27","slug":"kiribati","status":"publish","type":"page","link":"https:\/\/travelshelper.com\/sv\/destinations\/australia-and-oceania\/kiribati\/","title":{"rendered":"Kiribati"},"content":{"rendered":"<p>Kiribati, officiellt Republiken Kiribati, ligger i Mikronesiens delregion i Oceanien. Kiribati har en befolkning p\u00e5 119 000 personer enligt folkr\u00e4kningen 2020, varav mer \u00e4n h\u00e4lften bor p\u00e5 Tarawa-atollen. Nationen best\u00e5r av 32 atoller och en isolerad, upph\u00f6jd korall\u00f6, Banaba, och \u00e4r en arkipelag som m\u00e4ter 811 kvadratkilometer. Kiribati, med sin relativt lilla landmassa, t\u00e4cker ett stort havsomr\u00e5de p\u00e5 3 441 810 kvadratkilometer.<\/p>\n<p>Kiribati \u00e4r den enda nationen i v\u00e4rlden bel\u00e4gen p\u00e5 alla fyra halvkloten \u2013 norra, s\u00f6dra, v\u00e4stra och \u00f6stra \u2013 och har en s\u00e4rskild topografisk skillnad. Detta beror p\u00e5 dess utbredning \u00f6ver den 180:e meridianen och ekvatorn. Den internationella datumlinjen, som ovanligt sv\u00e4nger runt Kiribati, g\u00f6r en l\u00e5ng resa \u00f6sterut n\u00e4stan till 150\u00b0V. Kiribatis \u00f6stligaste \u00f6ar, de s\u00f6dra datumlinjen, \u00e4r bland de f\u00f6rsta i v\u00e4rlden att se varje ny dag, vid UTC+14 eftersom de befinner sig i samma tidszon som Gilbert\u00f6arna.<\/p>\n<p>Kiribati blev en sj\u00e4lvst\u00e4ndig stat n\u00e4r det br\u00f6t sig loss fr\u00e5n Storbritannien 1979. Den st\u00f6rsta staden South Tarawa, som best\u00e5r av flera holmar som \u00e4r sammanl\u00e4nkade av g\u00e5ngbroar, \u00e4r den mest befolkade platsen i Tarawaatollen totalt sett. Export av fosfater hj\u00e4lpte Kiribatis ekonomi kraftigt f\u00f6re sj\u00e4lvst\u00e4ndigheten, men dessa resurser har precis tagit slut. Idag \u00e4r ekonomin mest beroende av fiske och export av kopra; internationellt bist\u00e5nd \u00e4r ganska viktigt eftersom detta land \u00e4r bland de minst utvecklade i v\u00e4rlden.<\/p>\n<p>Bland de olika internationella organisationer som Kiribati aktivt deltar i finns Stillahavsgemenskapen, Samv\u00e4ldet, Internationella valutafonden, V\u00e4rldsbanken och Organisationen f\u00f6r afrikanska, karibiska och stillahavsstater. \u00c5r 1999 blev landet fullv\u00e4rdig medlem i FN. Kiribati \u00e4r s\u00e4rskilt k\u00e4nsligt som \u00f6nation f\u00f6r effekterna av tsunamier och klimatf\u00f6r\u00e4ndringar. S\u00e4rskilt som medlem i Alliansen av sm\u00e5 \u00f6stater kretsar dess diplomatiska strategi fr\u00e4mst om att \u00f6vervinna dessa hinder.<\/p>\n<p>Tre icke-sammanh\u00e4ngande traditionella geografiska delregioner utg\u00f6r landets stora exklusiva ekonomiska zon (EEZ): Banaba (melanesiskt-mikronesiska omr\u00e5det), Gilbert\u00f6arna (Mikronesien) och Line- och Phoenix\u00f6arna (Polynesien). \u00d6samh\u00e4llena best\u00e5r av:<\/p>\n<ul>\n<li>Banaba: En isolerad \u00f6 mellan Nauru och Gilbert\u00f6arna.<\/li>\n<li>Gilbert\u00f6arna: Best\u00e5r av 16 atoller bel\u00e4gna cirka 1 500 kilometer norr om Fiji.<\/li>\n<li>Phoenix\u00f6arna: Best\u00e5r av 8 atoller och korall\u00f6ar bel\u00e4gna cirka 1 800 kilometer sydost om Gilbert\u00f6arna.<\/li>\n<li>Line\u00f6arna: Med 8 atoller och ett rev, bel\u00e4gna ungef\u00e4r 3 300 kilometer \u00f6ster om Gilbert\u00f6arna.<\/li>\n<\/ul>\n<p>Air Kiribati och Coral Sun Airways, som \u00e4r baserade p\u00e5 Tarawas Bonriki International Airport, hanterar huvudsakligen inrikesflyg f\u00f6r Kiribati. \u00c4ven om Banaba och Phoenix\u00f6arna inte trafikeras av dessa flygbolag, f\u00f6rbinder dessa flygbolag flera \u00f6ar inom Gilbert- och Line\u00f6arna. Fr\u00e5n Cassidy International Airport p\u00e5 Kiritimati finns det internationella flygningar; Fiji Airways flyger till Nadi och Honolulu.<\/p>\n<p>Kiribati, ofta k\u00e4nt som I-Kiribati, bodde historiskt sett i sm\u00e5 bos\u00e4ttningar p\u00e5 \u00f6ar utanf\u00f6r kusten, med ett antal som varierade fr\u00e5n 50 till 3 000. Vanligtvis anv\u00e4nds produkter fr\u00e5n kokosn\u00f6tstr\u00e4d och pandanustr\u00e4d f\u00f6r att bygga deras bost\u00e4der. M\u00e5nga \u00f6ar \u00e4r beroende av havet f\u00f6r mat och pengar eftersom regelbunden torka och d\u00e5liga jordf\u00f6rh\u00e5llanden f\u00f6rsv\u00e5rar storskaligt jordbruk. Vanliga f\u00f6rs\u00f6rjningsm\u00f6jligheter inkluderar segling med utriggare och fiske; kopraodlingar erbjuder andra jobbm\u00f6jligheter.<\/p>\n<p>Betio \u00e4r den st\u00f6rsta staden i Tarawas stadshuvudstad, d\u00e4r det nyligen har skett en betydande inflyttning. Fr\u00e5n 17 921 \u00e5r 1978 till ber\u00e4knade 69 710 \u00e5r 2024 har s\u00f6dra Tarawas befolkning \u00f6kat. I-Kiribati, etniskt oceanisk och en undergrupp av austronesier, har en \u00e5rtusenden l\u00e5ng historia av bos\u00e4ttning. Runt 1300-talet invaderade fijianer, samoaner och tonganer \u00f6arna, vilket f\u00f6rde med sig polynesiska spr\u00e5kdrag och d\u00e4rmed diversifierade den etniska scenen. Blandgifter mellan flera grupper har skapat ett folk med ganska enhetligt utseende och seder.<\/p>","protected":false},"excerpt":{"rendered":"<p>Kiribati, officiellt Republiken Kiribati, ligger i Mikronesiens delregion i Oceanien. Kiribati har en befolkning p\u00e5 119 000 personer enligt folkr\u00e4kningen 2020, varav mer \u00e4n h\u00e4lften bor p\u00e5 Tarawa-atollen. Nationen best\u00e5r av 32 atoller och en isolerad, upph\u00f6jd korall\u00f6, Banaba, och \u00e4r en arkipelag som m\u00e4ter 811 kvadratkilometer. Kiribati, med sin relativt lilla landmassa, t\u00e4cker ett stort havsomr\u00e5de p\u00e5 3 441 810 kvadratkilometer.<\/p>","protected":false},"author":1,"featured_media":4614,"parent":24105,"menu_order":0,"comment_status":"closed","ping_status":"closed","template":"elementor_theme","meta":{"_eb_attr":"","footnotes":""},"class_list":["post-9629","page","type-page","status-publish","has-post-thumbnail"],"_links":{"self":[{"href":"https:\/\/travelshelper.com\/sv\/wp-json\/wp\/v2\/pages\/9629","targetHints":{"allow":["GET"]}}],"collection":[{"href":"https:\/\/travelshelper.com\/sv\/wp-json\/wp\/v2\/pages"}],"about":[{"href":"https:\/\/travelshelper.com\/sv\/wp-json\/wp\/v2\/types\/page"}],"author":[{"embeddable":true,"href":"https:\/\/travelshelper.com\/sv\/wp-json\/wp\/v2\/users\/1"}],"replies":[{"embeddable":true,"href":"https:\/\/travelshelper.com\/sv\/wp-json\/wp\/v2\/comments?post=9629"}],"version-history":[{"count":0,"href":"https:\/\/travelshelper.com\/sv\/wp-json\/wp\/v2\/pages\/9629\/revisions"}],"up":[{"embeddable":true,"href":"https:\/\/travelshelper.com\/sv\/wp-json\/wp\/v2\/pages\/24105"}],"wp:featuredmedia":[{"embeddable":true,"href":"https:\/\/travelshelper.com\/sv\/wp-json\/wp\/v2\/media\/4614"}],"wp:attachment":[{"href":"https:\/\/travelshelper.com\/sv\/wp-json\/wp\/v2\/media?parent=9629"}],"curies":[{"name":"wp","href":"https:\/\/api.w.org\/{rel}","templated":true}]}}