{"id":9611,"date":"2024-09-08T19:59:37","date_gmt":"2024-09-08T19:59:37","guid":{"rendered":"https:\/\/travelshelper.com\/staging\/?page_id=9611"},"modified":"2026-03-13T22:56:56","modified_gmt":"2026-03-13T22:56:56","slug":"marshalloarna","status":"publish","type":"page","link":"https:\/\/travelshelper.com\/sv\/destinations\/australia-and-oceania\/marshall-islands\/","title":{"rendered":"Marshall\u00f6arna"},"content":{"rendered":"<p>Marshall\u00f6arna, p\u00e5 marshallesiska kallade \u1e42aje\u1e37, officiellt k\u00e4nda som Republiken Marshall\u00f6arna (Aolep\u0101n Aor\u014dkin \u1e42aje\u1e37), \u00e4r en suver\u00e4n \u00f6nation bel\u00e4gen i Mikronesien i nordv\u00e4stra Stilla havet. Marshall\u00f6arna ligger v\u00e4ster om den internationella datumlinjen och norr om ekvatorn och \u00e4r en s\u00e4rpr\u00e4glad nation med en rik historia och unika geografiska s\u00e4rdrag. Nationen best\u00e5r av 29 korallatoller och fem \u00f6ar, indelade i tv\u00e5 \u00f6kedjor: Ratak i \u00f6ster och Ralik i v\u00e4ster. 97,87 % av landets territorium best\u00e5r av vatten, vilket g\u00f6r den till den suver\u00e4na staten med det h\u00f6gsta f\u00f6rh\u00e5llandet mellan vatten och land.<\/p>\n<p>Marshall\u00f6arna har maritima gr\u00e4nser med flera territorier och nationer: Wake Island i norr, Kiribati i sydost, Nauru i s\u00f6der och Mikronesiens federerade stater i v\u00e4ster. Majuro, huvudstad och st\u00f6rsta stad, hyser ungef\u00e4r femtio procent av landets befolkning och fungerar som politiskt och ekonomiskt centrum.<\/p>\n<p>Marshall\u00f6arnas historia \u00e4r fundamentalt f\u00f6rankrad i den austronesiska migrationen som anl\u00e4nde till \u00f6arna redan under det andra \u00e5rtusendet f.Kr. De f\u00f6rsta immigranterna introducerade sydostasiatiska gr\u00f6dor som kokosn\u00f6tter, enorm sumptaro och br\u00f6dfrukt, samt domesticerade fj\u00e4derf\u00e4n, vilket gjorde \u00f6arna permanent beboeliga. Flera spanska expeditioner n\u00e5dde \u00f6arna i mitten av 1500-talet; spanska galeoner navigerade dock vanligtvis l\u00e4ngs Stilla havet l\u00e4ngre norrut och kringgick d\u00e4rmed marshall\u00f6arna.<\/p>\n<p>\u00d6arna fick sitt namn f\u00f6r att hedra den brittiske kaptenen John Marshall, som genomf\u00f6rde en utforskning av omr\u00e5det \u00e5r 1788. P\u00e5 1850-talet b\u00f6rjade amerikanska protestantiska mission\u00e4rer och v\u00e4sterl\u00e4ndska kommersiella intressen anl\u00e4nda, vilket markerade b\u00f6rjan p\u00e5 ett betydande utl\u00e4ndskt inflytande. P\u00e5 1870- och 1880-talen dominerade tyska koprahandlare ekonomin, vilket resulterade i att det tyska riket annekterade Marshall\u00f6arna som ett protektorat \u00e5r 1885. Under f\u00f6rsta v\u00e4rldskriget invaderade det japanska imperiet \u00f6arna, som senare blev en del av det japanska S\u00f6derhavsmandatet efter kriget. Efter andra v\u00e4rldskriget tog USA \u00f6ver makten och styrde \u00f6arna som en del av f\u00f6rtroendeterritoriet f\u00f6r Stillahavs\u00f6arna. Fr\u00e5n 1946 till 1958 utf\u00f6rde USA 67 k\u00e4rnvapenprov vid Bikiniatollen och Enewetakatollen, vilket resulterade i en djupg\u00e5ende inverkan p\u00e5 \u00f6arna.<\/p>\n<p>Str\u00e4van efter sj\u00e4lvstyre inleddes med inr\u00e4ttandet av Mikronesiens kongress 1965, avsedd att st\u00e4rka Stillahavs\u00f6arnas autonomi. I maj 1979 erk\u00e4nde USA Marshall\u00f6arnas konstitution och dess president, Amata Kabua, vilket gav nationen sj\u00e4lvst\u00e4ndighet. Fullst\u00e4ndig suver\u00e4nitet uppn\u00e5ddes genom Compact of Free Association med USA, som erbj\u00f6d f\u00f6rsvar, ekonomiskt st\u00f6d och tillg\u00e5ng till amerikanska institutioner som Federal Communications Commission och United States Postal Service. Marshall\u00f6arna har varit medlem i Stillahavsgemenskapen sedan 1983 och blev medlem i FN 1991.<\/p>\n<p>Marshall\u00f6arnas ekonomi \u00e4r huvudsakligen tj\u00e4nsteorienterad, kompletterad av fiske och jordbruk, med betydande ekonomiskt st\u00f6d fr\u00e5n USA som utg\u00f6r en betydande del av dess BNP. Det ekonomiska st\u00f6det fr\u00e5n Compact of Free Association, som ursprungligen var planerat att avslutas 2023, har f\u00f6rl\u00e4ngts med ytterligare 20 \u00e5r. Nationen anv\u00e4nder amerikanska dollar som valuta och deklarerade 2018 avsikter att implementera en ny kryptovaluta som laglig valuta.<\/p>\n<p>Befolkningen p\u00e5 Marshall\u00f6arna best\u00e5r huvudsakligen av individer av marshallesiskt arv, tillsammans med mindre invandrargrupper fr\u00e5n USA, Kina, Filippinerna och andra \u00f6ar i Stilla havet. Marshallesiska och engelska \u00e4r de officiella spr\u00e5ken och f\u00f6rkroppsligar nationens kulturella arv och historiska kopplingar. Religion \u00e4r en integrerad del av kulturen, d\u00e4r n\u00e4stan hela befolkningen ansluter sig till n\u00e5gon typ av trossystem. De dominerande anknytningarna \u00e4r till United Church of Christ \u2013 Congregational in the Marshall Islands eller Assemblies of God.<\/p>","protected":false},"excerpt":{"rendered":"<p>Marshall\u00f6arna, p\u00e5 marshallesiska kallade \u1e42aje\u1e37, officiellt k\u00e4nda som Republiken Marshall\u00f6arna (Aolep\u0101n Aor\u014dkin \u1e42aje\u1e37), \u00e4r en suver\u00e4n \u00f6nation bel\u00e4gen i Mikronesien i nordv\u00e4stra Stilla havet. Marshall\u00f6arna ligger v\u00e4ster om den internationella datumlinjen och norr om ekvatorn och \u00e4r en s\u00e4rpr\u00e4glad nation med en rik historia och unika geografiska s\u00e4rdrag. Nationen best\u00e5r av 29 korallatoller och fem \u00f6ar, indelade i tv\u00e5 \u00f6kedjor: Ratak i \u00f6ster och Ralik i v\u00e4ster. 97,87 % av landets territorium best\u00e5r av vatten, vilket g\u00f6r den till den suver\u00e4na staten med det h\u00f6gsta f\u00f6rh\u00e5llandet mellan vatten och land.<\/p>","protected":false},"author":1,"featured_media":3354,"parent":24105,"menu_order":0,"comment_status":"closed","ping_status":"closed","template":"elementor_theme","meta":{"_eb_attr":"","footnotes":""},"class_list":["post-9611","page","type-page","status-publish","has-post-thumbnail"],"_links":{"self":[{"href":"https:\/\/travelshelper.com\/sv\/wp-json\/wp\/v2\/pages\/9611","targetHints":{"allow":["GET"]}}],"collection":[{"href":"https:\/\/travelshelper.com\/sv\/wp-json\/wp\/v2\/pages"}],"about":[{"href":"https:\/\/travelshelper.com\/sv\/wp-json\/wp\/v2\/types\/page"}],"author":[{"embeddable":true,"href":"https:\/\/travelshelper.com\/sv\/wp-json\/wp\/v2\/users\/1"}],"replies":[{"embeddable":true,"href":"https:\/\/travelshelper.com\/sv\/wp-json\/wp\/v2\/comments?post=9611"}],"version-history":[{"count":0,"href":"https:\/\/travelshelper.com\/sv\/wp-json\/wp\/v2\/pages\/9611\/revisions"}],"up":[{"embeddable":true,"href":"https:\/\/travelshelper.com\/sv\/wp-json\/wp\/v2\/pages\/24105"}],"wp:featuredmedia":[{"embeddable":true,"href":"https:\/\/travelshelper.com\/sv\/wp-json\/wp\/v2\/media\/3354"}],"wp:attachment":[{"href":"https:\/\/travelshelper.com\/sv\/wp-json\/wp\/v2\/media?parent=9611"}],"curies":[{"name":"wp","href":"https:\/\/api.w.org\/{rel}","templated":true}]}}