{"id":9583,"date":"2024-09-08T19:33:00","date_gmt":"2024-09-08T19:33:00","guid":{"rendered":"https:\/\/travelshelper.com\/staging\/?page_id=9583"},"modified":"2026-03-13T23:17:37","modified_gmt":"2026-03-13T23:17:37","slug":"vanuatu","status":"publish","type":"page","link":"https:\/\/travelshelper.com\/sv\/destinations\/australia-and-oceania\/vanuatu\/","title":{"rendered":"Vanuatu"},"content":{"rendered":"<p>Vanuatu, officiellt kallad Republiken Vanuatu, \u00e4r en sp\u00e4nnande \u00f6nation bel\u00e4gen i den centrala regionen av Melanesien, i s\u00f6dra Stilla havet. Denna arkipelag, k\u00e4nd f\u00f6r sin vulkaniska b\u00f6rjan, ligger 1 750 kilometer \u00f6ster om norra Australien, 540 kilometer nordost om Nya Kaledonien, \u00f6ster om Nya Guinea, sydost om Salomon\u00f6arna och v\u00e4ster om Fiji. Vanuatus unika geografiska l\u00e4ge har lett till en konvergens av kulturella influenser, vilket definierar det som ett framst\u00e5ende Stillahavsland.<\/p>\n<p>Vanuatus historia \u00e4r n\u00e4ra sammanfl\u00e4tad med det melanesiska folket som f\u00f6rst bosatte sig p\u00e5 \u00f6arna f\u00f6r tusentals \u00e5r sedan. Tidiga invandrare f\u00f6rde med sig sofistikerade kulturella seder och spr\u00e5k som har best\u00e5tt \u00f6ver tid. Den f\u00f6rsta europeiska kontakten med Vanuatu kom 1606 n\u00e4r en spansk expedition begav sig till den st\u00f6rsta \u00f6n, Esp\u00edritu Santo, under ledning av den portugisiska navigat\u00f6ren Fernandes de Queir\u00f3s. Inspirerad av \u00f6ns attraktionskraft och m\u00f6jligheter h\u00e4vdade Queir\u00f3s Spaniens suver\u00e4nitet \u00f6ver sk\u00e4rg\u00e5rden som en del av de koloniala spanska Ostindien, och uts\u00e5g d\u00e4rmed omr\u00e5det till La Austrialia del Esp\u00edritu Santo. \u00c4ven om det skulle ta \u00e5rhundraden innan betydande koloniala aktiviteter kom till ytan, markerade detta b\u00f6rjan p\u00e5 europeisk interaktion med omr\u00e5det.<\/p>\n<p>Sent p\u00e5 1800-talet \u00f6kade den europeiska interaktionen med Stillahavs\u00f6arna \u2013 inklusive Vanuatu. Frankrike och Storbritannien gjorde anspr\u00e5k p\u00e5 territorier i sk\u00e4rg\u00e5rden p\u00e5 1880-talet. M\u00f6tet mellan dessa intressen skapade ett unikt kolonialt ramverk 1906 d\u00e5 b\u00e5da nationerna enades om att gemensamt \u00f6vervaka \u00f6arna under ett anglo-franskt kondominium k\u00e4nt som Nya Hebriderna. Eftersom tv\u00e5 olika kolonialmakter \u2013 var och en utm\u00e4rkta genom unika spr\u00e5k, r\u00e4ttssystem och administrativa tekniker \u2013 m\u00e5ste samarbeta, sticker detta arrangemang ut i kolonialhistorien. Perioden med kondominium uppvisade en komplex och ofta kontroversiell styrningsstruktur som slutligen lade grunden f\u00f6r Vanuatus moderna politiska scen.<\/p>\n<p>Vanuatu var inget undantag fr\u00e5n denna regel, och mitten av 1900-talet var en period av stora omv\u00e4lvningar och f\u00f6r\u00e4ndringar som upplevdes globalt. Driven av en v\u00e4xande medvetenhet om nationell identitet och en stark \u00f6nskan om sj\u00e4lvbest\u00e4mmande uppstod en sj\u00e4lvst\u00e4ndighetsr\u00f6relse p\u00e5 1970-talet. R\u00f6relsen betonade \u00f6bornas engagemang f\u00f6r att uppn\u00e5 frihet genom kommunikation och samarbete och fokuserade tydligt p\u00e5 icke-v\u00e5ldsamma demonstrationer och f\u00f6rhandlingar. Efter \u00e5ratal av arbete kom dessa anstr\u00e4ngningar att ske 1980 och Republiken Vanuatu uppstod. F\u00f6r\u00e4ndringen mot sj\u00e4lvst\u00e4ndighet kom ganska naturligt, vilket gjorde att det unga landet snabbt kunde etablera sin profil p\u00e5 v\u00e4rldsscenen.<\/p>\n<p>Vanuatu har metodiskt interagerat med v\u00e4rldssamfundet sedan sj\u00e4lvst\u00e4ndigheten och vittnat om medlemskap i flera anm\u00e4rkningsv\u00e4rda grupper. Genom att g\u00e5 med i FN bevisade landet sitt engagemang f\u00f6r v\u00e4rldsfred och gruppprojekt. Som en del av Samv\u00e4ldet uppr\u00e4tth\u00e5ller Vanuatu starka band till andra tidigare brittiska kolonier genom att anv\u00e4nda deras gemensamma kulturella och historiska bakgrund. Medlemskapet i Organisation internationale de la Francophonie visar ocks\u00e5 dess historiska kopplingar till fransk kolonialism och det fortsatta inflytandet av franska spr\u00e5ket och kulturen. Vanuatu \u00e4r medlem i Pacific Islands Forum, ett regionalt organ som syftar till att fr\u00e4mja samarbete och utveckling mellan l\u00e4nderna p\u00e5 Stillahavs\u00f6arna.<\/p>\n<p>En s\u00e4rskilt anm\u00e4rkningsv\u00e4rd egenskap hos Vanuatu \u00e4r dess stora kulturella m\u00e5ngfald. Med fler \u00e4n 100 inhemska spr\u00e5k \u00e4r landet bland de spr\u00e5kligt mest varierade nationerna i v\u00e4rlden. Ett dynamiskt utbud av kulturella sedv\u00e4njor, inklusive b\u00e5de forntida musik och dans samt unika riter och ceremonier, accentuerar den spr\u00e5kliga m\u00e5ngfalden. Med rika regnskogar, obefl\u00e4ckade str\u00e4nder och aktiva vulkaner som bidrar till en rad fantastiska milj\u00f6er och varierade ekosystem, \u00e4r nationens naturliga sk\u00f6nhet ett starkt argument.<\/p>\n<p>Vanuatus ekonomi bygger i huvudsak p\u00e5 finansiella tj\u00e4nster till havs, turism och jordbruk. Rik vulkanisk jord g\u00f6r det l\u00e4ttare att odla en m\u00e4ngd olika gr\u00f6dor, inklusive kaffe, kakao och kokosn\u00f6tter \u2013 som alla \u00e4r viktiga exportvaror. Bes\u00f6kare som lockas av \u00f6arnas fantastiska natursk\u00f6nhet, varierade kulturarv och m\u00f6jligheter till b\u00e5de \u00e4ventyr och fritid driver tillv\u00e4xten inom resebranschen.<\/p>","protected":false},"excerpt":{"rendered":"<p>Vanuatu, officiellt kallad Republiken Vanuatu, \u00e4r en sp\u00e4nnande \u00f6nation bel\u00e4gen i den centrala regionen av Melanesien, i s\u00f6dra Stilla havet. Denna arkipelag, k\u00e4nd f\u00f6r sin vulkaniska b\u00f6rjan, ligger 1 750 kilometer \u00f6ster om norra Australien, 540 kilometer nordost om Nya Kaledonien, \u00f6ster om Nya Guinea, sydost om Salomon\u00f6arna och v\u00e4ster om Fiji. Vanuatus unika geografiska l\u00e4ge har lett till en konvergens av kulturella influenser, vilket definierar det som ett framst\u00e5ende Stillahavsland.<\/p>","protected":false},"author":1,"featured_media":4267,"parent":24105,"menu_order":0,"comment_status":"closed","ping_status":"closed","template":"elementor_theme","meta":{"_eb_attr":"","footnotes":""},"class_list":["post-9583","page","type-page","status-publish","has-post-thumbnail"],"_links":{"self":[{"href":"https:\/\/travelshelper.com\/sv\/wp-json\/wp\/v2\/pages\/9583","targetHints":{"allow":["GET"]}}],"collection":[{"href":"https:\/\/travelshelper.com\/sv\/wp-json\/wp\/v2\/pages"}],"about":[{"href":"https:\/\/travelshelper.com\/sv\/wp-json\/wp\/v2\/types\/page"}],"author":[{"embeddable":true,"href":"https:\/\/travelshelper.com\/sv\/wp-json\/wp\/v2\/users\/1"}],"replies":[{"embeddable":true,"href":"https:\/\/travelshelper.com\/sv\/wp-json\/wp\/v2\/comments?post=9583"}],"version-history":[{"count":0,"href":"https:\/\/travelshelper.com\/sv\/wp-json\/wp\/v2\/pages\/9583\/revisions"}],"up":[{"embeddable":true,"href":"https:\/\/travelshelper.com\/sv\/wp-json\/wp\/v2\/pages\/24105"}],"wp:featuredmedia":[{"embeddable":true,"href":"https:\/\/travelshelper.com\/sv\/wp-json\/wp\/v2\/media\/4267"}],"wp:attachment":[{"href":"https:\/\/travelshelper.com\/sv\/wp-json\/wp\/v2\/media?parent=9583"}],"curies":[{"name":"wp","href":"https:\/\/api.w.org\/{rel}","templated":true}]}}