{"id":9577,"date":"2024-09-08T19:25:43","date_gmt":"2024-09-08T19:25:43","guid":{"rendered":"https:\/\/travelshelper.com\/staging\/?page_id=9577"},"modified":"2026-03-13T23:08:33","modified_gmt":"2026-03-13T23:08:33","slug":"apia","status":"publish","type":"page","link":"https:\/\/travelshelper.com\/sv\/destinations\/australia-and-oceania\/samoa\/apia\/","title":{"rendered":"Apia"},"content":{"rendered":"<p>Apia, den energiska huvudstaden, ligger inb\u00e4ddad p\u00e5 Samoas n\u00e4st st\u00f6rsta \u00f6 p\u00e5 den centrala nordkusten och erbjuder en speciell blandning av kulturellt arv och modern utveckling. Apia, som faller under det politiska distriktet Tuamasaga, \u00e4r Samoas politiska, ekonomiska och kulturella centrum, som enda stad d\u00e4r. Denna introduktion tittar p\u00e5 topografin, klimatet, infrastrukturen och det Stillahavsomr\u00e5dets aktivitetscentrum som k\u00e4nnetecknar staden.<\/p>\n<p>Apia, som omfattade en befolkning p\u00e5 cirka 35 974 enligt folkr\u00e4kningen 2021, str\u00e4cker sig fr\u00e5n byn Letogo i \u00f6ster till det industrialiserade omr\u00e5det Vaitele i v\u00e4ster. Staden \u00e4r strategiskt placerad vid en naturlig hamn vid mynningen av floden Vaisigano och erbjuder en fantastisk bakgrund med berget Vaea, den sista viloplatsen f\u00f6r den framst\u00e5ende f\u00f6rfattaren Robert Louis Stevenson, som reser sig majest\u00e4tiskt i s\u00f6der. Tv\u00e5 stora \u00e5sar som str\u00e4cker sig s\u00f6derut p\u00e5 vardera sidan om floden definierar stadens silhuett; v\u00e4gar inklusive Cross Island Road, en av de f\u00e5 genomfartslederna \u00f6ver \u00f6n fr\u00e5n norr till s\u00f6der, slingrar sig \u00f6ver dessa \u00e5sar.<\/p>\n<p>Apia faller under K\u00f6ppens klimatklassificering som &#034;Af&#034; och har en tropisk regnskogsmilj\u00f6. Konstanta temperaturer \u00e5ret runt, med ett genomsnitt p\u00e5 cirka 26 \u00b0C (79 \u00b0F), definierar denna milj\u00f6. Staden har en tydlig v\u00e5t och torr s\u00e4song; juli och augusti \u00e4r de torraste m\u00e5naderna d\u00e5 nederb\u00f6rden \u00e4r i genomsnitt cirka 80 millimeter. Som j\u00e4mf\u00f6relse str\u00e4cker sig den regnigaste perioden fr\u00e5n december till mars och den m\u00e5natliga nederb\u00f6rden \u00f6verstiger vanligtvis 300 milliliter. Apias tropiska milj\u00f6 definierar inte dess klimat; snarare formar passadvindar och sporadiska cykloner det, vilket skapar distinkta v\u00e4derm\u00f6nster. Staden f\u00e5r cirka 3 000 milliliter regn \u00e5rligen, vilket st\u00f6der rika ekosystem och frodiga v\u00e4xter.<\/p>\n<p>Apia hamn \u00e4r av avg\u00f6rande betydelse f\u00f6r Samoas utrikeshandel och den st\u00f6rsta och mest trafikerade hamnen i landet. Tillsammans med f\u00e4rjor som f\u00f6rbinder Tokelau och Amerikanska Samoa, hanterar den LPG, br\u00e4nsleimport och containerfartyg. Denna livliga hamn betonar Apias betydelse som en port f\u00f6r m\u00e4nniskor och handel, vilket m\u00f6jligg\u00f6r kulturell interaktion och ekonomisk utveckling.<\/p>\n<p>Stadens transportinfrastruktur \u00e4r relativt utvecklad och har ett typiskt v\u00e4l underh\u00e5llet och genomg\u00e5ende v\u00e4gsystem. Medan oasfalterade v\u00e4gar betj\u00e4nar mindre regelbunden trafik, \u00e4r de flesta huvudv\u00e4gar asfalterade. Enligt regionala standarder har fordon k\u00f6rt p\u00e5 v\u00e4nster sida av v\u00e4gen sedan september 2009. Den samoanska regeringen inledde en omfattande \u00f6versyn av huvudlederna runt Apia stadsomr\u00e5de 2012, och breddade successivt viktiga motorv\u00e4gar f\u00f6r att hantera den v\u00e4xande trafikbelastningen.<\/p>\n<p>Apia betj\u00e4nas av ett stort, privatiserat buss- och taxin\u00e4tverk trots att det inte finns n\u00e5gra j\u00e4rnv\u00e4gar eller sp\u00e5rvagnar. Inom staden \u00e4r promenader fortfarande ett popul\u00e4rt transportmedel; m\u00e4nniskor tillryggal\u00e4gger rutinm\u00e4ssigt korta str\u00e4ckor till fots. \u00c4ven om motorcyklar och cyklar \u00e4r n\u00e5got ovanliga har \u00f6kningen av bil\u00e4gande orsakat trafikstockningar och d\u00e4rmed stora utgifter f\u00f6r v\u00e4ginfrastruktur.<\/p>\n<p>Den huvudsakliga utlandsinfarten till Samoa \u00e4r Faleolo International Airport, fyrtio minuters bilresa v\u00e4ster om Apia. Stora inhemska flygbolag som Polynesian Airlines och Talofa Airways trafikerar Samoa till det st\u00f6rre Stillahavsomr\u00e5det och bortom. Fagalis mindre flygf\u00e4lt, Fagali&#039;i Airport, har ocks\u00e5 historiskt m\u00f6jliggjort inrikesflyg och vissa internationella rutter till Pago Pago i Amerikanska Samoa, vilket f\u00f6rb\u00e4ttrar f\u00f6rbindelserna f\u00f6r b\u00e5de lokalbefolkningen och bes\u00f6kare.<\/p>","protected":false},"excerpt":{"rendered":"<p>Apia, den energiska huvudstaden, ligger inb\u00e4ddad p\u00e5 Samoas n\u00e4st st\u00f6rsta \u00f6 p\u00e5 den centrala nordkusten och erbjuder en speciell blandning av kulturellt arv och modern utveckling. Apia, som faller under det politiska distriktet Tuamasaga, \u00e4r Samoas politiska, ekonomiska och kulturella centrum, som enda stad d\u00e4r. Denna introduktion tittar p\u00e5 topografin, klimatet, infrastrukturen och det Stillahavsomr\u00e5dets aktivitetscentrum som k\u00e4nnetecknar staden.<\/p>","protected":false},"author":1,"featured_media":4230,"parent":9568,"menu_order":0,"comment_status":"closed","ping_status":"closed","template":"elementor_theme","meta":{"_eb_attr":"","footnotes":""},"class_list":["post-9577","page","type-page","status-publish","has-post-thumbnail"],"_links":{"self":[{"href":"https:\/\/travelshelper.com\/sv\/wp-json\/wp\/v2\/pages\/9577","targetHints":{"allow":["GET"]}}],"collection":[{"href":"https:\/\/travelshelper.com\/sv\/wp-json\/wp\/v2\/pages"}],"about":[{"href":"https:\/\/travelshelper.com\/sv\/wp-json\/wp\/v2\/types\/page"}],"author":[{"embeddable":true,"href":"https:\/\/travelshelper.com\/sv\/wp-json\/wp\/v2\/users\/1"}],"replies":[{"embeddable":true,"href":"https:\/\/travelshelper.com\/sv\/wp-json\/wp\/v2\/comments?post=9577"}],"version-history":[{"count":0,"href":"https:\/\/travelshelper.com\/sv\/wp-json\/wp\/v2\/pages\/9577\/revisions"}],"up":[{"embeddable":true,"href":"https:\/\/travelshelper.com\/sv\/wp-json\/wp\/v2\/pages\/9568"}],"wp:featuredmedia":[{"embeddable":true,"href":"https:\/\/travelshelper.com\/sv\/wp-json\/wp\/v2\/media\/4230"}],"wp:attachment":[{"href":"https:\/\/travelshelper.com\/sv\/wp-json\/wp\/v2\/media?parent=9577"}],"curies":[{"name":"wp","href":"https:\/\/api.w.org\/{rel}","templated":true}]}}