{"id":9568,"date":"2024-09-08T19:18:21","date_gmt":"2024-09-08T19:18:21","guid":{"rendered":"https:\/\/travelshelper.com\/staging\/?page_id=9568"},"modified":"2026-03-13T23:09:26","modified_gmt":"2026-03-13T23:09:26","slug":"samoa","status":"publish","type":"page","link":"https:\/\/travelshelper.com\/sv\/destinations\/australia-and-oceania\/samoa\/","title":{"rendered":"Samoa"},"content":{"rendered":"<p>Officiellt den oberoende staten Samoa, \u00e4r Samoa en fascinerande polynesisk \u00f6nation med en rik historia, kultur och naturlig sk\u00f6nhet. Som en \u00e5terspegling av sin geografiska orientering i Stilla havet var den k\u00e4nd som V\u00e4stra Samoa fram till 1997. Tillsammans med tv\u00e5 mindre bebodda \u00f6ar, Manono och Apolima, best\u00e5r denna \u00f6nation av tv\u00e5 huvud\u00f6ar: Savai&#039;i och Upolu; flera obebodda \u00f6ar, s\u00e4rskilt Aleipata\u00f6arna - Nu&#039;utele, Nu&#039;ulua, Fanuatapu och Namua. Samoa har ett strategiskt l\u00e4ge i Stilla havet, 64 km v\u00e4ster om Amerikanska Samoa och n\u00e4ra andra Stillahavs\u00f6ar, inklusive Tonga, Fiji, Wallis och Futuna, och fungerar som ett historiskt och kulturellt knutpunktscentrum.<\/p>\n<p>Samoas centrum \u00e4r Apia, huvudstaden, d\u00e4r dagens styre blandas med forntida kultur. F\u00f6r ungef\u00e4r 3 500 \u00e5r sedan var Lapita-folket \u2013 k\u00e4nt f\u00f6r sin skicklighet i segling \u2013 de f\u00f6rsta som hittade och ockuperade de samoanska \u00f6arna. Deras grundl\u00e4ggning av det samoanska spr\u00e5ket och den kulturella identiteten \u2013 som har best\u00e5tt av tid och yttre p\u00e5verkan \u2013 hj\u00e4lper oss att f\u00f6rst\u00e5 dem.<\/p>\n<p>Med 11 administrativa indelningar, var och en med sin egen kulturella och konstitutionella grund, fungerar Samoa som en enad parlamentarisk demokrati. Samoas v\u00e4g till sj\u00e4lvst\u00e4ndighet, som en suver\u00e4n stat i Samv\u00e4ldet, \u00e4r ett bevis p\u00e5 dess envishet och autonomi. Fr\u00e5n 1899 till 1915 var det en tysk koloni; d\u00e4refter var det under gemensam brittisk och nyzeel\u00e4ndsk kontroll tills det uppn\u00e5dde sj\u00e4lvst\u00e4ndighet den 1 januari 1962. Samoas statliga och sociala system speglar detta arv av kolonialt inflytande, men det har beh\u00e5llit sin egen kulturella karakt\u00e4r.<\/p>\n<p>Den traditionella samoanska livsstilen, k\u00e4nd som Fa\u02bba S\u0101moa, har fortfarande ett stort inflytande p\u00e5 b\u00e5de sociala och politiska omr\u00e5den. Den har formats f\u00f6r \u00f6ver 3 000 \u00e5r sedan och dess kulturella ram betonar familj, respekt och gemenskap. Fa\u02bba S\u0101moa har beh\u00e5llit sina seder, sociala institutioner och sitt spr\u00e5k trots \u00e5rtionden av europeiskt inflytande. H\u00f6rnstenar i den samoanska identiteten \u00e4r kulturella seder, inklusive &#034;ava-ceremonin, en dyster ritual f\u00f6r att ge matai-titlar, fr\u00e4mst&#034;, och tillverkningen av fint spunnen &#034;ie toga&#034;.<\/p>\n<p>Rik p\u00e5 gudar, skapelseber\u00e4ttelser och legendariska individer som Tagaloa och Nafanua \u2013 krigets gudinna \u2013 \u00e4r den samoanska mytologin, tillsammans med kristendomen, som det samoanska folket adopterade och f\u00f6rde med sig av mission\u00e4rer, och dessa ber\u00e4ttelser samexisterar. \u00c4ven om gamla f\u00f6rest\u00e4llningar och sedv\u00e4njor fortfarande frodas, s\u00e4rskilt i relation till Fa\u02bba S\u0101moa, identifierar sig idag ungef\u00e4r 98 % av samoanerna som kristna.<\/p>\n<p>Det samoanska samh\u00e4llet \u00e4r k\u00e4nt f\u00f6r gemensamt boende; traditionella \u00f6ppna bost\u00e4der, eller fale, f\u00e5ngar b\u00e4st detta s\u00e4tt att leva. Dessa byggnader, utan murar, skapar avskildhet och milj\u00f6skydd med hj\u00e4lp av kokospalmblad. De kraftfulla sasa- och fa&#039;ataupati-danserna skildrar det samoanska folkets livfulla kulturella uttryck, medan de mjuka r\u00f6relserna i den samoanska siva-dansen \u2013 som ber\u00e4ttar en historia \u2013 visar upp deras firanden och samh\u00e4llssammankomster som kretsar kring dessa danser tillsammans med takten fr\u00e5n rullade mattor eller tr\u00e4trummor.<\/p>\n<p>Ett annat bevis p\u00e5 \u00f6ns rika kulturella arv \u00e4r den byggskicklighet som finns hos tufuga fai fale-folket, traditionella samoanska byggare. Dessa byggare bidrar ocks\u00e5 till att skapa den st\u00f6rre strukturen av samoanska kulturella konstformer.<\/p>","protected":false},"excerpt":{"rendered":"<p>Officiellt den oberoende staten Samoa, \u00e4r Samoa en fascinerande polynesisk \u00f6nation med en rik historia, kultur och naturlig sk\u00f6nhet. Som en \u00e5terspegling av sin geografiska orientering i Stilla havet var den k\u00e4nd som V\u00e4stra Samoa fram till 1997. Tillsammans med tv\u00e5 mindre bebodda \u00f6ar, Manono och Apolima, best\u00e5r denna \u00f6nation av tv\u00e5 huvud\u00f6ar: Savai&#039;i och Upolu; flera obebodda \u00f6ar, s\u00e4rskilt Aleipata\u00f6arna - Nu&#039;utele, Nu&#039;ulua, Fanuatapu och Namua. Samoa har ett strategiskt l\u00e4ge i Stilla havet, 64 km v\u00e4ster om Amerikanska Samoa och n\u00e4ra andra Stillahavs\u00f6ar, inklusive Tonga, Fiji, Wallis och Futuna, och fungerar som ett historiskt och kulturellt knutpunktscentrum.<\/p>","protected":false},"author":1,"featured_media":3536,"parent":24105,"menu_order":0,"comment_status":"closed","ping_status":"closed","template":"elementor_theme","meta":{"_eb_attr":"","footnotes":""},"class_list":["post-9568","page","type-page","status-publish","has-post-thumbnail"],"_links":{"self":[{"href":"https:\/\/travelshelper.com\/sv\/wp-json\/wp\/v2\/pages\/9568","targetHints":{"allow":["GET"]}}],"collection":[{"href":"https:\/\/travelshelper.com\/sv\/wp-json\/wp\/v2\/pages"}],"about":[{"href":"https:\/\/travelshelper.com\/sv\/wp-json\/wp\/v2\/types\/page"}],"author":[{"embeddable":true,"href":"https:\/\/travelshelper.com\/sv\/wp-json\/wp\/v2\/users\/1"}],"replies":[{"embeddable":true,"href":"https:\/\/travelshelper.com\/sv\/wp-json\/wp\/v2\/comments?post=9568"}],"version-history":[{"count":0,"href":"https:\/\/travelshelper.com\/sv\/wp-json\/wp\/v2\/pages\/9568\/revisions"}],"up":[{"embeddable":true,"href":"https:\/\/travelshelper.com\/sv\/wp-json\/wp\/v2\/pages\/24105"}],"wp:featuredmedia":[{"embeddable":true,"href":"https:\/\/travelshelper.com\/sv\/wp-json\/wp\/v2\/media\/3536"}],"wp:attachment":[{"href":"https:\/\/travelshelper.com\/sv\/wp-json\/wp\/v2\/media?parent=9568"}],"curies":[{"name":"wp","href":"https:\/\/api.w.org\/{rel}","templated":true}]}}